{"id":32467,"date":"2024-10-31T12:48:41","date_gmt":"2024-10-31T10:48:41","guid":{"rendered":"https:\/\/neuronup.com\/fr\/?page_id=32467"},"modified":"2026-01-29T17:55:47","modified_gmt":"2026-01-29T15:55:47","slug":"domaines-dintervention","status":"publish","type":"page","link":"https:\/\/neuronup.com\/fr\/domaines-dintervention\/","title":{"rendered":"Domaines d&#8217;Intervention"},"content":{"rendered":"\n<div class=\"wp-block-group alignfull has-custom-13-background-color has-background has-light-background\"><div class=\"wp-block-group__inner-container is-layout-constrained wp-block-group-is-layout-constrained\"><div class=\"wp-block-image\">\n<figure class=\"aligncenter size-large is-resized has-xxl-margin-top\"><img decoding=\"async\" width=\"40\" height=\"40\" src=\"https:\/\/neuronup.com\/fr\/wp-content\/uploads\/2024\/10\/icone-zones-d-intervention.svg\" alt=\"icon - Areas of Intervention\" intervention class=\"wp-image-32470\" style=\"width:100px;height:undefinedpx\"><\/figure>\n<\/div>\n\n\n<h1 class=\"wp-block-heading has-text-align-center\">Domaines d&rsquo;Intervention<\/h1>\n\n\n\n<p class=\"has-xxxl-margin-bottom\">NeuronUP propose des milliers d&rsquo;exercices, d&rsquo;outils et de simulateurs de la vie quotidienne. Class\u00e9s par domaines d&rsquo;intervention, ils permettent de travailler les fonctions cognitives de base, les activit\u00e9s de la vie quotidienne ainsi que les aptitudes sociales.<\/p>\n<\/div><\/div>\n\n\n\n\n<h2 class=\"wp-block-heading has-text-align-center\">Une intervention adapt\u00e9e et personnalis\u00e9e<\/h2>\n\n\n\n<p class=\"has-xxxl-margin-bottom\">Une r\u00e9\u00e9ducation neuropsychologique efficace implique la diminution des limitations fonctionnelles et l\u2019augmentation de la capacit\u00e9 du sujet \u00e0 d\u00e9velopper des activit\u00e9s de la vie quotidienne. Pour y parvenir, vous devez travailler sur diff\u00e9rents niveaux, depuis les processus cognitifs les plus \u00e9l\u00e9mentaires, aux capacit\u00e9s plus complexes. Pour faciliter la conception d\u2019une r\u00e9\u00e9ducation adapt\u00e9e au profil cognitif de chaque sujet et \u00e0 ses besoins, nous avons \u00e9tabli une classification exhaustive de chaque domaines d\u2019intervention, en tenant compte que dans de nombreuses d\u2019activit\u00e9s sont impliqu\u00e9s divers processus cognitifs de mani\u00e8re conjointe et coordonn\u00e9e.<\/p>\n\n\n\n<div class=\"wp-block-columns is-layout-flex wp-container-core-columns-is-layout-9d6595d7 wp-block-columns-is-layout-flex\">\n<div class=\"wp-block-column is-layout-flow wp-block-column-is-layout-flow\"><div class=\"wp-block-image\">\n<figure class=\"aligncenter size-large\"><img decoding=\"async\" width=\"92\" height=\"92\" src=\"https:\/\/neuronup.com\/fr\/wp-content\/uploads\/2024\/10\/icon-fonctions-cognitives.svg\" alt=\"Fonctions cognitives\" class=\"wp-image-31544\"\/><\/figure>\n<\/div>\n\n\n<h3 class=\"wp-block-heading\">Fonctions cognitives<\/h3>\n\n\n\n<p>Les fonctions cognitives d\u00e9signent les processus mentaux qui nous permettent d\u2019effectuer n\u2019importe quelle t\u00e2che. Ils permettent au sujet d\u2019avoir un r\u00f4le actif dans les processus de r\u00e9ception, de s\u00e9lection, de transformation, de stockage, d\u2019\u00e9laboration et de r\u00e9cup\u00e9ration des informations, ce qui lui permet d\u2019interagir avec le monde qui l\u2019entoure.<\/p>\n\n\n\n<div class=\"wp-block-buttons is-layout-flex wp-block-buttons-is-layout-flex\">\n<div class=\"wp-block-button\"><a class=\"wp-block-button__link button button-link wp-element-button\" href=\"https:\/\/neuronup.com\/fr\/domaines-dintervention\/fonctions-cognitives\/\">Lire la suite<\/a><\/div>\n<\/div>\n<\/div>\n\n\n\n<div class=\"wp-block-column is-layout-flow wp-block-column-is-layout-flow\"><div class=\"wp-block-image\">\n<figure class=\"aligncenter size-large\"><img decoding=\"async\" width=\"92\" height=\"92\" src=\"https:\/\/neuronup.com\/fr\/wp-content\/uploads\/2024\/10\/icon-personne.svg\" alt=\"Activit\u00e9s de la vie quotidienne (AVQ)\" class=\"wp-image-31546\"\/><\/figure>\n<\/div>\n\n\n<h3 class=\"wp-block-heading\">Activit\u00e9s de la vie quotidienne (AVQ)<\/h3>\n\n\n\n<p>Aussi appel\u00e9s \u00ab domaines d\u2019occupation \u00bb, ils comprennent toutes les activit\u00e9s de la vie quotidienne qui ont une valeur et une signification concr\u00e8te pour une personne et, en plus, un objectif.<br>Les occupations sont au centre de l\u2019identit\u00e9 et des capacit\u00e9s d\u2019une personne, et influencent la fa\u00e7on dont nous passons le temps et prenons des d\u00e9cisions.<\/p>\n\n\n\n<div class=\"wp-block-buttons is-layout-flex wp-block-buttons-is-layout-flex\">\n<div class=\"wp-block-button\"><a class=\"wp-block-button__link button button-link wp-element-button\" href=\"https:\/\/neuronup.com\/fr\/domaines-dintervention\/les-activites-de-la-vie-quotidienne-avqs\/\">Lire la suite<\/a><\/div>\n<\/div>\n<\/div>\n\n\n\n<div class=\"wp-block-column is-layout-flow wp-block-column-is-layout-flow\"><div class=\"wp-block-image\">\n<figure class=\"aligncenter size-large\"><img decoding=\"async\" width=\"92\" height=\"92\" src=\"https:\/\/neuronup.com\/fr\/wp-content\/uploads\/2024\/10\/icon-competences-sociales.svg\" alt=\"Comp\u00e9tences sociales\" class=\"wp-image-31547\"\/><\/figure>\n<\/div>\n\n\n<h3 class=\"wp-block-heading\">Comp\u00e9tences sociales<\/h3>\n\n\n\n<p>Les comp\u00e9tences sociales sont l\u2019ensemble des strat\u00e9gies comportementales et des capacit\u00e9s \u00e0 appliquer lesdits comportements, qui nous aident \u00e0 r\u00e9soudre une situation sociale de mani\u00e8re efficace, c\u2019est-\u00e0-dire, acceptable pour le sujet lui-m\u00eame et pour le contexte social dans lequel il se trouve.<\/p>\n\n\n\n<div class=\"wp-block-buttons is-layout-flex wp-block-buttons-is-layout-flex\">\n<div class=\"wp-block-button\"><a class=\"wp-block-button__link button button-link wp-element-button\" href=\"https:\/\/neuronup.com\/fr\/domaines-dintervention\/les-competences-sociales\/\">Lire la suite<\/a><\/div>\n<\/div>\n<\/div>\n<\/div>\n\n\n\n<div style=\"height:100px\" aria-hidden=\"true\" class=\"wp-block-spacer\"><\/div>\n\n\n\n<div class=\"wp-block-group br-0111 has-white-color has-custom-2-background-color has-text-color has-background has-light-background\"><div class=\"wp-block-group__inner-container is-layout-constrained wp-block-group-is-layout-constrained\">\n<h2 class=\"wp-block-heading has-text-align-center has-xl-margin-top\">Cadre Th\u00e9orique<\/h2>\n\n\n\n<p class=\"has-text-align-center\">NeuronUP a une structure th\u00e9orique coh\u00e9rente, supervis\u00e9e par un comit\u00e9 scientifique d\u2019experts.<\/p>\n\n\n\n<div class=\"wp-block-buttons is-content-justification-center is-layout-flex wp-container-core-buttons-is-layout-16018d1d wp-block-buttons-is-layout-flex\">\n<div class=\"wp-block-button--1\" style=\"--button-outline-color:var(--color-white);--button-outline-color-hover:rgba(0,0,0,0.8);\"><a class=\"wp-block-button__link button button-outline   wp-element-button\" href=\"https:\/\/neuronup.com\/fr\/neuronup-labs\/cadre-theorique\/\">Lire le cadre th\u00e9orique de NeuronUP<\/a><\/div>\n\n<\/div>\n\n\n\n<div style=\"height:40px\" aria-hidden=\"true\" class=\"wp-block-spacer\"><\/div>\n<\/div><\/div>\n\n\n\n\n<div style=\"height:100px\" aria-hidden=\"true\" class=\"wp-block-spacer\"><\/div>\n\n\n\n<h2 class=\"wp-block-heading has-text-align-center\">D\u00e9couvrez quelques-uns de nos articles sur les domaines d&rsquo;intervention neuropsychologique<\/h2>\n\n\n\n\n","protected":false},"excerpt":{"rendered":"<p>Domaines d&rsquo;Intervention NeuronUP propose des milliers d&rsquo;exercices, d&rsquo;outils et de simulateurs de la vie quotidienne. Class\u00e9s par domaines d&rsquo;intervention, ils permettent de travailler les fonctions cognitives de base, les activit\u00e9s de la vie quotidienne ainsi que les aptitudes sociales. Une intervention adapt\u00e9e et personnalis\u00e9e Une r\u00e9\u00e9ducation neuropsychologique efficace implique la diminution des limitations fonctionnelles et &hellip;<\/p>\n","protected":false},"author":1,"featured_media":32469,"parent":0,"menu_order":0,"comment_status":"closed","ping_status":"closed","template":"","meta":{"_acf_changed":false,"_genesis_hide_title":false,"_genesis_hide_breadcrumbs":false,"_genesis_hide_singular_image":false,"_genesis_hide_footer_widgets":false,"_genesis_custom_body_class":"","_genesis_custom_post_class":"","_genesis_layout":"wide-content","footnotes":""},"class_list":{"1":"page","2":"type-page","6":"entry"},"acf":[],"_links":{"self":[{"href":"https:\/\/neuronup.com\/fr\/wp-json\/wp\/v2\/pages\/32467","targetHints":{"allow":["GET"]}}],"collection":[{"href":"https:\/\/neuronup.com\/fr\/wp-json\/wp\/v2\/pages"}],"about":[{"href":"https:\/\/neuronup.com\/fr\/wp-json\/wp\/v2\/types\/page"}],"author":[{"embeddable":true,"href":"https:\/\/neuronup.com\/fr\/wp-json\/wp\/v2\/users\/1"}],"replies":[{"embeddable":true,"href":"https:\/\/neuronup.com\/fr\/wp-json\/wp\/v2\/comments?post=32467"}],"version-history":[{"count":0,"href":"https:\/\/neuronup.com\/fr\/wp-json\/wp\/v2\/pages\/32467\/revisions"}],"wp:featuredmedia":[{"embeddable":true,"href":"https:\/\/neuronup.com\/fr\/wp-json\/wp\/v2\/media\/32469"}],"wp:attachment":[{"href":"https:\/\/neuronup.com\/fr\/wp-json\/wp\/v2\/media?parent=32467"}],"curies":[{"name":"wp","href":"https:\/\/api.w.org\/{rel}","templated":true}]}}