{"id":32458,"date":"2024-10-31T12:01:11","date_gmt":"2024-10-31T10:01:11","guid":{"rendered":"https:\/\/neuronup.com\/fr\/?page_id=32458"},"modified":"2025-01-07T23:06:26","modified_gmt":"2025-01-07T21:06:26","slug":"le-vieillissement-normal","status":"publish","type":"page","link":"https:\/\/neuronup.com\/fr\/la-neuro-reeducation\/le-vieillissement-normal\/","title":{"rendered":"Le Vieillissement normal"},"content":{"rendered":"\n<h2 class=\"wp-block-heading\">Qu&rsquo;est-ce que le vieillissement c\u00e9r\u00e9bral ?<\/h2>\n\n\n\n<p>Le vieillissement c\u00e9r\u00e9bral est un processus de d\u00e9t\u00e9rioration g\u00e9n\u00e9ralis\u00e9e de l&rsquo;individu dans lequel, en raison de diff\u00e9rents processus, les tissus d\u00e9g\u00e9n\u00e8rent, il y a une limitation du renouvellement cellulaire et un ralentissement de la plupart des processus.<\/p>\n\n\n\n<p>Cependant, cette d\u00e9g\u00e9n\u00e9rescence n&rsquo;est pas seulement due au processus de vieillissement centr\u00e9 sur le <strong>biologique<\/strong>, mais cette d\u00e9t\u00e9rioration d\u00e9pend \u00e9galement de facteurs <strong>environnementaux<\/strong>, tels que la sph\u00e8re <strong>sociale et familiale<\/strong>, mais surtout du <strong>degr\u00e9 de stimulation<\/strong> re\u00e7u de ces domaines. Les exp\u00e9riences de vie ont une relation tr\u00e8s \u00e9troite avec la d\u00e9t\u00e9rioration. Le fait d&rsquo;avoir une sant\u00e9 fragile, une \u00e9ducation insuffisante, la pr\u00e9sence d&rsquo;une pathologie ou un manque de motivation, entre de nombreuses autres causes, peut interf\u00e9rer avec la manifestation ad\u00e9quate des fonctions intellectuelles.<\/p>\n\n\n\n<p>Mais ces facteurs ne sont pas les seuls en cause : une partie du d\u00e9clin attribu\u00e9 \u00e0 l&rsquo;\u00e2ge peut \u00e9galement \u00eatre simplement due \u00e0 un manque de <strong>stimulation cognitive<\/strong>. Les personnes qui re\u00e7oivent peu de stimulation de leur environnement souffrent plus rapidement du d\u00e9clin des facult\u00e9s mentales que celles expos\u00e9es \u00e0 une grande stimulation sensorielle ; en d&rsquo;autres termes, plus une personne b\u00e9n\u00e9ficie de stimulation cognitive, plus elle d\u00e9montre d&rsquo;autonomie.<\/p>\n\n\n\n<p>Ce concept est connu sous le nom de <strong>r\u00e9serve cognitive<\/strong>, qui correspond \u00e0 la quantit\u00e9 de connaissances, de ressources cognitives et de strat\u00e9gies d&rsquo;adaptation qu&rsquo;une personne accumule tout au long de sa vie : plus la stimulation qu&rsquo;une personne a re\u00e7ue (\u00e9ducation, culture, exp\u00e9riences, d\u00e9fis&#8230;) est riche, plus il est probable qu&rsquo;elle dispose d&rsquo;une r\u00e9serve lui permettant de faire face aux changements associ\u00e9s au vieillissement et, par cons\u00e9quent, de mieux g\u00e9rer la d\u00e9t\u00e9rioration cognitive inh\u00e9rente \u00e0 l&rsquo;\u00e2ge.<\/p>\n\n\n\n<h3 class=\"wp-block-heading\">Principaux d\u00e9ficits observ\u00e9s chez les personnes \u00e2g\u00e9es<\/h3>\n\n\n\n<p>Certains des principaux d\u00e9ficits observ\u00e9s chez les personnes \u00e2g\u00e9es concernent le <strong>traitement de l&rsquo;information<\/strong>, l&rsquo;apprentissage et la r\u00e9cup\u00e9ration de l&rsquo;information <strong>(m\u00e9moire)<\/strong>, la <strong>r\u00e9solution de probl\u00e8mes<\/strong> et la <strong>rapidit\u00e9 de r\u00e9ponse<\/strong>.<\/p>\n\n\n\n<p>Le plus important dans ce domaine est de garantir aux personnes la meilleure qualit\u00e9 de vie possible le plus longtemps possible. Ce concept est directement li\u00e9 \u00e0 l&rsquo;autonomie fonctionnelle, qui se caract\u00e9rise par :<\/p>\n\n\n\n<ul class=\"wp-block-list\">\n<li><strong>\u00catre ind\u00e9pendant<\/strong> pour effectuer les activit\u00e9s de la vie quotidienne, comme faire les courses, m\u00e9moriser et reconna\u00eetre un itin\u00e9raire de bus, pr\u00e9parer des repas, maintenir son hygi\u00e8ne personnelle, g\u00e9rer ses comptes&#8230;.<\/li>\n\n\n\n<li><strong>Recevoir un soutien familial et social<\/strong> pour ne pas se \u00ab\u00a0d\u00e9tacher\u00a0\u00bb de l&rsquo;environnement. Des \u00e9tudes r\u00e9centes ont montr\u00e9 que le contact social est le facteur le plus important contre le d\u00e9clin cognitif chez les personnes \u00e2g\u00e9es. De plus, la relation entre l&rsquo;isolement social, les sympt\u00f4mes d\u00e9pressifs typiques du changement de vie \u00e0 un \u00e2ge avanc\u00e9 et le d\u00e9clin cognitif est tr\u00e8s importante.<\/li>\n\n\n\n<li>\u00catre capable de maintenir un <strong>\u00e9tat de sant\u00e9<\/strong> acceptable en fonction de son \u00e2ge chronologique et de ses conditions \u00e9volutives. L&rsquo;exercice physique (adapt\u00e9 au rythme de chaque individu) am\u00e9liore non seulement les muscles du corps, mais aussi l&rsquo;humeur et la plasticit\u00e9 c\u00e9r\u00e9brale.<\/li>\n<\/ul>\n\n\n\n<p>Il a \u00e9t\u00e9 d\u00e9montr\u00e9 que la d\u00e9t\u00e9rioration ralentit et que les d\u00e9ficits sont plus l\u00e9gers si les sujets ont v\u00e9cu dans des environnements enrichis et s&rsquo;ils continuent de stimuler leurs capacit\u00e9s gr\u00e2ce \u00e0 des pratiques et exercices de <strong>stimulation cognitive<\/strong>.<\/p>\n\n\n\n<div style=\"height:60px\" aria-hidden=\"true\" class=\"wp-block-spacer\"><\/div>\n\n\n\n<h2 class=\"wp-block-heading\">Actualit\u00e9s sur le vieillissement normal :<\/h2>\n\n\n<div class=\"mai-grid entries entries-grid has-boxed has-image-full\" style=\"--entry-title-font-size:var(--font-size-lg);--align-text:start;--entry-meta-text-align:start;\"><div class=\"entries-wrap has-columns\" style=\"--columns-xs:1\/1;--columns-sm:1\/1;--columns-md:1\/3;--columns-lg:1\/3;--flex-xs:0 0 var(--flex-basis);--flex-sm:0 0 var(--flex-basis);--flex-md:0 0 var(--flex-basis);--flex-lg:0 0 var(--flex-basis);--column-gap:var(--spacing-lg);--row-gap:var(--spacing-lg);--align-columns:start;\"><article class=\"entry entry-grid is-column has-entry-link has-image has-image-first type-post category-vieillissement-normal tag-maladies-neurodegeneratives tag-personnes-agees tag-vieillissement-normal\" style=\"--entry-index:1;\" aria-label=\"Les zones bleues et le secret de la long\u00e9vit\u00e9\" itemscope itemtype=\"https:\/\/schema.org\/CreativeWork\"><a class=\"entry-image-link\" href=\"https:\/\/neuronup.com\/fr\/actualites-de-la-stimulation-cognitive\/vieillissement-normal\/les-zones-bleues-longevite\/\" tabindex=\"-1\" aria-hidden=\"true\"><img decoding=\"async\" width=\"400\" height=\"225\" src=\"https:\/\/neuronup.com\/fr\/wp-content\/uploads\/2024\/01\/zonas-azules-1.webp\" class=\"entry-image size-landscape-sm\" alt=\"Carte du monde mettant en \u00e9vidence les zones bleues: Loma Linda, Cerdagne, Icaria, Okinawa et Nicoya.\" srcset=\"https:\/\/neuronup.com\/fr\/wp-content\/uploads\/2024\/01\/zonas-azules-1-300x169.webp 300w, https:\/\/neuronup.com\/fr\/wp-content\/uploads\/2024\/01\/zonas-azules-1-768x432.webp 768w, https:\/\/neuronup.com\/fr\/wp-content\/uploads\/2024\/01\/zonas-azules-1-1024x576.webp 1024w, https:\/\/neuronup.com\/fr\/wp-content\/uploads\/2024\/01\/zonas-azules-1.webp 1200w\" sizes=\"(max-width:599px) 599px, (min-width:600px) and (max-width: 799px) 799px, (min-width:800px) and (max-width: 999px) 333px, (min-width:1000px) 400px\" \/><\/a><div class=\"entry-wrap entry-wrap-grid\"><h3 class=\"entry-title\" itemprop=\"headline\"><a class=\"entry-title-link\" href=\"https:\/\/neuronup.com\/fr\/actualites-de-la-stimulation-cognitive\/vieillissement-normal\/les-zones-bleues-longevite\/\" rel=\"bookmark\">Les zones bleues et le secret de la long\u00e9vit\u00e9<\/a><\/h3>\n<\/div><\/article><article class=\"entry entry-grid is-column has-entry-link has-image has-image-first type-post category-vieillissement-normal tag-stimulation-cognitive tag-vieillissement-normal\" style=\"--entry-index:2;\" aria-label=\"Comment explique-t-on le d\u00e9clin cognitif des cinquantenaires ?\" itemscope itemtype=\"https:\/\/schema.org\/CreativeWork\"><a class=\"entry-image-link\" href=\"https:\/\/neuronup.com\/fr\/actualites-de-la-stimulation-cognitive\/vieillissement-normal\/comment-explique-t-on-le-declin-cognitif-des-cinquantenaires\/\" tabindex=\"-1\" aria-hidden=\"true\"><img decoding=\"async\" width=\"400\" height=\"300\" src=\"https:\/\/neuronup.com\/fr\/wp-content\/uploads\/2024\/11\/Comment-explique-t-on-le-declin-cognitif-des-cinquantenaires-400x300.webp\" class=\"entry-image size-landscape-sm\" alt=\"Groupe d&#039;adultes portant un toast autour d&#039;une table d\u00e9cor\u00e9e, couronnes en papier et fl\u00fbtes de champagne, ambiance joyeuse et festive.\" srcset=\"https:\/\/neuronup.com\/fr\/wp-content\/uploads\/2024\/11\/Comment-explique-t-on-le-declin-cognitif-des-cinquantenaires-400x300.webp 400w, https:\/\/neuronup.com\/fr\/wp-content\/uploads\/2024\/11\/Comment-explique-t-on-le-declin-cognitif-des-cinquantenaires-800x600.webp 800w\" sizes=\"(max-width:599px) 599px, (min-width:600px) and (max-width: 799px) 799px, (min-width:800px) and (max-width: 999px) 333px, (min-width:1000px) 400px\" \/><\/a><div class=\"entry-wrap entry-wrap-grid\"><h3 class=\"entry-title\" itemprop=\"headline\"><a class=\"entry-title-link\" href=\"https:\/\/neuronup.com\/fr\/actualites-de-la-stimulation-cognitive\/vieillissement-normal\/comment-explique-t-on-le-declin-cognitif-des-cinquantenaires\/\" rel=\"bookmark\">Comment explique-t-on le d\u00e9clin cognitif des cinquantenaires ?<\/a><\/h3>\n<\/div><\/article><article class=\"entry entry-grid is-column has-entry-link has-image has-image-first type-post category-vieillissement-normal tag-personnes-agees tag-vieillissement-normal\" style=\"--entry-index:3;\" aria-label=\"Comment lutter contre la solitude ind\u00e9sirable des personnes \u00e2g\u00e9es?\" itemscope itemtype=\"https:\/\/schema.org\/CreativeWork\"><a class=\"entry-image-link\" href=\"https:\/\/neuronup.com\/fr\/actualites-de-la-stimulation-cognitive\/vieillissement-normal\/comment-lutter-contre-la-solitude-indesirable-des-personnes-agees\/\" tabindex=\"-1\" aria-hidden=\"true\"><img decoding=\"async\" width=\"400\" height=\"300\" src=\"https:\/\/neuronup.com\/fr\/wp-content\/uploads\/2024\/11\/Comment-lutter-contre-la-solitude-indesirable-des-personnes-agees-400x300.webp\" class=\"entry-image size-landscape-sm\" alt=\"Homme \u00e2g\u00e9 assis sur un banc en bois, regardant un paysage verdoyant avec arbres et lumi\u00e8re douce, ambiance paisible.\" srcset=\"https:\/\/neuronup.com\/fr\/wp-content\/uploads\/2024\/11\/Comment-lutter-contre-la-solitude-indesirable-des-personnes-agees-400x300.webp 400w, https:\/\/neuronup.com\/fr\/wp-content\/uploads\/2024\/11\/Comment-lutter-contre-la-solitude-indesirable-des-personnes-agees-800x600.webp 800w\" sizes=\"(max-width:599px) 599px, (min-width:600px) and (max-width: 799px) 799px, (min-width:800px) and (max-width: 999px) 333px, (min-width:1000px) 400px\" \/><\/a><div class=\"entry-wrap entry-wrap-grid\"><h3 class=\"entry-title\" itemprop=\"headline\"><a class=\"entry-title-link\" href=\"https:\/\/neuronup.com\/fr\/actualites-de-la-stimulation-cognitive\/vieillissement-normal\/comment-lutter-contre-la-solitude-indesirable-des-personnes-agees\/\" rel=\"bookmark\">Comment lutter contre la solitude ind\u00e9sirable des personnes \u00e2g\u00e9es?<\/a><\/h3>\n<\/div><\/article><\/div><\/div>","protected":false},"excerpt":{"rendered":"<p>Qu&rsquo;est-ce que le vieillissement c\u00e9r\u00e9bral ? Le vieillissement c\u00e9r\u00e9bral est un processus de d\u00e9t\u00e9rioration g\u00e9n\u00e9ralis\u00e9e de l&rsquo;individu dans lequel, en raison de diff\u00e9rents processus, les tissus d\u00e9g\u00e9n\u00e8rent, il y a une limitation du renouvellement cellulaire et un ralentissement de la plupart des processus. Cependant, cette d\u00e9g\u00e9n\u00e9rescence n&rsquo;est pas seulement due au processus de vieillissement centr\u00e9 &hellip;<\/p>\n","protected":false},"author":1,"featured_media":32434,"parent":32426,"menu_order":6,"comment_status":"closed","ping_status":"closed","template":"","meta":{"_acf_changed":false,"_genesis_hide_title":false,"_genesis_hide_breadcrumbs":false,"_genesis_hide_singular_image":false,"_genesis_hide_footer_widgets":false,"_genesis_custom_body_class":"nup-style neurorehab","_genesis_custom_post_class":"nup-style neurorehab","_genesis_layout":"","footnotes":""},"class_list":{"1":"page","2":"type-page","6":"entry","7":"nup-style neurorehab"},"acf":[],"_links":{"self":[{"href":"https:\/\/neuronup.com\/fr\/wp-json\/wp\/v2\/pages\/32458","targetHints":{"allow":["GET"]}}],"collection":[{"href":"https:\/\/neuronup.com\/fr\/wp-json\/wp\/v2\/pages"}],"about":[{"href":"https:\/\/neuronup.com\/fr\/wp-json\/wp\/v2\/types\/page"}],"author":[{"embeddable":true,"href":"https:\/\/neuronup.com\/fr\/wp-json\/wp\/v2\/users\/1"}],"replies":[{"embeddable":true,"href":"https:\/\/neuronup.com\/fr\/wp-json\/wp\/v2\/comments?post=32458"}],"version-history":[{"count":0,"href":"https:\/\/neuronup.com\/fr\/wp-json\/wp\/v2\/pages\/32458\/revisions"}],"up":[{"embeddable":true,"href":"https:\/\/neuronup.com\/fr\/wp-json\/wp\/v2\/pages\/32426"}],"wp:featuredmedia":[{"embeddable":true,"href":"https:\/\/neuronup.com\/fr\/wp-json\/wp\/v2\/media\/32434"}],"wp:attachment":[{"href":"https:\/\/neuronup.com\/fr\/wp-json\/wp\/v2\/media?parent=32458"}],"curies":[{"name":"wp","href":"https:\/\/api.w.org\/{rel}","templated":true}]}}