{"id":32455,"date":"2024-10-31T11:55:58","date_gmt":"2024-10-31T09:55:58","guid":{"rendered":"https:\/\/neuronup.com\/fr\/?page_id=32455"},"modified":"2025-01-07T23:06:10","modified_gmt":"2025-01-07T21:06:10","slug":"les-maladies-mentales","status":"publish","type":"page","link":"https:\/\/neuronup.com\/fr\/la-neuro-reeducation\/les-maladies-mentales\/","title":{"rendered":"Les Maladies mentales"},"content":{"rendered":"\n<h2 class=\"wp-block-heading\" id=\"schizophrenie\">La Schizophr\u00e9nie<\/h2>\n\n\n\n<p>La schizophr\u00e9nie est un trouble mental, un trouble complexe de la personnalit\u00e9 qui produit des distorsions de la pens\u00e9e, du comportement et de la perception de la r\u00e9alit\u00e9.<\/p>\n\n\n\n<h4 class=\"wp-block-heading\">Ses sympt\u00f4mes peuvent \u00eatre divis\u00e9s en deux cat\u00e9gories:<\/h4>\n\n\n\n<p><strong>Positifs\u00a0<\/strong>(entra\u00eenent un exc\u00e8s ou une distorsion des fonctions normales) : distorsions ou exag\u00e9ration de la pens\u00e9e, inf\u00e9rences (id\u00e9es d\u00e9lirantes), la perception (hallucinations), le langage et la communication (langage d\u00e9sorganis\u00e9) et l\u2019organisation comportementale (comportement gravement d\u00e9sorganis\u00e9 et catatonique).<\/p>\n\n\n\n<p><strong>N\u00e9gatifs\u00a0<\/strong>(refl\u00e8tent une diminution ou une perte des fonctions normales) : restrictions de port\u00e9e et de l\u2019intensit\u00e9 de l\u2019expression \u00e9motionnelle (aplanissement affectif), de la fluidit\u00e9 et la productivit\u00e9 de la pens\u00e9e et du langage (alogie) et de l\u2019initiation du comportement dirig\u00e9 a un objectif (apathie).<\/p>\n\n\n\n<p>Le profil de la d\u00e9t\u00e9rioration cognitive peut \u00eatre tr\u00e8s divers, mais les d\u00e9ficits les plus communs sont ceux de l\u2019attention, la fluidit\u00e9 verbale, la m\u00e9moire de travail et des fonctions ex\u00e9cutives. La cognition sociale se voit aussi gravement alt\u00e9r\u00e9e, pr\u00e9sentant fondamentalement des alt\u00e9rations dans la perception \u00e9motionnelle, la r\u00e9solution des conflits et l\u2019ex\u00e9cution des solutions.<\/p>\n\n\n\n<h2 class=\"wp-block-heading\" id=\"trouble-bipolaire\">Trouble bipolaire<\/h2>\n\n\n\n<p>Il se caract\u00e9rise par des fluctuations de l\u2019humeur, mettant en \u00e9vidence la manie \u00e0 un extr\u00eame et la d\u00e9pression \u00e0 l\u2019autre. Selon le nombre d\u2019\u00e9pisodes et leur intensit\u00e9, ce trouble est divis\u00e9 en plusieurs cat\u00e9gories.<\/p>\n\n\n\n<p>Les sympt\u00f4mes de la phase maniaque sont : une grande distraction, un besoin de sommeil amoindri, un d\u00e9ficit de la capacit\u00e9 de discernement, un contr\u00f4le inad\u00e9quat du temp\u00e9rament, des comportements imprudents et un manque de contr\u00f4le sur soi, un engagement exag\u00e9r\u00e9 dans des activit\u00e9s, de l\u2019agitation et une irritation \u00e9lev\u00e9e.<\/p>\n\n\n\n<p>Les sympt\u00f4mes de l\u2019\u00e9pisode d\u00e9pressif sont de la tristesse, une morosit\u00e9 quotidienne, une difficult\u00e9 \u00e0 se concentrer, se rappeler et prendre des d\u00e9cisions, des probl\u00e8mes d\u2019alimentation, fatigues ou manque d\u2019entrain, sentiment de moins-value, d\u00e9sesp\u00e9rance ou culpabilit\u00e9, pertes d\u2019int\u00e9r\u00eat dans les activit\u00e9s avant jug\u00e9es plaisantes, pertes d\u2019estime de soi, pens\u00e9es de mort ou suicide, difficult\u00e9 \u00e0 trouver le sommeil ou hypersomnie, \u00e9loignement de ses proches.<\/p>\n\n\n\n<p>Les d\u00e9ficits cognitifs ne sont pas pr\u00e9sents dans tous les cas, mais s\u2019ils le sont, des \u00e9vidences se pr\u00e9sentent d\u00e8s le premier \u00e9pisode de la maladie, s\u2019aggravent avant la r\u00e9it\u00e9ration des \u00e9pisodes et sont significatifs en comparaison \u00e0 d\u2019autres individus sains. Les champs principalement touch\u00e9s chez les patients bipolaires sont la concentration et l\u2019attention, l\u2019apprentissage verbal, la m\u00e9moire et le fonctionnement ex\u00e9cutif (la pens\u00e9e abstraite et la r\u00e9solution de probl\u00e8mes). Concr\u00e8tement, pendant les \u00e9pisodes maniaques, une impulsivit\u00e9 et une diminution de l\u2019inhibition sont observ\u00e9es.<\/p>\n\n\n\n<h2 class=\"wp-block-heading has-xxl-margin-top has-xl-margin-bottom\">Ces articles pourraient vous int\u00e9resser :&nbsp;<\/h2>\n\n\n\n\n<div class=\"mai-grid entries entries-grid has-boxed has-image-full\" style=\"--entry-title-font-size:var(--font-size-lg);--align-text:start;--entry-meta-text-align:start;\"><div class=\"entries-wrap has-columns\" style=\"--columns-xs:1\/1;--columns-sm:1\/1;--columns-md:1\/3;--columns-lg:1\/3;--flex-xs:0 0 var(--flex-basis);--flex-sm:0 0 var(--flex-basis);--flex-md:0 0 var(--flex-basis);--flex-lg:0 0 var(--flex-basis);--column-gap:var(--spacing-lg);--row-gap:var(--spacing-lg);--align-columns:start;\"><article class=\"entry entry-grid is-column has-entry-link has-image has-image-first type-post category-maladie-mentale tag-cognition-sociale\" style=\"--entry-index:1;\" aria-label=\"Livre de neurocognition, cognition sociale et m\u00e9tacognition dans la psychose\" itemscope itemtype=\"https:\/\/schema.org\/CreativeWork\"><a class=\"entry-image-link\" href=\"https:\/\/neuronup.com\/fr\/actualites-de-la-stimulation-cognitive\/maladie-mentale\/livre-de-neurocognition-cognition-sociale-et-metacognition-en-psychose\/\" tabindex=\"-1\" aria-hidden=\"true\"><img decoding=\"async\" width=\"304\" height=\"300\" src=\"https:\/\/neuronup.com\/fr\/wp-content\/uploads\/2023\/03\/Libro-neurocognicion.webp\" class=\"entry-image size-landscape-sm\" alt=\"\u00c9tag\u00e8re en forme de t\u00eate de profil remplie de livres et d&#039;une horloge, design original et d\u00e9coratif.\" srcset=\"https:\/\/neuronup.com\/fr\/wp-content\/uploads\/2023\/03\/Libro-neurocognicion-24x24.webp 24w, https:\/\/neuronup.com\/fr\/wp-content\/uploads\/2023\/03\/Libro-neurocognicion-48x48.webp 48w, https:\/\/neuronup.com\/fr\/wp-content\/uploads\/2023\/03\/Libro-neurocognicion-96x96.webp 96w, https:\/\/neuronup.com\/fr\/wp-content\/uploads\/2023\/03\/Libro-neurocognicion-300x296.webp 300w, https:\/\/neuronup.com\/fr\/wp-content\/uploads\/2023\/03\/Libro-neurocognicion-768x757.webp 768w, https:\/\/neuronup.com\/fr\/wp-content\/uploads\/2023\/03\/Libro-neurocognicion-1024x1009.webp 1024w, https:\/\/neuronup.com\/fr\/wp-content\/uploads\/2023\/03\/Libro-neurocognicion.webp 1200w\" sizes=\"(max-width:599px) 599px, (min-width:600px) and (max-width: 799px) 799px, (min-width:800px) and (max-width: 999px) 333px, (min-width:1000px) 400px\" \/><\/a><div class=\"entry-wrap entry-wrap-grid\"><h3 class=\"entry-title\" itemprop=\"headline\"><a class=\"entry-title-link\" href=\"https:\/\/neuronup.com\/fr\/actualites-de-la-stimulation-cognitive\/maladie-mentale\/livre-de-neurocognition-cognition-sociale-et-metacognition-en-psychose\/\" rel=\"bookmark\">Livre de neurocognition, cognition sociale et m\u00e9tacognition dans la psychose<\/a><\/h3>\n<\/div><\/article><article class=\"entry entry-grid is-column has-entry-link has-image has-image-first type-post category-maladie-mentale tag-accident-vasculaire-cerebral tag-maladie-dalzheimer tag-maladie-de-parkinson tag-maladies-neurodegeneratives tag-sante-mentale tag-sclerose-en-plaques\" style=\"--entry-index:2;\" aria-label=\"12 c\u00e9l\u00e9brit\u00e9s atteintes de maladies neurologiques et mentales\" itemscope itemtype=\"https:\/\/schema.org\/CreativeWork\"><a class=\"entry-image-link\" href=\"https:\/\/neuronup.com\/fr\/actualites-de-la-stimulation-cognitive\/maladie-mentale\/celebrites-atteintes-de-maladies-neurologiques-et-mentales\/\" tabindex=\"-1\" aria-hidden=\"true\"><img decoding=\"async\" width=\"400\" height=\"267\" src=\"https:\/\/neuronup.com\/fr\/wp-content\/uploads\/2023\/10\/Famosos-con-enfermedades-mentales-1.webp\" class=\"entry-image size-landscape-sm\" alt=\"Composition noir et blanc montrant une bobine de film et un appareil photo vintage, \u00e9voquant le cin\u00e9ma.\" srcset=\"https:\/\/neuronup.com\/fr\/wp-content\/uploads\/2023\/10\/Famosos-con-enfermedades-mentales-1-300x200.webp 300w, https:\/\/neuronup.com\/fr\/wp-content\/uploads\/2023\/10\/Famosos-con-enfermedades-mentales-1-768x512.webp 768w, https:\/\/neuronup.com\/fr\/wp-content\/uploads\/2023\/10\/Famosos-con-enfermedades-mentales-1-1024x683.webp 1024w, https:\/\/neuronup.com\/fr\/wp-content\/uploads\/2023\/10\/Famosos-con-enfermedades-mentales-1.webp 1200w\" sizes=\"(max-width:599px) 599px, (min-width:600px) and (max-width: 799px) 799px, (min-width:800px) and (max-width: 999px) 333px, (min-width:1000px) 400px\" \/><\/a><div class=\"entry-wrap entry-wrap-grid\"><h3 class=\"entry-title\" itemprop=\"headline\"><a class=\"entry-title-link\" href=\"https:\/\/neuronup.com\/fr\/actualites-de-la-stimulation-cognitive\/maladie-mentale\/celebrites-atteintes-de-maladies-neurologiques-et-mentales\/\" rel=\"bookmark\">12 c\u00e9l\u00e9brit\u00e9s atteintes de maladies neurologiques et mentales<\/a><\/h3>\n<\/div><\/article><article class=\"entry entry-grid is-column has-entry-link has-image has-image-first type-post category-maladie-mentale tag-personnes-agees tag-sante-mentale tag-stimulation-cognitive\" style=\"--entry-index:3;\" aria-label=\"Strat\u00e9gies pratiques de stimulation cognitive pour les personnes \u00e2g\u00e9es souffrant de d\u00e9pression\" itemscope itemtype=\"https:\/\/schema.org\/CreativeWork\"><a class=\"entry-image-link\" href=\"https:\/\/neuronup.com\/fr\/actualites-de-la-stimulation-cognitive\/maladie-mentale\/strategies-pratiques-de-stimulation-cognitive-pour-les-personnes-agees-souffrant-de-depression\/\" tabindex=\"-1\" aria-hidden=\"true\"><img decoding=\"async\" width=\"400\" height=\"267\" src=\"https:\/\/neuronup.com\/fr\/wp-content\/uploads\/2025\/08\/Estrategias-practicas-de-estimulacion-cognitiva-para-adultos-mayores-con-depresion-scaled-1.webp\" class=\"entry-image size-landscape-sm\" alt=\"Personne \u00e2g\u00e9e aux cheveux blancs, mains sur le visage, exprimant m\u00e9lancolie; haut \u00e0 rayures, cadre lumineux.\" srcset=\"https:\/\/neuronup.com\/fr\/wp-content\/uploads\/2025\/08\/Estrategias-practicas-de-estimulacion-cognitiva-para-adultos-mayores-con-depresion-scaled-1-300x200.webp 300w, https:\/\/neuronup.com\/fr\/wp-content\/uploads\/2025\/08\/Estrategias-practicas-de-estimulacion-cognitiva-para-adultos-mayores-con-depresion-scaled-1-768x512.webp 768w, https:\/\/neuronup.com\/fr\/wp-content\/uploads\/2025\/08\/Estrategias-practicas-de-estimulacion-cognitiva-para-adultos-mayores-con-depresion-scaled-1-1024x683.webp 1024w, https:\/\/neuronup.com\/fr\/wp-content\/uploads\/2025\/08\/Estrategias-practicas-de-estimulacion-cognitiva-para-adultos-mayores-con-depresion-scaled-1-1536x1025.webp 1536w, https:\/\/neuronup.com\/fr\/wp-content\/uploads\/2025\/08\/Estrategias-practicas-de-estimulacion-cognitiva-para-adultos-mayores-con-depresion-scaled-1-2048x1366.webp 2048w, https:\/\/neuronup.com\/fr\/wp-content\/uploads\/2025\/08\/Estrategias-practicas-de-estimulacion-cognitiva-para-adultos-mayores-con-depresion-scaled-1.webp 2560w\" sizes=\"(max-width:599px) 599px, (min-width:600px) and (max-width: 799px) 799px, (min-width:800px) and (max-width: 999px) 333px, (min-width:1000px) 400px\" \/><\/a><div class=\"entry-wrap entry-wrap-grid\"><h3 class=\"entry-title\" itemprop=\"headline\"><a class=\"entry-title-link\" href=\"https:\/\/neuronup.com\/fr\/actualites-de-la-stimulation-cognitive\/maladie-mentale\/strategies-pratiques-de-stimulation-cognitive-pour-les-personnes-agees-souffrant-de-depression\/\" rel=\"bookmark\">Strat\u00e9gies pratiques de stimulation cognitive pour les personnes \u00e2g\u00e9es souffrant de d\u00e9pression<\/a><\/h3>\n<\/div><\/article><article class=\"entry entry-grid is-column has-entry-link has-image has-image-first type-post category-maladie-mentale tag-personnes-agees tag-sante-mentale tag-stimulation-cognitive\" style=\"--entry-index:4;\" aria-label=\"La d\u00e9pression chez les personnes \u00e2g\u00e9es : impact cognitif et approche par la stimulation\" itemscope itemtype=\"https:\/\/schema.org\/CreativeWork\"><a class=\"entry-image-link\" href=\"https:\/\/neuronup.com\/fr\/actualites-de-la-stimulation-cognitive\/maladie-mentale\/depression-chez-les-personnes-agees-impact-cognitif-et-approche-par-stimulation\/\" tabindex=\"-1\" aria-hidden=\"true\"><img decoding=\"async\" width=\"400\" height=\"267\" src=\"https:\/\/neuronup.com\/fr\/wp-content\/uploads\/2025\/08\/La-depresion-en-adultos-mayores-impacto-cognitivo-y-abordaje-desde-la-estimulacion-scaled-1.webp\" class=\"entry-image size-landscape-sm\" alt=\"Homme \u00e2g\u00e9, cheveux et barbe blancs, assis sur canap\u00e9; les mains jointes devant le visage, regard pensif dans salon clair.\" srcset=\"https:\/\/neuronup.com\/fr\/wp-content\/uploads\/2025\/08\/La-depresion-en-adultos-mayores-impacto-cognitivo-y-abordaje-desde-la-estimulacion-scaled-1-300x200.webp 300w, https:\/\/neuronup.com\/fr\/wp-content\/uploads\/2025\/08\/La-depresion-en-adultos-mayores-impacto-cognitivo-y-abordaje-desde-la-estimulacion-scaled-1-768x512.webp 768w, https:\/\/neuronup.com\/fr\/wp-content\/uploads\/2025\/08\/La-depresion-en-adultos-mayores-impacto-cognitivo-y-abordaje-desde-la-estimulacion-scaled-1-1024x683.webp 1024w, https:\/\/neuronup.com\/fr\/wp-content\/uploads\/2025\/08\/La-depresion-en-adultos-mayores-impacto-cognitivo-y-abordaje-desde-la-estimulacion-scaled-1-1536x1025.webp 1536w, https:\/\/neuronup.com\/fr\/wp-content\/uploads\/2025\/08\/La-depresion-en-adultos-mayores-impacto-cognitivo-y-abordaje-desde-la-estimulacion-scaled-1-2048x1366.webp 2048w, https:\/\/neuronup.com\/fr\/wp-content\/uploads\/2025\/08\/La-depresion-en-adultos-mayores-impacto-cognitivo-y-abordaje-desde-la-estimulacion-scaled-1.webp 2560w\" sizes=\"(max-width:599px) 599px, (min-width:600px) and (max-width: 799px) 799px, (min-width:800px) and (max-width: 999px) 333px, (min-width:1000px) 400px\" \/><\/a><div class=\"entry-wrap entry-wrap-grid\"><h3 class=\"entry-title\" itemprop=\"headline\"><a class=\"entry-title-link\" href=\"https:\/\/neuronup.com\/fr\/actualites-de-la-stimulation-cognitive\/maladie-mentale\/depression-chez-les-personnes-agees-impact-cognitif-et-approche-par-stimulation\/\" rel=\"bookmark\">La d\u00e9pression chez les personnes \u00e2g\u00e9es : impact cognitif et approche par la stimulation<\/a><\/h3>\n<\/div><\/article><article class=\"entry entry-grid is-column has-entry-link has-image has-image-first type-post category-schizophrenie tag-activites-de-stimulation-cognitive tag-schizophrenie\" style=\"--entry-index:5;\" aria-label=\"Atelier cognitif avec NeuronUP pour l&rsquo;intervention de la schizophr\u00e9nie\" itemscope itemtype=\"https:\/\/schema.org\/CreativeWork\"><a class=\"entry-image-link\" href=\"https:\/\/neuronup.com\/fr\/actualites-de-la-stimulation-cognitive\/maladie-mentale\/schizophrenie\/atelier-cognitif-avec-neuronup-pour-lintervention-de-la-schizophrenie\/\" tabindex=\"-1\" aria-hidden=\"true\"><img decoding=\"async\" width=\"400\" height=\"300\" src=\"https:\/\/neuronup.com\/fr\/wp-content\/uploads\/2024\/09\/Actividad-Empareja-las-cartas-1.webp\" class=\"entry-image size-landscape-sm\" alt=\"Grille de cartes color\u00e9es pour associer; coches vertes indiquent les bonnes associations et croix rouges les erreurs.\" srcset=\"https:\/\/neuronup.com\/fr\/wp-content\/uploads\/2024\/09\/Actividad-Empareja-las-cartas-1-300x225.webp 300w, https:\/\/neuronup.com\/fr\/wp-content\/uploads\/2024\/09\/Actividad-Empareja-las-cartas-1-768x577.webp 768w, https:\/\/neuronup.com\/fr\/wp-content\/uploads\/2024\/09\/Actividad-Empareja-las-cartas-1-1024x769.webp 1024w, https:\/\/neuronup.com\/fr\/wp-content\/uploads\/2024\/09\/Actividad-Empareja-las-cartas-1.webp 1200w\" sizes=\"(max-width:599px) 599px, (min-width:600px) and (max-width: 799px) 799px, (min-width:800px) and (max-width: 999px) 333px, (min-width:1000px) 400px\" \/><\/a><div class=\"entry-wrap entry-wrap-grid\"><h3 class=\"entry-title\" itemprop=\"headline\"><a class=\"entry-title-link\" href=\"https:\/\/neuronup.com\/fr\/actualites-de-la-stimulation-cognitive\/maladie-mentale\/schizophrenie\/atelier-cognitif-avec-neuronup-pour-lintervention-de-la-schizophrenie\/\" rel=\"bookmark\">Atelier cognitif avec NeuronUP pour l&rsquo;intervention de la schizophr\u00e9nie<\/a><\/h3>\n<\/div><\/article><article class=\"entry entry-grid is-column has-entry-link has-image has-image-first type-post category-schizophrenie tag-schizophrenie\" style=\"--entry-index:6;\" aria-label=\"Style attributionnel dans la schizophr\u00e9nie\" itemscope itemtype=\"https:\/\/schema.org\/CreativeWork\"><a class=\"entry-image-link\" href=\"https:\/\/neuronup.com\/fr\/actualites-de-la-stimulation-cognitive\/maladie-mentale\/schizophrenie\/style-dattribution-en-schizophrenie\/\" tabindex=\"-1\" aria-hidden=\"true\"><img decoding=\"async\" width=\"400\" height=\"267\" src=\"https:\/\/neuronup.com\/fr\/wp-content\/uploads\/2024\/10\/estilo-atribucional-esquizofrenia.webp\" class=\"entry-image size-landscape-sm\" alt=\"Personne au visage s\u00e9rieux et calvitie, mains lev\u00e9es devant le visage avec effet de flou et transparence, fond sombre.\" srcset=\"https:\/\/neuronup.com\/fr\/wp-content\/uploads\/2024\/10\/estilo-atribucional-esquizofrenia-300x200.webp 300w, https:\/\/neuronup.com\/fr\/wp-content\/uploads\/2024\/10\/estilo-atribucional-esquizofrenia-768x512.webp 768w, https:\/\/neuronup.com\/fr\/wp-content\/uploads\/2024\/10\/estilo-atribucional-esquizofrenia-1024x683.webp 1024w, https:\/\/neuronup.com\/fr\/wp-content\/uploads\/2024\/10\/estilo-atribucional-esquizofrenia.webp 1200w\" sizes=\"(max-width:599px) 599px, (min-width:600px) and (max-width: 799px) 799px, (min-width:800px) and (max-width: 999px) 333px, (min-width:1000px) 400px\" \/><\/a><div class=\"entry-wrap entry-wrap-grid\"><h3 class=\"entry-title\" itemprop=\"headline\"><a class=\"entry-title-link\" href=\"https:\/\/neuronup.com\/fr\/actualites-de-la-stimulation-cognitive\/maladie-mentale\/schizophrenie\/style-dattribution-en-schizophrenie\/\" rel=\"bookmark\">Style attributionnel dans la schizophr\u00e9nie<\/a><\/h3>\n<\/div><\/article><\/div><\/div>","protected":false},"excerpt":{"rendered":"<p>La Schizophr\u00e9nie La schizophr\u00e9nie est un trouble mental, un trouble complexe de la personnalit\u00e9 qui produit des distorsions de la pens\u00e9e, du comportement et de la perception de la r\u00e9alit\u00e9. Ses sympt\u00f4mes peuvent \u00eatre divis\u00e9s en deux cat\u00e9gories: Positifs\u00a0(entra\u00eenent un exc\u00e8s ou une distorsion des fonctions normales) : distorsions ou exag\u00e9ration de la pens\u00e9e, inf\u00e9rences &hellip;<\/p>\n","protected":false},"author":1,"featured_media":32433,"parent":32426,"menu_order":5,"comment_status":"closed","ping_status":"closed","template":"","meta":{"_acf_changed":false,"_genesis_hide_title":false,"_genesis_hide_breadcrumbs":false,"_genesis_hide_singular_image":false,"_genesis_hide_footer_widgets":false,"_genesis_custom_body_class":"nup-style neurorehab","_genesis_custom_post_class":"nup-style neurorehab","_genesis_layout":"","footnotes":""},"class_list":{"1":"page","2":"type-page","6":"entry","7":"nup-style neurorehab"},"acf":[],"_links":{"self":[{"href":"https:\/\/neuronup.com\/fr\/wp-json\/wp\/v2\/pages\/32455","targetHints":{"allow":["GET"]}}],"collection":[{"href":"https:\/\/neuronup.com\/fr\/wp-json\/wp\/v2\/pages"}],"about":[{"href":"https:\/\/neuronup.com\/fr\/wp-json\/wp\/v2\/types\/page"}],"author":[{"embeddable":true,"href":"https:\/\/neuronup.com\/fr\/wp-json\/wp\/v2\/users\/1"}],"replies":[{"embeddable":true,"href":"https:\/\/neuronup.com\/fr\/wp-json\/wp\/v2\/comments?post=32455"}],"version-history":[{"count":0,"href":"https:\/\/neuronup.com\/fr\/wp-json\/wp\/v2\/pages\/32455\/revisions"}],"up":[{"embeddable":true,"href":"https:\/\/neuronup.com\/fr\/wp-json\/wp\/v2\/pages\/32426"}],"wp:featuredmedia":[{"embeddable":true,"href":"https:\/\/neuronup.com\/fr\/wp-json\/wp\/v2\/media\/32433"}],"wp:attachment":[{"href":"https:\/\/neuronup.com\/fr\/wp-json\/wp\/v2\/media?parent=32455"}],"curies":[{"name":"wp","href":"https:\/\/api.w.org\/{rel}","templated":true}]}}