{"id":32443,"date":"2024-10-31T11:26:44","date_gmt":"2024-10-31T09:26:44","guid":{"rendered":"https:\/\/neuronup.com\/fr\/?page_id=32443"},"modified":"2025-01-07T23:03:28","modified_gmt":"2025-01-07T21:03:28","slug":"les-maladies-neurodegeneratives","status":"publish","type":"page","link":"https:\/\/neuronup.com\/fr\/la-neuro-reeducation\/les-maladies-neurodegeneratives\/","title":{"rendered":"Les Maladies neurod\u00e9g\u00e9n\u00e9ratives"},"content":{"rendered":"\n<p class=\"has-lg-font-size\">L\u2019intervention appropri\u00e9e dans ces cas est la stimulation cognitive, car bien que l\u2019\u00e9volution de ce type de maladies soit in\u00e9vitable, la stimulation permet de ralentir la d\u00e9t\u00e9rioration cognitive et fonctionnelle.<\/p>\n\n\n\n<p class=\"has-xl-margin-bottom\">Quelques-unes&nbsp;unes des maladies les plus importantes sont :<\/p>\n\n\n\n<h2 class=\"wp-block-heading\">La Scl\u00e9rose en plaque<\/h2>\n\n\n\n<p>C\u2019est une maladie d\u00e9my\u00e9linisante qui touche la substance blanche qui recouvre les axones.<\/p>\n\n\n\n<p>Pendant tr\u00e8s longtemps, il a \u00e9t\u00e9 consid\u00e9r\u00e9 que ses manifestations cliniques \u00e9taient exclusivement neurologiques (faiblesse motrice, difficult\u00e9s visuelles, diplopie, dysarthrie, ataxie, etc\u2026). N\u00e9anmoins, depuis les derni\u00e8res d\u00e9cennies le nombre croissant de recherches ont mis en \u00e9vidence que la scl\u00e9rose en plaques pouvait \u00eatre associ\u00e9e aussi aux d\u00e9ficits cognitifs qui affectent principalement l\u2019attention, la concentration, la vitesse de traitement de l\u2019information, la m\u00e9moire et les fonctions ex\u00e9cutives.<\/p>\n\n\n\n<div class=\"wp-block-buttons is-layout-flex wp-block-buttons-is-layout-flex\">\n<div class=\"wp-block-button--1\" style=\"--button-outline-color:var(--color-primary);\"><a class=\"wp-block-button__link button button-outline   wp-element-button\" href=\"https:\/\/neuronup.com\/fr\/la-neuro-reeducation\/les-maladies-neurodegeneratives\/sclerose-en-plaques\/\">En savoir plus sur la scl\u00e9rose en plaques<\/a><\/div>\n\n<\/div>\n\n\n\n<h2 class=\"wp-block-heading has-xxl-margin-top\">La Maladie d\u2019Alzheimer<\/h2>\n\n\n\n<p>Sa cause est la formation progressive de plaques s\u00e9niles et d\u2019enchev\u00eatrements neuro-fibrillaires dans le cortex c\u00e9r\u00e9bral, ainsi que la perte neuronale et synaptique.<\/p>\n\n\n\n<p>La d\u00e9mence qu\u2019elle provoque implique le d\u00e9veloppement de multiples d\u00e9ficits cognitifs, parmi lesquels, les troubles de la m\u00e9moire et au moins l\u2019alt\u00e9ration d\u2019un des domaines suivants : langage, praxies, gnosies ou fonctions ex\u00e9cutives.<\/p>\n\n\n\n<div class=\"wp-block-buttons is-layout-flex wp-block-buttons-is-layout-flex\">\n<div class=\"wp-block-button--2\" style=\"--button-outline-color:var(--color-primary);\"><a class=\"wp-block-button__link button button-outline   wp-element-button\" href=\"https:\/\/neuronup.com\/fr\/la-neuro-reeducation\/les-maladies-neurodegeneratives\/maladie-dalzheimer\/\">En savoir plus sur la maladie d&rsquo;alzheimer<\/a><\/div>\n\n<\/div>\n\n\n\n<h2 class=\"wp-block-heading has-xxl-margin-top\">La Maladie de Parkinson<\/h2>\n\n\n\n<p>Elle est due \u00e0 la mort progressive des neurones d\u2019une partie du cerveau d\u00e9nomm\u00e9e la substance noire et plus pr\u00e9cis\u00e9ment dans une partie de ce noyau appel\u00e9e partie compacte. Cela provoque une diminution de la synth\u00e8se de la dopamine, ce qui entra\u00eene un dysfonctionnement de la r\u00e9gulation des principales structures c\u00e9r\u00e9brales impliqu\u00e9e dans le contr\u00f4le du mouvement.<\/p>\n\n\n\n<p>Ses principaux sympt\u00f4mes sont la maladresse g\u00e9n\u00e9ralis\u00e9e avec une lenteur dans l\u2019ex\u00e9cution des mouvements, le manque de mobilit\u00e9 spontan\u00e9e, les tremblements au repos et rigidit\u00e9. Elle peut \u00e9galement provoquer une alt\u00e9ration des r\u00e9flexes de r\u00e9\u00e9quilibrage, donnant suite \u00e0 des chutes.<\/p>\n\n\n\n<p>Elle est fr\u00e9quemment associ\u00e9e \u00e0 des sympt\u00f4mes \u00e9motionnels comme l\u2019anxi\u00e9t\u00e9, la d\u00e9pression et l\u2019apathie, et l\u2019apparition de la d\u00e9t\u00e9rioration cognitive venant affect\u00e9e la m\u00e9moire, l\u2019attention ou la vitesse de traitement entre autres.<\/p>\n\n\n\n<div class=\"wp-block-buttons is-layout-flex wp-block-buttons-is-layout-flex\">\n<div class=\"wp-block-button--3\" style=\"--button-outline-color:var(--color-primary);\"><a class=\"wp-block-button__link button button-outline   wp-element-button\" href=\"https:\/\/neuronup.com\/fr\/la-neuro-reeducation\/les-maladies-neurodegeneratives\/parkinson\/\">En savoir plus sur la maladie de Parkinson<\/a><\/div>\n\n<\/div>\n\n\n\n<h2 class=\"wp-block-heading has-xxl-margin-top\">La Maladie de Huntington<\/h2>\n\n\n\n<p>Elle est caus\u00e9e par un d\u00e9faut g\u00e9n\u00e9tique au niveau du chromosome 4 et est h\u00e9r\u00e9ditaire. Elle affecte principalement les cellules du noyau caud\u00e9 et le putamen.<\/p>\n\n\n\n<p>Les changements du comportement sont les premiers sympt\u00f4mes, et incluent les comportements antisociaux, l\u2019irritabilit\u00e9, la mauvaise humeur, l\u2019inqui\u00e9tude ou l\u2019impatience entre autres.<\/p>\n\n\n\n<p>Elle peut \u00e9galement amener des troubles moteurs comme les rictus faciaux, des mouvements spasmodiques rapides et soudains des bras, des jambes, du visage et d\u2019autres parties du corps, des mouvements lents et incontr\u00f4lables ou marche instable.<\/p>\n\n\n\n<p>Les principaux d\u00e9ficits cognitifs sont associ\u00e9s \u00e0 la m\u00e9moire et \u00e0 la capacit\u00e9 d\u2019apprentissage, le raisonnement et la r\u00e9solution de probl\u00e8mes.<\/p>\n\n\n\n<div class=\"wp-block-buttons is-layout-flex wp-block-buttons-is-layout-flex\">\n<div class=\"wp-block-button--4\" style=\"--button-outline-color:var(--color-primary);\"><a class=\"wp-block-button__link button button-outline   wp-element-button\" href=\"https:\/\/neuronup.com\/fr\/la-neuro-reeducation\/les-maladies-neurodegeneratives\/la-maladie-de-huntington\/\">En savoir plus sur la maladie de Huntington<\/a><\/div>\n\n<\/div>\n\n\n\n<h2 class=\"wp-block-heading has-xxl-margin-top has-xl-margin-bottom\">Articles sur les interventions th\u00e9rapeutiques chez les patients atteints de maladies neurod\u00e9g\u00e9n\u00e9ratives :<\/h2>\n\n\n<div class=\"mai-grid entries entries-grid has-boxed has-image-full\" style=\"--entry-title-font-size:var(--font-size-lg);--align-text:start;--entry-meta-text-align:start;\"><div class=\"entries-wrap has-columns\" style=\"--columns-xs:1\/1;--columns-sm:1\/1;--columns-md:1\/3;--columns-lg:1\/3;--flex-xs:0 0 var(--flex-basis);--flex-sm:0 0 var(--flex-basis);--flex-md:0 0 var(--flex-basis);--flex-lg:0 0 var(--flex-basis);--column-gap:var(--spacing-lg);--row-gap:var(--spacing-lg);--align-columns:start;\"><article class=\"entry entry-grid is-column has-entry-link has-image has-image-first type-post category-alzheimer tag-maladie-dalzheimer tag-personnes-agees\" style=\"--entry-index:1;\" aria-label=\"Pourquoi consacrer autant de ressources aux personnes atteintes d\u2019Alzheimer ?\" itemscope itemtype=\"https:\/\/schema.org\/CreativeWork\"><a class=\"entry-image-link\" href=\"https:\/\/neuronup.com\/fr\/actualites-de-la-stimulation-cognitive\/maladies-neurodegeneratives\/alzheimer\/pourquoi-consacrer-autant-de-ressources-aux-personnes-atteintes-dalzheimer\/\" tabindex=\"-1\" aria-hidden=\"true\"><img decoding=\"async\" width=\"400\" height=\"267\" src=\"https:\/\/neuronup.com\/fr\/wp-content\/uploads\/2021\/10\/assistance-and-disease-alzheimer-problems-for-seni-2021-08-29-13-08-02-utc-1.webp\" class=\"entry-image size-landscape-sm\" alt=\"Homme \u00e2g\u00e9 aux cheveux blancs et barbe, pull gris et jean, debout dans une for\u00eat, tenant la main d&#039;une personne hors champ.\" srcset=\"https:\/\/neuronup.com\/fr\/wp-content\/uploads\/2021\/10\/assistance-and-disease-alzheimer-problems-for-seni-2021-08-29-13-08-02-utc-1-300x200.webp 300w, https:\/\/neuronup.com\/fr\/wp-content\/uploads\/2021\/10\/assistance-and-disease-alzheimer-problems-for-seni-2021-08-29-13-08-02-utc-1-768x512.webp 768w, https:\/\/neuronup.com\/fr\/wp-content\/uploads\/2021\/10\/assistance-and-disease-alzheimer-problems-for-seni-2021-08-29-13-08-02-utc-1-1024x683.webp 1024w, https:\/\/neuronup.com\/fr\/wp-content\/uploads\/2021\/10\/assistance-and-disease-alzheimer-problems-for-seni-2021-08-29-13-08-02-utc-1.webp 1200w\" sizes=\"(max-width:599px) 599px, (min-width:600px) and (max-width: 799px) 799px, (min-width:800px) and (max-width: 999px) 333px, (min-width:1000px) 400px\" \/><\/a><div class=\"entry-wrap entry-wrap-grid\"><h3 class=\"entry-title\" itemprop=\"headline\"><a class=\"entry-title-link\" href=\"https:\/\/neuronup.com\/fr\/actualites-de-la-stimulation-cognitive\/maladies-neurodegeneratives\/alzheimer\/pourquoi-consacrer-autant-de-ressources-aux-personnes-atteintes-dalzheimer\/\" rel=\"bookmark\">Pourquoi consacrer autant de ressources aux personnes atteintes d\u2019Alzheimer ?<\/a><\/h3>\n<\/div><\/article><article class=\"entry entry-grid is-column has-entry-link has-image has-image-first type-post category-alzheimer tag-maladie-dalzheimer tag-maladies-neurodegeneratives\" style=\"--entry-index:2;\" aria-label=\"La Journ\u00e9e mondiale de la maladie d&#8217;Alzheimer met en lumi\u00e8re le r\u00f4le de l&#8217;aidant\" itemscope itemtype=\"https:\/\/schema.org\/CreativeWork\"><a class=\"entry-image-link\" href=\"https:\/\/neuronup.com\/fr\/actualites-de-la-stimulation-cognitive\/maladies-neurodegeneratives\/alzheimer\/la-journee-mondiale-de-la-maladie-dalzheimer-met-en-lumiere-le-travail-de-laidant\/\" tabindex=\"-1\" aria-hidden=\"true\"><img decoding=\"async\" width=\"400\" height=\"300\" src=\"https:\/\/neuronup.com\/fr\/wp-content\/uploads\/2021\/11\/woman-on-a-wheelchair-2021-08-27-11-05-04-utc.webp\" class=\"entry-image size-landscape-sm\" alt=\"Femme \u00e2g\u00e9e assise dans un fauteuil roulant, sourire chaleureux, pull gris et haut rose, d\u00e9cor clair et accueillant.\" srcset=\"https:\/\/neuronup.com\/fr\/wp-content\/uploads\/2021\/11\/woman-on-a-wheelchair-2021-08-27-11-05-04-utc-300x225.webp 300w, https:\/\/neuronup.com\/fr\/wp-content\/uploads\/2021\/11\/woman-on-a-wheelchair-2021-08-27-11-05-04-utc-768x576.webp 768w, https:\/\/neuronup.com\/fr\/wp-content\/uploads\/2021\/11\/woman-on-a-wheelchair-2021-08-27-11-05-04-utc-1024x768.webp 1024w, https:\/\/neuronup.com\/fr\/wp-content\/uploads\/2021\/11\/woman-on-a-wheelchair-2021-08-27-11-05-04-utc.webp 1200w\" sizes=\"(max-width:599px) 599px, (min-width:600px) and (max-width: 799px) 799px, (min-width:800px) and (max-width: 999px) 333px, (min-width:1000px) 400px\" \/><\/a><div class=\"entry-wrap entry-wrap-grid\"><h3 class=\"entry-title\" itemprop=\"headline\"><a class=\"entry-title-link\" href=\"https:\/\/neuronup.com\/fr\/actualites-de-la-stimulation-cognitive\/maladies-neurodegeneratives\/alzheimer\/la-journee-mondiale-de-la-maladie-dalzheimer-met-en-lumiere-le-travail-de-laidant\/\" rel=\"bookmark\">La Journ\u00e9e mondiale de la maladie d&#8217;Alzheimer met en lumi\u00e8re le r\u00f4le de l&#8217;aidant<\/a><\/h3>\n<\/div><\/article><article class=\"entry entry-grid is-column has-entry-link has-image has-image-first type-post category-alzheimer tag-maladie-dalzheimer tag-maladies-neurodegeneratives tag-personnes-agees\" style=\"--entry-index:3;\" aria-label=\"CEAFA revendique la valeur de l\u2019aidant des personnes atteintes de la maladie d\u2019Alzheimer\" itemscope itemtype=\"https:\/\/schema.org\/CreativeWork\"><a class=\"entry-image-link\" href=\"https:\/\/neuronup.com\/fr\/actualites-de-la-stimulation-cognitive\/maladies-neurodegeneratives\/alzheimer\/aidant-des-personnes-atteintes-dalzheimer\/\" tabindex=\"-1\" aria-hidden=\"true\"><img decoding=\"async\" width=\"211\" height=\"300\" src=\"https:\/\/neuronup.com\/fr\/wp-content\/uploads\/2021\/10\/cuidador-de-las-personas-con-Alzheimer-1.webp\" class=\"entry-image size-landscape-sm\" alt=\"Affichage promotionnel Journ\u00e9e mondiale de l\u2019Alzheimer : logo c\u0153ur avec C, texte DE CUIDADOR et CON &#039;C&#039; DE CEAPA, fond clair.\" srcset=\"https:\/\/neuronup.com\/fr\/wp-content\/uploads\/2021\/10\/cuidador-de-las-personas-con-Alzheimer-1-211x300.webp 211w, https:\/\/neuronup.com\/fr\/wp-content\/uploads\/2021\/10\/cuidador-de-las-personas-con-Alzheimer-1-720x1024.webp 720w, https:\/\/neuronup.com\/fr\/wp-content\/uploads\/2021\/10\/cuidador-de-las-personas-con-Alzheimer-1.webp 768w\" sizes=\"(max-width:599px) 599px, (min-width:600px) and (max-width: 799px) 799px, (min-width:800px) and (max-width: 999px) 333px, (min-width:1000px) 400px\" \/><\/a><div class=\"entry-wrap entry-wrap-grid\"><h3 class=\"entry-title\" itemprop=\"headline\"><a class=\"entry-title-link\" href=\"https:\/\/neuronup.com\/fr\/actualites-de-la-stimulation-cognitive\/maladies-neurodegeneratives\/alzheimer\/aidant-des-personnes-atteintes-dalzheimer\/\" rel=\"bookmark\">CEAFA revendique la valeur de l\u2019aidant des personnes atteintes de la maladie d\u2019Alzheimer<\/a><\/h3>\n<\/div><\/article><article class=\"entry entry-grid is-column has-entry-link has-image has-image-first type-post category-alzheimer tag-maladie-dalzheimer tag-maladies-neurodegeneratives tag-personnes-agees tag-recherche\" style=\"--entry-index:4;\" aria-label=\"NeuronUP ralentit le d\u00e9clin cognitif chez les patients atteints d&#8217;Alzheimer\" itemscope itemtype=\"https:\/\/schema.org\/CreativeWork\"><a class=\"entry-image-link\" href=\"https:\/\/neuronup.com\/fr\/actualites-de-la-stimulation-cognitive\/maladies-neurodegeneratives\/alzheimer\/neuronup-ralentit-la-deterioration-cognitive-chez-les-patients-atteints-dalzheimer\/\" tabindex=\"-1\" aria-hidden=\"true\"><img decoding=\"async\" width=\"280\" height=\"300\" src=\"https:\/\/neuronup.com\/fr\/wp-content\/uploads\/2021\/10\/silva-logopeda.webp\" class=\"entry-image size-landscape-sm\" alt=\"Homme en blouse blanche souriant, debout devant un tableau color\u00e9 de l&#039;alphabet et d&#039;objets, dans une salle \u00e9ducative.\" srcset=\"https:\/\/neuronup.com\/fr\/wp-content\/uploads\/2021\/10\/silva-logopeda-280x300.webp 280w, https:\/\/neuronup.com\/fr\/wp-content\/uploads\/2021\/10\/silva-logopeda-768x822.webp 768w, https:\/\/neuronup.com\/fr\/wp-content\/uploads\/2021\/10\/silva-logopeda.webp 934w\" sizes=\"(max-width:599px) 599px, (min-width:600px) and (max-width: 799px) 799px, (min-width:800px) and (max-width: 999px) 333px, (min-width:1000px) 400px\" \/><\/a><div class=\"entry-wrap entry-wrap-grid\"><h3 class=\"entry-title\" itemprop=\"headline\"><a class=\"entry-title-link\" href=\"https:\/\/neuronup.com\/fr\/actualites-de-la-stimulation-cognitive\/maladies-neurodegeneratives\/alzheimer\/neuronup-ralentit-la-deterioration-cognitive-chez-les-patients-atteints-dalzheimer\/\" rel=\"bookmark\">NeuronUP ralentit le d\u00e9clin cognitif chez les patients atteints d&#8217;Alzheimer<\/a><\/h3>\n<\/div><\/article><article class=\"entry entry-grid is-column has-entry-link has-image has-image-first type-post category-alzheimer tag-maladie-dalzheimer tag-maladies-neurodegeneratives\" style=\"--entry-index:5;\" aria-label=\"Qualit\u00e9 de vie dans la maladie d&#8217;Alzheimer\" itemscope itemtype=\"https:\/\/schema.org\/CreativeWork\"><a class=\"entry-image-link\" href=\"https:\/\/neuronup.com\/fr\/actualites-de-la-stimulation-cognitive\/maladies-neurodegeneratives\/alzheimer\/qualite-de-vie-dans-la-maladie-dalzheimer\/\" tabindex=\"-1\" aria-hidden=\"true\"><img decoding=\"async\" width=\"400\" height=\"246\" src=\"https:\/\/neuronup.com\/fr\/wp-content\/uploads\/2021\/10\/Calidad-de-vida-en-la-enfermedad-de-Alzheimer.webp\" class=\"entry-image size-landscape-sm\" alt=\"Homme dont la t\u00eate est compos\u00e9e de pi\u00e8ces de puzzle, certaines s&#039;\u00e9chappent, expression pr\u00e9occup\u00e9e, sur fond bleu d\u00e9grad\u00e9.\" srcset=\"https:\/\/neuronup.com\/fr\/wp-content\/uploads\/2021\/10\/Calidad-de-vida-en-la-enfermedad-de-Alzheimer-300x185.webp 300w, https:\/\/neuronup.com\/fr\/wp-content\/uploads\/2021\/10\/Calidad-de-vida-en-la-enfermedad-de-Alzheimer.webp 650w\" sizes=\"(max-width:599px) 599px, (min-width:600px) and (max-width: 799px) 799px, (min-width:800px) and (max-width: 999px) 333px, (min-width:1000px) 400px\" \/><\/a><div class=\"entry-wrap entry-wrap-grid\"><h3 class=\"entry-title\" itemprop=\"headline\"><a class=\"entry-title-link\" href=\"https:\/\/neuronup.com\/fr\/actualites-de-la-stimulation-cognitive\/maladies-neurodegeneratives\/alzheimer\/qualite-de-vie-dans-la-maladie-dalzheimer\/\" rel=\"bookmark\">Qualit\u00e9 de vie dans la maladie d&#8217;Alzheimer<\/a><\/h3>\n<\/div><\/article><article class=\"entry entry-grid is-column has-entry-link has-image has-image-first type-post category-sclerose-en-plaques tag-maladies-neurodegeneratives tag-sclerose-en-plaques\" style=\"--entry-index:6;\" aria-label=\"La scl\u00e9rose : qui est concern\u00e9, comment elle est diagnostiqu\u00e9e et quels en sont les sympt\u00f4mes\" itemscope itemtype=\"https:\/\/schema.org\/CreativeWork\"><a class=\"entry-image-link\" href=\"https:\/\/neuronup.com\/fr\/actualites-de-la-stimulation-cognitive\/maladies-neurodegeneratives\/sclerose-en-plaques\/la-sclerose-qui-est-touche-comment-la-diagnostiquer-et-quels-sont-ses-symptomes\/\" tabindex=\"-1\" aria-hidden=\"true\"><img decoding=\"async\" width=\"400\" height=\"271\" src=\"https:\/\/neuronup.com\/fr\/wp-content\/uploads\/2022\/05\/Centro-ADEMBI-en-el-tratamiento-de-la-esclerosis-multiple-1.webp\" class=\"entry-image size-landscape-sm\" alt=\"Traitement de la scl\u00e9rose en plaques\" srcset=\"https:\/\/neuronup.com\/fr\/wp-content\/uploads\/2022\/05\/Centro-ADEMBI-en-el-tratamiento-de-la-esclerosis-multiple-1-300x203.webp 300w, https:\/\/neuronup.com\/fr\/wp-content\/uploads\/2022\/05\/Centro-ADEMBI-en-el-tratamiento-de-la-esclerosis-multiple-1-768x521.webp 768w, https:\/\/neuronup.com\/fr\/wp-content\/uploads\/2022\/05\/Centro-ADEMBI-en-el-tratamiento-de-la-esclerosis-multiple-1-1024x694.webp 1024w, https:\/\/neuronup.com\/fr\/wp-content\/uploads\/2022\/05\/Centro-ADEMBI-en-el-tratamiento-de-la-esclerosis-multiple-1.webp 1204w\" sizes=\"(max-width:599px) 599px, (min-width:600px) and (max-width: 799px) 799px, (min-width:800px) and (max-width: 999px) 333px, (min-width:1000px) 400px\" \/><\/a><div class=\"entry-wrap entry-wrap-grid\"><h3 class=\"entry-title\" itemprop=\"headline\"><a class=\"entry-title-link\" href=\"https:\/\/neuronup.com\/fr\/actualites-de-la-stimulation-cognitive\/maladies-neurodegeneratives\/sclerose-en-plaques\/la-sclerose-qui-est-touche-comment-la-diagnostiquer-et-quels-sont-ses-symptomes\/\" rel=\"bookmark\">La scl\u00e9rose : qui est concern\u00e9, comment elle est diagnostiqu\u00e9e et quels en sont les sympt\u00f4mes<\/a><\/h3>\n<\/div><\/article><\/div><\/div>\n\n","protected":false},"excerpt":{"rendered":"<p>L\u2019intervention appropri\u00e9e dans ces cas est la stimulation cognitive, car bien que l\u2019\u00e9volution de ce type de maladies soit in\u00e9vitable, la stimulation permet de ralentir la d\u00e9t\u00e9rioration cognitive et fonctionnelle. Quelques-unes&nbsp;unes des maladies les plus importantes sont : La Scl\u00e9rose en plaque C\u2019est une maladie d\u00e9my\u00e9linisante qui touche la substance blanche qui recouvre les axones. &hellip;<\/p>\n","protected":false},"author":1,"featured_media":32430,"parent":32426,"menu_order":2,"comment_status":"closed","ping_status":"closed","template":"","meta":{"_acf_changed":false,"_genesis_hide_title":false,"_genesis_hide_breadcrumbs":false,"_genesis_hide_singular_image":false,"_genesis_hide_footer_widgets":false,"_genesis_custom_body_class":"nup-style neurorehab","_genesis_custom_post_class":"nup-style neurorehab","_genesis_layout":"","footnotes":""},"class_list":{"1":"page","2":"type-page","6":"entry","7":"nup-style neurorehab"},"acf":[],"_links":{"self":[{"href":"https:\/\/neuronup.com\/fr\/wp-json\/wp\/v2\/pages\/32443","targetHints":{"allow":["GET"]}}],"collection":[{"href":"https:\/\/neuronup.com\/fr\/wp-json\/wp\/v2\/pages"}],"about":[{"href":"https:\/\/neuronup.com\/fr\/wp-json\/wp\/v2\/types\/page"}],"author":[{"embeddable":true,"href":"https:\/\/neuronup.com\/fr\/wp-json\/wp\/v2\/users\/1"}],"replies":[{"embeddable":true,"href":"https:\/\/neuronup.com\/fr\/wp-json\/wp\/v2\/comments?post=32443"}],"version-history":[{"count":0,"href":"https:\/\/neuronup.com\/fr\/wp-json\/wp\/v2\/pages\/32443\/revisions"}],"up":[{"embeddable":true,"href":"https:\/\/neuronup.com\/fr\/wp-json\/wp\/v2\/pages\/32426"}],"wp:featuredmedia":[{"embeddable":true,"href":"https:\/\/neuronup.com\/fr\/wp-json\/wp\/v2\/media\/32430"}],"wp:attachment":[{"href":"https:\/\/neuronup.com\/fr\/wp-json\/wp\/v2\/media?parent=32443"}],"curies":[{"name":"wp","href":"https:\/\/api.w.org\/{rel}","templated":true}]}}