{"id":32426,"date":"2024-10-31T11:08:07","date_gmt":"2024-10-31T09:08:07","guid":{"rendered":"https:\/\/neuronup.com\/fr\/?page_id=32426"},"modified":"2026-01-29T17:55:45","modified_gmt":"2026-01-29T15:55:45","slug":"la-neuro-reeducation","status":"publish","type":"page","link":"https:\/\/neuronup.com\/fr\/la-neuro-reeducation\/","title":{"rendered":"La Neuro-r\u00e9\u00e9ducation"},"content":{"rendered":"<div class=\"wp-block-image\">\n<figure class=\"aligncenter size-large is-resized\"><img decoding=\"async\" width=\"40\" height=\"40\" src=\"https:\/\/neuronup.com\/fr\/wp-content\/uploads\/2024\/10\/icone-neurorehabilitation.svg\" alt=\"La Neuro-r\u00e9\u00e9ducation\" class=\"wp-image-32428\" style=\"width:150px;height:undefinedpx\"\/><\/figure>\n<\/div>\n\n\n<h1 class=\"wp-block-heading has-text-align-center\">Neuror\u00e9habilitation et stimulation cognitive<\/h1>\n\n\n\n<p class=\"has-xl-font-size\">De nouvelles recherches dans diff\u00e9rents domaines ont permis une meilleure compr\u00e9hension du fonctionnement du cerveau, notamment la possibilit\u00e9 de sa propre r\u00e9cup\u00e9ration ou modification (neuroplasticit\u00e9).<\/p>\n\n\n\n<p>Il a \u00e9t\u00e9 d\u00e9montr\u00e9 que le cerveau est un organe dynamique capable de subir des modifications consid\u00e9rables apr\u00e8s des l\u00e9sions ou des changements environnementaux. Pour cette raison, une grande importance est actuellement accord\u00e9e \u00e0 une r\u00e9habilitation efficace en cas de l\u00e9sion c\u00e9r\u00e9brale acquise et \u00e0 une stimulation appropri\u00e9e pour ralentir la d\u00e9t\u00e9rioration cognitive caract\u00e9ristique de certaines pathologies.<\/p>\n\n\n\n<p>Les principaux domaines qui peuvent b\u00e9n\u00e9ficier de la neuro-r\u00e9\u00e9ducation et de la stimulation cognitive sont :<\/p>\n\n\n\n<hr class=\"wp-block-separator has-alpha-channel-opacity is-style-wide has-xxl-margin-top has-xxl-margin-bottom\"\/>\n\n\n\n<div class=\"wp-block-columns is-layout-flex wp-container-core-columns-is-layout-9d6595d7 wp-block-columns-is-layout-flex\">\n<div class=\"wp-block-column is-layout-flow wp-block-column-is-layout-flow\" style=\"flex-basis:33.33%\"><div class=\"wp-block-image\">\n<figure class=\"aligncenter size-large is-resized\"><img decoding=\"async\" width=\"40\" height=\"40\" src=\"https:\/\/neuronup.com\/fr\/wp-content\/uploads\/2024\/10\/icone-blessure-cerebrale-acquise-rond.svg\" alt=\"Les L\u00e9sions c\u00e9r\u00e9brales acquises\" class=\"wp-image-32429\" style=\"width:200px;height:undefinedpx\"\/><\/figure>\n<\/div><\/div>\n\n\n\n<div class=\"wp-block-column is-layout-flow wp-block-column-is-layout-flow\" style=\"flex-basis:66.66%\">\n<h3 class=\"wp-block-heading\">Les L\u00e9sions c\u00e9r\u00e9brales acquises<\/h3>\n\n\n\n<p>Les l\u00e9sions c\u00e9r\u00e9brales acquises sont des l\u00e9sions des cellules du cerveau qui surviennent apr\u00e8s la naissance. Cela peut-\u00eatre d\u00fb \u00e0 diverses causes et, selon la localisation de la l\u00e9sion, l\u2019un ou l\u2019autre des processus pourra \u00eatre affect\u00e9. Il convient aussi de noter que cela n\u2019affectera pas de la m\u00eame fa\u00e7on un cerveau en d\u00e9veloppement (enfants) qu\u2019un cerveau pleinement d\u00e9velopp\u00e9 (adultes).<\/p>\n\n\n\n<div class=\"wp-block-buttons is-layout-flex wp-block-buttons-is-layout-flex\">\n<div class=\"wp-block-button--1\" style=\"--button-outline-color:var(--color-primary);\"><a class=\"wp-block-button__link button button-outline   wp-element-button\" href=\"https:\/\/neuronup.com\/fr\/la-neuro-reeducation\/les-lesions-cerebrales-acquises\/\">En savoir plus sur les l\u00e9sions c\u00e9r\u00e9brales acquises<\/a><\/div>\n\n<\/div>\n<\/div>\n<\/div>\n\n\n\n<hr class=\"wp-block-separator has-alpha-channel-opacity is-style-wide has-xxl-margin-top has-xxl-margin-bottom\"\/>\n\n\n\n<div class=\"wp-block-columns is-layout-flex wp-container-core-columns-is-layout-9d6595d7 wp-block-columns-is-layout-flex\">\n<div class=\"wp-block-column is-layout-flow wp-block-column-is-layout-flow\" style=\"flex-basis:66.66%\">\n<h3 class=\"wp-block-heading\">Les Maladies neurod\u00e9g\u00e9n\u00e9ratives<\/h3>\n\n\n\n<p>Leurs causes sont la mort progressive des neurones dans diff\u00e9rentes r\u00e9gions du syst\u00e8me nerveux. Cette perte progressive des cellules nerveuses est \u00e0 l\u2019origine des signes et sympt\u00f4mes neurologiques et neuropsychologiques caract\u00e9ristiques de chacune d\u2019elles.<\/p>\n\n\n\n<p>L\u2019intervention appropri\u00e9e pour ces cas est la stimulation cognitive, car, bien que l\u2019\u00e9volution de ce type de maladies soit in\u00e9vitable, la stimulation permet de ralentir la d\u00e9t\u00e9rioration cognitive et fonctionnelle.<\/p>\n\n\n\n<div class=\"wp-block-buttons is-layout-flex wp-block-buttons-is-layout-flex\">\n<div class=\"wp-block-button--2\" style=\"--button-outline-color:var(--color-primary);\"><a class=\"wp-block-button__link button button-outline   wp-element-button\" href=\"https:\/\/neuronup.com\/fr\/la-neuro-reeducation\/les-maladies-neurodegeneratives\/\">En savoir plus sur les maladies neurod\u00e9g\u00e9n\u00e9ratives<\/a><\/div>\n\n<\/div>\n<\/div>\n\n\n\n<div class=\"wp-block-column is-layout-flow wp-block-column-is-layout-flow\" style=\"flex-basis:33.33%\"><div class=\"wp-block-image\">\n<figure class=\"aligncenter size-large is-resized\"><img decoding=\"async\" width=\"40\" height=\"40\" src=\"https:\/\/neuronup.com\/fr\/wp-content\/uploads\/2024\/10\/icone-maladies-neurodegeneratives-rond.svg\" alt=\"Les Maladies neurod\u00e9g\u00e9n\u00e9ratives\" class=\"wp-image-32430\" style=\"width:200px;height:undefinedpx\"\/><\/figure>\n<\/div><\/div>\n<\/div>\n\n\n\n<hr class=\"wp-block-separator has-alpha-channel-opacity is-style-wide has-xxl-margin-top has-xxl-margin-bottom\"\/>\n\n\n\n<div class=\"wp-block-columns is-layout-flex wp-container-core-columns-is-layout-9d6595d7 wp-block-columns-is-layout-flex\">\n<div class=\"wp-block-column is-layout-flow wp-block-column-is-layout-flow\" style=\"flex-basis:33.33%\"><div class=\"wp-block-image\">\n<figure class=\"aligncenter size-large is-resized\"><img decoding=\"async\" width=\"40\" height=\"40\" src=\"https:\/\/neuronup.com\/fr\/wp-content\/uploads\/2024\/10\/icone-troubles-neurodeveloppementaux-rond.svg\" alt=\"Les Troubles neuro-d\u00e9veloppementaux\" class=\"wp-image-32431\" style=\"width:200px;height:undefinedpx\"\/><\/figure>\n<\/div><\/div>\n\n\n\n<div class=\"wp-block-column is-layout-flow wp-block-column-is-layout-flow\" style=\"flex-basis:66.66%\">\n<h3 class=\"wp-block-heading\">Les Troubles neuro-d\u00e9veloppementaux<\/h3>\n\n\n\n<p>Le cerveau de l\u2019enfant n\u2019est pas une r\u00e9plique de celui de l\u2019adulte en miniature, mais un cerveau en d\u00e9veloppement continu, avec une croissance parfois vertigineuse, et sujet \u00e0 une infinit\u00e9 de modifications et connexions sans fin due \u00e0 la continuelle stimulation que lui proportionne l\u2019environnement dans lequel il se d\u00e9veloppe.<\/p>\n\n\n\n<div class=\"wp-block-buttons is-layout-flex wp-block-buttons-is-layout-flex\">\n<div class=\"wp-block-button--3\" style=\"--button-outline-color:var(--color-primary);\"><a class=\"wp-block-button__link button button-outline   wp-element-button\" href=\"https:\/\/neuronup.com\/fr\/la-neuro-reeducation\/les-troubles-neuro-developpementaux\/\">En savoir plus sur les troubles neuro-d\u00e9veloppementaux<\/a><\/div>\n\n<\/div>\n<\/div>\n<\/div>\n\n\n\n<hr class=\"wp-block-separator has-alpha-channel-opacity is-style-wide has-xxl-margin-top has-xxl-margin-bottom\"\/>\n\n\n\n<div class=\"wp-block-columns is-layout-flex wp-container-core-columns-is-layout-9d6595d7 wp-block-columns-is-layout-flex\">\n<div class=\"wp-block-column is-layout-flow wp-block-column-is-layout-flow\" style=\"flex-basis:66.66%\">\n<h3 class=\"wp-block-heading\">La D\u00e9ficience intellectuelle<\/h3>\n\n\n\n<p>Elle se caract\u00e9rise par des limitations significatives du fonctionnement intellectuel et dans les comportements ad\u00e9quats, lesquels se manifestent pendant la p\u00e9riode de d\u00e9veloppement (c\u2019est un trouble neuro-d\u00e9veloppemental, mais nous avons consid\u00e9r\u00e9 appropri\u00e9 de lui consacrer une section \u00e0 part.<\/p>\n\n\n\n<div class=\"wp-block-buttons is-layout-flex wp-block-buttons-is-layout-flex\">\n<div class=\"wp-block-button--4\" style=\"--button-outline-color:var(--color-primary);\"><a class=\"wp-block-button__link button button-outline   wp-element-button\" href=\"https:\/\/neuronup.com\/fr\/la-neuro-reeducation\/deficience-intellectuelle\/\">En savoir plus sur la d\u00e9ficience intellectuelle<\/a><\/div>\n\n<\/div>\n<\/div>\n\n\n\n<div class=\"wp-block-column is-layout-flow wp-block-column-is-layout-flow\" style=\"flex-basis:33.33%\"><div class=\"wp-block-image\">\n<figure class=\"aligncenter size-large is-resized\"><img decoding=\"async\" width=\"40\" height=\"40\" src=\"https:\/\/neuronup.com\/fr\/wp-content\/uploads\/2024\/10\/icone-defaut-intellectuel-rond.svg\" alt=\"D\u00e9ficience intellectuelle\" class=\"wp-image-32432\" style=\"width:200px;height:undefinedpx\"\/><\/figure>\n<\/div><\/div>\n<\/div>\n\n\n\n<hr class=\"wp-block-separator has-alpha-channel-opacity is-style-wide has-xxl-margin-top has-xxl-margin-bottom\"\/>\n\n\n\n<div class=\"wp-block-columns is-layout-flex wp-container-core-columns-is-layout-9d6595d7 wp-block-columns-is-layout-flex\">\n<div class=\"wp-block-column is-layout-flow wp-block-column-is-layout-flow\" style=\"flex-basis:33.33%\"><div class=\"wp-block-image\">\n<figure class=\"aligncenter size-large is-resized\"><img decoding=\"async\" width=\"40\" height=\"40\" src=\"https:\/\/neuronup.com\/fr\/wp-content\/uploads\/2024\/10\/icone-mental-illness-rond.svg\" alt=\"Les Maladies mentales\" class=\"wp-image-32433\" style=\"width:200px;height:undefinedpx\"\/><\/figure>\n<\/div><\/div>\n\n\n\n<div class=\"wp-block-column is-layout-flow wp-block-column-is-layout-flow\" style=\"flex-basis:66.66%\">\n<h3 class=\"wp-block-heading\">Les Maladies mentales<\/h3>\n\n\n\n<p>Les deux principales maladies o\u00f9 une d\u00e9ficience cognitive est observ\u00e9e sont :<\/p>\n\n\n\n<h4 class=\"wp-block-heading\">La Schizophr\u00e9nie<\/h4>\n\n\n\n<p>La schizophr\u00e9nie est un trouble mental, un trouble complexe de la personnalit\u00e9 qui am\u00e8ne \u00e0 des distorsions de la pens\u00e9e, des comportements et de la perception de la r\u00e9alit\u00e9.<\/p>\n\n\n\n<h4 class=\"wp-block-heading\">Trouble bipolaire<\/h4>\n\n\n\n<p>Il se caract\u00e9rise par des fluctuations de l\u2019humeur, mettant en \u00e9vidence la manie \u00e0 un extr\u00eame et la d\u00e9pression \u00e0 l\u2019autre. Selon le nombre d\u2019\u00e9pisodes et leur intensit\u00e9, ce trouble est divis\u00e9 en plusieurs cat\u00e9gories.<\/p>\n\n\n\n<div class=\"wp-block-buttons is-layout-flex wp-block-buttons-is-layout-flex\">\n<div class=\"wp-block-button--5\" style=\"--button-outline-color:var(--color-primary);\"><a class=\"wp-block-button__link button button-outline   wp-element-button\" href=\"https:\/\/neuronup.com\/fr\/la-neuro-reeducation\/les-maladies-mentales\/\">En savoir plus sur les maladies mentales<\/a><\/div>\n\n<\/div>\n<\/div>\n<\/div>\n\n\n\n<hr class=\"wp-block-separator has-alpha-channel-opacity is-style-wide has-xxl-margin-top has-xxl-margin-bottom\"\/>\n\n\n\n<div class=\"wp-block-columns is-layout-flex wp-container-core-columns-is-layout-9d6595d7 wp-block-columns-is-layout-flex\">\n<div class=\"wp-block-column is-layout-flow wp-block-column-is-layout-flow\" style=\"flex-basis:66.66%\">\n<h3 class=\"wp-block-heading\">Vieillissement normal<\/h3>\n\n\n\n<p>Le vieillissement fait partie int\u00e9grante et naturel de la vie, mais tout le monde ne passe pas ce processus de la m\u00eame mani\u00e8re. La fa\u00e7on dont nous vieillissons et comment nous vivons ce processus, ainsi que notre sant\u00e9 et notre capacit\u00e9 fonctionnelle, d\u00e9pendent \u00e0 la fois de notre constitution g\u00e9n\u00e9tique comme de l\u2019environnement qui nous entoure tout au long de notre vie : ce que nous avons fait, le type de choses que nous avons rencontr\u00e9, comment et o\u00f9 nous les avons v\u00e9cus, etc.<\/p>\n\n\n\n<div class=\"wp-block-buttons is-layout-flex wp-block-buttons-is-layout-flex\">\n<div class=\"wp-block-button--6\" style=\"--button-outline-color:var(--color-primary);\"><a class=\"wp-block-button__link button button-outline   wp-element-button\" href=\"https:\/\/neuronup.com\/fr\/la-neuro-reeducation\/le-vieillissement-normal\/\">En savoir plus sur vieillissement normal<\/a><\/div>\n\n<\/div>\n<\/div>\n\n\n\n<div class=\"wp-block-column is-layout-flow wp-block-column-is-layout-flow\" style=\"flex-basis:33.33%\"><div class=\"wp-block-image\">\n<figure class=\"aligncenter size-large is-resized\"><img decoding=\"async\" width=\"40\" height=\"40\" src=\"https:\/\/neuronup.com\/fr\/wp-content\/uploads\/2024\/10\/icone-age-normal-rond.svg\" alt=\"Le Vieillissement normal\" class=\"wp-image-32434\" style=\"width:200px;height:undefinedpx\"\/><\/figure>\n<\/div><\/div>\n<\/div>\n","protected":false},"excerpt":{"rendered":"<p>New investigations in different areas have provided an improved understanding of how the brain works; such as the possibility of the brain&rsquo;s own recuperation or modification (neuroplasticity).<\/p>\n","protected":false},"author":1,"featured_media":32427,"parent":0,"menu_order":0,"comment_status":"closed","ping_status":"closed","template":"","meta":{"_acf_changed":false,"_genesis_hide_title":false,"_genesis_hide_breadcrumbs":false,"_genesis_hide_singular_image":false,"_genesis_hide_footer_widgets":false,"_genesis_custom_body_class":"","_genesis_custom_post_class":"","_genesis_layout":"wide-content","footnotes":""},"class_list":{"1":"page","2":"type-page","6":"entry"},"acf":[],"_links":{"self":[{"href":"https:\/\/neuronup.com\/fr\/wp-json\/wp\/v2\/pages\/32426","targetHints":{"allow":["GET"]}}],"collection":[{"href":"https:\/\/neuronup.com\/fr\/wp-json\/wp\/v2\/pages"}],"about":[{"href":"https:\/\/neuronup.com\/fr\/wp-json\/wp\/v2\/types\/page"}],"author":[{"embeddable":true,"href":"https:\/\/neuronup.com\/fr\/wp-json\/wp\/v2\/users\/1"}],"replies":[{"embeddable":true,"href":"https:\/\/neuronup.com\/fr\/wp-json\/wp\/v2\/comments?post=32426"}],"version-history":[{"count":0,"href":"https:\/\/neuronup.com\/fr\/wp-json\/wp\/v2\/pages\/32426\/revisions"}],"wp:featuredmedia":[{"embeddable":true,"href":"https:\/\/neuronup.com\/fr\/wp-json\/wp\/v2\/media\/32427"}],"wp:attachment":[{"href":"https:\/\/neuronup.com\/fr\/wp-json\/wp\/v2\/media?parent=32426"}],"curies":[{"name":"wp","href":"https:\/\/api.w.org\/{rel}","templated":true}]}}