{"id":32293,"date":"2024-10-30T13:48:13","date_gmt":"2024-10-30T11:48:13","guid":{"rendered":"https:\/\/neuronup.com\/fr\/?page_id=32293"},"modified":"2026-01-29T17:55:32","modified_gmt":"2026-01-29T15:55:32","slug":"personnalisez-les-activites-avec-neuronup","status":"publish","type":"page","link":"https:\/\/neuronup.com\/fr\/produit\/personnalisez-les-activites-avec-neuronup\/","title":{"rendered":"Personnalisez les activit\u00e9s avec NeuronUP"},"content":{"rendered":"\n<p class=\"has-xl-font-size\">Trouvez-vous difficile de garder vos patients motiv\u00e9s ou passez-vous des heures \u00e0 cr\u00e9er des activit\u00e9s stimulantes pour chacun d&rsquo;eux ? Dans cet article, nous d\u00e9taillons les avantages de la personnalisation des activit\u00e9s et expliquons \u00e9tape par \u00e9tape <strong style=\"color:#00abc7;\">comment cr\u00e9er des activit\u00e9s personnalis\u00e9es avec NeuronUP<\/strong>.<\/p>\n\n\n\n<h2 class=\"wp-block-heading\">Qu&rsquo;est-ce qu&rsquo;une activit\u00e9 personnalis\u00e9e ?<\/h2>\n\n\n\n<p>Une activit\u00e9 personnalis\u00e9e est une activit\u00e9 qui <strong>est modifi\u00e9e pour s&rsquo;adapter aux besoins, au niveau cognitif et aux pr\u00e9f\u00e9rences<\/strong> de chaque patient afin de faciliter l&rsquo;introduction de stimuli significatifs.<\/p>\n\n\n\n<h3 class=\"wp-block-heading\">Quelles activit\u00e9s NeuronUP peuvent \u00eatre personnalis\u00e9es ?<\/h3>\n\n\n\n<p><strong>Tant les g\u00e9n\u00e9rateurs que les jeux NeuronUP peuvent \u00eatre personnalis\u00e9s.<\/strong> Si vous ne connaissez pas la diff\u00e9rence entre ces types d&rsquo;activit\u00e9s, nous vous recommandons de consulter cet article.<\/p>\n\n\n\n<h2 class=\"wp-block-heading\">Avantages de personnaliser les activit\u00e9s avec NeuronUP<\/h2>\n\n\n\n<ol class=\"wp-block-list\">\n<li>Augmenter la <strong>motivation<\/strong> de vos patients.<\/li>\n\n\n\n<li><strong>Adapter les param\u00e8tres<\/strong> des jeux et des g\u00e9n\u00e9rateurs au <strong>niveau cognitif et aux besoins<\/strong> de tous vos patients.<\/li>\n\n\n\n<li>Impliquer vos patients en utilisant des <strong>stimuli qui leur sont familiers<\/strong>.<\/li>\n\n\n\n<li>Plus de <strong>validit\u00e9 \u00e9cologique<\/strong>, c&rsquo;est-\u00e0-dire une plus grande concordance entre l&rsquo;am\u00e9lioration des comp\u00e9tences travaill\u00e9es en consultation et leur lien avec une meilleure performance des activit\u00e9s quotidiennes.<\/li>\n\n\n\n<li><strong>Gagner du temps<\/strong> en d\u00e9finissant votre propre catalogue d&rsquo;activit\u00e9s personnalis\u00e9es \u00e0 r\u00e9utiliser \u00e0 tout moment. En seulement cinq minutes, vous pouvez cr\u00e9er des activit\u00e9s infinies et totalement personnalis\u00e9es \u00e0 partir du m\u00eame exercice.<\/li>\n<\/ol>\n\n\n<div class=\"wp-block-image\">\n<figure class=\"aligncenter size-full is-resized\"><img decoding=\"async\" width=\"1080\" height=\"1080\" src=\"https:\/\/neuronup.com\/fr\/wp-content\/uploads\/2024\/11\/Avantages-de-la-personnalisation-des-activites-avec-NeuronUP.webp\" alt=\"Infographie des avantages de la personnalisation des activit\u00e9s NeuronUP: motivation, adaptation et gain de temps, avec photo.\" class=\"wp-image-36069\" style=\"width:700px;height:undefinedpx\" srcset=\"https:\/\/neuronup.com\/fr\/wp-content\/uploads\/2024\/11\/Avantages-de-la-personnalisation-des-activites-avec-NeuronUP-24x24.webp 24w, https:\/\/neuronup.com\/fr\/wp-content\/uploads\/2024\/11\/Avantages-de-la-personnalisation-des-activites-avec-NeuronUP-48x48.webp 48w, https:\/\/neuronup.com\/fr\/wp-content\/uploads\/2024\/11\/Avantages-de-la-personnalisation-des-activites-avec-NeuronUP-80x80.webp 80w, https:\/\/neuronup.com\/fr\/wp-content\/uploads\/2024\/11\/Avantages-de-la-personnalisation-des-activites-avec-NeuronUP-96x96.webp 96w, https:\/\/neuronup.com\/fr\/wp-content\/uploads\/2024\/11\/Avantages-de-la-personnalisation-des-activites-avec-NeuronUP-150x150.webp 150w, https:\/\/neuronup.com\/fr\/wp-content\/uploads\/2024\/11\/Avantages-de-la-personnalisation-des-activites-avec-NeuronUP-300x300.webp 300w, https:\/\/neuronup.com\/fr\/wp-content\/uploads\/2024\/11\/Avantages-de-la-personnalisation-des-activites-avec-NeuronUP-768x768.webp 768w, https:\/\/neuronup.com\/fr\/wp-content\/uploads\/2024\/11\/Avantages-de-la-personnalisation-des-activites-avec-NeuronUP-1024x1024.webp 1024w, https:\/\/neuronup.com\/fr\/wp-content\/uploads\/2024\/11\/Avantages-de-la-personnalisation-des-activites-avec-NeuronUP.webp 1080w\" sizes=\"(max-width: 1080px) 100vw, 1080px\" \/><\/figure>\n<\/div>\n\n\n<h2 class=\"wp-block-heading\">Comment personnaliser une activit\u00e9 NeuronUP ?<\/h2>\n\n\n\n<p>Voici comment personnaliser un jeu ou un g\u00e9n\u00e9rateur NeuronUP :<\/p>\n\n\n\n<h3 class=\"wp-block-heading\">1. Choisissez et ouvrez une activit\u00e9 (g\u00e9n\u00e9rateur ou jeu)<\/h3>\n\n\n\n<div class=\"wp-block-group\"><div class=\"wp-block-group__inner-container is-layout-constrained wp-block-group-is-layout-constrained\">\n<div class=\"wp-block-columns are-vertically-aligned-top is-layout-flex wp-container-core-columns-is-layout-9d6595d7 wp-block-columns-is-layout-flex\">\n<div class=\"wp-block-column is-layout-flow wp-block-column-is-layout-flow\" style=\"flex-basis:68%\">\n<p class=\"has-text-align-left\">Choisissez un g\u00e9n\u00e9rateur depuis la page d&rsquo;accueil NeuronUP. Une fois l&rsquo;activit\u00e9 ouverte, s\u00e9lectionnez \u00ab\u00a0Modes personnalis\u00e9s\u00a0\u00bb pour les g\u00e9n\u00e9rateurs ou \u00ab\u00a0Phases personnalis\u00e9es\u00a0\u00bb pour les jeux.<\/p>\n<\/div>\n\n\n\n<div class=\"wp-block-column is-layout-flow wp-block-column-is-layout-flow\" style=\"flex-basis:32%\">\n<figure class=\"wp-block-image size-large is-resized image-interface\"><img decoding=\"async\" width=\"1024\" height=\"769\" src=\"https:\/\/neuronup.com\/fr\/wp-content\/uploads\/2024\/10\/Choose-and-open-an-activity-1024x769.webp\" alt=\"Interface d&#039;un jeu \u00e9ducatif de gestion d&#039;argent: SORT THE MONEY, billets et pi\u00e8ces \u00e0 trier, modes Correction\/Free\/Personalized visibles.\" class=\"wp-image-32295\" style=\"width:400px\" srcset=\"https:\/\/neuronup.com\/fr\/wp-content\/uploads\/2024\/10\/Choose-and-open-an-activity-300x225.webp 300w, https:\/\/neuronup.com\/fr\/wp-content\/uploads\/2024\/10\/Choose-and-open-an-activity-400x300.webp 400w, https:\/\/neuronup.com\/fr\/wp-content\/uploads\/2024\/10\/Choose-and-open-an-activity-768x577.webp 768w, https:\/\/neuronup.com\/fr\/wp-content\/uploads\/2024\/10\/Choose-and-open-an-activity-800x600.webp 800w, https:\/\/neuronup.com\/fr\/wp-content\/uploads\/2024\/10\/Choose-and-open-an-activity-1024x769.webp 1024w, https:\/\/neuronup.com\/fr\/wp-content\/uploads\/2024\/10\/Choose-and-open-an-activity.webp 1080w\" sizes=\"(max-width: 1024px) 100vw, 1024px\" \/><\/figure>\n<\/div>\n<\/div>\n<\/div><\/div>\n\n\n\n<div style=\"height:50px\" aria-hidden=\"true\" class=\"wp-block-spacer\"><\/div>\n\n\n\n<h3 class=\"wp-block-heading\">2. Cr\u00e9ez une personnalisation<\/h3>\n\n\n\n<div class=\"wp-block-columns are-vertically-aligned-top is-layout-flex wp-container-core-columns-is-layout-9d6595d7 wp-block-columns-is-layout-flex\">\n<div class=\"wp-block-column is-layout-flow wp-block-column-is-layout-flow\" style=\"flex-basis:69%\">\n<p>Pour cr\u00e9er une nouvelle personnalisation, <strong>entrez un nom pour la personnalisation.<\/strong> Par exemple, le nom du patient pour lequel elle sera utilis\u00e9e. Ensuite, cliquez sur <strong>\u00ab\u00a0Continuer\u00a0\u00bb.<\/strong><\/p>\n<\/div>\n\n\n\n<div class=\"wp-block-column is-layout-flow wp-block-column-is-layout-flow\" style=\"flex-basis:31%\">\n<figure class=\"wp-block-image size-large is-resized image-interface\"><img decoding=\"async\" width=\"1024\" height=\"743\" src=\"https:\/\/neuronup.com\/fr\/wp-content\/uploads\/2024\/10\/Create-a-personalisation-1024x743.webp\" alt=\"Interface avec champ Name surlign\u00e9, liste de noms (Harry, Amelia, Oliver), boutons Select\/Edit et ic\u00f4ne + pour ajouter.\" class=\"wp-image-32296\" style=\"width:400px\" srcset=\"https:\/\/neuronup.com\/fr\/wp-content\/uploads\/2024\/10\/Create-a-personalisation-300x218.webp 300w, https:\/\/neuronup.com\/fr\/wp-content\/uploads\/2024\/10\/Create-a-personalisation-768x558.webp 768w, https:\/\/neuronup.com\/fr\/wp-content\/uploads\/2024\/10\/Create-a-personalisation-1024x743.webp 1024w, https:\/\/neuronup.com\/fr\/wp-content\/uploads\/2024\/10\/Create-a-personalisation.webp 1080w\" sizes=\"(max-width: 1024px) 100vw, 1024px\" \/><\/figure>\n<\/div>\n<\/div>\n\n\n\n<div style=\"height:50px\" aria-hidden=\"true\" class=\"wp-block-spacer\"><\/div>\n\n\n\n<h3 class=\"wp-block-heading\">3. Commencez la personnalisation<\/h3>\n\n\n\n<p>Lors de la personnalisation d&rsquo;une activit\u00e9, vous pouvez modifier les aspects g\u00e9n\u00e9raux, les param\u00e8tres et, pour certains exercices, l&rsquo;adaptabilit\u00e9. Nous expliquons chacun d&rsquo;eux ci-dessous :<\/p>\n\n\n\n<h4 class=\"wp-block-heading\">3.1. Aspects g\u00e9n\u00e9raux<\/h4>\n\n\n\n<div class=\"wp-block-group\"><div class=\"wp-block-group__inner-container is-layout-constrained wp-block-group-is-layout-constrained\">\n<div class=\"wp-block-columns are-vertically-aligned-top is-layout-flex wp-container-core-columns-is-layout-9d6595d7 wp-block-columns-is-layout-flex\">\n<div class=\"wp-block-column is-layout-flow wp-block-column-is-layout-flow\" style=\"flex-basis:50%\">\n<p class=\"has-text-align-left\"><strong>Ils sont identiques pour tous les g\u00e9n\u00e9rateurs.<\/strong> Vous pouvez choisir le mode de travail, adapter le temps, avertir le patient en cas d&rsquo;inactivit\u00e9, adapter les instructions d&rsquo;activit\u00e9 et ajouter un chronom\u00e8tre.<\/p>\n<\/div>\n\n\n\n<div class=\"wp-block-column is-layout-flow wp-block-column-is-layout-flow\" style=\"flex-basis:50%\">\n<figure class=\"wp-block-image size-large image-interface\"><img decoding=\"async\" width=\"1024\" height=\"797\" src=\"https:\/\/neuronup.com\/fr\/wp-content\/uploads\/2024\/10\/General-aspects-1024x797.webp\" alt=\"Interface utilisateur affichant des param\u00e8tres: Operation (erreurs max), dur\u00e9e max 10 minutes, avertissement d&#039;inactivit\u00e9 2 minutes, pi\u00e8ces et billets \u00e0 placer, compte \u00e0 rebours, Finish.\" class=\"wp-image-32297\" srcset=\"https:\/\/neuronup.com\/fr\/wp-content\/uploads\/2024\/10\/General-aspects-300x234.webp 300w, https:\/\/neuronup.com\/fr\/wp-content\/uploads\/2024\/10\/General-aspects-768x598.webp 768w, https:\/\/neuronup.com\/fr\/wp-content\/uploads\/2024\/10\/General-aspects-1024x797.webp 1024w, https:\/\/neuronup.com\/fr\/wp-content\/uploads\/2024\/10\/General-aspects.webp 1080w\" sizes=\"(max-width: 1024px) 100vw, 1024px\" \/><\/figure>\n<\/div>\n<\/div>\n<\/div><\/div>\n\n\n\n<div style=\"height:50px\" aria-hidden=\"true\" class=\"wp-block-spacer\"><\/div>\n\n\n\n<h4 class=\"wp-block-heading\">3.2. Param\u00e8tres<\/h4>\n\n\n\n<div class=\"wp-block-group\"><div class=\"wp-block-group__inner-container is-layout-constrained wp-block-group-is-layout-constrained\">\n<div class=\"wp-block-columns are-vertically-aligned-top is-layout-flex wp-container-core-columns-is-layout-9d6595d7 wp-block-columns-is-layout-flex\">\n<div class=\"wp-block-column is-layout-flow wp-block-column-is-layout-flow\" style=\"flex-basis:50%\">\n<p class=\"has-text-align-left\">Ils sont <strong>sp\u00e9cifiques \u00e0 chaque activit\u00e9.<\/strong> Dans ce cas, nous sommes dans une activit\u00e9 de gestion de l&rsquo;argent, vous pouvez donc choisir le type de monnaie, le nombre de billets\/pi\u00e8ces et leur valeur.<\/p>\n<\/div>\n\n\n\n<div class=\"wp-block-column is-layout-flow wp-block-column-is-layout-flow\" style=\"flex-basis:50%\">\n<figure class=\"wp-block-image size-large image-interface\"><img decoding=\"async\" width=\"1024\" height=\"816\" src=\"https:\/\/neuronup.com\/fr\/wp-content\/uploads\/2024\/10\/Parameters-1024x816.webp\" alt=\"Interface montrant des param\u00e8tres: devise USD, compte d&#039;\u00e9l\u00e9ments et d\u00e9nominations de billets et pi\u00e8ces, utile pour d\u00e9crire la configuration des param\u00e8tres dans NeuronUP.\" class=\"wp-image-32298\" srcset=\"https:\/\/neuronup.com\/fr\/wp-content\/uploads\/2024\/10\/Parameters-300x239.webp 300w, https:\/\/neuronup.com\/fr\/wp-content\/uploads\/2024\/10\/Parameters-768x612.webp 768w, https:\/\/neuronup.com\/fr\/wp-content\/uploads\/2024\/10\/Parameters-1024x816.webp 1024w, https:\/\/neuronup.com\/fr\/wp-content\/uploads\/2024\/10\/Parameters.webp 1080w\" sizes=\"(max-width: 1024px) 100vw, 1024px\" \/><\/figure>\n<\/div>\n<\/div>\n<\/div><\/div>\n\n\n\n<div style=\"height:50px\" aria-hidden=\"true\" class=\"wp-block-spacer\"><\/div>\n\n\n\n<h4 class=\"wp-block-heading\">3.3. Adaptabilit\u00e9<\/h4>\n\n\n\n<div class=\"wp-block-columns are-vertically-aligned-top is-layout-flex wp-container-core-columns-is-layout-9d6595d7 wp-block-columns-is-layout-flex\">\n<div class=\"wp-block-column is-layout-flow wp-block-column-is-layout-flow\" style=\"flex-basis:50%\">\n<p>Permet de choisir entre <strong>glisser ou cliquer<\/strong> sur les \u00e9l\u00e9ments pour faciliter la t\u00e2che aux patients ayant des troubles moteurs ou ceux qui ne ma\u00eetrisent pas bien la souris ou les \u00e9crans tactiles. Non disponible pour toutes les activit\u00e9s.<\/p>\n<\/div>\n\n\n\n<div class=\"wp-block-column is-layout-flow wp-block-column-is-layout-flow\" style=\"flex-basis:50%\">\n<figure class=\"wp-block-image size-large image-interface\"><img decoding=\"async\" width=\"1024\" height=\"786\" src=\"https:\/\/neuronup.com\/fr\/wp-content\/uploads\/2024\/10\/Adaptability-1024x786.webp\" alt=\"Interface utilisateur montrant des param\u00e8tres d&#039;adaptabilit\u00e9 : fen\u00eatre avec Drag et Click, cercle bleu et bouton Finish.\" class=\"wp-image-32299\" srcset=\"https:\/\/neuronup.com\/fr\/wp-content\/uploads\/2024\/10\/Adaptability-300x230.webp 300w, https:\/\/neuronup.com\/fr\/wp-content\/uploads\/2024\/10\/Adaptability-768x590.webp 768w, https:\/\/neuronup.com\/fr\/wp-content\/uploads\/2024\/10\/Adaptability-1024x786.webp 1024w, https:\/\/neuronup.com\/fr\/wp-content\/uploads\/2024\/10\/Adaptability.webp 1080w\" sizes=\"(max-width: 1024px) 100vw, 1024px\" \/><\/figure>\n<\/div>\n<\/div>\n\n\n\n<div style=\"height:50px\" aria-hidden=\"true\" class=\"wp-block-spacer\"><\/div>\n\n\n\n<h3 class=\"wp-block-heading\">4. Sauvegarder la personnalisation<\/h3>\n\n\n\n<div class=\"wp-block-columns are-vertically-aligned-top is-layout-flex wp-container-core-columns-is-layout-9d6595d7 wp-block-columns-is-layout-flex\">\n<div class=\"wp-block-column is-layout-flow wp-block-column-is-layout-flow\" style=\"flex-basis:50%\">\n<p>Vous pouvez ajouter une description \u00e0 la personnalisation. Cela vous aidera \u00e0 vous rappeler ses caract\u00e9ristiques. Pour sauvegarder la personnalisation, cliquez sur <strong>\u00ab\u00a0Ajouter\u00a0\u00bb.<\/strong><\/p>\n<\/div>\n\n\n\n<div class=\"wp-block-column is-layout-flow wp-block-column-is-layout-flow\" style=\"flex-basis:50%\">\n<figure class=\"wp-block-image size-large image-interface\"><img decoding=\"async\" width=\"1024\" height=\"775\" src=\"https:\/\/neuronup.com\/fr\/wp-content\/uploads\/2024\/10\/Save-activity-customization-1024x775.webp\" alt=\"Interface utilisateur montrant une fen\u00eatre de personnalisation: nom Harry, description associ\u00e9e et bouton Add.\" class=\"wp-image-32300\" srcset=\"https:\/\/neuronup.com\/fr\/wp-content\/uploads\/2024\/10\/Save-activity-customization-300x227.webp 300w, https:\/\/neuronup.com\/fr\/wp-content\/uploads\/2024\/10\/Save-activity-customization-768x582.webp 768w, https:\/\/neuronup.com\/fr\/wp-content\/uploads\/2024\/10\/Save-activity-customization-1024x775.webp 1024w, https:\/\/neuronup.com\/fr\/wp-content\/uploads\/2024\/10\/Save-activity-customization.webp 1075w\" sizes=\"(max-width: 1024px) 100vw, 1024px\" \/><\/figure>\n<\/div>\n<\/div>\n\n\n\n<div style=\"height:50px\" aria-hidden=\"true\" class=\"wp-block-spacer\"><\/div>\n\n\n\n<h3 class=\"wp-block-heading\">5. L&rsquo;activit\u00e9 personnalis\u00e9e est pr\u00eate et sauvegard\u00e9e<\/h3>\n\n\n\n<p>Vous pouvez travailler directement avec l&rsquo;activit\u00e9 personnalis\u00e9e.<\/p>\n\n\n\n<div class=\"wp-block-columns are-vertically-aligned-top is-layout-flex wp-container-core-columns-is-layout-9d6595d7 wp-block-columns-is-layout-flex\">\n<div class=\"wp-block-column is-layout-flow wp-block-column-is-layout-flow\" style=\"flex-basis:50%\">\n<p>Lorsque vous souhaitez travailler avec elle plus tard, vous la trouverez dans la liste des personnalisations d&rsquo;activit\u00e9s.<\/p>\n<\/div>\n\n\n\n<div class=\"wp-block-column is-layout-flow wp-block-column-is-layout-flow\" style=\"flex-basis:50%\">\n<figure class=\"wp-block-image size-large image-interface\"><img decoding=\"async\" width=\"1024\" height=\"757\" src=\"https:\/\/neuronup.com\/fr\/wp-content\/uploads\/2024\/10\/The-personalised-activity-is-ready-and-saved-1024x757.webp\" alt=\"Interface utilisateur de personnalisation d&#039;activit\u00e9 avec champ Name et profils Harry, Amelia et Oliver, et boutons Select\/Edit\"activit\u00e9 personnalis\u00e9e est pr\u00eate et sauvegard\u00e9e\" class=\"wp-image-32301\" srcset=\"https:\/\/neuronup.com\/fr\/wp-content\/uploads\/2024\/10\/The-personalised-activity-is-ready-and-saved-300x222.webp 300w, https:\/\/neuronup.com\/fr\/wp-content\/uploads\/2024\/10\/The-personalised-activity-is-ready-and-saved-768x568.webp 768w, https:\/\/neuronup.com\/fr\/wp-content\/uploads\/2024\/10\/The-personalised-activity-is-ready-and-saved-1024x757.webp 1024w, https:\/\/neuronup.com\/fr\/wp-content\/uploads\/2024\/10\/The-personalised-activity-is-ready-and-saved.webp 1079w\" sizes=\"(max-width: 1024px) 100vw, 1024px\" \/><\/figure>\n<\/div>\n<\/div>\n\n\n\n<div style=\"height:50px\" aria-hidden=\"true\" class=\"wp-block-spacer\"><\/div>\n\n\n\n<h2 class=\"wp-block-heading\">Comment ajouter une activit\u00e9 personnalis\u00e9e \u00e0 une session ?<\/h2>\n\n\n\n<p>Les activit\u00e9s personnalis\u00e9es peuvent \u00e9galement \u00eatre ajout\u00e9es aux sessions NeuronUP, qu&rsquo;elles soient en pr\u00e9sentiel ou \u00e0 domicile. Pour cela :<\/p>\n\n\n\n<p>1. Acc\u00e9dez \u00e0 \u00ab\u00a0Sessions\u00a0\u00bb, puis cliquez sur \u00ab\u00a0Sessions num\u00e9riques\u00a0\u00bb et cliquez sur \u00ab\u00a0<strong>Nouvelle session num\u00e9rique<\/strong>\u00ab\u00a0.<\/p>\n\n\n\n<p>2. Configurez votre session et ajoutez les activit\u00e9s en cliquant dessus.<\/p>\n\n\n\n<p><strong>3. Choisissez l&rsquo;activit\u00e9 pour laquelle vous avez cr\u00e9\u00e9 une personnalisation.<\/strong> Dans cet exemple, trier de l&rsquo;argent.<\/p>\n\n\n\n<div style=\"height:25px\" aria-hidden=\"true\" class=\"wp-block-spacer\"><\/div>\n\n\n<div class=\"wp-block-image image-interface\">\n<figure class=\"aligncenter size-large\"><img decoding=\"async\" width=\"1024\" height=\"436\" src=\"https:\/\/neuronup.com\/fr\/wp-content\/uploads\/2024\/10\/add-a-customised-activity-to-a-session-1024x436.webp\" alt=\"Interface NeuronUP montrant une liste d&#039;activit\u00e9s et sessions avec vignettes et compte \u00e0 rebours.\" class=\"wp-image-32302\" srcset=\"https:\/\/neuronup.com\/fr\/wp-content\/uploads\/2024\/10\/add-a-customised-activity-to-a-session-300x128.webp 300w, https:\/\/neuronup.com\/fr\/wp-content\/uploads\/2024\/10\/add-a-customised-activity-to-a-session-768x327.webp 768w, https:\/\/neuronup.com\/fr\/wp-content\/uploads\/2024\/10\/add-a-customised-activity-to-a-session-1024x436.webp 1024w, https:\/\/neuronup.com\/fr\/wp-content\/uploads\/2024\/10\/add-a-customised-activity-to-a-session.webp 1080w\" sizes=\"(max-width: 1024px) 100vw, 1024px\" \/><\/figure>\n<\/div>\n\n\n<div style=\"height:25px\" aria-hidden=\"true\" class=\"wp-block-spacer\"><\/div>\n\n\n\n<p>4. Une fois que vous avez ajout\u00e9 l&rsquo;activit\u00e9, <strong>cliquez dessus sur le c\u00f4t\u00e9 gauche de l&rsquo;\u00e9cran<\/strong>,<br>comme dans l&rsquo;image suivante.<\/p>\n\n\n\n<p>5. Ensuite, activez le filtre <strong>\u00ab\u00a0Choisissez o\u00f9 commencer\u00a0\u00bb<\/strong> et vous verrez les diff\u00e9rentes<br>personnalisations que vous avez cr\u00e9\u00e9es pour cette activit\u00e9.<\/p>\n\n\n\n<p>6. Choisissez la configuration souhait\u00e9e. Dans cet exemple, nous avons choisi \u00ab\u00a0Marie\u00a0\u00bb. Ainsi,<br>votre patient se connectera avec l&rsquo;activit\u00e9 personnalis\u00e9e.<\/p>\n\n\n\n<div style=\"height:25px\" aria-hidden=\"true\" class=\"wp-block-spacer\"><\/div>\n\n\n<div class=\"wp-block-image image-interface\">\n<figure class=\"aligncenter size-large is-resized\"><img decoding=\"async\" width=\"1024\" height=\"534\" src=\"https:\/\/neuronup.com\/fr\/wp-content\/uploads\/2024\/10\/add-a-customised-activity-to-a-NeuronUP-session-1024x534.webp\" alt=\"Interface NeuronUP affichant le contenu d\u2019une session, un chronom\u00e8tre et des t\u00e2ches interactives.\" class=\"wp-image-32307\" style=\"width:750px;height:auto\" srcset=\"https:\/\/neuronup.com\/fr\/wp-content\/uploads\/2024\/10\/add-a-customised-activity-to-a-NeuronUP-session-300x157.webp 300w, https:\/\/neuronup.com\/fr\/wp-content\/uploads\/2024\/10\/add-a-customised-activity-to-a-NeuronUP-session-768x401.webp 768w, https:\/\/neuronup.com\/fr\/wp-content\/uploads\/2024\/10\/add-a-customised-activity-to-a-NeuronUP-session-1024x534.webp 1024w, https:\/\/neuronup.com\/fr\/wp-content\/uploads\/2024\/10\/add-a-customised-activity-to-a-NeuronUP-session.webp 1079w\" sizes=\"(max-width: 1024px) 100vw, 1024px\" \/><\/figure>\n<\/div>\n\n","protected":false},"excerpt":{"rendered":"<p>Trouvez-vous difficile de garder vos patients motiv\u00e9s ou passez-vous des heures \u00e0 cr\u00e9er des activit\u00e9s stimulantes pour chacun d&rsquo;eux ? Dans cet article, nous d\u00e9taillons les avantages de la personnalisation des activit\u00e9s et expliquons \u00e9tape par \u00e9tape comment cr\u00e9er des activit\u00e9s personnalis\u00e9es avec NeuronUP. Qu&rsquo;est-ce qu&rsquo;une activit\u00e9 personnalis\u00e9e ? Une activit\u00e9 personnalis\u00e9e est une activit\u00e9 &hellip;<\/p>\n","protected":false},"author":7,"featured_media":0,"parent":32257,"menu_order":0,"comment_status":"closed","ping_status":"closed","template":"","meta":{"_acf_changed":false,"_genesis_hide_title":false,"_genesis_hide_breadcrumbs":false,"_genesis_hide_singular_image":false,"_genesis_hide_footer_widgets":false,"_genesis_custom_body_class":"","_genesis_custom_post_class":"","_genesis_layout":"","footnotes":""},"class_list":{"1":"page","2":"type-page","5":"entry"},"acf":[],"_links":{"self":[{"href":"https:\/\/neuronup.com\/fr\/wp-json\/wp\/v2\/pages\/32293","targetHints":{"allow":["GET"]}}],"collection":[{"href":"https:\/\/neuronup.com\/fr\/wp-json\/wp\/v2\/pages"}],"about":[{"href":"https:\/\/neuronup.com\/fr\/wp-json\/wp\/v2\/types\/page"}],"author":[{"embeddable":true,"href":"https:\/\/neuronup.com\/fr\/wp-json\/wp\/v2\/users\/7"}],"replies":[{"embeddable":true,"href":"https:\/\/neuronup.com\/fr\/wp-json\/wp\/v2\/comments?post=32293"}],"version-history":[{"count":0,"href":"https:\/\/neuronup.com\/fr\/wp-json\/wp\/v2\/pages\/32293\/revisions"}],"up":[{"embeddable":true,"href":"https:\/\/neuronup.com\/fr\/wp-json\/wp\/v2\/pages\/32257"}],"wp:attachment":[{"href":"https:\/\/neuronup.com\/fr\/wp-json\/wp\/v2\/media?parent=32293"}],"curies":[{"name":"wp","href":"https:\/\/api.w.org\/{rel}","templated":true}]}}