{"id":32286,"date":"2024-10-30T12:55:53","date_gmt":"2024-10-30T10:55:53","guid":{"rendered":"https:\/\/neuronup.com\/fr\/?page_id=32286"},"modified":"2026-01-29T17:55:30","modified_gmt":"2026-01-29T15:55:30","slug":"neuronup-score","status":"publish","type":"page","link":"https:\/\/neuronup.com\/fr\/produit\/neuronup-score\/","title":{"rendered":"NeuronUP Score"},"content":{"rendered":"\n<p class=\"has-xl-font-size\">Vous souhaitez <strong>mesurer les progr\u00e8s de vos patients avec des graphiques d&rsquo;\u00e9volution<\/strong> ? Vous aimeriez <strong>comparer les donn\u00e9es de vos patients<\/strong> avec leurs r\u00e9sultats pr\u00e9c\u00e9dents ? Vous \u00eates int\u00e9ress\u00e9 par l&rsquo;affichage des donn\u00e9es d&rsquo;intervention \u00e0 vos patients et \u00e0 leurs proches ? Dans cet article, nous expliquons comment y parvenir gr\u00e2ce au <strong style=\"color:#00abc7;\">Score NeuronUP<\/strong>.<\/p>\n\n\n\n<h2 class=\"wp-block-heading\">Qu&rsquo;est-ce que le Score NeuronUP ?<\/h2>\n\n\n\n<p>Le Score NeuronUP est le <strong>score<\/strong> utilis\u00e9 pour <strong>mesurer les progr\u00e8s des patients sur NeuronUP<\/strong>, offrant la possibilit\u00e9 de le comparer avec leurs scores pr\u00e9c\u00e9dents. De plus, \u00e0 l&rsquo;avenir, il permettra de comparer avec les scores de patients similaires.<\/p>\n\n\n\n<h2 class=\"wp-block-heading\">Types de Score<\/h2>\n\n\n\n<p>Dans NeuronUP, vous trouverez 4 types de scores diff\u00e9rents. Deux sont li\u00e9s au patient et deux \u00e0 l&rsquo;activit\u00e9.<\/p>\n\n\n\n<h3 class=\"wp-block-heading\">1. Score g\u00e9n\u00e9ral<\/h3>\n\n\n\n<p>Le score g\u00e9n\u00e9ral est la <strong>moyenne des scores obtenus<\/strong> par le patient dans la <strong>p\u00e9riode de temps s\u00e9lectionn\u00e9e.<\/strong><\/p>\n\n\n\n<p>Vous pouvez visualiser l&rsquo;\u00e9volution du score g\u00e9n\u00e9ral sur le graphique en ligne de l&rsquo;\u00e9cran du Score NeuronUP.<\/p>\n\n\n<div class=\"wp-block-image\">\n<figure class=\"aligncenter size-medium\"><img decoding=\"async\" width=\"300\" height=\"146\" src=\"https:\/\/neuronup.com\/fr\/wp-content\/uploads\/2024\/10\/score-general-neuronup-300x146.webp\" alt=\"Capture d\u2019\u00e9cran d\u2019une interface NeuronUP affichant le score g\u00e9n\u00e9ral 74 en bleu, General, le symbole + et une ic\u00f4ne.\" class=\"wp-image-31798\" srcset=\"https:\/\/neuronup.com\/fr\/wp-content\/uploads\/2024\/10\/score-general-neuronup-300x146.webp 300w, https:\/\/neuronup.com\/fr\/wp-content\/uploads\/2024\/10\/score-general-neuronup.webp 768w\" sizes=\"(max-width: 300px) 100vw, 300px\" \/><figcaption class=\"wp-element-caption\">Score g\u00e9n\u00e9ral du graphique d&rsquo;\u00e9volution NeuronUP.<\/figcaption><\/figure>\n<\/div>\n\n\n<h3 class=\"wp-block-heading\">2. Score actuel<\/h3>\n\n\n\n<p>Le score actuel est la <strong>moyenne des scores obtenus au cours des trois derniers mois<\/strong>. C&rsquo;est le cadre de <strong>r\u00e9f\u00e9rence pour conna\u00eetre la situation actuelle du patient.<\/strong><\/p>\n\n\n<div class=\"wp-block-image\">\n<figure class=\"aligncenter size-medium\"><img decoding=\"async\" width=\"300\" height=\"134\" src=\"https:\/\/neuronup.com\/fr\/wp-content\/uploads\/2024\/10\/score-actuel-neuronup-300x134.webp\" alt=\"\u00c9cran simple affichant le score actuel 74 en bleu avec l\u2019\u00e9tiquette Current Score dans une interface conviviale NeuronUP.\" class=\"wp-image-31799\" srcset=\"https:\/\/neuronup.com\/fr\/wp-content\/uploads\/2024\/10\/score-actuel-neuronup-300x134.webp 300w, https:\/\/neuronup.com\/fr\/wp-content\/uploads\/2024\/10\/score-actuel-neuronup.webp 767w\" sizes=\"(max-width: 300px) 100vw, 300px\" \/><figcaption class=\"wp-element-caption\">Score actuel du graphique d&rsquo;\u00e9volution NeuronUP.<\/figcaption><\/figure>\n<\/div>\n\n\n<h3 class=\"wp-block-heading\">3. Score d&rsquo;une fonction cognitive<\/h3>\n\n\n\n<p>Le score d&rsquo;une fonction cognitive est la <strong>moyenne des scores obtenus<\/strong> dans cette fonction cognitive sur la <strong>p\u00e9riode de temps s\u00e9lectionn\u00e9e.<\/strong><\/p>\n\n\n\n<p>Vous pouvez visualiser l&rsquo;\u00e9volution du score de la fonction cognitive sur le graphique en ligne de l&rsquo;\u00e9cran du Score NeuronUP.<\/p>\n\n\n<div class=\"wp-block-image image-interface\">\n<figure class=\"aligncenter size-large\"><img decoding=\"async\" width=\"1024\" height=\"364\" src=\"https:\/\/neuronup.com\/fr\/wp-content\/uploads\/2024\/10\/score-de-la-personne-neuronup-1024x364.webp\" alt=\"Tableau de scores cognitifs dans NeuronUP avec M\u00e9moire, Langage et Visuo-spatial et un graphique.\" class=\"wp-image-31800\" srcset=\"https:\/\/neuronup.com\/fr\/wp-content\/uploads\/2024\/10\/score-de-la-personne-neuronup-300x107.webp 300w, https:\/\/neuronup.com\/fr\/wp-content\/uploads\/2024\/10\/score-de-la-personne-neuronup-768x273.webp 768w, https:\/\/neuronup.com\/fr\/wp-content\/uploads\/2024\/10\/score-de-la-personne-neuronup-1024x364.webp 1024w, https:\/\/neuronup.com\/fr\/wp-content\/uploads\/2024\/10\/score-de-la-personne-neuronup-1536x546.webp 1536w, https:\/\/neuronup.com\/fr\/wp-content\/uploads\/2024\/10\/score-de-la-personne-neuronup.webp 1566w\" sizes=\"(max-width: 1024px) 100vw, 1024px\" \/><figcaption class=\"wp-element-caption\">Graphique comparatif d&rsquo;\u00e9volution des fonctions cognitives.<\/figcaption><\/figure>\n<\/div>\n\n\n<h3 class=\"wp-block-heading\">4. Score global de l&rsquo;activit\u00e9<\/h3>\n\n\n\n<p>Le score global de l&rsquo;activit\u00e9 est la <strong>moyenne des scores obtenus dans cette activit\u00e9<\/strong> sur la p\u00e9riode de temps s\u00e9lectionn\u00e9e.<\/p>\n\n\n\n<figure class=\"wp-block-image size-large is-resized image-interface\"><img decoding=\"async\" width=\"1024\" height=\"543\" src=\"https:\/\/neuronup.com\/fr\/wp-content\/uploads\/2024\/10\/conference-de-presse-neuronup-1024x543.webp\" alt=\"Graphique d\u2019\u00e9volution du score d\u2019activit\u00e9 NeuronUP sur nov. 2022 \u00e0 janv. 2023, avec une ligne bleue et un score global de 50.\"une activit\u00e9 NeuronUP\" class=\"wp-image-31801\" style=\"width:800px;height:auto\" srcset=\"https:\/\/neuronup.com\/fr\/wp-content\/uploads\/2024\/10\/conference-de-presse-neuronup-300x159.webp 300w, https:\/\/neuronup.com\/fr\/wp-content\/uploads\/2024\/10\/conference-de-presse-neuronup-768x407.webp 768w, https:\/\/neuronup.com\/fr\/wp-content\/uploads\/2024\/10\/conference-de-presse-neuronup-1024x543.webp 1024w, https:\/\/neuronup.com\/fr\/wp-content\/uploads\/2024\/10\/conference-de-presse-neuronup.webp 1189w\" sizes=\"(max-width: 1024px) 100vw, 1024px\" \/><figcaption class=\"wp-element-caption\">Score d&rsquo;une activit\u00e9 NeuronUP.<\/figcaption><\/figure>\n\n\n\n<h2 class=\"wp-block-heading\">Avantages du Score NeuronUP pour votre intervention<\/h2>\n\n\n\n<ol class=\"wp-block-list\">\n<li><strong>Visualisez les progr\u00e8s<\/strong> de vos patients de mani\u00e8re <strong>visuelle<\/strong>.<\/li>\n\n\n\n<li><strong>Suivez mieux<\/strong> vos patients.<\/li>\n\n\n\n<li><strong>Pr\u00e9sentez vos travaux<\/strong> avec des donn\u00e9es \u00e0 vos patients et \u00e0 leurs proches.<\/li>\n\n\n\n<li><strong>Comparez les progr\u00e8s d&rsquo;une fonction cognitive par rapport \u00e0 une autre.<\/strong><\/li>\n<\/ol>\n\n\n\n<div style=\"height:50px\" aria-hidden=\"true\" class=\"wp-block-spacer\"><\/div>\n\n\n\n<h2 class=\"wp-block-heading\">Graphiques d&rsquo;\u00e9volution<\/h2>\n\n\n\n<h3 class=\"wp-block-heading\">Qu&rsquo;est-ce qu&rsquo;un graphique d&rsquo;\u00e9volution ?<\/h3>\n\n\n\n<p>Les graphiques d&rsquo;\u00e9volution de NeuronUP vous permettent de <strong>voir les progr\u00e8s de vos patients de mani\u00e8re visuelle.<\/strong><\/p>\n\n\n\n<h3 class=\"wp-block-heading\">Types de graphiques<\/h3>\n\n\n\n<h4 class=\"wp-block-heading\">1. Ligne de tendance<\/h4>\n\n\n\n<p>Le <strong>filtre de tendance<\/strong> sera activ\u00e9 par d\u00e9faut dans le graphique d&rsquo;\u00e9volution des patients, <strong>permettant de visualiser clairement la progression du score.<\/strong><\/p>\n\n\n\n<p>Il est particuli\u00e8rement utile dans les <strong>interventions \u00e0 long terme<\/strong> qui montrent une <strong>forte dispersion des r\u00e9sultats<\/strong>, comme on peut le voir dans l&rsquo;image suivante.<\/p>\n\n\n<div class=\"wp-block-image image-interface\">\n<figure class=\"aligncenter size-full is-resized\"><img decoding=\"async\" width=\"600\" height=\"265\" src=\"https:\/\/neuronup.com\/fr\/wp-content\/uploads\/2024\/10\/gif-video-of-neuronup-score.gif\" alt=\"NeuronUP Score trend line.\" class=\"wp-image-31802\" style=\"width:794px;height:auto\"\/><figcaption class=\"wp-element-caption\">Ligne de tendance du Score NeuronUP.<\/figcaption><\/figure>\n<\/div>\n\n\n<h4 class=\"wp-block-heading\">2. Graphique d&rsquo;impact<\/h4>\n\n\n\n<p>Gr\u00e2ce \u00e0 cette fonctionnalit\u00e9, vous pourrez visualiser <strong>l&rsquo;importance de chaque domaine d&rsquo;intervention travaill\u00e9 avec NeuronUP dans le Score.<\/strong> Cela vous donne la possibilit\u00e9 de <strong>red\u00e9finir l&rsquo;\u00e9tendue de l&rsquo;intervention<\/strong> si n\u00e9cessaire.<\/p>\n\n\n\n<figure class=\"wp-block-image size-full is-resized image-interface\"><img decoding=\"async\" width=\"1900\" height=\"822\" src=\"https:\/\/neuronup.com\/fr\/wp-content\/uploads\/2024\/10\/neuronup-score-par-fonctions-cognitives.webp\" alt=\"Tableau de bord d&#039;\u00e9valuation cognitive affichant un score global et un camembert des fonctions attention, m\u00e9moire et langage dans une interface NeuronUP.\"impact du Score NeuronUP\" class=\"wp-image-31803\" style=\"width:800px;height:auto\" srcset=\"https:\/\/neuronup.com\/fr\/wp-content\/uploads\/2024\/10\/neuronup-score-par-fonctions-cognitives-300x130.webp 300w, https:\/\/neuronup.com\/fr\/wp-content\/uploads\/2024\/10\/neuronup-score-par-fonctions-cognitives-768x332.webp 768w, https:\/\/neuronup.com\/fr\/wp-content\/uploads\/2024\/10\/neuronup-score-par-fonctions-cognitives-1024x443.webp 1024w, https:\/\/neuronup.com\/fr\/wp-content\/uploads\/2024\/10\/neuronup-score-par-fonctions-cognitives-1536x665.webp 1536w, https:\/\/neuronup.com\/fr\/wp-content\/uploads\/2024\/10\/neuronup-score-par-fonctions-cognitives.webp 1900w\" sizes=\"(max-width: 1900px) 100vw, 1900px\" \/><figcaption class=\"wp-element-caption\">Graphique d&rsquo;impact du Score NeuronUP.<\/figcaption><\/figure>\n\n\n\n<div style=\"height:50px\" aria-hidden=\"true\" class=\"wp-block-spacer\"><\/div>\n\n\n\n<p>Si vous souhaitez en savoir plus sur le Score NeuronUP, <a href=\"https:\/\/neuronup.com\/fr\/documentation-neuronup-score-beta\/\" data-type=\"link\" data-id=\"https:\/\/neuronup.com\/fr\/documentation-neuronup-score-beta\/\">consultez la documentation ici.<\/a><\/p>\n\n\n","protected":false},"excerpt":{"rendered":"<p>Vous souhaitez mesurer les progr\u00e8s de vos patients avec des graphiques d&rsquo;\u00e9volution ? Vous aimeriez comparer les donn\u00e9es de vos patients avec leurs r\u00e9sultats pr\u00e9c\u00e9dents ? Vous \u00eates int\u00e9ress\u00e9 par l&rsquo;affichage des donn\u00e9es d&rsquo;intervention \u00e0 vos patients et \u00e0 leurs proches ? Dans cet article, nous expliquons comment y parvenir gr\u00e2ce au Score NeuronUP. Qu&rsquo;est-ce &hellip;<\/p>\n","protected":false},"author":7,"featured_media":0,"parent":32257,"menu_order":0,"comment_status":"closed","ping_status":"closed","template":"","meta":{"_acf_changed":false,"_genesis_hide_title":false,"_genesis_hide_breadcrumbs":false,"_genesis_hide_singular_image":false,"_genesis_hide_footer_widgets":false,"_genesis_custom_body_class":"","_genesis_custom_post_class":"","_genesis_layout":"","footnotes":""},"class_list":{"1":"page","2":"type-page","5":"entry"},"acf":[],"_links":{"self":[{"href":"https:\/\/neuronup.com\/fr\/wp-json\/wp\/v2\/pages\/32286","targetHints":{"allow":["GET"]}}],"collection":[{"href":"https:\/\/neuronup.com\/fr\/wp-json\/wp\/v2\/pages"}],"about":[{"href":"https:\/\/neuronup.com\/fr\/wp-json\/wp\/v2\/types\/page"}],"author":[{"embeddable":true,"href":"https:\/\/neuronup.com\/fr\/wp-json\/wp\/v2\/users\/7"}],"replies":[{"embeddable":true,"href":"https:\/\/neuronup.com\/fr\/wp-json\/wp\/v2\/comments?post=32286"}],"version-history":[{"count":0,"href":"https:\/\/neuronup.com\/fr\/wp-json\/wp\/v2\/pages\/32286\/revisions"}],"up":[{"embeddable":true,"href":"https:\/\/neuronup.com\/fr\/wp-json\/wp\/v2\/pages\/32257"}],"wp:attachment":[{"href":"https:\/\/neuronup.com\/fr\/wp-json\/wp\/v2\/media?parent=32286"}],"curies":[{"name":"wp","href":"https:\/\/api.w.org\/{rel}","templated":true}]}}