{"id":32281,"date":"2024-10-30T12:39:55","date_gmt":"2024-10-30T10:39:55","guid":{"rendered":"https:\/\/neuronup.com\/fr\/?page_id=32281"},"modified":"2026-01-29T17:55:29","modified_gmt":"2026-01-29T15:55:29","slug":"avantages-de-la-creation-d-utilisateurs-dans-neuronup","status":"publish","type":"page","link":"https:\/\/neuronup.com\/fr\/produit\/avantages-de-la-creation-d-utilisateurs-dans-neuronup\/","title":{"rendered":"Avantages de la cr\u00e9ation d&#8217;utilisateurs dans NeuronUP"},"content":{"rendered":"\n<p class=\"has-xl-font-size\">Combien de syst\u00e8mes utilisez-vous pour <strong>suivre les informations de vos patiens <\/strong>? <strong style=\"color:#00abc7;\">Cr\u00e9er un profil pour chaque patient dans NeuronUP<\/strong> vous permettra d&rsquo;avoir <strong>toutes les informations<\/strong> concernant leurs sessions et r\u00e9sultats regroup\u00e9es en un seul endroit et de <strong>mesurer leurs progr\u00e8s<\/strong>.<\/p>\n\n\n\n<h2 class=\"wp-block-heading\">Qu&rsquo;est-ce qu&rsquo;un utilisateur dans NeuronUP ?<\/h2>\n\n\n\n<p><strong>Chez NeuronUP, nous appelons les patients des \u00ab\u00a0utilisateurs\u00a0\u00bb<\/strong>. Si vous pr\u00e9f\u00e9rez utiliser un autre terme, vous pouvez le faire. Vous avez le choix entre patients, utilisateurs ou \u00e9l\u00e8ves.<\/p>\n\n\n\n<h2 class=\"wp-block-heading\">Avantages de cr\u00e9er des utilisateurs dans NeuronUP<\/h2>\n\n\n\n<ol class=\"wp-block-list\">\n<li>Regrouper et <strong>organiser les informations de vos utilisateurs<\/strong>.<\/li>\n\n\n\n<li><strong>D\u00e9finir<\/strong> <strong>les professionnels<\/strong> qui travailleront avec chaque utilisateur.<\/li>\n\n\n\n<li>Cr\u00e9er des <strong>sessions et programmes personnalis\u00e9s<\/strong> pour chaque utilisateur.<\/li>\n\n\n\n<li>Renforcer le travail effectu\u00e9 dans votre centre gr\u00e2ce aux <strong>sessions \u00e0 domicile<\/strong>.<\/li>\n\n\n\n<li><strong>Travailler avec plusieurs utilisateurs en m\u00eame temps<\/strong> lors d&rsquo;une session, chacun \u00e0 son rythme !<\/li>\n\n\n\n<li>Les <strong>r\u00e9sultats des utilisateurs<\/strong> sont <strong>enregistr\u00e9s automatiquement<\/strong>.<\/li>\n\n\n\n<li><strong>Mesurer les progr\u00e8s de chaque utilisateur<\/strong> avec NeuronUP Score.<\/li>\n<\/ol>\n\n\n\n<p class=\"has-text-align-left br-0101 has-custom-11-background-color has-background has-lg-font-size has-xxl-margin-top\">De plus, n&rsquo;oubliez pas que <strong>tous les plans NeuronUP incluent des utilisateurs\/patients illimit\u00e9s<\/strong>. Nous ne facturons pas davantage pour vos patients. Avec NeuronUP, vous pouvez travailler avec autant d&rsquo;utilisateurs et de patients que n\u00e9cessaire.<\/p>\n\n\n\n<div style=\"height:50px\" aria-hidden=\"true\" class=\"wp-block-spacer\"><\/div>\n\n\n<div class=\"wp-block-image\">\n<figure class=\"aligncenter size-full\"><img decoding=\"async\" width=\"1080\" height=\"1080\" src=\"https:\/\/neuronup.com\/fr\/wp-content\/uploads\/2025\/08\/Ventajas-de-crear-usuarios-en-NeuronUP-FR.webp\" alt=\"Infographie des avantages de cr\u00e9er des utilisateurs dans NeuronUP FR : regroupement, suivi des progr\u00e8s et personnalisation des sessions.\"utilisateurs dans NeuronUP\" class=\"wp-image-41558\" srcset=\"https:\/\/neuronup.com\/fr\/wp-content\/uploads\/2025\/08\/Ventajas-de-crear-usuarios-en-NeuronUP-FR-24x24.webp 24w, https:\/\/neuronup.com\/fr\/wp-content\/uploads\/2025\/08\/Ventajas-de-crear-usuarios-en-NeuronUP-FR-48x48.webp 48w, https:\/\/neuronup.com\/fr\/wp-content\/uploads\/2025\/08\/Ventajas-de-crear-usuarios-en-NeuronUP-FR-80x80.webp 80w, https:\/\/neuronup.com\/fr\/wp-content\/uploads\/2025\/08\/Ventajas-de-crear-usuarios-en-NeuronUP-FR-96x96.webp 96w, https:\/\/neuronup.com\/fr\/wp-content\/uploads\/2025\/08\/Ventajas-de-crear-usuarios-en-NeuronUP-FR-150x150.webp 150w, https:\/\/neuronup.com\/fr\/wp-content\/uploads\/2025\/08\/Ventajas-de-crear-usuarios-en-NeuronUP-FR-300x300.webp 300w, https:\/\/neuronup.com\/fr\/wp-content\/uploads\/2025\/08\/Ventajas-de-crear-usuarios-en-NeuronUP-FR-768x768.webp 768w, https:\/\/neuronup.com\/fr\/wp-content\/uploads\/2025\/08\/Ventajas-de-crear-usuarios-en-NeuronUP-FR-1024x1024.webp 1024w, https:\/\/neuronup.com\/fr\/wp-content\/uploads\/2025\/08\/Ventajas-de-crear-usuarios-en-NeuronUP-FR.webp 1080w\" sizes=\"(max-width: 1080px) 100vw, 1080px\" \/><\/figure>\n<\/div>\n\n\n<h3 class=\"wp-block-heading\">1. Regrouper et <strong>organiser les informations de vos patients<\/strong><\/h3>\n\n\n\n<div class=\"wp-block-columns is-layout-flex wp-container-core-columns-is-layout-9d6595d7 wp-block-columns-is-layout-flex\">\n<div class=\"wp-block-column is-layout-flow wp-block-column-is-layout-flow\">\n<p>NeuronUP vous permet d&rsquo;avoir <strong>toutes les informations de vos <mark style=\"background-color:rgba(0, 0, 0, 0);color:#4d5968\" class=\"has-inline-color\">patient<\/mark>s<\/strong>, leurs rapports, tests m\u00e9dicaux, notes, plannings, r\u00e9sultats d&rsquo;activit\u00e9s, etc. <strong>Toutes regroup\u00e9es et organis\u00e9es en un seul endroit, toujours accessibles et s\u00e9curis\u00e9es.<\/strong> Cela vous aide \u00e9galement \u00e0 maintenir la confidentialit\u00e9 des <mark style=\"background-color:rgba(0, 0, 0, 0);color:#4d5968\" class=\"has-inline-color\">patient<\/mark>s.<\/p>\n<\/div>\n\n\n\n<div class=\"wp-block-column is-layout-flow wp-block-column-is-layout-flow\">\n<figure class=\"wp-block-image size-full is-resized\"><img decoding=\"async\" width=\"505\" height=\"723\" src=\"https:\/\/neuronup.com\/fr\/wp-content\/uploads\/2025\/08\/Usuario-fr.webp\" alt=\"Interface de gestion des utilisateurs montrant profil Emma Bernard: informations g\u00e9n\u00e9rales et diagnostic Alzheimer, rapports.\" class=\"wp-image-41629\" style=\"width:325px;height:auto\" srcset=\"https:\/\/neuronup.com\/fr\/wp-content\/uploads\/2025\/08\/Usuario-fr-210x300.webp 210w, https:\/\/neuronup.com\/fr\/wp-content\/uploads\/2025\/08\/Usuario-fr.webp 505w\" sizes=\"(max-width: 505px) 100vw, 505px\" \/><\/figure>\n<\/div>\n<\/div>\n\n\n\n<h3 class=\"wp-block-heading\">2. <strong>D\u00e9finir<\/strong> <strong>les professionnels<\/strong> qui travailleront avec chaque patient <\/h3>\n\n\n\n<p>Vous pouvez d\u00e9finir quels professionnels travailleront avec ce <mark style=\"background-color:rgba(0, 0, 0, 0);color:#4d5968\" class=\"has-inline-color\">patient<\/mark>. Cela est utile lorsque plusieurs professionnels travaillent avec le m\u00eame <mark style=\"background-color:rgba(0, 0, 0, 0);color:#4d5968\" class=\"has-inline-color\">patient <\/mark>dans le centre.<\/p>\n\n\n\n<h3 class=\"wp-block-heading\">3. <strong>Cr\u00e9er des sessions et programmes personnalis\u00e9s<\/strong> pour chaque patient<\/h3>\n\n\n\n<p>Cr\u00e9er un utilisateur dans NeuronUP vous permet de concevoir des sessions et programmes personnalis\u00e9s qui <strong>s&rsquo;adaptent \u00e0 leur niveau cognitif et \u00e0 leurs besoins sp\u00e9cifiques<\/strong>.<\/p>\n\n\n\n<h3 class=\"wp-block-heading\">4. <strong>Renforcer le travail effectu\u00e9 dans votre centre avec des <strong>sessions \u00e0 domicile<\/strong><\/strong><\/h3>\n\n\n\n<div class=\"wp-block-columns is-layout-flex wp-container-core-columns-is-layout-9d6595d7 wp-block-columns-is-layout-flex\">\n<div class=\"wp-block-column is-layout-flow wp-block-column-is-layout-flow\">\n<p>Saviez-vous qu&rsquo;avec NeuronUP, vous pouvez <strong>envoyer des sessions \u00e0 domicile \u00e0 vos <\/strong><mark style=\"background-color:rgba(0, 0, 0, 0);color:#4d5968\" class=\"has-inline-color\"><strong>patients <\/strong><\/mark>pour renforcer le travail effectu\u00e9 dans votre centre ?<\/p>\n\n\n\n<p>Comment ? Tr\u00e8s simplement ! Votre <mark style=\"background-color:rgba(0, 0, 0, 0);color:#4d5968\" class=\"has-inline-color\">patient <\/mark>n&rsquo;a qu&rsquo;\u00e0 acc\u00e9der aux sessions que vous, en tant que professionnel, avez con\u00e7ues pour lui depuis le confort de son domicile.<\/p>\n<\/div>\n\n\n\n<div class=\"wp-block-column is-layout-flow wp-block-column-is-layout-flow\">\n<figure class=\"wp-block-image size-full image-interface\"><img decoding=\"async\" width=\"768\" height=\"422\" src=\"https:\/\/neuronup.com\/fr\/wp-content\/uploads\/2024\/10\/enfants-travailler-avec-les-sessions-neuronup-pour-gagner-du-temps.webp\" alt=\"Enfant assis \u00e0 une table utilise une tablette avec des couleurs vives et des graphiques interactifs sur l\u2019\u00e9cran.\" class=\"wp-image-31583\" srcset=\"https:\/\/neuronup.com\/fr\/wp-content\/uploads\/2024\/10\/enfants-travailler-avec-les-sessions-neuronup-pour-gagner-du-temps-300x165.webp 300w, https:\/\/neuronup.com\/fr\/wp-content\/uploads\/2024\/10\/enfants-travailler-avec-les-sessions-neuronup-pour-gagner-du-temps.webp 768w\" sizes=\"(max-width: 768px) 100vw, 768px\" \/><figcaption class=\"wp-element-caption\">Un enfant r\u00e9alisant une session NeuronUP depuis chez lui.<\/figcaption><\/figure>\n<\/div>\n<\/div>\n\n\n\n<h3 class=\"wp-block-heading\">5. <strong>Travailler avec plusieurs patients m\u00eame temps<\/strong> lors d&rsquo;une session, chacun \u00e0 son rythme !<\/h3>\n\n\n\n<div class=\"wp-block-columns is-layout-flex wp-container-core-columns-is-layout-9d6595d7 wp-block-columns-is-layout-flex\">\n<div class=\"wp-block-column is-layout-flow wp-block-column-is-layout-flow\">\n<p>Avec NeuronUP, vous pouvez faire en sorte que <strong>vos <mark style=\"background-color:rgba(0, 0, 0, 0);color:#4d5968\" class=\"has-inline-color\">patient<\/mark>s travaillent sur la m\u00eame session simultan\u00e9ment sur diff\u00e9rents appareils.<\/strong><\/p>\n\n\n\n<p>Cette fonctionnalit\u00e9 vous permettra de <strong>gagner du temps<\/strong>, et vous n&rsquo;aurez pas \u00e0 vous soucier d&rsquo;ajuster le niveau pour chaque utilisateur. <strong>La plateforme ajuste automatiquement les activit\u00e9s de la session au niveau de chaque utilisateur !<\/strong><\/p>\n<\/div>\n\n\n\n<div class=\"wp-block-column is-layout-flow wp-block-column-is-layout-flow\">\n<figure class=\"wp-block-image size-full image-interface\"><img decoding=\"async\" width=\"768\" height=\"388\" src=\"https:\/\/neuronup.com\/fr\/wp-content\/uploads\/2024\/10\/personnes-avec-syndrome-de-down-cantabrie.webp\" alt=\"Groupe de personnes atteintes du syndrome de Down assis autour d&#039;une table, chacun utilisant une tablette avec NeuronUP.\" class=\"wp-image-31581\" srcset=\"https:\/\/neuronup.com\/fr\/wp-content\/uploads\/2024\/10\/personnes-avec-syndrome-de-down-cantabrie-300x152.webp 300w, https:\/\/neuronup.com\/fr\/wp-content\/uploads\/2024\/10\/personnes-avec-syndrome-de-down-cantabrie.webp 768w\" sizes=\"(max-width: 768px) 100vw, 768px\" \/><figcaption class=\"wp-element-caption\">Un groupe de personnes avec le syndrome de Down travaillant avec NeuronUP.<\/figcaption><\/figure>\n<\/div>\n<\/div>\n\n\n\n<h3 class=\"wp-block-heading\">6. Les <strong>r\u00e9sultats des patients<\/strong> <strong>sont enregistr\u00e9s automatiquement<\/strong><\/h3>\n\n\n\n<div class=\"wp-block-columns is-layout-flex wp-container-core-columns-is-layout-9d6595d7 wp-block-columns-is-layout-flex\">\n<div class=\"wp-block-column is-layout-flow wp-block-column-is-layout-flow\">\n<p>Chaque fois qu&rsquo;un <mark style=\"background-color:rgba(0, 0, 0, 0);color:#4d5968\" class=\"has-inline-color\">patient <\/mark>termine une activit\u00e9 ou une session dans NeuronUP, <strong>les r\u00e9sultats sont automatiquement enregistr\u00e9s<\/strong> dans son profil.<\/p>\n\n\n\n<p>Cette fonctionnalit\u00e9 vous permet de <strong>r\u00e9ajuster la th\u00e9rapie<\/strong> en fonction des progr\u00e8s de chaque <mark style=\"background-color:rgba(0, 0, 0, 0);color:#4d5968\" class=\"has-inline-color\">patient<\/mark>, <strong>favorisant une am\u00e9lioration continue et structur\u00e9e.<\/strong><\/p>\n<\/div>\n\n\n\n<div class=\"wp-block-column is-layout-flow wp-block-column-is-layout-flow\">\n<figure class=\"wp-block-image size-full\"><img decoding=\"async\" width=\"536\" height=\"400\" src=\"https:\/\/neuronup.com\/fr\/wp-content\/uploads\/2024\/11\/Produit-Resultats-en-temps-reel.webp\" alt=\"Tableau de bord affichant Francisco Ramirez et des niveaux 6 \u00e0 8 avec barres color\u00e9es indiquant l\u2019\u00e9tat des sessions dans les param\u00e8tres.\" class=\"wp-image-35882\" srcset=\"https:\/\/neuronup.com\/fr\/wp-content\/uploads\/2024\/11\/Produit-Resultats-en-temps-reel-300x224.webp 300w, https:\/\/neuronup.com\/fr\/wp-content\/uploads\/2024\/11\/Produit-Resultats-en-temps-reel-400x300.webp 400w, https:\/\/neuronup.com\/fr\/wp-content\/uploads\/2024\/11\/Produit-Resultats-en-temps-reel.webp 536w\" sizes=\"(max-width: 536px) 100vw, 536px\" \/><\/figure>\n<\/div>\n<\/div>\n\n\n\n<h3 class=\"wp-block-heading\">7. <strong>Mesurez les progr\u00e8s de chaque utilisateur<\/strong> avec NeuronUP Score<\/h3>\n\n\n\n<div class=\"wp-block-columns is-layout-flex wp-container-core-columns-is-layout-9d6595d7 wp-block-columns-is-layout-flex\">\n<div class=\"wp-block-column is-layout-flow wp-block-column-is-layout-flow\">\n<p>NeuronUP Score est le score utilis\u00e9 pour mesurer les progr\u00e8s des <mark style=\"background-color:rgba(0, 0, 0, 0);color:#4d5968\" class=\"has-inline-color\">patient<\/mark>s dans NeuronUP. Ce score vous permet de comparer les donn\u00e9es de vos <mark style=\"background-color:rgba(0, 0, 0, 0);color:#4d5968\" class=\"has-inline-color\">patient<\/mark>s avec leurs r\u00e9sultats pass\u00e9s pour un meilleur suivi.<\/p>\n<\/div>\n\n\n\n<div class=\"wp-block-column is-layout-flow wp-block-column-is-layout-flow\">\n<figure class=\"wp-block-image size-full\"><img decoding=\"async\" width=\"546\" height=\"418\" src=\"https:\/\/neuronup.com\/fr\/wp-content\/uploads\/2024\/11\/Produit-NeuronUP-Score.webp\" alt=\"Tableau de bord d&#039;une application d&#039;\u00e9valuations cognitives montrant des noms d&#039;utilisateurs et des scores en pourcentage.\" class=\"wp-image-35881\" srcset=\"https:\/\/neuronup.com\/fr\/wp-content\/uploads\/2024\/11\/Produit-NeuronUP-Score-300x230.webp 300w, https:\/\/neuronup.com\/fr\/wp-content\/uploads\/2024\/11\/Produit-NeuronUP-Score.webp 546w\" sizes=\"(max-width: 546px) 100vw, 546px\" \/><\/figure>\n<\/div>\n<\/div>\n\n\n\n<div style=\"height:80px\" aria-hidden=\"true\" class=\"wp-block-spacer\"><\/div>\n\n\n\n<div class=\"wp-block-group\"><div class=\"wp-block-group__inner-container is-layout-constrained wp-block-group-is-layout-constrained\">\n<div class=\"wp-block-columns is-layout-flex wp-container-core-columns-is-layout-9d6595d7 wp-block-columns-is-layout-flex\">\n<div class=\"wp-block-column is-vertically-aligned-stretch br-0111 p-5 particle-bg anims-fadein-up has-primary-background-color has-background is-layout-flow wp-block-column-is-layout-flow\">\n<h2 class=\"wp-block-heading has-white-color has-text-color\">En savoir plus sur <br><strong>NeuronUP<\/strong><\/h2>\n\n\n\n<div class=\"wp-block-buttons is-layout-flex wp-block-buttons-is-layout-flex\">\n<div class=\"wp-block-button--1\" style=\"--button-outline-color:var(--color-white);--button-outline-color-hover:rgba(0,0,0,0.8);\"><a class=\"wp-block-button__link button button-outline   wp-element-button\" href=\"https:\/\/neuronup.com\/fr\/demande-informations\/\">Demander des informations<\/a><\/div>\n\n<\/div>\n<\/div>\n\n\n\n<div class=\"wp-block-column is-vertically-aligned-stretch br-0111 p-5 particle-bg anims-fadein-up has-primary-background-color has-background is-layout-flow wp-block-column-is-layout-flow\">\n<h2 class=\"wp-block-heading has-white-color has-text-color\">Essayez-le gratuitement<\/h2>\n\n\n\n<p class=\"has-white-color has-text-color\">La plateforme que plus de <strong>7 000 professionnels<\/strong> utilisent chaque jour<\/p>\n\n\n\n<div class=\"wp-block-buttons is-layout-flex wp-block-buttons-is-layout-flex\">\n<div class=\"wp-block-button orange-button\" style=\"--button-background:var(--color-custom-1);--button-background-hover:#cc7e00;\"><a class=\"wp-block-button__link button   wp-element-button\" href=\"https:\/\/neuronup.com\/fr\/landing\/\">Demander un essai<img decoding=\"async\" class=\"wp-image-18719\" style=\"width: 8px;\" src=\"\/wp-content\/uploads\/2022\/v3\/icon_rightArrow-white.svg\"><\/a><\/div>\n\n<\/div>\n<\/div>\n<\/div>\n<\/div><\/div>\n\n\n\n<div style=\"height:80px\" aria-hidden=\"true\" class=\"wp-block-spacer\"><\/div>\n\n\n\n<h2 class=\"wp-block-heading\">Comment cr\u00e9er un profil utilisateur dans NeuronUP ?<\/h2>\n\n\n\n<p>Voici une explication \u00e9tape par \u00e9tape pour cr\u00e9er un profil utilisateur dans NeuronUP :<\/p>\n\n\n\n<h3 class=\"wp-block-heading\">1. Cliquez sur \u00ab\u00a0Gestion des utilisateurs\u00a0\u00bb<\/h3>\n\n\n\n<div class=\"wp-block-columns is-layout-flex wp-container-core-columns-is-layout-9d6595d7 wp-block-columns-is-layout-flex\">\n<div class=\"wp-block-column is-layout-flow wp-block-column-is-layout-flow\">\n<p>Pour commencer, cliquez sur l&rsquo;onglet \u00ab\u00a0<strong>Gestion des utilisateurs<\/strong>\u00a0\u00bb en haut de votre \u00e9cran.<\/p>\n<\/div>\n\n\n\n<div class=\"wp-block-column is-layout-flow wp-block-column-is-layout-flow\">\n<figure class=\"wp-block-image size-full image-interface\"><img decoding=\"async\" width=\"1078\" height=\"620\" src=\"https:\/\/neuronup.com\/fr\/wp-content\/uploads\/2025\/08\/Gestion-des-utilisateurs.webp\" alt=\"Interface de gestion des utilisateurs sur NeuronUP: Activit\u00e9s num\u00e9riques avec vignettes color\u00e9es et menu Zoom et Utilisateurs.\" class=\"wp-image-41567\" srcset=\"https:\/\/neuronup.com\/fr\/wp-content\/uploads\/2025\/08\/Gestion-des-utilisateurs-300x173.webp 300w, https:\/\/neuronup.com\/fr\/wp-content\/uploads\/2025\/08\/Gestion-des-utilisateurs-768x442.webp 768w, https:\/\/neuronup.com\/fr\/wp-content\/uploads\/2025\/08\/Gestion-des-utilisateurs-1024x589.webp 1024w, https:\/\/neuronup.com\/fr\/wp-content\/uploads\/2025\/08\/Gestion-des-utilisateurs.webp 1078w\" sizes=\"(max-width: 1078px) 100vw, 1078px\" \/><\/figure>\n<\/div>\n<\/div>\n\n\n\n<div style=\"height:50px\" aria-hidden=\"true\" class=\"wp-block-spacer\"><\/div>\n\n\n\n<h3 class=\"wp-block-heading\">2. Cliquez sur \u00ab\u00a0Nouvel utilisateur\u00a0\u00bb<\/h3>\n\n\n\n<div class=\"wp-block-columns is-layout-flex wp-container-core-columns-is-layout-9d6595d7 wp-block-columns-is-layout-flex\">\n<div class=\"wp-block-column is-layout-flow wp-block-column-is-layout-flow\">\n<p>Ensuite, cliquez sur \u00ab\u00a0<strong>Nouvel utilisateur<\/strong>\u00ab\u00a0, sur le c\u00f4t\u00e9 droit de la plateforme.<\/p>\n\n\n\n<ol class=\"wp-block-list\">\n<li><strong>Entrez le pr\u00e9nom et le nom<\/strong> de votre utilisateur.<\/li>\n\n\n\n<li>T\u00e9l\u00e9chargez une photo de votre patient ou choisissez un avatar.<\/li>\n\n\n\n<li>Cliquez sur \u00ab\u00a0<strong>Cr\u00e9er<\/strong>\u00ab\u00a0.<\/li>\n<\/ol>\n<\/div>\n\n\n\n<div class=\"wp-block-column is-layout-flow wp-block-column-is-layout-flow\">\n<figure class=\"wp-block-image size-full image-interface\"><img decoding=\"async\" width=\"1088\" height=\"646\" src=\"https:\/\/neuronup.com\/fr\/wp-content\/uploads\/2025\/08\/Crear-paciente-fr.webp\" alt=\"Interface de gestion des patients sur NeuronUP FR: liste \u00e0 gauche, ajout \u00e0 droite (pr\u00e9nom, photo) et bouton Cr\u00e9er.\" class=\"wp-image-41630\" srcset=\"https:\/\/neuronup.com\/fr\/wp-content\/uploads\/2025\/08\/Crear-paciente-fr-300x178.webp 300w, https:\/\/neuronup.com\/fr\/wp-content\/uploads\/2025\/08\/Crear-paciente-fr-768x456.webp 768w, https:\/\/neuronup.com\/fr\/wp-content\/uploads\/2025\/08\/Crear-paciente-fr-1024x608.webp 1024w, https:\/\/neuronup.com\/fr\/wp-content\/uploads\/2025\/08\/Crear-paciente-fr.webp 1088w\" sizes=\"(max-width: 1088px) 100vw, 1088px\" \/><\/figure>\n<\/div>\n<\/div>\n\n\n\n<div style=\"height:50px\" aria-hidden=\"true\" class=\"wp-block-spacer\"><\/div>\n\n\n\n<h3 class=\"wp-block-heading\">3. Compl\u00e9tez le profil utilisateur<\/h3>\n\n\n\n<div class=\"wp-block-columns is-layout-flex wp-container-core-columns-is-layout-9d6595d7 wp-block-columns-is-layout-flex\">\n<div class=\"wp-block-column is-layout-flow wp-block-column-is-layout-flow\">\n<p>Une fois le profil utilisateur cr\u00e9\u00e9, vous pouvez ajouter toutes les informations souhait\u00e9es : formation, historique professionnel, diagnostic, etc. Pour compl\u00e9ter ces informations, cliquez sur \u00ab\u00a0<strong>Modifier<\/strong>\u00ab\u00a0.<\/p>\n<\/div>\n\n\n\n<div class=\"wp-block-column is-layout-flow wp-block-column-is-layout-flow\">\n<figure class=\"wp-block-image size-full image-interface\"><img decoding=\"async\" width=\"1148\" height=\"692\" src=\"https:\/\/neuronup.com\/fr\/wp-content\/uploads\/2025\/08\/Modificar-usuarios-FR-01-01.webp\" alt=\"Interface utilisateur montrant le profil Carmen Ferrando, informations cl\u00e9s, diagnostic Alzheimer et acc\u00e8s NeuronIPG2G.\" class=\"wp-image-41690\" srcset=\"https:\/\/neuronup.com\/fr\/wp-content\/uploads\/2025\/08\/Modificar-usuarios-FR-01-01-300x181.webp 300w, https:\/\/neuronup.com\/fr\/wp-content\/uploads\/2025\/08\/Modificar-usuarios-FR-01-01-768x463.webp 768w, https:\/\/neuronup.com\/fr\/wp-content\/uploads\/2025\/08\/Modificar-usuarios-FR-01-01-1024x617.webp 1024w, https:\/\/neuronup.com\/fr\/wp-content\/uploads\/2025\/08\/Modificar-usuarios-FR-01-01.webp 1148w\" sizes=\"(max-width: 1148px) 100vw, 1148px\" \/><\/figure>\n<\/div>\n<\/div>\n\n\n\n<div style=\"height:50px\" aria-hidden=\"true\" class=\"wp-block-spacer\"><\/div>\n\n\n\n<h2 class=\"wp-block-heading\">Que peut-on faire depuis l\u2019\u00e9cran de gestion des utilisateurs dans NeuronUP ?<\/h2>\n\n\n\n<p>Depuis l\u2019\u00e9cran de gestion des utilisateurs dans NeuronUP, vous pouvez :<\/p>\n\n\n\n<ol class=\"wp-block-list\">\n<li><strong>Ajouter les informations de vos utilisateurs<\/strong>.<\/li>\n\n\n\n<li><strong>D\u00e9finir <\/strong>les <strong>professionnels<\/strong> qui travailleront avec cet utilisateur. Cela est utile lorsque plusieurs professionnels travaillent avec le m\u00eame utilisateur dans le centre.<\/li>\n\n\n\n<li>Cr\u00e9er et g\u00e9rer les <strong>donn\u00e9es d&rsquo;acc\u00e8s \u00e0 NeuronUP2GO<\/strong> (sessions \u00e0 domicile pour NeuronUP).<\/li>\n\n\n\n<li><strong>Acheter des sessions \u00e0 domicile<\/strong> pour l&rsquo;utilisateur.<\/li>\n\n\n\n<li>Voir et <strong>g\u00e9rer les sessions de l&rsquo;utilisateur<\/strong>.<\/li>\n\n\n\n<li>Voir et <strong>g\u00e9rer les programmes de l&rsquo;utilisateur<\/strong>.<\/li>\n\n\n\n<li><strong>Acc\u00e9der au score de l&rsquo;utilisateur<\/strong>.<\/li>\n<\/ol>\n\n\n<div class=\"wp-block-image\">\n<figure class=\"aligncenter size-full is-resized\"><img decoding=\"async\" width=\"1080\" height=\"1080\" src=\"https:\/\/neuronup.com\/fr\/wp-content\/uploads\/2025\/08\/\u00bfQue-puedo-hacer-desde-la-pantalla-de-gestion-de-usuarios-de-NeuronUP-FR-1-1.webp\" alt=\"Interface de gestion des utilisateurs NeuronUP FR avec sessions, programmes, scores, infos et professionnels assign\u00e9s.\" class=\"wp-image-41689\" style=\"width:800px;height:auto\" srcset=\"https:\/\/neuronup.com\/fr\/wp-content\/uploads\/2025\/08\/\u00bfQue-puedo-hacer-desde-la-pantalla-de-gestion-de-usuarios-de-NeuronUP-FR-1-1-24x24.webp 24w, https:\/\/neuronup.com\/fr\/wp-content\/uploads\/2025\/08\/\u00bfQue-puedo-hacer-desde-la-pantalla-de-gestion-de-usuarios-de-NeuronUP-FR-1-1-48x48.webp 48w, https:\/\/neuronup.com\/fr\/wp-content\/uploads\/2025\/08\/\u00bfQue-puedo-hacer-desde-la-pantalla-de-gestion-de-usuarios-de-NeuronUP-FR-1-1-80x80.webp 80w, https:\/\/neuronup.com\/fr\/wp-content\/uploads\/2025\/08\/\u00bfQue-puedo-hacer-desde-la-pantalla-de-gestion-de-usuarios-de-NeuronUP-FR-1-1-96x96.webp 96w, https:\/\/neuronup.com\/fr\/wp-content\/uploads\/2025\/08\/\u00bfQue-puedo-hacer-desde-la-pantalla-de-gestion-de-usuarios-de-NeuronUP-FR-1-1-150x150.webp 150w, https:\/\/neuronup.com\/fr\/wp-content\/uploads\/2025\/08\/\u00bfQue-puedo-hacer-desde-la-pantalla-de-gestion-de-usuarios-de-NeuronUP-FR-1-1-300x300.webp 300w, https:\/\/neuronup.com\/fr\/wp-content\/uploads\/2025\/08\/\u00bfQue-puedo-hacer-desde-la-pantalla-de-gestion-de-usuarios-de-NeuronUP-FR-1-1-768x768.webp 768w, https:\/\/neuronup.com\/fr\/wp-content\/uploads\/2025\/08\/\u00bfQue-puedo-hacer-desde-la-pantalla-de-gestion-de-usuarios-de-NeuronUP-FR-1-1-1024x1024.webp 1024w, https:\/\/neuronup.com\/fr\/wp-content\/uploads\/2025\/08\/\u00bfQue-puedo-hacer-desde-la-pantalla-de-gestion-de-usuarios-de-NeuronUP-FR-1-1.webp 1080w\" sizes=\"(max-width: 1080px) 100vw, 1080px\" \/><\/figure>\n<\/div>","protected":false},"excerpt":{"rendered":"<p>Combien de syst\u00e8mes utilisez-vous pour suivre les informations de vos patiens ? Cr\u00e9er un profil pour chaque patient dans NeuronUP vous permettra d&rsquo;avoir toutes les informations concernant leurs sessions et r\u00e9sultats regroup\u00e9es en un seul endroit et de mesurer leurs progr\u00e8s. Qu&rsquo;est-ce qu&rsquo;un utilisateur dans NeuronUP ? Chez NeuronUP, nous appelons les patients des \u00ab\u00a0utilisateurs\u00a0\u00bb. &hellip;<\/p>\n","protected":false},"author":167,"featured_media":0,"parent":32257,"menu_order":0,"comment_status":"closed","ping_status":"closed","template":"","meta":{"_acf_changed":false,"_genesis_hide_title":false,"_genesis_hide_breadcrumbs":false,"_genesis_hide_singular_image":false,"_genesis_hide_footer_widgets":false,"_genesis_custom_body_class":"","_genesis_custom_post_class":"","_genesis_layout":"","footnotes":""},"class_list":{"1":"page","2":"type-page","5":"entry"},"acf":[],"_links":{"self":[{"href":"https:\/\/neuronup.com\/fr\/wp-json\/wp\/v2\/pages\/32281","targetHints":{"allow":["GET"]}}],"collection":[{"href":"https:\/\/neuronup.com\/fr\/wp-json\/wp\/v2\/pages"}],"about":[{"href":"https:\/\/neuronup.com\/fr\/wp-json\/wp\/v2\/types\/page"}],"author":[{"embeddable":true,"href":"https:\/\/neuronup.com\/fr\/wp-json\/wp\/v2\/users\/167"}],"replies":[{"embeddable":true,"href":"https:\/\/neuronup.com\/fr\/wp-json\/wp\/v2\/comments?post=32281"}],"version-history":[{"count":0,"href":"https:\/\/neuronup.com\/fr\/wp-json\/wp\/v2\/pages\/32281\/revisions"}],"up":[{"embeddable":true,"href":"https:\/\/neuronup.com\/fr\/wp-json\/wp\/v2\/pages\/32257"}],"wp:attachment":[{"href":"https:\/\/neuronup.com\/fr\/wp-json\/wp\/v2\/media?parent=32281"}],"curies":[{"name":"wp","href":"https:\/\/api.w.org\/{rel}","templated":true}]}}