{"id":32279,"date":"2024-10-30T12:12:57","date_gmt":"2024-10-30T10:12:57","guid":{"rendered":"https:\/\/neuronup.com\/fr\/?page_id=32279"},"modified":"2026-01-29T17:55:28","modified_gmt":"2026-01-29T15:55:28","slug":"telerehabilitation-rehabilitation-cognitive-a-distance-avec-neuronup","status":"publish","type":"page","link":"https:\/\/neuronup.com\/fr\/produit\/telerehabilitation-rehabilitation-cognitive-a-distance-avec-neuronup\/","title":{"rendered":"T\u00e9l\u00e9r\u00e9habilitation : r\u00e9habilitation cognitive \u00e0 distance avec NeuronUP"},"content":{"rendered":"\n<p class=\"has-xl-font-size\">Souhaitez-vous <strong>travailler \u00e0 distance avec vos patients<\/strong> ? NeuronUP vous permet de <strong style=\"color:#00abc7;\">cr\u00e9er des sessions \u00e0 domicile<\/strong> pour renforcer le travail r\u00e9alis\u00e9 dans votre centre, \u00e9viter l\u2019interruption des th\u00e9rapies pendant les vacances ou en cas de maladies, et faciliter l\u2019intervention pour les personnes ayant des difficult\u00e9s de d\u00e9placement. Profitez de la <strong>t\u00e9l\u00e9r\u00e9habilitation<\/strong> et essayez la <strong>r\u00e9habilitation cognitive \u00e0 distance<\/strong> avec NeuronUP2GO !<\/p>\n\n\n\n<h2 class=\"wp-block-heading\">Qu&rsquo;est-ce que NeuronUP2GO ?<\/h2>\n\n\n\n<p>C\u2019est le syst\u00e8me de <strong>sessions \u00e0 domicile de NeuronUP<\/strong>.<\/p>\n\n\n\n<h2 class=\"wp-block-heading\">Avantages de la t\u00e9l\u00e9r\u00e9habilitation avec NeuronUP<\/h2>\n\n\n\n<p>Travailler \u00e0 distance avec vos patients offre de nombreux avantages, tant pour vous en tant que professionnel que pour vos patients. Nous les d\u00e9taillons ci-dessous :<\/p>\n\n\n\n<h3 class=\"wp-block-heading\">Avantages de la t\u00e9l\u00e9r\u00e9habilitation avec NeuronUP pour les professionnels<\/h3>\n\n\n\n<ol class=\"wp-block-list\">\n<li><strong>Renforcer<\/strong> les activit\u00e9s r\u00e9alis\u00e9es au cabinet.<\/li>\n\n\n\n<li><strong>\u00c9viter les interruptions de th\u00e9rapie<\/strong> lorsque votre patient est malade, en d\u00e9placement professionnel ou en vacances.<\/li>\n\n\n\n<li><strong>Faciliter l\u2019intervention<\/strong> pour les personnes ayant des difficult\u00e9s de d\u00e9placement.<\/li>\n\n\n\n<li><strong>\u00c9tendre la port\u00e9e de votre activit\u00e9<\/strong> en g\u00e9rant la r\u00e9habilitation de patients situ\u00e9s dans diff\u00e9rentes r\u00e9gions du monde.<\/li>\n\n\n\n<li>Effectuer une intervention \u00e0 distance <strong>contr\u00f4l\u00e9e et personnalis\u00e9e<\/strong>, puisque tous les r\u00e9sultats sont enregistr\u00e9s sur la plateforme.<\/li>\n\n\n\n<li><strong>R\u00e9ajuster la th\u00e9rapie<\/strong> selon les progr\u00e8s de chaque patient, favorisant une am\u00e9lioration continue et programm\u00e9e.<\/li>\n<\/ol>\n\n\n\n<figure class=\"wp-block-image size-full\"><img decoding=\"async\" width=\"1080\" height=\"1080\" src=\"https:\/\/neuronup.com\/fr\/wp-content\/uploads\/2024\/11\/Avantages-de-la-telereadaptation-avec-NeuronUP-por-les-professionnels.webp\" alt=\"Graphique illustrant les b\u00e9n\u00e9fices de la t\u00e9l\u00e9r\u00e9adaptation avec NeuronUP: ic\u00f4nes et fl\u00e8ches sur l\u2019intervention \u00e0 distance.\" class=\"wp-image-36083\" srcset=\"https:\/\/neuronup.com\/fr\/wp-content\/uploads\/2024\/11\/Avantages-de-la-telereadaptation-avec-NeuronUP-por-les-professionnels-24x24.webp 24w, https:\/\/neuronup.com\/fr\/wp-content\/uploads\/2024\/11\/Avantages-de-la-telereadaptation-avec-NeuronUP-por-les-professionnels-48x48.webp 48w, https:\/\/neuronup.com\/fr\/wp-content\/uploads\/2024\/11\/Avantages-de-la-telereadaptation-avec-NeuronUP-por-les-professionnels-80x80.webp 80w, https:\/\/neuronup.com\/fr\/wp-content\/uploads\/2024\/11\/Avantages-de-la-telereadaptation-avec-NeuronUP-por-les-professionnels-96x96.webp 96w, https:\/\/neuronup.com\/fr\/wp-content\/uploads\/2024\/11\/Avantages-de-la-telereadaptation-avec-NeuronUP-por-les-professionnels-150x150.webp 150w, https:\/\/neuronup.com\/fr\/wp-content\/uploads\/2024\/11\/Avantages-de-la-telereadaptation-avec-NeuronUP-por-les-professionnels-300x300.webp 300w, https:\/\/neuronup.com\/fr\/wp-content\/uploads\/2024\/11\/Avantages-de-la-telereadaptation-avec-NeuronUP-por-les-professionnels-768x768.webp 768w, https:\/\/neuronup.com\/fr\/wp-content\/uploads\/2024\/11\/Avantages-de-la-telereadaptation-avec-NeuronUP-por-les-professionnels-1024x1024.webp 1024w, https:\/\/neuronup.com\/fr\/wp-content\/uploads\/2024\/11\/Avantages-de-la-telereadaptation-avec-NeuronUP-por-les-professionnels.webp 1080w\" sizes=\"(max-width: 1080px) 100vw, 1080px\" \/><\/figure>\n\n\n\n<div style=\"height:100px\" aria-hidden=\"true\" class=\"wp-block-spacer\"><\/div>\n\n\n\n<div class=\"wp-block-group\"><div class=\"wp-block-group__inner-container is-layout-constrained wp-block-group-is-layout-constrained\">\n<div class=\"wp-block-columns is-layout-flex wp-container-core-columns-is-layout-9d6595d7 wp-block-columns-is-layout-flex\">\n<div class=\"wp-block-column is-vertically-aligned-stretch br-0111 p-5 particle-bg anims-fadein-up has-primary-background-color has-background is-layout-flow wp-block-column-is-layout-flow\">\n<h2 class=\"wp-block-heading has-white-color has-text-color\">En savoir plus sur <br><strong>NeuronUP<\/strong><\/h2>\n\n\n\n<div class=\"wp-block-buttons is-layout-flex wp-block-buttons-is-layout-flex\">\n<div class=\"wp-block-button--1\" style=\"--button-outline-color:var(--color-white);--button-outline-color-hover:rgba(0,0,0,0.8);\"><a class=\"wp-block-button__link button button-outline   wp-element-button\" href=\"https:\/\/neuronup.com\/fr\/demande-informations\/\">Demander des informations<\/a><\/div>\n\n<\/div>\n<\/div>\n\n\n\n<div class=\"wp-block-column is-vertically-aligned-stretch br-0111 p-5 particle-bg anims-fadein-up has-primary-background-color has-background is-layout-flow wp-block-column-is-layout-flow\">\n<h2 class=\"wp-block-heading has-white-color has-text-color\">Essayez-le gratuitement<\/h2>\n\n\n\n<p class=\"has-white-color has-text-color\">La plateforme que plus de <strong>7 000 professionnels<\/strong> utilisent chaque jour<\/p>\n\n\n\n<div class=\"wp-block-buttons is-layout-flex wp-block-buttons-is-layout-flex\">\n<div class=\"wp-block-button orange-button\" style=\"--button-background:var(--color-custom-1);--button-background-hover:#cc7e00;\"><a class=\"wp-block-button__link button   wp-element-button\" href=\"https:\/\/neuronup.com\/fr\/landing\/\">Demander un essai<img decoding=\"async\" class=\"wp-image-18719\" style=\"width: 8px;\" src=\"\/wp-content\/uploads\/2022\/v3\/icon_rightArrow-white.svg\"><\/a><\/div>\n\n<\/div>\n<\/div>\n<\/div>\n<\/div><\/div>\n\n\n\n<div style=\"height:80px\" aria-hidden=\"true\" class=\"wp-block-spacer\"><\/div>\n\n\n\n<h3 class=\"wp-block-heading\">Avantages de la t\u00e9l\u00e9r\u00e9habilitation avec NeuronUP pour vos patients<\/h3>\n\n\n\n<ol class=\"wp-block-list\">\n<li><strong>Poursuivre la r\u00e9habilitation depuis le confort de leur domicile<\/strong> \u00e0 tout moment de la journ\u00e9e.<\/li>\n\n\n\n<li><strong>Maintenir la th\u00e9rapie \u00e0 distance<\/strong> lorsqu\u2019ils sont <strong>malades, en d\u00e9placement ou en vacances.<\/strong><\/li>\n\n\n\n<li><strong>\u00c9viter les d\u00e9placements<\/strong>, un atout essentiel pour les personnes \u00e0 mobilit\u00e9 r\u00e9duite.<\/li>\n\n\n\n<li><strong>Renforcer<\/strong> les activit\u00e9s travaill\u00e9es en consultation.<\/li>\n\n\n\n<li><strong>Favoriser l\u2019adh\u00e9sion au traitement.<\/strong><\/li>\n<\/ol>\n\n\n\n<figure class=\"wp-block-image size-full\"><img decoding=\"async\" width=\"1080\" height=\"1080\" src=\"https:\/\/neuronup.com\/fr\/wp-content\/uploads\/2024\/11\/Avantages-de-la-telereadaptation-avec-NeuronUP-por-vos-utilisateurs.webp\" alt=\"Graphique illustrant les b\u00e9n\u00e9fices de la t\u00e9l\u00e9r\u00e9adaptation pour les utilisateurs, avec ic\u00f4nes et texte explicatif.\" class=\"wp-image-36074\" srcset=\"https:\/\/neuronup.com\/fr\/wp-content\/uploads\/2024\/11\/Avantages-de-la-telereadaptation-avec-NeuronUP-por-vos-utilisateurs-24x24.webp 24w, https:\/\/neuronup.com\/fr\/wp-content\/uploads\/2024\/11\/Avantages-de-la-telereadaptation-avec-NeuronUP-por-vos-utilisateurs-48x48.webp 48w, https:\/\/neuronup.com\/fr\/wp-content\/uploads\/2024\/11\/Avantages-de-la-telereadaptation-avec-NeuronUP-por-vos-utilisateurs-80x80.webp 80w, https:\/\/neuronup.com\/fr\/wp-content\/uploads\/2024\/11\/Avantages-de-la-telereadaptation-avec-NeuronUP-por-vos-utilisateurs-96x96.webp 96w, https:\/\/neuronup.com\/fr\/wp-content\/uploads\/2024\/11\/Avantages-de-la-telereadaptation-avec-NeuronUP-por-vos-utilisateurs-150x150.webp 150w, https:\/\/neuronup.com\/fr\/wp-content\/uploads\/2024\/11\/Avantages-de-la-telereadaptation-avec-NeuronUP-por-vos-utilisateurs-300x300.webp 300w, https:\/\/neuronup.com\/fr\/wp-content\/uploads\/2024\/11\/Avantages-de-la-telereadaptation-avec-NeuronUP-por-vos-utilisateurs-768x768.webp 768w, https:\/\/neuronup.com\/fr\/wp-content\/uploads\/2024\/11\/Avantages-de-la-telereadaptation-avec-NeuronUP-por-vos-utilisateurs-1024x1024.webp 1024w, https:\/\/neuronup.com\/fr\/wp-content\/uploads\/2024\/11\/Avantages-de-la-telereadaptation-avec-NeuronUP-por-vos-utilisateurs.webp 1080w\" sizes=\"(max-width: 1080px) 100vw, 1080px\" \/><\/figure>\n\n\n\n<h2 class=\"wp-block-heading\">Comment se d\u00e9roule la r\u00e9habilitation cognitive \u00e0 distance avec NeuronUP ?<\/h2>\n\n\n\n<p>Voici une explication \u00e9tape par \u00e9tape de <strong>comment fonctionne la t\u00e9l\u00e9r\u00e9habilitation avec NeuronUP :<\/strong><\/p>\n\n\n\n<div class=\"wp-block-columns are-vertically-aligned-top is-layout-flex wp-container-core-columns-is-layout-9d6595d7 wp-block-columns-is-layout-flex\">\n<div class=\"wp-block-column is-layout-flow wp-block-column-is-layout-flow\" style=\"flex-basis:50%\">\n<h3 class=\"wp-block-heading\">1. Le professionnel <strong>planifie les sessions \u00e0 distance<\/strong><\/h3>\n\n\n\n<p>Le professionnel <strong>planifie les activit\u00e9s en fonction<\/strong> des besoins et des caract\u00e9ristiques de chaque utilisateur, \u00e9l\u00e8ve ou patient.<\/p>\n<\/div>\n\n\n\n<div class=\"wp-block-column is-layout-flow wp-block-column-is-layout-flow\" style=\"flex-basis:50%\">\n<figure class=\"wp-block-image size-full\"><img decoding=\"async\" width=\"1024\" height=\"721\" src=\"https:\/\/neuronup.com\/fr\/wp-content\/uploads\/2024\/10\/le-professionnel-guide-les-activites-illustrateur.webp\" alt=\"Femme professionnelle en blouse blanche tient un clipboard et pointe un \u00e9cran affichant une ic\u00f4ne de manette de jeu.\" class=\"wp-image-31611\" srcset=\"https:\/\/neuronup.com\/fr\/wp-content\/uploads\/2024\/10\/le-professionnel-guide-les-activites-illustrateur-300x211.webp 300w, https:\/\/neuronup.com\/fr\/wp-content\/uploads\/2024\/10\/le-professionnel-guide-les-activites-illustrateur-768x541.webp 768w, https:\/\/neuronup.com\/fr\/wp-content\/uploads\/2024\/10\/le-professionnel-guide-les-activites-illustrateur.webp 1024w\" sizes=\"(max-width: 1024px) 100vw, 1024px\" \/><\/figure>\n<\/div>\n<\/div>\n\n\n\n<div style=\"height:50px\" aria-hidden=\"true\" class=\"wp-block-spacer\"><\/div>\n\n\n\n<div class=\"wp-block-columns are-vertically-aligned-top is-layout-flex wp-container-core-columns-is-layout-9d6595d7 wp-block-columns-is-layout-flex\">\n<div class=\"wp-block-column is-layout-flow wp-block-column-is-layout-flow\" style=\"flex-basis:50%\">\n<h3 class=\"wp-block-heading\">2. Le patient se connecte <strong>depuis chez lui<\/strong> et r\u00e9alise les activit\u00e9s<\/h3>\n\n\n\n<p>Le patient se connecte depuis chez lui \u00e0 l&rsquo;aide des identifiants personnels fournis au pr\u00e9alable par le professionnel, et <strong>r\u00e9alise les activit\u00e9s.<\/strong><\/p>\n<\/div>\n\n\n\n<div class=\"wp-block-column is-layout-flow wp-block-column-is-layout-flow\" style=\"flex-basis:50%\">\n<figure class=\"wp-block-image size-full\"><img decoding=\"async\" width=\"1024\" height=\"721\" src=\"https:\/\/neuronup.com\/fr\/wp-content\/uploads\/2024\/10\/l-utilisateur-effectue-les-activites-illustrateur.webp\" alt=\"Deux maisons stylis\u00e9es montrent un homme sur ordinateur et une femme sur tablette, reli\u00e9s par une connexion visuelle avec des ic\u00f4nes de jeux et de param\u00e8tres.\" class=\"wp-image-31612\" srcset=\"https:\/\/neuronup.com\/fr\/wp-content\/uploads\/2024\/10\/l-utilisateur-effectue-les-activites-illustrateur-300x211.webp 300w, https:\/\/neuronup.com\/fr\/wp-content\/uploads\/2024\/10\/l-utilisateur-effectue-les-activites-illustrateur-768x541.webp 768w, https:\/\/neuronup.com\/fr\/wp-content\/uploads\/2024\/10\/l-utilisateur-effectue-les-activites-illustrateur.webp 1024w\" sizes=\"(max-width: 1024px) 100vw, 1024px\" \/><\/figure>\n<\/div>\n<\/div>\n\n\n\n<div style=\"height:50px\" aria-hidden=\"true\" class=\"wp-block-spacer\"><\/div>\n\n\n\n<div class=\"wp-block-columns are-vertically-aligned-top is-layout-flex wp-container-core-columns-is-layout-9d6595d7 wp-block-columns-is-layout-flex\">\n<div class=\"wp-block-column is-layout-flow wp-block-column-is-layout-flow\" style=\"flex-basis:54%\">\n<h3 class=\"wp-block-heading\">3. <strong>NeuronUP enregistre automatiquement les r\u00e9sultats<\/strong><\/h3>\n\n\n\n<p>\u00c0 chaque fois que le patient r\u00e9alise une activit\u00e9 de la session, les <strong>r\u00e9sultats sont automatiquement enregistr\u00e9s dans son profil.<\/strong> Cette fonctionnalit\u00e9 vous permet de voir son <strong>\u00e9volution en temps r\u00e9el.<\/strong><\/p>\n<\/div>\n\n\n\n<div class=\"wp-block-column is-layout-flow wp-block-column-is-layout-flow\" style=\"flex-basis:46%\"><div class=\"wp-block-image\">\n<figure class=\"aligncenter size-full is-resized\"><img decoding=\"async\" width=\"768\" height=\"768\" src=\"https:\/\/neuronup.com\/fr\/wp-content\/uploads\/2024\/10\/neuronup-enregistre-automatiquement-les-resultats-illustrateur.webp\" alt=\"Graphique \u00e0 barres avec des lignes de tendance ascendantes et une feuille de v\u00e9rification sur fond bleu clair.\" class=\"wp-image-31613\" style=\"width:241px;height:241px\" srcset=\"https:\/\/neuronup.com\/fr\/wp-content\/uploads\/2024\/10\/neuronup-enregistre-automatiquement-les-resultats-illustrateur-24x24.webp 24w, https:\/\/neuronup.com\/fr\/wp-content\/uploads\/2024\/10\/neuronup-enregistre-automatiquement-les-resultats-illustrateur-48x48.webp 48w, https:\/\/neuronup.com\/fr\/wp-content\/uploads\/2024\/10\/neuronup-enregistre-automatiquement-les-resultats-illustrateur-80x80.webp 80w, https:\/\/neuronup.com\/fr\/wp-content\/uploads\/2024\/10\/neuronup-enregistre-automatiquement-les-resultats-illustrateur-96x96.webp 96w, https:\/\/neuronup.com\/fr\/wp-content\/uploads\/2024\/10\/neuronup-enregistre-automatiquement-les-resultats-illustrateur-150x150.webp 150w, https:\/\/neuronup.com\/fr\/wp-content\/uploads\/2024\/10\/neuronup-enregistre-automatiquement-les-resultats-illustrateur-300x300.webp 300w, https:\/\/neuronup.com\/fr\/wp-content\/uploads\/2024\/10\/neuronup-enregistre-automatiquement-les-resultats-illustrateur.webp 768w\" sizes=\"(max-width: 768px) 100vw, 768px\" \/><\/figure>\n<\/div><\/div>\n<\/div>\n\n\n\n<div style=\"height:50px\" aria-hidden=\"true\" class=\"wp-block-spacer\"><\/div>\n\n\n\n<div class=\"wp-block-columns are-vertically-aligned-top is-layout-flex wp-container-core-columns-is-layout-9d6595d7 wp-block-columns-is-layout-flex\">\n<div class=\"wp-block-column is-layout-flow wp-block-column-is-layout-flow\" style=\"flex-basis:50%\">\n<h3 class=\"wp-block-heading\">4. <strong>Le professionnel v\u00e9rifie les r\u00e9sultats<\/strong><\/h3>\n\n\n\n<p>Vous pouvez analyser les r\u00e9sultats de vos patients afin de <strong>r\u00e9ajuster la th\u00e9rapie<\/strong> selon leurs progr\u00e8s et de <strong>promouvoir une am\u00e9lioration continue et guid\u00e9e.<\/strong><\/p>\n<\/div>\n\n\n\n<div class=\"wp-block-column is-layout-flow wp-block-column-is-layout-flow\" style=\"flex-basis:50%\">\n<figure class=\"wp-block-image size-full\"><img decoding=\"async\" width=\"1024\" height=\"721\" src=\"https:\/\/neuronup.com\/fr\/wp-content\/uploads\/2024\/10\/le-professionnel-verifie-les-resultats-illustrateur.webp\" alt=\"Femme professionnelle en blouse blanche tient un stylo et un clipboard, expliquant des donn\u00e9es; en arri\u00e8re-plan, un graphique \u00e0 barres et une ligne.\" class=\"wp-image-31614\" srcset=\"https:\/\/neuronup.com\/fr\/wp-content\/uploads\/2024\/10\/le-professionnel-verifie-les-resultats-illustrateur-300x211.webp 300w, https:\/\/neuronup.com\/fr\/wp-content\/uploads\/2024\/10\/le-professionnel-verifie-les-resultats-illustrateur-768x541.webp 768w, https:\/\/neuronup.com\/fr\/wp-content\/uploads\/2024\/10\/le-professionnel-verifie-les-resultats-illustrateur.webp 1024w\" sizes=\"(max-width: 1024px) 100vw, 1024px\" \/><\/figure>\n<\/div>\n<\/div>\n\n\n\n<div style=\"height:50px\" aria-hidden=\"true\" class=\"wp-block-spacer\"><\/div>\n\n\n\n<div class=\"wp-block-columns are-vertically-aligned-top is-layout-flex wp-container-core-columns-is-layout-9d6595d7 wp-block-columns-is-layout-flex\">\n<div class=\"wp-block-column is-layout-flow wp-block-column-is-layout-flow\" style=\"flex-basis:50%\">\n<h3 class=\"wp-block-heading\">5. <strong>Recommencez !<\/strong> Planifiez la prochaine session<\/h3>\n<\/div>\n\n\n\n<div class=\"wp-block-column is-layout-flow wp-block-column-is-layout-flow\" style=\"flex-basis:50%\">\n<figure class=\"wp-block-image size-full\"><img decoding=\"async\" width=\"1024\" height=\"721\" src=\"https:\/\/neuronup.com\/fr\/wp-content\/uploads\/2024\/10\/retour-au-debut-des-activites-illustrateur.webp\" alt=\"Deux personnages stylis\u00e9s, un enfant blond et un adulte souriants, devant un \u00e9cran affichant un calendrier color\u00e9 et une manette.\" class=\"wp-image-31615\" srcset=\"https:\/\/neuronup.com\/fr\/wp-content\/uploads\/2024\/10\/retour-au-debut-des-activites-illustrateur-300x211.webp 300w, https:\/\/neuronup.com\/fr\/wp-content\/uploads\/2024\/10\/retour-au-debut-des-activites-illustrateur-768x541.webp 768w, https:\/\/neuronup.com\/fr\/wp-content\/uploads\/2024\/10\/retour-au-debut-des-activites-illustrateur.webp 1024w\" sizes=\"(max-width: 1024px) 100vw, 1024px\" \/><\/figure>\n<\/div>\n<\/div>\n","protected":false},"excerpt":{"rendered":"<p>Souhaitez-vous travailler \u00e0 distance avec vos patients ? NeuronUP vous permet de cr\u00e9er des sessions \u00e0 domicile pour renforcer le travail r\u00e9alis\u00e9 dans votre centre, \u00e9viter l\u2019interruption des th\u00e9rapies pendant les vacances ou en cas de maladies, et faciliter l\u2019intervention pour les personnes ayant des difficult\u00e9s de d\u00e9placement. Profitez de la t\u00e9l\u00e9r\u00e9habilitation et essayez la &hellip;<\/p>\n","protected":false},"author":7,"featured_media":0,"parent":32257,"menu_order":0,"comment_status":"closed","ping_status":"closed","template":"","meta":{"_acf_changed":false,"_genesis_hide_title":false,"_genesis_hide_breadcrumbs":false,"_genesis_hide_singular_image":false,"_genesis_hide_footer_widgets":false,"_genesis_custom_body_class":"","_genesis_custom_post_class":"","_genesis_layout":"","footnotes":""},"class_list":{"1":"page","2":"type-page","5":"entry"},"acf":[],"_links":{"self":[{"href":"https:\/\/neuronup.com\/fr\/wp-json\/wp\/v2\/pages\/32279","targetHints":{"allow":["GET"]}}],"collection":[{"href":"https:\/\/neuronup.com\/fr\/wp-json\/wp\/v2\/pages"}],"about":[{"href":"https:\/\/neuronup.com\/fr\/wp-json\/wp\/v2\/types\/page"}],"author":[{"embeddable":true,"href":"https:\/\/neuronup.com\/fr\/wp-json\/wp\/v2\/users\/7"}],"replies":[{"embeddable":true,"href":"https:\/\/neuronup.com\/fr\/wp-json\/wp\/v2\/comments?post=32279"}],"version-history":[{"count":0,"href":"https:\/\/neuronup.com\/fr\/wp-json\/wp\/v2\/pages\/32279\/revisions"}],"up":[{"embeddable":true,"href":"https:\/\/neuronup.com\/fr\/wp-json\/wp\/v2\/pages\/32257"}],"wp:attachment":[{"href":"https:\/\/neuronup.com\/fr\/wp-json\/wp\/v2\/media?parent=32279"}],"curies":[{"name":"wp","href":"https:\/\/api.w.org\/{rel}","templated":true}]}}