{"id":32277,"date":"2024-10-30T12:01:48","date_gmt":"2024-10-30T10:01:48","guid":{"rendered":"https:\/\/neuronup.com\/fr\/?page_id=32277"},"modified":"2026-01-29T17:55:26","modified_gmt":"2026-01-29T15:55:26","slug":"types-dactivites-de-neuronup-generateurs-jeux-et-fiches","status":"publish","type":"page","link":"https:\/\/neuronup.com\/fr\/produit\/types-dactivites-de-neuronup-generateurs-jeux-et-fiches\/","title":{"rendered":"Types d\u2019activit\u00e9s de NeuronUP : g\u00e9n\u00e9rateurs, jeux et fiches"},"content":{"rendered":"\n<p class=\"has-xl-font-size has-xl-margin-bottom\">NeuronUP propose des centaines d&rsquo;exercices de stimulation cognitive. Ils sont tous divis\u00e9s en trois types d&rsquo;activit\u00e9s : les g\u00e9n\u00e9rateurs, les jeux et les fiches flash. Mais connaissez-vous <mark style=\"background-color:rgba(0, 0, 0, 0);color:#00abc7\" class=\"has-inline-color\">la diff\u00e9rence entre les 3 types d&rsquo;activit\u00e9s de NeuronUP<\/mark> ?<\/p>\n\n\n\n<p><mark style=\"background-color:rgba(0, 0, 0, 0);color:#4d5968\" class=\"has-inline-color\">Comprendre la diff\u00e9rence entre les fiches, les g\u00e9n\u00e9rateurs et les jeux <strong>vous permettra de choisir l&rsquo;activit\u00e9 la plus appropri\u00e9e en fonction de ce que vous voulez faire avec vos patients <\/strong>\u00e0 un moment donn\u00e9.<\/mark><\/p>\n\n\n\n<h2 class=\"wp-block-heading\">Types d&rsquo;activit\u00e9s de NeuronUP<\/h2>\n\n\n\n<p><mark style=\"background-color:rgba(0, 0, 0, 0);color:#4d5968\" class=\"has-inline-color\">Nous expliquons ci-dessous en d\u00e9tail la diff\u00e9rence entre les trois types d&rsquo;activit\u00e9s de NeuronUP.<\/mark><\/p>\n\n\n<div class=\"wp-block-image\">\n<figure class=\"aligncenter size-full\"><img decoding=\"async\" width=\"1024\" height=\"234\" src=\"https:\/\/neuronup.com\/fr\/wp-content\/uploads\/2024\/11\/Types-d-activites.webp\" alt=\"Tableau des types d\u2019activit\u00e9s NeuronUP: Activit\u00e9s, difficult\u00e9, versions, personnalisation et format.\" class=\"wp-image-35633\" style=\"object-fit:cover\" srcset=\"https:\/\/neuronup.com\/fr\/wp-content\/uploads\/2024\/11\/Types-d-activites-300x69.webp 300w, https:\/\/neuronup.com\/fr\/wp-content\/uploads\/2024\/11\/Types-d-activites-768x176.webp 768w, https:\/\/neuronup.com\/fr\/wp-content\/uploads\/2024\/11\/Types-d-activites.webp 1024w\" sizes=\"(max-width: 1024px) 100vw, 1024px\" \/><\/figure>\n<\/div>\n\n\n<div class=\"wp-block-buttons is-content-justification-center is-layout-flex wp-container-core-buttons-is-layout-16018d1d wp-block-buttons-is-layout-flex\">\n<div class=\"wp-block-button\"><a class=\"wp-block-button__link button wp-element-button\" href=\"#generateurs\">G\u00e9n\u00e9rateurs<\/a><\/div>\n\n\n\n<div class=\"wp-block-button\"><a class=\"wp-block-button__link button wp-element-button\" href=\"#jeux\">Jeux<\/a><\/div>\n\n\n\n<div class=\"wp-block-button\"><a class=\"wp-block-button__link button wp-element-button\" href=\"#fiches\">Fiches<\/a><\/div>\n<\/div>\n\n\n\n<h3 class=\"wp-block-heading\" id=\"generateurs\">1. G\u00e9n\u00e9rateurs<\/h3>\n\n\n\n<h4 class=\"wp-block-heading\">Qu&rsquo;est-ce que les g\u00e9n\u00e9rateurs ?<\/h4>\n\n\n\n<p><mark style=\"background-color:rgba(0, 0, 0, 0);color:#4d5968\" class=\"has-inline-color\">Les g\u00e9n\u00e9rateurs sont des activit\u00e9s illimit\u00e9es et respectueuses de l&rsquo;environnement. Ils emp\u00eachent le patient de m\u00e9moriser l&rsquo;exercice et l&rsquo;incitent \u00e0 se concentrer sur le processus en cr\u00e9ant une infinit\u00e9 de versions de la m\u00eame activit\u00e9, qui peuvent \u00eatre ex\u00e9cut\u00e9es num\u00e9riquement ou sur papier. En outre, ils sont hautement personnalisables afin de faciliter l&rsquo;introduction de stimuli significatifs.<\/mark><\/p>\n\n\n\n<h4 class=\"wp-block-heading\">Modes de travail<\/h4>\n\n\n\n<p><mark style=\"background-color:rgba(0, 0, 0, 0);color:#4d5968\" class=\"has-inline-color\">Les g\u00e9n\u00e9rateurs peuvent \u00eatre travaill\u00e9s de trois mani\u00e8res&nbsp;:<\/mark><\/p>\n\n\n\n<ol class=\"wp-block-list\">\n<li><mark style=\"background-color:rgba(0, 0, 0, 0);color:#4d5968\" class=\"has-inline-color\"><strong>Correction <\/strong>: la plateforme corrige le patient apr\u00e8s chaque action.<\/mark><\/li>\n\n\n\n<li><mark style=\"background-color:rgba(0, 0, 0, 0);color:#4d5968\" class=\"has-inline-color\"><strong>Libre<\/strong> : la plateforme ne corrige le patient qu&rsquo;\u00e0 la fin de l&rsquo;exercice. Elle ne lui dit pas s&rsquo;il s&rsquo;est tromp\u00e9 ou non au cours de l&rsquo;activit\u00e9.<\/mark><\/li>\n\n\n\n<li><mark style=\"background-color:rgba(0, 0, 0, 0);color:#4d5968\" class=\"has-inline-color\"><strong>Personnalis\u00e9<\/strong> : permet de personnaliser chaque g\u00e9n\u00e9rateur en fonction des besoins et des circonstances de chaque patient. Le mode personnalis\u00e9 permet d&rsquo;adapter :<\/mark>\n<ul class=\"wp-block-list\">\n<li><mark style=\"background-color:rgba(0, 0, 0, 0);color:#4d5968\" class=\"has-inline-color\">Les <strong>aspects g\u00e9n\u00e9raux<\/strong>. Ils sont les m\u00eames pour tous les g\u00e9n\u00e9rateurs. Vous pouvez choisir le mode de fonctionnement, adapter le temps, avertir le patient lorsqu&rsquo;il est inactif, adapter les instructions de l&rsquo;activit\u00e9 et ajouter une minuterie.<\/mark><\/li>\n\n\n\n<li><mark style=\"background-color:rgba(0, 0, 0, 0);color:#4d5968\" class=\"has-inline-color\">Les <strong>param\u00e8tres<\/strong>. Ils sont sp\u00e9cifiques \u00e0 l\u2019activit\u00e9.<\/mark><\/li>\n\n\n\n<li><mark style=\"background-color:rgba(0, 0, 0, 0);color:#4d5968\" class=\"has-inline-color\"><strong>Adaptabilit\u00e9<\/strong>. Elle permet de choisir entre glisser ou cliquer sur les \u00e9l\u00e9ments pour faciliter la t\u00e2che des utilisateurs ayant des probl\u00e8mes de motricit\u00e9 ou ne travaillant pas bien avec la souris ou les \u00e9crans tactiles. Elle n&rsquo;est pas disponible pour toutes les activit\u00e9s.<\/mark><\/li>\n<\/ul>\n<\/li>\n<\/ol>\n\n\n\n<h4 class=\"wp-block-heading\">Formats<\/h4>\n\n\n\n<p><mark style=\"background-color:rgba(0, 0, 0, 0);color:#4d5968\" class=\"has-inline-color\">Les g\u00e9n\u00e9rateurs sont disponibles en deux formats :<\/mark><\/p>\n\n\n\n<ul class=\"wp-block-list\">\n<li><mark style=\"background-color:rgba(0, 0, 0, 0);color:#4d5968\" class=\"has-inline-color\">Digital,<\/mark><\/li>\n\n\n\n<li><mark style=\"background-color:rgba(0, 0, 0, 0);color:#4d5968\" class=\"has-inline-color\">papier.<\/mark><\/li>\n<\/ul>\n\n\n\n<h4 class=\"wp-block-heading\">Exemple de g\u00e9n\u00e9rateur : <em>Paiements exacts<\/em><\/h4>\n\n\n\n<p><mark style=\"background-color:rgba(0, 0, 0, 0);color:#4d5968\" class=\"has-inline-color\"><em>Paiements exacts<\/em> est une activit\u00e9 avec des avantages pour la vie quotidienne.<\/mark><\/p>\n\n\n\n<h5 class=\"wp-block-heading\">En quoi consiste-t-elle ?<\/h5>\n\n\n\n<p><mark style=\"background-color:rgba(0, 0, 0, 0);color:#4d5968\" class=\"has-inline-color\">Le patient doit<strong> s\u00e9lectionner le montant d\u2019argent demand\u00e9 exact<\/strong>.<\/mark><\/p>\n\n\n\n<h5 class=\"wp-block-heading\">Que travaille cette activit\u00e9 ?<\/h5>\n\n\n\n<p><mark style=\"background-color:rgba(0, 0, 0, 0);color:#4d5968\" class=\"has-inline-color\">Cette activit\u00e9 travaille la <strong>m\u00e9moire de travail<\/strong>, les <strong>achats<\/strong> et la <strong>planification<\/strong>.<\/mark><\/p>\n\n\n\n<h5 class=\"wp-block-heading\">Personnalisation de l&rsquo;activit\u00e9<\/h5>\n\n\n\n<p><mark style=\"background-color:rgba(0, 0, 0, 0);color:#4d5968\" class=\"has-inline-color\">Dans <em>Paiements exacts<\/em>, comme dans tous les g\u00e9n\u00e9rateurs, vous pouvez personnaliser&nbsp;:<\/mark><\/p>\n\n\n\n<ul class=\"wp-block-list\">\n<li><mark style=\"background-color:rgba(0, 0, 0, 0);color:#4d5968\" class=\"has-inline-color\"><strong>Aspects g\u00e9n\u00e9raux<\/strong> : vous pouvez choisir le mode de travail, adapter l&rsquo;heure, avertir le patient lorsqu&rsquo;il est inactif, adapter les instructions d&rsquo;activit\u00e9 et ajouter un chronom\u00e8tre.<\/mark><\/li>\n\n\n\n<li><mark style=\"background-color:rgba(0, 0, 0, 0);color:#4d5968\" class=\"has-inline-color\"><strong>Param\u00e8tres<\/strong> : Dans ce cas, nous sommes dans une activit\u00e9 de manipulation d&rsquo;argent, vous pouvez donc choisir le type de monnaie, la quantit\u00e9 de billets\/pi\u00e8ces et leur valeur.<\/mark><\/li>\n\n\n\n<li><mark style=\"background-color:rgba(0, 0, 0, 0);color:#4d5968\" class=\"has-inline-color\"><strong>Adaptabilit\u00e9<\/strong> : vous pouvez choisir de faire glisser ou de cliquer.<\/mark><\/li>\n<\/ul>\n\n\n\n<h5 class=\"wp-block-heading\">Exemple<\/h5>\n\n\n\n<p><mark style=\"background-color:rgba(0, 0, 0, 0);color:#4d5968\" class=\"has-inline-color\">Dans la vid\u00e9o suivante, nous montrons un exemple de l&rsquo;activit\u00e9 en mode personnalis\u00e9, un mode qui nous permet d&rsquo;adapter cette activit\u00e9 aux besoins de chaque patient. Concr\u00e8tement, nous avons cr\u00e9\u00e9 une personnalisation destin\u00e9e aux patients mexicains. Pour ce faire, nous avons choisi des pesos mexicains au lieu d&rsquo;euros, et seulement des montants entiers jusqu&rsquo;\u00e0 10 000 pesos :<\/mark><\/p>\n\n\n\n<figure class=\"wp-block-embed aligncenter is-type-video is-provider-youtube wp-block-embed-youtube wp-embed-aspect-16-9 wp-has-aspect-ratio image-interface\"><div class=\"wp-block-embed__wrapper\">\n<iframe title=\"Personnaliser un ge\u0301ne\u0301rateur\" width=\"800\" height=\"450\" src=\"https:\/\/www.youtube.com\/embed\/tG06Z7-nyXw?feature=oembed\" frameborder=\"0\" allow=\"accelerometer; autoplay; clipboard-write; encrypted-media; gyroscope; picture-in-picture; web-share\" referrerpolicy=\"strict-origin-when-cross-origin\" allowfullscreen><\/iframe>\n<\/div><\/figure>\n\n\n\n<h3 class=\"wp-block-heading\" id=\"jeux\">2. Jeux<\/h3>\n\n\n\n<h4 class=\"wp-block-heading\">Que sont les jeux ?<\/h4>\n\n\n\n<p><mark style=\"background-color:rgba(0, 0, 0, 0);color:#4d5968\" class=\"has-inline-color\">Se sont des activit\u00e9s <strong>organis\u00e9es en diff\u00e9rents niveaux de difficult\u00e9<\/strong>, de sorte que le patient avance ou recule automatiquement en fonction de ses r\u00e9ussites ou de ses erreurs. Elles peuvent \u00e9galement \u00eatre <strong>personnalis\u00e9es<\/strong> pour r\u00e9pondre aux besoins de chaque <mark style=\"background-color:rgba(0, 0, 0, 0);color:#4d5968\" class=\"has-inline-color\">patient<\/mark>.<\/mark><\/p>\n\n\n\n<h4 class=\"wp-block-heading\">Jouer par niveau<\/h4>\n\n\n\n<p><mark style=\"background-color:rgba(0, 0, 0, 0);color:#4d5968\" class=\"has-inline-color\">Les jeux sont divis\u00e9s en diff\u00e9rents niveaux de difficult\u00e9. Ainsi, le <mark style=\"background-color:rgba(0, 0, 0, 0);color:#4d5968\" class=\"has-inline-color\">patient <\/mark>montera ou descendra de niveau en fonction de ses r\u00e9ussites ou de ses erreurs. En d&rsquo;autres termes, <strong>le <mark style=\"background-color:rgba(0, 0, 0, 0);color:#4d5968\" class=\"has-inline-color\">patient <\/mark>sera toujours au niveau qui lui correspond automatiquement<\/strong>.<\/mark><\/p>\n\n\n\n<h4 class=\"wp-block-heading\">Personnalisation de l&rsquo;activit\u00e9<\/h4>\n\n\n\n<p><mark style=\"background-color:rgba(0, 0, 0, 0);color:#4d5968\" class=\"has-inline-color\">Les jeux peuvent \u00eatre personnalis\u00e9s en fonction des caract\u00e9ristiques de chaque <mark style=\"background-color:rgba(0, 0, 0, 0);color:#4d5968\" class=\"has-inline-color\">patient<\/mark>. Vous pouvez personnaliser&nbsp;:<\/mark><\/p>\n\n\n\n<ul class=\"wp-block-list\">\n<li><mark style=\"background-color:rgba(0, 0, 0, 0);color:#4d5968\" class=\"has-inline-color\">Les <strong>aspects g\u00e9n\u00e9raux<\/strong>. Ils sont les m\u00eames pour tous les jeux. Vous pouvez choisir le nombre d&rsquo;exercices, adapter le temps, avertir le <mark style=\"background-color:rgba(0, 0, 0, 0);color:#4d5968\" class=\"has-inline-color\">patient <\/mark>lorsqu&rsquo;il est inactif, adapter les instructions de l&rsquo;activit\u00e9 et ajouter un chronom\u00e8tre.<\/mark><\/li>\n\n\n\n<li><mark style=\"background-color:rgba(0, 0, 0, 0);color:#4d5968\" class=\"has-inline-color\">Les <strong>param\u00e8tres<\/strong>. Ils sont sp\u00e9cifiques \u00e0 l&rsquo;activit\u00e9.<\/mark><\/li>\n\n\n\n<li><mark style=\"background-color:rgba(0, 0, 0, 0);color:#4d5968\" class=\"has-inline-color\"><strong>Adaptabilit\u00e9<\/strong>. Elle permet de choisir entre glisser ou cliquer sur les \u00e9l\u00e9ments pour faciliter la t\u00e2che des <mark style=\"background-color:rgba(0, 0, 0, 0);color:#4d5968\" class=\"has-inline-color\">patient<\/mark><\/mark>s <mark style=\"background-color:rgba(0, 0, 0, 0);color:#4d5968\" class=\"has-inline-color\">ayant des probl\u00e8mes de motricit\u00e9 ou ne se d\u00e9brouillant pas bien avec la souris ou les \u00e9crans tactiles. Elle n&rsquo;est pas disponible dans toutes les activit\u00e9s.<\/mark><\/li>\n<\/ul>\n\n\n\n<div style=\"height:50px\" aria-hidden=\"true\" class=\"wp-block-spacer\"><\/div>\n\n\n\n<div class=\"wp-block-group\"><div class=\"wp-block-group__inner-container is-layout-constrained wp-block-group-is-layout-constrained\">\n<div class=\"wp-block-columns is-layout-flex wp-container-core-columns-is-layout-9d6595d7 wp-block-columns-is-layout-flex\">\n<div class=\"wp-block-column is-vertically-aligned-stretch br-0111 p-5 particle-bg anims-fadein-up has-primary-background-color has-background is-layout-flow wp-block-column-is-layout-flow\">\n<h2 class=\"wp-block-heading has-white-color has-text-color\">En savoir plus sur <br><strong>NeuronUP<\/strong><\/h2>\n\n\n\n<div class=\"wp-block-buttons is-layout-flex wp-block-buttons-is-layout-flex\">\n<div class=\"wp-block-button--1\" style=\"--button-outline-color:var(--color-white);--button-outline-color-hover:rgba(0,0,0,0.8);\"><a class=\"wp-block-button__link button button-outline   wp-element-button\" href=\"https:\/\/neuronup.com\/fr\/demande-informations\/\">Demander des informations<\/a><\/div>\n\n<\/div>\n<\/div>\n\n\n\n<div class=\"wp-block-column is-vertically-aligned-stretch br-0111 p-5 particle-bg anims-fadein-up has-primary-background-color has-background is-layout-flow wp-block-column-is-layout-flow\">\n<h2 class=\"wp-block-heading has-white-color has-text-color\">Essayez-le gratuitement<\/h2>\n\n\n\n<p class=\"has-white-color has-text-color\">La plateforme que plus de <strong>7 000 professionnels<\/strong> utilisent chaque jour<\/p>\n\n\n\n<div class=\"wp-block-buttons is-layout-flex wp-block-buttons-is-layout-flex\">\n<div class=\"wp-block-button orange-button\" style=\"--button-background:var(--color-custom-1);--button-background-hover:#cc7e00;\"><a class=\"wp-block-button__link button   wp-element-button\" href=\"https:\/\/neuronup.com\/fr\/landing\/\">Demander un essai<img decoding=\"async\" class=\"wp-image-18719\" style=\"width: 8px;\" src=\"\/wp-content\/uploads\/2022\/v3\/icon_rightArrow-white.svg\"><\/a><\/div>\n\n<\/div>\n<\/div>\n<\/div>\n<\/div><\/div>\n\n\n\n<div style=\"height:50px\" aria-hidden=\"true\" class=\"wp-block-spacer\"><\/div>\n\n\n\n<h4 class=\"wp-block-heading\">Exemple de jeu : <em>Le potager du voisin<\/em><\/h4>\n\n\n\n<h5 class=\"wp-block-heading\">En quoi consiste-t-il ?<\/h5>\n\n\n\n<p><mark style=\"background-color:rgba(0, 0, 0, 0);color:#4d5968\" class=\"has-inline-color\"><em>Le potager du voisin<\/em> est un jeu NeuronUP qui consiste \u00e0 <strong>d\u00e9terminer la correspondance spatiale d&rsquo;un stimulus<\/strong>. Le <mark style=\"background-color:rgba(0, 0, 0, 0);color:#4d5968\" class=\"has-inline-color\">patient <\/mark>doit remplir son jardin de l\u00e9gumes en cliquant \u00e0 l&rsquo;endroit m\u00eame o\u00f9 ils sortent de l&rsquo;autre c\u00f4t\u00e9.<\/mark><\/p>\n\n\n\n<h5 class=\"wp-block-heading\">Que travaille cette activit\u00e9 ?<\/h5>\n\n\n\n<p><mark style=\"background-color:rgba(0, 0, 0, 0);color:#4d5968\" class=\"has-inline-color\">Ce jeu travaille la relation spatiale.<\/mark><\/p>\n\n\n\n<h5 class=\"wp-block-heading\">Jouer par niveau<\/h5>\n\n\n\n<p><mark style=\"background-color:rgba(0, 0, 0, 0);color:#4d5968\" class=\"has-inline-color\">Ce jeu est divis\u00e9 en <strong>douze<\/strong> niveaux de difficult\u00e9. Le <mark style=\"background-color:rgba(0, 0, 0, 0);color:#4d5968\" class=\"has-inline-color\">patient <\/mark><strong>monte ou descend automatiquement<\/strong> de niveau en fonction de ses r\u00e9ussites ou de ses erreurs.<\/mark><\/p>\n\n\n\n<h5 class=\"wp-block-heading\">Personnalisation de l&rsquo;activit\u00e9<\/h5>\n\n\n\n<p><mark style=\"background-color:rgba(0, 0, 0, 0);color:#4d5968\" class=\"has-inline-color\">De plus, vous pouvez personnaliser l&rsquo;activit\u00e9 en fonction des capacit\u00e9s de chaque patient :<\/mark><\/p>\n\n\n\n<ul class=\"wp-block-list\">\n<li><mark style=\"background-color:rgba(0, 0, 0, 0);color:#4d5968\" class=\"has-inline-color\"><strong>Aspects g\u00e9n\u00e9raux <\/strong>: vous pouvez choisir le nombre d&rsquo;exercices, adapter le temps, avertir le patient lorsqu&rsquo;il est inactif, adapter les instructions de l&rsquo;activit\u00e9 et ajouter une minuterie.<\/mark><\/li>\n\n\n\n<li><mark style=\"background-color:rgba(0, 0, 0, 0);color:#4d5968\" class=\"has-inline-color\"><strong>Param\u00e8tres<\/strong> : Dans ce cas, vous pouvez personnaliser la taille de la matrice, le nombre d&rsquo;\u00e9l\u00e9ments, les lignes de r\u00e9f\u00e9rence et les erreurs maximales.<\/mark><\/li>\n\n\n\n<li><mark style=\"background-color:rgba(0, 0, 0, 0);color:#4d5968\" class=\"has-inline-color\"><strong>Lat\u00e9ralit\u00e9<\/strong> : gauche ou droite, en fonction du fait que l&rsquo;on travaille avec des gauchers ou des droitiers.<\/mark><\/li>\n<\/ul>\n\n\n\n<figure class=\"wp-block-embed aligncenter is-type-video is-provider-youtube wp-block-embed-youtube wp-embed-aspect-16-9 wp-has-aspect-ratio image-interface\"><div class=\"wp-block-embed__wrapper\">\n<iframe title=\"Ouvrir, personnaliser et travailler avec les jeux NeuronUP\" width=\"800\" height=\"450\" src=\"https:\/\/www.youtube.com\/embed\/1hyk_N1n1Pg?feature=oembed\" frameborder=\"0\" allow=\"accelerometer; autoplay; clipboard-write; encrypted-media; gyroscope; picture-in-picture; web-share\" referrerpolicy=\"strict-origin-when-cross-origin\" allowfullscreen><\/iframe>\n<\/div><\/figure>\n\n\n\n<h3 class=\"wp-block-heading\" id=\"fiches\">3. Fiches<\/h3>\n\n\n\n<h4 class=\"wp-block-heading\">Que sont les fiches ?<\/h4>\n\n\n\n<p><mark style=\"background-color:rgba(0, 0, 0, 0);color:#4d5968\" class=\"has-inline-color\">Les fiches sont des activit\u00e9s <strong>organis\u00e9es selon des niveaux de difficult\u00e9<\/strong> et peuvent \u00eatre travaill\u00e9es <strong>num\u00e9riquement ou sur papier<\/strong>.<\/mark><\/p>\n\n\n\n<h4 class=\"wp-block-heading\">Niveaux de difficult\u00e9<\/h4>\n\n\n\n<p><mark style=\"background-color:rgba(0, 0, 0, 0);color:#4d5968\" class=\"has-inline-color\">Les fiches sont organis\u00e9es en cinq niveaux de difficult\u00e9&nbsp;:<\/mark><\/p>\n\n\n\n<ul class=\"wp-block-list\">\n<li><mark style=\"background-color:rgba(0, 0, 0, 0);color:#4d5968\" class=\"has-inline-color\">Basique,<\/mark><\/li>\n\n\n\n<li><mark style=\"background-color:rgba(0, 0, 0, 0);color:#4d5968\" class=\"has-inline-color\">facile,<\/mark><\/li>\n\n\n\n<li><mark style=\"background-color:rgba(0, 0, 0, 0);color:#4d5968\" class=\"has-inline-color\">moyen,<\/mark><\/li>\n\n\n\n<li><mark style=\"background-color:rgba(0, 0, 0, 0);color:#4d5968\" class=\"has-inline-color\">difficile,<\/mark><\/li>\n\n\n\n<li><mark style=\"background-color:rgba(0, 0, 0, 0);color:#4d5968\" class=\"has-inline-color\">avanc\u00e9.<\/mark><\/li>\n<\/ul>\n\n\n\n<h4 class=\"wp-block-heading\">Formes de travail<\/h4>\n\n\n\n<p><mark style=\"background-color:rgba(0, 0, 0, 0);color:#4d5968\" class=\"has-inline-color\">Les fiches peuvent \u00eatre travaill\u00e9es de deux fa\u00e7ons&nbsp;:<\/mark><\/p>\n\n\n\n<ul class=\"wp-block-list\">\n<li><mark style=\"background-color:rgba(0, 0, 0, 0);color:#4d5968\" class=\"has-inline-color\"><strong>Correction<\/strong> : la plateforme corrige le <mark style=\"background-color:rgba(0, 0, 0, 0);color:#4d5968\" class=\"has-inline-color\">patient <\/mark>apr\u00e8s chaque action,<\/mark><\/li>\n\n\n\n<li><mark style=\"background-color:rgba(0, 0, 0, 0);color:#4d5968\" class=\"has-inline-color\"><strong>libre<\/strong> : la plateforme ne corrige le <mark style=\"background-color:rgba(0, 0, 0, 0);color:#4d5968\" class=\"has-inline-color\">patient<\/mark> qu&rsquo;\u00e0 la fin de l&rsquo;exercice. Elle n&rsquo;indique pas si le <mark style=\"background-color:rgba(0, 0, 0, 0);color:#4d5968\" class=\"has-inline-color\">patient <\/mark>a juste ou se trompe au cours de l&rsquo;activit\u00e9.<\/mark><\/li>\n<\/ul>\n\n\n\n<h4 class=\"wp-block-heading\">Formats<\/h4>\n\n\n\n<p><mark style=\"background-color:rgba(0, 0, 0, 0);color:#4d5968\" class=\"has-inline-color\">Les fiches peuvent \u00eatre travaill\u00e9es dans deux formats&nbsp;:<\/mark><\/p>\n\n\n\n<ul class=\"wp-block-list\">\n<li><mark style=\"background-color:rgba(0, 0, 0, 0);color:#4d5968\" class=\"has-inline-color\">Digital,<\/mark><\/li>\n\n\n\n<li><mark style=\"background-color:rgba(0, 0, 0, 0);color:#4d5968\" class=\"has-inline-color\">papier.<\/mark><\/li>\n<\/ul>\n\n\n\n<h4 class=\"wp-block-heading\">Exemple : <em>Former des paires de figures<\/em><\/h4>\n\n\n\n<h5 class=\"wp-block-heading\">En quoi consiste-t-elle ?<\/h5>\n\n\n\n<p><mark style=\"background-color:rgba(0, 0, 0, 0);color:#4d5968\" class=\"has-inline-color\">Cette fiche consiste \u00e0<strong> joindre les figures avec leur partenaire correspondant<\/strong>.<\/mark><\/p>\n\n\n\n<h5 class=\"wp-block-heading\">Que travail cette activit\u00e9 ?<\/h5>\n\n\n\n<p><mark style=\"background-color:rgba(0, 0, 0, 0);color:#4d5968\" class=\"has-inline-color\">Il s\u2019agit d\u2019une fiche pour travailler l\u2019<strong>attention s\u00e9lective<\/strong>.<\/mark><\/p>\n\n\n\n<h5 class=\"wp-block-heading\">Jouer par niveau<\/h5>\n\n\n\n<p><mark style=\"background-color:rgba(0, 0, 0, 0);color:#4d5968\" class=\"has-inline-color\">Cette fiche comporte <strong>cinq<\/strong> niveaux de difficult\u00e9 : basique, facile, moyen, difficile et avanc\u00e9.<\/mark><\/p>\n\n\n\n<h5 class=\"wp-block-heading\">Exemple<\/h5>\n\n\n\n<p><mark style=\"background-color:rgba(0, 0, 0, 0);color:#4d5968\" class=\"has-inline-color\">Dans l\u2019exemple suivant, nous vous montrons comment r\u00e9aliser la fiche digitale<em> D\u00e9placements selon des normes<\/em> :<\/mark><\/p>\n\n\n\n<figure class=\"wp-block-embed aligncenter is-type-video is-provider-youtube wp-block-embed-youtube wp-embed-aspect-16-9 wp-has-aspect-ratio image-interface\"><div class=\"wp-block-embed__wrapper\">\n<iframe title=\"Ouvrir et travailler avec une fiche digitale\" width=\"800\" height=\"450\" src=\"https:\/\/www.youtube.com\/embed\/XjZpNkktoSs?feature=oembed\" frameborder=\"0\" allow=\"accelerometer; autoplay; clipboard-write; encrypted-media; gyroscope; picture-in-picture; web-share\" referrerpolicy=\"strict-origin-when-cross-origin\" allowfullscreen><\/iframe>\n<\/div><\/figure>\n","protected":false},"excerpt":{"rendered":"<p>NeuronUP propose des centaines d&rsquo;exercices de stimulation cognitive. Ils sont tous divis\u00e9s en trois types d&rsquo;activit\u00e9s : les g\u00e9n\u00e9rateurs, les jeux et les fiches flash. Mais connaissez-vous la diff\u00e9rence entre les 3 types d&rsquo;activit\u00e9s de NeuronUP ? Comprendre la diff\u00e9rence entre les fiches, les g\u00e9n\u00e9rateurs et les jeux vous permettra de choisir l&rsquo;activit\u00e9 la plus &hellip;<\/p>\n","protected":false},"author":167,"featured_media":0,"parent":32257,"menu_order":0,"comment_status":"closed","ping_status":"closed","template":"","meta":{"_acf_changed":false,"_genesis_hide_title":false,"_genesis_hide_breadcrumbs":false,"_genesis_hide_singular_image":false,"_genesis_hide_footer_widgets":false,"_genesis_custom_body_class":"","_genesis_custom_post_class":"","_genesis_layout":"","footnotes":""},"class_list":{"1":"page","2":"type-page","5":"entry"},"acf":[],"_links":{"self":[{"href":"https:\/\/neuronup.com\/fr\/wp-json\/wp\/v2\/pages\/32277","targetHints":{"allow":["GET"]}}],"collection":[{"href":"https:\/\/neuronup.com\/fr\/wp-json\/wp\/v2\/pages"}],"about":[{"href":"https:\/\/neuronup.com\/fr\/wp-json\/wp\/v2\/types\/page"}],"author":[{"embeddable":true,"href":"https:\/\/neuronup.com\/fr\/wp-json\/wp\/v2\/users\/167"}],"replies":[{"embeddable":true,"href":"https:\/\/neuronup.com\/fr\/wp-json\/wp\/v2\/comments?post=32277"}],"version-history":[{"count":0,"href":"https:\/\/neuronup.com\/fr\/wp-json\/wp\/v2\/pages\/32277\/revisions"}],"up":[{"embeddable":true,"href":"https:\/\/neuronup.com\/fr\/wp-json\/wp\/v2\/pages\/32257"}],"wp:attachment":[{"href":"https:\/\/neuronup.com\/fr\/wp-json\/wp\/v2\/media?parent=32277"}],"curies":[{"name":"wp","href":"https:\/\/api.w.org\/{rel}","templated":true}]}}