{"id":32274,"date":"2024-10-30T11:49:36","date_gmt":"2024-10-30T09:49:36","guid":{"rendered":"https:\/\/neuronup.com\/fr\/?page_id=32274"},"modified":"2026-01-29T17:55:25","modified_gmt":"2026-01-29T15:55:25","slug":"analysez-les-resultats-de-neuronup","status":"publish","type":"page","link":"https:\/\/neuronup.com\/fr\/produit\/analysez-les-resultats-de-neuronup\/","title":{"rendered":"Analysez les r\u00e9sultats de vos patients en temps r\u00e9el avec NeuronUP"},"content":{"rendered":"\n<p class=\"has-xl-font-size\">Recherchez-vous le moyen le plus rapide et le plus efficace pour<strong> <strong style=\"color:#00abc7;\">analyser et suivre les r\u00e9sultats de vos patients<\/strong><\/strong> ? NeuronUP vous permet de <strong>suivre les r\u00e9sultats de vos patients en temps r\u00e9el.<\/strong><\/p>\n\n\n\n<h2 class=\"wp-block-heading\">Quels sont les r\u00e9sultats de NeuronUP ?<\/h2>\n\n\n\n<p>Les r\u00e9sultats de NeuronUP <strong>refl\u00e8tent les performances du patient<\/strong> sur la plateforme.<\/p>\n\n\n\n<p>Chaque fois qu\u2019un de vos patients effectue une activit\u00e9 ou une session NeuronUP, les<strong> r\u00e9sultats sont automatiquement enregistr\u00e9s<\/strong> dans son profil.<\/p>\n\n\n\n<h3 class=\"wp-block-heading\">Indicateurs<\/h3>\n\n\n\n<p>NeuronUP dispose de<strong> six indicateurs<\/strong> pour montrer au professionnel comment le patient a r\u00e9alis\u00e9 l\u2019exercice :<\/p>\n\n\n\n<ol class=\"wp-block-list\">\n<li><strong>Exercice r\u00e9ussi :<\/strong> ce sont les exercices que le patient a compl\u00e9t\u00e9s parfaitement, sans une seule erreur. Ils sont affich\u00e9s en vert.<\/li>\n\n\n\n<li><strong>Exercice acceptable :<\/strong> ce sont les exercices que le patient a compl\u00e9t\u00e9s avec quelques erreurs. Ils sont affich\u00e9s en orange.<\/li>\n\n\n\n<li><strong>Exercice non r\u00e9ussi :<\/strong> ce sont les exercices que le patient n\u2019a pas r\u00e9ussi \u00e0 terminer. Ils sont affich\u00e9s en rouge.<\/li>\n\n\n\n<li><strong>Exercice incomplet :<\/strong> ce sont les exercices non termin\u00e9s. Ils sont affich\u00e9s en gris.<\/li>\n\n\n\n<li><strong>Phase sup\u00e9rieure atteinte :<\/strong> indique lorsque le patient a progress\u00e9 dans une phase. Cet indicateur appara\u00eet uniquement dans les jeux. Il est visuellement affich\u00e9 avec une fl\u00e8che verte vers le haut.<\/li>\n\n\n\n<li><strong>Phase r\u00e9trograd\u00e9e :<\/strong> indique lorsque le patient est redescendu d\u2019une phase. Cet indicateur appara\u00eet uniquement dans les jeux. Il est affich\u00e9 visuellement avec une fl\u00e8che rouge vers le haut.<\/li>\n<\/ol>\n\n\n\n<h3 class=\"wp-block-heading\">Exemple des r\u00e9sultats d\u2019un patient<\/h3>\n\n\n\n<p>Dans l\u2019exemple de l\u2019image suivante, nous voyons comment le patient a <strong>\u00e9chou\u00e9 au premier exercice, puis a r\u00e9ussi les cinq exercices suivants de la phase 1<\/strong> de l\u2019activit\u00e9 <em>Livraison \u00e0 domicile<\/em>. Apr\u00e8s avoir r\u00e9ussi le cinqui\u00e8me exercice, il a <strong>progress\u00e9 vers la phase suivante<\/strong>. Il a <strong>\u00e9chou\u00e9 au premier exercice de la phase 2<\/strong>, puis a <strong>r\u00e9ussi cinq exercices et est pass\u00e9 \u00e0 la phase 3<\/strong>. Dans la phase 3, il a r\u00e9ussi tous les exercices du premier coup, lui permettant ainsi de continuer \u00e0 progresser. S\u2019il avait <strong>\u00e9chou\u00e9 \u00e0 tous les exercices, il aurait \u00e9t\u00e9 r\u00e9trograd\u00e9 \u00e0 la phase pr\u00e9c\u00e9dente.<\/strong><\/p>\n\n\n\n<figure class=\"wp-block-image size-full image-interface\"><img decoding=\"async\" width=\"1488\" height=\"692\" src=\"https:\/\/neuronup.com\/fr\/wp-content\/uploads\/2025\/08\/Resultados-pacientes-FR-01-01.webp\" alt=\"Interface de suivi des r\u00e9sultats des patients dans NeuronUP FR avec livraison \u00e0 domicile, score d&#039;activit\u00e9 20 et trois niveaux de progression.\" class=\"wp-image-41685\" srcset=\"https:\/\/neuronup.com\/fr\/wp-content\/uploads\/2025\/08\/Resultados-pacientes-FR-01-01-300x140.webp 300w, https:\/\/neuronup.com\/fr\/wp-content\/uploads\/2025\/08\/Resultados-pacientes-FR-01-01-768x357.webp 768w, https:\/\/neuronup.com\/fr\/wp-content\/uploads\/2025\/08\/Resultados-pacientes-FR-01-01-1024x476.webp 1024w, https:\/\/neuronup.com\/fr\/wp-content\/uploads\/2025\/08\/Resultados-pacientes-FR-01-01.webp 1488w\" sizes=\"(max-width: 1488px) 100vw, 1488px\" \/><\/figure>\n\n\n\n<div style=\"height:50px\" aria-hidden=\"true\" class=\"wp-block-spacer\"><\/div>\n\n\n\n<h2 class=\"wp-block-heading\">Avantages d\u2019analyser et de suivre vos patients avec NeuronUP<\/h2>\n\n\n\n<ol class=\"wp-block-list\">\n<li><strong>Gagnez du temps<\/strong> dans l\u2019analyse des r\u00e9sultats.<\/li>\n\n\n\n<li>Les r\u00e9sultats de vos patients sont <strong>automatiquement enregistr\u00e9s.<\/strong><\/li>\n\n\n\n<li>Visualisez les r\u00e9sultats en <strong>temps r\u00e9el.<\/strong><\/li>\n\n\n\n<li>Les r\u00e9sultats sont affich\u00e9s de mani\u00e8re <strong>visuelle.<\/strong><\/li>\n\n\n\n<li>Favorisez une intervention <strong>continue et planifi\u00e9e.<\/strong><\/li>\n<\/ol>\n\n\n<div class=\"wp-block-image\">\n<figure class=\"aligncenter size-full\"><img decoding=\"async\" width=\"1080\" height=\"1080\" src=\"https:\/\/neuronup.com\/fr\/wp-content\/uploads\/2025\/08\/Ventajas-de-realizar-el-analisis-y-seguimiento-de-tus-usuarios-con-NeuronUP-FR.webp\" alt=\"Graphique montrant les avantages de l&#039;analyse et du suivi des utilisateurs avec NeuronUP FR: gain de temps et affichage visuel.\" class=\"wp-image-41682\" srcset=\"https:\/\/neuronup.com\/fr\/wp-content\/uploads\/2025\/08\/Ventajas-de-realizar-el-analisis-y-seguimiento-de-tus-usuarios-con-NeuronUP-FR-24x24.webp 24w, https:\/\/neuronup.com\/fr\/wp-content\/uploads\/2025\/08\/Ventajas-de-realizar-el-analisis-y-seguimiento-de-tus-usuarios-con-NeuronUP-FR-48x48.webp 48w, https:\/\/neuronup.com\/fr\/wp-content\/uploads\/2025\/08\/Ventajas-de-realizar-el-analisis-y-seguimiento-de-tus-usuarios-con-NeuronUP-FR-80x80.webp 80w, https:\/\/neuronup.com\/fr\/wp-content\/uploads\/2025\/08\/Ventajas-de-realizar-el-analisis-y-seguimiento-de-tus-usuarios-con-NeuronUP-FR-96x96.webp 96w, https:\/\/neuronup.com\/fr\/wp-content\/uploads\/2025\/08\/Ventajas-de-realizar-el-analisis-y-seguimiento-de-tus-usuarios-con-NeuronUP-FR-150x150.webp 150w, https:\/\/neuronup.com\/fr\/wp-content\/uploads\/2025\/08\/Ventajas-de-realizar-el-analisis-y-seguimiento-de-tus-usuarios-con-NeuronUP-FR-300x300.webp 300w, https:\/\/neuronup.com\/fr\/wp-content\/uploads\/2025\/08\/Ventajas-de-realizar-el-analisis-y-seguimiento-de-tus-usuarios-con-NeuronUP-FR-768x768.webp 768w, https:\/\/neuronup.com\/fr\/wp-content\/uploads\/2025\/08\/Ventajas-de-realizar-el-analisis-y-seguimiento-de-tus-usuarios-con-NeuronUP-FR-1024x1024.webp 1024w, https:\/\/neuronup.com\/fr\/wp-content\/uploads\/2025\/08\/Ventajas-de-realizar-el-analisis-y-seguimiento-de-tus-usuarios-con-NeuronUP-FR.webp 1080w\" sizes=\"(max-width: 1080px) 100vw, 1080px\" \/><\/figure>\n<\/div>\n\n\n<div style=\"height:50px\" aria-hidden=\"true\" class=\"wp-block-spacer\"><\/div>\n\n\n\n<h2 class=\"wp-block-heading\">Comment fonctionnent les r\u00e9sultats de NeuronUP ?<\/h2>\n\n\n\n<p>Chaque fois qu\u2019un de vos patients effectue une activit\u00e9 ou une session NeuronUP, <strong>les r\u00e9sultats sont automatiquement enregistr\u00e9s<\/strong> dans son profil.<\/p>\n\n\n\n<p>Ci-dessous, nous expliquons \u00e9tape par \u00e9tape <strong>comment les r\u00e9sultats sont enregistr\u00e9s dans NeuronUP :<\/strong><\/p>\n\n\n\n<div class=\"wp-block-columns are-vertically-aligned-top is-layout-flex wp-container-core-columns-is-layout-9d6595d7 wp-block-columns-is-layout-flex\">\n<div class=\"wp-block-column is-layout-flow wp-block-column-is-layout-flow\" style=\"flex-basis:50%\">\n<h3 class=\"wp-block-heading\"><strong>1. Le professionnel guide les activit\u00e9s<\/strong><\/h3>\n\n\n\n<p>Le professionnel <strong>con\u00e7oit l\u2019intervention<\/strong> en fonction des besoins et des caract\u00e9ristiques de chaque utilisateur ou patient.<\/p>\n<\/div>\n\n\n\n<div class=\"wp-block-column is-layout-flow wp-block-column-is-layout-flow\" style=\"flex-basis:50%\">\n<figure class=\"wp-block-image size-full\"><img decoding=\"async\" width=\"1024\" height=\"721\" src=\"https:\/\/neuronup.com\/fr\/wp-content\/uploads\/2024\/10\/le-professionnel-guide-les-activites-illustrateur.webp\" alt=\"Femme professionnelle en blouse blanche tient un clipboard et pointe un \u00e9cran affichant une ic\u00f4ne de manette de jeu.\" class=\"wp-image-31611\" srcset=\"https:\/\/neuronup.com\/fr\/wp-content\/uploads\/2024\/10\/le-professionnel-guide-les-activites-illustrateur-300x211.webp 300w, https:\/\/neuronup.com\/fr\/wp-content\/uploads\/2024\/10\/le-professionnel-guide-les-activites-illustrateur-768x541.webp 768w, https:\/\/neuronup.com\/fr\/wp-content\/uploads\/2024\/10\/le-professionnel-guide-les-activites-illustrateur.webp 1024w\" sizes=\"(max-width: 1024px) 100vw, 1024px\" \/><\/figure>\n<\/div>\n<\/div>\n\n\n\n<div style=\"height:50px\" aria-hidden=\"true\" class=\"wp-block-spacer\"><\/div>\n\n\n\n<div class=\"wp-block-columns are-vertically-aligned-top is-layout-flex wp-container-core-columns-is-layout-9d6595d7 wp-block-columns-is-layout-flex\">\n<div class=\"wp-block-column is-layout-flow wp-block-column-is-layout-flow\" style=\"flex-basis:50%\">\n<h3 class=\"wp-block-heading\"><strong>2. Le patient r\u00e9alise les activit\u00e9s<\/strong><\/h3>\n\n\n\n<p>Le patient <strong>r\u00e9alise les activit\u00e9s<\/strong> pr\u00e9alablement s\u00e9lectionn\u00e9es par le professionnel.<\/p>\n<\/div>\n\n\n\n<div class=\"wp-block-column is-layout-flow wp-block-column-is-layout-flow\" style=\"flex-basis:50%\">\n<figure class=\"wp-block-image size-full\"><img decoding=\"async\" width=\"1024\" height=\"721\" src=\"https:\/\/neuronup.com\/fr\/wp-content\/uploads\/2024\/10\/l-utilisateur-effectue-les-activites-illustrateur.webp\" alt=\"Deux maisons stylis\u00e9es montrent un homme sur ordinateur et une femme sur tablette, reli\u00e9s par une connexion visuelle avec des ic\u00f4nes de jeux et de param\u00e8tres.\" class=\"wp-image-31612\" srcset=\"https:\/\/neuronup.com\/fr\/wp-content\/uploads\/2024\/10\/l-utilisateur-effectue-les-activites-illustrateur-300x211.webp 300w, https:\/\/neuronup.com\/fr\/wp-content\/uploads\/2024\/10\/l-utilisateur-effectue-les-activites-illustrateur-768x541.webp 768w, https:\/\/neuronup.com\/fr\/wp-content\/uploads\/2024\/10\/l-utilisateur-effectue-les-activites-illustrateur.webp 1024w\" sizes=\"(max-width: 1024px) 100vw, 1024px\" \/><\/figure>\n<\/div>\n<\/div>\n\n\n\n<div style=\"height:50px\" aria-hidden=\"true\" class=\"wp-block-spacer\"><\/div>\n\n\n\n<div class=\"wp-block-columns are-vertically-aligned-top is-layout-flex wp-container-core-columns-is-layout-9d6595d7 wp-block-columns-is-layout-flex\">\n<div class=\"wp-block-column is-layout-flow wp-block-column-is-layout-flow\" style=\"flex-basis:50%\">\n<h3 class=\"wp-block-heading\"><strong>3. NeuronUP enregistre les r\u00e9sultats automatiquement<\/strong><\/h3>\n\n\n\n<p>\u00c0 chaque fois que le patient r\u00e9alise une activit\u00e9, <strong>les r\u00e9sultats sont automatiquement enregistr\u00e9s<\/strong> dans son profil. Cette fonctionnalit\u00e9 permet de voir <strong>son \u00e9volution en temps r\u00e9el.<\/strong><\/p>\n<\/div>\n\n\n\n<div class=\"wp-block-column is-layout-flow wp-block-column-is-layout-flow\" style=\"flex-basis:50%\"><div class=\"wp-block-image\">\n<figure class=\"aligncenter size-full is-resized\"><img decoding=\"async\" width=\"768\" height=\"768\" src=\"https:\/\/neuronup.com\/fr\/wp-content\/uploads\/2024\/10\/neuronup-enregistre-automatiquement-les-resultats-illustrateur.webp\" alt=\"Graphique \u00e0 barres avec des lignes de tendance ascendantes et une feuille de v\u00e9rification sur fond bleu clair.\" class=\"wp-image-31613\" style=\"width:251px;height:251px\" srcset=\"https:\/\/neuronup.com\/fr\/wp-content\/uploads\/2024\/10\/neuronup-enregistre-automatiquement-les-resultats-illustrateur-24x24.webp 24w, https:\/\/neuronup.com\/fr\/wp-content\/uploads\/2024\/10\/neuronup-enregistre-automatiquement-les-resultats-illustrateur-48x48.webp 48w, https:\/\/neuronup.com\/fr\/wp-content\/uploads\/2024\/10\/neuronup-enregistre-automatiquement-les-resultats-illustrateur-80x80.webp 80w, https:\/\/neuronup.com\/fr\/wp-content\/uploads\/2024\/10\/neuronup-enregistre-automatiquement-les-resultats-illustrateur-96x96.webp 96w, https:\/\/neuronup.com\/fr\/wp-content\/uploads\/2024\/10\/neuronup-enregistre-automatiquement-les-resultats-illustrateur-150x150.webp 150w, https:\/\/neuronup.com\/fr\/wp-content\/uploads\/2024\/10\/neuronup-enregistre-automatiquement-les-resultats-illustrateur-300x300.webp 300w, https:\/\/neuronup.com\/fr\/wp-content\/uploads\/2024\/10\/neuronup-enregistre-automatiquement-les-resultats-illustrateur.webp 768w\" sizes=\"(max-width: 768px) 100vw, 768px\" \/><\/figure>\n<\/div><\/div>\n<\/div>\n\n\n\n<div style=\"height:50px\" aria-hidden=\"true\" class=\"wp-block-spacer\"><\/div>\n\n\n\n<div class=\"wp-block-columns are-vertically-aligned-top is-layout-flex wp-container-core-columns-is-layout-9d6595d7 wp-block-columns-is-layout-flex\">\n<div class=\"wp-block-column is-layout-flow wp-block-column-is-layout-flow\" style=\"flex-basis:50%\">\n<h3 class=\"wp-block-heading\"><strong>4. Le professionnel v\u00e9rifie les r\u00e9sultats<\/strong><\/h3>\n\n\n\n<p>Vous pouvez analyser les r\u00e9sultats de vos patients pour <strong>r\u00e9ajuster la th\u00e9rapie<\/strong> en fonction des progr\u00e8s du patient, afin de promouvoir une <strong>intervention continue et guid\u00e9e.<\/strong><\/p>\n<\/div>\n\n\n\n<div class=\"wp-block-column is-layout-flow wp-block-column-is-layout-flow\" style=\"flex-basis:50%\">\n<figure class=\"wp-block-image size-full\"><img decoding=\"async\" width=\"1024\" height=\"721\" src=\"https:\/\/neuronup.com\/fr\/wp-content\/uploads\/2024\/10\/le-professionnel-verifie-les-resultats-illustrateur.webp\" alt=\"Femme professionnelle en blouse blanche tient un stylo et un clipboard, expliquant des donn\u00e9es; en arri\u00e8re-plan, un graphique \u00e0 barres et une ligne.\" class=\"wp-image-31614\" srcset=\"https:\/\/neuronup.com\/fr\/wp-content\/uploads\/2024\/10\/le-professionnel-verifie-les-resultats-illustrateur-300x211.webp 300w, https:\/\/neuronup.com\/fr\/wp-content\/uploads\/2024\/10\/le-professionnel-verifie-les-resultats-illustrateur-768x541.webp 768w, https:\/\/neuronup.com\/fr\/wp-content\/uploads\/2024\/10\/le-professionnel-verifie-les-resultats-illustrateur.webp 1024w\" sizes=\"(max-width: 1024px) 100vw, 1024px\" \/><\/figure>\n<\/div>\n<\/div>\n\n\n\n<div style=\"height:50px\" aria-hidden=\"true\" class=\"wp-block-spacer\"><\/div>\n\n\n\n<div class=\"wp-block-columns are-vertically-aligned-top is-layout-flex wp-container-core-columns-is-layout-9d6595d7 wp-block-columns-is-layout-flex\">\n<div class=\"wp-block-column is-layout-flow wp-block-column-is-layout-flow\" style=\"flex-basis:50%\">\n<h3 class=\"wp-block-heading\"><strong>5. Recommencez ! Planifiez la prochaine intervention<\/strong><\/h3>\n<\/div>\n\n\n\n<div class=\"wp-block-column is-layout-flow wp-block-column-is-layout-flow\" style=\"flex-basis:50%\">\n<figure class=\"wp-block-image size-full\"><img decoding=\"async\" width=\"1024\" height=\"721\" src=\"https:\/\/neuronup.com\/fr\/wp-content\/uploads\/2024\/10\/retour-au-debut-des-activites-illustrateur.webp\" alt=\"Deux personnages stylis\u00e9s, un enfant blond et un adulte souriants, devant un \u00e9cran affichant un calendrier color\u00e9 et une manette.\" class=\"wp-image-31615\" srcset=\"https:\/\/neuronup.com\/fr\/wp-content\/uploads\/2024\/10\/retour-au-debut-des-activites-illustrateur-300x211.webp 300w, https:\/\/neuronup.com\/fr\/wp-content\/uploads\/2024\/10\/retour-au-debut-des-activites-illustrateur-768x541.webp 768w, https:\/\/neuronup.com\/fr\/wp-content\/uploads\/2024\/10\/retour-au-debut-des-activites-illustrateur.webp 1024w\" sizes=\"(max-width: 1024px) 100vw, 1024px\" \/><\/figure>\n<\/div>\n<\/div>\n","protected":false},"excerpt":{"rendered":"<p>Recherchez-vous le moyen le plus rapide et le plus efficace pour analyser et suivre les r\u00e9sultats de vos patients ? NeuronUP vous permet de suivre les r\u00e9sultats de vos patients en temps r\u00e9el. Quels sont les r\u00e9sultats de NeuronUP ? Les r\u00e9sultats de NeuronUP refl\u00e8tent les performances du patient sur la plateforme. Chaque fois qu\u2019un &hellip;<\/p>\n","protected":false},"author":167,"featured_media":0,"parent":32257,"menu_order":0,"comment_status":"closed","ping_status":"closed","template":"","meta":{"_acf_changed":false,"_genesis_hide_title":false,"_genesis_hide_breadcrumbs":false,"_genesis_hide_singular_image":false,"_genesis_hide_footer_widgets":false,"_genesis_custom_body_class":"","_genesis_custom_post_class":"","_genesis_layout":"","footnotes":""},"class_list":{"1":"page","2":"type-page","5":"entry"},"acf":[],"_links":{"self":[{"href":"https:\/\/neuronup.com\/fr\/wp-json\/wp\/v2\/pages\/32274","targetHints":{"allow":["GET"]}}],"collection":[{"href":"https:\/\/neuronup.com\/fr\/wp-json\/wp\/v2\/pages"}],"about":[{"href":"https:\/\/neuronup.com\/fr\/wp-json\/wp\/v2\/types\/page"}],"author":[{"embeddable":true,"href":"https:\/\/neuronup.com\/fr\/wp-json\/wp\/v2\/users\/167"}],"replies":[{"embeddable":true,"href":"https:\/\/neuronup.com\/fr\/wp-json\/wp\/v2\/comments?post=32274"}],"version-history":[{"count":0,"href":"https:\/\/neuronup.com\/fr\/wp-json\/wp\/v2\/pages\/32274\/revisions"}],"up":[{"embeddable":true,"href":"https:\/\/neuronup.com\/fr\/wp-json\/wp\/v2\/pages\/32257"}],"wp:attachment":[{"href":"https:\/\/neuronup.com\/fr\/wp-json\/wp\/v2\/media?parent=32274"}],"curies":[{"name":"wp","href":"https:\/\/api.w.org\/{rel}","templated":true}]}}