{"id":32270,"date":"2024-10-30T11:24:20","date_gmt":"2024-10-30T09:24:20","guid":{"rendered":"https:\/\/neuronup.com\/fr\/?page_id=32270"},"modified":"2026-01-29T17:55:24","modified_gmt":"2026-01-29T15:55:24","slug":"programmes-de-neuronup","status":"publish","type":"page","link":"https:\/\/neuronup.com\/fr\/produit\/programmes-de-neuronup\/","title":{"rendered":"Planifiez votre travail des mois \u00e0 l&#8217;avance avec les programmes NeuronUP"},"content":{"rendered":"\n<p class=\"has-xl-font-size\">Souhaitez-vous <strong>planifier votre travail des mois \u00e0 l&rsquo;avance<\/strong> en seulement quelques minutes ? D\u00e9couvrez comment y parvenir avec les <strong>programmes de NeuronUP<\/strong>.<\/p>\n\n\n\n<h2 class=\"wp-block-heading\">Qu&rsquo;est-ce qu&rsquo;un programme NeuronUP ?<\/h2>\n\n\n\n<p>Un programme est un <strong>ensemble de sessions<\/strong>. Les programmes vous permettent de <strong>planifier votre travail des mois \u00e0 l&rsquo;avance automatiquement<\/strong> et en seulement quelques minutes.<\/p>\n\n\n\n<p>La planification \u00e0 long terme vous permet d&rsquo;\u00eatre mieux organis\u00e9 pour une intervention programm\u00e9e avec vos patients. Ci-dessous, d\u00e9couvrez comment tirer parti des programmes.<\/p>\n\n\n\n<figure class=\"wp-block-image size-full\"><img decoding=\"async\" width=\"1080\" height=\"1080\" src=\"https:\/\/neuronup.com\/fr\/wp-content\/uploads\/2024\/11\/Avantages-de-travailler-avec-les-programmes-NeuronUP.webp\" alt=\"Illustration des avantages des programmes NeuronUP: planification automatis\u00e9e, gain de temps, adaptation et r\u00e9sultats.\" class=\"wp-image-36071\" srcset=\"https:\/\/neuronup.com\/fr\/wp-content\/uploads\/2024\/11\/Avantages-de-travailler-avec-les-programmes-NeuronUP-24x24.webp 24w, https:\/\/neuronup.com\/fr\/wp-content\/uploads\/2024\/11\/Avantages-de-travailler-avec-les-programmes-NeuronUP-48x48.webp 48w, https:\/\/neuronup.com\/fr\/wp-content\/uploads\/2024\/11\/Avantages-de-travailler-avec-les-programmes-NeuronUP-80x80.webp 80w, https:\/\/neuronup.com\/fr\/wp-content\/uploads\/2024\/11\/Avantages-de-travailler-avec-les-programmes-NeuronUP-96x96.webp 96w, https:\/\/neuronup.com\/fr\/wp-content\/uploads\/2024\/11\/Avantages-de-travailler-avec-les-programmes-NeuronUP-150x150.webp 150w, https:\/\/neuronup.com\/fr\/wp-content\/uploads\/2024\/11\/Avantages-de-travailler-avec-les-programmes-NeuronUP-300x300.webp 300w, https:\/\/neuronup.com\/fr\/wp-content\/uploads\/2024\/11\/Avantages-de-travailler-avec-les-programmes-NeuronUP-768x768.webp 768w, https:\/\/neuronup.com\/fr\/wp-content\/uploads\/2024\/11\/Avantages-de-travailler-avec-les-programmes-NeuronUP-1024x1024.webp 1024w, https:\/\/neuronup.com\/fr\/wp-content\/uploads\/2024\/11\/Avantages-de-travailler-avec-les-programmes-NeuronUP.webp 1080w\" sizes=\"(max-width: 1080px) 100vw, 1080px\" \/><figcaption class=\"wp-element-caption\">Avantages de travailler avec les programmes NeuronUP<\/figcaption><\/figure>\n\n\n\n<h2 class=\"wp-block-heading\">Avantages de travailler avec les programmes NeuronUP<\/h2>\n\n\n\n<h3 class=\"wp-block-heading\">1. <strong>Planifiez votre travail \u00e0 long terme<\/strong> automatiquement<\/h3>\n\n\n\n<p>Les programmes NeuronUP vous permettent de planifier votre travail \u00e0 long terme automatiquement et en seulement quelques minutes.<\/p>\n\n\n\n<h3 class=\"wp-block-heading\">2. <strong>Gagnez du temps<\/strong><\/h3>\n\n\n\n<p>Gagnez du temps dans l&rsquo;organisation de votre intervention.<\/p>\n\n\n\n<h3 class=\"wp-block-heading\">3. La plateforme <strong>ajuste automatiquement le niveau en fonction des progr\u00e8s de chaque patient<\/strong><\/h3>\n\n\n\n<p>Vous pouvez attribuer vos programmes \u00e0 plusieurs patients en m\u00eame temps et NeuronUP ajuste automatiquement le niveau en fonction des progr\u00e8s de chaque patient.<\/p>\n\n\n\n<h3 class=\"wp-block-heading\">4. Enregistrez automatiquement<strong> les r\u00e9sultats<\/strong> de vos patients<\/h3>\n\n\n\n<div class=\"wp-block-columns are-vertically-aligned-top is-layout-flex wp-container-core-columns-is-layout-9d6595d7 wp-block-columns-is-layout-flex\">\n<div class=\"wp-block-column is-layout-flow wp-block-column-is-layout-flow\" style=\"flex-basis:50%\">\n<p>Chaque fois qu&rsquo;un de vos patients effectue une session appartenant \u00e0 un programme NeuronUP, <strong>les r\u00e9sultats sont automatiquement enregistr\u00e9s<\/strong> dans son profil.<\/p>\n\n\n\n<p>Cette fonctionnalit\u00e9 vous permet de <strong>red\u00e9finir la th\u00e9rapie<\/strong> en fonction des progr\u00e8s de chaque patient, favorisant une <strong>am\u00e9lioration continue et guid\u00e9e<\/strong>.<\/p>\n<\/div>\n\n\n\n<div class=\"wp-block-column is-layout-flow wp-block-column-is-layout-flow\" style=\"flex-basis:50%\">\n<figure class=\"wp-block-image size-full\"><img decoding=\"async\" width=\"536\" height=\"400\" src=\"https:\/\/neuronup.com\/fr\/wp-content\/uploads\/2024\/11\/Produit-Resultats-en-temps-reel.webp\" alt=\"Tableau de bord affichant Francisco Ramirez et des niveaux 6 \u00e0 8 avec barres color\u00e9es indiquant l\u2019\u00e9tat des sessions dans les param\u00e8tres.\" class=\"wp-image-35882\" style=\"object-fit:cover\" srcset=\"https:\/\/neuronup.com\/fr\/wp-content\/uploads\/2024\/11\/Produit-Resultats-en-temps-reel-300x224.webp 300w, https:\/\/neuronup.com\/fr\/wp-content\/uploads\/2024\/11\/Produit-Resultats-en-temps-reel-400x300.webp 400w, https:\/\/neuronup.com\/fr\/wp-content\/uploads\/2024\/11\/Produit-Resultats-en-temps-reel.webp 536w\" sizes=\"(max-width: 536px) 100vw, 536px\" \/><\/figure>\n<\/div>\n<\/div>\n\n\n\n<div style=\"height:80px\" aria-hidden=\"true\" class=\"wp-block-spacer\"><\/div>\n\n\n\n<h2 class=\"wp-block-heading\">Comment planifier votre travail avec les programmes NeuronUP ?<\/h2>\n\n\n\n<p>Ici, nous expliquons \u00e9tape par \u00e9tape comment travailler avec les programmes NeuronUP pour planifier votre travail :<\/p>\n\n\n\n<h3 class=\"wp-block-heading\">1. S\u00e9lectionnez \u00ab\u00a0Programmes num\u00e9riques\u00a0\u00bb<\/h3>\n\n\n\n<div class=\"wp-block-columns are-vertically-aligned-top is-layout-flex wp-container-core-columns-is-layout-9d6595d7 wp-block-columns-is-layout-flex\">\n<div class=\"wp-block-column is-layout-flow wp-block-column-is-layout-flow\" style=\"flex-basis:50%\">\n<p>Pour commencer, cliquez sur \u00ab\u00a0<strong>Programmes<\/strong>\u00ab\u00a0<br>puis sur \u00ab\u00a0<strong>Programmes num\u00e9riques<\/strong>\u00a0\u00bb sur le c\u00f4t\u00e9 gauche de la plateforme.<\/p>\n<\/div>\n\n\n\n<div class=\"wp-block-column is-layout-flow wp-block-column-is-layout-flow\" style=\"flex-basis:50%\">\n<figure class=\"wp-block-image size-large image-interface\"><img decoding=\"async\" width=\"1024\" height=\"602\" src=\"https:\/\/neuronup.com\/fr\/wp-content\/uploads\/2024\/10\/programmes-numeriques-neuronup-1024x602.webp\" alt=\"Interface NeuronUP avec menu Activit\u00e9s Programmes et cartes d\u2019activit\u00e9s telles que Apprendre les noms; chronom\u00e8tre 01:05.\" class=\"wp-image-31725\" srcset=\"https:\/\/neuronup.com\/fr\/wp-content\/uploads\/2024\/10\/programmes-numeriques-neuronup-300x176.webp 300w, https:\/\/neuronup.com\/fr\/wp-content\/uploads\/2024\/10\/programmes-numeriques-neuronup-768x452.webp 768w, https:\/\/neuronup.com\/fr\/wp-content\/uploads\/2024\/10\/programmes-numeriques-neuronup-1024x602.webp 1024w, https:\/\/neuronup.com\/fr\/wp-content\/uploads\/2024\/10\/programmes-numeriques-neuronup.webp 1080w\" sizes=\"(max-width: 1024px) 100vw, 1024px\" \/><\/figure>\n<\/div>\n<\/div>\n\n\n\n<div style=\"height:50px\" aria-hidden=\"true\" class=\"wp-block-spacer\"><\/div>\n\n\n\n<h3 class=\"wp-block-heading\">2. Cliquez sur \u00ab\u00a0Nouveau programme num\u00e9rique\u00a0\u00bb.<\/h3>\n\n\n\n<div class=\"wp-block-columns are-vertically-aligned-top is-layout-flex wp-container-core-columns-is-layout-9d6595d7 wp-block-columns-is-layout-flex\">\n<div class=\"wp-block-column is-layout-flow wp-block-column-is-layout-flow\" style=\"flex-basis:50%\">\n<p>Une fois que vous avez cliqu\u00e9 sur <strong>\u00ab\u00a0Nouveau programme num\u00e9rique\u00a0\u00bb<\/strong>, la fen\u00eatre suivante appara\u00eetra :<\/p>\n<\/div>\n\n\n\n<div class=\"wp-block-column is-layout-flow wp-block-column-is-layout-flow\" style=\"flex-basis:50%\">\n<figure class=\"wp-block-image size-large image-interface\"><img decoding=\"async\" width=\"1024\" height=\"695\" src=\"https:\/\/neuronup.com\/fr\/wp-content\/uploads\/2024\/10\/nouveau-programme-numerique-de-neuronup-1024x695.webp\" alt=\"Interface NeuronUP avec calendrier de f\u00e9vrier 2023, bouton New Digital Program et options langue et couleur.\" class=\"wp-image-31726\" srcset=\"https:\/\/neuronup.com\/fr\/wp-content\/uploads\/2024\/10\/nouveau-programme-numerique-de-neuronup-300x204.webp 300w, https:\/\/neuronup.com\/fr\/wp-content\/uploads\/2024\/10\/nouveau-programme-numerique-de-neuronup-768x521.webp 768w, https:\/\/neuronup.com\/fr\/wp-content\/uploads\/2024\/10\/nouveau-programme-numerique-de-neuronup-1024x695.webp 1024w, https:\/\/neuronup.com\/fr\/wp-content\/uploads\/2024\/10\/nouveau-programme-numerique-de-neuronup.webp 1079w\" sizes=\"(max-width: 1024px) 100vw, 1024px\" \/><\/figure>\n<\/div>\n<\/div>\n\n\n\n<div style=\"height:50px\" aria-hidden=\"true\" class=\"wp-block-spacer\"><\/div>\n\n\n\n<h3 class=\"wp-block-heading\">3. Remplissez les informations de base du programme<\/h3>\n\n\n\n<div class=\"wp-block-columns are-vertically-aligned-top is-layout-flex wp-container-core-columns-is-layout-9d6595d7 wp-block-columns-is-layout-flex\">\n<div class=\"wp-block-column is-layout-flow wp-block-column-is-layout-flow\" style=\"flex-basis:50%\">\n<ol class=\"wp-block-list\">\n<li><strong>Donnez un nom \u00e0 votre programme.<\/strong><\/li>\n\n\n\n<li>Choisissez une ic\u00f4ne et une couleur.<\/li>\n\n\n\n<li>Cliquez sur \u00ab\u00a0Options avanc\u00e9es\u00a0\u00bb (facultatif) :\n<ul class=\"wp-block-list\">\n\n\n\n\n\n<\/ul>\n\n\n\n\n\n\n<li>D\u00e9terminez le nombre de jours dont votre patient disposera pour effectuer chaque session et les jours de repos entre chaque session.<\/li>\n\n\n\n<li>Ajoutez des tags. Cela vous aidera \u00e0 trouver votre programme facilement.<\/li>\n\n\n\n<li>Ajoutez une description.<\/li>\n\n\n\n<li>Activez ou d\u00e9sactivez les actions avanc\u00e9es.<\/li>\n<\/li>\n\n\n\n<li>Cliquez sur <strong>\u00ab\u00a0Cr\u00e9er\u00a0\u00bb.<\/strong><\/li>\n<\/ol>\n<\/div>\n\n\n\n<div class=\"wp-block-column is-layout-flow wp-block-column-is-layout-flow\" style=\"flex-basis:50%\">\n<figure class=\"wp-block-image size-full image-interface\"><img decoding=\"async\" width=\"550\" height=\"489\" src=\"https:\/\/neuronup.com\/fr\/wp-content\/uploads\/2024\/10\/remplir-les-informations.webp\" alt=\"Interface d&#039;administration pour cr\u00e9er un nouveau programme num\u00e9rique avec nom, couleur, ic\u00f4ne et options avanc\u00e9es.\" class=\"wp-image-31601\" srcset=\"https:\/\/neuronup.com\/fr\/wp-content\/uploads\/2024\/10\/remplir-les-informations-300x267.webp 300w, https:\/\/neuronup.com\/fr\/wp-content\/uploads\/2024\/10\/remplir-les-informations.webp 550w\" sizes=\"(max-width: 550px) 100vw, 550px\" \/><\/figure>\n<\/div>\n<\/div>\n\n\n\n<div style=\"height:50px\" aria-hidden=\"true\" class=\"wp-block-spacer\"><\/div>\n\n\n\n<h3 class=\"wp-block-heading\">4. Ajoutez des sessions<\/h3>\n\n\n\n<div class=\"wp-block-columns are-vertically-aligned-top is-layout-flex wp-container-core-columns-is-layout-9d6595d7 wp-block-columns-is-layout-flex\">\n<div class=\"wp-block-column is-layout-flow wp-block-column-is-layout-flow\" style=\"flex-basis:50%\">\n<p>La base du programme est d\u00e9j\u00e0 cr\u00e9\u00e9e.<br>Ajoutez maintenant les sessions que vous souhaitez.<\/p>\n<\/div>\n\n\n\n<div class=\"wp-block-column is-layout-flow wp-block-column-is-layout-flow\" style=\"flex-basis:50%\">\n<figure class=\"wp-block-image size-large image-interface\"><img decoding=\"async\" width=\"1024\" height=\"728\" src=\"https:\/\/neuronup.com\/fr\/wp-content\/uploads\/2024\/10\/ajouter-des-sessions-a-un-programme-neuronup-1024x728.webp\" alt=\"Interface NeuronUP de gestion de programme affichant l\u2019\u00e9dition &#039;Memory-Medium level&#039;, cr\u00e9ateur Janelle, gestion des sessions et actions View Edit Duplicate Delete, bouton Add.\" class=\"wp-image-31727\" srcset=\"https:\/\/neuronup.com\/fr\/wp-content\/uploads\/2024\/10\/ajouter-des-sessions-a-un-programme-neuronup-300x213.webp 300w, https:\/\/neuronup.com\/fr\/wp-content\/uploads\/2024\/10\/ajouter-des-sessions-a-un-programme-neuronup-768x546.webp 768w, https:\/\/neuronup.com\/fr\/wp-content\/uploads\/2024\/10\/ajouter-des-sessions-a-un-programme-neuronup-1024x728.webp 1024w, https:\/\/neuronup.com\/fr\/wp-content\/uploads\/2024\/10\/ajouter-des-sessions-a-un-programme-neuronup.webp 1079w\" sizes=\"(max-width: 1024px) 100vw, 1024px\" \/><\/figure>\n<\/div>\n<\/div>\n\n\n\n<div style=\"height:50px\" aria-hidden=\"true\" class=\"wp-block-spacer\"><\/div>\n\n\n\n<div class=\"wp-block-group\"><div class=\"wp-block-group__inner-container is-layout-constrained wp-block-group-is-layout-constrained\">\n<div class=\"wp-block-columns is-layout-flex wp-container-core-columns-is-layout-9d6595d7 wp-block-columns-is-layout-flex\">\n<div class=\"wp-block-column is-vertically-aligned-stretch br-0111 p-5 particle-bg anims-fadein-up has-primary-background-color has-background is-layout-flow wp-block-column-is-layout-flow\">\n<h2 class=\"wp-block-heading has-white-color has-text-color\">En savoir plus sur <br><strong>NeuronUP<\/strong><\/h2>\n\n\n\n<div class=\"wp-block-buttons is-layout-flex wp-block-buttons-is-layout-flex\">\n<div class=\"wp-block-button--1\" style=\"--button-outline-color:var(--color-white);--button-outline-color-hover:rgba(0,0,0,0.8);\"><a class=\"wp-block-button__link button button-outline   wp-element-button\" href=\"https:\/\/neuronup.com\/fr\/demande-informations\/\">Demander des informations<\/a><\/div>\n\n<\/div>\n<\/div>\n\n\n\n<div class=\"wp-block-column is-vertically-aligned-stretch br-0111 p-5 particle-bg anims-fadein-up has-primary-background-color has-background is-layout-flow wp-block-column-is-layout-flow\">\n<h2 class=\"wp-block-heading has-white-color has-text-color\">Essayez-le gratuitement<\/h2>\n\n\n\n<p class=\"has-white-color has-text-color\">La plateforme que plus de <strong>7 000 professionnels<\/strong> utilisent chaque jour<\/p>\n\n\n\n<div class=\"wp-block-buttons is-layout-flex wp-block-buttons-is-layout-flex\">\n<div class=\"wp-block-button orange-button\" style=\"--button-background:var(--color-custom-1);--button-background-hover:#cc7e00;\"><a class=\"wp-block-button__link button   wp-element-button\" href=\"https:\/\/neuronup.com\/fr\/landing\/\">Demander un essai<img decoding=\"async\" class=\"wp-image-18719\" style=\"width: 8px;\" src=\"\/wp-content\/uploads\/2022\/v3\/icon_rightArrow-white.svg\"><\/a><\/div>\n\n<\/div>\n<\/div>\n<\/div>\n<\/div><\/div>\n\n\n\n<div style=\"height:50px\" aria-hidden=\"true\" class=\"wp-block-spacer\"><\/div>\n\n\n\n<h3 class=\"wp-block-heading\">5. Enregistrez le programme<\/h3>\n\n\n\n<div class=\"wp-block-columns are-vertically-aligned-top is-layout-flex wp-container-core-columns-is-layout-9d6595d7 wp-block-columns-is-layout-flex\">\n<div class=\"wp-block-column is-layout-flow wp-block-column-is-layout-flow\" style=\"flex-basis:50%\">\n<p>Une fois que vous avez configur\u00e9 le programme,<br>cliquez sur<strong> \u00ab\u00a0Terminer\u00a0\u00bb <\/strong>en bas \u00e0 droite pour l&rsquo;enregistrer.<\/p>\n\n\n\n<p>Vous pouvez le modifier ult\u00e9rieurement si n\u00e9cessaire.<\/p>\n<\/div>\n\n\n\n<div class=\"wp-block-column is-layout-flow wp-block-column-is-layout-flow\" style=\"flex-basis:50%\">\n<figure class=\"wp-block-image size-large image-interface\"><img decoding=\"async\" width=\"1024\" height=\"601\" src=\"https:\/\/neuronup.com\/fr\/wp-content\/uploads\/2024\/10\/sauvegarder-le-programme-1024x601.webp\" alt=\"Interface utilisateur montrant le gestionnaire de programme avec Mat\u00e9riel et Sessions, actions Voir \u00c9diter Dupliquer Ajouter.\" class=\"wp-image-31728\" srcset=\"https:\/\/neuronup.com\/fr\/wp-content\/uploads\/2024\/10\/sauvegarder-le-programme-300x176.webp 300w, https:\/\/neuronup.com\/fr\/wp-content\/uploads\/2024\/10\/sauvegarder-le-programme-768x451.webp 768w, https:\/\/neuronup.com\/fr\/wp-content\/uploads\/2024\/10\/sauvegarder-le-programme-1024x601.webp 1024w, https:\/\/neuronup.com\/fr\/wp-content\/uploads\/2024\/10\/sauvegarder-le-programme.webp 1080w\" sizes=\"(max-width: 1024px) 100vw, 1024px\" \/><\/figure>\n<\/div>\n<\/div>\n\n\n\n<div style=\"height:50px\" aria-hidden=\"true\" class=\"wp-block-spacer\"><\/div>\n\n\n\n<h3 class=\"wp-block-heading\">6. Assignez le programme<\/h3>\n\n\n\n<div class=\"wp-block-columns are-vertically-aligned-top is-layout-flex wp-container-core-columns-is-layout-9d6595d7 wp-block-columns-is-layout-flex\">\n<div class=\"wp-block-column is-layout-flow wp-block-column-is-layout-flow\" style=\"flex-basis:50%\">\n<p>Cliquez sur le programme et choisissez<strong> \u00ab\u00a0Assigner\u00a0\u00bb<\/strong> ou faites-le glisser \u00e0 la date souhait\u00e9e pour l&rsquo;assigner.<\/p>\n\n\n\n<p>S\u00e9lectionnez un ou plusieurs patients pour attribuer le programme.<\/p>\n\n\n\n<p>Activez le filtre de programme \u00e0 domicile si vous souhaitez que votre patient travaille \u00e0 distance.<\/p>\n<\/div>\n\n\n\n<div class=\"wp-block-column is-layout-flow wp-block-column-is-layout-flow\" style=\"flex-basis:50%\">\n<figure class=\"wp-block-image size-large image-interface\"><img decoding=\"async\" width=\"893\" height=\"1024\" src=\"https:\/\/neuronup.com\/fr\/wp-content\/uploads\/2024\/10\/attribuer-le-programme-neuronup-893x1024.webp\" alt=\"Interface NeuronUP avec champ de recherche et fiche Memory-Medium level, assignation \u00e0 Jade Martin et d\u00e9tails de session.\" class=\"wp-image-31729\" srcset=\"https:\/\/neuronup.com\/fr\/wp-content\/uploads\/2024\/10\/attribuer-le-programme-neuronup-262x300.webp 262w, https:\/\/neuronup.com\/fr\/wp-content\/uploads\/2024\/10\/attribuer-le-programme-neuronup-768x881.webp 768w, https:\/\/neuronup.com\/fr\/wp-content\/uploads\/2024\/10\/attribuer-le-programme-neuronup-893x1024.webp 893w, https:\/\/neuronup.com\/fr\/wp-content\/uploads\/2024\/10\/attribuer-le-programme-neuronup.webp 942w\" sizes=\"(max-width: 893px) 100vw, 893px\" \/><\/figure>\n<\/div>\n<\/div>\n\n\n\n<div style=\"height:50px\" aria-hidden=\"true\" class=\"wp-block-spacer\"><\/div>\n\n\n\n<h3 class=\"wp-block-heading\">7. D\u00e9marrez le programme<\/h3>\n\n\n\n<div class=\"wp-block-columns are-vertically-aligned-top is-layout-flex wp-container-core-columns-is-layout-9d6595d7 wp-block-columns-is-layout-flex\">\n<div class=\"wp-block-column is-layout-flow wp-block-column-is-layout-flow\" style=\"flex-basis:50%\">\n<p>Pour d\u00e9marrer un programme, il doit \u00eatre attribu\u00e9 \u00e0 un patient et \u00eatre dans la plage de dates en cours, comme dans l&rsquo;exemple.<\/p>\n\n\n\n<p>Pour d\u00e9marrer le programme, vous devez cliquer sur <strong>\u00ab\u00a0D\u00e9marrer\u00a0\u00bb<\/strong> dans la premi\u00e8re session du programme.<\/p>\n<\/div>\n\n\n\n<div class=\"wp-block-column is-layout-flow wp-block-column-is-layout-flow\" style=\"flex-basis:50%\">\n<figure class=\"wp-block-image size-full image-interface\"><img decoding=\"async\" width=\"1024\" height=\"692\" src=\"https:\/\/neuronup.com\/fr\/wp-content\/uploads\/2024\/10\/demarrer-le-programme-neuronup.webp\" alt=\"Interface utilisateur NeuronUP montrant un programme avec m\u00e9moire Medium et nom Jade Martin, avec boutons Nouveau \u00c9diter Supprimer.\" class=\"wp-image-31730\" srcset=\"https:\/\/neuronup.com\/fr\/wp-content\/uploads\/2024\/10\/demarrer-le-programme-neuronup-300x203.webp 300w, https:\/\/neuronup.com\/fr\/wp-content\/uploads\/2024\/10\/demarrer-le-programme-neuronup-768x519.webp 768w, https:\/\/neuronup.com\/fr\/wp-content\/uploads\/2024\/10\/demarrer-le-programme-neuronup.webp 1024w\" sizes=\"(max-width: 1024px) 100vw, 1024px\" \/><\/figure>\n<\/div>\n<\/div>\n\n\n\n<div style=\"height:50px\" aria-hidden=\"true\" class=\"wp-block-spacer\"><\/div>\n\n\n\n<h3 class=\"wp-block-heading\">8. Suivez le d\u00e9veloppement du programme<\/h3>\n\n\n\n<div class=\"wp-block-columns are-vertically-aligned-top is-layout-flex wp-container-core-columns-is-layout-9d6595d7 wp-block-columns-is-layout-flex\">\n<div class=\"wp-block-column is-layout-flow wp-block-column-is-layout-flow\" style=\"flex-basis:50%\">\n<p>Une fois le programme d\u00e9marr\u00e9, vous pouvez suivre son avancement gr\u00e2ce \u00e0 l&rsquo;apparition d&rsquo;un indicateur vert.<\/p>\n<\/div>\n\n\n\n<div class=\"wp-block-column is-layout-flow wp-block-column-is-layout-flow\" style=\"flex-basis:50%\">\n<figure class=\"wp-block-image size-full image-interface\"><img decoding=\"async\" width=\"1080\" height=\"229\" src=\"https:\/\/neuronup.com\/fr\/wp-content\/uploads\/2024\/10\/suivre-le-developpement-du-programme-1.webp\" alt=\"Interface jeu m\u00e9moire\/quiz avec sections; m\u00e9moire Moyenne; premier bloc affiche JADE MARTIN et une description partielle.\" class=\"wp-image-31731\" srcset=\"https:\/\/neuronup.com\/fr\/wp-content\/uploads\/2024\/10\/suivre-le-developpement-du-programme-1-300x64.webp 300w, https:\/\/neuronup.com\/fr\/wp-content\/uploads\/2024\/10\/suivre-le-developpement-du-programme-1-768x163.webp 768w, https:\/\/neuronup.com\/fr\/wp-content\/uploads\/2024\/10\/suivre-le-developpement-du-programme-1-1024x217.webp 1024w, https:\/\/neuronup.com\/fr\/wp-content\/uploads\/2024\/10\/suivre-le-developpement-du-programme-1.webp 1080w\" sizes=\"(max-width: 1080px) 100vw, 1080px\" \/><\/figure>\n<\/div>\n<\/div>\n\n\n\n<div style=\"height:50px\" aria-hidden=\"true\" class=\"wp-block-spacer\"><\/div>\n\n\n\n<h3 class=\"wp-block-heading\">Vue calendrier et vue agenda<\/h3>\n\n\n\n<div class=\"wp-block-columns are-vertically-aligned-top is-layout-flex wp-container-core-columns-is-layout-9d6595d7 wp-block-columns-is-layout-flex\">\n<div class=\"wp-block-column is-layout-flow wp-block-column-is-layout-flow\" style=\"flex-basis:50%\">\n<p>En outre, vous pouvez visualiser et organiser vos programmes avec la vue calendrier (\u00e0 gauche) ou la vue agenda (\u00e0 droite).<\/p>\n<\/div>\n\n\n\n<div class=\"wp-block-column is-layout-flow wp-block-column-is-layout-flow\" style=\"flex-basis:50%\">\n<figure class=\"wp-block-image size-large image-interface\"><img decoding=\"async\" width=\"1024\" height=\"423\" src=\"https:\/\/neuronup.com\/fr\/wp-content\/uploads\/2024\/10\/vue-du-calendrier-et-vue-de-l-agenda-des-programmes-neuronup-1024x423.webp\" alt=\"Interface \u00e0 deux panneaux: calendrier gauche avec \u00e9v\u00e9nements orange et tableau droit affichant progression et t\u00e2ches.\" class=\"wp-image-31732\" srcset=\"https:\/\/neuronup.com\/fr\/wp-content\/uploads\/2024\/10\/vue-du-calendrier-et-vue-de-l-agenda-des-programmes-neuronup-300x124.webp 300w, https:\/\/neuronup.com\/fr\/wp-content\/uploads\/2024\/10\/vue-du-calendrier-et-vue-de-l-agenda-des-programmes-neuronup-768x317.webp 768w, https:\/\/neuronup.com\/fr\/wp-content\/uploads\/2024\/10\/vue-du-calendrier-et-vue-de-l-agenda-des-programmes-neuronup-1024x423.webp 1024w, https:\/\/neuronup.com\/fr\/wp-content\/uploads\/2024\/10\/vue-du-calendrier-et-vue-de-l-agenda-des-programmes-neuronup.webp 1080w\" sizes=\"(max-width: 1024px) 100vw, 1024px\" \/><\/figure>\n<\/div>\n<\/div>\n","protected":false},"excerpt":{"rendered":"<p>Souhaitez-vous planifier votre travail des mois \u00e0 l&rsquo;avance en seulement quelques minutes ? D\u00e9couvrez comment y parvenir avec les programmes de NeuronUP. Qu&rsquo;est-ce qu&rsquo;un programme NeuronUP ? Un programme est un ensemble de sessions. Les programmes vous permettent de planifier votre travail des mois \u00e0 l&rsquo;avance automatiquement et en seulement quelques minutes. La planification \u00e0 &hellip;<\/p>\n","protected":false},"author":167,"featured_media":0,"parent":32257,"menu_order":0,"comment_status":"closed","ping_status":"closed","template":"","meta":{"_acf_changed":false,"_genesis_hide_title":false,"_genesis_hide_breadcrumbs":false,"_genesis_hide_singular_image":false,"_genesis_hide_footer_widgets":false,"_genesis_custom_body_class":"","_genesis_custom_post_class":"","_genesis_layout":"","footnotes":""},"class_list":{"1":"page","2":"type-page","5":"entry"},"acf":[],"_links":{"self":[{"href":"https:\/\/neuronup.com\/fr\/wp-json\/wp\/v2\/pages\/32270","targetHints":{"allow":["GET"]}}],"collection":[{"href":"https:\/\/neuronup.com\/fr\/wp-json\/wp\/v2\/pages"}],"about":[{"href":"https:\/\/neuronup.com\/fr\/wp-json\/wp\/v2\/types\/page"}],"author":[{"embeddable":true,"href":"https:\/\/neuronup.com\/fr\/wp-json\/wp\/v2\/users\/167"}],"replies":[{"embeddable":true,"href":"https:\/\/neuronup.com\/fr\/wp-json\/wp\/v2\/comments?post=32270"}],"version-history":[{"count":0,"href":"https:\/\/neuronup.com\/fr\/wp-json\/wp\/v2\/pages\/32270\/revisions"}],"up":[{"embeddable":true,"href":"https:\/\/neuronup.com\/fr\/wp-json\/wp\/v2\/pages\/32257"}],"wp:attachment":[{"href":"https:\/\/neuronup.com\/fr\/wp-json\/wp\/v2\/media?parent=32270"}],"curies":[{"name":"wp","href":"https:\/\/api.w.org\/{rel}","templated":true}]}}