{"id":46039,"date":"2025-11-14T10:54:15","date_gmt":"2025-11-14T08:54:15","guid":{"rendered":"https:\/\/neuronup.com\/de\/?page_id=46039"},"modified":"2025-11-14T10:56:54","modified_gmt":"2025-11-14T08:56:54","slug":"cookie-richtlinie","status":"publish","type":"page","link":"https:\/\/neuronup.com\/de\/cookie-richtlinie\/","title":{"rendered":"Cookie-Richtlinie"},"content":{"rendered":"\n<h2 class=\"wp-block-heading\">Cookie-Richtlinie<\/h2>\n\n\n\n<p>Gem\u00e4\u00df Artikel 22.2 des Gesetzes 34\/2002 vom 11. Juli \u00fcber Dienste der Informationsgesellschaft und des elektronischen Gesch\u00e4ftsverkehrs, der Verordnung (EU) 2016\/679 des Europ\u00e4ischen Parlaments und des Rates vom 27. April 2016, Datenschutz-Grundverordnung (DSGVO), sowie des Organgesetzes 3\/2018 vom 5. Dezember \u00fcber den Schutz personenbezogener Daten und die Gew\u00e4hrleistung digitaler Rechte (LOPDGDD) informieren wir Sie dar\u00fcber, dass diese Website eigene Cookies und Cookies Dritter verwendet.<\/p>\n\n\n\n<p>NeuronUP verwendet Cookies und andere \u00e4hnliche Technologien (LocalStorage) auf ihrer Website, in ihrem Blog und in ihrer Anwendung. Die Nutzer k\u00f6nnen ihren Browser so konfigurieren, dass er Cookies akzeptiert, Berechtigungen \u00e4ndert oder Cookies ablehnt.<\/p>\n\n\n\n<h4 class=\"wp-block-heading\"><strong>Was sind Cookies und LocalStorage?<\/strong><\/h4>\n\n\n\n<p>Cookies sind kleine Textdateien, die w\u00e4hrend des Surfens auf dem Ger\u00e4t des Nutzers gespeichert werden, um die Aktivit\u00e4t auf der Website nachverfolgen zu k\u00f6nnen, Informationen \u00fcber Pr\u00e4ferenzen und Surfgewohnheiten bereitzustellen und unter anderem die Website korrekt anzuzeigen, Nutzer wiederzuerkennen oder die Website sogar zu personalisieren.<\/p>\n\n\n\n<p>In der Regel speichern sie technische Daten, Nutzungsstatistiken, Verkn\u00fcpfungen zu sozialen Netzwerken, die Verwaltung pers\u00f6nlicher Einstellungen usw., um die Website an die Bed\u00fcrfnisse und Konfigurationen des Nutzers anzupassen und so die Navigation zu verbessern.<\/p>\n\n\n\n<p>LocalStorage sind Speichereinrichtungen, die es erm\u00f6glichen, Daten lokal im Browser zu speichern, ohne eine Verbindung zu einer Datenbank herstellen zu m\u00fcssen. Die Informationen werden unbegrenzt gespeichert oder bis der Nutzer die Browsing-Daten l\u00f6scht.<\/p>\n\n\n\n<h4 class=\"wp-block-heading\"><strong>Welche Arten von Speichereinrichtungen verwendet diese Website?<\/strong><\/h4>\n\n\n\n<p>Auf dieser Website werden die folgenden Cookies verwendet:<\/p>\n\n\n\n<h5 class=\"wp-block-heading\"><strong>Nach Anbieter:<\/strong><\/h5>\n\n\n\n<ul class=\"wp-block-list\">\n<li><strong>Eigene Cookies<\/strong>: Dies sind Cookies, die vom Ger\u00e4t oder der Domain des Webseitenbetreibers an das Endger\u00e4t des Nutzers gesendet werden und von denen aus der vom Nutzer angeforderte Dienst bereitgestellt wird.<\/li>\n\n\n\n<li><strong>Cookies von Drittanbietern<\/strong>: Dies sind Cookies, die von einem Ger\u00e4t oder einer Domain an das Endger\u00e4t des Nutzers gesendet werden, das nicht vom Webseitenbetreiber, sondern von einer anderen Stelle verwaltet wird, die die \u00fcber die Cookies erhaltenen Daten verarbeitet.<\/li>\n<\/ul>\n\n\n\n<h4 class=\"wp-block-heading\"><strong>Nach Zweck:<\/strong><\/h4>\n\n\n\n<ul class=\"wp-block-list\">\n<li><strong>Technische Cookies<\/strong>: Dies sind Cookies, die dem Nutzer die Navigation auf einer Website, Plattform oder Anwendung und die Nutzung der darin vorhandenen verschiedenen Optionen oder Dienste erm\u00f6glichen, einschlie\u00dflich derjenigen, die der Betreiber zur Verwaltung und zum Betrieb der Website sowie zur Aktivierung ihrer Funktionen und Dienste verwendet.<\/li>\n\n\n\n<li><strong>Analytische Cookies<\/strong>: Dies sind Cookies, die dem Verantwortlichen die Verfolgung und Analyse des Verhaltens der Nutzer der mit ihnen verkn\u00fcpften Websites erm\u00f6glichen, einschlie\u00dflich der Messung der Wirkung von Werbeanzeigen. Die durch diese Cookies gewonnenen Informationen werden zur Messung der Aktivit\u00e4t von Websites, Anwendungen oder Plattformen verwendet, um anhand der Analyse der Nutzungsdaten Verbesserungen des Dienstes vorzunehmen.<\/li>\n\n\n\n<li><strong>Werbe-Cookies<\/strong>: Dies sind Cookies, die Informationen \u00fcber das Verhalten der Nutzer speichern, die durch die kontinuierliche Beobachtung ihrer Surfgewohnheiten gewonnen werden und die es erm\u00f6glichen, ein spezifisches Profil zu erstellen, um Werbung entsprechend diesem Profil anzuzeigen.<\/li>\n\n\n\n<li><strong>Pr\u00e4ferenz- oder Personalisierungs-Cookies<\/strong>: Dies sind Cookies, die das Speichern von Informationen erm\u00f6glichen, damit der Nutzer den Dienst mit bestimmten Merkmalen in Anspruch nimmt, die seine Erfahrung von der anderer Nutzer unterscheiden k\u00f6nnen, wie z.&nbsp;B. die Sprache, die Anzahl der Ergebnisse, die bei einer Suche angezeigt werden, das Erscheinungsbild oder der Inhalt des Dienstes in Abh\u00e4ngigkeit vom verwendeten Browsertyp oder der Region, aus der auf den Dienst zugegriffen wird, usw.<\/li>\n<\/ul>\n\n\n\n<h4 class=\"wp-block-heading\"><strong>Nach Speicherdauer:<\/strong><\/h4>\n\n\n\n<ul class=\"wp-block-list\">\n<li><strong>Sitzungs-Cookies<\/strong>: Dies sind Cookies, die dazu bestimmt sind, Daten zu erfassen und zu speichern, w\u00e4hrend der Nutzer auf eine Website zugreift. Sie werden in der Regel verwendet, um Informationen zu speichern, die nur f\u00fcr die einmalige Erbringung des vom Nutzer angeforderten Dienstes von Interesse sind (z.&nbsp;B. eine Liste gekaufter Produkte), und sie werden gel\u00f6scht, wenn die Sitzung beendet wird.<\/li>\n\n\n\n<li><strong>Permanente Cookies<\/strong>: Dies sind Cookies, bei denen die Daten auf dem Endger\u00e4t gespeichert bleiben und w\u00e4hrend eines vom Cookie-Verantwortlichen festgelegten Zeitraums, der von wenigen Minuten bis zu mehreren Jahren reichen kann, abgerufen und verarbeitet werden k\u00f6nnen.<\/li>\n<\/ul>\n\n\n\n<p>Au\u00dferdem werden LocalStorage-Speicher eingerichtet, wenn der Nutzer auf die Plattform zugreift, etwa f\u00fcr das Authentifizierungs-Token der Nutzer und um sich ihre Pr\u00e4ferenzen und die verwendeten Filter zu merken.<\/p>\n\n\n\n<h5 class=\"wp-block-heading\"><strong>Welche Cookies setzen wir?<\/strong><\/h5>\n\n\n\n<figure class=\"wp-block-table aligncenter table-nup has-sm-font-size\"><table class=\"has-fixed-layout\"><thead><tr><th class=\"has-text-align-left\" data-align=\"left\">Name<\/th><th>Anbieter \/ Domain<\/th><th>Zweck<\/th><th>Speicherdauer<\/th><th>Art<\/th><\/tr><\/thead><tbody><tr><td class=\"has-text-align-left\" data-align=\"left\">cmplz_banner-status<\/td><td>neuronup.com<\/td><td>Speichert, ob der Nutzer das Cookie-Banner (Complianz) geschlossen oder akzeptiert hat.<\/td><td>1 Jahr<\/td><td>Technisch \/ Notwendig<\/td><\/tr><tr><td class=\"has-text-align-left\" data-align=\"left\">cmplz_policy_id<\/td><td>neuronup.com<\/td><td>Identifiziert die Version der akzeptierten Cookie-Richtlinie.<\/td><td>1 Jahr<\/td><td>Technisch \/ Notwendig<\/td><\/tr><tr><td class=\"has-text-align-left\" data-align=\"left\">cmplz_preferences \/ cmplz_preferences_app<\/td><td>neuronup.com<\/td><td>Speichert die Pr\u00e4ferenzen des Nutzers in Bezug auf optionale Cookies.<\/td><td>1 Jahr<\/td><td>Pr\u00e4ferenzen<\/td><\/tr><tr><td class=\"has-text-align-left\" data-align=\"left\">cmplz_statistics \/ cmplz_statistics_app<\/td><td>neuronup.com<\/td><td>Erfasst die Einwilligung des Nutzers in statistische Cookies.<\/td><td>1 Jahr<\/td><td>Analytisch<\/td><\/tr><tr><td class=\"has-text-align-left\" data-align=\"left\">intercom-device-id-*<\/td><td>neuronup.com<\/td><td>Identifiziert das Ger\u00e4t des Nutzers, um die Sitzung des Intercom-Chats aufrechtzuerhalten.<\/td><td>1 Jahr<\/td><td>Funktional<\/td><\/tr><tr><td class=\"has-text-align-left\" data-align=\"left\">intercom-session-*<\/td><td>neuronup.com<\/td><td>H\u00e4lt die aktive Sitzung des Intercom-Support-Chats aufrecht.<\/td><td>1 Jahr<\/td><td>Funktional<\/td><\/tr><tr><td class=\"has-text-align-left\" data-align=\"left\">boxzilla_box_*<\/td><td>neuronup.com<\/td><td>Speichert, ob der Nutzer Pop-up-Fenster geschlossen hat.<\/td><td>20 Tage<\/td><td>Pr\u00e4ferenzen<\/td><\/tr><tr><td class=\"has-text-align-left\" data-align=\"left\">ab_cta_test_ab<\/td><td>neuronup.com<\/td><td>F\u00fchrt interne A\/B-Tests durch, um Handlungsaufforderungen (CTAs) zu optimieren.<\/td><td>1 Monat<\/td><td>Analytisch \/ Funktional<\/td><\/tr><tr><td class=\"has-text-align-left\" data-align=\"left\">_ga<\/td><td>neuronup.com<\/td><td>Erkennt einzelne Nutzer zur statistischen Analyse der Website (Google Analytics).&nbsp;<\/td><td>1 Jahr<\/td><td>Analytisch<\/td><\/tr><tr><td class=\"has-text-align-left\" data-align=\"left\">_ga_*<\/td><td>neuronup.com<\/td><td>Verwaltet Sitzungen und Traffic (Google Analytics).<\/td><td>1 Jahr<\/td><td>Analytisch<\/td><\/tr><tr><td class=\"has-text-align-left\" data-align=\"left\">_gcl_au<\/td><td>.neuronup.com<\/td><td>Erfasst Conversions von Werbekampagnen (Google Ads).<\/td><td>3 Monate<\/td><td>Analytisch \/ Werblich<\/td><\/tr><tr><td class=\"has-text-align-left\" data-align=\"left\">_fbp<\/td><td>.neuronup.com<\/td><td>Misst und verbessert die Wirksamkeit von Werbekampagnen von Meta (Facebook Pixel).<\/td><td>3 Monate<\/td><td>Werblich<\/td><\/tr><tr><td class=\"has-text-align-left\" data-align=\"left\">AMP_*<\/td><td>.neuronup.com \/ .amplitude.com<\/td><td>Weist Ger\u00e4te- und Nutzerkennungen zu, protokolliert Ereignisse und misst das Verhalten innerhalb der Anwendung (Amplitude Analytics).<\/td><td>3 Monate<\/td><td>Analytisch<\/td><\/tr><tr><td class=\"has-text-align-left\" data-align=\"left\">__cf_bm<\/td><td>.hsforms.com \/ .hsforms.net \/ .linkedin.com<\/td><td>Verwaltet den Datenverkehr und sch\u00fctzt vor Bots (Cloudflare \/ HubSpot \/ LinkedIn).<\/td><td>1 Tag<\/td><td>Technisch \/ Sicherheit<\/td><\/tr><tr><td class=\"has-text-align-left\" data-align=\"left\">__cflb<\/td><td>api.hcaptcha.com<\/td><td>Verwaltet das Load-Balancing des hCaptcha-Dienstes und gew\u00e4hrleistet Leistung und Verf\u00fcgbarkeit.<\/td><td>1 Tag<\/td><td>Technisch \/ Leistung<\/td><\/tr><tr><td class=\"has-text-align-left\" data-align=\"left\">hmt_id<\/td><td>api.hcaptcha.com<\/td><td>Anonyme Kennung, die von hCaptcha verwendet wird, um die Herausforderung (Captcha) zu \u00fcberpr\u00fcfen und automatisierten Betrug zu verhindern.<\/td><td>1 Monat<\/td><td>Technisch \/ Sicherheit<\/td><\/tr><tr><td class=\"has-text-align-left\" data-align=\"left\">_cfuvid<\/td><td>.hsforms.com<\/td><td>Identifiziert legitime Anfragen in HubSpot-Formularen.<\/td><td>Sitzung<\/td><td>Technisch \/ Sicherheit<\/td><\/tr><tr><td class=\"has-text-align-left\" data-align=\"left\">dfpfpt<\/td><td>.linkedin.com<\/td><td>Internes LinkedIn-Cookie f\u00fcr Identifizierung und Sicherheit.<\/td><td>1 Jahr<\/td><td>Technisch<\/td><\/tr><tr><td class=\"has-text-align-left\" data-align=\"left\">gpv_pn<\/td><td>.linkedin.com<\/td><td>Analysiert besuchte Seiten (LinkedIn Learning).<\/td><td>6 Monate<\/td><td>Analytisch<\/td><\/tr><tr><td class=\"has-text-align-left\" data-align=\"left\">li_gc<\/td><td>.linkedin.com<\/td><td>Speichert die Einwilligung des Nutzers in LinkedIn-Cookies.<\/td><td>6 Monate<\/td><td>Technisch<\/td><\/tr><tr><td class=\"has-text-align-left\" data-align=\"left\">li_mc<\/td><td>.linkedin.com<\/td><td>Synchronisiert Kennungen zwischen Domains f\u00fcr Werbung und Analysen.<\/td><td>1 Jahr<\/td><td>Werblich<\/td><\/tr><tr><td class=\"has-text-align-left\" data-align=\"left\">li_sugr<\/td><td>.linkedin.com<\/td><td>Identifiziert den Browser und das Verhalten des Nutzers.<\/td><td>3 Monate<\/td><td>Analytisch \/ Werblich<\/td><\/tr><tr><td class=\"has-text-align-left\" data-align=\"left\">liap<\/td><td>.linkedin.com<\/td><td>Erm\u00f6glicht die Authentifizierung mit LinkedIn (Single Sign-On).<\/td><td>1 Jahr<\/td><td>Funktional<\/td><\/tr><tr><td class=\"has-text-align-left\" data-align=\"left\">lidc<\/td><td>.linkedin.com<\/td><td>Lastenausgleich zwischen den LinkedIn-Servern.<\/td><td>24 Stunden<\/td><td>Technisch<\/td><\/tr><tr><td class=\"has-text-align-left\" data-align=\"left\">lms_ads<\/td><td>.linkedin.com<\/td><td>Erfasst Informationen, um relevante Anzeigen anzuzeigen.<\/td><td>1 Monat<\/td><td>Werblich<\/td><\/tr><tr><td class=\"has-text-align-left\" data-align=\"left\">lms_analyctics<\/td><td>.linkedin.com<\/td><td>Erfasst Analysedaten zur Nutzung und zu Kampagnen.<\/td><td>1 Monat<\/td><td>Analytisch<\/td><\/tr><tr><td class=\"has-text-align-left\" data-align=\"left\">UsarMatchHistory<\/td><td>.linkedin.com<\/td><td>Synchronisiert Nutzerkennungen, um die Wirksamkeit von Werbung zu messen.<\/td><td>1 Monat<\/td><td>Werblich<\/td><\/tr><tr><td class=\"has-text-align-left\" data-align=\"left\">AnalyticsSyncHistory<\/td><td>.linkedin.com<\/td><td>Synchronisiert LinkedIn-Analysedaten.<\/td><td>1 Monat<\/td><td>Analytisch<\/td><\/tr><tr><td class=\"has-text-align-left\" data-align=\"left\">bcookie<\/td><td>.linkedin.com<\/td><td>Identifiziert den Browser des Nutzers (Browser-ID).<\/td><td>1 Jahr<\/td><td>Werblich<\/td><\/tr><tr><td class=\"has-text-align-left\" data-align=\"left\">ar_debug<\/td><td>px.ads..linkedin.com<\/td><td>Interne Fehleranalyse von LinkedIn-Ads-Pixeln.<\/td><td>1 Monat<\/td><td>Technisch \/ Intern<\/td><\/tr><tr><td class=\"has-text-align-left\" data-align=\"left\">s_fid \/ s_ips \/ s_tp \/ s_tslv<\/td><td>.linkedin.com<\/td><td>Adobe-Analytics-Cookies, die von LinkedIn f\u00fcr Messung und Performance verwendet werden.<\/td><td>6 Monate<\/td><td>Analytisch<\/td><\/tr><tr><td class=\"has-text-align-left\" data-align=\"left\">sdui_ver<\/td><td>.linkedin.com<\/td><td>Speichert die Version der LinkedIn-Oberfl\u00e4che oder -Anwendung.<\/td><td>1 Jahr<\/td><td>Technisch \/ Pr\u00e4ferenzen<\/td><\/tr><tr><td class=\"has-text-align-left\" data-align=\"left\">__Secure-1PAPISID<\/td><td>.google.com<\/td><td>Sammelt Informationen \u00fcber die Nutzung der Website und Werbung, um Anzeigen zu personalisieren.<\/td><td>2 Jahre<\/td><td>Werblich \/ Analytisch<\/td><\/tr><tr><td class=\"has-text-align-left\" data-align=\"left\">__Secure-1PSID<\/td><td>.google.com<\/td><td>Authentifiziert Nutzersitzungen und personalisiert Anzeigen auf Grundlage der Surfgewohnheiten.<\/td><td>2 Jahre<\/td><td>Werblich \/ Personalisierung<\/td><\/tr><tr><td class=\"has-text-align-left\" data-align=\"left\">__Secure-1PSIDCC<\/td><td>.google.com<\/td><td>Gew\u00e4hrleistet die Sicherheit der Sitzung und sch\u00fctzt vor Betrug.<\/td><td>1 Jahr<\/td><td>Technisch \/ Sicherheit<\/td><\/tr><tr><td class=\"has-text-align-left\" data-align=\"left\">__Secure-1PSIDTS<\/td><td>.google.com<\/td><td>Verkn\u00fcpft sichere Nutzersitzungen und \u00fcberpr\u00fcft die Integrit\u00e4t der Sitzung.<\/td><td>1 Jahr<\/td><td>Technisch \/ Sicherheit<\/td><\/tr><tr><td class=\"has-text-align-left\" data-align=\"left\">__Secure-3PAPISID<\/td><td>.google.com<\/td><td>Misst die Interaktion der Nutzer mit der Website und erstellt ein Interessenprofil, um personalisierte Anzeigen anzuzeigen.<\/td><td>2 Jahre<\/td><td>Werblich \/ Profilbildung<\/td><\/tr><tr><td class=\"has-text-align-left\" data-align=\"left\">__Secure-3PSID<\/td><td>.google.com<\/td><td>Erm\u00f6glicht die Anzeige personalisierter Anzeigen gem\u00e4\u00df den Interessen des Nutzers.<\/td><td>2 Jahre<\/td><td>Werblich<\/td><\/tr><tr><td class=\"has-text-align-left\" data-align=\"left\">__Secure-3PSIDCC<\/td><td>.google.com<\/td><td>Stellt die Nutzer-Authentifizierung sicher und sch\u00fctzt vor Missbrauch beim Anmeldevorgang.<\/td><td>1 Jahr<\/td><td>Technisch \/ Sicherheit<\/td><\/tr><tr><td class=\"has-text-align-left\" data-align=\"left\">__Secure-3PSIDTS<\/td><td>.google.com<\/td><td>Verwaltet den Status der sicheren Sitzung zwischen Domains.<\/td><td>1 Jahr<\/td><td>Technisch \/ Sicherheit<\/td><\/tr><tr><td class=\"has-text-align-left\" data-align=\"left\">__Secure-ENID<\/td><td>.google.com<\/td><td>Verhindert Betrug, gew\u00e4hrleistet Sicherheit und speichert Sitzungseinstellungen.<\/td><td>2 Jahre<\/td><td>Technisch \/ Sicherheit<\/td><\/tr><tr><td class=\"has-text-align-left\" data-align=\"left\">AEC<\/td><td>.google.com<\/td><td>Verhindert Cross-Site-Request-Forgery-Angriffe (CSRF).<\/td><td>6 Monate<\/td><td>Technisch \/ Sicherheit<\/td><\/tr><tr><td class=\"has-text-align-left\" data-align=\"left\">APISID<\/td><td>.google.com<\/td><td>Erstellt ein Nutzerprofil anhand der Interessen, um personalisierte Werbung anzuzeigen.<\/td><td>2 Jahre<\/td><td>Werblich \/ Profilbildung<\/td><\/tr><tr><td class=\"has-text-align-left\" data-align=\"left\">HSID<\/td><td>.google.com<\/td><td>Bietet Sicherheit beim Anmelden bei Google-Konten.<\/td><td>2 Jahre<\/td><td>Technisch \/ Sicherheit<\/td><\/tr><tr><td class=\"has-text-align-left\" data-align=\"left\">NID<\/td><td>.google.com<\/td><td>Speichert Nutzerpr\u00e4ferenzen und zeigt angepasste Anzeigen an.<\/td><td>6 Monate<\/td><td>Werblich \/ Personalisierung<\/td><\/tr><tr><td class=\"has-text-align-left\" data-align=\"left\">SAPISID<\/td><td>.google.com<\/td><td>Erm\u00f6glicht die Anzeige personalisierter Anzeigen entsprechend den Interessen.<\/td><td>2 Jahre<\/td><td>Werblich<\/td><\/tr><tr><td class=\"has-text-align-left\" data-align=\"left\">SID<\/td><td>.google.com<\/td><td>Enth\u00e4lt Authentifizierungsinformationen und sch\u00fctzt Daten vor unbefugtem Zugriff.<\/td><td>2 Jahre<\/td><td>Technisch \/ Sicherheit<\/td><\/tr><tr><td class=\"has-text-align-left\" data-align=\"left\">SIDCC<\/td><td>.google.com<\/td><td>Stellt sicher, dass Sitzungscookies nicht manipuliert werden, und sch\u00fctzt die Authentifizierung.<\/td><td>1 Jahr<\/td><td>Technisch \/ Sicherheit<\/td><\/tr><tr><td class=\"has-text-align-left\" data-align=\"left\">SSID<\/td><td>.google.com<\/td><td>Speichert Nutzerpr\u00e4ferenzen (z.&nbsp;B. Sprache, Ergebnisse).<\/td><td>2 Jahre<\/td><td>Funktional \/ Pr\u00e4ferenzen<\/td><\/tr><tr><td class=\"has-text-align-left\" data-align=\"left\">SOCS<\/td><td>.google.com<\/td><td>Erfasst die Einwilligungs- und Cookie-Einstellungen von Google.<\/td><td>13 Monate<\/td><td>Technisch<\/td><\/tr><tr><td class=\"has-text-align-left\" data-align=\"left\">m<\/td><td>m.stripe.com<\/td><td>Betrugskontrolle und Ger\u00e4teerkennung bei der Abwicklung sicherer Zahlungen (Stripe).<\/td><td>1 Jahr<\/td><td>Technisch \/ Sicherheit<\/td><\/tr><tr><td class=\"has-text-align-left\" data-align=\"left\">__stripe_mid<\/td><td>.app.neuronup.com<\/td><td>Kundenkennung zur Unterscheidung von Sitzungen w\u00e4hrend des Zahlungsvorgangs (Stripe).<\/td><td>1 Jahr<\/td><td>Technisch \/ Sicherheit<\/td><\/tr><tr><td class=\"has-text-align-left\" data-align=\"left\">__stripe_sid<\/td><td>.app.neuronup.com<\/td><td>Tempor\u00e4re Sitzungskennung zur Verwaltung sicherer Zahlungsvorg\u00e4nge (Stripe).<\/td><td>Sitzung<\/td><td>Technisch \/ Sicherheit<\/td><\/tr><\/tbody><\/table><\/figure>\n\n\n\n<h5 class=\"wp-block-heading\"><strong>Dritte, die auf dieser Website Cookies verwenden<\/strong><\/h5>\n\n\n\n<figure class=\"wp-block-table aligncenter table-nup has-sm-font-size\"><table class=\"has-fixed-layout\"><thead><tr><th>Anbieter<\/th><th>Zweck \/ Dienst<\/th><th>Standort \/ Verarbeitungsregion<\/th><th>Datenschutzerkl\u00e4rung<\/th><\/tr><\/thead><tbody><tr><td>Google LLC \/ Google Ireland Limited<\/td><td>Bereitstellung von Webanalyse-Diensten (Google Analytics), Verwaltung von Werbung (Google Ads), Authentifizierung und Sicherheit.<\/td><td>Europ\u00e4ische Union und USA<\/td><td><a href=\"https:\/\/policies.google.com\/technologies\/cookies\">https:\/\/policies.google.com\/technologies\/cookies<\/a><\/td><\/tr><tr><td>LinkedIn Ireland Unlimited Company<\/td><td>Personalisierte Werbung und Messung von Zielgruppen (LinkedIn Ads, Insight Tag).<\/td><td>Europ\u00e4ische Union und USA<\/td><td><a href=\"https:\/\/es.linkedin.com\/legal\/cookie-policy\">https:\/\/es.linkedin.com\/legal\/cookie-policy<\/a><\/td><\/tr><tr><td>Meta Platforms Ireland Ltd.<\/td><td>Messung und Optimierung von Werbekampagnen in sozialen Netzwerken (Facebook Pixel).<\/td><td>Europ\u00e4ische Union und USA<\/td><td><a href=\"https:\/\/es-es.facebook.com\/help\/cookies\">https:\/\/es-es.facebook.com\/help\/cookies<\/a><\/td><\/tr><tr><td>Intercom R&amp;D Unlimited Company<\/td><td>Online-Chat-Tool und direkte Kommunikation mit Nutzern.<\/td><td>USA<\/td><td><a href=\"https:\/\/www.intercom.com\/legal\/privacy\">https:\/\/www.intercom.com\/legal\/privacy<\/a>&nbsp;<\/td><\/tr><tr><td>HubSpot Inc.<\/td><td>Verwaltung von Formularen, Kontakten und Marketing-Tracking.<\/td><td>USA<\/td><td><a href=\"https:\/\/legal.hubspot.com\/cookie-policy\">https:\/\/legal.hubspot.com\/cookie-policy<\/a>&nbsp;<\/td><\/tr><tr><td>Cloudflare Inc.<\/td><td>Schutz vor Angriffen, Verkehrsmanagement und Optimierung der Website-Performance.<\/td><td>USA<\/td><td><a href=\"https:\/\/www.cloudflare.com\/es-es\/cookie-policy\/\">https:\/\/www.cloudflare.com\/es-es\/cookie-policy<\/a><\/td><\/tr><tr><td>Complianz B.V.<\/td><td>Plattform f\u00fcr Cookie-Einwilligungsverwaltung und rechtliche Compliance.<\/td><td>Europ\u00e4ische Union<\/td><td><a href=\"https:\/\/complianz.io\/legal\/privacy-statement\">https:\/\/complianz.io\/legal\/privacy-statement<\/a>&nbsp;<\/td><\/tr><tr><td>hCaptcha (Intuition Machines Inc.)<\/td><td>Menschliche Validierung und Spamschutz.<\/td><td>USA<\/td><td><a href=\"https:\/\/www.hcaptcha.com\/privacy\">https:\/\/www.hcaptcha.com\/privacy<\/a>&nbsp;<\/td><\/tr><tr><td>Stripe, Inc.<\/td><td>Abwicklung sicherer Zahlungen.<\/td><td>Europ\u00e4ische Union<\/td><td><a href=\"https:\/\/stripe.com\/privacy\">https:\/\/stripe.com\/privacy<\/a>&nbsp;<\/td><\/tr><tr><td>Amplitude Inc.<\/td><td>Plattform f\u00fcr Produktanalyse und Nutzerverhalten.<\/td><td>Europ\u00e4ische Union<\/td><td><a href=\"https:\/\/amplitude.com\/privacy\">https:\/\/amplitude.com\/privacy<\/a><\/td><\/tr><\/tbody><\/table><\/figure>\n\n\n\n<h4 class=\"wp-block-heading\"><strong>Internationale Daten\u00fcbermittlungen<\/strong><\/h4>\n\n\n\n<p>Einige unserer Dienstleister k\u00f6nnen internationale Daten\u00fcbermittlungen au\u00dferhalb des Europ\u00e4ischen Wirtschaftsraums vornehmen, insbesondere in die Vereinigten Staaten. Diese \u00dcbermittlungen erfolgen unter Einhaltung der in der DSGVO vorgesehenen geeigneten Garantien, wie etwa der von der Europ\u00e4ischen Kommission verabschiedeten Standardvertragsklauseln oder auf Grundlage von Angemessenheitsbeschl\u00fcssen der Kommission.<\/p>\n\n\n\n<h4 class=\"wp-block-heading\"><strong>Wie Sie Cookies und andere Speichermechanismen konfigurieren oder deaktivieren<\/strong><\/h4>\n\n\n\n<p>Der Nutzer hat jederzeit die M\u00f6glichkeit, seinen Browser so zu konfigurieren, dass er \u00fcber den Empfang von Cookies benachrichtigt wird, deren Installation auf seinem Ger\u00e4t verhindert oder eine zuvor erteilte Einwilligung widerruft.<\/p>\n\n\n\n<p>Cookies k\u00f6nnen f\u00fcr das gesamte Surfen oder f\u00fcr eine bestimmte Website gel\u00f6scht und\/oder blockiert werden. Die Konfiguration muss in jedem Browser vorgenommen werden. Erfolgt dies nur in einem Browser und nicht in den \u00fcbrigen auf demselben Ger\u00e4t, wird davon ausgegangen, dass in den anderen der Einsatz von Cookies akzeptiert wird. Sie m\u00fcssen die Einstellungen jedes Browsers aufrufen und den Anweisungen des Herstellers folgen.<\/p>\n\n\n\n<p>Wenn Sie nach der Zustimmung die erteilte Einwilligung widerrufen m\u00f6chten, m\u00fcssen Sie die im System gespeicherten Cookies in den Einstellungen gem\u00e4\u00df den Anweisungen des Browserherstellers l\u00f6schen. Konsultieren Sie die Anleitungen und Handb\u00fccher des Browsers, um weitere Informationen zu erhalten und die verschiedenen M\u00f6glichkeiten zur Verwaltung von Cookies kennenzulernen.<\/p>\n\n\n\n<p>Um diese Aufgabe zu erleichtern, werden in diesem Abschnitt die g\u00e4ngigsten Browser genannt; am besten ist es jedoch, stets die Einstellungen jedes einzelnen Browsers zu verwenden:<\/p>\n\n\n\n<ul class=\"wp-block-list\">\n<li><a href=\"https:\/\/support.mozilla.org\/es\/kb\/Borrar%20cookies\">Firefox<\/a><\/li>\n\n\n\n<li><a href=\"https:\/\/support.google.com\/chrome\/answer\/95647?hl=%C2%BBes%C2%BB\">Chrome<\/a><a href=\"https:\/\/www.apple.com\/legal\/privacy\/es\/cookies\/\"> Safari<\/a><a href=\"https:\/\/support.microsoft.com\/es-es\/microsoft-edge\/eliminar-las-cookies-en-microsoft-edge-63947406-40ac-c3b8-57b9-2a946a29ae09\"> Edge<\/a><\/li>\n<\/ul>\n\n\n\n<p>F\u00fcr andere Browser oder Ger\u00e4te sollten die Optionen oder die Hilfe der jeweiligen Anwendung konsultiert werden.<\/p>\n\n\n\n<p>Wenn Sie eine bessere Kontrolle \u00fcber die Installation von Cookies w\u00fcnschen, k\u00f6nnen Sie Programme oder Browser-Add-ons installieren, die als \u201eDo Not Track\u201c-Werkzeuge bekannt sind und mit denen Sie ausw\u00e4hlen k\u00f6nnen, welche Cookies zugelassen werden sollen. F\u00fcr weitere Informationen \u00fcber die Verarbeitung personenbezogener Daten durch NeuronUP k\u00f6nnen Sie unsere <a href=\"https:\/\/neuronup.com\/de\/rechtlicher-hinweis\/#DATENSCHUTZPOLITIK\" data-type=\"link\" data-id=\"https:\/\/neuronup.com\/de\/rechtlicher-hinweis\/#DATENSCHUTZPOLITIK\">Datenschutzerkl\u00e4rung<\/a> einsehen.<\/p>\n\n\n\n<div style=\"height:100px\" aria-hidden=\"true\" class=\"wp-block-spacer\"><\/div>\n","protected":false},"excerpt":{"rendered":"<p>Cookie-Richtlinie Gem\u00e4\u00df Artikel 22.2 des Gesetzes 34\/2002 vom 11. Juli \u00fcber Dienste der Informationsgesellschaft und des elektronischen Gesch\u00e4ftsverkehrs, der Verordnung (EU) 2016\/679 des Europ\u00e4ischen Parlaments und des Rates vom 27. April 2016, Datenschutz-Grundverordnung (DSGVO), sowie des Organgesetzes 3\/2018 vom 5. Dezember \u00fcber den Schutz personenbezogener Daten und die Gew\u00e4hrleistung digitaler Rechte (LOPDGDD) informieren wir Sie &hellip;<\/p>\n","protected":false},"author":3,"featured_media":46008,"parent":0,"menu_order":0,"comment_status":"closed","ping_status":"closed","template":"","meta":{"_acf_changed":false,"_genesis_hide_title":false,"_genesis_hide_breadcrumbs":false,"_genesis_hide_singular_image":false,"_genesis_hide_footer_widgets":false,"_genesis_custom_body_class":"","_genesis_custom_post_class":"","_genesis_layout":"wide-content","footnotes":""},"class_list":{"1":"page","2":"type-page","6":"entry"},"acf":[],"_links":{"self":[{"href":"https:\/\/neuronup.com\/de\/wp-json\/wp\/v2\/pages\/46039","targetHints":{"allow":["GET"]}}],"collection":[{"href":"https:\/\/neuronup.com\/de\/wp-json\/wp\/v2\/pages"}],"about":[{"href":"https:\/\/neuronup.com\/de\/wp-json\/wp\/v2\/types\/page"}],"author":[{"embeddable":true,"href":"https:\/\/neuronup.com\/de\/wp-json\/wp\/v2\/users\/3"}],"replies":[{"embeddable":true,"href":"https:\/\/neuronup.com\/de\/wp-json\/wp\/v2\/comments?post=46039"}],"version-history":[{"count":0,"href":"https:\/\/neuronup.com\/de\/wp-json\/wp\/v2\/pages\/46039\/revisions"}],"wp:featuredmedia":[{"embeddable":true,"href":"https:\/\/neuronup.com\/de\/wp-json\/wp\/v2\/media\/46008"}],"wp:attachment":[{"href":"https:\/\/neuronup.com\/de\/wp-json\/wp\/v2\/media?parent=46039"}],"curies":[{"name":"wp","href":"https:\/\/api.w.org\/{rel}","templated":true}]}}