{"id":40990,"date":"2025-07-18T13:31:10","date_gmt":"2025-07-18T11:31:10","guid":{"rendered":"https:\/\/neuronup.com\/de\/?page_id=40990"},"modified":"2025-09-18T12:23:19","modified_gmt":"2025-09-18T10:23:19","slug":"zugang-anfordern","status":"publish","type":"page","link":"https:\/\/neuronup.com\/de\/neuronup-assessment\/zugang-anfordern\/","title":{"rendered":"Einf\u00fchrung der Evaluierungstests"},"content":{"rendered":"\n<div class=\"wp-block-cover alignfull has-md-padding-top has-md-padding-bottom has-sm-padding-left has-sm-padding-right\"><span aria-hidden=\"true\" class=\"wp-block-cover__background has-primary-background-color has-background-dim-100 has-background-dim\"><\/span><div class=\"wp-block-cover__inner-container is-layout-constrained wp-block-cover-is-layout-constrained\">\n<h2 class=\"wp-block-heading has-text-align-center has-xxxl-font-size\">NeuronUP Assessment, dein neues Bewertungstool<\/h2>\n<\/div><\/div>\n\n\n\n<p class=\"has-text-align-center is-style-heading has-lg-font-size has-xxl-margin-bottom\"><strong>M\u00f6chtest du ein 360-Grad-Tool f\u00fcr deine Interventionen?<\/strong><\/p>\n\n\n\n<p class=\"has-text-align-center\">Bei NeuronUP haben wir ein <strong>neues Produkt zur Unterst\u00fctzung der Bewertung deiner Nutzer<\/strong> auf den Markt gebracht. Eine perfekte Erg\u00e4nzung zu NeuronUP Rehab, das dir ab sofort <strong>Intervention und Bewertung in einem einzigen Tool<\/strong> erm\u00f6glicht.<\/p>\n\n\n\n<p class=\"has-text-align-center\">Teste NeuronUP Assessment und bereite dich auf die Zukunft der neuropsychologischen Bewertung vor. Beeil dich, es ist <strong>f\u00fcr begrenzte Zeit kostenlos<\/strong>.<\/p>\n\n\n\n<p class=\"has-text-align-center is-style-heading has-lg-font-size has-xxl-margin-bottom\"><strong>Melde dich auf der Liste an, um sein volles Potenzial aus erster Hand kennenzulernen!<\/strong><\/p>\n\n\n<div class=\"wp-block-image\">\n<figure class=\"aligncenter size-large is-resized\"><img decoding=\"async\" width=\"96\" height=\"87\" src=\"https:\/\/neuronup.com\/de\/wp-content\/uploads\/2025\/07\/icon-arrow.svg\" alt=\"\" class=\"wp-image-40991\" style=\"width:60px\"\/><\/figure>\n<\/div>\n\n\n<div style=\"height:60px\" aria-hidden=\"true\" class=\"wp-block-spacer\"><\/div>\n\n\n\n<div class=\"wp-block-group br-0101 p-4 has-alt-background-color has-background has-light-background\"><div class=\"wp-block-group__inner-container is-layout-constrained wp-block-group-is-layout-constrained\">\n<h2 class=\"wp-block-heading has-text-align-center has-xl-margin-top\"><strong style=\"color:#00abc7;\">Melde dich an<\/strong> f\u00fcr die Liste<\/h2>\n\n\n\n<p class=\"has-text-align-center\">Durch deine Anmeldung sicherst du dir <strong>fr\u00fchen Zugriff<\/strong> auf das neue Bewertungsprodukt.<\/p>\n\n\n\n<div class=\"hs-form-frame\" data-region=\"eu1\" data-form-id=\"0cd95b48-18f3-46d7-87a2-bad2fa13c8e3\" data-portal-id=\"143501970\"><\/div>\n\n\n\n<div style=\"height:30px\" aria-hidden=\"true\" class=\"wp-block-spacer\"><\/div>\n<\/div><\/div>\n\n\n\n\n<div style=\"height:100px\" aria-hidden=\"true\" class=\"wp-block-spacer\"><\/div>\n","protected":false},"excerpt":{"rendered":"<p>M\u00f6chtest du ein 360-Grad-Tool f\u00fcr deine Interventionen? Bei NeuronUP haben wir ein neues Produkt zur Unterst\u00fctzung der Bewertung deiner Nutzer auf den Markt gebracht. Eine perfekte Erg\u00e4nzung zu NeuronUP Rehab, das dir ab sofort Intervention und Bewertung in einem einzigen Tool erm\u00f6glicht. Teste NeuronUP Assessment und bereite dich auf die Zukunft der neuropsychologischen Bewertung vor. &hellip;<\/p>\n","protected":false},"author":3,"featured_media":40959,"parent":40958,"menu_order":0,"comment_status":"closed","ping_status":"closed","template":"","meta":{"_acf_changed":false,"_genesis_hide_title":false,"_genesis_hide_breadcrumbs":false,"_genesis_hide_singular_image":false,"_genesis_hide_footer_widgets":false,"_genesis_custom_body_class":"","_genesis_custom_post_class":"","_genesis_layout":"standard-content","footnotes":""},"class_list":{"1":"page","2":"type-page","6":"entry"},"acf":[],"_links":{"self":[{"href":"https:\/\/neuronup.com\/de\/wp-json\/wp\/v2\/pages\/40990","targetHints":{"allow":["GET"]}}],"collection":[{"href":"https:\/\/neuronup.com\/de\/wp-json\/wp\/v2\/pages"}],"about":[{"href":"https:\/\/neuronup.com\/de\/wp-json\/wp\/v2\/types\/page"}],"author":[{"embeddable":true,"href":"https:\/\/neuronup.com\/de\/wp-json\/wp\/v2\/users\/3"}],"replies":[{"embeddable":true,"href":"https:\/\/neuronup.com\/de\/wp-json\/wp\/v2\/comments?post=40990"}],"version-history":[{"count":0,"href":"https:\/\/neuronup.com\/de\/wp-json\/wp\/v2\/pages\/40990\/revisions"}],"up":[{"embeddable":true,"href":"https:\/\/neuronup.com\/de\/wp-json\/wp\/v2\/pages\/40958"}],"wp:featuredmedia":[{"embeddable":true,"href":"https:\/\/neuronup.com\/de\/wp-json\/wp\/v2\/media\/40959"}],"wp:attachment":[{"href":"https:\/\/neuronup.com\/de\/wp-json\/wp\/v2\/media?parent=40990"}],"curies":[{"name":"wp","href":"https:\/\/api.w.org\/{rel}","templated":true}]}}