{"id":3852,"date":"2021-09-27T13:57:06","date_gmt":"2021-09-27T11:57:06","guid":{"rendered":"https:\/\/neuronup.com\/de\/?page_id=3852"},"modified":"2024-03-07T10:48:37","modified_gmt":"2024-03-07T08:48:37","slug":"landing-store-family","status":"publish","type":"page","link":"https:\/\/neuronup.com\/de\/landing-store-family\/","title":{"rendered":"Store Familiar"},"content":{"rendered":"<div class=\"wp-block-image\">\n<figure class=\"aligncenter size-large is-resized has-xxxxl-margin-top\"><img decoding=\"async\" src=\"https:\/\/neuronup.com\/de\/wp-content\/uploads\/2023\/12\/logo-neuronup-core-1.svg\" alt=\"logo neuronup core\" class=\"wp-image-1798\" style=\"width:225px;height:73px\"\/><\/figure>\n<\/div>\n\n\n<h2 class=\"wp-block-heading has-text-align-left has-md-max-width has-xl-margin-top has-xxl-margin-bottom\">Hallo,<\/h2>\n\n\n\n<p>Zun\u00e4chst einmal vielen Dank f\u00fcr Ihr Interesse an NeuronUP!<\/p>\n\n\n\n<p>NeuronUP ist eine Plattform zur kognitiven Stimulation, die speziell f\u00fcr Fachkr\u00e4fte entwickelt wurde. Wenn Sie als Betroffener oder Angeh\u00f6riger mit NeuronUP arbeiten m\u00f6chten, k\u00f6nnen Sie Ihre Therapeut:innen \u00fcber unsere Plattform informieren. Wir helfen Ihren Therapeut:innen gern bei der Auswahl des Paketes, das ihren beruflichen Bed\u00fcrfnissen am besten entspricht.<\/p>\n\n\n\n<p class=\"has-text-align-center\">Laden Sie die NeuronUP-Pr\u00e4sentation herunter, um Ihre zust\u00e4ndigen Fachkr\u00e4fte \u00fcber unsere Plattform zu informieren.<\/p>\n\n\n\n<div class=\"wp-block-group has-xl-margin-bottom\"><div class=\"wp-block-group__inner-container is-layout-flow wp-block-group-is-layout-flow\">\n<div class=\"wp-block-buttons is-horizontal is-content-justification-center is-layout-flex wp-container-core-buttons-is-layout-499968f5 wp-block-buttons-is-layout-flex\">\n<div class=\"wp-block-button\" id=\"info-pdf\"><a class=\"wp-block-button__link button wp-element-button\" href=\"https:\/\/neuronup.com\/de\/wp-content\/uploads\/2024\/03\/NeuronUP-Werkzeug-zur-Neurorehabilitation-fuer-Fachkraefte.pdf\">Herunterladen<\/a><\/div>\n<\/div>\n<\/div><\/div>\n\n\n\n<div class=\"wp-block-columns has-alt-background-color has-background is-layout-flex wp-container-core-columns-is-layout-9d6595d7 wp-block-columns-is-layout-flex\">\n<div class=\"wp-block-column is-layout-flow wp-block-column-is-layout-flow\" style=\"flex-basis:100%\">\n<div class=\"wp-block-group\"><div class=\"wp-block-group__inner-container is-layout-flow wp-block-group-is-layout-flow\">\n<p class=\"has-text-align-center\">Wenn Sie Fragen haben oder bisher noch keine Therapeut:innen haben, wenden Sie sich bitte an uns und wir werden Ihnen helfen.<\/p>\n\n\n\n<div class=\"wp-block-buttons is-horizontal is-content-justification-center is-layout-flex wp-container-core-buttons-is-layout-499968f5 wp-block-buttons-is-layout-flex\">\n<div class=\"wp-block-button--1\" id=\"intercom_link\"><a class=\"wp-block-button__link button button-outline wp-element-button\" href=\"https:\/\/neuronup.com\/de\/kontakt\/\">Kontakt<\/a><\/div>\n<\/div>\n<\/div><\/div>\n<\/div>\n<\/div>\n\n\n\n<div class=\"wp-block-columns is-layout-flex wp-container-core-columns-is-layout-9d6595d7 wp-block-columns-is-layout-flex\"><\/div>\n","protected":false},"excerpt":{"rendered":"<p>Hallo, Zun\u00e4chst einmal vielen Dank f\u00fcr Ihr Interesse an NeuronUP! NeuronUP ist eine Plattform zur kognitiven Stimulation, die speziell f\u00fcr Fachkr\u00e4fte entwickelt wurde. Wenn Sie als Betroffener oder Angeh\u00f6riger mit NeuronUP arbeiten m\u00f6chten, k\u00f6nnen Sie Ihre Therapeut:innen \u00fcber unsere Plattform informieren. Wir helfen Ihren Therapeut:innen gern bei der Auswahl des Paketes, das ihren beruflichen Bed\u00fcrfnissen &hellip;<\/p>\n","protected":false},"author":3,"featured_media":0,"parent":0,"menu_order":0,"comment_status":"closed","ping_status":"closed","template":"","meta":{"_acf_changed":false,"_genesis_hide_title":false,"_genesis_hide_breadcrumbs":false,"_genesis_hide_singular_image":false,"_genesis_hide_footer_widgets":false,"_genesis_custom_body_class":"","_genesis_custom_post_class":"","_genesis_layout":"","footnotes":""},"class_list":{"1":"page","2":"type-page","5":"entry"},"acf":[],"_links":{"self":[{"href":"https:\/\/neuronup.com\/de\/wp-json\/wp\/v2\/pages\/3852","targetHints":{"allow":["GET"]}}],"collection":[{"href":"https:\/\/neuronup.com\/de\/wp-json\/wp\/v2\/pages"}],"about":[{"href":"https:\/\/neuronup.com\/de\/wp-json\/wp\/v2\/types\/page"}],"author":[{"embeddable":true,"href":"https:\/\/neuronup.com\/de\/wp-json\/wp\/v2\/users\/3"}],"replies":[{"embeddable":true,"href":"https:\/\/neuronup.com\/de\/wp-json\/wp\/v2\/comments?post=3852"}],"version-history":[{"count":0,"href":"https:\/\/neuronup.com\/de\/wp-json\/wp\/v2\/pages\/3852\/revisions"}],"wp:attachment":[{"href":"https:\/\/neuronup.com\/de\/wp-json\/wp\/v2\/media?parent=3852"}],"curies":[{"name":"wp","href":"https:\/\/api.w.org\/{rel}","templated":true}]}}