{"id":3824,"date":"2021-09-27T13:39:54","date_gmt":"2021-09-27T11:39:54","guid":{"rendered":"https:\/\/neuronup.com\/de\/?page_id=3824"},"modified":"2025-12-24T12:01:19","modified_gmt":"2025-12-24T10:01:19","slug":"landing-store-user","status":"publish","type":"page","link":"https:\/\/neuronup.com\/de\/landing-store-user\/","title":{"rendered":"Store user"},"content":{"rendered":"\n<div style=\"height:50px\" aria-hidden=\"true\" class=\"wp-block-spacer\"><\/div>\n\n\n<div class=\"wp-block-image is-resized\">\n<figure class=\"aligncenter size-large\"><img decoding=\"async\" width=\"978\" height=\"317\" src=\"https:\/\/neuronup.com\/de\/wp-content\/uploads\/2023\/12\/logo-neuronup-core.svg\" alt=\"\" class=\"wp-image-27523\" style=\"width:290px\"\/><\/figure>\n<\/div>\n\n\n<p class=\"has-text-align-center\">Starte deine 7-t\u00e4gige kostenlose Testversion.<\/p>\n\n\n\n<h2 class=\"wp-block-heading has-text-align-center has-xxl-margin-top\">Wof\u00fcr m\u00f6chten Sie NeuronUP verwenden?<\/h2>\n\n\n\n<p class=\"has-text-align-center\">Das wird uns helfen, dir ein personalisiertes Erlebnis zu bieten.<\/p>\n\n\n\n<div style=\"height:50px\" aria-hidden=\"true\" class=\"wp-block-spacer\"><\/div>\n\n\n\n<div class=\"wp-block-buttons alignwide is-vertical is-content-justification-center is-layout-flex wp-container-core-buttons-is-layout-9a7cdcfd wp-block-buttons-is-layout-flex\">\n<div class=\"wp-block-button mt-2\"><a class=\"wp-block-button__link button wp-element-button\" href=\"https:\/\/app.neuronup.com\/public\/trial\/request\/adults_kids_digital\/monthly?_gl=1*hqal6f*_ga*MTc3MTc5NjI5My4xNjk2MjQzMjQ4*_ga_R6Q0D6SYKX*MTcwMzA2MDQ3My41Ny4xLjE3MDMwNjE1NjEuMC4wLjA.&amp;_ga=2.123829324.733223542.1702889519-1771796293.1696243248\">Um mit meinen Patient:innen zu arbeiten<\/a><\/div>\n\n\n\n<div class=\"wp-block-button mt-2\"><a class=\"wp-block-button__link button wp-element-button\" href=\"https:\/\/neuronup.com\/de\/landing-store-family\">Hilfe f\u00fcr einen Angeh\u00f6rigen oder mich selbst<\/a><\/div>\n\n\n\n<div class=\"wp-block-button mt-2\"><a class=\"wp-block-button__link button wp-element-button\" href=\"https:\/\/neuronup.com\/de\/forschung-im-bereich-kognitive-stimulation-und-neuropsychologische-rehabilitation-mit-neuronup\/forschungsinstrumente\/\">F\u00fcr meine Forschung<\/a><\/div>\n<\/div>\n","protected":false},"excerpt":{"rendered":"<p>Starte deine 7-t\u00e4gige kostenlose Testversion. Wof\u00fcr m\u00f6chten Sie NeuronUP verwenden? Das wird uns helfen, dir ein personalisiertes Erlebnis zu bieten.<\/p>\n","protected":false},"author":3,"featured_media":0,"parent":0,"menu_order":0,"comment_status":"closed","ping_status":"closed","template":"","meta":{"_acf_changed":false,"_genesis_hide_title":false,"_genesis_hide_breadcrumbs":false,"_genesis_hide_singular_image":false,"_genesis_hide_footer_widgets":false,"_genesis_custom_body_class":"","_genesis_custom_post_class":"","_genesis_layout":"","footnotes":""},"class_list":{"1":"page","2":"type-page","5":"entry"},"acf":[],"_links":{"self":[{"href":"https:\/\/neuronup.com\/de\/wp-json\/wp\/v2\/pages\/3824","targetHints":{"allow":["GET"]}}],"collection":[{"href":"https:\/\/neuronup.com\/de\/wp-json\/wp\/v2\/pages"}],"about":[{"href":"https:\/\/neuronup.com\/de\/wp-json\/wp\/v2\/types\/page"}],"author":[{"embeddable":true,"href":"https:\/\/neuronup.com\/de\/wp-json\/wp\/v2\/users\/3"}],"replies":[{"embeddable":true,"href":"https:\/\/neuronup.com\/de\/wp-json\/wp\/v2\/comments?post=3824"}],"version-history":[{"count":0,"href":"https:\/\/neuronup.com\/de\/wp-json\/wp\/v2\/pages\/3824\/revisions"}],"wp:attachment":[{"href":"https:\/\/neuronup.com\/de\/wp-json\/wp\/v2\/media?parent=3824"}],"curies":[{"name":"wp","href":"https:\/\/api.w.org\/{rel}","templated":true}]}}