{"id":31506,"date":"2025-03-31T15:53:35","date_gmt":"2025-03-31T13:53:35","guid":{"rendered":"https:\/\/neuronup.com\/de\/?page_id=31506"},"modified":"2025-09-18T12:17:37","modified_gmt":"2025-09-18T10:17:37","slug":"krankenhauser","status":"publish","type":"page","link":"https:\/\/neuronup.com\/de\/neurorehabilitationsloesungen\/krankenhauser\/","title":{"rendered":"NeuronUP f\u00fcr Krankenh\u00e4user"},"content":{"rendered":"\n<div class=\"wp-block-cover alignfull has-md-padding-top has-md-padding-bottom has-sm-padding-left has-sm-padding-right\"><span aria-hidden=\"true\" class=\"wp-block-cover__background has-primary-background-color has-background-dim-100 has-background-dim\"><\/span><div class=\"wp-block-cover__inner-container is-layout-constrained wp-block-cover-is-layout-constrained\">\n<h1 class=\"wp-block-heading has-text-align-center\">L\u00f6sungen f\u00fcr Krankenh\u00e4user<\/h1>\n<\/div><\/div>\n\n\n\n<div style=\"height:100px\" aria-hidden=\"true\" class=\"wp-block-spacer\"><\/div>\n\n\n\n<div class=\"wp-block-columns is-layout-flex wp-container-core-columns-is-layout-9d6595d7 wp-block-columns-is-layout-flex\">\n<div class=\"wp-block-column is-layout-flow wp-block-column-is-layout-flow\" style=\"flex-basis:60%\">\n<h2 class=\"wp-block-heading has-text-align-left\">Positioniere dich an der Spitze der Neurorehabilitation<\/h2>\n\n\n\n<p class=\"has-text-align-left has-lg-font-size\">Das Hospital Universitario de Navarra, das Hospital Universitario 12 de Octubre, das Hospital Universitario de Cruces, Quir\u00f3nsalud und das Hospital Sant Celoni vertrauen bereits auf NeuronUP, um ihre Ma\u00dfnahmen zur Rehabilitation und kognitiven Stimulation zu st\u00e4rken.&nbsp;&nbsp;<\/p>\n\n\n\n<p class=\"has-text-align-left\">M\u00f6chtest du erfahren, wie du von der f\u00fchrenden Plattform profitieren kannst, die bereits von den Branchenf\u00fchrern genutzt wird?<\/p>\n\n\n\n<div class=\"wp-block-buttons is-content-justification-left is-layout-flex wp-container-core-buttons-is-layout-fdcfc74e wp-block-buttons-is-layout-flex\">\n<div class=\"wp-block-button\"><a class=\"wp-block-button__link button wp-element-button\" href=\"#informacion\">Information anfordern<\/a><\/div>\n<\/div>\n<\/div>\n\n\n\n<div class=\"wp-block-column is-layout-flow wp-block-column-is-layout-flow\" style=\"flex-basis:40%\"><div class=\"wp-block-image\">\n<figure class=\"aligncenter size-full\"><img decoding=\"async\" width=\"556\" height=\"649\" src=\"https:\/\/neuronup.com\/de\/wp-content\/uploads\/2025\/03\/Forscherin-NeuronUP-Labs.webp\" alt=\"\" class=\"wp-image-31555\" style=\"object-fit:cover\" srcset=\"https:\/\/neuronup.com\/de\/wp-content\/uploads\/2025\/03\/Forscherin-NeuronUP-Labs-257x300.webp 257w, https:\/\/neuronup.com\/de\/wp-content\/uploads\/2025\/03\/Forscherin-NeuronUP-Labs.webp 556w\" sizes=\"(max-width: 556px) 100vw, 556px\" \/><\/figure>\n<\/div><\/div>\n<\/div>\n\n\n\n<div style=\"height:70px\" aria-hidden=\"true\" class=\"wp-block-spacer\"><\/div>\n\n\n\n<h2 class=\"wp-block-heading has-text-align-center anims-fadein-up has-body-color has-text-color has-link-color wp-elements-d6cf873ccd2ef630c7c01285a9df3f22 has-xl-margin-bottom\"><strong style=\"color:#00abc7;\">Krankenh\u00e4user<\/strong>, die bereits mit NeuronUP arbeiten<\/h2>\n\n\n\n<div style=\"height:30px\" aria-hidden=\"true\" class=\"wp-block-spacer\"><\/div>\n\n\n\n<div class=\"wp-block-columns are-vertically-aligned-center is-layout-flex wp-container-core-columns-is-layout-9d6595d7 wp-block-columns-is-layout-flex\">\n<div class=\"wp-block-column is-vertically-aligned-center is-layout-flow wp-block-column-is-layout-flow\"><div class=\"wp-block-image\">\n<figure class=\"aligncenter size-full has-xl-margin-top has-xl-margin-right has-xl-margin-bottom has-xl-margin-left\"><img decoding=\"async\" width=\"260\" height=\"140\" src=\"https:\/\/neuronup.com\/de\/wp-content\/uploads\/2025\/03\/Ruber-Logo.webp\" alt=\"\" class=\"wp-image-31515\"\/><\/figure>\n<\/div><\/div>\n\n\n\n<div class=\"wp-block-column is-vertically-aligned-center is-layout-flow wp-block-column-is-layout-flow\"><div class=\"wp-block-image\">\n<figure class=\"aligncenter size-full has-xl-margin-top has-xl-margin-right has-xl-margin-bottom has-xl-margin-left\"><img decoding=\"async\" width=\"260\" height=\"140\" src=\"https:\/\/neuronup.com\/de\/wp-content\/uploads\/2025\/03\/Klinik-Universitaet-Navarra-Logo-1.webp\" alt=\"\" class=\"wp-image-31514\"\/><\/figure>\n<\/div><\/div>\n\n\n\n<div class=\"wp-block-column is-vertically-aligned-center is-layout-flow wp-block-column-is-layout-flow\"><div class=\"wp-block-image\">\n<figure class=\"aligncenter size-full has-xl-margin-top has-xl-margin-right has-xl-margin-bottom has-xl-margin-left\"><img decoding=\"async\" width=\"260\" height=\"140\" src=\"https:\/\/neuronup.com\/de\/wp-content\/uploads\/2025\/03\/Salute-Madrid.webp\" alt=\"\" class=\"wp-image-31513\"\/><\/figure>\n<\/div><\/div>\n\n\n\n<div class=\"wp-block-column is-vertically-aligned-center is-layout-flow wp-block-column-is-layout-flow\"><div class=\"wp-block-image\">\n<figure class=\"aligncenter size-full is-resized has-no-margin-top has-xl-margin-right has-xl-margin-bottom has-xl-margin-left\"><img decoding=\"async\" width=\"260\" height=\"140\" src=\"https:\/\/neuronup.com\/de\/wp-content\/uploads\/2025\/03\/Krankenhaus-Cruces.webp\" alt=\"\" class=\"wp-image-31512\" style=\"width:195px;height:auto\"\/><\/figure>\n<\/div><\/div>\n\n\n\n<div class=\"wp-block-column is-vertically-aligned-center is-layout-flow wp-block-column-is-layout-flow\"><div class=\"wp-block-image\">\n<figure class=\"aligncenter size-full is-resized has-xl-margin-top has-xl-margin-right has-xl-margin-bottom has-xl-margin-left\"><img decoding=\"async\" width=\"260\" height=\"140\" src=\"https:\/\/neuronup.com\/de\/wp-content\/uploads\/2025\/03\/Catsalut.webp\" alt=\"\" class=\"wp-image-31511\" style=\"width:160px;height:auto\"\/><\/figure>\n<\/div><\/div>\n<\/div>\n\n\n\n<div class=\"wp-block-group anims-fadein-up\"><div class=\"wp-block-group__inner-container is-layout-constrained wp-block-group-is-layout-constrained\">\n<div style=\"height:120px\" aria-hidden=\"true\" class=\"wp-block-spacer\"><\/div>\n\n\n\n<h2 class=\"wp-block-heading has-text-align-center has-body-color has-text-color has-link-color wp-elements-cd8a52ac519c78d2905c0d3a9d7efcd8\"><strong style=\"color:#00abc7;\">Vorteile<\/strong> von NeuronUP f\u00fcr <strong style=\"color:#00abc7;\">Krankenh\u00e4user<\/strong><\/h2>\n\n\n\n<div style=\"height:30px\" aria-hidden=\"true\" class=\"wp-block-spacer\"><\/div>\n<\/div><\/div>\n\n\n\n<div class=\"wp-block-columns is-layout-flex wp-container-core-columns-is-layout-9d6595d7 wp-block-columns-is-layout-flex\">\n<div class=\"wp-block-column testimonial-block br-0101 is-layout-flow wp-block-column-is-layout-flow\">\n<h3 class=\"wp-block-heading\">Nutzer<\/h3>\n\n\n\n<ul class=\"wp-block-list\">\n<li>Zugang zu <strong>personalisierten und angepassten<\/strong> Therapien.<\/li>\n\n\n\n<li><strong>H\u00f6here Therapietreue<\/strong>.<\/li>\n\n\n\n<li>Verbesserung von Autonomie und <strong>Lebensqualit\u00e4t<\/strong>.<\/li>\n\n\n\n<li><strong>Fortsetzung<\/strong> der Behandlung auch von zu Hause aus.<\/li>\n<\/ul>\n<\/div>\n\n\n\n<div class=\"wp-block-column testimonial-block br-0101 is-layout-flow wp-block-column-is-layout-flow\">\n<h3 class=\"wp-block-heading\">Fachkr\u00e4fte<\/h3>\n\n\n\n<ul class=\"wp-block-list\">\n<li>Bessere Koordination und <strong>interdisziplin\u00e4res Arbeiten<\/strong>.<\/li>\n\n\n\n<li><strong>Mehr Pr\u00e4zision<\/strong> bei der Bewertung und Nachverfolgung.<\/li>\n\n\n\n<li>Verbesserung der <strong>klinischen Ergebnisse<\/strong>.<\/li>\n\n\n\n<li><strong>Einfache Implementierung<\/strong> und Bedienung.<\/li>\n<\/ul>\n<\/div>\n\n\n\n<div class=\"wp-block-column testimonial-block br-0101 is-layout-flow wp-block-column-is-layout-flow\">\n<h3 class=\"wp-block-heading\">Direktoren<\/h3>\n\n\n\n<ul class=\"wp-block-list\">\n<li><strong>Wettbewerbsvorteil<\/strong> gegen\u00fcber anderen Krankenh\u00e4usern.<\/li>\n\n\n\n<li><strong>St\u00e4rkung<\/strong> des Krankenhausrufs.<\/li>\n\n\n\n<li>Verbesserung der <strong>Versorgungsqualit\u00e4t<\/strong>.<\/li>\n\n\n\n<li>Optimierte Ressourcennutzung und <strong>Kostenreduzierung<\/strong>.<\/li>\n<\/ul>\n<\/div>\n<\/div>\n\n\n\n<div style=\"height:100px\" aria-hidden=\"true\" class=\"wp-block-spacer\"><\/div>\n\n\n\n<h2 class=\"wp-block-heading has-text-align-center has-body-color has-text-color has-link-color wp-elements-70466f6d35d01db14dd733577745700f\" id=\"screen\"><strong style=\"color:#00abc7;\">Erfahrungsberichte<\/strong> anderer <strong style=\"color:#00abc7;\">Krankenh\u00e4user<\/strong><\/h2>\n\n\n\n<div class=\"wp-block-group anims-fadein-up has-xxl-margin-top has-xxxl-margin-bottom\"><div class=\"wp-block-group__inner-container is-layout-constrained wp-block-group-is-layout-constrained\">\n<div class=\"wp-block-columns is-layout-flex wp-container-core-columns-is-layout-9d6595d7 wp-block-columns-is-layout-flex\">\n<div class=\"wp-block-column p-3 is-layout-flow wp-block-column-is-layout-flow\">\n<div class=\"wp-block-columns br-0001 p-4 h-100 has-alt-background-color has-background is-layout-flex wp-container-core-columns-is-layout-9d6595d7 wp-block-columns-is-layout-flex\">\n<div class=\"wp-block-column is-layout-flow wp-block-column-is-layout-flow\" style=\"flex-basis:33.33%\">\n<figure class=\"wp-block-image size-full is-resized\"><img decoding=\"async\" width=\"132\" height=\"152\" src=\"https:\/\/neuronup.com\/de\/wp-content\/uploads\/2025\/03\/Testimonial_Arrixaca.webp\" alt=\"\" class=\"wp-image-31510\" style=\"width:79px;height:auto\"\/><\/figure>\n\n\n\n<p class=\"has-xs-font-size\"><strong>Rosa Espinosa, <\/strong>Hospital Cl\u00ednico Universitario Virgen de la Arrixaca<\/p>\n<\/div>\n\n\n\n<div class=\"wp-block-column is-layout-flow wp-block-column-is-layout-flow\" style=\"flex-basis:66.67%\">\n<figure class=\"wp-block-image size-large\"><img decoding=\"async\" width=\"28\" height=\"23\" src=\"https:\/\/neuronup.com\/wp-content\/uploads\/2022\/v3\/icon-comillas.svg\" alt=\"\" class=\"wp-image-21104\"\/><\/figure>\n\n\n\n<p class=\"has-sm-font-size\"><em>&#8222;Wir konzentrieren uns auf NeuronUP, um eine <strong>solide Grundlage<\/strong> (Wiederherstellung, Ersatz oder Kompensation der Funktion) zu schaffen, auf der wir das Erlernte sp\u00e4ter \u00fcbertragen und die <strong>\u00f6kologische Validit\u00e4t der Intervention<\/strong> f\u00f6rdern k\u00f6nnen. So k\u00f6nnen wir eine bestimmte Funktion ausw\u00e4hlen, an der wir arbeiten m\u00f6chten, Ergebnisse in derselben Aktivit\u00e4t vergleichen und ihnen Feedback geben.<\/em>&#8222;<\/p>\n<\/div>\n<\/div>\n<\/div>\n\n\n\n<div class=\"wp-block-column p-3 is-layout-flow wp-block-column-is-layout-flow\">\n<div class=\"wp-block-columns br-0001 p-4 h-100 has-alt-background-color has-background is-layout-flex wp-container-core-columns-is-layout-9d6595d7 wp-block-columns-is-layout-flex\">\n<div class=\"wp-block-column is-layout-flow wp-block-column-is-layout-flow\" style=\"flex-basis:33.33%\">\n<figure class=\"wp-block-image size-full is-resized\"><img decoding=\"async\" width=\"132\" height=\"152\" src=\"https:\/\/neuronup.com\/de\/wp-content\/uploads\/2025\/03\/Testimonial_Iensa.webp\" alt=\"\" class=\"wp-image-31509\" style=\"width:79px;height:auto\"\/><\/figure>\n\n\n\n<p class=\"has-xs-font-size\"><strong>Olga Prian Serrano,<\/strong> <br>Instituto de Especialidades Neurol\u00f3gicas (IENSA)<\/p>\n<\/div>\n\n\n\n<div class=\"wp-block-column is-layout-flow wp-block-column-is-layout-flow\" style=\"flex-basis:66.66%\">\n<figure class=\"wp-block-image size-large\"><img decoding=\"async\" width=\"28\" height=\"23\" src=\"https:\/\/neuronup.com\/wp-content\/uploads\/2022\/v3\/icon-comillas.svg\" alt=\"\" class=\"wp-image-21104\"\/><\/figure>\n\n\n\n<p class=\"has-sm-font-size\"><em><em><em><em>&#8222;Die kognitive Trainingsplattform NeuronUP ist ein gro\u00dfartiges Tool, das uns <strong>eine Grundlage bietet, um das Arbeitsmaterial<\/strong> sowohl an das kognitive als auch das Bildungsniveau jedes einzelnen Patienten anzupassen. So kann man zum Beispiel <strong>mit ein und demselben \u00dcbungsblatt mehrere kognitive Funktionen<\/strong> trainieren, sogar bei Patienten mit einer st\u00e4rkeren Beeintr\u00e4chtigung.<\/em><\/em><\/em><\/em>&#8222;<\/p>\n<\/div>\n<\/div>\n<\/div>\n\n\n\n<div class=\"wp-block-column p-3 is-layout-flow wp-block-column-is-layout-flow\">\n<div class=\"wp-block-columns br-0001 p-4 h-100 has-alt-background-color has-background is-layout-flex wp-container-core-columns-is-layout-9d6595d7 wp-block-columns-is-layout-flex\">\n<div class=\"wp-block-column is-layout-flow wp-block-column-is-layout-flow\" style=\"flex-basis:33.33%\">\n<figure class=\"wp-block-image size-full is-resized\"><img decoding=\"async\" width=\"132\" height=\"152\" src=\"https:\/\/neuronup.com\/de\/wp-content\/uploads\/2025\/03\/Testimonial_NeuroLleida.webp\" alt=\"\" class=\"wp-image-31508\" style=\"width:79px;height:auto\"\/><\/figure>\n\n\n\n<p class=\"has-xs-font-size\"><strong>Neuropsychologie-Team,<\/strong> <br>Neurolleida<\/p>\n<\/div>\n\n\n\n<div class=\"wp-block-column is-layout-flow wp-block-column-is-layout-flow\" style=\"flex-basis:66.66%\">\n<figure class=\"wp-block-image size-large\"><img decoding=\"async\" width=\"28\" height=\"23\" src=\"https:\/\/neuronup.com\/wp-content\/uploads\/2022\/v3\/icon-comillas.svg\" alt=\"\" class=\"wp-image-21104\"\/><\/figure>\n\n\n\n<p class=\"has-sm-font-size\"><em><em><em><em>&#8222;Wir haben NeuronUP eingesetzt, um <strong>Aufmerksamkeits- und visuell-r\u00e4umliche Funktionen<\/strong> sowohl in der Sitzung als auch zu Hause zu trainieren und so einen <strong>intensiveren und fortlaufenden Ansatz<\/strong> zu erm\u00f6glichen. Dies wiederum hat es uns erleichtert, <strong>alle im Training vermittelten Strategien und Anweisungen<\/strong> auf die Kompensation der Defizite zu Hause zu \u00fcbertragen.<\/em><\/em><\/em><\/em>&#8222;<\/p>\n<\/div>\n<\/div>\n<\/div>\n<\/div>\n<\/div><\/div>\n\n\n\n<div style=\"height:80px\" aria-hidden=\"true\" class=\"wp-block-spacer\"><\/div>\n\n\n\n<div class=\"wp-block-group anims-fadein-up\"><div class=\"wp-block-group__inner-container is-layout-constrained wp-block-group-is-layout-constrained\">\n<h2 class=\"wp-block-heading has-text-align-center has-body-color has-text-color has-link-color wp-elements-e698b59c965a5f1e9e8a7d325d194833\">Vertraue auf unsere <strong style=\"color:#00abc7;\">Zahlen<\/strong><\/h2>\n\n\n\n<div class=\"wp-block-group has-xxl-margin-top\"><div class=\"wp-block-group__inner-container is-layout-constrained wp-block-group-is-layout-constrained\">\n<div class=\"wp-block-columns is-layout-flex wp-container-core-columns-is-layout-9d6595d7 wp-block-columns-is-layout-flex\">\n<div class=\"wp-block-column is-layout-flow wp-block-column-is-layout-flow\"><div class=\"wp-block-image\">\n<figure class=\"aligncenter size-medium is-resized\"><img decoding=\"async\" width=\"60\" height=\"60\" src=\"https:\/\/neuronup.com\/de\/wp-content\/uploads\/2025\/03\/Unternehmenssymbol.svg\" alt=\"\" class=\"wp-image-31485\" style=\"width:45px;height:45px\"\/><\/figure>\n<\/div>\n\n\n<p class=\"has-text-align-center has-custom-2-color has-text-color\" style=\"font-size:70px\"><strong>+100<\/strong><\/p>\n\n\n\n<p class=\"has-text-align-center\">Krankenh\u00e4user<\/p>\n<\/div>\n\n\n\n<div class=\"wp-block-column is-layout-flow wp-block-column-is-layout-flow\"><div class=\"wp-block-image\">\n<figure class=\"aligncenter size-large is-resized\"><img decoding=\"async\" width=\"60\" height=\"56\" src=\"https:\/\/neuronup.com\/de\/wp-content\/uploads\/2022\/v3\/icon-multiidioma.svg\" alt=\"\" class=\"wp-image-21150\" style=\"width:45px;height:42px\"\/><\/figure>\n<\/div>\n\n\n<p class=\"has-text-align-center has-custom-2-color has-text-color\" style=\"font-size:70px\"><strong>8<\/strong><\/p>\n\n\n\n<p class=\"has-text-align-center\">Sprachen<\/p>\n<\/div>\n\n\n\n<div class=\"wp-block-column is-layout-flow wp-block-column-is-layout-flow\"><div class=\"wp-block-image\">\n<figure class=\"aligncenter size-large is-resized\"><img decoding=\"async\" width=\"60\" height=\"60\" src=\"https:\/\/neuronup.com\/de\/wp-content\/uploads\/2022\/v3\/icon-paises.svg\" alt=\"\" class=\"wp-image-21158\" style=\"width:45px;height:45px\"\/><\/figure>\n<\/div>\n\n\n<p class=\"has-text-align-center has-custom-2-color has-text-color\" style=\"font-size:70px\"><strong>50<\/strong><\/p>\n\n\n\n<p class=\"has-text-align-center\">L\u00e4nder<\/p>\n<\/div>\n<\/div>\n<\/div><\/div>\n<\/div><\/div>\n\n\n\n<div style=\"height:100px\" aria-hidden=\"true\" class=\"wp-block-spacer\"><\/div>\n\n\n\n<h2 class=\"wp-block-heading has-text-align-center has-body-color has-text-color has-link-color wp-elements-e796cf926aab6b95ca42598588107780\" id=\"informacion\"><strong style=\"color:#00abc7;\">Fordere unverbindlich Informationen an<\/strong><\/h2>\n\n\n\n<p class=\"has-text-align-center\">Erfahre, wie NeuronUP mit innovativen Ressourcen die Rehabilitation und kognitive Stimulation in deinem Krankenhaus optimieren kann. F\u00fclle das Formular aus und unser Team wird dich unverbindlich beraten.<\/p>\n\n\n\n<div style=\"height:10px\" aria-hidden=\"true\" class=\"wp-block-spacer\"><\/div>\n\n\n\n<div class=\"hs-form-frame\" data-region=\"eu1\" data-form-id=\"16e26852-6b22-40e7-848e-2c748ab85f22\" data-portal-id=\"143501970\"><\/div>\n\n\n\n<div style=\"height:100px\" aria-hidden=\"true\" class=\"wp-block-spacer\"><\/div>\n\n\n\n<div class=\"wp-block-group p-4 br-0111 has-alt-background-color has-background has-light-background\"><div class=\"wp-block-group__inner-container is-layout-constrained wp-block-group-is-layout-constrained\">\n<h2 class=\"wp-block-heading has-body-color has-text-color has-link-color wp-elements-effdebfe7ee65bac1cdb691ed3f71d6e\"><strong style=\"color:#00abc7;\">H\u00e4ufig gestellte<\/strong><strong> <\/strong>Fragen<\/h2>\n\n\n\n<div style=\"height:20px\" aria-hidden=\"true\" class=\"wp-block-spacer\"><\/div>\n\n\n\n<div class=\"wp-block-pb-accordion-item c-accordion__item js-accordion-item no-js\" data-initially-open=\"false\" data-click-to-close=\"true\" data-auto-close=\"true\" data-scroll=\"false\" data-scroll-offset=\"0\" id=\"trabajarneuronup\"><h3 id=\"at-315060\" class=\"c-accordion__title js-accordion-controller\" role=\"button\">1. Was ist NeuronUP und wie kann es die Rehabilitation in meinem Krankenhaus verbessern?<\/h3><div id=\"ac-315060\" class=\"c-accordion__content\">\n<p>NeuronUP ist eine <strong>digitale Plattform<\/strong> f\u00fcr Rehabilitation und kognitive Stimulation, die es Krankenh\u00e4usern erm\u00f6glicht, <strong>ihre Therapien zu optimieren<\/strong>, indem sie personalisierbare Ressourcen, die Digitalisierung der Behandlungen und die automatisierte Fortschrittsverfolgung f\u00fcr jeden einzelnen Nutzer anbietet.<\/p>\n<\/div><\/div>\n\n\n\n<div class=\"wp-block-pb-accordion-item c-accordion__item js-accordion-item no-js\" data-initially-open=\"false\" data-click-to-close=\"true\" data-auto-close=\"true\" data-scroll=\"false\" data-scroll-offset=\"0\" id=\"trabajarneuronup\"><h3 id=\"at-315061\" class=\"c-accordion__title js-accordion-controller\" role=\"button\">2. Wie tr\u00e4gt NeuronUP dazu bei, das Nutzererlebnis und deren Therapietreue zu verbessern?<\/h3><div id=\"ac-315061\" class=\"c-accordion__content\">\n<p>Dank Interaktivit\u00e4t und Gamification <strong>steigert NeuronUP die Motivation der Nutzer<\/strong>. Die personalisierten \u00dcbungen sind nicht nur unterhaltsam, sondern passen sich auch an die jeweiligen Bed\u00fcrfnisse und das Lerntempo an, sodass sie sich engagiert an ihrer Rehabilitation beteiligen. Zudem erm\u00f6glicht die Option zur Telerehabilitation den Nutzern, ihre Behandlung zu Hause fortzusetzen und so die Therapietreue zu erh\u00f6hen.<\/p>\n<\/div><\/div>\n\n\n\n<div class=\"wp-block-pb-accordion-item c-accordion__item js-accordion-item no-js\" data-initially-open=\"false\" data-click-to-close=\"true\" data-auto-close=\"true\" data-scroll=\"false\" data-scroll-offset=\"0\" id=\"videosneuronup\"><h3 id=\"at-315062\" class=\"c-accordion__title js-accordion-controller\" role=\"button\">3. Ist NeuronUP leicht zu implementieren und wie erfolgt die Integration in die Krankenhausverwaltungssysteme?<\/h3><div id=\"ac-315062\" class=\"c-accordion__content\">\n<p>NeuronUP <strong>l\u00e4sst sich problemlos mit anderen Krankenhausverwaltungssystemen<\/strong> (HIS, EMR, ERP) integrieren und gew\u00e4hrleistet so einen reibungslosen Ablauf. Die Implementierung erfolgt z\u00fcgig, und unsere Experten bieten eine umfassende Schulung f\u00fcr das gesamte Personal an, sodass du die Plattform innerhalb weniger Stunden nutzen kannst.<\/p>\n<\/div><\/div>\n\n\n\n<div class=\"wp-block-pb-accordion-item c-accordion__item js-accordion-item no-js\" data-initially-open=\"false\" data-click-to-close=\"true\" data-auto-close=\"true\" data-scroll=\"false\" data-scroll-offset=\"0\" id=\"formaciongratuita\"><h3 id=\"at-315063\" class=\"c-accordion__title js-accordion-controller\" role=\"button\">4. Welche Vorteile bietet NeuronUP f\u00fcr die medizinischen Fachkr\u00e4fte in Krankenh\u00e4usern?<\/h3><div id=\"ac-315063\" class=\"c-accordion__content\">\n<p>NeuronUP <strong>spart Fachkr\u00e4ften Zeit<\/strong>, da Berichte und Nutzernachverfolgung automatisch erstellt werden. Es <strong>erm\u00f6glicht eine pr\u00e4zise Bewertung<\/strong> jedes Einzelnen, wodurch schneller und individueller auf dessen Bed\u00fcrfnisse eingegangen werden kann. Dar\u00fcber hinaus <strong>erleichtert die Plattform die Teamarbeit<\/strong>, indem Daten einfach zwischen den verschiedenen Fachbereichen im Krankenhaus (Neuropsychologen, Psychologen, Ergotherapeuten, Logop\u00e4den etc.) geteilt werden k\u00f6nnen.<\/p>\n<\/div><\/div>\n\n\n\n<div class=\"wp-block-pb-accordion-item c-accordion__item js-accordion-item no-js\" data-initially-open=\"false\" data-click-to-close=\"true\" data-auto-close=\"true\" data-scroll=\"false\" data-scroll-offset=\"0\" id=\"formaciongratuita\"><h3 id=\"at-315064\" class=\"c-accordion__title js-accordion-controller\" role=\"button\">5. Bietet NeuronUP kontinuierliche Unterst\u00fctzung f\u00fcr das Krankenhauspersonal?<\/h3><div id=\"ac-315064\" class=\"c-accordion__content\">\n<p>Ja, NeuronUP bietet einen <strong>st\u00e4ndigen technischen Support<\/strong>, um den reibungslosen Betrieb unserer Plattform jederzeit zu gew\u00e4hrleisten.<\/p>\n<\/div><\/div>\n\n\n\n<div class=\"wp-block-pb-accordion-item c-accordion__item js-accordion-item no-js\" data-initially-open=\"false\" data-click-to-close=\"true\" data-auto-close=\"true\" data-scroll=\"false\" data-scroll-offset=\"0\" id=\"telerrehabilitacion\"><h3 id=\"at-315065\" class=\"c-accordion__title js-accordion-controller\" role=\"button\">6. Wie gew\u00e4hrleistet NeuronUP die Privatsph\u00e4re und Sicherheit der Daten unserer Nutzer?<\/h3><div id=\"ac-315065\" class=\"c-accordion__content\">\n<p>NeuronUP <strong>erf\u00fcllt die internationalen Datenschutz- und Sicherheitsstandards<\/strong>, darunter GDPR, HIPAA und die <a href=\"https:\/\/neuronup.com\/noticias-de-neuronup\/neuronup-obtiene-la-certificacion-iso-270012022\/\">ISO 27001:2022-Zertifizierung<\/a>. Alle Nutzerdaten werden durch moderne Verschl\u00fcsselungstechniken gesch\u00fctzt und auf sicheren Servern gespeichert. Der Zugriff ist ausschlie\u00dflich autorisierten Personen gestattet und erf\u00fcllt sowohl die Gesundheitsvorschriften als auch die geltenden Datenschutzbestimmungen.<\/p>\n<\/div><\/div>\n\n\n\n<div class=\"wp-block-pb-accordion-item c-accordion__item js-accordion-item no-js\" data-initially-open=\"false\" data-click-to-close=\"true\" data-auto-close=\"true\" data-scroll=\"false\" data-scroll-offset=\"0\" id=\"trabajargrupo\"><h3 id=\"at-315066\" class=\"c-accordion__title js-accordion-controller\" role=\"button\">7. Welche Vorteile bietet NeuronUP f\u00fcr Krankenhausdirektoren?<\/h3><div id=\"ac-315066\" class=\"c-accordion__content\">\n<p>F\u00fcr Direktoren ist NeuronUP eine <strong>strategische Investition, die die Servicequalit\u00e4t erh\u00f6ht<\/strong>, Ressourcen optimiert und mehr Patientinnen und Patienten mit kognitiven Beeintr\u00e4chtigungen anzieht. Die Plattform senkt die Betriebskosten und erm\u00f6glicht es, innovative Therapien anzubieten, die das Krankenhaus als f\u00fchrend in Rehabilitation und kognitiver Stimulation positionieren. Gleichzeitig verbessert sie die allgemeine Leistung des Teams sowie die Zufriedenheit der Nutzer.<\/p>\n<\/div><\/div>\n\n\n\n<div class=\"wp-block-pb-accordion-item c-accordion__item js-accordion-item no-js\" data-initially-open=\"false\" data-click-to-close=\"true\" data-auto-close=\"true\" data-scroll=\"false\" data-scroll-offset=\"0\" id=\"trabajargrupo\"><h3 id=\"at-315067\" class=\"c-accordion__title js-accordion-controller\" role=\"button\">8. Wie kann ich eine Demo oder weitere Informationen zu NeuronUP f\u00fcr mein Krankenhaus anfordern?<\/h3><div id=\"ac-315067\" class=\"c-accordion__content\">\n<p><strong>Nach dem Ausf\u00fcllen des Kontaktformulars<\/strong> wird sich unser Team mit dir in Verbindung setzen, um individuell aufzuzeigen, wie dein Krankenhaus von NeuronUP profitieren kann, deine Fragen zu beantworten und eine Vorf\u00fchrung der Plattform zu geben.<\/p>\n<\/div><\/div>\n<\/div><\/div>\n\n\n\n\n<div style=\"height:50px\" aria-hidden=\"true\" class=\"wp-block-spacer\"><\/div>\n","protected":false},"excerpt":{"rendered":"<p>Positioniere dich an der Spitze der Neurorehabilitation Das Hospital Universitario de Navarra, das Hospital Universitario 12 de Octubre, das Hospital Universitario de Cruces, Quir\u00f3nsalud und das Hospital Sant Celoni vertrauen bereits auf NeuronUP, um ihre Ma\u00dfnahmen zur Rehabilitation und kognitiven Stimulation zu st\u00e4rken.&nbsp;&nbsp; M\u00f6chtest du erfahren, wie du von der f\u00fchrenden Plattform profitieren kannst, die &hellip;<\/p>\n","protected":false},"author":1,"featured_media":31488,"parent":31478,"menu_order":0,"comment_status":"closed","ping_status":"closed","template":"","meta":{"_acf_changed":false,"_genesis_hide_title":false,"_genesis_hide_breadcrumbs":false,"_genesis_hide_singular_image":false,"_genesis_hide_footer_widgets":false,"_genesis_custom_body_class":"","_genesis_custom_post_class":"","_genesis_layout":"wide-content","footnotes":""},"class_list":{"1":"page","2":"type-page","6":"entry"},"acf":[],"_links":{"self":[{"href":"https:\/\/neuronup.com\/de\/wp-json\/wp\/v2\/pages\/31506","targetHints":{"allow":["GET"]}}],"collection":[{"href":"https:\/\/neuronup.com\/de\/wp-json\/wp\/v2\/pages"}],"about":[{"href":"https:\/\/neuronup.com\/de\/wp-json\/wp\/v2\/types\/page"}],"author":[{"embeddable":true,"href":"https:\/\/neuronup.com\/de\/wp-json\/wp\/v2\/users\/1"}],"replies":[{"embeddable":true,"href":"https:\/\/neuronup.com\/de\/wp-json\/wp\/v2\/comments?post=31506"}],"version-history":[{"count":0,"href":"https:\/\/neuronup.com\/de\/wp-json\/wp\/v2\/pages\/31506\/revisions"}],"up":[{"embeddable":true,"href":"https:\/\/neuronup.com\/de\/wp-json\/wp\/v2\/pages\/31478"}],"wp:featuredmedia":[{"embeddable":true,"href":"https:\/\/neuronup.com\/de\/wp-json\/wp\/v2\/media\/31488"}],"wp:attachment":[{"href":"https:\/\/neuronup.com\/de\/wp-json\/wp\/v2\/media?parent=31506"}],"curies":[{"name":"wp","href":"https:\/\/api.w.org\/{rel}","templated":true}]}}