{"id":31478,"date":"2025-03-31T15:28:45","date_gmt":"2025-03-31T13:28:45","guid":{"rendered":"https:\/\/neuronup.com\/de\/?page_id=31478"},"modified":"2025-03-31T16:29:46","modified_gmt":"2025-03-31T14:29:46","slug":"neurorehabilitationsloesungen","status":"publish","type":"page","link":"https:\/\/neuronup.com\/de\/neurorehabilitationsloesungen\/","title":{"rendered":"Neurorehabilitationsl\u00f6sungen"},"content":{"rendered":"\n<header class=\"wp-block-group alignfull has-white-color has-primary-background-color has-text-color has-background has-link-color wp-elements-182524dcc80be535cdb6e204109982fd has-dark-background has-lg-padding-top has-lg-padding-bottom has-xs-padding-left has-xs-padding-right\"><div class=\"wp-block-group__inner-container is-layout-constrained wp-block-group-is-layout-constrained\"><div class=\"wp-block-image\">\n<figure class=\"aligncenter size-full is-resized\"><img decoding=\"async\" width=\"40\" height=\"40\" src=\"https:\/\/neuronup.com\/de\/wp-content\/uploads\/2025\/03\/Symbol-fuer-Fern-Neurorehabilitation.svg\" alt=\"Symbol f\u00fcr Fern-Neurorehabilitation\" class=\"wp-image-31486\" style=\"width:100px\"><\/figure>\n<\/div>\n\n\n<h1 class=\"wp-block-heading alignwide has-text-align-center\">Neurorehabilitationsl\u00f6sungen<\/h1>\n\n\n\n<p class=\"has-text-align-center\">NeuronUP ist eine <strong>Webplattform f\u00fcr Neurorehabilitation<\/strong>, die als entscheidende Unterst\u00fctzung f\u00fcr Fachkr\u00e4fte fungiert, die an Rehabilitations- und kognitiven Trainingsprozessen beteiligt sind. Sie <strong>passt sich an die Anforderungen und Eigenschaften der jeweiligen Einrichtung und Benutzer<\/strong> an, f\u00fcr die sie gedacht ist.<\/p>\n\n\n\n<div style=\"height:40px\" aria-hidden=\"true\" class=\"wp-block-spacer\"><\/div>\n\n\n\n<h2 class=\"wp-block-heading alignwide has-text-align-center\">Welche L\u00f6sungen bieten wir je nach deinem Zentrumstyp an?<\/h2>\n<\/div><\/header>\n\n\n\n\n<div style=\"height:100px\" aria-hidden=\"true\" class=\"wp-block-spacer\"><\/div>\n\n\n\n<div class=\"wp-block-columns are-vertically-aligned-center testimonial-block br-0010 anims-fadein-left is-layout-flex wp-container-core-columns-is-layout-9d6595d7 wp-block-columns-is-layout-flex\">\n<div class=\"wp-block-column is-vertically-aligned-center is-layout-flow wp-block-column-is-layout-flow\" style=\"flex-basis:33.33%\"><div class=\"wp-block-image\">\n<figure class=\"aligncenter size-large is-resized\"><img decoding=\"async\" width=\"510\" height=\"510\" src=\"https:\/\/neuronup.com\/de\/wp-content\/uploads\/2025\/03\/Symbol-\u2013-Gruppen.svg\" alt=\"Symbol \u2013 Gruppen\" class=\"wp-image-31487\" style=\"width:250px\"\/><\/figure>\n<\/div><\/div>\n\n\n\n<div class=\"wp-block-column is-vertically-aligned-center is-layout-flow wp-block-column-is-layout-flow\" style=\"flex-basis:66.66%\">\n<h3 class=\"wp-block-heading\">L\u00f6sungen f\u00fcr Gruppen<\/h3>\n\n\n\n<p>Sanitas, Sanofi, Vitalia, Cruz Roja, Caser, Grupo 5 und Emeis vertrauen bereits auf NeuronUP, um ihre Rehabilitations- und kognitiven Trainingsprozesse zu digitalisieren und zu optimieren. Unsere Plattform erm\u00f6glicht ein effizientes, skalierbares Management mit vollst\u00e4ndiger Nachverfolgbarkeit und garantiert die beste Betreuung in deinem gesamten Netzwerk von Zentren.<\/p>\n\n\n\n<div class=\"wp-block-buttons is-layout-flex wp-container-core-buttons-is-layout-a74382ec wp-block-buttons-is-layout-flex\">\n<div class=\"wp-block-button\"><a class=\"wp-block-button__link button button-link wp-element-button\" href=\"https:\/\/neuronup.com\/de\/neurorehabilitationsloesungen\/gruppen\/\">Mehr \u00fcber L\u00f6sungen f\u00fcr Gruppen lesen<\/a><\/div>\n<\/div>\n<\/div>\n<\/div>\n\n\n\n<div style=\"height:50px\" aria-hidden=\"true\" class=\"wp-block-spacer\"><\/div>\n\n\n\n<div class=\"wp-block-columns are-vertically-aligned-center testimonial-block br-0010 anims-fadein-right is-layout-flex wp-container-core-columns-is-layout-9d6595d7 wp-block-columns-is-layout-flex\">\n<div class=\"wp-block-column is-vertically-aligned-center is-layout-flow wp-block-column-is-layout-flow\" style=\"flex-basis:33.33%\"><div class=\"wp-block-image\">\n<figure class=\"aligncenter size-large is-resized\"><img decoding=\"async\" width=\"510\" height=\"510\" src=\"https:\/\/neuronup.com\/de\/wp-content\/uploads\/2025\/03\/Symbol-\u2013-Krankenhaeuser.svg\" alt=\"Symbol \u2013 Krankenh\u00e4user\" class=\"wp-image-31488\" style=\"width:250px\"\/><\/figure>\n<\/div><\/div>\n\n\n\n<div class=\"wp-block-column is-vertically-aligned-center is-layout-flow wp-block-column-is-layout-flow\" style=\"flex-basis:66.66%\">\n<h3 class=\"wp-block-heading\">L\u00f6sungen f\u00fcr Krankenh\u00e4user<\/h3>\n\n\n\n<p>Das Hospital Universitario de Navarra, das Hospital Universitario 12 de Octubre, das Hospital Universitario de Cruces, Quir\u00f3nsalud und das Hospital Sant Celoni vertrauen bereits auf NeuronUP, um ihre Rehabilitations- und kognitiven Trainingsma\u00dfnahmen zu verbessern.<\/p>\n\n\n\n<div class=\"wp-block-buttons is-layout-flex wp-container-core-buttons-is-layout-a74382ec wp-block-buttons-is-layout-flex\">\n<div class=\"wp-block-button\"><a class=\"wp-block-button__link button button-link wp-element-button\" href=\"https:\/\/neuronup.com\/de\/neurorehabilitationsloesungen\/krankenhauser\/\">Mehr \u00fcber L\u00f6sungen f\u00fcr Krankenh\u00e4user lesen<\/a><\/div>\n<\/div>\n<\/div>\n<\/div>\n\n\n\n<div style=\"height:50px\" aria-hidden=\"true\" class=\"wp-block-spacer\"><\/div>\n\n\n\n<div class=\"wp-block-columns are-vertically-aligned-center testimonial-block br-0010 anims-fadein-left is-layout-flex wp-container-core-columns-is-layout-9d6595d7 wp-block-columns-is-layout-flex\">\n<div class=\"wp-block-column is-vertically-aligned-center is-layout-flow wp-block-column-is-layout-flow\" style=\"flex-basis:33.33%\"><div class=\"wp-block-image\">\n<figure class=\"aligncenter size-large is-resized\"><img decoding=\"async\" width=\"500\" height=\"500\" src=\"https:\/\/neuronup.com\/de\/wp-content\/uploads\/2025\/03\/Symbol-\u2013-Pflegeheime.svg\" alt=\"Symbol \u2013 Pflegeheime\" class=\"wp-image-31490\" style=\"width:250px\"\/><\/figure>\n<\/div><\/div>\n\n\n\n<div class=\"wp-block-column is-vertically-aligned-center is-layout-flow wp-block-column-is-layout-flow\" style=\"flex-basis:66.66%\">\n<h3 class=\"wp-block-heading\">L\u00f6sungen f\u00fcr Pflegeheime<\/h3>\n\n\n\n<p>DomusVi F\u00e1tima, Santa Maria del Tura und Rey Aridad Rosales sind einige der Pflegeheime, die bereits auf NeuronUP vertrauen, um ihre Ma\u00dfnahmen zur Rehabilitation und kognitiven Stimulation zu st\u00e4rken.<\/p>\n\n\n\n<div class=\"wp-block-buttons is-layout-flex wp-container-core-buttons-is-layout-a74382ec wp-block-buttons-is-layout-flex\">\n<div class=\"wp-block-button\"><a class=\"wp-block-button__link button button-link wp-element-button\" href=\"https:\/\/neuronup.com\/de\/neurorehabilitationsloesungen\/pflegeheime\/\">Mehr \u00fcber L\u00f6sungen f\u00fcr Pflegeheime lesen<\/a><\/div>\n<\/div>\n<\/div>\n<\/div>\n\n\n\n<div style=\"height:50px\" aria-hidden=\"true\" class=\"wp-block-spacer\"><\/div>\n\n\n\n<div class=\"wp-block-columns are-vertically-aligned-center testimonial-block br-0010 anims-fadein-right is-layout-flex wp-container-core-columns-is-layout-9d6595d7 wp-block-columns-is-layout-flex\">\n<div class=\"wp-block-column is-vertically-aligned-center is-layout-flow wp-block-column-is-layout-flow\" style=\"flex-basis:33.33%\"><div class=\"wp-block-image\">\n<figure class=\"aligncenter size-large is-resized\"><img decoding=\"async\" width=\"1024\" height=\"1024\" src=\"https:\/\/neuronup.com\/de\/wp-content\/uploads\/2025\/03\/Symbol-\u2013-Neurorehabilitationszentren-1024x1024.webp\" alt=\"Symbol \u2013 Neurorehabilitationszentren\" class=\"wp-image-31492\" style=\"width:250px\" srcset=\"https:\/\/neuronup.com\/de\/wp-content\/uploads\/2025\/03\/Symbol-\u2013-Neurorehabilitationszentren-80x80.webp 80w, https:\/\/neuronup.com\/de\/wp-content\/uploads\/2025\/03\/Symbol-\u2013-Neurorehabilitationszentren-150x150.webp 150w, https:\/\/neuronup.com\/de\/wp-content\/uploads\/2025\/03\/Symbol-\u2013-Neurorehabilitationszentren-300x300.webp 300w, https:\/\/neuronup.com\/de\/wp-content\/uploads\/2025\/03\/Symbol-\u2013-Neurorehabilitationszentren-768x769.webp 768w, https:\/\/neuronup.com\/de\/wp-content\/uploads\/2025\/03\/Symbol-\u2013-Neurorehabilitationszentren-1024x1024.webp 1024w, https:\/\/neuronup.com\/de\/wp-content\/uploads\/2025\/03\/Symbol-\u2013-Neurorehabilitationszentren-1534x1536.webp 1534w, https:\/\/neuronup.com\/de\/wp-content\/uploads\/2025\/03\/Symbol-\u2013-Neurorehabilitationszentren.webp 1561w\" sizes=\"(max-width: 1024px) 100vw, 1024px\" \/><\/figure>\n<\/div><\/div>\n\n\n\n<div class=\"wp-block-column is-vertically-aligned-center is-layout-flow wp-block-column-is-layout-flow\" style=\"flex-basis:66.66%\">\n<h3 class=\"wp-block-heading\">L\u00f6sungen f\u00fcr Rehabilitationszentren<\/h3>\n\n\n\n<p>MITAI, Aire Valencia und Aita Menni sind einige der Rehabilitationszentren, die bereits auf NeuronUP vertrauen, um ihre kognitiven Trainings- und Rehabilitationsma\u00dfnahmen zu st\u00e4rken.<\/p>\n\n\n\n<div class=\"wp-block-buttons is-layout-flex wp-container-core-buttons-is-layout-a74382ec wp-block-buttons-is-layout-flex\">\n<div class=\"wp-block-button\"><a class=\"wp-block-button__link button button-link wp-element-button\" href=\"https:\/\/neuronup.com\/de\/neurorehabilitationsloesungen\/neurorehabilitationszentren\/\">Mehr \u00fcber L\u00f6sungen f\u00fcr Rehabilitationszentren lesen<\/a><\/div>\n<\/div>\n<\/div>\n<\/div>\n\n\n\n<div style=\"height:50px\" aria-hidden=\"true\" class=\"wp-block-spacer\"><\/div>\n\n\n\n<div class=\"wp-block-columns are-vertically-aligned-center testimonial-block br-0010 anims-fadein-left is-layout-flex wp-container-core-columns-is-layout-9d6595d7 wp-block-columns-is-layout-flex\">\n<div class=\"wp-block-column is-vertically-aligned-center is-layout-flow wp-block-column-is-layout-flow\" style=\"flex-basis:33.33%\"><div class=\"wp-block-image\">\n<figure class=\"aligncenter size-full is-resized\"><img decoding=\"async\" width=\"500\" height=\"500\" src=\"https:\/\/neuronup.com\/de\/wp-content\/uploads\/2025\/03\/Symbol-\u2013-Verbaende.webp\" alt=\"Symbol \u2013 Verb\u00e4nde\" class=\"wp-image-31491\" style=\"width:250px\" srcset=\"https:\/\/neuronup.com\/de\/wp-content\/uploads\/2025\/03\/Symbol-\u2013-Verbaende-80x80.webp 80w, https:\/\/neuronup.com\/de\/wp-content\/uploads\/2025\/03\/Symbol-\u2013-Verbaende-150x150.webp 150w, https:\/\/neuronup.com\/de\/wp-content\/uploads\/2025\/03\/Symbol-\u2013-Verbaende-300x300.webp 300w, https:\/\/neuronup.com\/de\/wp-content\/uploads\/2025\/03\/Symbol-\u2013-Verbaende.webp 500w\" sizes=\"(max-width: 500px) 100vw, 500px\" \/><\/figure>\n<\/div><\/div>\n\n\n\n<div class=\"wp-block-column is-vertically-aligned-center is-layout-flow wp-block-column-is-layout-flow\" style=\"flex-basis:66.66%\">\n<h3 class=\"wp-block-heading\">L\u00f6sungen f\u00fcr Vereine<\/h3>\n\n\n\n<p>AFA Viveiro, Down Coru\u00f1a und die Asociaci\u00f3n Granadina de Esclerosis M\u00faltiple sind einige der Vereine, die bereits auf NeuronUP vertrauen, um ihre Rehabilitations- und kognitiven Trainingsma\u00dfnahmen zu st\u00e4rken.<\/p>\n\n\n\n<div class=\"wp-block-buttons is-layout-flex wp-container-core-buttons-is-layout-a74382ec wp-block-buttons-is-layout-flex\">\n<div class=\"wp-block-button\"><a class=\"wp-block-button__link button button-link wp-element-button\" href=\"https:\/\/neuronup.com\/de\/neurorehabilitationsloesungen\/vereine\/\">Mehr \u00fcber L\u00f6sungen f\u00fcr Vereine lesen<\/a><\/div>\n<\/div>\n<\/div>\n<\/div>\n\n\n\n<div style=\"height:50px\" aria-hidden=\"true\" class=\"wp-block-spacer\"><\/div>\n\n\n\n<div class=\"wp-block-columns are-vertically-aligned-center testimonial-block br-0010 anims-fadein-right is-layout-flex wp-container-core-columns-is-layout-9d6595d7 wp-block-columns-is-layout-flex\">\n<div class=\"wp-block-column is-vertically-aligned-center is-layout-flow wp-block-column-is-layout-flow\" style=\"flex-basis:33.33%\"><div class=\"wp-block-image\">\n<figure class=\"aligncenter size-large is-resized\"><img decoding=\"async\" width=\"500\" height=\"500\" src=\"https:\/\/neuronup.com\/de\/wp-content\/uploads\/2025\/03\/Universitaeten.svg\" alt=\"Universit\u00e4ten\" class=\"wp-image-31489\" style=\"width:250px\"\/><\/figure>\n<\/div><\/div>\n\n\n\n<div class=\"wp-block-column is-vertically-aligned-center is-layout-flow wp-block-column-is-layout-flow\" style=\"flex-basis:66.66%\">\n<h3 class=\"wp-block-heading\">L\u00f6sungen f\u00fcr Universit\u00e4ten<\/h3>\n\n\n\n<p>Bringe deine Universit\u00e4t an die Spitze der Bildung<\/p>\n\n\n\n<p>Biete deinen Lehrkr\u00e4ften und Studierenden einen&nbsp;Mehrwert, setze auf praxisnahen&nbsp;Unterricht und f\u00f6rdere&nbsp;Forschung und Innovation&nbsp;im Klassenzimmer.<\/p>\n\n\n\n<div class=\"wp-block-buttons is-layout-flex wp-container-core-buttons-is-layout-a74382ec wp-block-buttons-is-layout-flex\">\n<div class=\"wp-block-button\"><a class=\"wp-block-button__link button button-link wp-element-button\" href=\"https:\/\/neuronup.com\/de\/neurorehabilitationsloesungen\/universitaten\/\">Mehr \u00fcber L\u00f6sungen f\u00fcr Universit\u00e4ten lesen<\/a><\/div>\n<\/div>\n<\/div>\n<\/div>\n\n\n\n<div style=\"height:50px\" aria-hidden=\"true\" class=\"wp-block-spacer\"><\/div>\n\n\n\n<div class=\"wp-block-columns are-vertically-aligned-center testimonial-block br-0010 anims-fadein-left is-layout-flex wp-container-core-columns-is-layout-9d6595d7 wp-block-columns-is-layout-flex\">\n<div class=\"wp-block-column is-vertically-aligned-center is-layout-flow wp-block-column-is-layout-flow\" style=\"flex-basis:33.33%\"><div class=\"wp-block-image\">\n<figure class=\"aligncenter size-large is-resized\"><img decoding=\"async\" width=\"1024\" height=\"1024\" src=\"https:\/\/neuronup.com\/de\/wp-content\/uploads\/2025\/03\/Schulen-1024x1024.webp\" alt=\"Schulen\" class=\"wp-image-31493\" style=\"width:250px\" srcset=\"https:\/\/neuronup.com\/de\/wp-content\/uploads\/2025\/03\/Schulen-80x80.webp 80w, https:\/\/neuronup.com\/de\/wp-content\/uploads\/2025\/03\/Schulen-150x150.webp 150w, https:\/\/neuronup.com\/de\/wp-content\/uploads\/2025\/03\/Schulen-300x300.webp 300w, https:\/\/neuronup.com\/de\/wp-content\/uploads\/2025\/03\/Schulen-768x768.webp 768w, https:\/\/neuronup.com\/de\/wp-content\/uploads\/2025\/03\/Schulen-1024x1024.webp 1024w, https:\/\/neuronup.com\/de\/wp-content\/uploads\/2025\/03\/Schulen-1536x1536.webp 1536w, https:\/\/neuronup.com\/de\/wp-content\/uploads\/2025\/03\/Schulen.webp 1563w\" sizes=\"(max-width: 1024px) 100vw, 1024px\" \/><\/figure>\n<\/div><\/div>\n\n\n\n<div class=\"wp-block-column is-vertically-aligned-center is-layout-flow wp-block-column-is-layout-flow\" style=\"flex-basis:66.66%\">\n<h3 class=\"wp-block-heading\">L\u00f6sungen f\u00fcr Schulen<\/h3>\n\n\n\n<p>Bringe deine Schule an die Spitze der Bildung<\/p>\n\n\n\n<p>Biete deinen Lehrkr\u00e4ften und Sch\u00fclern&nbsp;einen Mehrwert,&nbsp;gehe auf die Lernprobleme deiner Sch\u00fclerinnen und Sch\u00fcler ein und f\u00f6rdere die&nbsp;kognitive Stimulation&nbsp;im Klassenzimmer.<\/p>\n\n\n\n<div class=\"wp-block-buttons is-layout-flex wp-container-core-buttons-is-layout-a74382ec wp-block-buttons-is-layout-flex\">\n<div class=\"wp-block-button\"><a class=\"wp-block-button__link button button-link wp-element-button\" href=\"https:\/\/neuronup.com\/de\/neurorehabilitationsloesungen\/schulen\/\">Mehr \u00fcber L\u00f6sungen f\u00fcr Schulen lesen<\/a><\/div>\n<\/div>\n<\/div>\n<\/div>\n\n\n\n<div style=\"height:150px\" aria-hidden=\"true\" class=\"wp-block-spacer\"><\/div>\n\n\n\n<header class=\"wp-block-group alignwide br-0101 has-white-color has-primary-background-color has-text-color has-background has-link-color wp-elements-2e5e928a96d3b26fd90d28797bc8a091 has-dark-background has-lg-padding-top has-lg-padding-bottom has-xs-padding-left has-xs-padding-right\"><div class=\"wp-block-group__inner-container is-layout-constrained wp-block-group-is-layout-constrained\">\n<h2 class=\"wp-block-heading alignwide has-text-align-center\">Welche L\u00f6sungen bieten wir je nach der Art des Nutzers, mit dem du arbeitest?<\/h2>\n<\/div><\/header>\n\n\n\n\n<div style=\"height:100px\" aria-hidden=\"true\" class=\"wp-block-spacer\"><\/div>\n\n\n\n<div class=\"wp-block-columns are-vertically-aligned-center testimonial-block br-0010 anims-fadein-right is-layout-flex wp-container-core-columns-is-layout-9d6595d7 wp-block-columns-is-layout-flex\">\n<div class=\"wp-block-column is-vertically-aligned-center is-layout-flow wp-block-column-is-layout-flow\" style=\"flex-basis:33.33%\"><div class=\"wp-block-image\">\n<figure class=\"aligncenter size-large is-resized\"><img decoding=\"async\" width=\"510\" height=\"510\" src=\"https:\/\/neuronup.com\/de\/wp-content\/uploads\/2023\/12\/Erworbene-Hirnschadigung.svg\" alt=\"Erworbene Hirnscha\u0308digung\" class=\"wp-image-27808\" style=\"width:250px\"\/><\/figure>\n<\/div><\/div>\n\n\n\n<div class=\"wp-block-column is-vertically-aligned-center is-layout-flow wp-block-column-is-layout-flow\" style=\"flex-basis:66.66%\">\n<h3 class=\"wp-block-heading\">Erworbene Hirnsch\u00e4digung<\/h3>\n\n\n\n<p>Verbessere die Autonomie deiner Patienten, indem du ihnen hilfst, die Kontrolle \u00fcber die von einer Hirnverletzung betroffenen Prozesse wiederzuerlangen.<\/p>\n\n\n\n<div class=\"wp-block-buttons is-layout-flex wp-container-core-buttons-is-layout-a74382ec wp-block-buttons-is-layout-flex\">\n<div class=\"wp-block-button\"><a class=\"wp-block-button__link button button-link wp-element-button\" href=\"https:\/\/neuronup.com\/de\/anwendungsfalle-erworbene-hirnschadigung\/\">Mehr \u00fcber den Anwendungsfall erworbene Hirnsch\u00e4digung lesen<\/a><\/div>\n<\/div>\n<\/div>\n<\/div>\n\n\n\n<div style=\"height:50px\" aria-hidden=\"true\" class=\"wp-block-spacer\"><\/div>\n\n\n\n<div class=\"wp-block-columns are-vertically-aligned-center testimonial-block br-0010 anims-fadein-left is-layout-flex wp-container-core-columns-is-layout-9d6595d7 wp-block-columns-is-layout-flex\">\n<div class=\"wp-block-column is-vertically-aligned-center is-layout-flow wp-block-column-is-layout-flow\" style=\"flex-basis:33.33%\"><div class=\"wp-block-image\">\n<figure class=\"aligncenter size-large is-resized\"><img decoding=\"async\" width=\"510\" height=\"510\" src=\"https:\/\/neuronup.com\/de\/wp-content\/uploads\/2023\/12\/Neurodegenerative-Erkrankungen.svg\" alt=\"Neurodegenerative Erkrankungen\" class=\"wp-image-27813\" style=\"width:250px\"\/><\/figure>\n<\/div><\/div>\n\n\n\n<div class=\"wp-block-column is-vertically-aligned-center is-layout-flow wp-block-column-is-layout-flow\" style=\"flex-basis:66.66%\">\n<h3 class=\"wp-block-heading\">Neurodegenerative Erkrankungen<\/h3>\n\n\n\n<p>Verlangsame den kognitiven und funktionellen Abbau deiner Patienten mit Aktivit\u00e4ten, die auf ihre kognitive Stimulation ausgerichtet sind.<\/p>\n\n\n\n<div class=\"wp-block-buttons is-layout-flex wp-container-core-buttons-is-layout-a74382ec wp-block-buttons-is-layout-flex\">\n<div class=\"wp-block-button\"><a class=\"wp-block-button__link button button-link wp-element-button\" href=\"https:\/\/neuronup.com\/de\/anwendungsfalle-neurodegenerative-erkrankungen\/\">Mehr \u00fcber den Anwendungsfall neurodegenerative Erkrankungen lesen<\/a><\/div>\n<\/div>\n<\/div>\n<\/div>\n\n\n\n<div style=\"height:50px\" aria-hidden=\"true\" class=\"wp-block-spacer\"><\/div>\n\n\n\n<div class=\"wp-block-columns are-vertically-aligned-center testimonial-block br-0010 anims-fadein-right is-layout-flex wp-container-core-columns-is-layout-9d6595d7 wp-block-columns-is-layout-flex\">\n<div class=\"wp-block-column is-vertically-aligned-center is-layout-flow wp-block-column-is-layout-flow\" style=\"flex-basis:33.33%\"><div class=\"wp-block-image\">\n<figure class=\"aligncenter size-large is-resized\"><img decoding=\"async\" width=\"510\" height=\"510\" src=\"https:\/\/neuronup.com\/de\/wp-content\/uploads\/2023\/12\/Geistige-Behinderung.svg\" alt=\"Geistige Behinderung\" class=\"wp-image-27811\" style=\"width:250px\"\/><\/figure>\n<\/div><\/div>\n\n\n\n<div class=\"wp-block-column is-vertically-aligned-center is-layout-flow wp-block-column-is-layout-flow\" style=\"flex-basis:66.66%\">\n<h3 class=\"wp-block-heading\">Intellektuelle Behinderung<\/h3>\n\n\n\n<p>Verbessere die Lebensqualit\u00e4t deiner Nutzer mit Aktivit\u00e4ten, die darauf ausgelegt sind, ihre Autonomie zu st\u00e4rken.<\/p>\n\n\n\n<div class=\"wp-block-buttons is-layout-flex wp-container-core-buttons-is-layout-a74382ec wp-block-buttons-is-layout-flex\">\n<div class=\"wp-block-button\"><a class=\"wp-block-button__link button button-link wp-element-button\" href=\"https:\/\/neuronup.com\/de\/anwendungsfalle-menschen-mit-behinderung\/\">Mehr \u00fcber den Anwendungsfall intellektuelle Behinderung lesen<\/a><\/div>\n<\/div>\n<\/div>\n<\/div>\n\n\n\n<div style=\"height:50px\" aria-hidden=\"true\" class=\"wp-block-spacer\"><\/div>\n\n\n\n<div class=\"wp-block-columns are-vertically-aligned-center testimonial-block br-0010 anims-fadein-left is-layout-flex wp-container-core-columns-is-layout-9d6595d7 wp-block-columns-is-layout-flex\">\n<div class=\"wp-block-column is-vertically-aligned-center is-layout-flow wp-block-column-is-layout-flow\" style=\"flex-basis:33.33%\"><div class=\"wp-block-image\">\n<figure class=\"aligncenter size-large is-resized\"><img decoding=\"async\" width=\"510\" height=\"510\" src=\"https:\/\/neuronup.com\/de\/wp-content\/uploads\/2023\/12\/Psychische-Erkrankung.svg\" alt=\"Psychische Erkrankung\" class=\"wp-image-27810\" style=\"width:250px\"\/><\/figure>\n<\/div><\/div>\n\n\n\n<div class=\"wp-block-column is-vertically-aligned-center is-layout-flow wp-block-column-is-layout-flow\" style=\"flex-basis:66.66%\">\n<h3 class=\"wp-block-heading\">Psychische Erkrankungen<\/h3>\n\n\n\n<p>Aktivit\u00e4ten, die das logische Denken, das Verhalten, die F\u00e4higkeit zur Realit\u00e4tswahrnehmung, die Emotionen, die Stimmung, das Denken oder die Beziehung zu anderen Menschen f\u00f6rdern.<\/p>\n\n\n\n<div class=\"wp-block-buttons is-layout-flex wp-container-core-buttons-is-layout-a74382ec wp-block-buttons-is-layout-flex\">\n<div class=\"wp-block-button\"><a class=\"wp-block-button__link button button-link wp-element-button\" href=\"https:\/\/neuronup.com\/de\/anwendungsfalle-psychische-erkrankung\/\">Mehr \u00fcber den Anwendungsfall psychische Erkrankungen lesen<\/a><\/div>\n<\/div>\n<\/div>\n<\/div>\n\n\n\n<div style=\"height:50px\" aria-hidden=\"true\" class=\"wp-block-spacer\"><\/div>\n\n\n\n<div class=\"wp-block-columns are-vertically-aligned-center testimonial-block br-0010 anims-fadein-right is-layout-flex wp-container-core-columns-is-layout-9d6595d7 wp-block-columns-is-layout-flex\">\n<div class=\"wp-block-column is-vertically-aligned-center is-layout-flow wp-block-column-is-layout-flow\" style=\"flex-basis:33.33%\"><div class=\"wp-block-image\">\n<figure class=\"aligncenter size-large is-resized\"><img decoding=\"async\" width=\"510\" height=\"510\" src=\"https:\/\/neuronup.com\/de\/wp-content\/uploads\/2023\/12\/Normale-Alterserscheinungen.svg\" alt=\"Normale Alterserscheinungen\" class=\"wp-image-27809\" style=\"width:250px\"\/><\/figure>\n<\/div><\/div>\n\n\n\n<div class=\"wp-block-column is-vertically-aligned-center is-layout-flow wp-block-column-is-layout-flow\" style=\"flex-basis:66.66%\">\n<h3 class=\"wp-block-heading\">Normales Altern<\/h3>\n\n\n\n<p>St\u00e4rke die funktionelle Autonomie bei \u00e4lteren Erwachsenen und verbessere ihre Lebensqualit\u00e4t mit Aktivit\u00e4ten, die in dieser Lebensphase die kognitive Stimulation f\u00f6rdern.<\/p>\n\n\n\n<div class=\"wp-block-buttons is-layout-flex wp-container-core-buttons-is-layout-a74382ec wp-block-buttons-is-layout-flex\">\n<div class=\"wp-block-button\"><a class=\"wp-block-button__link button button-link wp-element-button\" href=\"https:\/\/neuronup.com\/de\/anwendungsfalle-normale-alterserscheinungen\/\">Mehr \u00fcber den Anwendungsfall normales Altern lesen<\/a><\/div>\n<\/div>\n<\/div>\n<\/div>\n\n\n\n<div style=\"height:50px\" aria-hidden=\"true\" class=\"wp-block-spacer\"><\/div>\n\n\n\n<div class=\"wp-block-columns are-vertically-aligned-center testimonial-block br-0010 anims-fadein-left is-layout-flex wp-container-core-columns-is-layout-9d6595d7 wp-block-columns-is-layout-flex\">\n<div class=\"wp-block-column is-vertically-aligned-center is-layout-flow wp-block-column-is-layout-flow\" style=\"flex-basis:33.33%\"><div class=\"wp-block-image\">\n<figure class=\"aligncenter size-large is-resized\"><img decoding=\"async\" width=\"40\" height=\"40\" src=\"https:\/\/neuronup.com\/de\/wp-content\/uploads\/2024\/01\/icon-neurorrehabilitation.svg\" alt=\"\" class=\"wp-image-28199\" style=\"width:250px\"\/><\/figure>\n<\/div><\/div>\n\n\n\n<div class=\"wp-block-column is-vertically-aligned-center is-layout-flow wp-block-column-is-layout-flow\" style=\"flex-basis:66.66%\">\n<h3 class=\"wp-block-heading\">Neuroentwicklungsst\u00f6rungen<\/h3>\n\n\n\n<p>St\u00e4rke die F\u00e4higkeiten des Kindes mit speziell entwickelten Aktivit\u00e4ten, die darauf abzielen, Defizite auszugleichen, die mit jedem einzelnen St\u00f6rungsbild verbunden sind.<\/p>\n\n\n\n<div class=\"wp-block-buttons is-layout-flex wp-container-core-buttons-is-layout-a74382ec wp-block-buttons-is-layout-flex\">\n<div class=\"wp-block-button\"><a class=\"wp-block-button__link button button-link wp-element-button\" href=\"https:\/\/neuronup.com\/de\/anwendungsfalle-neurologische-entwicklungsstorungen\/\">Mehr \u00fcber den Anwendungsfall Neuroentwicklungsst\u00f6rungen lesen<\/a><\/div>\n<\/div>\n<\/div>\n<\/div>\n\n\n\n<div style=\"height:150px\" aria-hidden=\"true\" class=\"wp-block-spacer\"><\/div>\n","protected":false},"excerpt":{"rendered":"<p>Neurorehabilitationsl\u00f6sungen NeuronUP ist eine Webplattform f\u00fcr Neurorehabilitation, die als entscheidende Unterst\u00fctzung f\u00fcr Fachkr\u00e4fte fungiert, die an Rehabilitations- und kognitiven Trainingsprozessen beteiligt sind. Sie passt sich an die Anforderungen und Eigenschaften der jeweiligen Einrichtung und Benutzer an, f\u00fcr die sie gedacht ist. Welche L\u00f6sungen bieten wir je nach deinem Zentrumstyp an? L\u00f6sungen f\u00fcr Gruppen Sanitas, Sanofi, &hellip;<\/p>\n","protected":false},"author":1,"featured_media":27523,"parent":0,"menu_order":0,"comment_status":"closed","ping_status":"closed","template":"","meta":{"_acf_changed":false,"_genesis_hide_title":false,"_genesis_hide_breadcrumbs":false,"_genesis_hide_singular_image":false,"_genesis_hide_footer_widgets":false,"_genesis_custom_body_class":"","_genesis_custom_post_class":"","_genesis_layout":"wide-content","footnotes":""},"class_list":{"1":"page","2":"type-page","6":"entry"},"acf":[],"_links":{"self":[{"href":"https:\/\/neuronup.com\/de\/wp-json\/wp\/v2\/pages\/31478","targetHints":{"allow":["GET"]}}],"collection":[{"href":"https:\/\/neuronup.com\/de\/wp-json\/wp\/v2\/pages"}],"about":[{"href":"https:\/\/neuronup.com\/de\/wp-json\/wp\/v2\/types\/page"}],"author":[{"embeddable":true,"href":"https:\/\/neuronup.com\/de\/wp-json\/wp\/v2\/users\/1"}],"replies":[{"embeddable":true,"href":"https:\/\/neuronup.com\/de\/wp-json\/wp\/v2\/comments?post=31478"}],"version-history":[{"count":0,"href":"https:\/\/neuronup.com\/de\/wp-json\/wp\/v2\/pages\/31478\/revisions"}],"wp:featuredmedia":[{"embeddable":true,"href":"https:\/\/neuronup.com\/de\/wp-json\/wp\/v2\/media\/27523"}],"wp:attachment":[{"href":"https:\/\/neuronup.com\/de\/wp-json\/wp\/v2\/media?parent=31478"}],"curies":[{"name":"wp","href":"https:\/\/api.w.org\/{rel}","templated":true}]}}