{"id":30999,"date":"2024-09-17T09:47:45","date_gmt":"2024-09-17T07:47:45","guid":{"rendered":"https:\/\/neuronup.com\/de\/?page_id=30999"},"modified":"2024-09-17T09:47:47","modified_gmt":"2024-09-17T07:47:47","slug":"umweltpolitik","status":"publish","type":"page","link":"https:\/\/neuronup.com\/de\/uber-uns\/umweltpolitik\/","title":{"rendered":"Umweltpolitik"},"content":{"rendered":"\n<h2 class=\"wp-block-heading\">1. <strong>Zweck<\/strong><\/h2>\n\n\n\n<p>Bei NeuronUP erkennen wir die Bedeutung des Umweltschutzes an und verpflichten uns, verantwortungsbewusst zu handeln, um unseren Einfluss zu verringern.<\/p>\n\n\n\n<h2 class=\"wp-block-heading\">2. <strong>Anwendungsbereich<\/strong><\/h2>\n\n\n\n<p>Diese Richtlinie gilt f\u00fcr alle Aktivit\u00e4ten von NeuronUP sowie f\u00fcr alle Mitarbeiter, Lieferanten und Partner, die mit uns zusammenarbeiten.<\/p>\n\n\n\n<h2 class=\"wp-block-heading\">3. <strong>Umweltziele<\/strong><\/h2>\n\n\n\n<h3 class=\"wp-block-heading\"><strong>3.1 Beitrag zu einem Papierlosen B\u00fcro (Papierlos)<\/strong><\/h3>\n\n\n\n<p>Reduzierung des Papierverbrauchs durch die F\u00f6rderung digitaler Praktiken in allen Verwaltungsprozessen.<br>Drucken nur, wenn es absolut notwendig ist.<\/p>\n\n\n\n<h3 class=\"wp-block-heading\"><strong>3.2 Emissionsreduktion<\/strong><\/h3>\n\n\n\n<p>Ma\u00dfnahmen bei der Auswahl von Lieferanten umsetzen, wobei solche mit Umweltpolitik bevorzugt werden.<\/p>\n\n\n\n<h2 class=\"wp-block-heading\">4. <strong>Verpflichtungen und Ma\u00dfnahmen<\/strong><\/h2>\n\n\n\n<h3 class=\"wp-block-heading\"><strong>4.1 Abfallwirtschaft<\/strong><\/h3>\n\n\n\n<p>Wir minimieren die Abfallproduktion und f\u00f6rdern Recycling und Wiederverwendung. Es wurden Wasserspender installiert, um den Gebrauch von Plastikflaschen zu reduzieren.<br>Es stehen getrennte Beh\u00e4lter f\u00fcr recycelbare Materialien zur Verf\u00fcgung.<\/p>\n\n\n\n<h3 class=\"wp-block-heading\"><strong>4.2 Energieeinsparung<\/strong><\/h3>\n\n\n\n<p>Wir schalten die Ger\u00e4te aus, wenn sie nicht in Gebrauch sind.<\/p>\n\n\n\n<h3 class=\"wp-block-heading\"><strong>4.3 Bewusstseinsbildung<\/strong><\/h3>\n\n\n\n<p>Wir informieren die Mitarbeiter \u00fcber umweltfreundliche Praktiken durch Informationsplakate, die auf die \u00dcberpr\u00fcfung der Ger\u00e4te vor dem Verlassen des B\u00fcros hinweisen, sowie durch Erinnerungen in internen Newslettern.<\/p>\n\n\n\n<h2 class=\"wp-block-heading\">5. <strong>Verantwortlichkeiten<\/strong><\/h2>\n\n\n\n<p>Die Umsetzung und \u00dcberwachung dieser Richtlinie liegt in der Verantwortung der Verwaltungsabteilung von NeuronUP, mit Unterst\u00fctzung aller Mitarbeiter. Diese ist verantwortlich f\u00fcr:<\/p>\n\n\n\n<ul class=\"wp-block-list\">\n<li>Sicherstellen, dass alle festgelegten Praktiken befolgt werden.<\/li>\n\n\n\n<li>Vorschl\u00e4ge f\u00fcr bessere Umweltpraktiken unterbreiten.<\/li>\n<\/ul>\n\n\n\n<h2 class=\"wp-block-heading\">6. <strong>Verpflichtung des Managements<\/strong><\/h2>\n\n\n\n<p>Die Leitung von NeuronUP verpflichtet sich, die notwendigen Ressourcen zur Umsetzung dieser Richtlinie bereitzustellen und ihre Wirksamkeit sicherzustellen. Wir verpflichten uns, kontinuierlich daran zu arbeiten, unseren \u00f6kologischen Fu\u00dfabdruck zu verringern und positiv zur Nachhaltigkeit der Umwelt beizutragen, in der wir t\u00e4tig sind.<\/p>\n\n\n\n<h2 class=\"wp-block-heading\">7. <strong>Schlussfolgerung<\/strong><\/h2>\n\n\n\n<p>Bei NeuronUP glauben wir, dass jeder kleine Schritt z\u00e4hlt. Durch die Einhaltung dieser Umweltpolitik wollen wir nicht nur unsere Verantwortung als Unternehmen wahrnehmen, sondern auch andere dazu inspirieren, nachhaltigere Praktiken anzunehmen. Gemeinsam k\u00f6nnen wir einen bedeutenden Unterschied beim Schutz unseres Planeten machen.<\/p>\n","protected":false},"excerpt":{"rendered":"<p>1. Zweck Bei NeuronUP erkennen wir die Bedeutung des Umweltschutzes an und verpflichten uns, verantwortungsbewusst zu handeln, um unseren Einfluss zu verringern. 2. Anwendungsbereich Diese Richtlinie gilt f\u00fcr alle Aktivit\u00e4ten von NeuronUP sowie f\u00fcr alle Mitarbeiter, Lieferanten und Partner, die mit uns zusammenarbeiten. 3. Umweltziele 3.1 Beitrag zu einem Papierlosen B\u00fcro (Papierlos) Reduzierung des Papierverbrauchs &hellip;<\/p>\n","protected":false},"author":3,"featured_media":0,"parent":21878,"menu_order":0,"comment_status":"closed","ping_status":"closed","template":"","meta":{"_acf_changed":false,"_genesis_hide_title":false,"_genesis_hide_breadcrumbs":false,"_genesis_hide_singular_image":false,"_genesis_hide_footer_widgets":false,"_genesis_custom_body_class":"","_genesis_custom_post_class":"","_genesis_layout":"","footnotes":""},"class_list":{"1":"page","2":"type-page","5":"entry"},"acf":[],"_links":{"self":[{"href":"https:\/\/neuronup.com\/de\/wp-json\/wp\/v2\/pages\/30999","targetHints":{"allow":["GET"]}}],"collection":[{"href":"https:\/\/neuronup.com\/de\/wp-json\/wp\/v2\/pages"}],"about":[{"href":"https:\/\/neuronup.com\/de\/wp-json\/wp\/v2\/types\/page"}],"author":[{"embeddable":true,"href":"https:\/\/neuronup.com\/de\/wp-json\/wp\/v2\/users\/3"}],"replies":[{"embeddable":true,"href":"https:\/\/neuronup.com\/de\/wp-json\/wp\/v2\/comments?post=30999"}],"version-history":[{"count":0,"href":"https:\/\/neuronup.com\/de\/wp-json\/wp\/v2\/pages\/30999\/revisions"}],"up":[{"embeddable":true,"href":"https:\/\/neuronup.com\/de\/wp-json\/wp\/v2\/pages\/21878"}],"wp:attachment":[{"href":"https:\/\/neuronup.com\/de\/wp-json\/wp\/v2\/media?parent=30999"}],"curies":[{"name":"wp","href":"https:\/\/api.w.org\/{rel}","templated":true}]}}