{"id":30635,"date":"2024-07-22T12:11:07","date_gmt":"2024-07-22T10:11:07","guid":{"rendered":"https:\/\/neuronup.com\/de\/?page_id=30635"},"modified":"2025-09-24T14:10:34","modified_gmt":"2025-09-24T12:10:34","slug":"forschung-mit-neuronup-labs","status":"publish","type":"page","link":"https:\/\/neuronup.com\/de\/neuronup-labs\/forschung-mit-neuronup-labs\/","title":{"rendered":"Formular &#8211; Forschung mit NeuronUP Labs"},"content":{"rendered":"\n<div class=\"wp-block-columns alignfull are-vertically-aligned-center is-not-stacked-on-mobile labs-menu is-layout-flex wp-container-core-columns-is-layout-9d6595d7 wp-block-columns-is-layout-flex\">\n<div class=\"wp-block-column is-vertically-aligned-center logo-container is-layout-flow wp-block-column-is-layout-flow\" style=\"flex-basis:175px\">\n<figure class=\"wp-block-image size-large\"><a href=\"https:\/\/neuronup.com\/de\/neuronup-labs\/\"><img decoding=\"async\" width=\"350\" height=\"200\" src=\"https:\/\/neuronup.com\/de\/wp-content\/uploads\/2024\/07\/NeuronUP-LABS-investigacion.svg\" alt=\"\" class=\"wp-image-30780\"\/><\/a><\/figure>\n<\/div>\n\n\n\n<div class=\"wp-block-column menu is-layout-flow wp-block-column-is-layout-flow\"><div id=\"mega-menu-wrap-max_mega_menu_1\" class=\"mega-menu-wrap\"><div class=\"mega-menu-toggle\"><div class=\"mega-toggle-blocks-left\"><\/div><div class=\"mega-toggle-blocks-center\"><\/div><div class=\"mega-toggle-blocks-right\"><div class='mega-toggle-block mega-html-block mega-toggle-block-1' id='mega-toggle-block-1'><a class=\"mobile-login\" href=\"https:\/\/neuronup.com\/de\/\" tabindex=\"0\">Zur\u00fcck zu neuronup.com\/de\/<\/a><\/div><div class='mega-toggle-block mega-html-block mega-toggle-block-2' id='mega-toggle-block-2'><div class=\"mobile-freetry\" style=\" --button-background: var(--color-custom-1); --button-background-hover: #cc7e00; \" >\r\n  <a class=\"button button-primary\" href=\"https:\/\/neuronup.com\/de\/neuronup-labs\/forschung-mit-neuronup-labs\/\" >Zusammenarbeit <\/a>\r\n<\/div><\/div><div class='mega-toggle-block mega-menu-toggle-animated-block mega-toggle-block-3' id='mega-toggle-block-3'><button aria-label=\"Toggle Menu\" class=\"mega-toggle-animated mega-toggle-animated-slider\" type=\"button\" aria-haspopup=\"true\" aria-expanded=\"false\" aria-controls=\"mega-menu-max_mega_menu_1\">\n                  <span class=\"mega-toggle-animated-box\">\n                    <span class=\"mega-toggle-animated-inner\"><\/span>\n                  <\/span>\n                <\/button><\/div><\/div><\/div><ul id=\"mega-menu-max_mega_menu_1\" class=\"mega-menu max-mega-menu mega-menu-horizontal mega-no-js\" data-event=\"click\" data-effect=\"slide\" data-effect-speed=\"200\" data-effect-mobile=\"slide\" data-effect-speed-mobile=\"200\" data-mobile-force-width=\"body\" data-second-click=\"go\" data-document-click=\"collapse\" data-vertical-behaviour=\"standard\" data-breakpoint=\"1182\" data-unbind=\"true\" data-mobile-state=\"collapse_all\" data-mobile-direction=\"vertical\" data-hover-intent-timeout=\"300\" data-hover-intent-interval=\"100\" data-overlay-desktop=\"false\" data-overlay-mobile=\"false\"><li class=\"mega-menu-item mega-menu-item-type-custom mega-menu-item-object-custom mega-align-bottom-left mega-menu-flyout mega-menu-item-first mega-menu-item-30774\" id=\"mega-menu-item-30774\"><a class=\"mega-menu-link\" href=\"https:\/\/neuronup.com\/de\/neuronup-labs\/tools-von-neuronup-labs-fuer-forschende\/\">Tools<\/a><\/li><li class=\"mega-menu-item mega-menu-item-type-custom mega-menu-item-object-custom mega-align-bottom-left mega-menu-flyout mega-menu-item-30775\" id=\"mega-menu-item-30775\"><a class=\"mega-menu-link\" href=\"https:\/\/neuronup.com\/de\/neuronup-labs\/liste-der-abgeschlossenen-forschungsprojekte-mit-neuronup\/\">Forschungsprojekte<\/a><\/li><li class=\"mega-menu-item mega-menu-item-type-custom mega-menu-item-object-custom mega-align-bottom-left mega-menu-flyout mega-menu-item-30776\" id=\"mega-menu-item-30776\"><a class=\"mega-menu-link\" href=\"https:\/\/neuronup.com\/de\/neuronup-labs\/forschungsschwerpunkte-von-neuronup-labs\/\">Forschungsschwerpunkte<\/a><\/li><li class=\"mega-wp-block-button__link mega-button mega-button-outline mega-megamenu-login mega-menu-item mega-menu-item-type-custom mega-menu-item-object-custom mega-menu-item-home mega-align-bottom-left mega-menu-flyout mega-has-icon mega-icon-left mega-menu-item-30777 wp-block-button__link button button-outline megamenu-login\" id=\"mega-menu-item-30777\"><a class=\"mega-custom-icon mega-menu-link\" href=\"https:\/\/neuronup.com\/de\/\">Zur\u00fcck zu NeuronUP<\/a><\/li><li class=\"mega-wp-block-button__link mega-button mega-button-secondary mega-megamenu-freetry mega-orange-button mega-menu-item mega-menu-item-type-custom mega-menu-item-object-custom mega-align-bottom-left mega-menu-flyout mega-menu-item-last mega-menu-item-30778 wp-block-button__link button button-secondary megamenu-freetry orange-button\" id=\"mega-menu-item-30778\"><a class=\"mega-menu-link\" href=\"https:\/\/neuronup.com\/de\/neuronup-labs\/forschung-mit-neuronup-labs\/\">Zusammenarbeit<\/a><\/li><\/ul><\/div><\/div>\n<\/div>\n\n\n\n<div style=\"height:50px\" aria-hidden=\"true\" class=\"wp-block-spacer\"><\/div>\n\n\n\n<h1 class=\"wp-block-heading has-text-align-center has-xxl-margin-bottom\">Forschen mit NeuronUP Labs<\/h1>\n\n\n\n<div class=\"wp-block-columns br-0101 has-alt-background-color has-background is-layout-flex wp-container-core-columns-is-layout-9d6595d7 wp-block-columns-is-layout-flex\">\n<div class=\"wp-block-column is-layout-flow wp-block-column-is-layout-flow\">\n<h2 class=\"wp-block-heading has-text-align-center has-xl-margin-bottom\">Arbeiten Sie mit NeuronUP f\u00fcr Ihre Forschung zusammen<\/h2>\n\n\n\n<div class=\"hs-form-frame\" data-region=\"eu1\" data-form-id=\"d009741a-6f40-43cf-921c-663f2897ec73\" data-portal-id=\"143501970\"><\/div>\n\n\n\n<p class=\"has-sm-font-size\"><em>*Wenn eines der Felder leer oder unvollst\u00e4ndig ist, k\u00f6nnen wir die Kooperationsanfrage leider nicht als g\u00fcltig betrachten. In allen anderen F\u00e4llen wird sich NeuronUP in den n\u00e4chsten Tagen mit Ihnen in Verbindung setzen und Ihnen Informationen \u00fcber das weitere Vorgehen mitteilen.<\/em><\/p>\n<\/div>\n<\/div>\n\n\n\n<div style=\"height:50px\" aria-hidden=\"true\" class=\"wp-block-spacer\"><\/div>\n\n\n\n<div class=\"wp-block-group alignfull br-0100 has-custom-13-background-color has-background has-light-background has-md-padding-top has-md-padding-bottom has-md-padding-left has-md-padding-right\"><div class=\"wp-block-group__inner-container is-layout-constrained wp-block-group-is-layout-constrained\">\n<p class=\"has-text-align-center\">Arbeiten Sie mit uns zusammen<\/p>\n\n\n\n<h2 class=\"wp-block-heading has-text-align-center has-xxl-margin-bottom\">Zugang zu den Instrumenten zur Forschung von NeuronUP Labs<\/h2>\n\n\n\n<p class=\"has-text-align-center\">M\u00f6chten Sie <strong>Zugang zu den Forschungsinstrumenten von NeuronUP Labs<\/strong> erhalten? Schicken Sie uns den Vorschlag zu Ihrem Forschungsprojekt. Unser Team wird Ihr Projekt evaluieren und Ihnen die innovativen Tools f\u00fcr Ihre Forschung zur Verf\u00fcgung stellen.<\/p>\n\n\n\n<div style=\"height:40px\" aria-hidden=\"true\" class=\"wp-block-spacer\"><\/div>\n<\/div><\/div>\n\n","protected":false},"excerpt":{"rendered":"<p>Forschen mit NeuronUP Labs Arbeiten Sie mit NeuronUP f\u00fcr Ihre Forschung zusammen *Wenn eines der Felder leer oder unvollst\u00e4ndig ist, k\u00f6nnen wir die Kooperationsanfrage leider nicht als g\u00fcltig betrachten. In allen anderen F\u00e4llen wird sich NeuronUP in den n\u00e4chsten Tagen mit Ihnen in Verbindung setzen und Ihnen Informationen \u00fcber das weitere Vorgehen mitteilen. Arbeiten Sie &hellip;<\/p>\n","protected":false},"author":134,"featured_media":0,"parent":30603,"menu_order":0,"comment_status":"closed","ping_status":"closed","template":"","meta":{"_acf_changed":false,"_genesis_hide_title":false,"_genesis_hide_breadcrumbs":false,"_genesis_hide_singular_image":false,"_genesis_hide_footer_widgets":false,"_genesis_custom_body_class":"","_genesis_custom_post_class":"","_genesis_layout":"","footnotes":""},"class_list":{"1":"page","2":"type-page","5":"entry"},"acf":[],"_links":{"self":[{"href":"https:\/\/neuronup.com\/de\/wp-json\/wp\/v2\/pages\/30635","targetHints":{"allow":["GET"]}}],"collection":[{"href":"https:\/\/neuronup.com\/de\/wp-json\/wp\/v2\/pages"}],"about":[{"href":"https:\/\/neuronup.com\/de\/wp-json\/wp\/v2\/types\/page"}],"author":[{"embeddable":true,"href":"https:\/\/neuronup.com\/de\/wp-json\/wp\/v2\/users\/134"}],"replies":[{"embeddable":true,"href":"https:\/\/neuronup.com\/de\/wp-json\/wp\/v2\/comments?post=30635"}],"version-history":[{"count":0,"href":"https:\/\/neuronup.com\/de\/wp-json\/wp\/v2\/pages\/30635\/revisions"}],"up":[{"embeddable":true,"href":"https:\/\/neuronup.com\/de\/wp-json\/wp\/v2\/pages\/30603"}],"wp:attachment":[{"href":"https:\/\/neuronup.com\/de\/wp-json\/wp\/v2\/media?parent=30635"}],"curies":[{"name":"wp","href":"https:\/\/api.w.org\/{rel}","templated":true}]}}