{"id":30610,"date":"2024-07-17T08:26:05","date_gmt":"2024-07-17T06:26:05","guid":{"rendered":"https:\/\/neuronup.com\/de\/?page_id=30610"},"modified":"2025-02-28T08:24:23","modified_gmt":"2025-02-28T06:24:23","slug":"tools-von-neuronup-labs-fuer-forschende","status":"publish","type":"page","link":"https:\/\/neuronup.com\/de\/neuronup-labs\/tools-von-neuronup-labs-fuer-forschende\/","title":{"rendered":"Tools von NeuronUP Labs f\u00fcr Forschende"},"content":{"rendered":"\n<div class=\"wp-block-columns alignfull are-vertically-aligned-center is-not-stacked-on-mobile labs-menu is-layout-flex wp-container-core-columns-is-layout-9d6595d7 wp-block-columns-is-layout-flex\">\n<div class=\"wp-block-column is-vertically-aligned-center logo-container is-layout-flow wp-block-column-is-layout-flow\" style=\"flex-basis:175px\">\n<figure class=\"wp-block-image size-large\"><a href=\"https:\/\/neuronup.com\/de\/neuronup-labs\/\"><img decoding=\"async\" width=\"350\" height=\"200\" src=\"https:\/\/neuronup.com\/de\/wp-content\/uploads\/2024\/07\/NeuronUP-LABS-investigacion.svg\" alt=\"\" class=\"wp-image-30780\"\/><\/a><\/figure>\n<\/div>\n\n\n\n<div class=\"wp-block-column menu is-layout-flow wp-block-column-is-layout-flow\"><div id=\"mega-menu-wrap-max_mega_menu_1\" class=\"mega-menu-wrap\"><div class=\"mega-menu-toggle\"><div class=\"mega-toggle-blocks-left\"><\/div><div class=\"mega-toggle-blocks-center\"><\/div><div class=\"mega-toggle-blocks-right\"><div class='mega-toggle-block mega-html-block mega-toggle-block-1' id='mega-toggle-block-1'><a class=\"mobile-login\" href=\"https:\/\/neuronup.com\/de\/\" tabindex=\"0\">Zur\u00fcck zu neuronup.com\/de\/<\/a><\/div><div class='mega-toggle-block mega-html-block mega-toggle-block-2' id='mega-toggle-block-2'><div class=\"mobile-freetry\" style=\" --button-background: var(--color-custom-1); --button-background-hover: #cc7e00; \" >\r\n  <a class=\"button button-primary\" href=\"https:\/\/neuronup.com\/de\/neuronup-labs\/forschung-mit-neuronup-labs\/\" >Zusammenarbeit <\/a>\r\n<\/div><\/div><div class='mega-toggle-block mega-menu-toggle-animated-block mega-toggle-block-3' id='mega-toggle-block-3'><button aria-label=\"Toggle Menu\" class=\"mega-toggle-animated mega-toggle-animated-slider\" type=\"button\" aria-haspopup=\"true\" aria-expanded=\"false\" aria-controls=\"mega-menu-max_mega_menu_1\">\n                  <span class=\"mega-toggle-animated-box\">\n                    <span class=\"mega-toggle-animated-inner\"><\/span>\n                  <\/span>\n                <\/button><\/div><\/div><\/div><ul id=\"mega-menu-max_mega_menu_1\" class=\"mega-menu max-mega-menu mega-menu-horizontal mega-no-js\" data-event=\"click\" data-effect=\"slide\" data-effect-speed=\"200\" data-effect-mobile=\"slide\" data-effect-speed-mobile=\"200\" data-mobile-force-width=\"body\" data-second-click=\"go\" data-document-click=\"collapse\" data-vertical-behaviour=\"standard\" data-breakpoint=\"1182\" data-unbind=\"true\" data-mobile-state=\"collapse_all\" data-mobile-direction=\"vertical\" data-hover-intent-timeout=\"300\" data-hover-intent-interval=\"100\" data-overlay-desktop=\"false\" data-overlay-mobile=\"false\"><li class=\"mega-menu-item mega-menu-item-type-custom mega-menu-item-object-custom mega-align-bottom-left mega-menu-flyout mega-menu-item-first mega-menu-item-30774\" id=\"mega-menu-item-30774\"><a class=\"mega-menu-link\" href=\"https:\/\/neuronup.com\/de\/neuronup-labs\/tools-von-neuronup-labs-fuer-forschende\/\">Tools<\/a><\/li><li class=\"mega-menu-item mega-menu-item-type-custom mega-menu-item-object-custom mega-align-bottom-left mega-menu-flyout mega-menu-item-30775\" id=\"mega-menu-item-30775\"><a class=\"mega-menu-link\" href=\"https:\/\/neuronup.com\/de\/neuronup-labs\/liste-der-abgeschlossenen-forschungsprojekte-mit-neuronup\/\">Forschungsprojekte<\/a><\/li><li class=\"mega-menu-item mega-menu-item-type-custom mega-menu-item-object-custom mega-align-bottom-left mega-menu-flyout mega-menu-item-30776\" id=\"mega-menu-item-30776\"><a class=\"mega-menu-link\" href=\"https:\/\/neuronup.com\/de\/neuronup-labs\/forschungsschwerpunkte-von-neuronup-labs\/\">Forschungsschwerpunkte<\/a><\/li><li class=\"mega-wp-block-button__link mega-button mega-button-outline mega-megamenu-login mega-menu-item mega-menu-item-type-custom mega-menu-item-object-custom mega-menu-item-home mega-align-bottom-left mega-menu-flyout mega-has-icon mega-icon-left mega-menu-item-30777 wp-block-button__link button button-outline megamenu-login\" id=\"mega-menu-item-30777\"><a class=\"mega-custom-icon mega-menu-link\" href=\"https:\/\/neuronup.com\/de\/\">Zur\u00fcck zu NeuronUP<\/a><\/li><li class=\"mega-wp-block-button__link mega-button mega-button-secondary mega-megamenu-freetry mega-orange-button mega-menu-item mega-menu-item-type-custom mega-menu-item-object-custom mega-align-bottom-left mega-menu-flyout mega-menu-item-last mega-menu-item-30778 wp-block-button__link button button-secondary megamenu-freetry orange-button\" id=\"mega-menu-item-30778\"><a class=\"mega-menu-link\" href=\"https:\/\/neuronup.com\/de\/neuronup-labs\/forschung-mit-neuronup-labs\/\">Zusammenarbeit<\/a><\/li><\/ul><\/div><\/div>\n<\/div>\n\n\n\n<div style=\"height:50px\" aria-hidden=\"true\" class=\"wp-block-spacer\"><\/div>\n\n\n\n<figure class=\"wp-block-image size-full is-resized neuron-header\"><img decoding=\"async\" src=\"https:\/\/neuronup.com\/wp-content\/uploads\/2024\/05\/neurona-puntos-header.svg\" alt=\"\" class=\"wp-image-30753\" style=\"width:859px\"\/><\/figure>\n\n\n\n<header class=\"wp-block-group has-xl-margin-top\"><div class=\"wp-block-group__inner-container is-layout-constrained wp-block-group-is-layout-constrained\">\n<p class=\"has-text-align-center\">NeuronUP Labs<\/p>\n\n\n\n<h1 class=\"wp-block-heading has-text-align-center\"><strong>Tools <\/strong>von NeuronUP Labs <strong>f\u00fcr Forschende<\/strong><\/h1>\n\n\n\n<h2 class=\"wp-block-heading has-text-align-center has-md-font-size has-xl-margin-bottom\">NeuronUP ist sich der aktuellen Einschr\u00e4nkungen in der Neuropsychologie bewusst. Daher haben wir Technologien geschaffen, mit denen Sie fortschrittliche Methoden in den Bereichen Evaluation, Bildung, Pr\u00e4vention, Intervention, Neurologie und psychische Gesundheit entwickeln k\u00f6nnen.<\/h2>\n\n\n\n<div class=\"wp-block-buttons is-content-justification-center is-layout-flex wp-container-core-buttons-is-layout-16018d1d wp-block-buttons-is-layout-flex\">\n<div class=\"wp-block-button\" style=\"--button-background:var(--color-custom-1);--button-background-hover:#cc7e00;\"><a class=\"wp-block-button__link button   wp-element-button\" href=\"https:\/\/neuronup.com\/de\/neuronup-labs\/forschung-mit-neuronup-labs\/\">Arbeiten Sie mit unseren Tools<\/a><\/div>\n\n<\/div>\n\n\n\n<div style=\"height:30px\" aria-hidden=\"true\" class=\"wp-block-spacer\"><\/div>\n<\/div><\/header>\n\n\n\n<div class=\"wp-block-buttons alignwide has-custom-font-size has-sm-font-size is-content-justification-center is-layout-flex wp-container-core-buttons-is-layout-64b26803 wp-block-buttons-is-layout-flex\">\n<div class=\"wp-block-button has-custom-font-size casos-tag has-sm-font-size--1\"><a class=\"wp-block-button__link button button-outline wp-element-button\" href=\"#score-raw\">Score Raw<\/a><\/div>\n\n\n\n<div class=\"wp-block-button has-custom-font-size casos-tag has-sm-font-size--2\"><a class=\"wp-block-button__link button button-outline wp-element-button\" href=\"#NeuronUP-Normativ\">NeuronUP Normativ<\/a><\/div>\n\n\n\n<div class=\"wp-block-button has-custom-font-size casos-tag has-sm-font-size--3\"><a class=\"wp-block-button__link button button-outline wp-element-button\" href=\"#NeuronUP-Entwicklung\">NeuronUP Entwicklung<\/a><\/div>\n\n\n\n<div class=\"wp-block-button has-custom-font-size casos-tag has-sm-font-size--4\"><a class=\"wp-block-button__link button button-outline wp-element-button\" href=\"#NeuronUP-Kohorte\">NeuronUP Kohorte<\/a><\/div>\n\n\n\n<div class=\"wp-block-button has-custom-font-size casos-tag has-sm-font-size--5\"><a class=\"wp-block-button__link button button-outline wp-element-button\" href=\"#Alter-des-Gehirns\">Alter des Gehirns<\/a><\/div>\n<\/div>\n\n\n\n<div style=\"height:50px\" aria-hidden=\"true\" class=\"wp-block-spacer\"><\/div>\n\n\n\n<div class=\"wp-block-columns alignfull are-vertically-aligned-center column-reverse is-layout-flex wp-container-core-columns-is-layout-9d6595d7 wp-block-columns-is-layout-flex\" id=\"score-raw\">\n<div class=\"wp-block-column is-vertically-aligned-center br-0010 flex-align-center has-alt-background-color has-background is-layout-flow wp-block-column-is-layout-flow\"><div class=\"wp-block-image\">\n<figure class=\"aligncenter size-full has-xxl-margin-top has-xxl-margin-bottom\"><img decoding=\"async\" width=\"546\" height=\"418\" src=\"https:\/\/neuronup.com\/de\/wp-content\/uploads\/2024\/07\/NeuronUP-Score.webp\" alt=\"NeuronUP Score\" class=\"wp-image-30612\" srcset=\"https:\/\/neuronup.com\/de\/wp-content\/uploads\/2024\/07\/NeuronUP-Score-300x230.webp 300w, https:\/\/neuronup.com\/de\/wp-content\/uploads\/2024\/07\/NeuronUP-Score.webp 546w\" sizes=\"(max-width: 546px) 100vw, 546px\" \/><\/figure>\n<\/div><\/div>\n\n\n\n<div class=\"wp-block-column is-vertically-aligned-center anims-fadein-left is-layout-flow wp-block-column-is-layout-flow\" id=\"score-raw\">\n<div class=\"wp-block-group p-inline-5 mw-700 m-inline-auto has-xxl-margin-top has-xxl-margin-bottom\"><div class=\"wp-block-group__inner-container is-layout-constrained wp-block-group-is-layout-constrained\">\n<p>F\u00fcr NeuronUP-Kund:innen zug\u00e4ngliche Tools<\/p>\n\n\n\n<h2 class=\"wp-block-heading\"><strong>Score <\/strong>Raw<\/h2>\n\n\n\n<h3 class=\"wp-block-heading\">Eine normierte Metrik von 0 bis 100 zur Messung der kognitiven Leistungsf\u00e4higkeit<\/h3>\n\n\n\n<p>Der NeuronUP-Score ist die Metrik, die zur Messung der kognitiven Leistungsf\u00e4higkeit jedes Patienten und jeder Sitzung verwendet wird, sowohl auf \u00dcbungsebene, auf Ebene der kognitiven Funktion als auch auf globaler Ebene.<\/p>\n\n\n\n<p><strong>Dieses Tool steht bereits allen NeuronUP-Kund:innen zur Verf\u00fcgung<\/strong>, um die Leistung ihrer Patient:innen auf visuelle und vergleichbare Weise in verschiedenen kognitiven Bereichen zu messen.<\/p>\n\n\n\n<p>Mit Sitzungen, die gespeichert und f\u00fcr dieselben Patient:innen wiederholt werden k\u00f6nnen, erm\u00f6glicht der NeuronUP-Score die Visualisierung des Fortschritts der kognitiven Leistungsf\u00e4higkeit.<\/p>\n\n\n\n<div class=\"wp-block-buttons is-layout-flex wp-block-buttons-is-layout-flex\">\n<div class=\"wp-block-button\"><a class=\"wp-block-button__link button button-link wp-element-button\" href=\"https:\/\/neuronup.com\/de\/produkt\/ergebnisse-von-neuronup\/\">Mehr zum NeuronUP Score lesen<\/a><\/div>\n<\/div>\n<\/div><\/div>\n<\/div>\n<\/div>\n\n\n\n<div class=\"wp-block-group alignfull\"><div class=\"wp-block-group__inner-container is-layout-constrained wp-block-group-is-layout-constrained\">\n<div class=\"wp-block-columns alignfull is-layout-flex wp-container-core-columns-is-layout-9d6595d7 wp-block-columns-is-layout-flex\">\n<div class=\"wp-block-column is-vertically-aligned-center anims-fadein-right is-layout-flow wp-block-column-is-layout-flow\" id=\"NeuronUP-Normativo\">\n<div class=\"wp-block-group p-inline-5 mw-700 m-inline-auto has-xl-margin-top has-xxl-margin-bottom\"><div class=\"wp-block-group__inner-container is-layout-constrained wp-block-group-is-layout-constrained\">\n<p>Vergleichen Sie die Leistung Ihrer Patient:innnen mit gleichwertigen Patient:innen<\/p>\n\n\n\n<h2 class=\"wp-block-heading\" id=\"NeuronUP-Normativ\">NeuronUP <strong>Normativ<\/strong><\/h2>\n\n\n\n<h3 class=\"wp-block-heading\">Bestimmen Sie mit Hilfe von Kohorten die &#8222;Normalit\u00e4t&#8220; jeder Punktzahl<\/h3>\n\n\n\n<p>Mit diesem Instrument k\u00f6nnen wir genau feststellen, inwieweit die Leistung der Patient:innen der Leistung gleichwertiger Patient:innen \u00e4hnelt oder abweicht. Auf diese Weise k\u00f6nnen wir normale Situationen und Ausrei\u00dfer erkennen. Es k\u00f6nnen auch Z-Scores und standardisierte Scores ermittelt werden.<\/p>\n\n\n\n<p>TDurch die Verwendung von Kohorten von Zehntausenden Patient:innen und die Berechnung von Perzentilen (korrigiert um Alter, Geschlecht und Bildungsstand) bestimmen wir die &#8222;Normalit\u00e4t&#8220; der einzelnen Werte.<\/p>\n\n\n\n<p><strong><em>Ausschlie\u00dflich f\u00fcr Forschende verf\u00fcgbar.<\/em><\/strong><\/p>\n<\/div><\/div>\n<\/div>\n\n\n\n<div class=\"wp-block-column is-vertically-aligned-stretch br-0001 flex-align-center has-alt-background-color has-background is-layout-flow wp-block-column-is-layout-flow\"><div class=\"wp-block-image\">\n<figure class=\"aligncenter size-full is-resized\"><img decoding=\"async\" width=\"774\" height=\"436\" src=\"https:\/\/neuronup.com\/de\/wp-content\/uploads\/2024\/07\/NeuronUP-Normativ.webp\" alt=\"NeuronUP-Normativ\" class=\"wp-image-30643\" style=\"width:650px\" srcset=\"https:\/\/neuronup.com\/de\/wp-content\/uploads\/2024\/07\/NeuronUP-Normativ-300x169.webp 300w, https:\/\/neuronup.com\/de\/wp-content\/uploads\/2024\/07\/NeuronUP-Normativ-768x433.webp 768w, https:\/\/neuronup.com\/de\/wp-content\/uploads\/2024\/07\/NeuronUP-Normativ.webp 774w\" sizes=\"(max-width: 774px) 100vw, 774px\" \/><\/figure>\n<\/div><\/div>\n<\/div>\n<\/div><\/div>\n\n\n\n<div class=\"wp-block-columns alignfull column-reverse is-layout-flex wp-container-core-columns-is-layout-9d6595d7 wp-block-columns-is-layout-flex\">\n<div class=\"wp-block-column is-vertically-aligned-stretch br-0010 flex-align-center has-alt-background-color has-background is-layout-flow wp-block-column-is-layout-flow\"><div class=\"wp-block-image\">\n<figure class=\"aligncenter size-full is-resized has-xxl-margin-top has-xxl-margin-bottom\"><img decoding=\"async\" width=\"795\" height=\"373\" src=\"https:\/\/neuronup.com\/de\/wp-content\/uploads\/2024\/07\/NeuronUP-Entwicklung.webp\" alt=\"NeuronUP-Entwicklung\" class=\"wp-image-30645\" style=\"width:650px\" srcset=\"https:\/\/neuronup.com\/de\/wp-content\/uploads\/2024\/07\/NeuronUP-Entwicklung-300x141.webp 300w, https:\/\/neuronup.com\/de\/wp-content\/uploads\/2024\/07\/NeuronUP-Entwicklung-768x360.webp 768w, https:\/\/neuronup.com\/de\/wp-content\/uploads\/2024\/07\/NeuronUP-Entwicklung.webp 795w\" sizes=\"(max-width: 795px) 100vw, 795px\" \/><\/figure>\n<\/div><\/div>\n\n\n\n<div class=\"wp-block-column is-vertically-aligned-center anims-fadein-left is-layout-flow wp-block-column-is-layout-flow\" id=\"NeuronUP-Evolutivo\">\n<div class=\"wp-block-group p-inline-5 mw-700 m-inline-auto has-xxl-margin-top has-xxl-margin-bottom\"><div class=\"wp-block-group__inner-container is-layout-constrained wp-block-group-is-layout-constrained\">\n<p>Analysiert und zeichnet die Entwicklung aller Patient:innen im Laufe der Zeit auf<\/p>\n\n\n\n<h2 class=\"wp-block-heading\" id=\"NeuronUP-Entwicklung\">NeuronUP <strong>Entwicklung<\/strong><\/h2>\n\n\n\n<h3 class=\"wp-block-heading\">Die M\u00f6glichkeit der \u00dcberwachung und des Monitorings von NeuronUP Labs \u00fcbertrifft &#8222;typische&#8220; L\u00e4ngsschnittstudien bei weitem.<\/h3>\n\n\n\n<p>Mit NeuronUP Labs k\u00f6nnen Sie die Entwicklung der kognitiven Leistung der Patient:innen auf individueller Testebene, auf Ebene der einzelnen kognitiven Funktionen oder auf globaler Sitzungsebene \u00fcberwachen. Die Sitzungen werden mehr als 10 Jahre lang gespeichert, wobei die Deklaration von Helsinki und verschiedene Datenschutzgesetze f\u00fcr die klinische Forschung eingehalten werden.<\/p>\n\n\n\n<p>Dar\u00fcber hinaus ist das Monitoring, das NeuronUP Labs erm\u00f6glicht, den &#8222;typischen&#8220; L\u00e4ngsschnittstudien weit \u00fcberlegen. Ein Beispiel ist der Patient 46533, der in der Grafik dargestellt ist. Dieser Patient wurde im Durchschnitt 5,57 Mal pro Woche und an 1180 verschiedenen Tagen \u00fcberwacht.<\/p>\n\n\n\n<p>Au\u00dferdem nutzt <strong>NeuronUP Entwicklung<\/strong> gut repr\u00e4sentierte Verl\u00e4ufe f\u00fcr verschiedene Studien.<\/p>\n\n\n\n<p><strong><em><strong><em>Ausschlie\u00dflich f\u00fcr Forschende verf\u00fcgbar.<\/em><\/strong><\/em><\/strong><\/p>\n<\/div><\/div>\n<\/div>\n<\/div>\n\n\n\n<div class=\"wp-block-group alignfull\"><div class=\"wp-block-group__inner-container is-layout-constrained wp-block-group-is-layout-constrained\">\n<div class=\"wp-block-columns alignfull is-layout-flex wp-container-core-columns-is-layout-9d6595d7 wp-block-columns-is-layout-flex\">\n<div class=\"wp-block-column is-vertically-aligned-center anims-fadein-right is-layout-flow wp-block-column-is-layout-flow\" id=\"NeuronUP-Cohorte\">\n<div class=\"wp-block-group p-inline-5 mw-700 m-inline-auto has-xl-margin-top has-xxl-margin-bottom\"><div class=\"wp-block-group__inner-container is-layout-constrained wp-block-group-is-layout-constrained\">\n<p>Identifiziert Muster in Patient:innengruppen<\/p>\n\n\n\n<h2 class=\"wp-block-heading\" id=\"NeuronUP-Kohorte\">NeuronUP <strong>Kohorte<\/strong><\/h2>\n\n\n\n<h3 class=\"wp-block-heading\">Erm\u00f6glicht die Identifizierung gut ausgew\u00e4hlter klinischer Kohorten mit pr\u00e4zisen Ein- und Ausschlusskriterien.<\/h3>\n\n\n\n<p>Zum Beispiel erm\u00f6glicht die vorher identifizierte Kohorte von 1072 Teilnehmenden die Quantifizierung der Wirkung der Intervention in der Kohorte \u00fcber einen gewissen Zeitraum. In diesem Diagramm \u00fcberwachen wir alle 15 Tage die kognitive Leistung der Kohorte (Histogramm) und quantifizieren die Effektivit\u00e4t der Intervention mithilfe nicht-parametrischer Statistiken.<\/p>\n\n\n\n<p><strong><em><strong><em><strong><em>Ausschlie\u00dflich f\u00fcr Forschende verf\u00fcgbar.<\/em><\/strong><\/em><\/strong><\/em><\/strong><\/p>\n<\/div><\/div>\n<\/div>\n\n\n\n<div class=\"wp-block-column is-vertically-aligned-stretch br-0001 flex-align-center has-alt-background-color has-background is-layout-flow wp-block-column-is-layout-flow\"><div class=\"wp-block-image\">\n<figure class=\"aligncenter size-full is-resized has-xxl-margin-top has-xxl-margin-bottom\"><img decoding=\"async\" width=\"891\" height=\"503\" src=\"https:\/\/neuronup.com\/de\/wp-content\/uploads\/2024\/07\/NeuronUP-Kohorte.webp\" alt=\"NeuronUP Kohorte\" class=\"wp-image-30647\" style=\"width:650px\" srcset=\"https:\/\/neuronup.com\/de\/wp-content\/uploads\/2024\/07\/NeuronUP-Kohorte-300x169.webp 300w, https:\/\/neuronup.com\/de\/wp-content\/uploads\/2024\/07\/NeuronUP-Kohorte-768x434.webp 768w, https:\/\/neuronup.com\/de\/wp-content\/uploads\/2024\/07\/NeuronUP-Kohorte.webp 891w\" sizes=\"(max-width: 891px) 100vw, 891px\" \/><\/figure>\n<\/div><\/div>\n<\/div>\n<\/div><\/div>\n\n\n\n<div class=\"wp-block-columns alignfull column-reverse is-layout-flex wp-container-core-columns-is-layout-9d6595d7 wp-block-columns-is-layout-flex\">\n<div class=\"wp-block-column is-vertically-aligned-stretch br-0010 flex-align-center has-alt-background-color has-background is-layout-flow wp-block-column-is-layout-flow\"><div class=\"wp-block-image\">\n<figure class=\"aligncenter size-full is-resized has-xxl-margin-top has-xxl-margin-bottom\"><img decoding=\"async\" width=\"702\" height=\"459\" src=\"https:\/\/neuronup.com\/de\/wp-content\/uploads\/2024\/07\/NeuronUP-Alter-des-Gehirns.webp\" alt=\"NeuronUP Alter des Gehirns\" class=\"wp-image-30648\" style=\"width:650px\" srcset=\"https:\/\/neuronup.com\/de\/wp-content\/uploads\/2024\/07\/NeuronUP-Alter-des-Gehirns-300x196.webp 300w, https:\/\/neuronup.com\/de\/wp-content\/uploads\/2024\/07\/NeuronUP-Alter-des-Gehirns.webp 702w\" sizes=\"(max-width: 702px) 100vw, 702px\" \/><\/figure>\n<\/div><\/div>\n\n\n\n<div class=\"wp-block-column is-vertically-aligned-center anims-fadein-left is-layout-flow wp-block-column-is-layout-flow\" id=\"Edad-Cerebral\">\n<div class=\"wp-block-group p-inline-5 mw-700 m-inline-auto has-xxl-margin-top has-xxl-margin-bottom\"><div class=\"wp-block-group__inner-container is-layout-constrained wp-block-group-is-layout-constrained\">\n<p>Nutzen Sie KI, um das biologische Alter der Gehirne Ihrer Patient:innen vorherzusagen<\/p>\n\n\n\n<h2 class=\"wp-block-heading\" id=\"Alter-des-Gehirns\">NeuronUP <strong>Alter des Gehirns<\/strong><\/h2>\n\n\n\n<h3 class=\"wp-block-heading\">Mithilfe von k\u00fcnstlicher Intelligenz erkennen wir Personen mit erh\u00f6htem Risiko f\u00fcr kognitiven Abbau<\/h3>\n\n\n\n<p>Wir haben mehrere KI-Modelle auf der Grundlage einer Vielzahl von Ergebnissen aus der gesunden Bev\u00f6lkerung trainiert, die es uns erm\u00f6glichen, das <strong>Alter der Testperson anhand der Ergebnisse<\/strong> auf Testebene, auf der Ebene der kognitiven Funktion oder auf der Ebene der globalen Sitzungen <strong>vorherzusagen.<\/strong><\/p>\n\n\n\n<p>Bei neuen Patient:innen von NeuronUP bestimmen wir deren biologisches Gehirnalter und verwenden ihre Abweichung vom chronologischen Alter als Ma\u00df f\u00fcr kognitiven Abbau. Auf diese Weise versuchen wir,<strong> Personen mit erh\u00f6hter Anf\u00e4lligkeit f\u00fcr Alterungsprozesse zu identifizieren.<\/strong><\/p>\n\n\n\n<p>Dar\u00fcber hinaus versuchen wir, mithilfe von KI Interventionsstrategien zu definieren, die das biologische Alter des Gehirns verringern.<\/p>\n\n\n\n<p><strong><em><strong><em><strong><em><strong><em>Ausschlie\u00dflich f\u00fcr Forschende verf\u00fcgbar.<\/em><\/strong><\/em><\/strong><\/em><\/strong><\/em><\/strong><\/p>\n<\/div><\/div>\n<\/div>\n<\/div>\n\n\n\n<div style=\"height:50px\" aria-hidden=\"true\" class=\"wp-block-spacer\"><\/div>\n\n\n\n<div class=\"wp-block-group alignfull br-0100 has-custom-13-background-color has-background has-light-background has-md-padding-top has-md-padding-bottom has-md-padding-left has-md-padding-right\"><div class=\"wp-block-group__inner-container is-layout-constrained wp-block-group-is-layout-constrained\">\n<p class=\"has-text-align-center\">Arbeiten Sie mit uns zusammen<\/p>\n\n\n\n<h2 class=\"wp-block-heading has-text-align-center has-xxl-margin-bottom\">Zugang zu den Forschungstools von NeuronUP Labs<\/h2>\n\n\n\n<p class=\"has-text-align-center\">M\u00f6chten Sie <strong>auf die Tools und Werkzeuge von NeuronUP Labs f\u00fcr Ihre Forschung zugreifen? <\/strong>Senden Sie uns Ihren Studienvorschlag zu und unser Ausschuss wird Ihr Projekt pr\u00fcfen. Nach der Validierung stellen wir Ihnen unsere innovativen Tools und Werkzeuge zur Durchf\u00fchrung Ihrer Forschung zur Verf\u00fcgung.<\/p>\n\n\n\n<div class=\"wp-block-buttons is-content-justification-center is-layout-flex wp-container-core-buttons-is-layout-16018d1d wp-block-buttons-is-layout-flex\">\n<div class=\"wp-block-button\"><a class=\"wp-block-button__link button button-link wp-element-button\" href=\"https:\/\/neuronup.com\/de\/neuronup-labs\/forschung-mit-neuronup-labs\/\">Arbeiten Sie mit unseren Tools<\/a><\/div>\n<\/div>\n\n\n\n<div style=\"height:40px\" aria-hidden=\"true\" class=\"wp-block-spacer\"><\/div>\n<\/div><\/div>\n\n","protected":false},"excerpt":{"rendered":"<p>NeuronUP Labs Tools von NeuronUP Labs f\u00fcr Forschende NeuronUP ist sich der aktuellen Einschr\u00e4nkungen in der Neuropsychologie bewusst. Daher haben wir Technologien geschaffen, mit denen Sie fortschrittliche Methoden in den Bereichen Evaluation, Bildung, Pr\u00e4vention, Intervention, Neurologie und psychische Gesundheit entwickeln k\u00f6nnen. F\u00fcr NeuronUP-Kund:innen zug\u00e4ngliche Tools Score Raw Eine normierte Metrik von 0 bis 100 zur &hellip;<\/p>\n","protected":false},"author":134,"featured_media":0,"parent":30603,"menu_order":0,"comment_status":"closed","ping_status":"closed","template":"","meta":{"_acf_changed":false,"_genesis_hide_title":false,"_genesis_hide_breadcrumbs":false,"_genesis_hide_singular_image":false,"_genesis_hide_footer_widgets":false,"_genesis_custom_body_class":"","_genesis_custom_post_class":"","_genesis_layout":"","footnotes":""},"class_list":{"1":"page","2":"type-page","5":"entry"},"acf":[],"_links":{"self":[{"href":"https:\/\/neuronup.com\/de\/wp-json\/wp\/v2\/pages\/30610","targetHints":{"allow":["GET"]}}],"collection":[{"href":"https:\/\/neuronup.com\/de\/wp-json\/wp\/v2\/pages"}],"about":[{"href":"https:\/\/neuronup.com\/de\/wp-json\/wp\/v2\/types\/page"}],"author":[{"embeddable":true,"href":"https:\/\/neuronup.com\/de\/wp-json\/wp\/v2\/users\/134"}],"replies":[{"embeddable":true,"href":"https:\/\/neuronup.com\/de\/wp-json\/wp\/v2\/comments?post=30610"}],"version-history":[{"count":0,"href":"https:\/\/neuronup.com\/de\/wp-json\/wp\/v2\/pages\/30610\/revisions"}],"up":[{"embeddable":true,"href":"https:\/\/neuronup.com\/de\/wp-json\/wp\/v2\/pages\/30603"}],"wp:attachment":[{"href":"https:\/\/neuronup.com\/de\/wp-json\/wp\/v2\/media?parent=30610"}],"curies":[{"name":"wp","href":"https:\/\/api.w.org\/{rel}","templated":true}]}}