{"id":30401,"date":"2024-07-25T02:32:04","date_gmt":"2024-07-25T00:32:04","guid":{"rendered":"https:\/\/neuronup.com\/de\/?page_id=30401"},"modified":"2025-02-28T08:30:04","modified_gmt":"2025-02-28T06:30:04","slug":"huntington-krankheit","status":"publish","type":"page","link":"https:\/\/neuronup.com\/de\/neurorehabilitation\/neurodegenerative-erkrankungen\/huntington-krankheit\/","title":{"rendered":"Huntington-Krankheit"},"content":{"rendered":"\n<p>Bei der Huntington-Krankheit oder<strong> <\/strong>auch<strong>  Chorea Huntington<\/strong> handelt es sich um eine <strong>neurodegenerative<\/strong> und <strong>erbliche<\/strong> Krankheit, die durch einen genetischen Defekt auf Chromosom 4 verursacht wird. Das Huntington-Gen ist dominant, weshalb eine einzelne Kopie des abnormen Gens, die von einem Elternteil vererbt wird, ausreicht, um die Krankheit auszul\u00f6sen. Kinder eines Elternteils, das von Huntington betroffen ist, haben daher eine 50-prozentige Wahrscheinlichkeit, die Krankheit zu entwickeln.<\/p>\n\n\n\n<p>Die Huntington-Krankheit wird durch die allm\u00e4hliche Degeneration bestimmter Teile der <strong>Basalganglien verursacht<\/strong>, die haupts\u00e4chlich die Zellen des Caudatuskerns und des Putamens betreffen und direkt mit der Bewegung zusammenh\u00e4ngen.<\/p>\n\n\n\n<p><strong>Verhaltens\u00e4nderungen<\/strong> sind in der Regel die ersten Symptome und umfassen antisoziales Verhalten, Reizbarkeit, schlechte Laune, Unruhe oder Ungeduld.<\/p>\n\n\n\n<p>Es treten auch<strong> motorische St\u00f6rungen<\/strong> auf, wie Gesichtszucken, schnelle und pl\u00f6tzliche krampfhafte Bewegungen der Arme, Beine, des Gesichts und anderer K\u00f6rperteile, unkontrollierte langsame Bewegungen oder unsicherer Gang.<\/p>\n\n\n\n<p>Die<strong> Hauptdefizite in der kognitiven Funktion<\/strong> betreffen das Ged\u00e4chtnis, das Lernen, das Denken und das Probleml\u00f6sen, die Organisation, die Planung, die Sequenzierung und die Flexibilit\u00e4t.<\/p>\n\n\n\n<p>Derzeit gibt es noch<strong> keine M\u00f6glichkeit der Heilung.<\/strong> Es gibt jedoch Medikamente, die bestimmte Symptome wie Chorea, Depressionen und Angstzust\u00e4nde lindern k\u00f6nnen, aber sie k\u00f6nnen den Fortschritt der Krankheit nicht verlangsamen oder aufhalten.<\/p>\n\n\n\n<p><em>Referenz: Manuales MSD. (2020). Enfermedad de Huntington. Manual MSD versi\u00f3n para profesionales<\/em>.<\/p>\n","protected":false},"excerpt":{"rendered":"<p>Bei der Huntington-Krankheit oder auch Chorea Huntington handelt es sich um eine neurodegenerative und erbliche Krankheit, die durch einen genetischen Defekt auf Chromosom 4 verursacht wird. Das Huntington-Gen ist dominant, weshalb eine einzelne Kopie des abnormen Gens, die von einem Elternteil vererbt wird, ausreicht, um die Krankheit auszul\u00f6sen. Kinder eines Elternteils, das von Huntington betroffen &hellip;<\/p>\n","protected":false},"author":3,"featured_media":0,"parent":1565,"menu_order":0,"comment_status":"closed","ping_status":"closed","template":"","meta":{"_acf_changed":false,"_genesis_hide_title":false,"_genesis_hide_breadcrumbs":false,"_genesis_hide_singular_image":false,"_genesis_hide_footer_widgets":false,"_genesis_custom_body_class":"nup-style neurorehab","_genesis_custom_post_class":"","_genesis_layout":"","footnotes":""},"class_list":{"1":"page","2":"type-page","5":"entry"},"acf":[],"_links":{"self":[{"href":"https:\/\/neuronup.com\/de\/wp-json\/wp\/v2\/pages\/30401","targetHints":{"allow":["GET"]}}],"collection":[{"href":"https:\/\/neuronup.com\/de\/wp-json\/wp\/v2\/pages"}],"about":[{"href":"https:\/\/neuronup.com\/de\/wp-json\/wp\/v2\/types\/page"}],"author":[{"embeddable":true,"href":"https:\/\/neuronup.com\/de\/wp-json\/wp\/v2\/users\/3"}],"replies":[{"embeddable":true,"href":"https:\/\/neuronup.com\/de\/wp-json\/wp\/v2\/comments?post=30401"}],"version-history":[{"count":0,"href":"https:\/\/neuronup.com\/de\/wp-json\/wp\/v2\/pages\/30401\/revisions"}],"up":[{"embeddable":true,"href":"https:\/\/neuronup.com\/de\/wp-json\/wp\/v2\/pages\/1565"}],"wp:attachment":[{"href":"https:\/\/neuronup.com\/de\/wp-json\/wp\/v2\/media?parent=30401"}],"curies":[{"name":"wp","href":"https:\/\/api.w.org\/{rel}","templated":true}]}}