{"id":29986,"date":"2024-04-17T07:46:23","date_gmt":"2024-04-17T05:46:23","guid":{"rendered":"https:\/\/neuronup.com\/de\/?page_id=29986"},"modified":"2025-02-28T08:04:47","modified_gmt":"2025-02-28T06:04:47","slug":"moechten-sie-gastautorin-im-neuronup-blog-sein","status":"publish","type":"page","link":"https:\/\/neuronup.com\/de\/blog\/moechten-sie-gastautorin-im-neuronup-blog-sein\/","title":{"rendered":"M\u00f6chten Sie Gastautor:in im NeuronUP-Blog sein?"},"content":{"rendered":"\n<h2 class=\"wp-block-heading\">Wie wird man Gastautor:in im NeuronUP-Blog?<\/h2>\n\n\n\n<h3 class=\"wp-block-heading\">1. Kontaktieren Sie uns<\/h3>\n\n\n\n<p>Als Gastautor:in <strong>sollten Sie Expert:in auf dem Gebiet sein, \u00fcber das Sie schreiben werden<\/strong>. Denken Sie daran, dass wir unseren Leser:innen hochwertige Inhalte bieten wollen.<\/p>\n\n\n\n<p class=\"has-xxxl-margin-bottom\">Deshalb <strong>bitten wir Sie, das folgende Formular aus<\/strong><strong>zuf\u00fcllen<\/strong>, um Sie besser kennen zu lernen und uns mitzuteilen, \u00fcber welches Thema Sie schreiben m\u00f6chten. Sobald wir Ihre Anfrage erhalten haben, werden wir uns mit Ihnen \u00fcber die beste Vorgehensweise einigen.<\/p>\n\n\n\n<h3 class=\"wp-block-heading has-xxxl-margin-top\">2. Richtlinien f\u00fcr das Schreiben eines Gastbeitrags im NeuronUP-Blog<\/h3>\n\n\n\n<ul class=\"wp-block-list\">\n<li><strong>Thema:<\/strong> Sie k\u00f6nnen \u00fcber fast jedes Thema im Zusammenhang mit der Neurorehabilitation schreiben. Idealerweise sollten Sie \u00fcber ein Thema sprechen, auf das Sie spezialisiert sind. Sobald Sie sich mit uns in Verbindung setzen, werden wir den besten Ansatz f\u00fcr beide Seiten ausarbeiten.<\/li>\n\n\n\n<li><strong>Inhalt: <\/strong>Es muss sich um <strong>100%ige Originalartikel<\/strong> handeln. Der Inhalt darf weder ganz noch teilweise kopiert werden, noch darf es sich um einen Artikel handeln, der auf einem bestehenden Beitrag in einer anderen Sprache basiert.<\/li>\n\n\n\n<li><strong>Aufbau des Artikels:<\/strong><\/li>\n<\/ul>\n\n\n\n<ol class=\"wp-block-list\">\n<li><strong>Titel.<\/strong><\/li>\n\n\n\n<li><strong>Einleitung:<\/strong> Dies ist ein einleitender Absatz, der das Thema des Artikels zusammenfasst. Er sollte maximal 4 oder 5 Zeilen lang sein.<\/li>\n\n\n\n<li><strong>Der Artikel sollte Kapitel\u00fcberschriften enthalten<\/strong>, um die Hauptabschnitte aufzulockern.<\/li>\n\n\n\n<li><strong><strong>Kapitel\u00fcberschriften innerhalb von Abschnitten.<\/strong><\/strong><\/li>\n\n\n\n<li>Um den Leser:innen die Lekt\u00fcre des Artikels zu erleichtern, werden die wichtigsten Punkte durch <strong>Fettdruck<\/strong> hervorgehoben.<\/li>\n\n\n\n<li>Schreiben Sie eine kurze <strong>Zusammenfassung des Hauptgedankens<\/strong> des Artikels.<\/li>\n\n\n\n<li><strong>Angabe von Referenzen<\/strong>: nicht obligatorisch, aber sehr empfehlenswert.<\/li>\n<\/ol>\n\n\n\n<ul class=\"wp-block-list\">\n<li><strong>Grafiken: <\/strong>Wir verwenden nur <strong>eigene oder lizenzfreie Fotos oder Videos<\/strong>. Wenn Sie kein eigenes Foto oder Video haben, um den Artikel zu illustrieren, oder in kostenlosen Bilddatenbanken nichts Passendes finden k\u00f6nnen, helfen wir Ihnen gern weiter. Die Gr\u00f6\u00dfe des vorgestellten Bildes muss 1200&#215;675 Pixel betragen.<\/li>\n\n\n\n<li><strong>L\u00e4nge:<\/strong> Der Artikel sollte mindestens 1.000 W\u00f6rter umfassen. Idealerweise sollte er etwa 2.000 W\u00f6rter lang sein.<\/li>\n\n\n\n<li><strong>Format<\/strong>: Sie k\u00f6nnen uns den Beitrag entweder im Word- oder im PDF-Format schicken.<\/li>\n\n\n\n<li><strong>Kommentare: <\/strong>Wenn Leser:innen einen Kommentar zu Ihrem Artikel schreiben, wird eine Nachricht an Ihre E-Mail-Adresse gesendet, damit Sie so schnell wie m\u00f6glich antworten k\u00f6nnen.<\/li>\n\n\n\n<li><strong>Informationen \u00fcber die Autor:in: <\/strong>Ihr Name wird unter dem Artikel stehen und deshalb wird folgender Kasten mit Ihren Angaben erscheinen:<\/li>\n<\/ul>\n\n\n<div class=\"wp-block-image\">\n<figure class=\"aligncenter size-large\"><img decoding=\"async\" src=\"https:\/\/neuronup.com\/de\/wp-content\/uploads\/2024\/04\/gastautor-neurorrehabilitation.webp\" alt=\"Ejemplo de autor del blog de NeuronUP\"\/><\/figure>\n<\/div>\n\n\n<h3 class=\"wp-block-heading\">3. Ver\u00f6ffentlichung des Artikels<\/h3>\n\n\n\n<ul class=\"wp-block-list\">\n<li><strong>Wir werden Ihren Artikel in unserem Blog ver\u00f6ffentlichen<\/strong> und ihn \u00fcber <strong>unseren Newsletter<\/strong> an unsere Abonnent:innen versenden. Sie erhalten also Anerkennung als Autor:in sowie neue Besucher:innen auf Ihrer Website oder der Ihrer Einrichtung, da wir Ihren Namen und einen Link zu Ihrem Blog oder Ihrer Website angeben.<\/li>\n\n\n\n<li>Der Ver\u00f6ffentlichungstermin wird nach dem Redaktionskalender des Blogs festgelegt, wir werden Ihre W\u00fcnsche aber gern ber\u00fccksichtigen.<\/li>\n\n\n\n<li>Wenn Sie NeuronUP-Kund:in sind, <strong>stellen wir Ihnen au\u00dferdem 3 NeuronUP2GO<\/strong> (Zug\u00e4nge f\u00fcr Sitzungen zu Hause) zur <strong>Verf\u00fcgung<\/strong>, damit Sie remote mit Ihren Patient:innen arbeiten k\u00f6nnen.<\/li>\n<\/ul>\n\n\n\n<p class=\"has-xxxl-margin-bottom\">Wenn Sie Zweifel oder Fragen haben, senden Sie bitte eine E-Mail an <a href=\"mailto:neuronup.de@neuronup.com\" data-type=\"mailto\" data-id=\"mailto:neuronup.de@neuronup.com\">neuronup.de@neuronup.com<\/a> und wir werden Ihnen gerne antworten. <br>Vielen Dank f\u00fcr Ihre Zeit!<\/p>\n","protected":false},"excerpt":{"rendered":"<p>Wie wird man Gastautor:in im NeuronUP-Blog? 1. Kontaktieren Sie uns Als Gastautor:in sollten Sie Expert:in auf dem Gebiet sein, \u00fcber das Sie schreiben werden. Denken Sie daran, dass wir unseren Leser:innen hochwertige Inhalte bieten wollen. Deshalb bitten wir Sie, das folgende Formular auszuf\u00fcllen, um Sie besser kennen zu lernen und uns mitzuteilen, \u00fcber welches Thema &hellip;<\/p>\n","protected":false},"author":134,"featured_media":29989,"parent":1332,"menu_order":0,"comment_status":"closed","ping_status":"closed","template":"","meta":{"_acf_changed":false,"_genesis_hide_title":false,"_genesis_hide_breadcrumbs":false,"_genesis_hide_singular_image":false,"_genesis_hide_footer_widgets":false,"_genesis_custom_body_class":"","_genesis_custom_post_class":"","_genesis_layout":"","footnotes":""},"class_list":{"1":"page","2":"type-page","6":"entry"},"acf":[],"_links":{"self":[{"href":"https:\/\/neuronup.com\/de\/wp-json\/wp\/v2\/pages\/29986","targetHints":{"allow":["GET"]}}],"collection":[{"href":"https:\/\/neuronup.com\/de\/wp-json\/wp\/v2\/pages"}],"about":[{"href":"https:\/\/neuronup.com\/de\/wp-json\/wp\/v2\/types\/page"}],"author":[{"embeddable":true,"href":"https:\/\/neuronup.com\/de\/wp-json\/wp\/v2\/users\/134"}],"replies":[{"embeddable":true,"href":"https:\/\/neuronup.com\/de\/wp-json\/wp\/v2\/comments?post=29986"}],"version-history":[{"count":0,"href":"https:\/\/neuronup.com\/de\/wp-json\/wp\/v2\/pages\/29986\/revisions"}],"up":[{"embeddable":true,"href":"https:\/\/neuronup.com\/de\/wp-json\/wp\/v2\/pages\/1332"}],"wp:featuredmedia":[{"embeddable":true,"href":"https:\/\/neuronup.com\/de\/wp-json\/wp\/v2\/media\/29989"}],"wp:attachment":[{"href":"https:\/\/neuronup.com\/de\/wp-json\/wp\/v2\/media?parent=29986"}],"curies":[{"name":"wp","href":"https:\/\/api.w.org\/{rel}","templated":true}]}}