{"id":29959,"date":"2024-04-09T13:07:29","date_gmt":"2024-04-09T11:07:29","guid":{"rendered":"https:\/\/neuronup.com\/de\/?page_id=29959"},"modified":"2025-09-16T13:26:35","modified_gmt":"2025-09-16T11:26:35","slug":"landing-store-start-kinder","status":"publish","type":"page","link":"https:\/\/neuronup.com\/de\/landing-store-start-kinder\/","title":{"rendered":"Store Start Kinder"},"content":{"rendered":"<div class=\"wp-block-image\">\n<figure class=\"aligncenter size-large is-resized has-xxxxl-margin-top\"><img decoding=\"async\" width=\"978\" height=\"317\" src=\"https:\/\/www.neuronup.com\/wp-content\/uploads\/2021\/07\/logo-neuronup-core.svg\" alt=\"logo neuronup core\" class=\"wp-image-1798\" style=\"width:225px;height:73px\"\/><\/figure>\n<\/div>\n\n\n<h2 class=\"wp-block-heading has-text-align-center has-primary-color has-text-color has-xxl-margin-top has-xxl-margin-bottom\">Starten Sie mit NeuronUP<\/h2>\n\n\n\n<p class=\"has-md-max-width\">M\u00f6chten Sie Zeit sparen, mit Ihren Patient:innen aus der Ferne arbeiten und Sitzungen und Aktivit\u00e4ten personalisieren? M\u00f6chten Sie Ihre Patient:innen motivieren und ihre Leistung verbessern?<\/p>\n\n\n\n<p class=\"has-md-max-width\">Mit NeuronUP ist all das m\u00f6glich. NeuronUP ist die f\u00fchrende Plattform f\u00fcr Neurorehabilitation f\u00fcr Fachkr\u00e4fte im Bereich der Neurorehabilitation und kognitivem Training. Die Plattform erm\u00f6glicht es Ihnen eine intensive und personalisierte Intervention zu erstellen.<\/p>\n\n\n\n<p class=\"has-text-align-center has-md-max-width\"><strong>Testen Sie NeuronUP kostenlos. Ohne Einschr\u00e4nkungen.<\/strong><\/p>\n\n\n\n<div class=\"wp-block-group has-xl-margin-top has-xxl-margin-bottom\"><div class=\"wp-block-group__inner-container is-layout-flow wp-block-group-is-layout-flow\">\n<div class=\"wp-block-columns is-layout-flex wp-container-core-columns-is-layout-9d6595d7 wp-block-columns-is-layout-flex\">\n<div class=\"wp-block-column is-layout-flow wp-block-column-is-layout-flow\" style=\"flex-basis:100%\">\n<div class=\"wp-block-buttons alignwide is-horizontal is-content-justification-center is-layout-flex wp-container-core-buttons-is-layout-499968f5 wp-block-buttons-is-layout-flex\">\n<div class=\"wp-block-button orange-button\" style=\"--button-background:var(--color-custom-1);--button-background-hover:#cc7e00;\"><a class=\"wp-block-button__link button   wp-element-button\" href=\"https:\/\/app.neuronup.com\/public\/trial\/request\/kids_digital\/monthly\">Jetzt kostenlos testen<\/a><\/div>\n\n\n\n\n<div class=\"wp-block-button--1\"><a class=\"wp-block-button__link button button-outline wp-element-button\" href=\"https:\/\/neuronup.com\/redirect\/?target=typeform\/de-neuronUP?utm_first_source=Web&amp;utm_first_campaign_name=Request_meeting\">Einen Videoanruf vereinbaren<\/a><\/div>\n<\/div>\n<\/div>\n<\/div>\n<\/div><\/div>\n\n\n\n<hr class=\"wp-block-separator has-css-opacity is-style-wide has-xl-margin-top\"\/>\n\n\n\n<h2 class=\"wp-block-heading has-text-align-center has-xxl-margin-top has-xxl-margin-bottom\">Alles, was Sie f\u00fcr Ihre Arbeit brauchen. An einem Ort.<\/h2>\n\n\n\n<div class=\"wp-block-group has-xxl-margin-bottom\"><div class=\"wp-block-group__inner-container is-layout-flow wp-block-group-is-layout-flow\">\n<div class=\"wp-block-columns is-layout-flex wp-container-core-columns-is-layout-9d6595d7 wp-block-columns-is-layout-flex\">\n<div class=\"wp-block-column is-layout-flow wp-block-column-is-layout-flow\" style=\"flex-basis:100%\">\n<div class=\"wp-block-columns is-layout-flex wp-container-core-columns-is-layout-9d6595d7 wp-block-columns-is-layout-flex\">\n<div class=\"wp-block-column is-layout-flow wp-block-column-is-layout-flow\" style=\"flex-basis:100%\">\n<div class=\"wp-block-columns is-layout-flex wp-container-core-columns-is-layout-9d6595d7 wp-block-columns-is-layout-flex\">\n<div class=\"wp-block-column testimonial-block is-layout-flow wp-block-column-is-layout-flow\"><div class=\"wp-block-image\">\n<figure class=\"aligncenter size-full\"><img decoding=\"async\" width=\"161\" height=\"81\" src=\"https:\/\/neuronup.com\/de\/wp-content\/uploads\/2024\/03\/icon_Aktivitaeten.webp\" alt=\"icon_Aktivit\u00e4ten\" class=\"wp-image-29276\"\/><\/figure>\n<\/div>\n\n\n<h3 class=\"wp-block-heading has-text-align-center\">Hunderte von \u00dcbungen<\/h3>\n\n\n\n<p class=\"has-text-align-center\">Finden Sie alle Materialien f\u00fcr kognitives Training <strong>ohne auch nur eine Minute Ihrer Zeit zu verlieren<\/strong>.<\/p>\n\n\n\n<div class=\"wp-block-buttons is-horizontal is-content-justification-center is-layout-flex wp-container-core-buttons-is-layout-499968f5 wp-block-buttons-is-layout-flex\">\n<div class=\"wp-block-button--2\"><a class=\"wp-block-button__link button button-outline wp-element-button\" href=\"https:\/\/app.neuronup.com\/public\/trial\/request\/kids_digital\/monthly\">Kostenlos testen<\/a><\/div>\n<\/div>\n<\/div>\n\n\n\n<div class=\"wp-block-column testimonial-block is-layout-flow wp-block-column-is-layout-flow\"><div class=\"wp-block-image\">\n<figure class=\"aligncenter size-full\"><img decoding=\"async\" width=\"160\" height=\"80\" src=\"https:\/\/neuronup.com\/de\/wp-content\/uploads\/2024\/04\/icon_sitzungen-auf-entfernung-neurorehabilitation-kinder.webp\" alt=\"\" class=\"wp-image-29967\"\/><\/figure>\n<\/div>\n\n\n<h3 class=\"wp-block-heading has-text-align-center\">Remote-Sitzungen<\/h3>\n\n\n\n<p>Bieten Sie Ihren Patient:innen <strong>einen Mehrwert und erweiteren Sie die Reichweite Ihres Unternehmens<\/strong>, indem Sie mit Patient:innen von \u00fcberall aus arbeiten, ohne Ihre Einrichtung zu verlassen.<\/p>\n\n\n\n<div class=\"wp-block-buttons is-horizontal is-content-justification-center is-layout-flex wp-container-core-buttons-is-layout-499968f5 wp-block-buttons-is-layout-flex\">\n<div class=\"wp-block-button--3\"><a class=\"wp-block-button__link button button-outline wp-element-button\" href=\"https:\/\/app.neuronup.com\/public\/trial\/request\/kids_digital\/monthly\">Kostenlos testen<\/a><\/div>\n<\/div>\n<\/div>\n<\/div>\n<\/div>\n<\/div>\n<\/div>\n<\/div>\n<\/div><\/div>\n\n\n\n<div class=\"wp-block-group has-xxl-margin-bottom\"><div class=\"wp-block-group__inner-container is-layout-flow wp-block-group-is-layout-flow\">\n<div class=\"wp-block-columns is-layout-flex wp-container-core-columns-is-layout-9d6595d7 wp-block-columns-is-layout-flex\">\n<div class=\"wp-block-column is-layout-flow wp-block-column-is-layout-flow\" style=\"flex-basis:100%\">\n<div class=\"wp-block-columns is-layout-flex wp-container-core-columns-is-layout-9d6595d7 wp-block-columns-is-layout-flex\">\n<div class=\"wp-block-column testimonial-block is-layout-flow wp-block-column-is-layout-flow\"><div class=\"wp-block-image\">\n<figure class=\"aligncenter size-full\"><img decoding=\"async\" width=\"161\" height=\"81\" src=\"https:\/\/neuronup.com\/de\/wp-content\/uploads\/2024\/03\/icon_Ergebnisse.webp\" alt=\"icon_Ergebnisse\" class=\"wp-image-29278\"\/><\/figure>\n<\/div>\n\n\n<h3 class=\"wp-block-heading has-text-align-center\">Ergebnisse<\/h3>\n\n\n\n<p class=\"has-text-align-center\">Erhalten Sie einen <strong>umfassenden \u00dcberblick \u00fcber Ihre Patient:innen<\/strong>. \u00dcberpr\u00fcfen Sie die Daten ihrer Entwicklung in Echtzeit.<\/p>\n\n\n\n<div class=\"wp-block-buttons is-horizontal is-content-justification-center is-layout-flex wp-container-core-buttons-is-layout-499968f5 wp-block-buttons-is-layout-flex\">\n<div class=\"wp-block-button--4\"><a class=\"wp-block-button__link button button-outline wp-element-button\" href=\"https:\/\/app.neuronup.com\/public\/trial\/request\/kids_digital\/monthly\">Kostenlos testen<\/a><\/div>\n<\/div>\n<\/div>\n\n\n\n<div class=\"wp-block-column testimonial-block is-layout-flow wp-block-column-is-layout-flow\"><div class=\"wp-block-image\">\n<figure class=\"aligncenter size-full\"><img decoding=\"async\" width=\"161\" height=\"81\" src=\"https:\/\/neuronup.com\/de\/wp-content\/uploads\/2024\/03\/icon_unbegrenzte-Anzahl-Patienten.webp\" alt=\"icon_unbegrenzte Anzahl-Patienten\" class=\"wp-image-29279\"\/><\/figure>\n<\/div>\n\n\n<h3 class=\"wp-block-heading has-text-align-center\">Unbegrenzte Anzahl an Patient:innen<\/h3>\n\n\n\n<p>Sie k\u00f6nnen so viele Patient:innen anlegen, wie Sie ben\u00f6tigen. Es fallen keine zus\u00e4tzlichen Kosten an.<\/p>\n\n\n\n<div class=\"wp-block-buttons is-horizontal is-content-justification-center is-layout-flex wp-container-core-buttons-is-layout-499968f5 wp-block-buttons-is-layout-flex\">\n<div class=\"wp-block-button--5\"><a class=\"wp-block-button__link button button-outline wp-element-button\" href=\"https:\/\/app.neuronup.com\/public\/trial\/request\/kids_digital\/monthly\">Kostenlos testen<\/a><\/div>\n<\/div>\n<\/div>\n<\/div>\n<\/div>\n<\/div>\n<\/div><\/div>\n\n\n\n<hr class=\"wp-block-separator has-css-opacity is-style-wide\"\/>\n\n\n\n<h2 class=\"wp-block-heading has-text-align-center has-xl-font-size has-xxl-margin-top has-xxl-margin-bottom\">Die neueste Technologie f\u00fcr Fachkr\u00e4fte der Neurorehabilitation<\/h2>\n\n\n\n<div class=\"wp-block-columns is-layout-flex wp-container-core-columns-is-layout-9d6595d7 wp-block-columns-is-layout-flex\">\n<div class=\"wp-block-column is-layout-flow wp-block-column-is-layout-flow\" style=\"flex-basis:66.66%\">\n<p>&#8222;Ich denke, dass alle Psycholog:innen und Neuropsycholog:innen mit NeuronUP arbeiten sollten, da die Plattform das notwendige Material bereitstellt, um kognitives Training bequem und einfach sowohl vor Ort in der Einrichtung als auch von zu Hause aus durchzuf\u00fchren.&#8220;<\/p>\n\n\n\n<p><strong>Einrichtung &#8222;Terapias en Psicolog\u00eda&#8220;<\/strong><br>Gloria Cano, Neuropsychologin<\/p>\n<\/div>\n\n\n\n<div class=\"wp-block-column is-layout-flow wp-block-column-is-layout-flow\" style=\"flex-basis:33.33%\"><div class=\"wp-block-image\">\n<figure class=\"aligncenter size-full is-resized\"><img decoding=\"async\" width=\"267\" height=\"238\" src=\"https:\/\/neuronup.com\/de\/wp-content\/uploads\/2024\/03\/Erfahrungsbericht-Fachkraft-NeuronUP.webp\" alt=\"Erfahrungsbericht-Fachkraft-NeuronUP\" class=\"wp-image-29280\" style=\"width:200px;height:179px\"\/><\/figure>\n<\/div><\/div>\n<\/div>\n\n\n\n<hr class=\"wp-block-separator has-css-opacity is-style-wide has-xxl-margin-top has-xl-margin-bottom\"\/>\n\n\n\n<h2 class=\"wp-block-heading has-text-align-center has-xl-font-size has-xxl-margin-bottom\">Diese Einrichtungen arbeiten bereits mit NeuronUP:<\/h2>\n\n\n\n<div class=\"wp-block-group\"><div class=\"wp-block-group__inner-container is-layout-constrained wp-block-group-is-layout-constrained\">\n<div class=\"wp-block-columns is-layout-flex wp-container-core-columns-is-layout-9d6595d7 wp-block-columns-is-layout-flex\">\n<div class=\"wp-block-column is-layout-flow wp-block-column-is-layout-flow\"><div class=\"wp-block-image\">\n<figure class=\"aligncenter size-full\"><img decoding=\"async\" width=\"260\" height=\"140\" src=\"https:\/\/neuronup.com\/de\/wp-content\/uploads\/2021\/07\/ruber-internacional-neuronup.webp\" alt=\"ruber internacional\" class=\"wp-image-1770\"\/><\/figure>\n<\/div><\/div>\n\n\n\n<div class=\"wp-block-column is-layout-flow wp-block-column-is-layout-flow\"><div class=\"wp-block-image\">\n<figure class=\"aligncenter size-full\"><img decoding=\"async\" width=\"260\" height=\"140\" src=\"https:\/\/neuronup.com\/de\/wp-content\/uploads\/2021\/07\/sanitas.webp\" alt=\"sanitas\" class=\"wp-image-1767\"\/><\/figure>\n<\/div><\/div>\n\n\n\n<div class=\"wp-block-column is-layout-flow wp-block-column-is-layout-flow\"><div class=\"wp-block-image\">\n<figure class=\"aligncenter size-full\"><img decoding=\"async\" width=\"200\" height=\"200\" src=\"https:\/\/neuronup.com\/de\/wp-content\/uploads\/2023\/09\/greenville-logo.webp\" alt=\"\" class=\"wp-image-26909\" srcset=\"https:\/\/neuronup.com\/de\/wp-content\/uploads\/2023\/09\/greenville-logo-80x80.webp 80w, https:\/\/neuronup.com\/de\/wp-content\/uploads\/2023\/09\/greenville-logo-150x150.webp 150w, https:\/\/neuronup.com\/de\/wp-content\/uploads\/2023\/09\/greenville-logo.webp 200w\" sizes=\"(max-width: 200px) 100vw, 200px\" \/><\/figure>\n<\/div><\/div>\n\n\n\n<div class=\"wp-block-column is-layout-flow wp-block-column-is-layout-flow\"><div class=\"wp-block-image\">\n<figure class=\"aligncenter size-full\"><img decoding=\"async\" width=\"250\" height=\"115\" src=\"https:\/\/neuronup.com\/de\/wp-content\/uploads\/2023\/09\/logo-sanofi-greyscale.webp\" alt=\"\" class=\"wp-image-26907\"\/><\/figure>\n<\/div><\/div>\n<\/div>\n<\/div><\/div>\n\n\n\n<hr class=\"wp-block-separator has-css-opacity is-style-wide has-xxl-margin-top has-xxl-margin-bottom\"\/>\n\n\n\n<div class=\"wp-block-group has-xxl-margin-bottom\"><div class=\"wp-block-group__inner-container is-layout-flow wp-block-group-is-layout-flow\">\n<h2 class=\"wp-block-heading has-text-align-center has-xxl-font-size\">Mehr als 3.500 Fachkr\u00e4fte arbeiten bereits mit NeuronUP<\/h2>\n\n\n\n<p class=\"has-text-align-center has-xl-font-size\">M\u00f6chten Sie dabei sein?<\/p>\n\n\n\n<div class=\"wp-block-buttons is-horizontal is-content-justification-center is-layout-flex wp-container-core-buttons-is-layout-499968f5 wp-block-buttons-is-layout-flex\">\n<div class=\"wp-block-button orange-button\" style=\"--button-background:var(--color-custom-1);--button-background-hover:#cc7e00;\"><a class=\"wp-block-button__link button   wp-element-button\" href=\"https:\/\/app.neuronup.com\/public\/trial\/request\/kids_digital\/monthly\">Jetzt kostenlos testen<\/a><\/div>\n\n<\/div>\n<\/div><\/div>\n\n\n\n<div class=\"wp-block-group\"><div class=\"wp-block-group__inner-container is-layout-flow wp-block-group-is-layout-flow\">\n<div class=\"wp-block-columns br-0101 has-alt-background-color has-background is-layout-flex wp-container-core-columns-is-layout-9d6595d7 wp-block-columns-is-layout-flex\">\n<div class=\"wp-block-column is-layout-flow wp-block-column-is-layout-flow\" style=\"flex-basis:50%\">\n<h2 class=\"wp-block-heading has-text-align-center has-lg-font-size has-md-margin-top\">Haben Sie Fragen?<\/h2>\n<\/div>\n\n\n\n<div class=\"wp-block-column is-layout-flow wp-block-column-is-layout-flow\" style=\"flex-basis:50%\">\n<div class=\"wp-block-buttons alignfull is-horizontal is-content-justification-center is-layout-flex wp-container-core-buttons-is-layout-499968f5 wp-block-buttons-is-layout-flex\">\n<div class=\"wp-block-button\" id=\"intercom_link\"><a class=\"wp-block-button__link button wp-element-button\">Schreiben Sie uns im Chat!<\/a><\/div>\n<\/div>\n\n\n<\/div>\n<\/div>\n<\/div><\/div>\n\n\n","protected":false},"excerpt":{"rendered":"<p>Starten Sie mit NeuronUP M\u00f6chten Sie Zeit sparen, mit Ihren Patient:innen aus der Ferne arbeiten und Sitzungen und Aktivit\u00e4ten personalisieren? M\u00f6chten Sie Ihre Patient:innen motivieren und ihre Leistung verbessern? Mit NeuronUP ist all das m\u00f6glich. NeuronUP ist die f\u00fchrende Plattform f\u00fcr Neurorehabilitation f\u00fcr Fachkr\u00e4fte im Bereich der Neurorehabilitation und kognitivem Training. Die Plattform erm\u00f6glicht es &hellip;<\/p>\n","protected":false},"author":3,"featured_media":0,"parent":0,"menu_order":0,"comment_status":"closed","ping_status":"closed","template":"","meta":{"_acf_changed":false,"_genesis_hide_title":false,"_genesis_hide_breadcrumbs":false,"_genesis_hide_singular_image":false,"_genesis_hide_footer_widgets":false,"_genesis_custom_body_class":"","_genesis_custom_post_class":"","_genesis_layout":"wide-content","footnotes":""},"class_list":{"1":"page","2":"type-page","5":"entry"},"acf":[],"_links":{"self":[{"href":"https:\/\/neuronup.com\/de\/wp-json\/wp\/v2\/pages\/29959","targetHints":{"allow":["GET"]}}],"collection":[{"href":"https:\/\/neuronup.com\/de\/wp-json\/wp\/v2\/pages"}],"about":[{"href":"https:\/\/neuronup.com\/de\/wp-json\/wp\/v2\/types\/page"}],"author":[{"embeddable":true,"href":"https:\/\/neuronup.com\/de\/wp-json\/wp\/v2\/users\/3"}],"replies":[{"embeddable":true,"href":"https:\/\/neuronup.com\/de\/wp-json\/wp\/v2\/comments?post=29959"}],"version-history":[{"count":0,"href":"https:\/\/neuronup.com\/de\/wp-json\/wp\/v2\/pages\/29959\/revisions"}],"wp:attachment":[{"href":"https:\/\/neuronup.com\/de\/wp-json\/wp\/v2\/media?parent=29959"}],"curies":[{"name":"wp","href":"https:\/\/api.w.org\/{rel}","templated":true}]}}