{"id":29723,"date":"2024-04-12T12:36:49","date_gmt":"2024-04-12T10:36:49","guid":{"rendered":"https:\/\/neuronup.com\/de\/?page_id=29723"},"modified":"2025-09-18T12:18:53","modified_gmt":"2025-09-18T10:18:53","slug":"newsletter","status":"publish","type":"page","link":"https:\/\/neuronup.com\/de\/newsletter\/","title":{"rendered":"Newsletter"},"content":{"rendered":"\n<header class=\"wp-block-group alignfull\"><div class=\"wp-block-group__inner-container is-layout-constrained wp-block-group-is-layout-constrained\"><div class=\"wp-block-image\">\n<figure class=\"aligncenter size-large has-xxl-margin-top\"><img decoding=\"async\" width=\"40\" height=\"41\" src=\"https:\/\/neuronup.com\/de\/wp-content\/uploads\/2022\/v3\/icon-referencia-bibliografia.svg\" alt=\"\" class=\"wp-image-21167\"\/><\/figure>\n<\/div>\n\n\n<h1 class=\"wp-block-heading has-text-align-center\">Der Newsletter von NeuronUP<\/h1>\n\n\n\n<p class=\"has-text-align-center has-xxxxl-margin-bottom\">Neuigkeiten zur Neurorehabilitation und kognitivem Training<\/p>\n<\/div><\/header>\n\n\n\n<div class=\"wp-block-columns is-layout-flex wp-container-core-columns-is-layout-9d6595d7 wp-block-columns-is-layout-flex\">\n<div class=\"wp-block-column is-layout-flow wp-block-column-is-layout-flow\">\n<h2 class=\"wp-block-heading has-text-align-left\">Melden Sie sich f\u00fcr den Newsletter an<\/h2>\n\n\n\n<p>M\u00f6chten Sie \u00fcber die neuesten Entwicklungen in der Neurorehabilitation auf dem Laufenden bleiben? Verpassen Sie nicht unseren Newsletter, um \u00fcber alle Neuigkeiten der Branche informiert zu bleiben!<\/p>\n\n\n<div class=\"wp-block-image\">\n<figure class=\"aligncenter size-large is-resized\"><img decoding=\"async\" src=\"https:\/\/neuronup.com\/wp-content\/uploads\/2021\/10\/newsletter-de-neurorrehabilitacion-y-estimulacion-cognitiva.webp\" alt=\"newsletter de neurorrehabilitaci\u00f3n y estimulaci\u00f3n cognitiva\" style=\"width:400px;height:400px\"\/><\/figure>\n<\/div><\/div>\n\n\n\n<div class=\"wp-block-column br-0001 has-alt-background-color has-background is-layout-flow wp-block-column-is-layout-flow\" id=\"form\">\n<p class=\"has-text-align-center has-lg-font-size has-xl-margin-top\">Melden Sie sich hier f\u00fcr den Newsletter an:<\/p>\n\n\n\n<div class=\"hs-form-frame\" data-region=\"eu1\" data-form-id=\"1f68cdbc-805b-4c0a-960a-eaf92db03827\" data-portal-id=\"143501970\"><\/div>\n<\/div>\n<\/div>\n\n\n\n<div style=\"height:100px\" aria-hidden=\"true\" class=\"wp-block-spacer\"><\/div>\n\n\n\n<h3 class=\"wp-block-heading has-text-align-center has-xxl-margin-top has-xxl-margin-bottom\">Aktuelle Nachrichten<\/h3>\n\n\n\n<p class=\"has-text-align-left\">Erhalten Sie diese und andere Neuigkeiten zur Neurorehabilitation und kognitivem Training direkt per E-Mail:<\/p>\n\n\n<div class=\"mai-grid entries entries-grid has-boxed has-image-full\" style=\"--entry-title-font-size:var(--font-size-lg);--align-text:start;--entry-meta-text-align:start;\"><div class=\"entries-wrap has-columns\" style=\"--columns-xs:1\/1;--columns-sm:1\/1;--columns-md:1\/3;--columns-lg:1\/3;--flex-xs:0 0 var(--flex-basis);--flex-sm:0 0 var(--flex-basis);--flex-md:0 0 var(--flex-basis);--flex-lg:0 0 var(--flex-basis);--column-gap:var(--spacing-lg);--row-gap:var(--spacing-lg);--align-columns:start;\"><article class=\"entry entry-grid is-column has-entry-link has-image has-image-first type-post category-neurologische-entwicklungsstorungen tag-neuroentwicklungsstorungen tag-seltene-erkrankungen\" style=\"--entry-index:1;\" aria-label=\"Das Myhre-Syndrom dekonstruieren\" itemscope itemtype=\"https:\/\/schema.org\/CreativeWork\"><a class=\"entry-image-link\" href=\"https:\/\/neuronup.com\/de\/kognitive-stimulation-und-rehabilitation\/neurologische-entwicklungsstorungen\/dekonstruktion-des-myhre-syndroms\/\" tabindex=\"-1\" aria-hidden=\"true\"><img decoding=\"async\" width=\"400\" height=\"300\" src=\"https:\/\/neuronup.com\/de\/wp-content\/uploads\/2024\/08\/Deconstruyendo-el-sindrome-de-Myhre-NeuronUP.webp\" class=\"entry-image size-landscape-sm\" alt=\"Das-Syndrom-von-Myhre-Deconstruieren-NeuronUP\" srcset=\"https:\/\/neuronup.com\/de\/wp-content\/uploads\/2024\/08\/Deconstruyendo-el-sindrome-de-Myhre-NeuronUP-300x225.webp 300w, https:\/\/neuronup.com\/de\/wp-content\/uploads\/2024\/08\/Deconstruyendo-el-sindrome-de-Myhre-NeuronUP-768x576.webp 768w, https:\/\/neuronup.com\/de\/wp-content\/uploads\/2024\/08\/Deconstruyendo-el-sindrome-de-Myhre-NeuronUP-1024x768.webp 1024w, https:\/\/neuronup.com\/de\/wp-content\/uploads\/2024\/08\/Deconstruyendo-el-sindrome-de-Myhre-NeuronUP.webp 1200w\" sizes=\"(max-width:599px) 599px, (min-width:600px) and (max-width: 799px) 799px, (min-width:800px) and (max-width: 999px) 333px, (min-width:1000px) 400px\" \/><\/a><div class=\"entry-wrap entry-wrap-grid\"><h3 class=\"entry-title\" itemprop=\"headline\"><a class=\"entry-title-link\" href=\"https:\/\/neuronup.com\/de\/kognitive-stimulation-und-rehabilitation\/neurologische-entwicklungsstorungen\/dekonstruktion-des-myhre-syndroms\/\" rel=\"bookmark\">Das Myhre-Syndrom dekonstruieren<\/a><\/h3>\n<\/div><\/article><article class=\"entry entry-grid is-column has-entry-link has-image has-image-first type-post category-neuronup-nachrichten tag-aktivitaten-zur-kognitiven-stimulation tag-neuronup-nachrichten\" style=\"--entry-index:2;\" aria-label=\"Wie man den Schwierigkeitsgrad der NeuronUP-Aktivit\u00e4ten anpasst, um kognitive Beeintr\u00e4chtigungen zu behandeln\" itemscope itemtype=\"https:\/\/schema.org\/CreativeWork\"><a class=\"entry-image-link\" href=\"https:\/\/neuronup.com\/de\/neuronup-nachrichten\/wie-man-den-schwierigkeitsgrad-der-aktivitaten-in-neuronup-anpasst-um-mit-kognitiven-beeintrachtigungen-zu-arbeiten\/\" tabindex=\"-1\" aria-hidden=\"true\"><img decoding=\"async\" width=\"400\" height=\"225\" src=\"https:\/\/neuronup.com\/de\/wp-content\/uploads\/2024\/08\/Recuerda-los-nombres-audio-optimizacion-3.webp\" class=\"entry-image size-landscape-sm\" alt=\"Schwierigkeitsgrad der Aktivit\u00e4ten von NeuronUP\" srcset=\"https:\/\/neuronup.com\/de\/wp-content\/uploads\/2024\/08\/Recuerda-los-nombres-audio-optimizacion-3-300x169.webp 300w, https:\/\/neuronup.com\/de\/wp-content\/uploads\/2024\/08\/Recuerda-los-nombres-audio-optimizacion-3-768x432.webp 768w, https:\/\/neuronup.com\/de\/wp-content\/uploads\/2024\/08\/Recuerda-los-nombres-audio-optimizacion-3-1024x576.webp 1024w, https:\/\/neuronup.com\/de\/wp-content\/uploads\/2024\/08\/Recuerda-los-nombres-audio-optimizacion-3.webp 1200w\" sizes=\"(max-width:599px) 599px, (min-width:600px) and (max-width: 799px) 799px, (min-width:800px) and (max-width: 999px) 333px, (min-width:1000px) 400px\" \/><\/a><div class=\"entry-wrap entry-wrap-grid\"><h3 class=\"entry-title\" itemprop=\"headline\"><a class=\"entry-title-link\" href=\"https:\/\/neuronup.com\/de\/neuronup-nachrichten\/wie-man-den-schwierigkeitsgrad-der-aktivitaten-in-neuronup-anpasst-um-mit-kognitiven-beeintrachtigungen-zu-arbeiten\/\" rel=\"bookmark\">Wie man den Schwierigkeitsgrad der NeuronUP-Aktivit\u00e4ten anpasst, um kognitive Beeintr\u00e4chtigungen zu behandeln<\/a><\/h3>\n<\/div><\/article><article class=\"entry entry-grid is-column has-entry-link has-image has-image-first type-post category-neurodegenerative-erkrankungen tag-demenz tag-neurodegenerative-erkrankungen\" style=\"--entry-index:3;\" aria-label=\"Verst\u00e4ndnis der frontotemporalen Demenz: Die Bedeutung der Psychoedukation f\u00fcr Angeh\u00f6rige\" itemscope itemtype=\"https:\/\/schema.org\/CreativeWork\"><a class=\"entry-image-link\" href=\"https:\/\/neuronup.com\/de\/kognitive-stimulation-und-rehabilitation\/neurodegenerative-erkrankungen\/die-frontotemporale-demenz-verstehen-die-bedeutung-der-psychoedukation-fur-angehorige\/\" tabindex=\"-1\" aria-hidden=\"true\"><img decoding=\"async\" width=\"400\" height=\"267\" src=\"https:\/\/neuronup.com\/de\/wp-content\/uploads\/2024\/07\/Comprendiendo-la-demencia-frontotemporal-La-importancia-de-la-psicoeducacion-para-los-familiares-NeuronUP.webp\" class=\"entry-image size-landscape-sm\" alt=\"Verstehen der frontotemporalen Demenz: Die Bedeutung der Psychoedukation f\u00fcr die Angeh\u00f6rigen von NeuronUP\" srcset=\"https:\/\/neuronup.com\/de\/wp-content\/uploads\/2024\/07\/Comprendiendo-la-demencia-frontotemporal-La-importancia-de-la-psicoeducacion-para-los-familiares-NeuronUP-300x200.webp 300w, https:\/\/neuronup.com\/de\/wp-content\/uploads\/2024\/07\/Comprendiendo-la-demencia-frontotemporal-La-importancia-de-la-psicoeducacion-para-los-familiares-NeuronUP-768x512.webp 768w, https:\/\/neuronup.com\/de\/wp-content\/uploads\/2024\/07\/Comprendiendo-la-demencia-frontotemporal-La-importancia-de-la-psicoeducacion-para-los-familiares-NeuronUP-1024x683.webp 1024w, https:\/\/neuronup.com\/de\/wp-content\/uploads\/2024\/07\/Comprendiendo-la-demencia-frontotemporal-La-importancia-de-la-psicoeducacion-para-los-familiares-NeuronUP.webp 1200w\" sizes=\"(max-width:599px) 599px, (min-width:600px) and (max-width: 799px) 799px, (min-width:800px) and (max-width: 999px) 333px, (min-width:1000px) 400px\" \/><\/a><div class=\"entry-wrap entry-wrap-grid\"><h3 class=\"entry-title\" itemprop=\"headline\"><a class=\"entry-title-link\" href=\"https:\/\/neuronup.com\/de\/kognitive-stimulation-und-rehabilitation\/neurodegenerative-erkrankungen\/die-frontotemporale-demenz-verstehen-die-bedeutung-der-psychoedukation-fur-angehorige\/\" rel=\"bookmark\">Verst\u00e4ndnis der frontotemporalen Demenz: Die Bedeutung der Psychoedukation f\u00fcr Angeh\u00f6rige<\/a><\/h3>\n<\/div><\/article><article class=\"entry entry-grid is-column has-entry-link has-image has-image-first type-post category-sansibar tag-kinder tag-kognitive-rehabilitation tag-kognitive-stimulation\" style=\"--entry-index:4;\" aria-label=\"NeuronUP als Hauptressource in PsicoNED\" itemscope itemtype=\"https:\/\/schema.org\/CreativeWork\"><a class=\"entry-image-link\" href=\"https:\/\/neuronup.com\/de\/projekte\/sansibar\/neuronup-als-hauptressource-auf-psiconed\/\" tabindex=\"-1\" aria-hidden=\"true\"><img decoding=\"async\" width=\"225\" height=\"300\" src=\"https:\/\/neuronup.com\/de\/wp-content\/uploads\/2024\/07\/Neurorrehabilitacion-en-Zanzibar-Proyecto-PsicoNED-y-NeuronUP.webp\" class=\"entry-image size-landscape-sm\" alt=\"Neurorehabilitation in Sansibar PsicoNED-Projekt und NeuronUP\" srcset=\"https:\/\/neuronup.com\/de\/wp-content\/uploads\/2024\/07\/Neurorrehabilitacion-en-Zanzibar-Proyecto-PsicoNED-y-NeuronUP-225x300.webp 225w, https:\/\/neuronup.com\/de\/wp-content\/uploads\/2024\/07\/Neurorrehabilitacion-en-Zanzibar-Proyecto-PsicoNED-y-NeuronUP-768x1024.webp 768w, https:\/\/neuronup.com\/de\/wp-content\/uploads\/2024\/07\/Neurorrehabilitacion-en-Zanzibar-Proyecto-PsicoNED-y-NeuronUP-1152x1536.webp 1152w, https:\/\/neuronup.com\/de\/wp-content\/uploads\/2024\/07\/Neurorrehabilitacion-en-Zanzibar-Proyecto-PsicoNED-y-NeuronUP.webp 1200w\" sizes=\"(max-width:599px) 599px, (min-width:600px) and (max-width: 799px) 799px, (min-width:800px) and (max-width: 999px) 333px, (min-width:1000px) 400px\" \/><\/a><div class=\"entry-wrap entry-wrap-grid\"><h3 class=\"entry-title\" itemprop=\"headline\"><a class=\"entry-title-link\" href=\"https:\/\/neuronup.com\/de\/projekte\/sansibar\/neuronup-als-hauptressource-auf-psiconed\/\" rel=\"bookmark\">NeuronUP als Hauptressource in PsicoNED<\/a><\/h3>\n<\/div><\/article><article class=\"entry entry-grid is-column has-entry-link has-image has-image-first type-post category-neuropsychologie tag-neuropsychologie\" style=\"--entry-index:5;\" aria-label=\"Neuropsychologie des THC-Konsums\" itemscope itemtype=\"https:\/\/schema.org\/CreativeWork\"><a class=\"entry-image-link\" href=\"https:\/\/neuronup.com\/de\/neurowissenschaften\/neuropsychologie\/neuropsychologie-des-thc-konsums\/\" tabindex=\"-1\" aria-hidden=\"true\"><img decoding=\"async\" width=\"400\" height=\"267\" src=\"https:\/\/neuronup.com\/de\/wp-content\/uploads\/2024\/07\/Neuropsicologia-del-consumo-de-THC-NeuronUP.webp\" class=\"entry-image size-landscape-sm\" alt=\"Neuropsychologie des THC-Konsums NeuronUP\" srcset=\"https:\/\/neuronup.com\/de\/wp-content\/uploads\/2024\/07\/Neuropsicologia-del-consumo-de-THC-NeuronUP-300x200.webp 300w, https:\/\/neuronup.com\/de\/wp-content\/uploads\/2024\/07\/Neuropsicologia-del-consumo-de-THC-NeuronUP-768x512.webp 768w, https:\/\/neuronup.com\/de\/wp-content\/uploads\/2024\/07\/Neuropsicologia-del-consumo-de-THC-NeuronUP-1024x683.webp 1024w, https:\/\/neuronup.com\/de\/wp-content\/uploads\/2024\/07\/Neuropsicologia-del-consumo-de-THC-NeuronUP.webp 1200w\" sizes=\"(max-width:599px) 599px, (min-width:600px) and (max-width: 799px) 799px, (min-width:800px) and (max-width: 999px) 333px, (min-width:1000px) 400px\" \/><\/a><div class=\"entry-wrap entry-wrap-grid\"><h3 class=\"entry-title\" itemprop=\"headline\"><a class=\"entry-title-link\" href=\"https:\/\/neuronup.com\/de\/neurowissenschaften\/neuropsychologie\/neuropsychologie-des-thc-konsums\/\" rel=\"bookmark\">Neuropsychologie des THC-Konsums<\/a><\/h3>\n<\/div><\/article><article class=\"entry entry-grid is-column has-entry-link has-image has-image-first type-post category-veranstaltungen tag-kongress\" style=\"--entry-index:6;\" aria-label=\"Global Neuropsychology Congress: Der Kongress, der die Welt in Porto vereinte\" itemscope itemtype=\"https:\/\/schema.org\/CreativeWork\"><a class=\"entry-image-link\" href=\"https:\/\/neuronup.com\/de\/veranstaltungen\/globaler-neuropsychologie-kongress-der-kongress-der-die-welt-in-porto-vereinte\/\" tabindex=\"-1\" aria-hidden=\"true\"><img decoding=\"async\" width=\"225\" height=\"300\" src=\"https:\/\/neuronup.com\/de\/wp-content\/uploads\/2024\/07\/IMG_9004-1.webp\" class=\"entry-image size-landscape-sm\" alt=\"NeuronUP beim Globalen Neuropsychologie-Kongress\" srcset=\"https:\/\/neuronup.com\/de\/wp-content\/uploads\/2024\/07\/IMG_9004-1-225x300.webp 225w, https:\/\/neuronup.com\/de\/wp-content\/uploads\/2024\/07\/IMG_9004-1-768x1024.webp 768w, https:\/\/neuronup.com\/de\/wp-content\/uploads\/2024\/07\/IMG_9004-1.webp 900w\" sizes=\"(max-width:599px) 599px, (min-width:600px) and (max-width: 799px) 799px, (min-width:800px) and (max-width: 999px) 333px, (min-width:1000px) 400px\" \/><\/a><div class=\"entry-wrap entry-wrap-grid\"><h3 class=\"entry-title\" itemprop=\"headline\"><a class=\"entry-title-link\" href=\"https:\/\/neuronup.com\/de\/veranstaltungen\/globaler-neuropsychologie-kongress-der-kongress-der-die-welt-in-porto-vereinte\/\" rel=\"bookmark\">Global Neuropsychology Congress: Der Kongress, der die Welt in Porto vereinte<\/a><\/h3>\n<\/div><\/article><\/div><\/div>\n\n\n<div style=\"height:35px\" aria-hidden=\"true\" class=\"wp-block-spacer\"><\/div>\n\n\n\n<div class=\"wp-block-group br-0111 particle-bg has-primary-background-color has-background has-dark-background\"><div class=\"wp-block-group__inner-container is-layout-constrained wp-block-group-is-layout-constrained\">\n<p class=\"has-text-align-center has-white-color has-text-color has-lg-font-size has-xxl-margin-top\">Hunderte von \u00dcbungen f\u00fcr kognitives Training f\u00fcr Fachkr\u00e4fte<\/p>\n\n\n\n<div class=\"wp-block-buttons mb-5 is-content-justification-center is-layout-flex wp-container-core-buttons-is-layout-16018d1d wp-block-buttons-is-layout-flex\">\n<div class=\"wp-block-button\" style=\"--button-background:var(--color-custom-1);--button-background-hover:#cc7e00;\"><a class=\"wp-block-button__link button   wp-element-button\" href=\"https:\/\/neuronup.com\/de\/landing-store-user\/\">Starten Sie jetzt Ihre kostenlose Testversion<\/a><\/div>\n\n<\/div>\n<\/div><\/div>\n\n\n\n\n<div style=\"height:40px\" aria-hidden=\"true\" class=\"wp-block-spacer\"><\/div>\n\n\n<div class=\"mai-columns\"><div class=\"mai-columns-wrap has-columns\" style=\"--column-gap:var(--spacing-xl);--row-gap:var(--spacing-xl);--align-columns:start;--align-columns-vertical:initial;\">\n<div class=\"mai-column is-column pr-5 pl-5\" style=\"--columns-xs:1\/1;--flex-xs:0 0 var(--flex-basis);--columns-sm:1\/2;--flex-sm:0 0 var(--flex-basis);--columns-md:1\/2;--flex-md:0 0 var(--flex-basis);--columns-lg:1\/2;--flex-lg:0 0 var(--flex-basis);--justify-content:start;\">\n<div class=\"wp-block-image\">\n<figure class=\"aligncenter size-large\"><img decoding=\"async\" width=\"60\" height=\"61\" src=\"https:\/\/neuronup.com\/wp-content\/uploads\/2022\/v3\/icon-ideas.svg\" alt=\"\" class=\"wp-image-21133\"\/><\/figure>\n<\/div>\n\n\n<h2 class=\"wp-block-heading has-text-align-center has-xl-margin-bottom\">L\u00f6sungen f\u00fcr Fachkr\u00e4fte im Bereich der Neurorehabilitation<\/h2>\n\n\n\n<p>Das Hauptziel von NeuronUP ist es, den Alltag der Fachkr\u00e4fte im Gesundheitswesen zu verbessern und den maximalen Nutzen f\u00fcr die Patient:innen durch Innovation, Forschung, Wissen und die Millionen von Daten zu erreichen, die t\u00e4glich generiert werden.<\/p>\n\n\n\n<div class=\"wp-block-buttons is-horizontal is-content-justification-center is-layout-flex wp-container-core-buttons-is-layout-499968f5 wp-block-buttons-is-layout-flex\">\n<div class=\"wp-block-button--1\"><a class=\"wp-block-button__link button button-outline wp-element-button\" href=\"https:\/\/neuronup.com\/de\/loesungen-fuer-fachkraefte-im-bereich-der-neurorehabilitation\/\">Mehr zu NeuronUP erfahren<\/a><\/div>\n<\/div>\n\n<\/div>\n\n<div class=\"mai-column is-column pr-5 pl-5\" style=\"--columns-xs:1\/1;--flex-xs:0 0 var(--flex-basis);--columns-sm:1\/2;--flex-sm:0 0 var(--flex-basis);--columns-md:1\/2;--flex-md:0 0 var(--flex-basis);--columns-lg:1\/2;--flex-lg:0 0 var(--flex-basis);--justify-content:start;\">\n<div class=\"wp-block-image\">\n<figure class=\"aligncenter size-large\"><img decoding=\"async\" width=\"60\" height=\"61\" src=\"https:\/\/neuronup.com\/wp-content\/uploads\/2022\/v3\/icon-procesos.svg\" alt=\"\" class=\"wp-image-21165\"\/><\/figure>\n<\/div>\n\n\n<h2 class=\"wp-block-heading has-text-align-center has-xl-margin-bottom\">Neurorehabilitation und kognitives Training<\/h2>\n\n\n\n<p>Neue Forschungen in verschiedenen Bereichen haben ein besseres Verst\u00e4ndnis der Gehirnfunktion sowie der M\u00f6glichkeiten des Gehirns f\u00fcr seine Genesung oder Ver\u00e4nderung (Neuroplastizit\u00e4t) erm\u00f6glicht.<\/p>\n\n\n\n<div class=\"wp-block-buttons is-horizontal is-content-justification-center is-layout-flex wp-container-core-buttons-is-layout-499968f5 wp-block-buttons-is-layout-flex\">\n<div class=\"wp-block-button--2\"><a class=\"wp-block-button__link button button-outline wp-element-button\" href=\"https:\/\/neuronup.com\/de\/neurorehabilitation\/\">Mehr zu Neurorehabilitation erfahren<\/a><\/div>\n<\/div>\n\n<\/div>\n<\/div><\/div>\n\n\n<div style=\"height:100px\" aria-hidden=\"true\" class=\"wp-block-spacer\"><\/div>\n\n\n\n<p class=\"has-text-align-center is-style-heading has-xl-font-size\">Folgen Sie uns auf den sozialen Netzwerken f\u00fcr mehr Inhalte!<\/p>\n\n\n\n<ul class=\"wp-block-social-links aligncenter items-justified-center is-style-no-background is-layout-flex wp-block-social-links-is-layout-flex\"><li class=\"wp-social-link wp-social-link-facebook  wp-block-social-link\"><a href=\"https:\/\/es-es.facebook.com\/neuronup\" class=\"wp-block-social-link-anchor\"><svg width=\"24\" height=\"24\" viewBox=\"0 0 24 24\" version=\"1.1\" xmlns=\"http:\/\/www.w3.org\/2000\/svg\" aria-hidden=\"true\" focusable=\"false\"><path d=\"M12 2C6.5 2 2 6.5 2 12c0 5 3.7 9.1 8.4 9.9v-7H7.9V12h2.5V9.8c0-2.5 1.5-3.9 3.8-3.9 1.1 0 2.2.2 2.2.2v2.5h-1.3c-1.2 0-1.6.8-1.6 1.6V12h2.8l-.4 2.9h-2.3v7C18.3 21.1 22 17 22 12c0-5.5-4.5-10-10-10z\"><\/path><\/svg><span class=\"wp-block-social-link-label screen-reader-text\">Facebook<\/span><\/a><\/li>\n\n<li class=\"wp-social-link wp-social-link-twitter  wp-block-social-link\"><a href=\"https:\/\/twitter.com\/NeuronUP\" class=\"wp-block-social-link-anchor\"><svg width=\"24\" height=\"24\" viewBox=\"0 0 24 24\" version=\"1.1\" xmlns=\"http:\/\/www.w3.org\/2000\/svg\" aria-hidden=\"true\" focusable=\"false\"><path d=\"M22.23,5.924c-0.736,0.326-1.527,0.547-2.357,0.646c0.847-0.508,1.498-1.312,1.804-2.27 c-0.793,0.47-1.671,0.812-2.606,0.996C18.324,4.498,17.257,4,16.077,4c-2.266,0-4.103,1.837-4.103,4.103 c0,0.322,0.036,0.635,0.106,0.935C8.67,8.867,5.647,7.234,3.623,4.751C3.27,5.357,3.067,6.062,3.067,6.814 c0,1.424,0.724,2.679,1.825,3.415c-0.673-0.021-1.305-0.206-1.859-0.513c0,0.017,0,0.034,0,0.052c0,1.988,1.414,3.647,3.292,4.023 c-0.344,0.094-0.707,0.144-1.081,0.144c-0.264,0-0.521-0.026-0.772-0.074c0.522,1.63,2.038,2.816,3.833,2.85 c-1.404,1.1-3.174,1.756-5.096,1.756c-0.331,0-0.658-0.019-0.979-0.057c1.816,1.164,3.973,1.843,6.29,1.843 c7.547,0,11.675-6.252,11.675-11.675c0-0.178-0.004-0.355-0.012-0.531C20.985,7.47,21.68,6.747,22.23,5.924z\"><\/path><\/svg><span class=\"wp-block-social-link-label screen-reader-text\">Twitter<\/span><\/a><\/li>\n\n<li class=\"wp-social-link wp-social-link-instagram  wp-block-social-link\"><a href=\"https:\/\/www.instagram.com\/neuron_up\/\" class=\"wp-block-social-link-anchor\"><svg width=\"24\" height=\"24\" viewBox=\"0 0 24 24\" version=\"1.1\" xmlns=\"http:\/\/www.w3.org\/2000\/svg\" aria-hidden=\"true\" focusable=\"false\"><path d=\"M12,4.622c2.403,0,2.688,0.009,3.637,0.052c0.877,0.04,1.354,0.187,1.671,0.31c0.42,0.163,0.72,0.358,1.035,0.673 c0.315,0.315,0.51,0.615,0.673,1.035c0.123,0.317,0.27,0.794,0.31,1.671c0.043,0.949,0.052,1.234,0.052,3.637 s-0.009,2.688-0.052,3.637c-0.04,0.877-0.187,1.354-0.31,1.671c-0.163,0.42-0.358,0.72-0.673,1.035 c-0.315,0.315-0.615,0.51-1.035,0.673c-0.317,0.123-0.794,0.27-1.671,0.31c-0.949,0.043-1.233,0.052-3.637,0.052 s-2.688-0.009-3.637-0.052c-0.877-0.04-1.354-0.187-1.671-0.31c-0.42-0.163-0.72-0.358-1.035-0.673 c-0.315-0.315-0.51-0.615-0.673-1.035c-0.123-0.317-0.27-0.794-0.31-1.671C4.631,14.688,4.622,14.403,4.622,12 s0.009-2.688,0.052-3.637c0.04-0.877,0.187-1.354,0.31-1.671c0.163-0.42,0.358-0.72,0.673-1.035 c0.315-0.315,0.615-0.51,1.035-0.673c0.317-0.123,0.794-0.27,1.671-0.31C9.312,4.631,9.597,4.622,12,4.622 M12,3 C9.556,3,9.249,3.01,8.289,3.054C7.331,3.098,6.677,3.25,6.105,3.472C5.513,3.702,5.011,4.01,4.511,4.511 c-0.5,0.5-0.808,1.002-1.038,1.594C3.25,6.677,3.098,7.331,3.054,8.289C3.01,9.249,3,9.556,3,12c0,2.444,0.01,2.751,0.054,3.711 c0.044,0.958,0.196,1.612,0.418,2.185c0.23,0.592,0.538,1.094,1.038,1.594c0.5,0.5,1.002,0.808,1.594,1.038 c0.572,0.222,1.227,0.375,2.185,0.418C9.249,20.99,9.556,21,12,21s2.751-0.01,3.711-0.054c0.958-0.044,1.612-0.196,2.185-0.418 c0.592-0.23,1.094-0.538,1.594-1.038c0.5-0.5,0.808-1.002,1.038-1.594c0.222-0.572,0.375-1.227,0.418-2.185 C20.99,14.751,21,14.444,21,12s-0.01-2.751-0.054-3.711c-0.044-0.958-0.196-1.612-0.418-2.185c-0.23-0.592-0.538-1.094-1.038-1.594 c-0.5-0.5-1.002-0.808-1.594-1.038c-0.572-0.222-1.227-0.375-2.185-0.418C14.751,3.01,14.444,3,12,3L12,3z M12,7.378 c-2.552,0-4.622,2.069-4.622,4.622S9.448,16.622,12,16.622s4.622-2.069,4.622-4.622S14.552,7.378,12,7.378z M12,15 c-1.657,0-3-1.343-3-3s1.343-3,3-3s3,1.343,3,3S13.657,15,12,15z M16.804,6.116c-0.596,0-1.08,0.484-1.08,1.08 s0.484,1.08,1.08,1.08c0.596,0,1.08-0.484,1.08-1.08S17.401,6.116,16.804,6.116z\"><\/path><\/svg><span class=\"wp-block-social-link-label screen-reader-text\">Instagram<\/span><\/a><\/li>\n\n<li class=\"wp-social-link wp-social-link-linkedin  wp-block-social-link\"><a href=\"https:\/\/www.linkedin.com\/company\/neuronup-en\/\" class=\"wp-block-social-link-anchor\"><svg width=\"24\" height=\"24\" viewBox=\"0 0 24 24\" version=\"1.1\" xmlns=\"http:\/\/www.w3.org\/2000\/svg\" aria-hidden=\"true\" focusable=\"false\"><path d=\"M19.7,3H4.3C3.582,3,3,3.582,3,4.3v15.4C3,20.418,3.582,21,4.3,21h15.4c0.718,0,1.3-0.582,1.3-1.3V4.3 C21,3.582,20.418,3,19.7,3z M8.339,18.338H5.667v-8.59h2.672V18.338z M7.004,8.574c-0.857,0-1.549-0.694-1.549-1.548 c0-0.855,0.691-1.548,1.549-1.548c0.854,0,1.547,0.694,1.547,1.548C8.551,7.881,7.858,8.574,7.004,8.574z M18.339,18.338h-2.669 v-4.177c0-0.996-0.017-2.278-1.387-2.278c-1.389,0-1.601,1.086-1.601,2.206v4.249h-2.667v-8.59h2.559v1.174h0.037 c0.356-0.675,1.227-1.387,2.526-1.387c2.703,0,3.203,1.779,3.203,4.092V18.338z\"><\/path><\/svg><span class=\"wp-block-social-link-label screen-reader-text\">LinkedIn<\/span><\/a><\/li>\n\n<li class=\"wp-social-link wp-social-link-youtube  wp-block-social-link\"><a href=\"https:\/\/www.youtube.com\/user\/Neuronup\" class=\"wp-block-social-link-anchor\"><svg width=\"24\" height=\"24\" viewBox=\"0 0 24 24\" version=\"1.1\" xmlns=\"http:\/\/www.w3.org\/2000\/svg\" aria-hidden=\"true\" focusable=\"false\"><path d=\"M21.8,8.001c0,0-0.195-1.378-0.795-1.985c-0.76-0.797-1.613-0.801-2.004-0.847c-2.799-0.202-6.997-0.202-6.997-0.202 h-0.009c0,0-4.198,0-6.997,0.202C4.608,5.216,3.756,5.22,2.995,6.016C2.395,6.623,2.2,8.001,2.2,8.001S2,9.62,2,11.238v1.517 c0,1.618,0.2,3.237,0.2,3.237s0.195,1.378,0.795,1.985c0.761,0.797,1.76,0.771,2.205,0.855c1.6,0.153,6.8,0.201,6.8,0.201 s4.203-0.006,7.001-0.209c0.391-0.047,1.243-0.051,2.004-0.847c0.6-0.607,0.795-1.985,0.795-1.985s0.2-1.618,0.2-3.237v-1.517 C22,9.62,21.8,8.001,21.8,8.001z M9.935,14.594l-0.001-5.62l5.404,2.82L9.935,14.594z\"><\/path><\/svg><span class=\"wp-block-social-link-label screen-reader-text\">YouTube<\/span><\/a><\/li><\/ul>\n","protected":false},"excerpt":{"rendered":"<p>Der Newsletter von NeuronUP Neuigkeiten zur Neurorehabilitation und kognitivem Training Melden Sie sich f\u00fcr den Newsletter an M\u00f6chten Sie \u00fcber die neuesten Entwicklungen in der Neurorehabilitation auf dem Laufenden bleiben? Verpassen Sie nicht unseren Newsletter, um \u00fcber alle Neuigkeiten der Branche informiert zu bleiben! Melden Sie sich hier f\u00fcr den Newsletter an: Aktuelle Nachrichten Erhalten &hellip;<\/p>\n","protected":false},"author":3,"featured_media":0,"parent":0,"menu_order":0,"comment_status":"closed","ping_status":"closed","template":"","meta":{"_acf_changed":false,"_genesis_hide_title":false,"_genesis_hide_breadcrumbs":false,"_genesis_hide_singular_image":false,"_genesis_hide_footer_widgets":false,"_genesis_custom_body_class":"","_genesis_custom_post_class":"","_genesis_layout":"wide-content","footnotes":""},"class_list":{"1":"page","2":"type-page","5":"entry"},"acf":[],"_links":{"self":[{"href":"https:\/\/neuronup.com\/de\/wp-json\/wp\/v2\/pages\/29723","targetHints":{"allow":["GET"]}}],"collection":[{"href":"https:\/\/neuronup.com\/de\/wp-json\/wp\/v2\/pages"}],"about":[{"href":"https:\/\/neuronup.com\/de\/wp-json\/wp\/v2\/types\/page"}],"author":[{"embeddable":true,"href":"https:\/\/neuronup.com\/de\/wp-json\/wp\/v2\/users\/3"}],"replies":[{"embeddable":true,"href":"https:\/\/neuronup.com\/de\/wp-json\/wp\/v2\/comments?post=29723"}],"version-history":[{"count":0,"href":"https:\/\/neuronup.com\/de\/wp-json\/wp\/v2\/pages\/29723\/revisions"}],"wp:attachment":[{"href":"https:\/\/neuronup.com\/de\/wp-json\/wp\/v2\/media?parent=29723"}],"curies":[{"name":"wp","href":"https:\/\/api.w.org\/{rel}","templated":true}]}}