{"id":29604,"date":"2024-03-13T13:21:14","date_gmt":"2024-03-13T11:21:14","guid":{"rendered":"https:\/\/neuronup.com\/de\/?page_id=29604"},"modified":"2025-02-28T08:40:32","modified_gmt":"2025-02-28T06:40:32","slug":"uebungen-und-aktivitaeten-mit-neuronup-personalisieren","status":"publish","type":"page","link":"https:\/\/neuronup.com\/de\/produkt\/uebungen-und-aktivitaeten-mit-neuronup-personalisieren\/","title":{"rendered":"\u00dcbungen und Aktivit\u00e4ten mit NeuronUP personalisieren"},"content":{"rendered":"\n<p class=\"has-xl-font-size\">F\u00e4llt es Ihnen schwer, die Motivation Ihrer Patient:innen aufrechtzuerhalten? Verbringen Sie Stunden damit, spannende Aktivit\u00e4ten und \u00dcbungen zu erstellen? In diesem Artikel erl\u00e4utern wir die Vorteile der Personalisierung von \u00dcbungen und Aktivit\u00e4ten und erkl\u00e4ren Schritt f\u00fcr Schritt, <strong style=\"color:#00abc7;\">wie Sie individuelle \u00dcbungen mit NeuronUP erstellen k\u00f6nnen.<\/strong><\/p>\n\n\n\n<h2 class=\"wp-block-heading\">Was ist eine personalisierte \u00dcbung?<\/h2>\n\n\n\n<p>Eine personalisierte \u00dcbung ist eine Aktivit\u00e4t, die<strong> individuell an die Bed\u00fcrfnisse, das kognitive Niveau und die Vorlieben<\/strong> der Patient:innen <strong>angepasst werden kann<\/strong>, um die Arbeit mit <strong>bestimmten Reizen<\/strong> zu erleichtern und die Motivation der Patient:innen zu steigern.<\/p>\n\n\n\n<h3 class=\"wp-block-heading\">Welche \u00dcbungen von NeuronUP kann man personaliseren?<\/h3>\n\n\n\n<p>Sie k\u00f6nnen <strong>Generatoren und Spiele<\/strong> von NeuronUP individuell anpassen. Wenn Sie den Unterschied zwischen den verschiedenen Arten von NeuronUP \u00dcbungen noch nicht kennen, empfehlen wir Ihnen, <a href=\"https:\/\/neuronup.com\/de\/produkt\/arten-von-neuronup-ubungen-generatoren-spiele-arbeitsblatter\/\" data-type=\"link\" data-id=\"https:\/\/neuronup.com\/de\/produkt\/arten-von-aktivitaten-von-neuronup-generatoren-spielen-chips\/\" target=\"_blank\" rel=\"noreferrer noopener\">diesen Artikel zu lesen.<\/a><\/p>\n\n\n\n<h2 class=\"wp-block-heading\">Vorteile der personalisierbaren \u00dcbungen von NeuronUP<\/h2>\n\n\n\n<ol class=\"wp-block-list\">\n<li>Steigern Sie die <strong>Motivation<\/strong> Ihrer Patient:innen.<\/li>\n\n\n\n<li><strong>Passen Sie die \u00dcbungen an die kognitiven F\u00e4higkeiten und Bed\u00fcrfnise<\/strong> der einzelnen Patient:innen an.<\/li>\n\n\n\n<li><strong>Beziehen Sie Ihre Patient:innen<\/strong> durch die <strong>Verwendung bekannter Reize<\/strong> direkt in die Therapie mit ein.<\/li>\n\n\n\n<li>Ihre Patient:innen k\u00f6nnen <strong>die in der Therapie erlernten F\u00e4higkeiten leichter auf das t\u00e4gliche Leben \u00fcbertragen<\/strong> und direkt im Alltag anwenden.<\/li>\n\n\n\n<li><strong>Sparen Sie Zeit<\/strong>, indem Sie einen eigenen Katalog mit personalisierten Aktivit\u00e4ten erstellen, den Sie immer wieder verwenden k\u00f6nnen. In nur f\u00fcnf Minuten k\u00f6nnen Sie unendlich viele personalisierte Aktivit\u00e4ten aus einer einzigen \u00dcbung erstellen.<\/li>\n<\/ol>\n\n\n<div class=\"wp-block-image\">\n<figure class=\"aligncenter size-large is-resized\"><img decoding=\"async\" width=\"1024\" height=\"1024\" src=\"https:\/\/neuronup.com\/de\/wp-content\/uploads\/2024\/03\/Vorteile-Uebungen-personalisieren-1024x1024.webp\" alt=\"Vorteile \u00dcbungen personalisieren\" class=\"wp-image-29605\" style=\"width:800px;height:auto\" srcset=\"https:\/\/neuronup.com\/de\/wp-content\/uploads\/2024\/03\/Vorteile-Uebungen-personalisieren-80x80.webp 80w, https:\/\/neuronup.com\/de\/wp-content\/uploads\/2024\/03\/Vorteile-Uebungen-personalisieren-150x150.webp 150w, https:\/\/neuronup.com\/de\/wp-content\/uploads\/2024\/03\/Vorteile-Uebungen-personalisieren-300x300.webp 300w, https:\/\/neuronup.com\/de\/wp-content\/uploads\/2024\/03\/Vorteile-Uebungen-personalisieren-768x768.webp 768w, https:\/\/neuronup.com\/de\/wp-content\/uploads\/2024\/03\/Vorteile-Uebungen-personalisieren-1024x1024.webp 1024w, https:\/\/neuronup.com\/de\/wp-content\/uploads\/2024\/03\/Vorteile-Uebungen-personalisieren.webp 1080w\" sizes=\"(max-width: 1024px) 100vw, 1024px\" \/><figcaption class=\"wp-element-caption\">Vorteile der personaliserbaren \u00dcbungen von NeuronUP<\/figcaption><\/figure>\n<\/div>\n\n\n<h2 class=\"wp-block-heading\">Wie k\u00f6nnen die \u00dcbungen personalisiert werden?<\/h2>\n\n\n\n<p>Im Folgenden erkl\u00e4ren wir Ihnen, wie Sie ein Spiel oder einen Generator von NeuronUP personalisieren k\u00f6nnen:<\/p>\n\n\n\n<h3 class=\"wp-block-heading\">1. W\u00e4hlen Sie eine Aktivit\u00e4t aus und \u00f6ffnen Sie diese (Generator oder Spiel)<\/h3>\n\n\n\n<div class=\"wp-block-columns is-layout-flex wp-container-core-columns-is-layout-9d6595d7 wp-block-columns-is-layout-flex\">\n<div class=\"wp-block-column is-layout-flow wp-block-column-is-layout-flow\">\n<p>W\u00e4hlen Sie z.B. ein Spiel aus dem &#8222;Arbeitsbereich&#8220; auf der Startseite der Plattform aus. Sobald Sie die Aktivit\u00e4t ge\u00f6ffnet haben, w\u00e4hlen Sie &#8222;<strong>Personalisierte Stufen<\/strong>&#8220; (Spiel) oder &#8222;<strong>Personalisierte Konfigurationen<\/strong>&#8220; (Genrator) aus. <\/p>\n<\/div>\n\n\n\n<div class=\"wp-block-column is-layout-flow wp-block-column-is-layout-flow\">\n<figure class=\"wp-block-image size-full\"><img decoding=\"async\" width=\"449\" height=\"336\" src=\"https:\/\/neuronup.com\/de\/wp-content\/uploads\/2024\/03\/Personalisierung-Generator.webp\" alt=\"Personalisierung Generator\" class=\"wp-image-29606\" srcset=\"https:\/\/neuronup.com\/de\/wp-content\/uploads\/2024\/03\/Personalisierung-Generator-300x224.webp 300w, https:\/\/neuronup.com\/de\/wp-content\/uploads\/2024\/03\/Personalisierung-Generator-400x300.webp 400w, https:\/\/neuronup.com\/de\/wp-content\/uploads\/2024\/03\/Personalisierung-Generator.webp 449w\" sizes=\"(max-width: 449px) 100vw, 449px\" \/><\/figure>\n<\/div>\n<\/div>\n\n\n\n<div style=\"height:50px\" aria-hidden=\"true\" class=\"wp-block-spacer\"><\/div>\n\n\n\n<h3 class=\"wp-block-heading\">2. Erstellen Sie die Personalisierung<\/h3>\n\n\n\n<div class=\"wp-block-columns is-layout-flex wp-container-core-columns-is-layout-9d6595d7 wp-block-columns-is-layout-flex\">\n<div class=\"wp-block-column is-layout-flow wp-block-column-is-layout-flow\">\n<p>Um eine Personalisierung zu erstellen, <strong>geben Sie einen Namen f\u00fcr die Personalisierung<\/strong> ein. Zum Beispiel den Namen des Patienten, f\u00fcr den sie verwendet werden soll.<br>Klicken Sie dann auf &#8222;<strong>Weiter<\/strong>&#8222;.<\/p>\n<\/div>\n\n\n\n<div class=\"wp-block-column is-layout-flow wp-block-column-is-layout-flow\">\n<figure class=\"wp-block-image size-full\"><img decoding=\"async\" width=\"452\" height=\"332\" src=\"https:\/\/neuronup.com\/de\/wp-content\/uploads\/2024\/03\/Personailiserung-erstellen.webp\" alt=\"Personailiserung erstellen\" class=\"wp-image-29607\" srcset=\"https:\/\/neuronup.com\/de\/wp-content\/uploads\/2024\/03\/Personailiserung-erstellen-300x220.webp 300w, https:\/\/neuronup.com\/de\/wp-content\/uploads\/2024\/03\/Personailiserung-erstellen.webp 452w\" sizes=\"(max-width: 452px) 100vw, 452px\" \/><\/figure>\n<\/div>\n<\/div>\n\n\n\n<div style=\"height:50px\" aria-hidden=\"true\" class=\"wp-block-spacer\"><\/div>\n\n\n\n<h3 class=\"wp-block-heading\">3. Starten Sie mit der Personalisierung<\/h3>\n\n\n\n<p>Beim Personalisieren einer Aktivit\u00e4t k\u00f6nnen Sie die allgemeinen Optionen, die erweiterten Optionen und bei einigen \u00dcbungen auch die Anpassungen bearbeiten. Im Folgenden erkl\u00e4ren wir Ihnen die Optionen:<\/p>\n\n\n\n<h4 class=\"wp-block-heading\">3.1. Allgemeine Optionen<\/h4>\n\n\n\n<div class=\"wp-block-columns is-layout-flex wp-container-core-columns-is-layout-9d6595d7 wp-block-columns-is-layout-flex\">\n<div class=\"wp-block-column is-layout-flow wp-block-column-is-layout-flow\">\n<p><strong>Die &#8222;Allgemeinen Optionen&#8220; sind f\u00fcr alle Spiele und Generatoren gleich.<\/strong><br>Sie k\u00f6nnen den Arbeitsmodus w\u00e4hlen, die Zeit anpassen, eine Warnung bei Inaktivit\u00e4t aktivieren, die Anweisungen \u00e4ndern und einen Timer hinzuf\u00fcgen.<\/p>\n<\/div>\n\n\n\n<div class=\"wp-block-column is-layout-flow wp-block-column-is-layout-flow\">\n<figure class=\"wp-block-image size-full\"><img decoding=\"async\" width=\"1195\" height=\"908\" src=\"https:\/\/neuronup.com\/de\/wp-content\/uploads\/2024\/03\/Allgemeine-Einstellungen-2.webp\" alt=\"Allgemeine-Einstellungen\" class=\"wp-image-29657\" srcset=\"https:\/\/neuronup.com\/de\/wp-content\/uploads\/2024\/03\/Allgemeine-Einstellungen-2-300x228.webp 300w, https:\/\/neuronup.com\/de\/wp-content\/uploads\/2024\/03\/Allgemeine-Einstellungen-2-768x584.webp 768w, https:\/\/neuronup.com\/de\/wp-content\/uploads\/2024\/03\/Allgemeine-Einstellungen-2-1024x778.webp 1024w, https:\/\/neuronup.com\/de\/wp-content\/uploads\/2024\/03\/Allgemeine-Einstellungen-2.webp 1195w\" sizes=\"(max-width: 1195px) 100vw, 1195px\" \/><\/figure>\n<\/div>\n<\/div>\n\n\n\n<div style=\"height:50px\" aria-hidden=\"true\" class=\"wp-block-spacer\"><\/div>\n\n\n\n<h4 class=\"wp-block-heading\">3.2. Erweiterte Optionen<\/h4>\n\n\n\n<div class=\"wp-block-columns is-layout-flex wp-container-core-columns-is-layout-9d6595d7 wp-block-columns-is-layout-flex\">\n<div class=\"wp-block-column is-layout-flow wp-block-column-is-layout-flow\">\n<p>Die &#8222;<strong>Erweiterten Optionen<\/strong>&#8220; sind f\u00fcr jede Aktivit\u00e4t individuell.<br>In diesem Fall handelt es sich um ein Spiel, bei dem K\u00e4fer von einer Seite des Bildschirms zur Anderen gebracht werden m\u00fcssen. Sie k\u00f6nnen die Anzahl der K\u00e4fer pro Typ, die Bewegungsgeschwindigkeit und die Anzahl der K\u00e4fer auf der jeweiligen Seite des Bildschirms einstellen.<\/p>\n<\/div>\n\n\n\n<div class=\"wp-block-column is-layout-flow wp-block-column-is-layout-flow\">\n<figure class=\"wp-block-image size-full\"><img decoding=\"async\" width=\"1223\" height=\"910\" src=\"https:\/\/neuronup.com\/de\/wp-content\/uploads\/2024\/03\/Erweiterte-Optionen-1.webp\" alt=\"Erweiterte-Optionen \" class=\"wp-image-29658\" srcset=\"https:\/\/neuronup.com\/de\/wp-content\/uploads\/2024\/03\/Erweiterte-Optionen-1-300x223.webp 300w, https:\/\/neuronup.com\/de\/wp-content\/uploads\/2024\/03\/Erweiterte-Optionen-1-768x571.webp 768w, https:\/\/neuronup.com\/de\/wp-content\/uploads\/2024\/03\/Erweiterte-Optionen-1-1024x762.webp 1024w, https:\/\/neuronup.com\/de\/wp-content\/uploads\/2024\/03\/Erweiterte-Optionen-1.webp 1223w\" sizes=\"(max-width: 1223px) 100vw, 1223px\" \/><\/figure>\n<\/div>\n<\/div>\n\n\n\n<div style=\"height:50px\" aria-hidden=\"true\" class=\"wp-block-spacer\"><\/div>\n\n\n\n<h4 class=\"wp-block-heading\">3.3. Anpassungen<\/h4>\n\n\n\n<div class=\"wp-block-columns is-layout-flex wp-container-core-columns-is-layout-9d6595d7 wp-block-columns-is-layout-flex\">\n<div class=\"wp-block-column is-layout-flow wp-block-column-is-layout-flow\">\n<p>In den &#8222;Anpassungen\u201d<br>k\u00f6nnen Sie w\u00e4hlen, ob die Patient:innen die Elemente <strong>ziehen oder anklicken<\/strong> k\u00f6nnen, um die Anwendung Menschen mit motorischen Einschr\u00e4nkungen oder denen, die nicht gut mit der Maus oder dem Touchscreen umgehen k\u00f6nnen, zu erleichtern. Diese Einstellungen sind nicht f\u00fcr alle Aktivit\u00e4ten verf\u00fcgbar.<\/p>\n<\/div>\n\n\n\n<div class=\"wp-block-column is-layout-flow wp-block-column-is-layout-flow\">\n<figure class=\"wp-block-image size-full\"><img decoding=\"async\" width=\"2372\" height=\"1778\" src=\"https:\/\/neuronup.com\/de\/wp-content\/uploads\/2024\/03\/Anpassungen-3.webp\" alt=\"Anpassungen\" class=\"wp-image-29659\" srcset=\"https:\/\/neuronup.com\/de\/wp-content\/uploads\/2024\/03\/Anpassungen-3-300x225.webp 300w, https:\/\/neuronup.com\/de\/wp-content\/uploads\/2024\/03\/Anpassungen-3-400x300.webp 400w, https:\/\/neuronup.com\/de\/wp-content\/uploads\/2024\/03\/Anpassungen-3-768x576.webp 768w, https:\/\/neuronup.com\/de\/wp-content\/uploads\/2024\/03\/Anpassungen-3-800x600.webp 800w, https:\/\/neuronup.com\/de\/wp-content\/uploads\/2024\/03\/Anpassungen-3-1024x768.webp 1024w, https:\/\/neuronup.com\/de\/wp-content\/uploads\/2024\/03\/Anpassungen-3-1200x900.webp 1200w, https:\/\/neuronup.com\/de\/wp-content\/uploads\/2024\/03\/Anpassungen-3-1536x1151.webp 1536w, https:\/\/neuronup.com\/de\/wp-content\/uploads\/2024\/03\/Anpassungen-3-2048x1535.webp 2048w, https:\/\/neuronup.com\/de\/wp-content\/uploads\/2024\/03\/Anpassungen-3.webp 2372w\" sizes=\"(max-width: 2372px) 100vw, 2372px\" \/><\/figure>\n<\/div>\n<\/div>\n\n\n\n<div style=\"height:50px\" aria-hidden=\"true\" class=\"wp-block-spacer\"><\/div>\n\n\n\n<h3 class=\"wp-block-heading\">4. Personalisierung speichern<\/h3>\n\n\n\n<div class=\"wp-block-columns is-layout-flex wp-container-core-columns-is-layout-9d6595d7 wp-block-columns-is-layout-flex\">\n<div class=\"wp-block-column is-layout-flow wp-block-column-is-layout-flow\">\n<p>Sie k\u00f6nnen der Personalisierung eine Beschreibung hinzuf\u00fcgen.<br>So k\u00f6nnen Sie sich die Besonderheiten leichter merken.<br>Um die Personalisierung zu speichern, klicken Sie auf \u201c<strong>Hinzuf\u00fcgen<\/strong>\u201d<\/p>\n<\/div>\n\n\n\n<div class=\"wp-block-column is-layout-flow wp-block-column-is-layout-flow\">\n<figure class=\"wp-block-image size-full\"><img decoding=\"async\" width=\"402\" height=\"307\" src=\"https:\/\/neuronup.com\/de\/wp-content\/uploads\/2024\/03\/Personalisierung-speichern.webp\" alt=\"Personalisierung-speichern\" class=\"wp-image-29611\" srcset=\"https:\/\/neuronup.com\/de\/wp-content\/uploads\/2024\/03\/Personalisierung-speichern-300x229.webp 300w, https:\/\/neuronup.com\/de\/wp-content\/uploads\/2024\/03\/Personalisierung-speichern.webp 402w\" sizes=\"(max-width: 402px) 100vw, 402px\" \/><\/figure>\n<\/div>\n<\/div>\n\n\n\n<div style=\"height:50px\" aria-hidden=\"true\" class=\"wp-block-spacer\"><\/div>\n\n\n\n<h3 class=\"wp-block-heading\">5. Die personalisierte \u00dcbung ist gespeichert und bereit<\/h3>\n\n\n\n<p>Sie k\u00f6nnen sofort mit der personalisierten \u00dcbung arbeiten.<\/p>\n\n\n\n<div class=\"wp-block-columns is-layout-flex wp-container-core-columns-is-layout-9d6595d7 wp-block-columns-is-layout-flex\">\n<div class=\"wp-block-column is-layout-flow wp-block-column-is-layout-flow\">\n<p>Wenn Sie sp\u00e4ter damit arbeiten m\u00f6chten, finden Sie sie in der Liste der personalisierten Konfigurationen\/Stufen.<\/p>\n<\/div>\n\n\n\n<div class=\"wp-block-column is-layout-flow wp-block-column-is-layout-flow\">\n<figure class=\"wp-block-image size-full\"><img decoding=\"async\" width=\"1126\" height=\"892\" src=\"https:\/\/neuronup.com\/de\/wp-content\/uploads\/2024\/03\/Personalisierte-Stufen-2.webp\" alt=\"Personalisierte-Stufen (2)\" class=\"wp-image-29660\" srcset=\"https:\/\/neuronup.com\/de\/wp-content\/uploads\/2024\/03\/Personalisierte-Stufen-2-300x238.webp 300w, https:\/\/neuronup.com\/de\/wp-content\/uploads\/2024\/03\/Personalisierte-Stufen-2-768x608.webp 768w, https:\/\/neuronup.com\/de\/wp-content\/uploads\/2024\/03\/Personalisierte-Stufen-2-1024x811.webp 1024w, https:\/\/neuronup.com\/de\/wp-content\/uploads\/2024\/03\/Personalisierte-Stufen-2.webp 1126w\" sizes=\"(max-width: 1126px) 100vw, 1126px\" \/><\/figure>\n<\/div>\n<\/div>\n\n\n\n<div style=\"height:50px\" aria-hidden=\"true\" class=\"wp-block-spacer\"><\/div>\n\n\n\n<div class=\"wp-block-group\"><div class=\"wp-block-group__inner-container is-layout-constrained wp-block-group-is-layout-constrained\">\n<div class=\"wp-block-columns is-layout-flex wp-container-core-columns-is-layout-9d6595d7 wp-block-columns-is-layout-flex\">\n<div class=\"wp-block-column br-0111 p-5 particle-bg anims-fadein-up has-primary-background-color has-background is-layout-flow wp-block-column-is-layout-flow\">\n<h2 class=\"wp-block-heading has-white-color has-text-color\">Erfahren Sie noch mehr \u00fcber<br><strong>NeuronUP<\/strong><\/h2>\n\n\n\n<div class=\"wp-block-buttons is-layout-flex wp-block-buttons-is-layout-flex\">\n<div class=\"wp-block-button--1\" style=\"--button-outline-color:var(--color-white);--button-outline-color-hover:rgba(0,0,0,0.8);\"><a class=\"wp-block-button__link button button-outline   wp-element-button\" href=\"https:\/\/neuronup.com\/de\/informationen-anfordern\/\">Informationen anfordern<\/a><\/div>\n\n<\/div>\n<\/div>\n\n\n\n<div class=\"wp-block-column br-0111 p-5 particle-bg anims-fadein-up has-primary-background-color has-background is-layout-flow wp-block-column-is-layout-flow\">\n<h2 class=\"wp-block-heading has-white-color has-text-color\">Kostenlos testen<\/h2>\n\n\n\n<p class=\"has-white-color has-text-color\">Die Plattform, die <strong>mehr als 3.500 Fachkr\u00e4fte<\/strong> t\u00e4glich nutzen<\/p>\n\n\n\n<div class=\"wp-block-buttons is-layout-flex wp-block-buttons-is-layout-flex\">\n<div class=\"wp-block-button orange-button\" style=\"--button-background:var(--color-custom-1);--button-background-hover:#cc7e00;\"><a class=\"wp-block-button__link button   wp-element-button\" href=\"https:\/\/neuronup.com\/de\/landing-store-user\/\">Kostenlos testen<img decoding=\"async\" class=\"wp-image-18719\" style=\"width: 8px;\" src=\"\/de\/wp-content\/uploads\/2022\/v3\/icon_rightArrow-white.svg\"><\/a><\/div>\n\n<\/div>\n<\/div>\n<\/div>\n<\/div><\/div>\n\n\n\n<div style=\"height:50px\" aria-hidden=\"true\" class=\"wp-block-spacer\"><\/div>\n\n\n\n<h2 class=\"wp-block-heading\">Wie kann ich eine personalisierte \u00dcbung einer Sitzung hinzuf\u00fcgen?<\/h2>\n\n\n\n<p>Die personaliserten \u00dcbungen k\u00f6nnen auch zu den Sitzungen von NeuronUP hinzugef\u00fcgt werden. Dies funktioniert sowohl f\u00fcr die Sitzungen vor Ort als auch f\u00fcr Sitzungen f\u00fcr zu Hause. Gehen Sie daf\u00fcr wie folgt vor:<\/p>\n\n\n\n<p>1. Gehen Sie zu &#8222;Digitale Sitzungen&#8220; im Punkt &#8222;Sitzungen&#8220; und klicken Sie auf &#8222;<strong>Neue digitale Sitzung<\/strong>&#8222;.<\/p>\n\n\n\n<p>2. Erstellen Sie die Sitzung und f\u00fcgen Sie Aktivit\u00e4ten hinzu, indem Sie auf diese klicken.<\/p>\n\n\n\n<p><strong>3. W\u00e4hlen Sie die Aktivit\u00e4t aus, f\u00fcr welche Sie eine Personalisierung erstellt haben.<\/strong> In diesem Fall &#8222;Sortiere die K\u00e4fer&#8220;<\/p>\n\n\n\n<figure class=\"wp-block-image size-full\"><img decoding=\"async\" width=\"754\" height=\"349\" src=\"https:\/\/neuronup.com\/de\/wp-content\/uploads\/2024\/03\/Sitzung-erstellen-1.webp\" alt=\"Sitzung-erstellen\" class=\"wp-image-29614\" srcset=\"https:\/\/neuronup.com\/de\/wp-content\/uploads\/2024\/03\/Sitzung-erstellen-1-300x139.webp 300w, https:\/\/neuronup.com\/de\/wp-content\/uploads\/2024\/03\/Sitzung-erstellen-1.webp 754w\" sizes=\"(max-width: 754px) 100vw, 754px\" \/><\/figure>\n\n\n\n<p>4. Sobald Sie die Sitzung hinzugef\u00fcgt haben, <strong>klicken Sie sie auf der linken des Bildschirms unter &#8222;Sitzungsinhalt&#8220; an<\/strong> (siehe n\u00e4chstes Bild).<\/p>\n\n\n\n<p>5. Aktivieren Sie anschlie\u00dfend den<strong> Filter &#8222;Ausw\u00e4hlen mit welchem Schwierigkeitsgrad und Modus Sie beginnen&#8220;<\/strong> und Sie sehen die verschiedenen Personalisierungen, die Sie f\u00fcr diese Aktivit\u00e4t erstellt haben.<\/p>\n\n\n\n<p>6. W\u00e4hlen Sie die von Ihnen erstellte Personalisierung aus. In diesem Beispiel haben wir die Anpasung &#8222;Frau Linde&#8220; gew\u00e4hlt. Auf diese Weise werden Ihre Patient:innen die personalisierte Aktivit\u00e4t in der Sitzung durchf\u00fchren.<\/p>\n\n\n\n<figure class=\"wp-block-image size-full\"><img decoding=\"async\" width=\"759\" height=\"394\" src=\"https:\/\/neuronup.com\/de\/wp-content\/uploads\/2024\/03\/Aktivitaet-zur-Sitzung-hinzufuegen.webp\" alt=\"Aktivit\u00e4t-zur-Sitzung-hinzuf\u00fcgen\" class=\"wp-image-29615\" srcset=\"https:\/\/neuronup.com\/de\/wp-content\/uploads\/2024\/03\/Aktivitaet-zur-Sitzung-hinzufuegen-300x156.webp 300w, https:\/\/neuronup.com\/de\/wp-content\/uploads\/2024\/03\/Aktivitaet-zur-Sitzung-hinzufuegen.webp 759w\" sizes=\"(max-width: 759px) 100vw, 759px\" \/><\/figure>\n","protected":false},"excerpt":{"rendered":"<p>F\u00e4llt es Ihnen schwer, die Motivation Ihrer Patient:innen aufrechtzuerhalten? Verbringen Sie Stunden damit, spannende Aktivit\u00e4ten und \u00dcbungen zu erstellen? In diesem Artikel erl\u00e4utern wir die Vorteile der Personalisierung von \u00dcbungen und Aktivit\u00e4ten und erkl\u00e4ren Schritt f\u00fcr Schritt, wie Sie individuelle \u00dcbungen mit NeuronUP erstellen k\u00f6nnen. Was ist eine personalisierte \u00dcbung? Eine personalisierte \u00dcbung ist eine &hellip;<\/p>\n","protected":false},"author":3,"featured_media":29605,"parent":21885,"menu_order":0,"comment_status":"closed","ping_status":"closed","template":"","meta":{"_acf_changed":false,"_genesis_hide_title":false,"_genesis_hide_breadcrumbs":false,"_genesis_hide_singular_image":false,"_genesis_hide_footer_widgets":false,"_genesis_custom_body_class":"","_genesis_custom_post_class":"","_genesis_layout":"","footnotes":""},"class_list":{"1":"page","2":"type-page","6":"entry"},"acf":[],"_links":{"self":[{"href":"https:\/\/neuronup.com\/de\/wp-json\/wp\/v2\/pages\/29604","targetHints":{"allow":["GET"]}}],"collection":[{"href":"https:\/\/neuronup.com\/de\/wp-json\/wp\/v2\/pages"}],"about":[{"href":"https:\/\/neuronup.com\/de\/wp-json\/wp\/v2\/types\/page"}],"author":[{"embeddable":true,"href":"https:\/\/neuronup.com\/de\/wp-json\/wp\/v2\/users\/3"}],"replies":[{"embeddable":true,"href":"https:\/\/neuronup.com\/de\/wp-json\/wp\/v2\/comments?post=29604"}],"version-history":[{"count":0,"href":"https:\/\/neuronup.com\/de\/wp-json\/wp\/v2\/pages\/29604\/revisions"}],"up":[{"embeddable":true,"href":"https:\/\/neuronup.com\/de\/wp-json\/wp\/v2\/pages\/21885"}],"wp:featuredmedia":[{"embeddable":true,"href":"https:\/\/neuronup.com\/de\/wp-json\/wp\/v2\/media\/29605"}],"wp:attachment":[{"href":"https:\/\/neuronup.com\/de\/wp-json\/wp\/v2\/media?parent=29604"}],"curies":[{"name":"wp","href":"https:\/\/api.w.org\/{rel}","templated":true}]}}