{"id":28936,"date":"2024-03-07T10:21:11","date_gmt":"2024-03-07T08:21:11","guid":{"rendered":"https:\/\/neuronup.com\/de\/?page_id=28936"},"modified":"2025-04-11T14:14:56","modified_gmt":"2025-04-11T12:14:56","slug":"materialien-fuer-neuronup-kunden","status":"publish","type":"page","link":"https:\/\/neuronup.com\/de\/materialien-fuer-neuronup-kunden\/","title":{"rendered":"Materialien f\u00fcr NeuronUP-Kunden"},"content":{"rendered":"\n<div class=\"wp-block-columns testimonial-block is-layout-flex wp-container-core-columns-is-layout-9d6595d7 wp-block-columns-is-layout-flex\">\n<div class=\"wp-block-column is-layout-flow wp-block-column-is-layout-flow\" style=\"flex-basis:100%\">\n<figure class=\"wp-block-image size-large\"><img decoding=\"async\" src=\"https:\/\/www.neuronup.com\/wp-content\/uploads\/2021\/11\/Presentacion-de-NeuronUP.webp\" alt=\"Presentaci\u00f3n de NeuronUP\"\/><\/figure>\n<\/div>\n\n\n\n<div class=\"wp-block-column is-layout-flow wp-block-column-is-layout-flow\" style=\"flex-basis:100%\">\n<h2 class=\"wp-block-heading\"><strong>NeuronUP<\/strong> Pr\u00e4sentation<\/h2>\n\n\n\n<p>Dieses Dokument erkl\u00e4rt, was NeuronUP ist. Wir zeigen Ihnen, wie die Plattform aussieht und mit welchen Funktionen Sie arbeiten k\u00f6nnen.<\/p>\n\n\n\n<ul class=\"wp-block-list\">\n<li>Personalisierung der Aktivit\u00e4ten,<\/li>\n\n\n\n<li>Planung Ihrer Behandlung,<\/li>\n\n\n\n<li>Erstellen von Remote-Sitzungen,<\/li>\n\n\n\n<li>Analyse der Fortschritte Ihrer Patient:innen.<\/li>\n<\/ul>\n\n\n\n<div class=\"wp-block-buttons is-layout-flex wp-block-buttons-is-layout-flex\">\n<div class=\"wp-block-button\"><a class=\"wp-block-button__link button wp-element-button\" href=\"https:\/\/neuronup.com\/de\/wp-content\/uploads\/2024\/03\/NeuronUP-Praesentation.pdf\">Pr\u00e4sentation herunterladen<\/a><\/div>\n<\/div>\n<\/div>\n<\/div>\n\n\n\n<div style=\"height:60px\" aria-hidden=\"true\" class=\"wp-block-spacer\"><\/div>\n\n\n\n<div class=\"wp-block-columns testimonial-block is-layout-flex wp-container-core-columns-is-layout-9d6595d7 wp-block-columns-is-layout-flex\">\n<div class=\"wp-block-column pl-3 is-layout-flow wp-block-column-is-layout-flow\">\n<p class=\"has-text-align-center is-style-subheading has-primary-color has-text-color\">Poster A3<\/p>\n\n\n\n<h2 class=\"wp-block-heading has-text-align-center\">&#8222;Wir arbeiten mit NeuronUP&#8220; <\/h2>\n\n\n\n<p class=\"has-text-align-center\"> Laden Sie sich eines dieser Poster herunter und h\u00e4ngen Sie es in Ihrer Einrichtung auf, um zu zeigen, dass Sie mit NeuronUP arbeiten.<\/p>\n<\/div>\n\n\n\n<div class=\"wp-block-column is-layout-flow wp-block-column-is-layout-flow\"><div class=\"wp-block-image\">\n<figure class=\"aligncenter size-full is-resized\"><img decoding=\"async\" width=\"362\" height=\"512\" src=\"https:\/\/neuronup.com\/de\/wp-content\/uploads\/2024\/03\/Wir-arbeiten-mit-NeuronUP-aktivitaten.webp\" alt=\"\" class=\"wp-image-29397\" style=\"width:250px;height:354px\" srcset=\"https:\/\/neuronup.com\/de\/wp-content\/uploads\/2024\/03\/Wir-arbeiten-mit-NeuronUP-aktivitaten-212x300.webp 212w, https:\/\/neuronup.com\/de\/wp-content\/uploads\/2024\/03\/Wir-arbeiten-mit-NeuronUP-aktivitaten.webp 362w\" sizes=\"(max-width: 362px) 100vw, 362px\" \/><\/figure>\n<\/div>\n\n\n<div class=\"wp-block-buttons is-horizontal is-content-justification-center is-layout-flex wp-container-core-buttons-is-layout-499968f5 wp-block-buttons-is-layout-flex\">\n<div class=\"wp-block-button\"><a class=\"wp-block-button__link button wp-element-button\" href=\"https:\/\/neuronup.com\/de\/wp-content\/uploads\/2024\/03\/Wir-arbeiten-mit-NeuronUP.pdf\">Poster &#8222;Wir arbeiten mit NeuronUP&#8220;<\/a><\/div>\n<\/div>\n<\/div>\n\n\n\n<div class=\"wp-block-column is-layout-flow wp-block-column-is-layout-flow\"><div class=\"wp-block-image\">\n<figure class=\"aligncenter size-full is-resized\"><img decoding=\"async\" width=\"362\" height=\"512\" src=\"https:\/\/neuronup.com\/de\/wp-content\/uploads\/2024\/03\/Wir-arbeiten-mit-NeuronUP-kinder.webp\" alt=\"\" class=\"wp-image-29398\" style=\"width:250px;height:354px\" srcset=\"https:\/\/neuronup.com\/de\/wp-content\/uploads\/2024\/03\/Wir-arbeiten-mit-NeuronUP-kinder-212x300.webp 212w, https:\/\/neuronup.com\/de\/wp-content\/uploads\/2024\/03\/Wir-arbeiten-mit-NeuronUP-kinder.webp 362w\" sizes=\"(max-width: 362px) 100vw, 362px\" \/><\/figure>\n<\/div>\n\n\n<div class=\"wp-block-buttons is-horizontal is-content-justification-center is-layout-flex wp-container-core-buttons-is-layout-499968f5 wp-block-buttons-is-layout-flex\">\n<div class=\"wp-block-button\"><a class=\"wp-block-button__link button wp-element-button\" href=\"https:\/\/neuronup.com\/de\/wp-content\/uploads\/2024\/03\/Wir-arbeiten-mit-NeuronUP-kinder.pdf\">Poster Neuroni &#8222;Wir arbeiten mit NeuronUP&#8220; <\/a><\/div>\n<\/div>\n<\/div>\n<\/div>\n\n\n\n<div style=\"height:60px\" aria-hidden=\"true\" class=\"wp-block-spacer\"><\/div>\n\n\n\n<div class=\"wp-block-group testimonial-block\"><div class=\"wp-block-group__inner-container is-layout-flow wp-block-group-is-layout-flow\">\n<h2 class=\"wp-block-heading has-text-align-center\"> Personalisierte Urkunde von NeuronUP<\/h2>\n\n\n\n<p class=\"has-text-align-center has-xxl-margin-bottom\"> Belohnen Sie Ihre Patient:innen mit einer <strong>personalisierten NeuronUP-Urkunde versehen mit ihren Namen.<\/strong><\/p>\n\n\n\n<div class=\"wp-block-columns is-layout-flex wp-container-core-columns-is-layout-9d6595d7 wp-block-columns-is-layout-flex\">\n<div class=\"wp-block-column is-layout-flow wp-block-column-is-layout-flow\"><div class=\"wp-block-image\">\n<figure class=\"aligncenter size-full\"><img decoding=\"async\" width=\"512\" height=\"362\" src=\"https:\/\/neuronup.com\/de\/wp-content\/uploads\/2024\/03\/diplom-neuronup-Erwachsene.webp\" alt=\"\" class=\"wp-image-29394\" srcset=\"https:\/\/neuronup.com\/de\/wp-content\/uploads\/2024\/03\/diplom-neuronup-Erwachsene-300x212.webp 300w, https:\/\/neuronup.com\/de\/wp-content\/uploads\/2024\/03\/diplom-neuronup-Erwachsene.webp 512w\" sizes=\"(max-width: 512px) 100vw, 512px\" \/><\/figure>\n<\/div>\n\n\n<p class=\"p-3\">Mit dieser Urkunde k\u00f6nnen Sie die <strong>Arbeit Ihrer Patient:innen<\/strong> mit NeuronUP belohnen. Denn jeder von uns freut sich, wenn unsere Arbeit anerkannt wird!<\/p>\n\n\n\n<div class=\"wp-block-buttons is-horizontal is-content-justification-center is-layout-flex wp-container-core-buttons-is-layout-499968f5 wp-block-buttons-is-layout-flex\">\n<div class=\"wp-block-button\"><a class=\"wp-block-button__link button wp-element-button\" href=\"https:\/\/neuronup.com\/de\/wp-content\/uploads\/2024\/03\/Urkunde-NeuronUP.pdf\">Urkunde f\u00fcr Erwachsene herunterladen<\/a><\/div>\n<\/div>\n<\/div>\n\n\n\n<div class=\"wp-block-column is-layout-flow wp-block-column-is-layout-flow\"><div class=\"wp-block-image\">\n<figure class=\"aligncenter size-full\"><img decoding=\"async\" width=\"512\" height=\"362\" src=\"https:\/\/neuronup.com\/de\/wp-content\/uploads\/2024\/03\/diplom-neuronup-kinder.webp\" alt=\"\" class=\"wp-image-29395\" srcset=\"https:\/\/neuronup.com\/de\/wp-content\/uploads\/2024\/03\/diplom-neuronup-kinder-300x212.webp 300w, https:\/\/neuronup.com\/de\/wp-content\/uploads\/2024\/03\/diplom-neuronup-kinder.webp 512w\" sizes=\"(max-width: 512px) 100vw, 512px\" \/><\/figure>\n<\/div>\n\n\n<p class=\"p-3\">Wir von NeuronUP m\u00f6chten allen Jungen und M\u00e4dchen eine <strong>Urkunde als Anerkennung<\/strong> f\u00fcr ihre <strong>gute Arbeit mit der Plattform <\/strong>verleihen. Laden Sie die Urkunde herunter und \u00fcberreichen Sie den Kindern ihre Auszeichnung!<\/p>\n\n\n\n<div class=\"wp-block-buttons is-horizontal is-content-justification-center is-layout-flex wp-container-core-buttons-is-layout-499968f5 wp-block-buttons-is-layout-flex\">\n<div class=\"wp-block-button\"><a class=\"wp-block-button__link button wp-element-button\" href=\"https:\/\/neuronup.com\/de\/wp-content\/uploads\/2024\/03\/diplom-neuronup-kinder.pdf\"> Urkunde f\u00fcr Kinder herunterladen<\/a><\/div>\n<\/div>\n\n\n<\/div>\n<\/div>\n<\/div><\/div>\n\n\n\n<h2 class=\"wp-block-heading has-text-align-center\">Sitzungen f\u00fcr zu Hause mit NeuronUP &#8211; Telerehabilitation<\/h2>\n\n\n\n<div style=\"height:60px\" aria-hidden=\"true\" class=\"wp-block-spacer\"><\/div>\n\n\n\n<div class=\"wp-block-group testimonial-block\"><div class=\"wp-block-group__inner-container is-layout-flow wp-block-group-is-layout-flow\">\n<p class=\"has-text-align-center is-style-subheading has-primary-color has-text-color has-lg-margin-top\" id=\"carteles-sesiones\"> poster<\/p>\n\n\n\n<h3 class=\"wp-block-heading has-text-align-center\">Sitzungen f\u00fcr zu Hause<\/h3>\n\n\n\n<p class=\"pl-5 pr-5\">M\u00f6chten Sie die M\u00f6glichkeit f\u00fcr <strong>Remote-Sitzungen mit NeuronUP<\/strong> in Ihrer Einrichtung bekannt machen? Wir machen es Ihnen leicht!<\/p>\n\n\n\n<p class=\"pl-5 pr-5 has-xl-margin-bottom\">Wir haben eine Infografik erstellt, damit Sie die M\u00f6glichkeit der Remote-Sitzungen unter ihren Patient:innen und deren Familien bewerben k\u00f6nnen. Sie k\u00f6nnen diese als Flyer oder Poster bis zu einer Gr\u00f6\u00dfe von A3 drucken. W\u00e4hlen Sie das Poster aus, welches am besten zum Profil Ihrer Patient:innen passt!<\/p>\n\n\n\n<div class=\"wp-block-columns is-layout-flex wp-container-core-columns-is-layout-9d6595d7 wp-block-columns-is-layout-flex\">\n<div class=\"wp-block-column is-layout-flow wp-block-column-is-layout-flow\"><div class=\"wp-block-image\">\n<figure class=\"aligncenter size-full\"><img decoding=\"async\" width=\"362\" height=\"512\" src=\"https:\/\/neuronup.com\/de\/wp-content\/uploads\/2024\/03\/5-Vorteile-der-Arbeit-von-zu-Hause-kinder.webp\" alt=\"\" class=\"wp-image-29400\" srcset=\"https:\/\/neuronup.com\/de\/wp-content\/uploads\/2024\/03\/5-Vorteile-der-Arbeit-von-zu-Hause-kinder-212x300.webp 212w, https:\/\/neuronup.com\/de\/wp-content\/uploads\/2024\/03\/5-Vorteile-der-Arbeit-von-zu-Hause-kinder.webp 362w\" sizes=\"(max-width: 362px) 100vw, 362px\" \/><\/figure>\n<\/div>\n\n\n<div class=\"wp-block-buttons is-horizontal is-content-justification-center is-layout-flex wp-container-core-buttons-is-layout-499968f5 wp-block-buttons-is-layout-flex\">\n<div class=\"wp-block-button\"><a class=\"wp-block-button__link button wp-element-button\" href=\"https:\/\/neuronup.com\/de\/wp-content\/uploads\/2024\/03\/5-Vorteile-der-Arbeit-von-zu-Hause-kinder.webp\">Kinder<\/a><\/div>\n<\/div>\n<\/div>\n\n\n\n<div class=\"wp-block-column is-layout-flow wp-block-column-is-layout-flow\"><div class=\"wp-block-image\">\n<figure class=\"aligncenter size-full\"><img decoding=\"async\" width=\"362\" height=\"512\" src=\"https:\/\/neuronup.com\/de\/wp-content\/uploads\/2024\/03\/5-Vorteile-der-Arbeit-von-zu-Hause-ErwachseneKinder.webp\" alt=\"\" class=\"wp-image-29393\" srcset=\"https:\/\/neuronup.com\/de\/wp-content\/uploads\/2024\/03\/5-Vorteile-der-Arbeit-von-zu-Hause-ErwachseneKinder-212x300.webp 212w, https:\/\/neuronup.com\/de\/wp-content\/uploads\/2024\/03\/5-Vorteile-der-Arbeit-von-zu-Hause-ErwachseneKinder.webp 362w\" sizes=\"(max-width: 362px) 100vw, 362px\" \/><\/figure>\n<\/div>\n\n\n<div class=\"wp-block-buttons is-horizontal is-content-justification-center is-layout-flex wp-container-core-buttons-is-layout-499968f5 wp-block-buttons-is-layout-flex\">\n<div class=\"wp-block-button\"><a class=\"wp-block-button__link button wp-element-button\" href=\"https:\/\/neuronup.com\/de\/wp-content\/uploads\/2024\/03\/5-Vorteile-der-Arbeit-von-zu-Hause-Erwachsene-Kinder.pdf\">Kinder und Erwachsene<\/a><\/div>\n<\/div>\n<\/div>\n\n\n\n<div class=\"wp-block-column is-layout-flow wp-block-column-is-layout-flow\"><div class=\"wp-block-image\">\n<figure class=\"aligncenter size-full\"><img decoding=\"async\" width=\"362\" height=\"512\" src=\"https:\/\/neuronup.com\/de\/wp-content\/uploads\/2024\/03\/5-Vorteile-der-Arbeit-von-zu-Hause-Erwachsene.webp\" alt=\"\" class=\"wp-image-29392\" srcset=\"https:\/\/neuronup.com\/de\/wp-content\/uploads\/2024\/03\/5-Vorteile-der-Arbeit-von-zu-Hause-Erwachsene-212x300.webp 212w, https:\/\/neuronup.com\/de\/wp-content\/uploads\/2024\/03\/5-Vorteile-der-Arbeit-von-zu-Hause-Erwachsene.webp 362w\" sizes=\"(max-width: 362px) 100vw, 362px\" \/><\/figure>\n<\/div>\n\n\n<div class=\"wp-block-buttons is-horizontal is-content-justification-center is-layout-flex wp-container-core-buttons-is-layout-499968f5 wp-block-buttons-is-layout-flex\">\n<div class=\"wp-block-button\"><a class=\"wp-block-button__link button wp-element-button\" href=\"https:\/\/neuronup.com\/de\/wp-content\/uploads\/2024\/03\/5-Vorteile-der-Arbeit-von-zu-Hause-Erwachsene.pdf\">Erwachsene<\/a><\/div>\n<\/div>\n<\/div>\n\n\n\n<div class=\"wp-block-column is-layout-flow wp-block-column-is-layout-flow\"><div class=\"wp-block-image\">\n<figure class=\"aligncenter size-full\"><img decoding=\"async\" width=\"362\" height=\"512\" src=\"https:\/\/neuronup.com\/de\/wp-content\/uploads\/2024\/03\/5-Vorteile-der-Arbeit-von-zu-Hause.webp\" alt=\"\" class=\"wp-image-29391\" srcset=\"https:\/\/neuronup.com\/de\/wp-content\/uploads\/2024\/03\/5-Vorteile-der-Arbeit-von-zu-Hause-212x300.webp 212w, https:\/\/neuronup.com\/de\/wp-content\/uploads\/2024\/03\/5-Vorteile-der-Arbeit-von-zu-Hause.webp 362w\" sizes=\"(max-width: 362px) 100vw, 362px\" \/><\/figure>\n<\/div>\n\n\n<div class=\"wp-block-buttons is-horizontal is-content-justification-center is-layout-flex wp-container-core-buttons-is-layout-499968f5 wp-block-buttons-is-layout-flex\">\n<div class=\"wp-block-button\"><a class=\"wp-block-button__link button wp-element-button\" href=\"https:\/\/neuronup.com\/de\/wp-content\/uploads\/2024\/03\/5-Vorteile-der-Arbeit-von-zu-Hause.pdf\">\u00c4ltere Menschen<\/a><\/div>\n<\/div>\n<\/div>\n<\/div>\n\n\n\n<div style=\"height:30px\" aria-hidden=\"true\" class=\"wp-block-spacer\"><\/div>\n<\/div><\/div>\n\n\n\n<div style=\"height:60px\" aria-hidden=\"true\" class=\"wp-block-spacer\"><\/div>\n\n\n\n<div class=\"wp-block-columns testimonial-block is-layout-flex wp-container-core-columns-is-layout-9d6595d7 wp-block-columns-is-layout-flex\">\n<div class=\"wp-block-column p-5 is-layout-flow wp-block-column-is-layout-flow\">\n<p class=\"is-style-subheading has-primary-color has-text-color\">anleitung<\/p>\n\n\n\n<h3 class=\"wp-block-heading\">Senden Sie die Zugangscodes f\u00fcr NeuronUP2GO an Ihre Patient:innen<\/h3>\n\n\n\n<p><strong>In diesem Dokument k\u00f6nnen Sie den Benutzernamen und das Passwort Ihrer Patient:innen eintragen<\/strong> und es Ihnen senden oder pers\u00f6nlich \u00fcbergeben. So stellen Sie sicher, dass die Patient:innen nicht vergessen, wie sie auf die Plattform zugreifen k\u00f6nnen, um die Sitzungen durchzuf\u00fchren.<\/p>\n\n\n\n<p>Dar\u00fcber hinaus k\u00f6nnen Sie im Abschnitt <strong>&#8218;Notizen&#8216; <\/strong>alle zus\u00e4tzlichen Informationen oder Anmerkungen notieren, die Sie f\u00fcr notwendigen halten. Dies k\u00f6nnen Anleitungen, Sitzungsdatum und -uhrzeit sowie Ihre Kontaktdaten sein, damit die Patient:innen Sie bei Fragen kontaktieren k\u00f6nnen.<\/p>\n<\/div>\n\n\n\n<div class=\"wp-block-column p-5 is-layout-flow wp-block-column-is-layout-flow\"><div class=\"wp-block-image\">\n<figure class=\"aligncenter size-full\"><img decoding=\"async\" width=\"512\" height=\"343\" src=\"https:\/\/neuronup.com\/de\/wp-content\/uploads\/2024\/03\/NeuronUP-von-zu-hause.webp\" alt=\"\" class=\"wp-image-29396\" srcset=\"https:\/\/neuronup.com\/de\/wp-content\/uploads\/2024\/03\/NeuronUP-von-zu-hause-300x201.webp 300w, https:\/\/neuronup.com\/de\/wp-content\/uploads\/2024\/03\/NeuronUP-von-zu-hause.webp 512w\" sizes=\"(max-width: 512px) 100vw, 512px\" \/><\/figure>\n<\/div>\n\n\n<div class=\"wp-block-buttons is-horizontal is-content-justification-center is-layout-flex wp-container-core-buttons-is-layout-499968f5 wp-block-buttons-is-layout-flex\">\n<div class=\"wp-block-button\"><a class=\"wp-block-button__link button wp-element-button\" href=\"https:\/\/neuronup.com\/de\/wp-content\/uploads\/2024\/03\/NeuronUP-von-zu-Hause.pdf\">Anleitung f\u00fcr NeuronUP2GO herunterladen<\/a><\/div>\n<\/div>\n<\/div>\n<\/div>\n\n\n\n<div class=\"wp-block-group testimonial-block mt-5\"><div class=\"wp-block-group__inner-container is-layout-flow wp-block-group-is-layout-flow\">\n<p class=\"has-text-align-center is-style-subheading has-primary-color has-text-color has-xl-margin-top\">LOGO<\/p>\n\n\n\n<p class=\"has-text-align-center\">M\u00f6chten Sie auf Ihrer Webseite oder in den sozialen Medien zeigen, dass Sie mit NeuronUP arbeiten?<\/p>\n\n\n\n<p class=\"has-text-align-center has-xxl-margin-bottom\">Hier finden Sie unser Logo, damit Sie es verwenden k\u00f6nnen. Wenn Sie es in einer anderen Aufl\u00f6sung ben\u00f6tigen, z\u00f6gern Sie nicht, uns zu kontaktieren.<\/p>\n\n\n\n<div class=\"wp-block-columns is-layout-flex wp-container-core-columns-is-layout-9d6595d7 wp-block-columns-is-layout-flex\">\n<div class=\"wp-block-column is-layout-flow wp-block-column-is-layout-flow\"><div class=\"wp-block-image is-style-default download\">\n<figure class=\"aligncenter size-large is-resized\"><a href=\"https:\/\/neuronup.com\/de\/wp-content\/uploads\/2022\/10\/neuronup_logo.webp\"><img decoding=\"async\" width=\"1024\" height=\"428\" src=\"https:\/\/neuronup.com\/de\/wp-content\/uploads\/2022\/10\/neuronup_logo-1024x428.webp\" alt=\"\" class=\"wp-image-17765\" style=\"width:300px;height:undefinedpx\" srcset=\"https:\/\/neuronup.com\/de\/wp-content\/uploads\/2022\/10\/neuronup_logo-300x125.webp 300w, https:\/\/neuronup.com\/de\/wp-content\/uploads\/2022\/10\/neuronup_logo-768x321.webp 768w, https:\/\/neuronup.com\/de\/wp-content\/uploads\/2022\/10\/neuronup_logo-1024x428.webp 1024w, https:\/\/neuronup.com\/de\/wp-content\/uploads\/2022\/10\/neuronup_logo-1536x642.webp 1536w, https:\/\/neuronup.com\/de\/wp-content\/uploads\/2022\/10\/neuronup_logo.webp 2000w\" sizes=\"(max-width: 1024px) 100vw, 1024px\" \/><\/a><\/figure>\n<\/div>\n\n\n<div class=\"wp-block-buttons is-content-justification-center is-layout-flex wp-container-core-buttons-is-layout-16018d1d wp-block-buttons-is-layout-flex\">\n<div class=\"wp-block-button\"><a class=\"wp-block-button__link button button-link wp-element-button\" href=\"https:\/\/www.neuronup.com\/de\/wp-content\/uploads\/2022\/10\/neuronup_logo.webp\">Logo von NeuronUP herunterladen<\/a><\/div>\n<\/div>\n<\/div>\n\n\n\n<div class=\"wp-block-column has-primary-background-color has-background is-layout-flow wp-block-column-is-layout-flow\"><div class=\"wp-block-image is-style-default download\">\n<figure class=\"aligncenter size-large is-resized\"><a href=\"https:\/\/neuronup.com\/de\/wp-content\/uploads\/2022\/10\/neuronup_logo-negativo.webp\"><img decoding=\"async\" width=\"1024\" height=\"428\" src=\"https:\/\/neuronup.com\/de\/wp-content\/uploads\/2022\/10\/neuronup_logo-negativo-1024x428.webp\" alt=\"\" class=\"wp-image-17764\" style=\"width:300px;height:undefinedpx\" srcset=\"https:\/\/neuronup.com\/de\/wp-content\/uploads\/2022\/10\/neuronup_logo-negativo-300x125.webp 300w, https:\/\/neuronup.com\/de\/wp-content\/uploads\/2022\/10\/neuronup_logo-negativo-768x321.webp 768w, https:\/\/neuronup.com\/de\/wp-content\/uploads\/2022\/10\/neuronup_logo-negativo-1024x428.webp 1024w, https:\/\/neuronup.com\/de\/wp-content\/uploads\/2022\/10\/neuronup_logo-negativo-1536x642.webp 1536w, https:\/\/neuronup.com\/de\/wp-content\/uploads\/2022\/10\/neuronup_logo-negativo.webp 2000w\" sizes=\"(max-width: 1024px) 100vw, 1024px\" \/><\/a><\/figure>\n<\/div>\n\n\n<div class=\"wp-block-buttons is-content-justification-center is-layout-flex wp-container-core-buttons-is-layout-16018d1d wp-block-buttons-is-layout-flex\">\n<div class=\"wp-block-button\" style=\"--button-link-color:var(--color-white);\"><a class=\"wp-block-button__link button button-link   wp-element-button\" href=\"https:\/\/www.neuronup.com\/de\/wp-content\/uploads\/2022\/10\/neuronup_logo-negativo.webp\">Logo von NeuronUP mit Hintergrund herunterladen<\/a><\/div>\n\n<\/div>\n<\/div>\n<\/div>\n<\/div><\/div>\n","protected":false},"excerpt":{"rendered":"<p>NeuronUP Pr\u00e4sentation Dieses Dokument erkl\u00e4rt, was NeuronUP ist. Wir zeigen Ihnen, wie die Plattform aussieht und mit welchen Funktionen Sie arbeiten k\u00f6nnen. Poster A3 &#8222;Wir arbeiten mit NeuronUP&#8220; Laden Sie sich eines dieser Poster herunter und h\u00e4ngen Sie es in Ihrer Einrichtung auf, um zu zeigen, dass Sie mit NeuronUP arbeiten. Personalisierte Urkunde von NeuronUP &hellip;<\/p>\n","protected":false},"author":134,"featured_media":0,"parent":0,"menu_order":0,"comment_status":"closed","ping_status":"closed","template":"","meta":{"_acf_changed":false,"_genesis_hide_title":false,"_genesis_hide_breadcrumbs":false,"_genesis_hide_singular_image":false,"_genesis_hide_footer_widgets":false,"_genesis_custom_body_class":"","_genesis_custom_post_class":"","_genesis_layout":"wide-content","footnotes":""},"class_list":{"1":"page","2":"type-page","5":"entry"},"acf":[],"_links":{"self":[{"href":"https:\/\/neuronup.com\/de\/wp-json\/wp\/v2\/pages\/28936","targetHints":{"allow":["GET"]}}],"collection":[{"href":"https:\/\/neuronup.com\/de\/wp-json\/wp\/v2\/pages"}],"about":[{"href":"https:\/\/neuronup.com\/de\/wp-json\/wp\/v2\/types\/page"}],"author":[{"embeddable":true,"href":"https:\/\/neuronup.com\/de\/wp-json\/wp\/v2\/users\/134"}],"replies":[{"embeddable":true,"href":"https:\/\/neuronup.com\/de\/wp-json\/wp\/v2\/comments?post=28936"}],"version-history":[{"count":0,"href":"https:\/\/neuronup.com\/de\/wp-json\/wp\/v2\/pages\/28936\/revisions"}],"wp:attachment":[{"href":"https:\/\/neuronup.com\/de\/wp-json\/wp\/v2\/media?parent=28936"}],"curies":[{"name":"wp","href":"https:\/\/api.w.org\/{rel}","templated":true}]}}