{"id":28916,"date":"2024-03-11T14:20:50","date_gmt":"2024-03-11T12:20:50","guid":{"rendered":"https:\/\/neuronup.com\/de\/?page_id=28916"},"modified":"2025-09-18T12:28:38","modified_gmt":"2025-09-18T10:28:38","slug":"hilfe-center-von-neuronup","status":"publish","type":"page","link":"https:\/\/neuronup.com\/de\/hilfe-center-von-neuronup\/","title":{"rendered":"Hilfe-Center von NeuronUP"},"content":{"rendered":"\n<h1 class=\"wp-block-heading has-text-align-center\">Hilfe-Center von NeuronUP<\/h1>\n\n\n\n<h2 class=\"wp-block-heading alignfull has-text-align-center has-lg-font-size has-no-margin-top has-lg-margin-bottom\">Profitieren Sie von den Handb\u00fcchern und Videos, die wir erstellt haben, um Ihnen zu helfen, das Beste aus der Plattform herauszuholen.<\/h2>\n\n\n\n<div class=\"wp-block-columns is-layout-flex wp-container-core-columns-is-layout-9d6595d7 wp-block-columns-is-layout-flex\">\n<div class=\"wp-block-column p-4 is-layout-flow wp-block-column-is-layout-flow\"><div class=\"wp-block-image blog-br-0101\">\n<figure class=\"aligncenter size-full is-resized\"><a href=\"https:\/\/neuronup.com\/de\/handbuecher-von-neuronup-2\/\"><img decoding=\"async\" width=\"500\" height=\"350\" src=\"https:\/\/neuronup.com\/de\/wp-content\/uploads\/2024\/03\/neuronup-handbuch.webp\" alt=\"\" class=\"wp-image-29543\" style=\"width:300px\" srcset=\"https:\/\/neuronup.com\/de\/wp-content\/uploads\/2024\/03\/neuronup-handbuch-300x210.webp 300w, https:\/\/neuronup.com\/de\/wp-content\/uploads\/2024\/03\/neuronup-handbuch.webp 500w\" sizes=\"(max-width: 500px) 100vw, 500px\" \/><\/a><\/figure>\n<\/div>\n\n\n<h3 class=\"wp-block-heading has-text-align-center has-xl-margin-top\"><small style=\"font-size: 14px;\">[PDF]<\/small> Handb\u00fccher zur Nutzung von NeuronUP<\/h3>\n\n\n\n<p class=\"has-text-align-center\">In diesem Abschnitt finden Sie Handb\u00fccher, um zu lernen, wie Sie das Beste aus NeuronUP herausholen k\u00f6nnen.<\/p>\n\n\n\n<div class=\"wp-block-buttons is-content-justification-center is-layout-flex wp-container-core-buttons-is-layout-16018d1d wp-block-buttons-is-layout-flex\">\n<div class=\"wp-block-button alignleft--1\" style=\"--button-outline-color:var(--color-primary);\"><a class=\"wp-block-button__link button button-outline   has-text-align-center wp-element-button\" href=\"https:\/\/neuronup.com\/de\/handbuecher-von-neuronup-2\/\">Handb\u00fccher ansehen<\/a><\/div>\n\n<\/div>\n<\/div>\n\n\n\n<div class=\"wp-block-column p-4 is-layout-flow wp-block-column-is-layout-flow\"><div class=\"wp-block-image blog-br-0101\">\n<figure class=\"aligncenter size-full is-resized\"><a href=\"https:\/\/neuronup.us\/help-center-neuronup-faqs-troubleshooting\/\"><img decoding=\"async\" width=\"500\" height=\"350\" src=\"https:\/\/neuronup.com\/de\/wp-content\/uploads\/2024\/02\/neuronup-videos-englisch.webp\" alt=\"neuronup-videos-englisch\" class=\"wp-image-28917\" style=\"width:300px\" srcset=\"https:\/\/neuronup.com\/de\/wp-content\/uploads\/2024\/02\/neuronup-videos-englisch-300x210.webp 300w, https:\/\/neuronup.com\/de\/wp-content\/uploads\/2024\/02\/neuronup-videos-englisch.webp 500w\" sizes=\"(max-width: 500px) 100vw, 500px\" \/><\/a><\/figure>\n<\/div>\n\n\n<h3 class=\"wp-block-heading has-text-align-center has-xl-margin-top\"><small style=\"font-size: 14px;\">[VIDEO]<\/small> Schulungsvideos<\/h3>\n\n\n\n<p class=\"has-text-align-center\"><br>Auf dieser Seite finden Sie Schulungsvideos, in denen wir <strong>Ihnen<\/strong> <strong>die Funktionsweise von NeuronUP erkl\u00e4ren<\/strong>.<\/p>\n\n\n\n<p class=\"has-text-align-center\">Aktuell stehen Ihnen die Videos leider nur auf Englisch zur Verf\u00fcgung. Wir arbeiten bereits an einer deutschen \u00dcbersetzung.<\/p>\n\n\n\n<div class=\"wp-block-buttons is-content-justification-center is-layout-flex wp-container-core-buttons-is-layout-16018d1d wp-block-buttons-is-layout-flex\">\n<div class=\"wp-block-button alignleft--2\" style=\"--button-outline-color:var(--color-primary);\"><a class=\"wp-block-button__link button button-outline   wp-element-button\" href=\"https:\/\/neuronup.us\/help-center-neuronup-faqs-troubleshooting\/\">Schulungsvideos ansehen<\/a><\/div>\n\n<\/div>\n<\/div>\n<\/div>\n\n\n\n<div style=\"height:30px\" aria-hidden=\"true\" class=\"wp-block-spacer\"><\/div>\n\n\n\n<div class=\"wp-block-columns particle-bg br-0101 has-primary-background-color has-background is-layout-flex wp-container-core-columns-is-layout-9d6595d7 wp-block-columns-is-layout-flex\">\n<div class=\"wp-block-column is-layout-flow wp-block-column-is-layout-flow\" style=\"flex-basis:100%\">\n<div class=\"wp-block-group\"><div class=\"wp-block-group__inner-container is-layout-flow wp-block-group-is-layout-flow\">\n<p class=\"has-text-align-center has-white-color has-text-color\"> Wenn Sie Fragen zu Funktionen der NeuronUP Plattform haben, schreiben Sie uns \u00fcber den Chat und wir werden Ihnen so schnell wie m\u00f6glich helfen.<\/p>\n\n\n\n<div class=\"wp-block-buttons is-horizontal is-content-justification-center is-layout-flex wp-container-core-buttons-is-layout-499968f5 wp-block-buttons-is-layout-flex\">\n<div class=\"wp-block-button--3\" id=\"intercom_link\" style=\"--button-outline-color:var(--color-white);--button-outline-color-hover:rgba(0,0,0,0.8);\"><a class=\"wp-block-button__link button button-outline   wp-element-button\">Chat \u00f6ffnen<\/a><\/div>\n\n<\/div>\n<\/div><\/div>\n<\/div>\n<\/div>\n\n\n\n<div style=\"height:80px\" aria-hidden=\"true\" class=\"wp-block-spacer\"><\/div>\n\n\n\n<div class=\"wp-block-columns is-layout-flex wp-container-core-columns-is-layout-9d6595d7 wp-block-columns-is-layout-flex\">\n<div class=\"wp-block-column is-layout-flow wp-block-column-is-layout-flow\" style=\"flex-basis:45%\">\n<div class=\"wp-block-group br-0101 has-alt-background-color has-background has-light-background has-md-padding-top has-md-padding-bottom has-md-padding-left has-md-padding-right\"><div class=\"wp-block-group__inner-container is-layout-constrained wp-block-group-is-layout-constrained\">\n<h2 class=\"wp-block-heading\">Fragen zu  Funktionen von NeuronUP<\/h2>\n\n\n\n<p>Wenn Sie Kunde von NeuronUP sind oder die Plattform aktuell testen und Fragen zur Nutzung haben, senden Sie uns eine Anfrage<\/p>\n<\/div><\/div>\n\n<\/div>\n\n\n\n<div class=\"wp-block-column is-layout-flow wp-block-column-is-layout-flow\" style=\"flex-basis:55%\">\n<div class=\"hs-form-frame\" data-region=\"eu1\" data-form-id=\"50e47f5b-8c74-46d1-8d2e-3c3a9b02b8d8\" data-portal-id=\"143501970\"><\/div>\n<\/div>\n<\/div>\n","protected":false},"excerpt":{"rendered":"<p>Hilfe-Center von NeuronUP Profitieren Sie von den Handb\u00fcchern und Videos, die wir erstellt haben, um Ihnen zu helfen, das Beste aus der Plattform herauszuholen. [PDF] Handb\u00fccher zur Nutzung von NeuronUP In diesem Abschnitt finden Sie Handb\u00fccher, um zu lernen, wie Sie das Beste aus NeuronUP herausholen k\u00f6nnen. [VIDEO] Schulungsvideos Auf dieser Seite finden Sie Schulungsvideos, &hellip;<\/p>\n","protected":false},"author":134,"featured_media":0,"parent":0,"menu_order":0,"comment_status":"closed","ping_status":"closed","template":"","meta":{"_acf_changed":false,"_genesis_hide_title":false,"_genesis_hide_breadcrumbs":false,"_genesis_hide_singular_image":false,"_genesis_hide_footer_widgets":false,"_genesis_custom_body_class":"","_genesis_custom_post_class":"","_genesis_layout":"wide-content","footnotes":""},"class_list":{"1":"page","2":"type-page","5":"entry"},"acf":[],"_links":{"self":[{"href":"https:\/\/neuronup.com\/de\/wp-json\/wp\/v2\/pages\/28916","targetHints":{"allow":["GET"]}}],"collection":[{"href":"https:\/\/neuronup.com\/de\/wp-json\/wp\/v2\/pages"}],"about":[{"href":"https:\/\/neuronup.com\/de\/wp-json\/wp\/v2\/types\/page"}],"author":[{"embeddable":true,"href":"https:\/\/neuronup.com\/de\/wp-json\/wp\/v2\/users\/134"}],"replies":[{"embeddable":true,"href":"https:\/\/neuronup.com\/de\/wp-json\/wp\/v2\/comments?post=28916"}],"version-history":[{"count":0,"href":"https:\/\/neuronup.com\/de\/wp-json\/wp\/v2\/pages\/28916\/revisions"}],"wp:attachment":[{"href":"https:\/\/neuronup.com\/de\/wp-json\/wp\/v2\/media?parent=28916"}],"curies":[{"name":"wp","href":"https:\/\/api.w.org\/{rel}","templated":true}]}}