{"id":28805,"date":"2024-04-09T13:48:47","date_gmt":"2024-04-09T11:48:47","guid":{"rendered":"https:\/\/neuronup.com\/de\/?page_id=28805"},"modified":"2025-04-04T17:07:38","modified_gmt":"2025-04-04T15:07:38","slug":"loesungen-fuer-fachkraefte-im-bereich-der-neurorehabilitation","status":"publish","type":"page","link":"https:\/\/neuronup.com\/de\/loesungen-fuer-fachkraefte-im-bereich-der-neurorehabilitation\/","title":{"rendered":"L\u00f6sungen f\u00fcr Fachkr\u00e4fte im Bereich der Neurorehabilitation"},"content":{"rendered":"\n<div class=\"wp-block-columns is-layout-flex wp-container-core-columns-is-layout-9d6595d7 wp-block-columns-is-layout-flex\">\n<div class=\"wp-block-column is-layout-flow wp-block-column-is-layout-flow\" style=\"flex-basis:66.66%\">\n<h2 class=\"wp-block-heading\">NeuronUP ist eine Anwendung, die <strong>Therapeut:innen Werkzeuge<\/strong> an die Hand gibt, um die gr\u00f6\u00dftm\u00f6gliche Autonomie der Patient:innen zu erreichen.<\/h2>\n\n\n\n<p>Eine therapeutische Intervention mit NeuronUP erleichtert die Arbeit sowohl auf kognitiver als auch auf Verhaltensebene, um das Selbstwertgef\u00fchl der Patient:innen wiederherzustellen, die erhaltenen F\u00e4higkeiten zu verbessern, die bestm\u00f6gliche soziale Wiedereingliederung zu erreichen und das famili\u00e4re Umfeld \u00fcber die Entwicklung der betroffenen Person zu informieren und zu beraten.<\/p>\n\n\n\n<p>NeuronUP erm\u00f6glicht es, <strong>traditionelle Methoden<\/strong> der  Rehabilitation mit der Einf\u00fchrung neuer Technologien zu kombinieren. Der Schwerpunkt liegt darauf, Techniken aus der <strong>Forschung<\/strong> anzuwenden, um Defizite im Rahmen von neurologischen St\u00f6rungen zu verbessern. Die sich daraus ergebenen Auswirkungen sollen f\u00fcr die Patient:innen minimiert und die Ergebnisse der therapeutischen Methoden der Fachkr\u00e4fte optimiert werden.<\/p>\n\n\n\n<div class=\"wp-block-buttons is-layout-flex wp-block-buttons-is-layout-flex\">\n<div class=\"wp-block-button--1\"><a class=\"wp-block-button__link button button-outline wp-element-button\" href=\"https:\/\/neuronup.com\/de\/neuronup-plattform-fur-rehabilitation-und-kognitives-training-fur-fachkrafte\/\">Mehr \u00fcber NeuronUP erfahren<\/a><\/div>\n<\/div>\n\n\n<\/div>\n\n\n\n<div class=\"wp-block-column relative is-layout-flow wp-block-column-is-layout-flow\" style=\"flex-basis:33.33%\">\n<figure class=\"wp-block-image size-full absolute-l image-interface animate-scroll\"><img decoding=\"async\" width=\"1902\" height=\"902\" src=\"https:\/\/neuronup.com\/de\/wp-content\/uploads\/2024\/03\/NeuronUP-Sitzungen.webp\" alt=\"NeuronUP-Sitzungen\" class=\"wp-image-29680\" srcset=\"https:\/\/neuronup.com\/de\/wp-content\/uploads\/2024\/03\/NeuronUP-Sitzungen-300x142.webp 300w, https:\/\/neuronup.com\/de\/wp-content\/uploads\/2024\/03\/NeuronUP-Sitzungen-768x364.webp 768w, https:\/\/neuronup.com\/de\/wp-content\/uploads\/2024\/03\/NeuronUP-Sitzungen-1024x486.webp 1024w, https:\/\/neuronup.com\/de\/wp-content\/uploads\/2024\/03\/NeuronUP-Sitzungen-1536x728.webp 1536w, https:\/\/neuronup.com\/de\/wp-content\/uploads\/2024\/03\/NeuronUP-Sitzungen.webp 1902w\" sizes=\"(max-width: 1902px) 100vw, 1902px\" \/><\/figure>\n<\/div>\n<\/div>\n\n\n\n<div style=\"height:100px\" aria-hidden=\"true\" class=\"wp-block-spacer\"><\/div>\n\n\n\n<div class=\"wp-block-columns is-layout-flex wp-container-core-columns-is-layout-9d6595d7 wp-block-columns-is-layout-flex\">\n<div class=\"wp-block-column image-interface p-5 is-layout-flow wp-block-column-is-layout-flow\">\n<h4 class=\"wp-block-heading\">NeuronUP University<\/h4>\n\n\n\n<p><strong>Positionieren Sie Ihre Universit\u00e4t als f\u00fchrende Institution<\/strong> im Bildungsbereich und nutzen Sie NeuronUP als Werkzeug, um z<strong>uk\u00fcnftige Fachkr\u00e4fte im Bereich psychische Gesundheit auszubilden.<\/strong><\/p>\n\n\n\n<div class=\"wp-block-buttons is-layout-flex wp-block-buttons-is-layout-flex\">\n<div class=\"wp-block-button--2\"><a class=\"wp-block-button__link button button-outline wp-element-button\" href=\"https:\/\/neuronup.com\/de\/neurorehabilitationsloesungen\/universitaten\/\">Erfahren Sie mehr \u00fcber die Vorteile f\u00fcr Ihre Universit\u00e4t<\/a><\/div>\n<\/div>\n<\/div>\n\n\n\n<div class=\"wp-block-column image-interface p-5 is-layout-flow wp-block-column-is-layout-flow\">\n<h4 class=\"wp-block-heading\">NeuronUP School<\/h4>\n\n\n\n<p>Bieten Sie Ihren Lehrer:innen und Sch\u00fcler:innen einen <strong>Mehrwert<\/strong>, indem Sie NeuronUP nutzen, um Sch\u00fcler:innen mit <strong>Lernschwierigkeiten zu f\u00f6rdern<\/strong>.                   <br><\/p>\n\n\n\n<div class=\"wp-block-buttons is-layout-flex wp-block-buttons-is-layout-flex\">\n<div class=\"wp-block-button--3\"><a class=\"wp-block-button__link button button-outline wp-element-button\" href=\"https:\/\/neuronup.com\/de\/neurorehabilitationsloesungen\/schulen\/\">Erfahren Sie mehr \u00fcber unsere Angebote f\u00fcr Schulen<\/a><\/div>\n<\/div>\n<\/div>\n<\/div>\n\n\n\n<div class=\"wp-block-group alignfull back-blue has-alt-background-color has-background has-light-background has-lg-padding-top has-lg-padding-bottom has-xxxxl-margin-top\"><div class=\"wp-block-group__inner-container is-layout-flow wp-block-group-is-layout-flow\">\n<h2 class=\"wp-block-heading has-text-align-center\">Produkte und Pakete von NeuronUP<\/h2>\n\n\n\n<div style=\"height:100px\" aria-hidden=\"true\" class=\"wp-block-spacer\"><\/div>\n\n\n\n<div class=\"wp-block-columns is-layout-flex wp-container-core-columns-is-layout-9d6595d7 wp-block-columns-is-layout-flex\">\n<div class=\"wp-block-column is-vertically-aligned-top is-layout-flow wp-block-column-is-layout-flow\">\n<div class=\"wp-block-group\"><div class=\"wp-block-group__inner-container is-layout-flow wp-block-group-is-layout-flow\">\n<figure class=\"wp-block-image size-large\"><img decoding=\"async\" width=\"1024\" height=\"769\" src=\"https:\/\/neuronup.com\/de\/wp-content\/uploads\/2024\/03\/Aktivitaeten-zur-kognitiven-Stimulation-speziell-fuer-Kinder-1024x769.webp\" alt=\"Aktivit\u00e4ten zur kognitiven-Stimulation speziell f\u00fcr Kinder\" class=\"wp-image-29741\" srcset=\"https:\/\/neuronup.com\/de\/wp-content\/uploads\/2024\/03\/Aktivitaeten-zur-kognitiven-Stimulation-speziell-fuer-Kinder-300x225.webp 300w, https:\/\/neuronup.com\/de\/wp-content\/uploads\/2024\/03\/Aktivitaeten-zur-kognitiven-Stimulation-speziell-fuer-Kinder-400x300.webp 400w, https:\/\/neuronup.com\/de\/wp-content\/uploads\/2024\/03\/Aktivitaeten-zur-kognitiven-Stimulation-speziell-fuer-Kinder-768x577.webp 768w, https:\/\/neuronup.com\/de\/wp-content\/uploads\/2024\/03\/Aktivitaeten-zur-kognitiven-Stimulation-speziell-fuer-Kinder-800x600.webp 800w, https:\/\/neuronup.com\/de\/wp-content\/uploads\/2024\/03\/Aktivitaeten-zur-kognitiven-Stimulation-speziell-fuer-Kinder-1024x769.webp 1024w, https:\/\/neuronup.com\/de\/wp-content\/uploads\/2024\/03\/Aktivitaeten-zur-kognitiven-Stimulation-speziell-fuer-Kinder.webp 1200w\" sizes=\"(max-width: 1024px) 100vw, 1024px\" \/><\/figure>\n<\/div><\/div>\n<\/div>\n\n\n\n<div class=\"wp-block-column is-vertically-aligned-center is-layout-flow wp-block-column-is-layout-flow\">\n<h3 class=\"wp-block-heading\">Paket: Digitale \u00dcbungen f\u00fcr Kinder  <\/h3>\n\n\n\n<p>Hunderte von \u00dcbungen f\u00fcr kognitives Training speziell f\u00fcr Kinder, die von Psycholog:innen, Logop\u00e4d:innen und P\u00e4dagog:innen entwickelt wurden und sich auf ADHS, Lernschwierigkeiten und andere neurologische Entwicklungsst\u00f6rungen konzentrieren.<\/p>\n\n\n\n<p class=\"has-sm-font-size\">Speziell f\u00fcr Kinder konzipierte \u00dcbungen und Aktivit\u00e4ten mit verschiedenen Schwierigkeitsstufen. Ein besonderer Schwerpunkt wurde auf die Entwicklung von Aktivit\u00e4ten gelegt, die die Motivation und Partizipation des Kindes bei der Durchf\u00fchrung kognitiver Rehabilitation steigern. NeuronUP f\u00fcr Kinder bietet personalisierbare und interaktive Spiele f\u00fcr kognitives Training f\u00fcr die Behandlung von ADHS, verschiedenen Lernst\u00f6rungen wie Legasthenie, Dysgraphie, Dyskalkulie, St\u00f6rungen des Ausdrucks und des Verst\u00e4ndnisses im Bereich der Sprache sowie anderen Kommunikationsst\u00f6rungen. Au\u00dferdem kann es bei der F\u00f6rderung der kognitiven F\u00e4higkeiten bei Kindern mit Behinderung und der Autismus-Spektrumst\u00f6rung angewendet werden.<\/p>\n\n\n\n<div class=\"wp-block-buttons is-layout-flex wp-block-buttons-is-layout-flex\">\n<div class=\"wp-block-button--4\"><a class=\"wp-block-button__link button button-outline wp-element-button\" href=\"https:\/\/neuronup.com\/de\/landing-store-start-kinder\/\">Paket digitale \u00dcbungen f\u00fcr Kinder testen<\/a><\/div>\n<\/div>\n\n\n<\/div>\n<\/div>\n\n\n\n<div style=\"height:100px\" aria-hidden=\"true\" class=\"wp-block-spacer\"><\/div>\n\n\n\n<div class=\"wp-block-columns is-layout-flex wp-container-core-columns-is-layout-9d6595d7 wp-block-columns-is-layout-flex\">\n<div class=\"wp-block-column is-vertically-aligned-center is-layout-flow wp-block-column-is-layout-flow\">\n<h3 class=\"wp-block-heading\"><meta charset=\"utf-8\">Paket: Digitale \u00dcbungen f\u00fcr Erwachsene <\/h3>\n\n\n\n<p>Hunderte von \u00dcbungen, die von Neuropsycholog:innen und Ergotherapeut:innen entwickelt wurden, um mit Menschen mit erworbener Hirnsch\u00e4digung, psychischen Erkrankungen, neurodegenerativen Krankheiten wie Multipler Sklerose, Parkinson oder Alzheimer und normalen Alterserscheinungen zu arbeiten.<\/p>\n\n\n\n<p class=\"has-sm-font-size\">\u00dcbungen f\u00fcr Ged\u00e4chtnis, Aufmerksamkeit, Sprache, Orientierung, soziale Kognition, Praxien, visuell-r\u00e4umliche F\u00e4higkeiten, Exekutivfunktionen und andere kognitive Funktionen. Die meisten der \u00dcbungen basieren auf Aktivit\u00e4ten des t\u00e4glichen Lebens, die auf eine funktionelle kognitive Rehabilitation abzielen. Die Plattform verf\u00fcgt \u00fcber eine riesige Auswahl an digitalen Aktivit\u00e4ten zur kognitiven Stimulation, die es den Fachkr\u00e4ften erm\u00f6glicht, Zeit und Geld zu sparen. NeuronUP ist eines der besten kognitiven Werkzeuge in der Rehabilitation speziell f\u00fcr Fachkr\u00e4fte und wird bisher in 12 L\u00e4ndern eingesetzt.<\/p>\n\n\n\n<div class=\"wp-block-buttons is-layout-flex wp-block-buttons-is-layout-flex\">\n<div class=\"wp-block-button--5\"><a class=\"wp-block-button__link button button-outline wp-element-button\" href=\"https:\/\/neuronup.com\/de\/landing-store-start-erwachsene\/\">Paket digitale \u00dcbungen f\u00fcr Erwachsene testen<\/a><\/div>\n<\/div>\n<\/div>\n\n\n\n<div class=\"wp-block-column is-vertically-aligned-top is-layout-flow wp-block-column-is-layout-flow\">\n<figure class=\"wp-block-image size-large\"><img decoding=\"async\" width=\"1024\" height=\"769\" src=\"https:\/\/neuronup.com\/de\/wp-content\/uploads\/2024\/03\/Aktivitaeten-Paket-Digitale-Uebungen-fuer-Erwachsene-1024x769.webp\" alt=\"Aktivit\u00e4ten Paket Digitale \u00dcbungen f\u00fcr Erwachsene\" class=\"wp-image-29740\" srcset=\"https:\/\/neuronup.com\/de\/wp-content\/uploads\/2024\/03\/Aktivitaeten-Paket-Digitale-Uebungen-fuer-Erwachsene-300x225.webp 300w, https:\/\/neuronup.com\/de\/wp-content\/uploads\/2024\/03\/Aktivitaeten-Paket-Digitale-Uebungen-fuer-Erwachsene-400x300.webp 400w, https:\/\/neuronup.com\/de\/wp-content\/uploads\/2024\/03\/Aktivitaeten-Paket-Digitale-Uebungen-fuer-Erwachsene-768x577.webp 768w, https:\/\/neuronup.com\/de\/wp-content\/uploads\/2024\/03\/Aktivitaeten-Paket-Digitale-Uebungen-fuer-Erwachsene-800x600.webp 800w, https:\/\/neuronup.com\/de\/wp-content\/uploads\/2024\/03\/Aktivitaeten-Paket-Digitale-Uebungen-fuer-Erwachsene-1024x769.webp 1024w, https:\/\/neuronup.com\/de\/wp-content\/uploads\/2024\/03\/Aktivitaeten-Paket-Digitale-Uebungen-fuer-Erwachsene.webp 1200w\" sizes=\"(max-width: 1024px) 100vw, 1024px\" \/><\/figure>\n<\/div>\n<\/div>\n\n\n\n<div style=\"height:100px\" aria-hidden=\"true\" class=\"wp-block-spacer\"><\/div>\n\n\n\n<div class=\"wp-block-columns is-layout-flex wp-container-core-columns-is-layout-9d6595d7 wp-block-columns-is-layout-flex\">\n<div class=\"wp-block-column is-vertically-aligned-center is-layout-flow wp-block-column-is-layout-flow\">\n<figure class=\"wp-block-image size-full is-resized w-100\"><img decoding=\"async\" width=\"512\" height=\"388\" src=\"https:\/\/neuronup.com\/de\/wp-content\/uploads\/2024\/03\/Sitzungen-fuer-zu-Hause.webp\" alt=\"Sitzungen-f\u00fcr-zu-Hause\" class=\"wp-image-29767\" style=\"width:512px;height:388px\" srcset=\"https:\/\/neuronup.com\/de\/wp-content\/uploads\/2024\/03\/Sitzungen-fuer-zu-Hause-300x227.webp 300w, https:\/\/neuronup.com\/de\/wp-content\/uploads\/2024\/03\/Sitzungen-fuer-zu-Hause.webp 512w\" sizes=\"(max-width: 512px) 100vw, 512px\" \/><\/figure>\n<\/div>\n\n\n\n<div class=\"wp-block-column is-vertically-aligned-center is-layout-flow wp-block-column-is-layout-flow\">\n<h3 class=\"wp-block-heading\">NeuronUP 2GO, um von \u00fcberall aus arbeiten zu k\u00f6nnen<\/h3>\n\n\n\n<p>NeuronUP2GO sind personalisierte NeuronUP-Sitzungen, die es den Patient:innen erm\u00f6glicht, die \u00dcbungen des kognitiven Trainings, die ihre Therapeut:innen f\u00fcr sie erstellt haben, bequem zu Hause durchzuf\u00fchren.<\/p>\n\n\n\n<p>Die Fachkr\u00e4fte haben Zugriff auf die Ergebnisse der \u00dcbungen der einzelnen Patient:innen und k\u00f6nnen die Kapazit\u00e4t ihrer Einrichtung erh\u00f6hen, da die kognitive Rehabilitation von Patient:innen \u00fcberall auf der Welt durchgef\u00fchrt werden kann.<\/p>\n\n\n\n<p>Mit NeuronUP2GO ist es m\u00f6glich Unterbrechungen der Behandlungen zu vermeiden, da die Fachkr\u00e4fte die Sitzungen so planen k\u00f6nnen, dass die Patient:innen ihre Behandlungen regelm\u00e4\u00dfig und unabh\u00e4ngig von den Therapeut:innen mit den NeuronUP-\u00dcbungen durchf\u00fchren k\u00f6nnen.<\/p>\n\n\n\n<p>Um NeuronUP2GO nutzen zu k\u00f6nnen, ben\u00f6tigen Sie ein aktives Paket f\u00fcr Kinder und\/oder Erwachsene.<\/p>\n\n\n\n<div class=\"wp-block-buttons is-layout-flex wp-block-buttons-is-layout-flex\">\n<div class=\"wp-block-button--6\"><a class=\"wp-block-button__link button button-outline wp-element-button\" href=\"https:\/\/neuronup.com\/de\/landing-store-alter\/\">Remote-Sitzungen mit NeuronUP2GO testen<\/a><\/div>\n<\/div>\n<\/div>\n<\/div>\n<\/div><\/div>\n\n\n\n\n<div style=\"height:100px\" aria-hidden=\"true\" class=\"wp-block-spacer\"><\/div>\n\n\n\n<div class=\"wp-block-columns is-layout-flex wp-container-core-columns-is-layout-9d6595d7 wp-block-columns-is-layout-flex\">\n<div class=\"wp-block-column is-layout-flow wp-block-column-is-layout-flow\">\n<h2 class=\"wp-block-heading\">Vorteile f\u00fcr Fachkr\u00e4fte<\/h2>\n\n\n\n<ul class=\"wp-block-list\">\n<li>Zeitersparnis bei der Planung der Behandlungen.<\/li>\n\n\n\n<li>Die \u00dcbungen wurden auf der Grundlage <strong>klinischer Erkenntnisse und neurowissenschaftlicher Theorien<\/strong> entwickelt.<\/li>\n\n\n\n<li>Vielf\u00e4ltiges und abwechslungsreiches Material, um den Prozess der Rehabilitation\/kognitiven Trainings sinnvoll zu erg\u00e4nzen.<\/li>\n\n\n\n<li>M\u00f6glichkeit die \u00dcbungen zu personalisieren, um sie an die spezifischen Bed\u00fcrfnisse der Patient:innen anzupassen.<\/li>\n\n\n\n<li>Zugriff auf die Plattform von jedem Ort mit Internetanschluss (Server-basiertes System). Keine Installation erforderlich und Updates sind in Echtzeit verf\u00fcgbar.<\/li>\n\n\n\n<li>Speichern und schnelles Abrufen der Ergebnisse der Patient:innen und somit die M\u00f6glichkeit die Entwicklung jederzeit verfolgen zu k\u00f6nnen.<\/li>\n\n\n\n<li>Kommunikation mit anderen Fachkr\u00e4ften, die den <strong>Austausch von Ideen und Materialien erleichtert.<\/strong><\/li>\n\n\n\n<li>Erweitern Sie die Kapazit\u00e4t Ihrer Einrichtung, indem Sie Patient:innen an jedem Ort der Welt therapeutische Interventionen anbieten.<\/li>\n<\/ul>\n<\/div>\n\n\n\n<div class=\"wp-block-column is-layout-flow wp-block-column-is-layout-flow\">\n<h2 class=\"wp-block-heading\">Vorteile f\u00fcr Betroffene<\/h2>\n\n\n\n<ul class=\"wp-block-list\">\n<li>Individuelle Therapie, die auf die einzelne Person und ihre Lebensumst\u00e4nde zugeschnitten ist.<\/li>\n\n\n\n<li>Training in Aktivit\u00e4ten des t\u00e4glichen Lebens<\/li>\n\n\n\n<li>Ein breites und vielf\u00e4ltiges Angebot an Materialien, die von Fachkr\u00e4ften entwickelt wurden.<\/li>\n\n\n\n<li>Motivierende Inhalte und Gestaltung f\u00fcr Kinder aller Altersgruppen.<\/li>\n\n\n\n<li>Digitales und Papier-Format <\/li>\n\n\n\n<li>M\u00f6glichkeit, die Behandlung mit NeuronUP2GO zu Hause fortzusetzen (unter Anleitung der Therapeut:innen).<\/li>\n<\/ul>\n<\/div>\n<\/div>\n","protected":false},"excerpt":{"rendered":"<p>NeuronUP ist eine Anwendung, die Therapeut:innen Werkzeuge an die Hand gibt, um die gr\u00f6\u00dftm\u00f6gliche Autonomie der Patient:innen zu erreichen. Eine therapeutische Intervention mit NeuronUP erleichtert die Arbeit sowohl auf kognitiver als auch auf Verhaltensebene, um das Selbstwertgef\u00fchl der Patient:innen wiederherzustellen, die erhaltenen F\u00e4higkeiten zu verbessern, die bestm\u00f6gliche soziale Wiedereingliederung zu erreichen und das famili\u00e4re Umfeld &hellip;<\/p>\n","protected":false},"author":134,"featured_media":0,"parent":0,"menu_order":0,"comment_status":"closed","ping_status":"closed","template":"","meta":{"_acf_changed":false,"_genesis_hide_title":false,"_genesis_hide_breadcrumbs":false,"_genesis_hide_singular_image":false,"_genesis_hide_footer_widgets":false,"_genesis_custom_body_class":"","_genesis_custom_post_class":"","_genesis_layout":"wide-content","footnotes":""},"class_list":{"1":"page","2":"type-page","5":"entry"},"acf":[],"_links":{"self":[{"href":"https:\/\/neuronup.com\/de\/wp-json\/wp\/v2\/pages\/28805","targetHints":{"allow":["GET"]}}],"collection":[{"href":"https:\/\/neuronup.com\/de\/wp-json\/wp\/v2\/pages"}],"about":[{"href":"https:\/\/neuronup.com\/de\/wp-json\/wp\/v2\/types\/page"}],"author":[{"embeddable":true,"href":"https:\/\/neuronup.com\/de\/wp-json\/wp\/v2\/users\/134"}],"replies":[{"embeddable":true,"href":"https:\/\/neuronup.com\/de\/wp-json\/wp\/v2\/comments?post=28805"}],"version-history":[{"count":0,"href":"https:\/\/neuronup.com\/de\/wp-json\/wp\/v2\/pages\/28805\/revisions"}],"wp:attachment":[{"href":"https:\/\/neuronup.com\/de\/wp-json\/wp\/v2\/media?parent=28805"}],"curies":[{"name":"wp","href":"https:\/\/api.w.org\/{rel}","templated":true}]}}