{"id":28029,"date":"2023-12-20T11:14:07","date_gmt":"2023-12-20T09:14:07","guid":{"rendered":"https:\/\/neuronup.com\/de\/?page_id=28029"},"modified":"2025-07-02T17:45:14","modified_gmt":"2025-07-02T15:45:14","slug":"normale-alterserscheinungen","status":"publish","type":"page","link":"https:\/\/neuronup.com\/de\/neurorehabilitation\/normale-alterserscheinungen\/","title":{"rendered":"Normale Alterserscheinungen"},"content":{"rendered":"\n<h2 class=\"wp-block-heading\">Was bedeutet die Alterung des Gehirns?<\/h2>\n\n\n\n<p class=\"is-style-default\">Die Alterung des Gehirns ist ein Prozess des allgemeinen Abbaus des Individuums, bei dem aufgrund verschiedener Prozesse das Gewebe degeneriert, die Zellerneuerung eingeschr\u00e4nkt und die meisten Prozesse verlangsamt werden.<\/p>\n\n\n\n<p>Diese Degeneration ist jedoch nicht nur auf den <strong>biologisch<\/strong> bedingten Alterungsprozess zur\u00fcckzuf\u00fchren, sondern h\u00e4ngt auch von <strong>Umweltfaktoren<\/strong> ab wie dem <strong>sozialen<\/strong> und <strong>famili\u00e4ren<\/strong> Umfeld, insbesondere aber vom <strong>Grad der Stimulation<\/strong> in diesen Bereichen. Die Lebenserfahrungen stehen in engem Zusammenhang mit der Degeneration; ein schlechter Gesundheitszustand, eine schlechte Ausbildung, das Vorhandensein einer Krankheit oder ein Mangel an Motivation k\u00f6nnen neben vielen anderen Ursachen den Abbau der kognitiven Funktionen beschleunigen.<\/p>\n\n\n\n<p>Ein Teil des altersbedingten Abbaus kann auch auf einen Mangel an <strong>kognitiver Stimulation<\/strong> zur\u00fcckzuf\u00fchren sein. Menschen, die wenig Anregung durch ihre Umwelt erfahren, leiden schneller am R\u00fcckgang geistiger F\u00e4higkeiten als Menschen, die einer gro\u00dfen sensorischen Stimulation ausgesetzt sind, d. h. je mehr kognitive Stimulation eine Person erlebt, desto h\u00f6her ist ihre Autonomie.<\/p>\n\n\n\n<p>Dieses Konzept ist auch als<strong> kognitive Reserve<\/strong> bekannt, d. h. als die Menge an Wissen, kognitiven Ressourcen und Bew\u00e4ltigungsstrategien, die eine Person im Laufe ihres Lebens angesammelt hat. Je mehr Anregungen eine Person erlebt hat (Bildung, Kultur, Erfahrungen, Herausforderungen usw.), desto wahrscheinlicher ist es, dass sie \u00fcber eine Reserve verf\u00fcgt, die es ihr erm\u00f6glicht, die mit dem Altern verbundenen Ver\u00e4nderungen zu bew\u00e4ltigen und somit besser mit dem altersbedingten kognitiven Abbau umzugehen.<\/p>\n\n\n\n<h3 class=\"wp-block-heading\">Die h\u00e4ufigsten Defizite im Alter<\/h3>\n\n\n\n<p>Einige der wichtigsten und h\u00e4ufigsten im Alter beobachteten Defizite betreffen die <strong>Informationsverarbeitung<\/strong>, das Lernen und Abrufen von Informationen (<strong>Ged\u00e4chtnis<\/strong>), die <strong>Probleml\u00f6sung<\/strong> und die <strong>Reaktionsgeschwindigkeit<\/strong>.<\/p>\n\n\n\n<p>Das Wichtigste ist es, die <strong>Lebensqualit\u00e4t<\/strong> der \u00e4lteren Menschen so lange wie m\u00f6glich zu sichern. Dieses Konzept steht in direktem Zusammenhang mit der <strong>funktionellen Autonomie<\/strong>, die durch folgende Merkmale gekennzeichnet ist:<\/p>\n\n\n\n<ul class=\"wp-block-list\">\n<li><strong>Selbstst\u00e4ndigkeit<\/strong> bei den Aktivit\u00e4ten des t\u00e4glichen Lebens, z. B. beim Einkaufen, beim Merken einer Busverbindung, bei der Zubereitung von Mahlzeiten, bei der K\u00f6rperpflege, bei finanziellen Angelegenheiten usw.<\/li>\n\n\n\n<li><strong>Famili\u00e4re und soziale Unterst\u00fctzung<\/strong>, damit sie sich nicht isolieren und von ihrem Umfeld abkoppeln. Neuere Studien haben gezeigt, dass soziale Kontakte der wichtigste Faktor f\u00fcr den Erhalt der kognitiven Funktionen bei \u00e4lteren Menschen sind. Au\u00dferdem besteht ein enger Zusammenhang zwischen sozialer Isolation, depressiven Symptomen, die typisch f\u00fcr die Ver\u00e4nderung des Lebens im Alter sind, und dem kognitivem Abbau.<\/li>\n\n\n\n<li>Die F\u00e4higkeit, einen entsprechend dem Alter und den Lebensbedingungen akzeptablen <strong>Gesundheitszustand<\/strong> zu erhalten. K\u00f6rperliche (an die jeweilige Person angepasste) Bewegung st\u00e4rkt nicht nur die Muskulatur, sondern verbessert auch die Stimmung und die Anpassungsf\u00e4higkeit neuronaler Strukturen.<\/li>\n<\/ul>\n\n\n\n<p>Es hat sich gezeigt, dass sich der kognitive Abbau verlangsamt und die Defizite milder ausfallen, wenn Menschen in einer anregenden Umgebung gelebt haben und wenn sie ihre F\u00e4higkeiten weiterhin durch <strong>kognitive Stimulation<\/strong> <strong>und \u00dcbungen<\/strong> f\u00f6rdern.<\/p>\n\n\n<div class=\"mai-grid entries entries-grid has-boxed has-image-left-full\" style=\"--entry-title-font-size:var(--font-size-lg);--aspect-ratio:4\/3;--entry-image-link-max-width:25%;--align-text:start;--align-text-vertical:unset;--entry-meta-text-align:start;\"><div class=\"entries-wrap has-columns has-image-stack\" style=\"--columns-xs:1\/1;--columns-sm:1\/1;--columns-md:1\/1;--columns-lg:1\/1;--flex-xs:0 0 var(--flex-basis);--flex-sm:0 0 var(--flex-basis);--flex-md:0 0 var(--flex-basis);--flex-lg:0 0 var(--flex-basis);--column-gap:var(--spacing-lg);--row-gap:var(--spacing-lg);--align-columns:start;\"><article class=\"entry entry-grid is-column has-entry-link has-image has-image-first type-post category-aktivitaten-fur-normale-alterserscheinungen tag-aktivitaten-zur-kognitiven-stimulation tag-aufmerksamkeit tag-kognitive-stimulation tag-neuronup\" style=\"--entry-index:1;\" aria-label=\"Intervention mit NeuronUP zur kognitiven Stimulation in der Geriatrie\" itemscope itemtype=\"https:\/\/schema.org\/CreativeWork\"><a class=\"entry-image-link\" href=\"https:\/\/neuronup.com\/de\/aktivitaten-fur-neurorehabilitation\/aktivitaten-fur-normale-alterserscheinungen\/intervention-mit-neuronup-zur-kognitiven-stimulation-in-der-geriatrie\/\" tabindex=\"-1\" aria-hidden=\"true\"><img decoding=\"async\" width=\"400\" height=\"267\" src=\"https:\/\/neuronup.com\/de\/wp-content\/uploads\/2022\/11\/Intervencion-con-NeuronUP-para-la-estimulacion-cognitiva-en-geriatria.webp\" class=\"entry-image size-landscape-sm\" alt=\"Intervention mit NeuronUP zur kognitiven Stimulation in der Geriatrie\" srcset=\"https:\/\/neuronup.com\/de\/wp-content\/uploads\/2022\/11\/Intervencion-con-NeuronUP-para-la-estimulacion-cognitiva-en-geriatria-300x200.webp 300w, https:\/\/neuronup.com\/de\/wp-content\/uploads\/2022\/11\/Intervencion-con-NeuronUP-para-la-estimulacion-cognitiva-en-geriatria-768x512.webp 768w, https:\/\/neuronup.com\/de\/wp-content\/uploads\/2022\/11\/Intervencion-con-NeuronUP-para-la-estimulacion-cognitiva-en-geriatria-1024x683.webp 1024w, https:\/\/neuronup.com\/de\/wp-content\/uploads\/2022\/11\/Intervencion-con-NeuronUP-para-la-estimulacion-cognitiva-en-geriatria.webp 1205w\" sizes=\"(max-width:599px) 599px, (min-width:600px) and (max-width: 799px) 199.75px, (min-width:800px) and (max-width: 999px) 249.75px, (min-width:1000px) 300px\" \/><\/a><div class=\"entry-wrap entry-wrap-grid\"><h3 class=\"entry-title\" itemprop=\"headline\"><a class=\"entry-title-link\" href=\"https:\/\/neuronup.com\/de\/aktivitaten-fur-neurorehabilitation\/aktivitaten-fur-normale-alterserscheinungen\/intervention-mit-neuronup-zur-kognitiven-stimulation-in-der-geriatrie\/\" rel=\"bookmark\">Intervention mit NeuronUP zur kognitiven Stimulation in der Geriatrie<\/a><\/h3>\n<div class=\"entry-excerpt\"><p>Die Ergotherapeutin und Professorin an der Universit\u00e4t Burgos, Olalla Saiz, erkl\u00e4rt in diesem Artikel gemeinsam mit mehreren ihrer Studierenden, wie man eine Intervention zur Anregung der kognitiven Funktionen in der Geriatrie mit NeuronUP durchf\u00fchrt. Was ist Geriatrie? Geriatrie ist ein Teilgebiet der Medizin, das spezialisiertes Personal zusammenf\u00fchrt, das eine umfassende und ganzheitliche Betreuung \u00e4lterer Menschen &hellip;<\/p>\n<\/div><div class=\"entry-more\"><a class=\"entry-more-link button button-secondary button-small\" href=\"https:\/\/neuronup.com\/de\/aktivitaten-fur-neurorehabilitation\/aktivitaten-fur-normale-alterserscheinungen\/intervention-mit-neuronup-zur-kognitiven-stimulation-in-der-geriatrie\/\">Ver m\u00e1s ejercicios de estimulaci\u00f3n cognitiva para mayores<span class=\"screen-reader-text\">Intervention mit NeuronUP zur kognitiven Stimulation in der Geriatrie<\/span><\/a><\/div><\/div><\/article><article class=\"entry entry-grid is-column has-entry-link has-image has-image-first type-post category-aktivitaten-fur-neurorehabilitation category-aktivitaten-fur-normale-alterserscheinungen tag-aktivitaten-zur-kognitiven-stimulation tag-altere-erwachsene tag-normales-altern\" style=\"--entry-index:2;\" aria-label=\"7 \u00dcbungen zur kognitiven Stimulation f\u00fcr Senioren\" itemscope itemtype=\"https:\/\/schema.org\/CreativeWork\"><a class=\"entry-image-link\" href=\"https:\/\/neuronup.com\/de\/aktivitaten-fur-neurorehabilitation\/kognitive-stimulierung-fur-senioren-ubungen-zur-kognitiven-stimulierung-fur-senioren\/\" tabindex=\"-1\" aria-hidden=\"true\"><img decoding=\"async\" width=\"400\" height=\"300\" src=\"https:\/\/neuronup.com\/de\/wp-content\/uploads\/2024\/10\/Actividad-Separa-los-bichos.webp\" class=\"entry-image size-landscape-sm\" alt=\"Aktivit\u00e4t: Trenne die Insekten\" srcset=\"https:\/\/neuronup.com\/de\/wp-content\/uploads\/2024\/10\/Actividad-Separa-los-bichos-300x226.webp 300w, https:\/\/neuronup.com\/de\/wp-content\/uploads\/2024\/10\/Actividad-Separa-los-bichos-768x578.webp 768w, https:\/\/neuronup.com\/de\/wp-content\/uploads\/2024\/10\/Actividad-Separa-los-bichos-1024x771.webp 1024w, https:\/\/neuronup.com\/de\/wp-content\/uploads\/2024\/10\/Actividad-Separa-los-bichos.webp 1200w\" sizes=\"(max-width:599px) 599px, (min-width:600px) and (max-width: 799px) 199.75px, (min-width:800px) and (max-width: 999px) 249.75px, (min-width:1000px) 300px\" \/><\/a><div class=\"entry-wrap entry-wrap-grid\"><h3 class=\"entry-title\" itemprop=\"headline\"><a class=\"entry-title-link\" href=\"https:\/\/neuronup.com\/de\/aktivitaten-fur-neurorehabilitation\/kognitive-stimulierung-fur-senioren-ubungen-zur-kognitiven-stimulierung-fur-senioren\/\" rel=\"bookmark\">7 \u00dcbungen zur kognitiven Stimulation f\u00fcr Senioren<\/a><\/h3>\n<div class=\"entry-excerpt\"><p>Wir stellen 7 kognitive Stimulations\u00fcbungen f\u00fcr Senioren vor, die von Neuropsychologen und Ergotherapeuten entwickelt wurden, um die funktionelle Autonomie zu st\u00e4rken und den kognitiven Abbau \u00e4lterer Menschen zu verlangsamen. Zahlreiche Studien belegen zunehmend die Vorteile der kognitiven Stimulation f\u00fcr \u00e4ltere Menschen \u2013 nicht nur bei Alzheimer-Patienten, sondern auch bei Senioren mit normalem Alterungsprozess. Die Gehirnalterung &hellip;<\/p>\n<\/div><div class=\"entry-more\"><a class=\"entry-more-link button button-secondary button-small\" href=\"https:\/\/neuronup.com\/de\/aktivitaten-fur-neurorehabilitation\/kognitive-stimulierung-fur-senioren-ubungen-zur-kognitiven-stimulierung-fur-senioren\/\">Ver m\u00e1s ejercicios de estimulaci\u00f3n cognitiva para mayores<span class=\"screen-reader-text\">7 \u00dcbungen zur kognitiven Stimulation f\u00fcr Senioren<\/span><\/a><\/div><\/div><\/article><\/div><\/div>","protected":false},"excerpt":{"rendered":"<p>Was bedeutet die Alterung des Gehirns? Die Alterung des Gehirns ist ein Prozess des allgemeinen Abbaus des Individuums, bei dem aufgrund verschiedener Prozesse das Gewebe degeneriert, die Zellerneuerung eingeschr\u00e4nkt und die meisten Prozesse verlangsamt werden. Diese Degeneration ist jedoch nicht nur auf den biologisch bedingten Alterungsprozess zur\u00fcckzuf\u00fchren, sondern h\u00e4ngt auch von Umweltfaktoren ab wie dem &hellip;<\/p>\n","protected":false},"author":1,"featured_media":0,"parent":1534,"menu_order":0,"comment_status":"closed","ping_status":"closed","template":"","meta":{"_acf_changed":false,"_genesis_hide_title":false,"_genesis_hide_breadcrumbs":false,"_genesis_hide_singular_image":false,"_genesis_hide_footer_widgets":false,"_genesis_custom_body_class":"nup-style neurorehab","_genesis_custom_post_class":"nup-style neurorehab","_genesis_layout":"","footnotes":""},"class_list":{"1":"page","2":"type-page","5":"entry","6":"nup-style neurorehab"},"acf":[],"_links":{"self":[{"href":"https:\/\/neuronup.com\/de\/wp-json\/wp\/v2\/pages\/28029","targetHints":{"allow":["GET"]}}],"collection":[{"href":"https:\/\/neuronup.com\/de\/wp-json\/wp\/v2\/pages"}],"about":[{"href":"https:\/\/neuronup.com\/de\/wp-json\/wp\/v2\/types\/page"}],"author":[{"embeddable":true,"href":"https:\/\/neuronup.com\/de\/wp-json\/wp\/v2\/users\/1"}],"replies":[{"embeddable":true,"href":"https:\/\/neuronup.com\/de\/wp-json\/wp\/v2\/comments?post=28029"}],"version-history":[{"count":0,"href":"https:\/\/neuronup.com\/de\/wp-json\/wp\/v2\/pages\/28029\/revisions"}],"up":[{"embeddable":true,"href":"https:\/\/neuronup.com\/de\/wp-json\/wp\/v2\/pages\/1534"}],"wp:attachment":[{"href":"https:\/\/neuronup.com\/de\/wp-json\/wp\/v2\/media?parent=28029"}],"curies":[{"name":"wp","href":"https:\/\/api.w.org\/{rel}","templated":true}]}}