{"id":27937,"date":"2023-12-19T19:11:48","date_gmt":"2023-12-19T17:11:48","guid":{"rendered":"https:\/\/neuronup.com\/de\/?page_id=27937"},"modified":"2025-02-28T08:37:03","modified_gmt":"2025-02-28T06:37:03","slug":"neuronup-score","status":"publish","type":"page","link":"https:\/\/neuronup.com\/de\/produkt\/neuronup-score\/","title":{"rendered":"NeuronUP Score"},"content":{"rendered":"\n<p class=\"has-lg-font-size has-md-max-width\">M\u00f6chten <strong>Sie die Fortschritte Ihrer Patient:innen in anschaulichen Grafiken verfolgen<\/strong>? M\u00f6chten <strong>Sie die Daten Ihrer Patient:innen mit fr\u00fcheren Ergebnissen vergleichen<\/strong>? Sind Sie daran interessiert, Ihren Patient:innen und deren Angeh\u00f6rigen die Ergebnisse der Behandlung anhand von Daten zu zeigen? In diesem Abschnitt erkl\u00e4ren wir Ihnen die Anwendung des <strong><mark style=\"background-color:rgba(0, 0, 0, 0)\" class=\"has-inline-color has-primary-color\">NeuronUP Scores<\/mark><\/strong>.<\/p>\n\n\n\n<h2 class=\"wp-block-heading\">Was ist der NeuronUP Score?<\/h2>\n\n\n\n<p>Der NeuronUP-Score ist die<strong> Punktzahl<\/strong>, mit der der Fortschritt der <strong>Patient:innen in NeuronUP <\/strong>gemessen wird. Hierbei gibt es die M\u00f6glichkeit, die aktuellen Ergebnisse mit fr\u00fcheren Punktzahlen zu vergleichen. Dar\u00fcber hinaus wird es in Zukunft die M\u00f6glichkeit geben die Ergebnisse mit \u00e4hnlichen Nutzer:innen zu vergleichen.<\/p>\n\n\n\n<h2 class=\"wp-block-heading\">Arten von Punkten<\/h2>\n\n\n\n<p>In NeuronUP finden Sie 4 verschiedene Arten von Bewertungen. Zwei beziehen sich auf die Patient:innen und zwei auf die Aktivit\u00e4t.<\/p>\n\n\n\n<h3 class=\"wp-block-heading\">1. Allgemeiner Score<\/h3>\n\n\n\n<p>Der <strong>allgemeine Score ist die Gesamtpunktzahl<\/strong>, also der Durchschnitt der von den Patient:innen im gew\u00e4hlten Zeitintervall erzielten Punktzahlen.<\/p>\n\n\n\n<p>Sie k\u00f6nnen die Entwicklung der Gesamtpunktzahl im Fortschrittsdiagramm im Punkt NeuronUP-Score sehen.<\/p>\n\n\n<div class=\"wp-block-image\">\n<figure class=\"aligncenter size-full is-resized\"><img decoding=\"async\" width=\"767\" height=\"325\" src=\"https:\/\/neuronup.com\/de\/wp-content\/uploads\/2024\/03\/NeuronUP-Score-allgemeiner-Score-1.webp\" alt=\"NeuronUP-Score-allgemeiner-Score\" class=\"wp-image-29439\" style=\"width:460px;height:auto\" srcset=\"https:\/\/neuronup.com\/de\/wp-content\/uploads\/2024\/03\/NeuronUP-Score-allgemeiner-Score-1-300x127.webp 300w, https:\/\/neuronup.com\/de\/wp-content\/uploads\/2024\/03\/NeuronUP-Score-allgemeiner-Score-1.webp 767w\" sizes=\"(max-width: 767px) 100vw, 767px\" \/><figcaption class=\"wp-element-caption\">Allgemeiner Score im Entwicklungsdiagramm von NeuronUP<\/figcaption><\/figure>\n<\/div>\n\n\n<h3 class=\"wp-block-heading\">2. Aktueller Score<\/h3>\n\n\n\n<p>Der <strong>aktuelle Score<\/strong> ist der <strong>Durchschnitt der in den letzten drei Monaten erzielten Punktzahlen<\/strong>. Es handelt sich dabei um den <strong>Bezugsrahmen f\u00fcr die aktuelle Situation der Patient:innen<\/strong>.<\/p>\n\n\n<div class=\"wp-block-image\">\n<figure class=\"aligncenter size-full is-resized\"><img decoding=\"async\" width=\"768\" height=\"412\" src=\"https:\/\/neuronup.com\/de\/wp-content\/uploads\/2024\/03\/Captura-de-pantalla-2024-03-07-134400-1.webp\" alt=\"Aktueller-Score-NeuronUP\" class=\"wp-image-29442\" style=\"width:438px;height:auto\" srcset=\"https:\/\/neuronup.com\/de\/wp-content\/uploads\/2024\/03\/Captura-de-pantalla-2024-03-07-134400-1-300x161.webp 300w, https:\/\/neuronup.com\/de\/wp-content\/uploads\/2024\/03\/Captura-de-pantalla-2024-03-07-134400-1.webp 768w\" sizes=\"(max-width: 768px) 100vw, 768px\" \/><figcaption class=\"wp-element-caption\">Aktueller Score im Entwicklungsdiagramm von NeuronUP.<\/figcaption><\/figure>\n<\/div>\n\n\n<h3 class=\"wp-block-heading\">3. Score einer bestimten kognitiven Funktion<\/h3>\n\n\n\n<p>Der Score einer bestimmten kognitiven Funktion ist der <strong>Durchschnitt der Scores, die in dieser kognitiven Funktion<\/strong> in dem <strong>ausgew\u00e4hlten Zeitintervall<\/strong> erzielt wurden.<\/p>\n\n\n\n<p>Sie k\u00f6nnen die Entwicklung der Punktzahl der kognitiven Funktionen im Liniendiagramm im Punkt NeuronUP Score sehen.<\/p>\n\n\n\n<figure class=\"wp-block-image size-full\"><img decoding=\"async\" width=\"768\" height=\"243\" src=\"https:\/\/neuronup.com\/de\/wp-content\/uploads\/2024\/03\/Captura-de-pantalla-2024-03-07-134943-1.webp\" alt=\"Score-einer-kognitiven-Funktion\" class=\"wp-image-29445\" srcset=\"https:\/\/neuronup.com\/de\/wp-content\/uploads\/2024\/03\/Captura-de-pantalla-2024-03-07-134943-1-300x95.webp 300w, https:\/\/neuronup.com\/de\/wp-content\/uploads\/2024\/03\/Captura-de-pantalla-2024-03-07-134943-1.webp 768w\" sizes=\"(max-width: 768px) 100vw, 768px\" \/><figcaption class=\"wp-element-caption\">Kognitive Funktionen im Vergelich dargestellt im Entwicklungsdiagramm.<\/figcaption><\/figure>\n\n\n\n<h3 class=\"wp-block-heading\">4. Gesamtbewertung der Aktivit\u00e4t<\/h3>\n\n\n\n<p>Die Gesamtbewertung der Aktivit\u00e4t ist der <strong>Durchschnitt der in dieser Aktivit\u00e4t im ausgew\u00e4hlten Zeitintervall<\/strong> erzielten Bewertungen.<\/p>\n\n\n\n\n\n<h2 class=\"wp-block-heading\">Warum der NeuronUp Score wertvoll f\u00fcr Ihre Behandlung ist:<\/h2>\n\n\n\n<ol class=\"wp-block-list\">\n<li>Lassen Sie sich die <strong>Fortschritte Ihrer Patient:innen visuell darstellen<\/strong>.<\/li>\n\n\n\n<li>Verfolgen Sie die <strong>Entwicklung Ihrer Patient:innen<\/strong>.<\/li>\n\n\n\n<li><strong>Zeigen Sie Ihren Patient:innen und deren Angeh\u00f6rigen<\/strong> die Fortschritte der Behandlung anhand von verl\u00e4sslichen Daten.<\/li>\n\n\n\n<li><strong>Vergleichen Sie die Fortschritte der verschiedenen kognitiven Funktionen untereinander.<\/strong><\/li>\n<\/ol>\n\n\n\n<div class=\"wp-block-group\"><div class=\"wp-block-group__inner-container is-layout-constrained wp-block-group-is-layout-constrained\">\n<div class=\"wp-block-columns is-layout-flex wp-container-core-columns-is-layout-9d6595d7 wp-block-columns-is-layout-flex\">\n<div class=\"wp-block-column br-0111 p-5 particle-bg anims-fadein-up has-primary-background-color has-background is-layout-flow wp-block-column-is-layout-flow\">\n<h2 class=\"wp-block-heading has-white-color has-text-color\">Erfahren Sie mehr \u00fcber <strong>NeuronUP<\/strong><\/h2>\n\n\n\n<div class=\"wp-block-buttons is-layout-flex wp-block-buttons-is-layout-flex\">\n<div class=\"wp-block-button--1\" style=\"--button-outline-color:var(--color-white);--button-outline-color-hover:rgba(0,0,0,0.8);\"><a class=\"wp-block-button__link button button-outline   has-link-color wp-element-button\" href=\"https:\/\/neuronup.com\/redirect\/?target=typeform\/de-neuronUP?utm_first_source=Web&#038;utm_first_campaign_name=Request_meeting\">Videoanruf anfordem<\/a><\/div>\n\n<\/div>\n<\/div>\n\n\n\n<div class=\"wp-block-column br-0111 p-5 particle-bg anims-fadein-up has-primary-background-color has-background is-layout-flow wp-block-column-is-layout-flow\">\n<h2 class=\"wp-block-heading has-white-color has-text-color\">Kostenlos testen<\/h2>\n\n\n\n<p class=\"has-white-color has-text-color\"><strong>Mehr als 4.500 <\/strong>Fachkr\u00e4fte nutzen unsere Plattform bereits t\u00e4glich.<\/p>\n\n\n\n<div class=\"wp-block-buttons is-layout-flex wp-block-buttons-is-layout-flex\">\n<div class=\"wp-block-button orange-button\" style=\"--button-background:var(--color-custom-1);--button-background-hover:#cc7e00;\"><a class=\"wp-block-button__link button   wp-element-button\" href=\"https:\/\/neuronup.com\/de\/landing-store-user\/\">Kostenlos testen<img decoding=\"async\" class=\"wp-image-18719\" style=\"width: 8px;\" src=\"\/de\/wp-content\/uploads\/2022\/v3\/icon_rightArrow-white.svg\"><\/a><\/div>\n\n<\/div>\n<\/div>\n<\/div>\n<\/div><\/div>\n\n\n\n<h2 class=\"wp-block-heading\">Grafiken und Diagramme<\/h2>\n\n\n\n<h3 class=\"wp-block-heading\">Wof\u00fcr gibt es Grafiken und Diagramme?<\/h3>\n\n\n\n<p>Mit den NeuronUp Grafiken und Diagrammen k\u00f6nnen <strong>Sie den Fortschritt Ihrer Patient:innen visuell darstellen.<\/strong><\/p>\n\n\n\n<h3 class=\"wp-block-heading\">Arten von Diagrammen<\/h3>\n\n\n\n<h4 class=\"wp-block-heading\">1. Entwicklungsdiagramm<\/h4>\n\n\n\n<p>Im Entwicklungs-Diagramm ist der Filter der Entwicklung standardm\u00e4\u00dfig aktiviert, <strong>so dass Sie die Entwicklung der Punktzahl deutlich sehen k\u00f6nnen.<\/strong><\/p>\n\n\n\n<p>Dieses Diagramm ist sehr n\u00fctzlich bei langfristigen Therapien und\/oder wenn Patient:innen gro\u00dfe Differenzen und Schwankungen der Ergebnisse aufweisen, wie in der folgenden Abbildung dargestellt.<\/p>\n\n\n\n<figure class=\"wp-block-image size-full\"><img decoding=\"async\" width=\"768\" height=\"255\" src=\"https:\/\/neuronup.com\/de\/wp-content\/uploads\/2024\/03\/Captura-de-pantalla-2024-03-07-140336-2.webp\" alt=\"NeuronUP-Score-Entwicklungsdiagramm\" class=\"wp-image-29448\" srcset=\"https:\/\/neuronup.com\/de\/wp-content\/uploads\/2024\/03\/Captura-de-pantalla-2024-03-07-140336-2-300x100.webp 300w, https:\/\/neuronup.com\/de\/wp-content\/uploads\/2024\/03\/Captura-de-pantalla-2024-03-07-140336-2.webp 768w\" sizes=\"(max-width: 768px) 100vw, 768px\" \/><figcaption class=\"wp-element-caption\">Anzeige des Fortschrittes im Entwicklungsdiagramm vom NeuronUP Score.<\/figcaption><\/figure>\n\n\n\n<h4 class=\"wp-block-heading\">2. Diagramm zur Wirkung<\/h4>\n\n\n\n<p>Anhand dieses Diagramms k\u00f6nnen Sie <strong>die Entwicklung der Leistung in den einzelnen Interventionsbereiche<\/strong> <strong>bzw. kognitiven F\u00e4higkeiten<\/strong>, an denen Sie mit NeuronUP arbeiten, im Ergebnis sehen. Auf diese Weise haben Sie die M\u00f6glichkeit, den Schwerpunkt der Behandlung bei Bedarf neu anzupassen.<\/p>\n\n\n\n<figure class=\"wp-block-image size-full\"><img decoding=\"async\" width=\"768\" height=\"268\" src=\"https:\/\/neuronup.com\/de\/wp-content\/uploads\/2024\/03\/Captura-de-pantalla-2024-03-07-140729-1.webp\" alt=\"Wirkungsdiagramm-NeuronUP-Score\" class=\"wp-image-29449\" srcset=\"https:\/\/neuronup.com\/de\/wp-content\/uploads\/2024\/03\/Captura-de-pantalla-2024-03-07-140729-1-300x105.webp 300w, https:\/\/neuronup.com\/de\/wp-content\/uploads\/2024\/03\/Captura-de-pantalla-2024-03-07-140729-1.webp 768w\" sizes=\"(max-width: 768px) 100vw, 768px\" \/><figcaption class=\"wp-element-caption\">Diagramm der Darstellung der Leistung der einzelnen kognitiven Funktionen.<\/figcaption><\/figure>\n\n\n\n<div style=\"height:50px\" aria-hidden=\"true\" class=\"wp-block-spacer\"><\/div>\n\n\n\n<h4 class=\"wp-block-heading\"><a href=\"https:\/\/neuronup.us\/neuronup-score\/\" data-type=\"link\" data-id=\"https:\/\/neuronup.us\/neuronup-score\/\">Hier finden Sie weitere Informationen<\/a> zum NeuronUP Score. <\/h4>\n","protected":false},"excerpt":{"rendered":"<p>M\u00f6chten Sie die Fortschritte Ihrer Patient:innen in anschaulichen Grafiken verfolgen? M\u00f6chten Sie die Daten Ihrer Patient:innen mit fr\u00fcheren Ergebnissen vergleichen? Sind Sie daran interessiert, Ihren Patient:innen und deren Angeh\u00f6rigen die Ergebnisse der Behandlung anhand von Daten zu zeigen? In diesem Abschnitt erkl\u00e4ren wir Ihnen die Anwendung des NeuronUP Scores. Was ist der NeuronUP Score? Der &hellip;<\/p>\n","protected":false},"author":3,"featured_media":29504,"parent":21885,"menu_order":0,"comment_status":"closed","ping_status":"closed","template":"","meta":{"_acf_changed":false,"_genesis_hide_title":false,"_genesis_hide_breadcrumbs":false,"_genesis_hide_singular_image":false,"_genesis_hide_footer_widgets":false,"_genesis_custom_body_class":"","_genesis_custom_post_class":"","_genesis_layout":"","footnotes":""},"class_list":{"1":"page","2":"type-page","6":"entry"},"acf":[],"_links":{"self":[{"href":"https:\/\/neuronup.com\/de\/wp-json\/wp\/v2\/pages\/27937","targetHints":{"allow":["GET"]}}],"collection":[{"href":"https:\/\/neuronup.com\/de\/wp-json\/wp\/v2\/pages"}],"about":[{"href":"https:\/\/neuronup.com\/de\/wp-json\/wp\/v2\/types\/page"}],"author":[{"embeddable":true,"href":"https:\/\/neuronup.com\/de\/wp-json\/wp\/v2\/users\/3"}],"replies":[{"embeddable":true,"href":"https:\/\/neuronup.com\/de\/wp-json\/wp\/v2\/comments?post=27937"}],"version-history":[{"count":0,"href":"https:\/\/neuronup.com\/de\/wp-json\/wp\/v2\/pages\/27937\/revisions"}],"up":[{"embeddable":true,"href":"https:\/\/neuronup.com\/de\/wp-json\/wp\/v2\/pages\/21885"}],"wp:featuredmedia":[{"embeddable":true,"href":"https:\/\/neuronup.com\/de\/wp-json\/wp\/v2\/media\/29504"}],"wp:attachment":[{"href":"https:\/\/neuronup.com\/de\/wp-json\/wp\/v2\/media?parent=27937"}],"curies":[{"name":"wp","href":"https:\/\/api.w.org\/{rel}","templated":true}]}}