{"id":24510,"date":"2023-03-28T11:01:28","date_gmt":"2023-03-28T09:01:28","guid":{"rendered":"https:\/\/neuronup.com\/de\/?page_id=24510"},"modified":"2025-02-28T08:34:42","modified_gmt":"2025-02-28T06:34:42","slug":"ergebnisse-von-neuronup","status":"publish","type":"page","link":"https:\/\/neuronup.com\/de\/produkt\/ergebnisse-von-neuronup\/","title":{"rendered":"Analysieren Sie die Ergebnisse Ihrer Patient:innen mit NeuronUP in Echtzeit"},"content":{"rendered":"\n<p class=\"has-xl-font-size\">Suchen Sie nach dem schnellsten und effizientesten Weg, die<strong><mark style=\"background-color:rgba(0, 0, 0, 0)\" class=\"has-inline-color has-primary-color\"> Fortschritte Ihrer Patient:innen zu analysieren und zu verfolgen?<\/mark><\/strong> NeuronUP erm\u00f6glicht es Ihnen, den \u00dcberblick \u00fcber die <strong>Ergebnisse<\/strong> Ihrer Patient:innen in <strong>Echtzeit<\/strong> zu <strong>bewahren<\/strong>.<\/p>\n\n\n\n<h2 class=\"wp-block-heading\">Was sind die NeuronUP Ergebnisse?<\/h2>\n\n\n\n<p>Die NeuronUP-Ergebnisse spiegeln die Leistung der Patient:innen auf der Plattform wider.<\/p>\n\n\n\n<p>Jedes Mal, wenn Ihre Patient:innen eine NeuronUP-Aktivit\u00e4t oder -Sitzung durchf\u00fchrt, werden die <strong>Ergebnisse automatisch <\/strong>im Profil <strong>gespeichert<\/strong>.<\/p>\n\n\n\n<h3 class=\"wp-block-heading\">Indikatoren<\/h3>\n\n\n\n<p>NeuronUP verf\u00fcgt \u00fcber <strong>sechs Indikatoren<\/strong>, die der Fachkraft zeigen, wie die Patient:innen <strong>bei der \u00dcbung abgeschnitten haben<\/strong>:<\/p>\n\n\n\n<figure class=\"wp-block-image size-full\"><img decoding=\"async\" width=\"768\" height=\"51\" src=\"https:\/\/neuronup.com\/de\/wp-content\/uploads\/2024\/03\/Indikatoren-NeuronUP-Score.webp\" alt=\"Indikatoren NeuronUP Score\" class=\"wp-image-29469\" srcset=\"https:\/\/neuronup.com\/de\/wp-content\/uploads\/2024\/03\/Indikatoren-NeuronUP-Score-300x20.webp 300w, https:\/\/neuronup.com\/de\/wp-content\/uploads\/2024\/03\/Indikatoren-NeuronUP-Score.webp 768w\" sizes=\"(max-width: 768px) 100vw, 768px\" \/><\/figure>\n\n\n\n<ol class=\"wp-block-list\">\n<li><strong>\u00dcbung bestanden<\/strong>: Dies sind die \u00dcbungen, die die Patient:innen perfekt, ohne einen einzigen Fehler, abgeschlossen hat. Sie werden gr\u00fcn angezeigt.<\/li>\n\n\n\n<li><strong>\u00dcbung akzeptabel:<\/strong> Dies sind die \u00dcbungen, die die Patient:innen mit einigen Fehlern abgeschlossen haben. Sie werden orange dargestellt.<\/li>\n\n\n\n<li><strong>\u00dcbung nicht bestanden<\/strong>: Dies sind die \u00dcbungen, die nicht bestanden wurden. Sie werden in rot dargestellt.<\/li>\n\n\n\n<li><strong>\u00dcbung unvollst\u00e4ndig<\/strong>: Dies sind die \u00dcbungen, die nicht abgeschlossen sind. Sie werden visuell in grau dargestellt.<\/li>\n\n\n\n<li><strong>Eine Stufe aufgestiegen<\/strong>: Zeigt an, wenn die Patient:innen eine Stufe aufgestiegen sind. Diese Anzeige erscheint nur in Spielen. Das Aufsteigen wird mit einem gr\u00fcnen Pfeil nach oben angezeigt.<\/li>\n\n\n\n<li><strong>Eine Stufe abgestiegen<\/strong>: Zeigt an, wann die Patient:innen eine Stufe abgestiegen sind. Diese Anzeige erscheint nur in Spielen. Das Absteigen wird mit einem roten Pfeil nach oben angezeigt.<\/li>\n<\/ol>\n\n\n\n<h3 class=\"wp-block-heading\">Beispiel f\u00fcr die Ergebnisse der Nutzer:innen<\/h3>\n\n\n\n<p>In dem Beispiel in der folgenden Abbildung sehen wir, wie der Patient die <strong>ersten f\u00fcnf \u00dcbungen<\/strong> der Phase 1 der Aktivit\u00e4t <em>Maulwurfsinvasion<\/em> <strong>bestanden hat<\/strong>. Nachdem er die f\u00fcnfte \u00dcbung bestanden hatte, ist er in die n\u00e4chste Phase aufgestiegen. In Phase 2 hat er die <strong>\u00dcbung akzeptabel bestanden,<\/strong> hat dann <strong>eine \u00dcbung<\/strong> <strong>bestanden <\/strong>und anschlie\u00dfend drei <strong>\u00dcbungen nicht bestanden. <\/strong>Er ist dann wieder<strong> eine Stufe in Stufe 1 abgestiegen. <\/strong>In Stufe 1 hat er dann wieder<strong> eine \u00dcbung bestanden <\/strong>und die letzte \u00dcbung<strong> nur unvollst\u00e4ndig abgeschlossen.<\/strong><\/p>\n\n\n\n<figure class=\"wp-block-image size-full\"><img decoding=\"async\" width=\"768\" height=\"250\" src=\"https:\/\/neuronup.com\/de\/wp-content\/uploads\/2024\/03\/Ergebnisse-NeuronUP-Score-1.webp\" alt=\"Ergebnisse NeuronUP Score\" class=\"wp-image-29467\" srcset=\"https:\/\/neuronup.com\/de\/wp-content\/uploads\/2024\/03\/Ergebnisse-NeuronUP-Score-1-300x98.webp 300w, https:\/\/neuronup.com\/de\/wp-content\/uploads\/2024\/03\/Ergebnisse-NeuronUP-Score-1.webp 768w\" sizes=\"(max-width: 768px) 100vw, 768px\" \/><\/figure>\n\n\n\n<div style=\"height:50px\" aria-hidden=\"true\" class=\"wp-block-spacer\"><\/div>\n\n\n\n<div class=\"wp-block-group\"><div class=\"wp-block-group__inner-container is-layout-constrained wp-block-group-is-layout-constrained\">\n<div class=\"wp-block-columns is-layout-flex wp-container-core-columns-is-layout-9d6595d7 wp-block-columns-is-layout-flex\">\n<div class=\"wp-block-column br-0111 p-5 particle-bg anims-fadein-up has-primary-background-color has-background is-layout-flow wp-block-column-is-layout-flow\">\n<h2 class=\"wp-block-heading has-white-color has-text-color\">Erfahren Sie mehr \u00fcber <strong>NeuronUP<\/strong><\/h2>\n\n\n\n<div class=\"wp-block-buttons is-layout-flex wp-block-buttons-is-layout-flex\">\n<div class=\"wp-block-button--1\" style=\"--button-outline-color:var(--color-white);--button-outline-color-hover:rgba(0,0,0,0.8);\"><a class=\"wp-block-button__link button button-outline   has-link-color wp-element-button\" href=\"https:\/\/neuronup.com\/redirect\/?target=typeform\/de-neuronUP?utm_first_source=Web&#038;utm_first_campaign_name=Request_meeting\">Videoanruf anfordem<\/a><\/div>\n\n<\/div>\n<\/div>\n\n\n\n<div class=\"wp-block-column br-0111 p-5 particle-bg anims-fadein-up has-primary-background-color has-background is-layout-flow wp-block-column-is-layout-flow\">\n<h2 class=\"wp-block-heading has-white-color has-text-color\">Kostenlos testen<\/h2>\n\n\n\n<p class=\"has-white-color has-text-color\"><strong>Mehr als 4.500 <\/strong>Fachkr\u00e4fte nutzen unsere Plattform bereits t\u00e4glich.<\/p>\n\n\n\n<div class=\"wp-block-buttons is-layout-flex wp-block-buttons-is-layout-flex\">\n<div class=\"wp-block-button orange-button\" style=\"--button-background:var(--color-custom-1);--button-background-hover:#cc7e00;\"><a class=\"wp-block-button__link button   wp-element-button\" href=\"https:\/\/neuronup.com\/de\/landing-store-user\/\">Kostenlos testen<img decoding=\"async\" class=\"wp-image-18719\" style=\"width: 8px;\" src=\"\/de\/wp-content\/uploads\/2022\/v3\/icon_rightArrow-white.svg\"><\/a><\/div>\n\n<\/div>\n<\/div>\n<\/div>\n<\/div><\/div>\n\n\n\n<div style=\"height:50px\" aria-hidden=\"true\" class=\"wp-block-spacer\"><\/div>\n\n\n\n<h2 class=\"wp-block-heading\">Vorteile der Analyse und des Trackings Ihrer Patient:innen mit NeuronUP<\/h2>\n\n\n\n<ol class=\"wp-block-list\">\n<li> <strong>Sparen Sie Zeit<\/strong> bei der Analyse der Ergebnisse.<\/li>\n\n\n\n<li>Die Ergebnisse Ihrer Patient:innen werden <strong>automatisch gespeichert<\/strong>.<\/li>\n\n\n\n<li>\u00dcberpr\u00fcfen Sie die Ergebnisse in <strong>Echtzeit<\/strong>.<\/li>\n\n\n\n<li>Die Ergebnisse werden<strong> visuell <\/strong>dargestellt.<\/li>\n\n\n\n<li>F\u00f6rdert die <strong>Kontinuit\u00e4t der planm\u00e4\u00dfigen<\/strong> <strong>Behandlung<\/strong>.<\/li>\n<\/ol>\n\n\n\n<figure class=\"wp-block-image size-large is-resized\"><img decoding=\"async\" width=\"1024\" height=\"1024\" src=\"https:\/\/neuronup.com\/de\/wp-content\/uploads\/2024\/01\/Ventajas-de-utilizar-NeuronUP-Score-en-tu-intervencion-DE-3-1-1024x1024.webp\" alt=\"Vorteile der Analyse und des Trackings Ihrer Patient:innen mit NeuronUP\" class=\"wp-image-28306\" style=\"width:800px;height:auto\" srcset=\"https:\/\/neuronup.com\/de\/wp-content\/uploads\/2024\/01\/Ventajas-de-utilizar-NeuronUP-Score-en-tu-intervencion-DE-3-1-80x80.webp 80w, https:\/\/neuronup.com\/de\/wp-content\/uploads\/2024\/01\/Ventajas-de-utilizar-NeuronUP-Score-en-tu-intervencion-DE-3-1-150x150.webp 150w, https:\/\/neuronup.com\/de\/wp-content\/uploads\/2024\/01\/Ventajas-de-utilizar-NeuronUP-Score-en-tu-intervencion-DE-3-1-300x300.webp 300w, https:\/\/neuronup.com\/de\/wp-content\/uploads\/2024\/01\/Ventajas-de-utilizar-NeuronUP-Score-en-tu-intervencion-DE-3-1-768x768.webp 768w, https:\/\/neuronup.com\/de\/wp-content\/uploads\/2024\/01\/Ventajas-de-utilizar-NeuronUP-Score-en-tu-intervencion-DE-3-1-1024x1024.webp 1024w, https:\/\/neuronup.com\/de\/wp-content\/uploads\/2024\/01\/Ventajas-de-utilizar-NeuronUP-Score-en-tu-intervencion-DE-3-1.webp 1080w\" sizes=\"(max-width: 1024px) 100vw, 1024px\" \/><\/figure>\n\n\n\n<div style=\"height:50px\" aria-hidden=\"true\" class=\"wp-block-spacer\"><\/div>\n\n\n\n<h2 class=\"wp-block-heading\">Wie funktioniert die Auswertung der Ergebnisse von NeuronUP?<\/h2>\n\n\n\n<p>Jedes Mal, wenn einer Ihrer Patient:innen eine NeuronUP-Aktivit\u00e4t oder -Sitzung durchf\u00fchrt, <strong>werden die Ergebnisse automatisch <\/strong>im Profil <strong>gespeichert<\/strong>.<\/p>\n\n\n\n<p class=\"has-xl-margin-top has-xl-margin-bottom\">Im Folgenden erkl\u00e4ren wir Schritt f\u00fcr Schritt, wie die <strong>Ergebnisse in NeuronUP erfasst werden:<\/strong><\/p>\n\n\n\n<div class=\"wp-block-columns is-layout-flex wp-container-core-columns-is-layout-9d6595d7 wp-block-columns-is-layout-flex\">\n<div class=\"wp-block-column is-layout-flow wp-block-column-is-layout-flow\">\n<h3 class=\"wp-block-heading\">1. <strong>Die Fachkraft plant die Aktivit\u00e4ten<\/strong><\/h3>\n\n\n\n<p>Die Fachkraft <strong>gestaltet die Behandlung <\/strong>entsprechend der Bed\u00fcrfnissen und F\u00e4higkeiten der jeweiligen Patient:innen.<\/p>\n<\/div>\n\n\n\n<div class=\"wp-block-column is-layout-flow wp-block-column-is-layout-flow\">\n<figure class=\"wp-block-image size-full\"><img decoding=\"async\" width=\"1024\" height=\"721\" src=\"https:\/\/neuronup.com\/de\/wp-content\/uploads\/2023\/12\/Der-Praktiker-leitet-die-Aktivitaten.webp\" alt=\"Der Praktiker leitet die Aktivita\u0308ten\" class=\"wp-image-27593\" srcset=\"https:\/\/neuronup.com\/de\/wp-content\/uploads\/2023\/12\/Der-Praktiker-leitet-die-Aktivitaten-300x211.webp 300w, https:\/\/neuronup.com\/de\/wp-content\/uploads\/2023\/12\/Der-Praktiker-leitet-die-Aktivitaten-768x541.webp 768w, https:\/\/neuronup.com\/de\/wp-content\/uploads\/2023\/12\/Der-Praktiker-leitet-die-Aktivitaten.webp 1024w\" sizes=\"(max-width: 1024px) 100vw, 1024px\" \/><\/figure>\n<\/div>\n<\/div>\n\n\n\n<div style=\"height:50px\" aria-hidden=\"true\" class=\"wp-block-spacer\"><\/div>\n\n\n\n<div class=\"wp-block-columns is-layout-flex wp-container-core-columns-is-layout-9d6595d7 wp-block-columns-is-layout-flex\">\n<div class=\"wp-block-column is-layout-flow wp-block-column-is-layout-flow\">\n<h3 class=\"wp-block-heading\">2. <strong>Die Patient:innen f\u00fchren die Aktivit\u00e4ten durch<\/strong><\/h3>\n\n\n\n<p>Die Patient:innen<strong> f\u00fchren die<\/strong> von der Fachkraft zuvor ausgew\u00e4hlten <strong>Aktivit\u00e4ten<\/strong> durch.<\/p>\n<\/div>\n\n\n\n<div class=\"wp-block-column is-layout-flow wp-block-column-is-layout-flow\">\n<figure class=\"wp-block-image size-full\"><img decoding=\"async\" width=\"1024\" height=\"721\" src=\"https:\/\/neuronup.com\/de\/wp-content\/uploads\/2023\/12\/Der-Benutzer-fuhrt-die-Aktivitaten-aus.webp\" alt=\"Der Benutzer fu\u0308hrt die Aktivita\u0308ten aus\" class=\"wp-image-27592\" srcset=\"https:\/\/neuronup.com\/de\/wp-content\/uploads\/2023\/12\/Der-Benutzer-fuhrt-die-Aktivitaten-aus-300x211.webp 300w, https:\/\/neuronup.com\/de\/wp-content\/uploads\/2023\/12\/Der-Benutzer-fuhrt-die-Aktivitaten-aus-768x541.webp 768w, https:\/\/neuronup.com\/de\/wp-content\/uploads\/2023\/12\/Der-Benutzer-fuhrt-die-Aktivitaten-aus.webp 1024w\" sizes=\"(max-width: 1024px) 100vw, 1024px\" \/><\/figure>\n<\/div>\n<\/div>\n\n\n\n<div style=\"height:50px\" aria-hidden=\"true\" class=\"wp-block-spacer\"><\/div>\n\n\n\n<div class=\"wp-block-columns is-layout-flex wp-container-core-columns-is-layout-9d6595d7 wp-block-columns-is-layout-flex\">\n<div class=\"wp-block-column is-layout-flow wp-block-column-is-layout-flow\">\n<h3 class=\"wp-block-heading\">3. <strong>NeuronUP speichert die Ergebnisse<\/strong> automatisch<\/h3>\n\n\n\n<p>Jedes Mal, wenn die Patient:innen eine Aktivit\u00e4t durchf\u00fchren, werden <strong>die Ergebnisse automatisch<\/strong> im Profil <strong>gespeichert<\/strong>. Mit dieser Funktion k\u00f6nnen Sie die <strong>Entwicklung<\/strong> der Patient:innen<strong> in Echtzeit <\/strong>verfolgen.<\/p>\n<\/div>\n\n\n\n<div class=\"wp-block-column is-layout-flow wp-block-column-is-layout-flow\">\n<figure class=\"wp-block-image aligncenter size-full is-resized\"><img decoding=\"async\" src=\"https:\/\/neuronup.com\/de\/wp-content\/uploads\/2023\/12\/NeuronUP-zeichnet-die-Ergebnisse-automatisch-auf.webp\" alt=\"Neuronup-Ergebnisse\" class=\"wp-image-24179\" style=\"width:250px;height:250px\"\/><\/figure>\n<\/div>\n<\/div>\n\n\n\n<div style=\"height:50px\" aria-hidden=\"true\" class=\"wp-block-spacer\"><\/div>\n\n\n\n<div class=\"wp-block-columns is-layout-flex wp-container-core-columns-is-layout-9d6595d7 wp-block-columns-is-layout-flex\">\n<div class=\"wp-block-column is-layout-flow wp-block-column-is-layout-flow\">\n<h3 class=\"wp-block-heading\">4. <strong>Die Fachkraft \u00fcberpr\u00fcft die Ergebnisse<\/strong><\/h3>\n\n\n\n<p>Sie k\u00f6nnen die Ergebnisse Ihrer Patient:innen analysieren, um <strong>die Therapie<\/strong> entsprechend dem Fortschritt der Patient:innen neu anzupassen und so eine <strong>kontinuierliche und gezielte Behandlung <\/strong>zu f\u00f6rdern.<\/p>\n<\/div>\n\n\n\n<div class=\"wp-block-column is-layout-flow wp-block-column-is-layout-flow\">\n<figure class=\"wp-block-image size-full\"><img decoding=\"async\" width=\"1024\" height=\"721\" src=\"https:\/\/neuronup.com\/de\/wp-content\/uploads\/2023\/12\/Der-Praktiker-uberpruft-die-Ergebnisse.webp\" alt=\"Der Praktiker u\u0308berpru\u0308ft die Ergebnisse\" class=\"wp-image-27591\" srcset=\"https:\/\/neuronup.com\/de\/wp-content\/uploads\/2023\/12\/Der-Praktiker-uberpruft-die-Ergebnisse-300x211.webp 300w, https:\/\/neuronup.com\/de\/wp-content\/uploads\/2023\/12\/Der-Praktiker-uberpruft-die-Ergebnisse-768x541.webp 768w, https:\/\/neuronup.com\/de\/wp-content\/uploads\/2023\/12\/Der-Praktiker-uberpruft-die-Ergebnisse.webp 1024w\" sizes=\"(max-width: 1024px) 100vw, 1024px\" \/><\/figure>\n<\/div>\n<\/div>\n\n\n\n<div style=\"height:50px\" aria-hidden=\"true\" class=\"wp-block-spacer\"><\/div>\n\n\n\n<div class=\"wp-block-columns is-layout-flex wp-container-core-columns-is-layout-9d6595d7 wp-block-columns-is-layout-flex\">\n<div class=\"wp-block-column is-layout-flow wp-block-column-is-layout-flow\">\n<h3 class=\"wp-block-heading\">5. <strong>Wieder von vorn!<\/strong><\/h3>\n\n\n\n<p class=\"is-style-default\">Planen Sie die n\u00e4chsten Aktivit\u00e4ten<\/p>\n\n\n<\/div>\n\n\n\n<div class=\"wp-block-column is-layout-flow wp-block-column-is-layout-flow\">\n<figure class=\"wp-block-image size-full\"><img decoding=\"async\" width=\"1024\" height=\"721\" src=\"https:\/\/neuronup.com\/de\/wp-content\/uploads\/2023\/12\/Zuruck-zum-Anfang.webp\" alt=\"Zuru\u0308ck zum Anfang\" class=\"wp-image-27590\" srcset=\"https:\/\/neuronup.com\/de\/wp-content\/uploads\/2023\/12\/Zuruck-zum-Anfang-300x211.webp 300w, https:\/\/neuronup.com\/de\/wp-content\/uploads\/2023\/12\/Zuruck-zum-Anfang-768x541.webp 768w, https:\/\/neuronup.com\/de\/wp-content\/uploads\/2023\/12\/Zuruck-zum-Anfang.webp 1024w\" sizes=\"(max-width: 1024px) 100vw, 1024px\" \/><\/figure>\n<\/div>\n<\/div>\n","protected":false},"excerpt":{"rendered":"<p>Suchen Sie nach dem schnellsten und effizientesten Weg, die Fortschritte Ihrer Patient:innen zu analysieren und zu verfolgen? NeuronUP erm\u00f6glicht es Ihnen, den \u00dcberblick \u00fcber die Ergebnisse Ihrer Patient:innen in Echtzeit zu bewahren. Was sind die NeuronUP Ergebnisse? Die NeuronUP-Ergebnisse spiegeln die Leistung der Patient:innen auf der Plattform wider. Jedes Mal, wenn Ihre Patient:innen eine NeuronUP-Aktivit\u00e4t &hellip;<\/p>\n","protected":false},"author":3,"featured_media":27434,"parent":21885,"menu_order":0,"comment_status":"closed","ping_status":"closed","template":"","meta":{"_acf_changed":false,"_genesis_hide_title":false,"_genesis_hide_breadcrumbs":false,"_genesis_hide_singular_image":false,"_genesis_hide_footer_widgets":false,"_genesis_custom_body_class":"","_genesis_custom_post_class":"","_genesis_layout":"","footnotes":""},"class_list":{"1":"page","2":"type-page","6":"entry"},"acf":[],"_links":{"self":[{"href":"https:\/\/neuronup.com\/de\/wp-json\/wp\/v2\/pages\/24510","targetHints":{"allow":["GET"]}}],"collection":[{"href":"https:\/\/neuronup.com\/de\/wp-json\/wp\/v2\/pages"}],"about":[{"href":"https:\/\/neuronup.com\/de\/wp-json\/wp\/v2\/types\/page"}],"author":[{"embeddable":true,"href":"https:\/\/neuronup.com\/de\/wp-json\/wp\/v2\/users\/3"}],"replies":[{"embeddable":true,"href":"https:\/\/neuronup.com\/de\/wp-json\/wp\/v2\/comments?post=24510"}],"version-history":[{"count":0,"href":"https:\/\/neuronup.com\/de\/wp-json\/wp\/v2\/pages\/24510\/revisions"}],"up":[{"embeddable":true,"href":"https:\/\/neuronup.com\/de\/wp-json\/wp\/v2\/pages\/21885"}],"wp:featuredmedia":[{"embeddable":true,"href":"https:\/\/neuronup.com\/de\/wp-json\/wp\/v2\/media\/27434"}],"wp:attachment":[{"href":"https:\/\/neuronup.com\/de\/wp-json\/wp\/v2\/media?parent=24510"}],"curies":[{"name":"wp","href":"https:\/\/api.w.org\/{rel}","templated":true}]}}