{"id":24502,"date":"2023-03-28T10:55:24","date_gmt":"2023-03-28T08:55:24","guid":{"rendered":"https:\/\/neuronup.com\/de\/?page_id=24502"},"modified":"2025-02-28T08:41:06","modified_gmt":"2025-02-28T06:41:06","slug":"telerehabilitation-rehabilitation-kognitive-rehabilitation-auf-entfernung-mit-neuronup","status":"publish","type":"page","link":"https:\/\/neuronup.com\/de\/produkt\/telerehabilitation-rehabilitation-kognitive-rehabilitation-auf-entfernung-mit-neuronup\/","title":{"rendered":"Telerehabilitation: kognitive Rehabilitation als Remote-Sitzung mit NeuronUP"},"content":{"rendered":"\n<p class=\"has-xl-font-size\">W\u00fcrden Sie gerne <strong>von zu Hause mit Ihren Patient:innen arbeiten? <\/strong>NeuronUP erm\u00f6glicht es Ihnen, <mark style=\"background-color:rgba(0, 0, 0, 0)\" class=\"has-inline-color has-primary-color\"><strong>Sitzungen f\u00fcr zu Hause zu erstellen<\/strong>,<\/mark> um die bisher geleistete Arbeit zu vertiefen, eine Unterbrechung der Therapie w\u00e4hrend Urlaub oder Krankheit zu vermeiden und den Zugang zur Behandlung f\u00fcr Menschen mit Mobilit\u00e4tsproblemen zu erleichtern. Nutzen Sie die Vorteile der <strong>Telerehabilitation<\/strong> und probieren Sie<strong> Online Sitzungen f\u00fcr kognitive Rehabilitation<\/strong> mit NeuronUP2GO aus!<\/p>\n\n\n\n<h2 class=\"wp-block-heading\">Was ist NeuronUP2GO?<\/h2>\n\n\n\n<p>NeuronUP2GO sind die Remote-Sitzungen von NeuronUP.<\/p>\n\n\n\n<h2 class=\"wp-block-heading\">Vorteile der Telerehabilitation mit NeuronUP<\/h2>\n\n\n\n<p>Die Arbeit aus der Ferne mit Ihren Patient:innen hat viele Vorteile, sowohl f\u00fcr Sie als Fachkraft als auch f\u00fcr Ihre Patient:innen. Warum Sie NeuronUP2GO ausprobieren sollten:<\/p>\n\n\n\n\n\n<h3 class=\"wp-block-heading\">Vorteile der Telerehabilitation mit NeuronUP<strong> f\u00fcr Fachkr\u00e4fte<\/strong><\/h3>\n\n\n\n<ol class=\"wp-block-list\">\n<li><strong>Vertieft<\/strong> die in der Behandlung vor Ort erarbeiteten F\u00e4higkeiten.<\/li>\n\n\n\n<li><strong>Verhindern Sie eine Unterbrechung der Therapie,<\/strong> wenn die Patient:innen krank oder im Urlaub sind oder Sie sich auf einer Dienstreise befinden.<\/li>\n\n\n\n<li><strong>Erleichtert den Zugang zur Therapie<\/strong> f\u00fcr Menschen mit Mobilit\u00e4tsproblemen.<\/li>\n\n\n\n<li><strong>Erweitern Sie Ihre Reichweite<\/strong>, indem Sie Behandlungen und kognitive Rehabilitation von Patient:innen in verschiedenen Teilen der Welt anbieten.<\/li>\n\n\n\n<li>Telerehabilitation erm\u00f6glicht eine<strong> kontrollierte und personalisierbare Behandlung<\/strong>, da alle Ergebnisse auf der Plattform gespeichert werden.<\/li>\n\n\n\n<li><strong>Die Therapie<\/strong> kann je nach den Fortschritten der Patient:innen jederzeit <strong>neu angepasst werden<\/strong>, um kontinuierliche Fortschritte zu f\u00f6rdern.<\/li>\n<\/ol>\n\n\n\n<figure class=\"wp-block-image size-large\"><img decoding=\"async\" width=\"1024\" height=\"1024\" src=\"https:\/\/neuronup.com\/de\/wp-content\/uploads\/2024\/01\/Ventajas-de-la-telerrehabilitacion-con-NeuronUP-DE-3-1-1024x1024.webp\" alt=\"\" class=\"wp-image-28311\" srcset=\"https:\/\/neuronup.com\/de\/wp-content\/uploads\/2024\/01\/Ventajas-de-la-telerrehabilitacion-con-NeuronUP-DE-3-1-80x80.webp 80w, https:\/\/neuronup.com\/de\/wp-content\/uploads\/2024\/01\/Ventajas-de-la-telerrehabilitacion-con-NeuronUP-DE-3-1-150x150.webp 150w, https:\/\/neuronup.com\/de\/wp-content\/uploads\/2024\/01\/Ventajas-de-la-telerrehabilitacion-con-NeuronUP-DE-3-1-300x300.webp 300w, https:\/\/neuronup.com\/de\/wp-content\/uploads\/2024\/01\/Ventajas-de-la-telerrehabilitacion-con-NeuronUP-DE-3-1-768x768.webp 768w, https:\/\/neuronup.com\/de\/wp-content\/uploads\/2024\/01\/Ventajas-de-la-telerrehabilitacion-con-NeuronUP-DE-3-1-1024x1024.webp 1024w, https:\/\/neuronup.com\/de\/wp-content\/uploads\/2024\/01\/Ventajas-de-la-telerrehabilitacion-con-NeuronUP-DE-3-1.webp 1080w\" sizes=\"(max-width: 1024px) 100vw, 1024px\" \/><\/figure>\n\n\n\n<div class=\"wp-block-group\"><div class=\"wp-block-group__inner-container is-layout-constrained wp-block-group-is-layout-constrained\">\n<div class=\"wp-block-columns is-layout-flex wp-container-core-columns-is-layout-9d6595d7 wp-block-columns-is-layout-flex\">\n<div class=\"wp-block-column br-0111 p-5 particle-bg anims-fadein-up has-primary-background-color has-background is-layout-flow wp-block-column-is-layout-flow\">\n<h2 class=\"wp-block-heading has-white-color has-text-color\">Erfahren Sie mehr \u00fcber <strong>NeuronUP<\/strong><\/h2>\n\n\n\n<div class=\"wp-block-buttons is-layout-flex wp-block-buttons-is-layout-flex\">\n<div class=\"wp-block-button--1\" style=\"--button-outline-color:var(--color-white);--button-outline-color-hover:rgba(0,0,0,0.8);\"><a class=\"wp-block-button__link button button-outline   has-link-color wp-element-button\" href=\"https:\/\/neuronup.com\/redirect\/?target=typeform\/de-neuronUP?utm_first_source=Web&#038;utm_first_campaign_name=Request_meeting\">Videoanruf anfordem<\/a><\/div>\n\n<\/div>\n<\/div>\n\n\n\n<div class=\"wp-block-column br-0111 p-5 particle-bg anims-fadein-up has-primary-background-color has-background is-layout-flow wp-block-column-is-layout-flow\">\n<h2 class=\"wp-block-heading has-white-color has-text-color\">Kostenlos testen<\/h2>\n\n\n\n<p class=\"has-white-color has-text-color\"><strong>Mehr als 4.500 <\/strong>Fachkr\u00e4fte nutzen unsere Plattform bereits t\u00e4glich.<\/p>\n\n\n\n<div class=\"wp-block-buttons is-layout-flex wp-block-buttons-is-layout-flex\">\n<div class=\"wp-block-button orange-button\" style=\"--button-background:var(--color-custom-1);--button-background-hover:#cc7e00;\"><a class=\"wp-block-button__link button   wp-element-button\" href=\"https:\/\/neuronup.com\/de\/landing-store-user\/\">Kostenlos testen<img decoding=\"async\" class=\"wp-image-18719\" style=\"width: 8px;\" src=\"\/de\/wp-content\/uploads\/2022\/v3\/icon_rightArrow-white.svg\"><\/a><\/div>\n\n<\/div>\n<\/div>\n<\/div>\n<\/div><\/div>\n\n\n\n<div style=\"height:80px\" aria-hidden=\"true\" class=\"wp-block-spacer\"><\/div>\n\n\n\n<h3 class=\"wp-block-heading\">Vorteile der <strong>Telerehabilitation<\/strong> mit NeuronUP f\u00fcr<strong> Ihre<\/strong> <strong>Patient:innen<\/strong><\/h3>\n\n\n\n<ol class=\"wp-block-list\">\n<li><strong>Setzen Sie Ihre Rehabilitation bequem von zu Hause<\/strong> aus und zu jeder Tageszeit fort.<\/li>\n\n\n\n<li><strong>F\u00fchren Sie die Therapie remote durch,<\/strong> wenn Sie<strong> krank sind, au\u00dferhalb der Stadt arbeiten oder im Urlaub sind.<\/strong><\/li>\n\n\n\n<li><strong>Vermeiden Sie eine weite Anfahrt,<\/strong> was f\u00fcr Menschen mit Mobilit\u00e4tsproblemen sehr wichtig ist.<\/li>\n\n\n\n<li><strong>Vertiefen <\/strong>Sie die in der Behandlung vor Ort <strong>erarbeiteten F\u00e4higkeiten<\/strong>.<\/li>\n\n\n\n<li><strong>F\u00f6rderung der regelm\u00e4\u00dfigen Teilnahme an der Therapie.<\/strong><\/li>\n<\/ol>\n\n\n\n<figure class=\"wp-block-image size-large\"><img decoding=\"async\" width=\"1024\" height=\"1024\" src=\"https:\/\/neuronup.com\/de\/wp-content\/uploads\/2024\/01\/Ventajas-de-la-telerrehabilitacion-con-NeuronUP-DE-1-1024x1024.webp\" alt=\"\" class=\"wp-image-28309\" srcset=\"https:\/\/neuronup.com\/de\/wp-content\/uploads\/2024\/01\/Ventajas-de-la-telerrehabilitacion-con-NeuronUP-DE-1-80x80.webp 80w, https:\/\/neuronup.com\/de\/wp-content\/uploads\/2024\/01\/Ventajas-de-la-telerrehabilitacion-con-NeuronUP-DE-1-150x150.webp 150w, https:\/\/neuronup.com\/de\/wp-content\/uploads\/2024\/01\/Ventajas-de-la-telerrehabilitacion-con-NeuronUP-DE-1-300x300.webp 300w, https:\/\/neuronup.com\/de\/wp-content\/uploads\/2024\/01\/Ventajas-de-la-telerrehabilitacion-con-NeuronUP-DE-1-768x768.webp 768w, https:\/\/neuronup.com\/de\/wp-content\/uploads\/2024\/01\/Ventajas-de-la-telerrehabilitacion-con-NeuronUP-DE-1-1024x1024.webp 1024w, https:\/\/neuronup.com\/de\/wp-content\/uploads\/2024\/01\/Ventajas-de-la-telerrehabilitacion-con-NeuronUP-DE-1.webp 1080w\" sizes=\"(max-width: 1024px) 100vw, 1024px\" \/><\/figure>\n\n\n\n\n\n<h2 class=\"wp-block-heading\">Wie werden die Remote-Sitzungen f\u00fcr kognitive Rehabilitation mit NeuronUP durchgef\u00fchrt?<\/h2>\n\n\n\n<p class=\"has-xl-margin-top has-xl-margin-bottom\">Hier erkl\u00e4ren wir Schritt f\u00fcr Schritt, <strong>wie Telerehabilitation mit NeuronUP funktioniert:<\/strong><\/p>\n\n\n\n<div class=\"wp-block-columns is-layout-flex wp-container-core-columns-is-layout-9d6595d7 wp-block-columns-is-layout-flex\">\n<div class=\"wp-block-column is-layout-flow wp-block-column-is-layout-flow\">\n<h3 class=\"wp-block-heading\">1. <strong>Die Fachkraft plant die Remote-Sitzungen<\/strong><\/h3>\n\n\n\n<p>Die Fachkraft <strong>stellt die \u00dcbungen <\/strong>entsprechend den Bed\u00fcrfnissen und F\u00e4higkeiten der jeweiligen Nutzer:innen, Sch\u00fcler:innen oder Patient:innen zusammen.<\/p>\n<\/div>\n\n\n\n<div class=\"wp-block-column is-layout-flow wp-block-column-is-layout-flow\">\n<figure class=\"wp-block-image size-full\"><img decoding=\"async\" width=\"1024\" height=\"721\" src=\"https:\/\/neuronup.com\/de\/wp-content\/uploads\/2023\/12\/Der-Praktiker-leitet-die-Aktivitaten.webp\" alt=\"Der Praktiker leitet die Aktivita\u0308ten\" class=\"wp-image-27593\" srcset=\"https:\/\/neuronup.com\/de\/wp-content\/uploads\/2023\/12\/Der-Praktiker-leitet-die-Aktivitaten-300x211.webp 300w, https:\/\/neuronup.com\/de\/wp-content\/uploads\/2023\/12\/Der-Praktiker-leitet-die-Aktivitaten-768x541.webp 768w, https:\/\/neuronup.com\/de\/wp-content\/uploads\/2023\/12\/Der-Praktiker-leitet-die-Aktivitaten.webp 1024w\" sizes=\"(max-width: 1024px) 100vw, 1024px\" \/><\/figure>\n<\/div>\n<\/div>\n\n\n\n<div style=\"height:50px\" aria-hidden=\"true\" class=\"wp-block-spacer\"><\/div>\n\n\n\n<div class=\"wp-block-columns is-layout-flex wp-container-core-columns-is-layout-9d6595d7 wp-block-columns-is-layout-flex\">\n<div class=\"wp-block-column is-layout-flow wp-block-column-is-layout-flow\">\n<h3 class=\"wp-block-heading\">2.<strong> Die Patient:innen loggen sich von zu Hause aus  ein <\/strong>und f\u00fchren die \u00dcbungen durch.<\/h3>\n\n\n\n<p>Der Patient:innen loggen sich von zu Hause mit ihren pers\u00f6nlichen Zugangsdaten, die ihnen die Fachkraft zuvor mitgeteilt hat ein, und <strong>f\u00fchren die \u00dcbungen durch.<\/strong><\/p>\n<\/div>\n\n\n\n<div class=\"wp-block-column is-layout-flow wp-block-column-is-layout-flow\">\n<figure class=\"wp-block-image size-full\"><img decoding=\"async\" width=\"1024\" height=\"721\" src=\"https:\/\/neuronup.com\/de\/wp-content\/uploads\/2023\/12\/Der-Benutzer-fuhrt-die-Aktivitaten-aus.webp\" alt=\"Der Benutzer fu\u0308hrt die Aktivita\u0308ten aus\" class=\"wp-image-27592\" srcset=\"https:\/\/neuronup.com\/de\/wp-content\/uploads\/2023\/12\/Der-Benutzer-fuhrt-die-Aktivitaten-aus-300x211.webp 300w, https:\/\/neuronup.com\/de\/wp-content\/uploads\/2023\/12\/Der-Benutzer-fuhrt-die-Aktivitaten-aus-768x541.webp 768w, https:\/\/neuronup.com\/de\/wp-content\/uploads\/2023\/12\/Der-Benutzer-fuhrt-die-Aktivitaten-aus.webp 1024w\" sizes=\"(max-width: 1024px) 100vw, 1024px\" \/><\/figure>\n<\/div>\n<\/div>\n\n\n\n<div style=\"height:50px\" aria-hidden=\"true\" class=\"wp-block-spacer\"><\/div>\n\n\n\n<div class=\"wp-block-columns is-layout-flex wp-container-core-columns-is-layout-9d6595d7 wp-block-columns-is-layout-flex\">\n<div class=\"wp-block-column is-layout-flow wp-block-column-is-layout-flow\">\n<h3 class=\"wp-block-heading\">3.<strong> NeuronUP speichert die Ergebnisse<\/strong> automatisch<\/h3>\n\n\n\n<p>Jedes Mal, wenn die Patient:innen eine Aktivit\u00e4t in einer Sitzung durchf\u00fchren, werden die <strong>Ergebnisse automatisch <\/strong>in ihren Profilen <strong>gespeichert.<\/strong> Diese Funktion erm\u00f6glicht es der Fachkraft, <strong>die Entwicklung der Patient:innen in Echtzeit zu verfolgen.<\/strong><\/p>\n<\/div>\n\n\n\n<div class=\"wp-block-column is-layout-flow wp-block-column-is-layout-flow\">\n<figure class=\"wp-block-image aligncenter size-full is-resized\"><img decoding=\"async\" src=\"https:\/\/neuronup.com\/de\/wp-content\/uploads\/2023\/12\/NeuronUP-zeichnet-die-Ergebnisse-automatisch-auf.webp\" alt=\"NeuronUP zeichnet die Ergebnisse automatisch auf\" class=\"wp-image-24179\" style=\"width:250px;height:250px\"\/><\/figure>\n<\/div>\n<\/div>\n\n\n\n<div style=\"height:50px\" aria-hidden=\"true\" class=\"wp-block-spacer\"><\/div>\n\n\n\n<div class=\"wp-block-columns is-layout-flex wp-container-core-columns-is-layout-9d6595d7 wp-block-columns-is-layout-flex\">\n<div class=\"wp-block-column is-layout-flow wp-block-column-is-layout-flow\">\n<h3 class=\"wp-block-heading\">4. <strong>Die Fachkraft \u00fcberpr\u00fcft die Ergebnisse<\/strong><\/h3>\n\n\n\n<p>Sie k\u00f6nnen die Ergebnisse Ihrer Patient:innen analysieren, um <strong>die Therapie<\/strong> <strong>je nach Fortschritt<\/strong> <strong>neu anzupassen<\/strong> und so einen kontinuierlichen und gezielten Fortschritt zu f\u00f6rdern.<\/p>\n<\/div>\n\n\n\n<div class=\"wp-block-column is-layout-flow wp-block-column-is-layout-flow\">\n<figure class=\"wp-block-image size-full\"><img decoding=\"async\" width=\"1024\" height=\"721\" src=\"https:\/\/neuronup.com\/de\/wp-content\/uploads\/2023\/12\/Der-Praktiker-uberpruft-die-Ergebnisse.webp\" alt=\"Der Praktiker u\u0308berpru\u0308ft die Ergebnisse\" class=\"wp-image-27591\" srcset=\"https:\/\/neuronup.com\/de\/wp-content\/uploads\/2023\/12\/Der-Praktiker-uberpruft-die-Ergebnisse-300x211.webp 300w, https:\/\/neuronup.com\/de\/wp-content\/uploads\/2023\/12\/Der-Praktiker-uberpruft-die-Ergebnisse-768x541.webp 768w, https:\/\/neuronup.com\/de\/wp-content\/uploads\/2023\/12\/Der-Praktiker-uberpruft-die-Ergebnisse.webp 1024w\" sizes=\"(max-width: 1024px) 100vw, 1024px\" \/><\/figure>\n<\/div>\n<\/div>\n\n\n\n<div style=\"height:50px\" aria-hidden=\"true\" class=\"wp-block-spacer\"><\/div>\n\n\n\n<div class=\"wp-block-columns is-layout-flex wp-container-core-columns-is-layout-9d6595d7 wp-block-columns-is-layout-flex\">\n<div class=\"wp-block-column is-layout-flow wp-block-column-is-layout-flow\">\n<h3 class=\"wp-block-heading\">5. <strong>Beginnen Sie wieder von vorn!<\/strong><\/h3>\n\n\n\n<p>Planen Sie die n\u00e4chste Sitzung.<\/p>\n\n\n<\/div>\n\n\n\n<div class=\"wp-block-column is-layout-flow wp-block-column-is-layout-flow\">\n<figure class=\"wp-block-image size-full\"><img decoding=\"async\" width=\"1024\" height=\"721\" src=\"https:\/\/neuronup.com\/de\/wp-content\/uploads\/2023\/12\/Zuruck-zum-Anfang.webp\" alt=\"Zuru\u0308ck zum Anfang\" class=\"wp-image-27590\" srcset=\"https:\/\/neuronup.com\/de\/wp-content\/uploads\/2023\/12\/Zuruck-zum-Anfang-300x211.webp 300w, https:\/\/neuronup.com\/de\/wp-content\/uploads\/2023\/12\/Zuruck-zum-Anfang-768x541.webp 768w, https:\/\/neuronup.com\/de\/wp-content\/uploads\/2023\/12\/Zuruck-zum-Anfang.webp 1024w\" sizes=\"(max-width: 1024px) 100vw, 1024px\" \/><\/figure>\n<\/div>\n<\/div>\n\n\n\n\n<div class=\"mai-columns\"><div class=\"mai-columns-wrap has-columns\" style=\"--column-gap:var(--spacing-xl);--row-gap:var(--spacing-xl);--align-columns:start;--align-columns-vertical:initial;\">\n<div class=\"mai-column is-column\" style=\"--columns-xs:1\/1;--flex-xs:0 0 var(--flex-basis);--columns-sm:1\/2;--flex-sm:0 0 var(--flex-basis);--columns-md:1\/2;--flex-md:0 0 var(--flex-basis);--columns-lg:1\/2;--flex-lg:0 0 var(--flex-basis);\"><\/div>\n\n<div class=\"mai-column is-column\" style=\"--columns-xs:1\/1;--flex-xs:0 0 var(--flex-basis);--columns-sm:1\/2;--flex-sm:0 0 var(--flex-basis);--columns-md:1\/2;--flex-md:0 0 var(--flex-basis);--columns-lg:1\/2;--flex-lg:0 0 var(--flex-basis);\"><\/div>\n<\/div><\/div>","protected":false},"excerpt":{"rendered":"<p>W\u00fcrden Sie gerne von zu Hause mit Ihren Patient:innen arbeiten? NeuronUP erm\u00f6glicht es Ihnen, Sitzungen f\u00fcr zu Hause zu erstellen, um die bisher geleistete Arbeit zu vertiefen, eine Unterbrechung der Therapie w\u00e4hrend Urlaub oder Krankheit zu vermeiden und den Zugang zur Behandlung f\u00fcr Menschen mit Mobilit\u00e4tsproblemen zu erleichtern. Nutzen Sie die Vorteile der Telerehabilitation und &hellip;<\/p>\n","protected":false},"author":3,"featured_media":27309,"parent":21885,"menu_order":0,"comment_status":"closed","ping_status":"closed","template":"","meta":{"_acf_changed":false,"_genesis_hide_title":false,"_genesis_hide_breadcrumbs":false,"_genesis_hide_singular_image":false,"_genesis_hide_footer_widgets":false,"_genesis_custom_body_class":"","_genesis_custom_post_class":"","_genesis_layout":"","footnotes":""},"class_list":{"1":"page","2":"type-page","6":"entry"},"acf":[],"_links":{"self":[{"href":"https:\/\/neuronup.com\/de\/wp-json\/wp\/v2\/pages\/24502","targetHints":{"allow":["GET"]}}],"collection":[{"href":"https:\/\/neuronup.com\/de\/wp-json\/wp\/v2\/pages"}],"about":[{"href":"https:\/\/neuronup.com\/de\/wp-json\/wp\/v2\/types\/page"}],"author":[{"embeddable":true,"href":"https:\/\/neuronup.com\/de\/wp-json\/wp\/v2\/users\/3"}],"replies":[{"embeddable":true,"href":"https:\/\/neuronup.com\/de\/wp-json\/wp\/v2\/comments?post=24502"}],"version-history":[{"count":0,"href":"https:\/\/neuronup.com\/de\/wp-json\/wp\/v2\/pages\/24502\/revisions"}],"up":[{"embeddable":true,"href":"https:\/\/neuronup.com\/de\/wp-json\/wp\/v2\/pages\/21885"}],"wp:featuredmedia":[{"embeddable":true,"href":"https:\/\/neuronup.com\/de\/wp-json\/wp\/v2\/media\/27309"}],"wp:attachment":[{"href":"https:\/\/neuronup.com\/de\/wp-json\/wp\/v2\/media?parent=24502"}],"curies":[{"name":"wp","href":"https:\/\/api.w.org\/{rel}","templated":true}]}}