{"id":24499,"date":"2023-03-28T10:45:34","date_gmt":"2023-03-28T08:45:34","guid":{"rendered":"https:\/\/neuronup.com\/de\/?page_id=24499"},"modified":"2025-02-28T08:37:52","modified_gmt":"2025-02-28T06:37:52","slug":"neuronup-programme","status":"publish","type":"page","link":"https:\/\/neuronup.com\/de\/produkt\/neuronup-programme\/","title":{"rendered":"Planen Sie Ihre Arbeit langfristig im Voraus mit den NeuronUP-Programmen"},"content":{"rendered":"\n<p class=\"has-xl-font-size\">M\u00f6chten <strong>Sie Ihre Arbeit in nur wenigen Minuten f\u00fcr mehrere Monate im Voraus <\/strong>planen? <strong><mark style=\"background-color:rgba(0, 0, 0, 0)\" class=\"has-inline-color has-primary-color\">Mit den NeuronUP<\/mark> Programmen<\/strong> k\u00f6nnen Sie genau das erreichen! <\/p>\n\n\n\n<h2 class=\"wp-block-heading\">Was ist ein NeuronUP-Programm?<\/h2>\n\n\n\n<p>Ein Programm ist <strong>eine Reihe von Sitzungen.<\/strong> Mit Programmen k\u00f6nnen <strong>Sie Ihre Arbeit Monate im Voraus automatisch <\/strong>und in nur wenigen Minuten planen.<br><br>Eine langfristige Planung erm\u00f6glicht Ihnen eine bessere Organisation f\u00fcr eine gezielte Behandlung bei Ihren Patient:innen. Im Folgenden erfahren Sie, wie Sie das Beste aus den Programmen herausholen k\u00f6nnen.<\/p>\n\n\n\n<figure class=\"wp-block-image size-large\"><img decoding=\"async\" width=\"1024\" height=\"1024\" src=\"https:\/\/neuronup.com\/de\/wp-content\/uploads\/2024\/01\/Ventajas-programas-de-NeuronUP-DE-2-1-1024x1024.webp\" alt=\"\" class=\"wp-image-28330\" srcset=\"https:\/\/neuronup.com\/de\/wp-content\/uploads\/2024\/01\/Ventajas-programas-de-NeuronUP-DE-2-1-80x80.webp 80w, https:\/\/neuronup.com\/de\/wp-content\/uploads\/2024\/01\/Ventajas-programas-de-NeuronUP-DE-2-1-150x150.webp 150w, https:\/\/neuronup.com\/de\/wp-content\/uploads\/2024\/01\/Ventajas-programas-de-NeuronUP-DE-2-1-300x300.webp 300w, https:\/\/neuronup.com\/de\/wp-content\/uploads\/2024\/01\/Ventajas-programas-de-NeuronUP-DE-2-1-768x768.webp 768w, https:\/\/neuronup.com\/de\/wp-content\/uploads\/2024\/01\/Ventajas-programas-de-NeuronUP-DE-2-1-1024x1024.webp 1024w, https:\/\/neuronup.com\/de\/wp-content\/uploads\/2024\/01\/Ventajas-programas-de-NeuronUP-DE-2-1.webp 1080w\" sizes=\"(max-width: 1024px) 100vw, 1024px\" \/><\/figure>\n\n\n\n<h2 class=\"wp-block-heading\">Vorteile der Arbeit mit NeuronUP-Programmen<\/h2>\n\n\n\n<h3 class=\"wp-block-heading\">1. <strong>Langfristige und automatische Planung Ihrer Arbeit<\/strong><\/h3>\n\n\n\n<p>Mit den NeuronUP-Programmen k\u00f6nnen Sie Ihre Arbeit weit im Voraus automatisch und in wenigen Minuten planen.<\/p>\n\n\n\n<h3 class=\"wp-block-heading\">2. <strong>Zeit sparen<\/strong><\/h3>\n\n\n\n<p>Sparen Sie Zeit bei der Organisation Ihrer Behandlung.<\/p>\n\n\n\n<h3 class=\"wp-block-heading\">3. Die Plattform <strong>passt das Niveau automatisch an den Fortschritt der einzelnen Patient:innen an<\/strong><\/h3>\n\n\n\n<p>Sie k\u00f6nnen Ihre Programme mehreren Patient:innen gleichzeitig zuweisen und NeuronUP passt das Niveau automatisch an den Fortschritt der Patient:innen an.<\/p>\n\n\n\n<h3 class=\"wp-block-heading\">4. <strong>Automatische Speicherung der Ergebnisse<\/strong> Ihrer Patient:innen<\/h3>\n\n\n\n<div class=\"wp-block-columns is-layout-flex wp-container-core-columns-is-layout-9d6595d7 wp-block-columns-is-layout-flex\">\n<div class=\"wp-block-column is-layout-flow wp-block-column-is-layout-flow\">\n<p>Jedes Mal, wenn einer Ihrer Patient:innen eine Sitzung im Rahmen eines NeuronUP-Programms durchf\u00fchrt, werden <strong>die Ergebnisse automatisch <\/strong>im Profil<strong> gespeichert.<\/strong><\/p>\n\n\n\n<p>Mit dieser Funktion k\u00f6nnen Sie die <strong>Therapie<\/strong> entsprechend den Fortschritten der einzelnen Patient:innen jederzeit <strong>neu anpassen<\/strong> und <strong>so eine kontinuierliche und gef\u00fchrte Verbesserung<\/strong> f\u00f6rdern.<\/p>\n<\/div>\n\n\n\n<div class=\"wp-block-column is-layout-flow wp-block-column-is-layout-flow\">\n<figure class=\"wp-block-image size-full\"><img decoding=\"async\" width=\"546\" height=\"419\" src=\"https:\/\/neuronup.com\/de\/wp-content\/uploads\/2024\/01\/ImgResultados-en-tiempo-real-3.webp\" alt=\"\" class=\"wp-image-28331\" srcset=\"https:\/\/neuronup.com\/de\/wp-content\/uploads\/2024\/01\/ImgResultados-en-tiempo-real-3-300x230.webp 300w, https:\/\/neuronup.com\/de\/wp-content\/uploads\/2024\/01\/ImgResultados-en-tiempo-real-3.webp 546w\" sizes=\"(max-width: 546px) 100vw, 546px\" \/><\/figure>\n<\/div>\n<\/div>\n\n\n\n<div style=\"height:50px\" aria-hidden=\"true\" class=\"wp-block-spacer\"><\/div>\n\n\n\n<div style=\"height:80px\" aria-hidden=\"true\" class=\"wp-block-spacer\"><\/div>\n\n\n\n<div class=\"wp-block-group\"><div class=\"wp-block-group__inner-container is-layout-constrained wp-block-group-is-layout-constrained\">\n<div class=\"wp-block-columns is-layout-flex wp-container-core-columns-is-layout-9d6595d7 wp-block-columns-is-layout-flex\">\n<div class=\"wp-block-column br-0111 p-5 particle-bg anims-fadein-up has-primary-background-color has-background is-layout-flow wp-block-column-is-layout-flow\">\n<h2 class=\"wp-block-heading has-white-color has-text-color\">Erfahren Sie mehr \u00fcber <strong>NeuronUP<\/strong><\/h2>\n\n\n\n<div class=\"wp-block-buttons is-layout-flex wp-block-buttons-is-layout-flex\">\n<div class=\"wp-block-button--1\" style=\"--button-outline-color:var(--color-white);--button-outline-color-hover:rgba(0,0,0,0.8);\"><a class=\"wp-block-button__link button button-outline   has-link-color wp-element-button\" href=\"https:\/\/neuronup.com\/redirect\/?target=typeform\/de-neuronUP?utm_first_source=Web&#038;utm_first_campaign_name=Request_meeting\">Videoanruf anfordem<\/a><\/div>\n\n<\/div>\n<\/div>\n\n\n\n<div class=\"wp-block-column br-0111 p-5 particle-bg anims-fadein-up has-primary-background-color has-background is-layout-flow wp-block-column-is-layout-flow\">\n<h2 class=\"wp-block-heading has-white-color has-text-color\">Kostenlos testen<\/h2>\n\n\n\n<p class=\"has-white-color has-text-color\"><strong>Mehr als 4.500 <\/strong>Fachkr\u00e4fte nutzen unsere Plattform bereits t\u00e4glich.<\/p>\n\n\n\n<div class=\"wp-block-buttons is-layout-flex wp-block-buttons-is-layout-flex\">\n<div class=\"wp-block-button orange-button\" style=\"--button-background:var(--color-custom-1);--button-background-hover:#cc7e00;\"><a class=\"wp-block-button__link button   wp-element-button\" href=\"https:\/\/neuronup.com\/de\/landing-store-user\/\">Kostenlos testen<img decoding=\"async\" class=\"wp-image-18719\" style=\"width: 8px;\" src=\"\/de\/wp-content\/uploads\/2022\/v3\/icon_rightArrow-white.svg\"><\/a><\/div>\n\n<\/div>\n<\/div>\n<\/div>\n<\/div><\/div>\n\n\n\n<div style=\"height:80px\" aria-hidden=\"true\" class=\"wp-block-spacer\"><\/div>\n\n\n\n<h2 class=\"wp-block-heading\">Wie planen Sie Ihre Arbeit mit NeuronUP-Programmen?<\/h2>\n\n\n\n<p>Hier erkl\u00e4ren wir Ihnen Schritt f\u00fcr Schritt, wie Sie mit NeuronUP-Programmen arbeiten und Ihre Arbeit planen k\u00f6nnen:<\/p>\n\n\n\n<h3 class=\"wp-block-heading\">1. W\u00e4hlen Sie &#8222;Digitale Programme&#8220; aus<\/h3>\n\n\n\n<div class=\"wp-block-columns is-layout-flex wp-container-core-columns-is-layout-9d6595d7 wp-block-columns-is-layout-flex\">\n<div class=\"wp-block-column is-layout-flow wp-block-column-is-layout-flow\">\n<p>Zum Starten klicken Sie auf &#8222;<strong>Programme<\/strong>&#8222;<br>und dann &#8222;<strong>Digitale Programme<\/strong>&#8220; auf der linken Seite des Bildschirms.<\/p>\n<\/div>\n\n\n\n<div class=\"wp-block-column is-layout-flow wp-block-column-is-layout-flow\">\n<figure class=\"wp-block-image size-large\"><img decoding=\"async\" width=\"1024\" height=\"463\" src=\"https:\/\/neuronup.com\/de\/wp-content\/uploads\/2024\/03\/Programm-erstellen-1-1024x463.webp\" alt=\"Programm-erstellen\" class=\"wp-image-29581\" srcset=\"https:\/\/neuronup.com\/de\/wp-content\/uploads\/2024\/03\/Programm-erstellen-1-300x136.webp 300w, https:\/\/neuronup.com\/de\/wp-content\/uploads\/2024\/03\/Programm-erstellen-1-768x347.webp 768w, https:\/\/neuronup.com\/de\/wp-content\/uploads\/2024\/03\/Programm-erstellen-1-1024x463.webp 1024w, https:\/\/neuronup.com\/de\/wp-content\/uploads\/2024\/03\/Programm-erstellen-1-1536x694.webp 1536w, https:\/\/neuronup.com\/de\/wp-content\/uploads\/2024\/03\/Programm-erstellen-1.webp 1896w\" sizes=\"(max-width: 1024px) 100vw, 1024px\" \/><\/figure>\n<\/div>\n<\/div>\n\n\n\n<div style=\"height:50px\" aria-hidden=\"true\" class=\"wp-block-spacer\"><\/div>\n\n\n\n<h3 class=\"wp-block-heading\">2. Klicken Sie auf &#8222;Neues digitales Programm&#8220;<\/h3>\n\n\n\n<div class=\"wp-block-columns is-layout-flex wp-container-core-columns-is-layout-9d6595d7 wp-block-columns-is-layout-flex\">\n<div class=\"wp-block-column is-layout-flow wp-block-column-is-layout-flow\">\n<p>Nachdem Sie auf &#8222;<strong>Neues digitales Programm<\/strong>&#8220; geklickt haben, erscheint das folgende Fenster:<\/p>\n<\/div>\n\n\n\n<div class=\"wp-block-column is-layout-flow wp-block-column-is-layout-flow\">\n<figure class=\"wp-block-image size-full\"><img decoding=\"async\" width=\"690\" height=\"470\" src=\"https:\/\/neuronup.com\/de\/wp-content\/uploads\/2024\/03\/Neues-Programm-erstellen.webp\" alt=\"Neues-Programm-erstellen\" class=\"wp-image-29583\" srcset=\"https:\/\/neuronup.com\/de\/wp-content\/uploads\/2024\/03\/Neues-Programm-erstellen-300x204.webp 300w, https:\/\/neuronup.com\/de\/wp-content\/uploads\/2024\/03\/Neues-Programm-erstellen.webp 690w\" sizes=\"(max-width: 690px) 100vw, 690px\" \/><\/figure>\n<\/div>\n<\/div>\n\n\n\n<div style=\"height:50px\" aria-hidden=\"true\" class=\"wp-block-spacer\"><\/div>\n\n\n\n<h3 class=\"wp-block-heading\">3. F\u00fcllen Sie die grundlegenden Programminformationen aus<\/h3>\n\n\n\n<div class=\"wp-block-columns is-layout-flex wp-container-core-columns-is-layout-9d6595d7 wp-block-columns-is-layout-flex\">\n<div class=\"wp-block-column is-layout-flow wp-block-column-is-layout-flow\">\n<ol class=\"wp-block-list\">\n<li><strong>Benennen Sie Ihr Programm.<\/strong><\/li>\n\n\n\n<li>W\u00e4hlen Sie ein Symbol und eine Farbe.<\/li>\n\n\n\n<li>Klicken Sie auf &#8222;Erweiterte Optionen&#8220; (optional):\n<ul class=\"wp-block-list\">\n<li>Legen Sie die Anzahl der Tage fest, an denen Ihre Patient:innen jede Sitzung durchf\u00fchren m\u00fcssen, sowie die Anzahl der Ruhetage zwischen den einzelnen Sitzungen.<\/li>\n\n\n\n<li>F\u00fcgen Sie Stichw\u00f6rter hinzu. So k\u00f6nnen Sie Ihr Programm leicht wiederfinden.<\/li>\n\n\n\n<li>F\u00fcgen Sie eine Beschreibung hinzu.<\/li>\n\n\n\n<li>Aktivieren oder deaktivieren Sie die erweiterten Funktionen.<\/li>\n<\/ul>\n<\/li>\n\n\n\n<li>Klicken Sie auf &#8222;<strong>Erstellen<\/strong>&#8222;.<\/li>\n<\/ol>\n<\/div>\n\n\n\n<div class=\"wp-block-column is-layout-flow wp-block-column-is-layout-flow\">\n<figure class=\"wp-block-image size-full\"><img decoding=\"async\" width=\"481\" height=\"463\" src=\"https:\/\/neuronup.com\/de\/wp-content\/uploads\/2024\/03\/Programm-bearbeiten.webp\" alt=\"Programm-bearbeiten\" class=\"wp-image-29584\" srcset=\"https:\/\/neuronup.com\/de\/wp-content\/uploads\/2024\/03\/Programm-bearbeiten-300x289.webp 300w, https:\/\/neuronup.com\/de\/wp-content\/uploads\/2024\/03\/Programm-bearbeiten.webp 481w\" sizes=\"(max-width: 481px) 100vw, 481px\" \/><\/figure>\n<\/div>\n<\/div>\n\n\n\n<div style=\"height:50px\" aria-hidden=\"true\" class=\"wp-block-spacer\"><\/div>\n\n\n\n<h3 class=\"wp-block-heading\">4.  F\u00fcgen Sie Sitzungen hinzu<\/h3>\n\n\n\n<div class=\"wp-block-columns is-layout-flex wp-container-core-columns-is-layout-9d6595d7 wp-block-columns-is-layout-flex\">\n<div class=\"wp-block-column is-layout-flow wp-block-column-is-layout-flow\">\n<p>Nachdem Sie das Programm erstellt haben, m\u00fcssen Sie nun die gew\u00fcnschten Sitzungen hinzuf\u00fcgen.<\/p>\n<\/div>\n\n\n\n<div class=\"wp-block-column is-layout-flow wp-block-column-is-layout-flow\">\n<figure class=\"wp-block-image size-full\"><img decoding=\"async\" width=\"575\" height=\"452\" src=\"https:\/\/neuronup.com\/de\/wp-content\/uploads\/2024\/03\/Sitzungen-zu-Programmen-hinzufuegen-2.webp\" alt=\"Sitzungen-zu-Programmen-hinzuf\u00fcgen\" class=\"wp-image-29586\" srcset=\"https:\/\/neuronup.com\/de\/wp-content\/uploads\/2024\/03\/Sitzungen-zu-Programmen-hinzufuegen-2-300x236.webp 300w, https:\/\/neuronup.com\/de\/wp-content\/uploads\/2024\/03\/Sitzungen-zu-Programmen-hinzufuegen-2.webp 575w\" sizes=\"(max-width: 575px) 100vw, 575px\" \/><\/figure>\n<\/div>\n<\/div>\n\n\n\n<div style=\"height:50px\" aria-hidden=\"true\" class=\"wp-block-spacer\"><\/div>\n\n\n\n<h3 class=\"wp-block-heading\">5. Speichern Sie das Programm<\/h3>\n\n\n\n<div class=\"wp-block-columns is-layout-flex wp-container-core-columns-is-layout-9d6595d7 wp-block-columns-is-layout-flex\">\n<div class=\"wp-block-column is-layout-flow wp-block-column-is-layout-flow\">\n<p>Sobald Sie das Programm konfiguriert haben, klicken Sie unten rechts auf &#8222;<strong>Beenden<\/strong>&#8222;, um es zu speichern.<\/p>\n\n\n\n<p>Sie k\u00f6nnen es sp\u00e4ter bei Bedarf jederzeit \u00e4ndern.<\/p>\n<\/div>\n\n\n\n<div class=\"wp-block-column is-layout-flow wp-block-column-is-layout-flow\">\n<figure class=\"wp-block-image size-full\"><img decoding=\"async\" width=\"516\" height=\"307\" src=\"https:\/\/neuronup.com\/de\/wp-content\/uploads\/2024\/03\/Programm-speichern.webp\" alt=\"Programm-speichern\" class=\"wp-image-29587\" srcset=\"https:\/\/neuronup.com\/de\/wp-content\/uploads\/2024\/03\/Programm-speichern-300x178.webp 300w, https:\/\/neuronup.com\/de\/wp-content\/uploads\/2024\/03\/Programm-speichern.webp 516w\" sizes=\"(max-width: 516px) 100vw, 516px\" \/><\/figure>\n<\/div>\n<\/div>\n\n\n\n<div style=\"height:50px\" aria-hidden=\"true\" class=\"wp-block-spacer\"><\/div>\n\n\n\n<h3 class=\"wp-block-heading\">6.  Das Programm zuweisen<\/h3>\n\n\n\n<div class=\"wp-block-columns is-layout-flex wp-container-core-columns-is-layout-9d6595d7 wp-block-columns-is-layout-flex\">\n<div class=\"wp-block-column is-layout-flow wp-block-column-is-layout-flow\">\n<p>Klicken Sie auf das Programm und w\u00e4hlen Sie &#8222;<strong>Zuweisen<\/strong>&#8220; oder ziehen Sie es auf das gew\u00fcnschte Datum im Kalender, um es zuzuweisen.<\/p>\n\n\n\n<p>W\u00e4hlen Sie einen oder mehrere Patient:innen aus, denen Sie das Programm zuweisen m\u00f6chten.<\/p>\n\n\n\n<p>Aktivieren Sie den Filter f\u00fcr Remote-Sitzungen, wenn Sie m\u00f6chten, dass Ihre Patient:innen von zu Hause arbeiten.<\/p>\n<\/div>\n\n\n\n<div class=\"wp-block-column is-layout-flow wp-block-column-is-layout-flow\">\n<figure class=\"wp-block-image size-full\"><img decoding=\"async\" width=\"528\" height=\"618\" src=\"https:\/\/neuronup.com\/de\/wp-content\/uploads\/2024\/03\/Programm-zuweisen.webp\" alt=\"Programm-zuweisen\" class=\"wp-image-29588\" srcset=\"https:\/\/neuronup.com\/de\/wp-content\/uploads\/2024\/03\/Programm-zuweisen-256x300.webp 256w, https:\/\/neuronup.com\/de\/wp-content\/uploads\/2024\/03\/Programm-zuweisen.webp 528w\" sizes=\"(max-width: 528px) 100vw, 528px\" \/><\/figure>\n<\/div>\n<\/div>\n\n\n\n<div style=\"height:50px\" aria-hidden=\"true\" class=\"wp-block-spacer\"><\/div>\n\n\n\n<h3 class=\"wp-block-heading\">7.  Starten Sie das Programm<\/h3>\n\n\n\n<div class=\"wp-block-columns is-layout-flex wp-container-core-columns-is-layout-9d6595d7 wp-block-columns-is-layout-flex\">\n<div class=\"wp-block-column is-layout-flow wp-block-column-is-layout-flow\">\n<p>Um ein Programm zu starten, muss es einem Patienten zugewiesen sein und f\u00fcr den Tag geplant sein, an dem das Programm gestartet werden soll. <\/p>\n\n\n\n<p>Um das Programm zu starten, m\u00fcssen Sie in der ersten Sitzung des Programms auf &#8222;<strong>Start<\/strong>&#8220; klicken.<\/p>\n<\/div>\n\n\n\n<div class=\"wp-block-column is-layout-flow wp-block-column-is-layout-flow\">\n<figure class=\"wp-block-image size-full\"><img decoding=\"async\" width=\"467\" height=\"319\" src=\"https:\/\/neuronup.com\/de\/wp-content\/uploads\/2024\/03\/Programm-starten.webp\" alt=\"Programm-starten\" class=\"wp-image-29589\" srcset=\"https:\/\/neuronup.com\/de\/wp-content\/uploads\/2024\/03\/Programm-starten-300x205.webp 300w, https:\/\/neuronup.com\/de\/wp-content\/uploads\/2024\/03\/Programm-starten.webp 467w\" sizes=\"(max-width: 467px) 100vw, 467px\" \/><\/figure>\n<\/div>\n<\/div>\n\n\n\n<div style=\"height:50px\" aria-hidden=\"true\" class=\"wp-block-spacer\"><\/div>\n\n\n\n<h3 class=\"wp-block-heading\">8. Verfolgen Sie den Fortschritt des Programms<\/h3>\n\n\n\n<div class=\"wp-block-columns is-layout-flex wp-container-core-columns-is-layout-9d6595d7 wp-block-columns-is-layout-flex\">\n<div class=\"wp-block-column is-layout-flow wp-block-column-is-layout-flow\">\n<p>Sobald das Programm gestartet ist, k\u00f6nnen Sie den Verlauf des Programms anhand der gr\u00fcnen Anzeige verfolgen.<\/p>\n<\/div>\n\n\n\n<div class=\"wp-block-column is-layout-flow wp-block-column-is-layout-flow\">\n<figure class=\"wp-block-image size-full\"><img decoding=\"async\" width=\"552\" height=\"152\" src=\"https:\/\/neuronup.com\/de\/wp-content\/uploads\/2024\/03\/Fortschritt-Programm.webp\" alt=\"Fortschritt Programm\" class=\"wp-image-29590\" srcset=\"https:\/\/neuronup.com\/de\/wp-content\/uploads\/2024\/03\/Fortschritt-Programm-300x83.webp 300w, https:\/\/neuronup.com\/de\/wp-content\/uploads\/2024\/03\/Fortschritt-Programm.webp 552w\" sizes=\"(max-width: 552px) 100vw, 552px\" \/><\/figure>\n<\/div>\n<\/div>\n\n\n\n<div style=\"height:50px\" aria-hidden=\"true\" class=\"wp-block-spacer\"><\/div>\n\n\n\n<h3 class=\"wp-block-heading\">Kalenderansicht und Aufgaben-Ansicht<\/h3>\n\n\n\n<p>Au\u00dferdem k\u00f6nnen Sie Ihre Programme mit der Kalenderansicht (links) oder der Aufgaben-Ansicht (rechts) anzeigen und organisieren.<\/p>\n\n\n\n<figure class=\"wp-block-image size-full\"><img decoding=\"async\" width=\"666\" height=\"273\" src=\"https:\/\/neuronup.com\/de\/wp-content\/uploads\/2024\/03\/Kalenderansicht-Programm.webp\" alt=\"Kalenderansicht-Programm\" class=\"wp-image-29591\" srcset=\"https:\/\/neuronup.com\/de\/wp-content\/uploads\/2024\/03\/Kalenderansicht-Programm-300x123.webp 300w, https:\/\/neuronup.com\/de\/wp-content\/uploads\/2024\/03\/Kalenderansicht-Programm.webp 666w\" sizes=\"(max-width: 666px) 100vw, 666px\" \/><\/figure>\n","protected":false},"excerpt":{"rendered":"<p>M\u00f6chten Sie Ihre Arbeit in nur wenigen Minuten f\u00fcr mehrere Monate im Voraus planen? Mit den NeuronUP Programmen k\u00f6nnen Sie genau das erreichen! Was ist ein NeuronUP-Programm? Ein Programm ist eine Reihe von Sitzungen. Mit Programmen k\u00f6nnen Sie Ihre Arbeit Monate im Voraus automatisch und in nur wenigen Minuten planen. Eine langfristige Planung erm\u00f6glicht Ihnen &hellip;<\/p>\n","protected":false},"author":3,"featured_media":0,"parent":21885,"menu_order":0,"comment_status":"closed","ping_status":"closed","template":"","meta":{"_acf_changed":false,"_genesis_hide_title":false,"_genesis_hide_breadcrumbs":false,"_genesis_hide_singular_image":false,"_genesis_hide_footer_widgets":false,"_genesis_custom_body_class":"","_genesis_custom_post_class":"","_genesis_layout":"","footnotes":""},"class_list":{"1":"page","2":"type-page","5":"entry"},"acf":[],"_links":{"self":[{"href":"https:\/\/neuronup.com\/de\/wp-json\/wp\/v2\/pages\/24499","targetHints":{"allow":["GET"]}}],"collection":[{"href":"https:\/\/neuronup.com\/de\/wp-json\/wp\/v2\/pages"}],"about":[{"href":"https:\/\/neuronup.com\/de\/wp-json\/wp\/v2\/types\/page"}],"author":[{"embeddable":true,"href":"https:\/\/neuronup.com\/de\/wp-json\/wp\/v2\/users\/3"}],"replies":[{"embeddable":true,"href":"https:\/\/neuronup.com\/de\/wp-json\/wp\/v2\/comments?post=24499"}],"version-history":[{"count":0,"href":"https:\/\/neuronup.com\/de\/wp-json\/wp\/v2\/pages\/24499\/revisions"}],"up":[{"embeddable":true,"href":"https:\/\/neuronup.com\/de\/wp-json\/wp\/v2\/pages\/21885"}],"wp:attachment":[{"href":"https:\/\/neuronup.com\/de\/wp-json\/wp\/v2\/media?parent=24499"}],"curies":[{"name":"wp","href":"https:\/\/api.w.org\/{rel}","templated":true}]}}