{"id":24489,"date":"2023-03-28T10:36:31","date_gmt":"2023-03-28T08:36:31","guid":{"rendered":"https:\/\/neuronup.com\/de\/?page_id=24489"},"modified":"2025-06-12T09:38:32","modified_gmt":"2025-06-12T07:38:32","slug":"vorteile-der-erstellung-von-nutzern-in-neuronup","status":"publish","type":"page","link":"https:\/\/neuronup.com\/de\/produkt\/vorteile-der-erstellung-von-nutzern-in-neuronup\/","title":{"rendered":"Vorteile beim Anlegen von Patient:innen in NeuronUP"},"content":{"rendered":"\n<p class=\"has-xl-font-size\">Wie viele Programme benutzen Sie, um<strong> die Informationen Ihrer Patient:innen zu verwalten<\/strong>? <strong><mark style=\"background-color:rgba(0, 0, 0, 0)\" class=\"has-inline-color has-primary-color\">Die Erstellung eines Profils f\u00fcr Benutzer:innen in NeuronUP<\/mark><\/strong> erm\u00f6glicht es Ihnen, <strong>alle Informationen<\/strong> \u00fcber die jeweiligen Sitzungen und Ergebnisse an einem Ort zu sammeln und <strong>die Fortschritte automatisch zu messen<\/strong>.<\/p>\n\n\n\n<h2 class=\"wp-block-heading\">Was ist ein NeuronUP-Benutzer?<\/h2>\n\n\n\n<p><strong>Bei NeuronUP bezeichnen wir die Patient:innen unter Umst\u00e4nden auch als Benutzer<\/strong>. Wenn Sie eine andere Bezeichnung bevorzugen, k\u00f6nnen Sie dies entsprechend anpassen. Sie haben die Wahl zwischen &#8222;Patienten, Klienten oder Nutzern&#8220;.<\/p>\n\n\n\n<h2 class=\"wp-block-heading\">Vorteile beim Anlegen von Benutzern in NeuronUP<\/h2>\n\n\n\n<ol class=\"wp-block-list\">\n<li>Verwalten und <strong>organisieren<\/strong> Sie die <strong>Informationen Ihrer Patient:innen.<\/strong><\/li>\n\n\n\n<li><strong>Legen Sie die Fachkr\u00e4fte fest<\/strong>, die mit den Patient:innen arbeiten werden.<\/li>\n\n\n\n<li>Erstellen <strong>Sie ma\u00dfgeschneiderte Sitzungen<\/strong> und Programme f\u00fcr Ihre Patient:innen.<\/li>\n\n\n\n<li>Vertiefen Sie die Arbeit in Ihrer Einrichtung durch <strong>Remote-Sitzungen f\u00fcr zu Hause.<\/strong><\/li>\n\n\n\n<li>Arbeiten Sie mit <strong>mehreren Patient:innen gleichzeitig <\/strong>in einer Sitzung, jede:r in seinem eigenen Tempo!<\/li>\n\n\n\n<li><strong>Die Ergebnisse <\/strong>Ihrer Patient:innen <strong>werden automatisch <\/strong>gespeichert.<\/li>\n\n\n\n<li><strong>Messen Sie den Fortschritt<\/strong> aller Patient:innen mit dem NeuronUP Score.<\/li>\n<\/ol>\n\n\n\n<p class=\"has-text-align-left br-0101 has-custom-11-background-color has-background has-lg-font-size has-xxl-margin-top\"><strong>Alle NeuronUP-Abos umfassen eine unbegrenzte Anzahl von Benutzer:innen\/Patient:innen<\/strong>. Wir berechnen Ihnen keine zus\u00e4tzlichen Kosten f\u00fcr Ihre Benutzer:innen\/Patient:innen. Mit NeuronUP k\u00f6nnen Sie mit so vielen Benutzer:innen und Patient:innen arbeiten, wie Sie m\u00f6chten.<\/p>\n\n\n\n<figure class=\"wp-block-image size-large\"><img decoding=\"async\" width=\"1024\" height=\"1024\" src=\"https:\/\/neuronup.com\/de\/wp-content\/uploads\/2024\/01\/Ventajas-de-crear-usuarios-en-NeuronUP-DE-3-1-1024x1024.webp\" alt=\"\" class=\"wp-image-28323\" srcset=\"https:\/\/neuronup.com\/de\/wp-content\/uploads\/2024\/01\/Ventajas-de-crear-usuarios-en-NeuronUP-DE-3-1-80x80.webp 80w, https:\/\/neuronup.com\/de\/wp-content\/uploads\/2024\/01\/Ventajas-de-crear-usuarios-en-NeuronUP-DE-3-1-150x150.webp 150w, https:\/\/neuronup.com\/de\/wp-content\/uploads\/2024\/01\/Ventajas-de-crear-usuarios-en-NeuronUP-DE-3-1-300x300.webp 300w, https:\/\/neuronup.com\/de\/wp-content\/uploads\/2024\/01\/Ventajas-de-crear-usuarios-en-NeuronUP-DE-3-1-768x768.webp 768w, https:\/\/neuronup.com\/de\/wp-content\/uploads\/2024\/01\/Ventajas-de-crear-usuarios-en-NeuronUP-DE-3-1-1024x1024.webp 1024w, https:\/\/neuronup.com\/de\/wp-content\/uploads\/2024\/01\/Ventajas-de-crear-usuarios-en-NeuronUP-DE-3-1.webp 1080w\" sizes=\"(max-width: 1024px) 100vw, 1024px\" \/><\/figure>\n\n\n\n<div style=\"height:50px\" aria-hidden=\"true\" class=\"wp-block-spacer\"><\/div>\n\n\n\n<h3 class=\"wp-block-heading\">1. Sortieren und <strong>organisieren Sie die Informationen<\/strong> Ihrer Patient:innen<\/h3>\n\n\n\n<div class=\"wp-block-columns is-layout-flex wp-container-core-columns-is-layout-9d6595d7 wp-block-columns-is-layout-flex\">\n<div class=\"wp-block-column is-layout-flow wp-block-column-is-layout-flow\">\n<p>NeuronUP erm\u00f6glicht es Ihnen, <strong>alle Informationen \u00fcber Ihre <\/strong>Patient:innen, ihre Berichte, medizinischen Tests, Notizen, Ergebnisse von Aktivit\u00e4ten usw. zu speichern. <strong>Alles an einem einzigen Ort, welcher immer zug\u00e4nglich und sicher ist.<\/strong> Au\u00dferdem sind die Daten der Patient:innen sicher gesch\u00fctzt.<\/p>\n<\/div>\n\n\n\n<div class=\"wp-block-column is-layout-flow wp-block-column-is-layout-flow\">\n<figure class=\"wp-block-image size-full\"><img decoding=\"async\" width=\"842\" height=\"728\" src=\"https:\/\/neuronup.com\/de\/wp-content\/uploads\/2024\/02\/Patienten-1.webp\" alt=\"Patienten-1\" class=\"wp-image-29181\" srcset=\"https:\/\/neuronup.com\/de\/wp-content\/uploads\/2024\/02\/Patienten-1-300x259.webp 300w, https:\/\/neuronup.com\/de\/wp-content\/uploads\/2024\/02\/Patienten-1-768x664.webp 768w, https:\/\/neuronup.com\/de\/wp-content\/uploads\/2024\/02\/Patienten-1.webp 842w\" sizes=\"(max-width: 842px) 100vw, 842px\" \/><\/figure>\n<\/div>\n<\/div>\n\n\n\n<h3 class=\"wp-block-heading\">2.<strong> Legen Sie die Fachkr\u00e4fte fest<\/strong>, die mit den Benutzer:innen arbeiten werden<\/h3>\n\n\n\n<p>Sie k\u00f6nnen die Fachkr\u00e4fte festlegen, die mit den Benutzer:innen arbeiten werden. Dies ist n\u00fctzlich, wenn mehrere Fachkr\u00e4fte mit denselben Patient:innen in einer Einrichtung arbeiten.<\/p>\n\n\n\n<h3 class=\"wp-block-heading\">3. <strong>Erstellen Sie ma\u00dfgeschneiderte Sitzungen<\/strong> und Programme f\u00fcr alle Benutzer:innen<\/h3>\n\n\n\n<p>Das Anlegen der Patient:innen in NeuronUP erm\u00f6glicht es Ihnen, personalisierte Sitzungen und Programme zu erstellen, die an die <strong>kognitiven F\u00e4higkeiten und die besonderen Bed\u00fcrfnisse der Patient:innen angepasst sind.<\/strong><\/p>\n\n\n\n<h3 class=\"wp-block-heading\">4. <strong>Vertiefen Sie die Arbeit Ihrer Einrichtung durch Sitzungen zu Hause<\/strong><\/h3>\n\n\n\n<div class=\"wp-block-columns is-layout-flex wp-container-core-columns-is-layout-9d6595d7 wp-block-columns-is-layout-flex\">\n<div class=\"wp-block-column is-layout-flow wp-block-column-is-layout-flow\">\n<p>Wussten Sie, dass NeuronUP Nutzer:innen  <strong>Remote-Sitzungen zu Hause<\/strong> durchf\u00fchren k\u00f6nnen, um die zuvor erarbeiteten Kenntnisse zu vertiefen?<\/p>\n\n\n\n<p>Wie? Ganz einfach! Ihre Patient:innen m\u00fcssen lediglich von zu Hause aus auf die Sitzungen zugreifen, die Sie als Fachkraft zuvor f\u00fcr sie erstellt haben.<\/p>\n\n\n<\/div>\n\n\n\n<div class=\"wp-block-column is-layout-flow wp-block-column-is-layout-flow\">\n<figure class=\"wp-block-image size-full is-resized\"><img decoding=\"async\" width=\"768\" height=\"422\" src=\"https:\/\/neuronup.com\/de\/wp-content\/uploads\/2023\/11\/Arbeiten-mit-NeuronUP-Sitzungen-um-Zeit-zu-sparen-4.webp\" alt=\"Ein Kind, das eine NeuronUP-Sitzung von zu Hause aus durchf\u00fchrt\" class=\"wp-image-27347\" style=\"aspect-ratio:1.819905213270142;width:388px;height:auto\" srcset=\"https:\/\/neuronup.com\/de\/wp-content\/uploads\/2023\/11\/Arbeiten-mit-NeuronUP-Sitzungen-um-Zeit-zu-sparen-4-300x165.webp 300w, https:\/\/neuronup.com\/de\/wp-content\/uploads\/2023\/11\/Arbeiten-mit-NeuronUP-Sitzungen-um-Zeit-zu-sparen-4.webp 768w\" sizes=\"(max-width: 768px) 100vw, 768px\" \/><figcaption class=\"wp-element-caption\">Ein Kind, das eine NeuronUP-Sitzung von zu Hause aus durchf\u00fchrt<\/figcaption><\/figure>\n<\/div>\n<\/div>\n\n\n\n<h3 class=\"wp-block-heading\">5. <strong>Arbeiten Sie mit mehreren Benutzer:innen gleichzeitig<\/strong> in einer Sitzung<\/h3>\n\n\n\n<div class=\"wp-block-columns are-vertically-aligned-center is-layout-flex wp-container-core-columns-is-layout-9d6595d7 wp-block-columns-is-layout-flex\">\n<div class=\"wp-block-column is-vertically-aligned-center is-layout-flow wp-block-column-is-layout-flow\">\n<p>Mit NeuronUP k\u00f6nnen <strong>Sie Ihre Patient:innen auf verschiedenen Ger\u00e4ten gleichzeitig in einer Sitzung arbeiten lassen.<\/strong><\/p>\n\n\n\n<p>Diese Funktion<strong>&nbsp;spart Ihnen Zeit<\/strong>&nbsp;und Sie m\u00fcssen sich nicht um die Anpassung des Schwierigkeitsgrades der Aktivit\u00e4ten f\u00fcr die einzelnen Patient:innen k\u00fcmmern.&nbsp;<strong>Die Plattform passt die Aktivit\u00e4ten der Sitzung automatisch auf das Niveau der einzelnen Patient:innen an!<\/strong><\/p>\n<\/div>\n\n\n\n<div class=\"wp-block-column is-vertically-aligned-center is-layout-flow wp-block-column-is-layout-flow\">\n<figure class=\"wp-block-image size-full\"><img decoding=\"async\" width=\"768\" height=\"388\" src=\"https:\/\/neuronup.com\/de\/wp-content\/uploads\/2023\/11\/Eine-Gruppe-von-Menschen-mit-Down-Syndrom-arbeitet-mit-NeuronUP-zusammen.webp\" alt=\"Eine-Gruppe-von-Menschen-mit-Down-Syndrom-arbeitet-mit-NeuronUP-zusammen\" class=\"wp-image-27366\" srcset=\"https:\/\/neuronup.com\/de\/wp-content\/uploads\/2023\/11\/Eine-Gruppe-von-Menschen-mit-Down-Syndrom-arbeitet-mit-NeuronUP-zusammen-300x152.webp 300w, https:\/\/neuronup.com\/de\/wp-content\/uploads\/2023\/11\/Eine-Gruppe-von-Menschen-mit-Down-Syndrom-arbeitet-mit-NeuronUP-zusammen.webp 768w\" sizes=\"(max-width: 768px) 100vw, 768px\" \/><figcaption class=\"wp-element-caption\">Eine Gruppe von Menschen mit Down-Syndrom bei der Arbeit mit NeuronUP.<\/figcaption><\/figure>\n<\/div>\n<\/div>\n\n\n\n<h3 class=\"wp-block-heading\">6. <strong>Die Ergebnisse<\/strong> Ihrer Benutzer:innen werden <strong>automatisch gespeichert<\/strong><\/h3>\n\n\n\n<div class=\"wp-block-columns is-layout-flex wp-container-core-columns-is-layout-9d6595d7 wp-block-columns-is-layout-flex\">\n<div class=\"wp-block-column is-layout-flow wp-block-column-is-layout-flow\">\n<p>Jedes Mal, wenn Ihre Patient:innen eine NeuronUP-Aktivit\u00e4t oder -Sitzung durchf\u00fchren, <strong>werden die Ergebnisse automatisch<\/strong> in ihrem Profil<strong> gespeichert.<\/strong> <\/p>\n\n\n\n<p>Mit dieser Funktion k\u00f6nnen Sie die <strong>Therapie entsprechend<\/strong> den Fortschritten der einzelnen Patient:innen jederzeit <strong>neu anpassen<\/strong> und so einen <strong>kontinuierlichen Fortschritt f\u00f6rdern.<\/strong><\/p>\n<\/div>\n\n\n\n<div class=\"wp-block-column is-vertically-aligned-center is-layout-flow wp-block-column-is-layout-flow\">\n<figure class=\"wp-block-image size-full\"><img decoding=\"async\" width=\"546\" height=\"419\" src=\"https:\/\/neuronup.com\/de\/wp-content\/uploads\/2024\/01\/ImgResultados-en-tiempo-real-2.webp\" alt=\"\" class=\"wp-image-28318\" srcset=\"https:\/\/neuronup.com\/de\/wp-content\/uploads\/2024\/01\/ImgResultados-en-tiempo-real-2-300x230.webp 300w, https:\/\/neuronup.com\/de\/wp-content\/uploads\/2024\/01\/ImgResultados-en-tiempo-real-2.webp 546w\" sizes=\"(max-width: 546px) 100vw, 546px\" \/><\/figure>\n<\/div>\n<\/div>\n\n\n\n<h3 class=\"wp-block-heading\">7. <strong>Messen Sie den Fortschritt<\/strong> der Patient:innen mit dem NeuronUP Score<\/h3>\n\n\n\n<div class=\"wp-block-columns is-layout-flex wp-container-core-columns-is-layout-9d6595d7 wp-block-columns-is-layout-flex\">\n<div class=\"wp-block-column is-layout-flow wp-block-column-is-layout-flow\">\n<p>Der NeuronUP Score ist die Punktzahl, mit der der Fortschritt der Benutzer:innen in NeuronUP gemessen wird. Dieser Score erm\u00f6glicht es Ihnen, die Daten Ihrer Nutzer:innen mit fr\u00fcheren Werten zu vergleichen, um den Fortschritt <strong>besser verfolgen<\/strong> zu k\u00f6nnen.<\/p>\n<\/div>\n\n\n\n<div class=\"wp-block-column is-layout-flow wp-block-column-is-layout-flow\">\n<figure class=\"wp-block-image size-full\"><img decoding=\"async\" width=\"546\" height=\"418\" src=\"https:\/\/neuronup.com\/de\/wp-content\/uploads\/2024\/01\/ImgNeuronUP-Score-1.webp\" alt=\"NeuronUP Score\" class=\"wp-image-28319\" srcset=\"https:\/\/neuronup.com\/de\/wp-content\/uploads\/2024\/01\/ImgNeuronUP-Score-1-300x230.webp 300w, https:\/\/neuronup.com\/de\/wp-content\/uploads\/2024\/01\/ImgNeuronUP-Score-1.webp 546w\" sizes=\"(max-width: 546px) 100vw, 546px\" \/><\/figure>\n<\/div>\n<\/div>\n\n\n\n<div style=\"height:80px\" aria-hidden=\"true\" class=\"wp-block-spacer\"><\/div>\n\n\n\n<div class=\"wp-block-group\"><div class=\"wp-block-group__inner-container is-layout-constrained wp-block-group-is-layout-constrained\">\n<div class=\"wp-block-columns is-layout-flex wp-container-core-columns-is-layout-9d6595d7 wp-block-columns-is-layout-flex\">\n<div class=\"wp-block-column br-0111 p-5 particle-bg anims-fadein-up has-primary-background-color has-background is-layout-flow wp-block-column-is-layout-flow\">\n<h2 class=\"wp-block-heading has-white-color has-text-color\">Erfahren Sie mehr \u00fcber <strong>NeuronUP<\/strong><\/h2>\n\n\n\n<div class=\"wp-block-buttons is-layout-flex wp-block-buttons-is-layout-flex\">\n<div class=\"wp-block-button--1\" style=\"--button-outline-color:var(--color-white);--button-outline-color-hover:rgba(0,0,0,0.8);\"><a class=\"wp-block-button__link button button-outline   has-link-color wp-element-button\" href=\"https:\/\/neuronup.com\/redirect\/?target=typeform\/de-neuronUP?utm_first_source=Web&#038;utm_first_campaign_name=Request_meeting\">Videoanruf anfordem<\/a><\/div>\n\n<\/div>\n<\/div>\n\n\n\n<div class=\"wp-block-column br-0111 p-5 particle-bg anims-fadein-up has-primary-background-color has-background is-layout-flow wp-block-column-is-layout-flow\">\n<h2 class=\"wp-block-heading has-white-color has-text-color\">Kostenlos testen<\/h2>\n\n\n\n<p class=\"has-white-color has-text-color\"><strong>Mehr als 4.500 <\/strong>Fachkr\u00e4fte nutzen unsere Plattform bereits t\u00e4glich.<\/p>\n\n\n\n<div class=\"wp-block-buttons is-layout-flex wp-block-buttons-is-layout-flex\">\n<div class=\"wp-block-button orange-button\" style=\"--button-background:var(--color-custom-1);--button-background-hover:#cc7e00;\"><a class=\"wp-block-button__link button   wp-element-button\" href=\"https:\/\/neuronup.com\/de\/landing-store-user\/\">Kostenlos testen<img decoding=\"async\" class=\"wp-image-18719\" style=\"width: 8px;\" src=\"\/de\/wp-content\/uploads\/2022\/v3\/icon_rightArrow-white.svg\"><\/a><\/div>\n\n<\/div>\n<\/div>\n<\/div>\n<\/div><\/div>\n\n\n\n<div style=\"height:80px\" aria-hidden=\"true\" class=\"wp-block-spacer\"><\/div>\n\n\n\n<h2 class=\"wp-block-heading\">Wie erstelle ich ein Benutzerprofil in NeuronUP?<\/h2>\n\n\n\n<p>Im Folgenden erkl\u00e4ren wir Ihnen Schritt f\u00fcr Schritt, wie Sie ein Benutzerprofil in NeuronUP anlegen:<\/p>\n\n\n\n<h3 class=\"wp-block-heading\">1. Klicken Sie auf &#8222;Patientenverwaltung&#8220;<\/h3>\n\n\n\n<div class=\"wp-block-columns is-layout-flex wp-container-core-columns-is-layout-9d6595d7 wp-block-columns-is-layout-flex\">\n<div class=\"wp-block-column is-layout-flow wp-block-column-is-layout-flow\">\n<p>Klicken Sie zun\u00e4chst auf den Punkt &#8222;<strong>Patientenverwaltung<\/strong>&#8220; am oberen Rand Ihres Bildschirms.<\/p>\n<\/div>\n\n\n\n<div class=\"wp-block-column is-layout-flow wp-block-column-is-layout-flow\">\n<figure class=\"wp-block-image size-full\"><img decoding=\"async\" width=\"579\" height=\"288\" src=\"https:\/\/neuronup.com\/de\/wp-content\/uploads\/2024\/02\/Manual-DE-9-1.webp\" alt=\"Patienten-2\" class=\"wp-image-29182\" srcset=\"https:\/\/neuronup.com\/de\/wp-content\/uploads\/2024\/02\/Manual-DE-9-1-300x149.webp 300w, https:\/\/neuronup.com\/de\/wp-content\/uploads\/2024\/02\/Manual-DE-9-1.webp 579w\" sizes=\"(max-width: 579px) 100vw, 579px\" \/><\/figure>\n<\/div>\n<\/div>\n\n\n\n<div style=\"height:50px\" aria-hidden=\"true\" class=\"wp-block-spacer\"><\/div>\n\n\n\n<h3 class=\"wp-block-heading\">2. Klicken Sie auf &#8222;Neuer Patient&#8220;<\/h3>\n\n\n\n<div class=\"wp-block-columns is-layout-flex wp-container-core-columns-is-layout-9d6595d7 wp-block-columns-is-layout-flex\">\n<div class=\"wp-block-column is-layout-flow wp-block-column-is-layout-flow\">\n<p>Klicken Sie dann auf &#8222;<strong>Neuer Patient<\/strong>&#8222;,<br>auf der rechten Seite der Plattform.<\/p>\n\n\n\n<ol class=\"wp-block-list\">\n<li><strong>Geben Sie den Vor- und Nachnamen <\/strong>des Benutzers ein.<\/li>\n\n\n\n<li>Laden Sie ein Foto Ihres Benutzers hoch oder w\u00e4hlen Sie einen Avatar.<\/li>\n\n\n\n<li>Klicken Sie auf &#8222;<strong>Erstellen<\/strong>&#8222;.<\/li>\n<\/ol>\n<\/div>\n\n\n\n<div class=\"wp-block-column is-layout-flow wp-block-column-is-layout-flow\">\n<figure class=\"wp-block-image size-full\"><img decoding=\"async\" width=\"669\" height=\"482\" src=\"https:\/\/neuronup.com\/de\/wp-content\/uploads\/2024\/02\/Manual-DE-11.webp\" alt=\"Patienten-anlegen\" class=\"wp-image-29183\" srcset=\"https:\/\/neuronup.com\/de\/wp-content\/uploads\/2024\/02\/Manual-DE-11-300x216.webp 300w, https:\/\/neuronup.com\/de\/wp-content\/uploads\/2024\/02\/Manual-DE-11.webp 669w\" sizes=\"(max-width: 669px) 100vw, 669px\" \/><\/figure>\n<\/div>\n<\/div>\n\n\n\n<div style=\"height:50px\" aria-hidden=\"true\" class=\"wp-block-spacer\"><\/div>\n\n\n\n<h3 class=\"wp-block-heading\">3. F\u00fcllen Sie das Benutzerprofil aus<\/h3>\n\n\n\n<div class=\"wp-block-columns is-layout-flex wp-container-core-columns-is-layout-9d6595d7 wp-block-columns-is-layout-flex\">\n<div class=\"wp-block-column is-layout-flow wp-block-column-is-layout-flow\">\n<p>Wenn Sie das Benutzerprofil erstellt haben, k\u00f6nnen Sie so viele Informationen hinzuf\u00fcgen, wie Sie m\u00f6chten: Ausbildung, beruflicher Werdegang, Diagnose, usw. Um diese Informationen zu erg\u00e4nzen, klicken Sie auf &#8222;<strong>Bearbeiten<\/strong>&#8222;.<br><\/p>\n<\/div>\n\n\n\n<div class=\"wp-block-column is-layout-flow wp-block-column-is-layout-flow\">\n<figure class=\"wp-block-image size-full\"><img decoding=\"async\" width=\"466\" height=\"260\" src=\"https:\/\/neuronup.com\/de\/wp-content\/uploads\/2024\/02\/Manual-DE-14.webp\" alt=\"Patientenprofil\" class=\"wp-image-29185\" srcset=\"https:\/\/neuronup.com\/de\/wp-content\/uploads\/2024\/02\/Manual-DE-14-300x167.webp 300w, https:\/\/neuronup.com\/de\/wp-content\/uploads\/2024\/02\/Manual-DE-14.webp 466w\" sizes=\"(max-width: 466px) 100vw, 466px\" \/><\/figure>\n<\/div>\n<\/div>\n\n\n\n<div style=\"height:50px\" aria-hidden=\"true\" class=\"wp-block-spacer\"><\/div>\n\n\n\n<h2 class=\"wp-block-heading\">Was kann ich in der Benutzerverwaltung von NeuronUP tun?<\/h2>\n\n\n\n<p>In der Benutzerverwaltung von NeuronUP k\u00f6nnen Sie:<\/p>\n\n\n\n<ol class=\"wp-block-list\">\n<li><strong>Informationen Ihrer Patient:innen hinzuf\u00fcgen.<\/strong><\/li>\n\n\n\n<li><strong>Festlegen<\/strong>, <strong>welche<\/strong> <strong>Fachkr\u00e4fte<\/strong> mit den Benutzer:innen arbeiten werden. Dies ist n\u00fctzlich, wenn mehrere Fachkr\u00e4fte mit denselben Patient:innen in einer Einrichtung arbeiten.<\/li>\n\n\n\n<li>Erstellen und Verwalten der <strong>Zugangsdaten zu NeuronUP2GO <\/strong>(die NeuronUP-Remote-Sitzungen).<\/li>\n\n\n\n<li><strong>Kaufen von Zug\u00e4ngen f\u00fcr Remote-Sitzungen <\/strong>f\u00fcr zu Hause.<\/li>\n\n\n\n<li>Ansicht und Verwaltung <strong>der Sitzungen der Benutzer:innen<\/strong>.<\/li>\n\n\n\n<li>Ansicht und Verwaltung <strong>der Programme der Benutzer:innen.<\/strong><\/li>\n\n\n\n<li><strong>Zugriff auf die Ergebnisse <\/strong>der Benutzer:innen.<\/li>\n<\/ol>\n\n\n\n<figure class=\"wp-block-image size-large\"><img decoding=\"async\" width=\"1024\" height=\"1024\" src=\"https:\/\/neuronup.com\/de\/wp-content\/uploads\/2024\/02\/\u00bfQue-puedo-hacer-desde-la-pantalla-de-gestion-de-usuarios-de-NeuronUP-DE-1-1024x1024.webp\" alt=\"Vorteile-von-Anlegen-von-Patienten-in-NeuronUP\" class=\"wp-image-29186\" srcset=\"https:\/\/neuronup.com\/de\/wp-content\/uploads\/2024\/02\/\u00bfQue-puedo-hacer-desde-la-pantalla-de-gestion-de-usuarios-de-NeuronUP-DE-1-80x80.webp 80w, https:\/\/neuronup.com\/de\/wp-content\/uploads\/2024\/02\/\u00bfQue-puedo-hacer-desde-la-pantalla-de-gestion-de-usuarios-de-NeuronUP-DE-1-150x150.webp 150w, https:\/\/neuronup.com\/de\/wp-content\/uploads\/2024\/02\/\u00bfQue-puedo-hacer-desde-la-pantalla-de-gestion-de-usuarios-de-NeuronUP-DE-1-300x300.webp 300w, https:\/\/neuronup.com\/de\/wp-content\/uploads\/2024\/02\/\u00bfQue-puedo-hacer-desde-la-pantalla-de-gestion-de-usuarios-de-NeuronUP-DE-1-768x768.webp 768w, https:\/\/neuronup.com\/de\/wp-content\/uploads\/2024\/02\/\u00bfQue-puedo-hacer-desde-la-pantalla-de-gestion-de-usuarios-de-NeuronUP-DE-1-1024x1024.webp 1024w, https:\/\/neuronup.com\/de\/wp-content\/uploads\/2024\/02\/\u00bfQue-puedo-hacer-desde-la-pantalla-de-gestion-de-usuarios-de-NeuronUP-DE-1.webp 1080w\" sizes=\"(max-width: 1024px) 100vw, 1024px\" \/><\/figure>\n","protected":false},"excerpt":{"rendered":"<p>Wie viele Programme benutzen Sie, um die Informationen Ihrer Patient:innen zu verwalten? Die Erstellung eines Profils f\u00fcr Benutzer:innen in NeuronUP erm\u00f6glicht es Ihnen, alle Informationen \u00fcber die jeweiligen Sitzungen und Ergebnisse an einem Ort zu sammeln und die Fortschritte automatisch zu messen. Was ist ein NeuronUP-Benutzer? Bei NeuronUP bezeichnen wir die Patient:innen unter Umst\u00e4nden auch &hellip;<\/p>\n","protected":false},"author":134,"featured_media":27436,"parent":21885,"menu_order":0,"comment_status":"closed","ping_status":"closed","template":"","meta":{"_acf_changed":false,"_genesis_hide_title":false,"_genesis_hide_breadcrumbs":false,"_genesis_hide_singular_image":false,"_genesis_hide_footer_widgets":false,"_genesis_custom_body_class":"","_genesis_custom_post_class":"","_genesis_layout":"","footnotes":""},"class_list":{"1":"page","2":"type-page","6":"entry"},"acf":[],"_links":{"self":[{"href":"https:\/\/neuronup.com\/de\/wp-json\/wp\/v2\/pages\/24489","targetHints":{"allow":["GET"]}}],"collection":[{"href":"https:\/\/neuronup.com\/de\/wp-json\/wp\/v2\/pages"}],"about":[{"href":"https:\/\/neuronup.com\/de\/wp-json\/wp\/v2\/types\/page"}],"author":[{"embeddable":true,"href":"https:\/\/neuronup.com\/de\/wp-json\/wp\/v2\/users\/134"}],"replies":[{"embeddable":true,"href":"https:\/\/neuronup.com\/de\/wp-json\/wp\/v2\/comments?post=24489"}],"version-history":[{"count":0,"href":"https:\/\/neuronup.com\/de\/wp-json\/wp\/v2\/pages\/24489\/revisions"}],"up":[{"embeddable":true,"href":"https:\/\/neuronup.com\/de\/wp-json\/wp\/v2\/pages\/21885"}],"wp:featuredmedia":[{"embeddable":true,"href":"https:\/\/neuronup.com\/de\/wp-json\/wp\/v2\/media\/27436"}],"wp:attachment":[{"href":"https:\/\/neuronup.com\/de\/wp-json\/wp\/v2\/media?parent=24489"}],"curies":[{"name":"wp","href":"https:\/\/api.w.org\/{rel}","templated":true}]}}