{"id":24457,"date":"2023-03-28T09:31:33","date_gmt":"2023-03-28T07:31:33","guid":{"rendered":"https:\/\/neuronup.com\/de\/?page_id=24457"},"modified":"2025-02-28T08:36:20","modified_gmt":"2025-02-28T06:36:20","slug":"arten-von-neuronup-ubungen-generatoren-spiele-arbeitsblatter","status":"publish","type":"page","link":"https:\/\/neuronup.com\/de\/produkt\/arten-von-neuronup-ubungen-generatoren-spiele-arbeitsblatter\/","title":{"rendered":"Arten von NeuronUP-\u00dcbungen: Generatoren, Spiele und Arbeitsbl\u00e4tter"},"content":{"rendered":"\n<p class=\"has-xl-font-size has-xl-margin-bottom\">NeuronUP bietet Tausende von \u00dcbungen f\u00fcr kognitives Training und Stimulation. Diese sind in drei Arten von Aktivit\u00e4ten unterteilt: Generatoren, Spiele und Arbeitsbl\u00e4tter. Aber kennen Sie den <strong style=\"color:#00abc7;\">Unterschied zwischen den verschiedenen Arten der NeuronUP-\u00dcbungen<\/strong>?<\/p>\n\n\n\n<p>Wenn Sie den Unterschied zwischen Arbeitsbl\u00e4ttern, Generatoren und Spielen verstehen, k\u00f6nnen Sie die am besten geeignete Aktivit\u00e4t  f\u00fcr Ihre jeweiligen Patient:innen ausw\u00e4hlen.<\/p>\n\n\n\n<h2 class=\"wp-block-heading\">Arten von NeuronUP-Aktivit\u00e4ten<\/h2>\n\n\n\n<p>Im Folgenden erkl\u00e4ren wir Ihnen den Unterschied zwischen den drei Arten von NeuronUP-\u00dcbungen im Detail.<\/p>\n\n\n\n<figure class=\"wp-block-image size-large\"><img decoding=\"async\" width=\"1024\" height=\"251\" src=\"https:\/\/neuronup.com\/de\/wp-content\/uploads\/2024\/03\/Aktivitaeten-NeuronUP-Unterscheidung-1024x251.webp\" alt=\"Aktivit\u00e4ten-NeuronUP-Unterscheidung\" class=\"wp-image-29629\" srcset=\"https:\/\/neuronup.com\/de\/wp-content\/uploads\/2024\/03\/Aktivitaeten-NeuronUP-Unterscheidung-300x74.webp 300w, https:\/\/neuronup.com\/de\/wp-content\/uploads\/2024\/03\/Aktivitaeten-NeuronUP-Unterscheidung-768x188.webp 768w, https:\/\/neuronup.com\/de\/wp-content\/uploads\/2024\/03\/Aktivitaeten-NeuronUP-Unterscheidung-1024x251.webp 1024w, https:\/\/neuronup.com\/de\/wp-content\/uploads\/2024\/03\/Aktivitaeten-NeuronUP-Unterscheidung.webp 1053w\" sizes=\"(max-width: 1024px) 100vw, 1024px\" \/><\/figure>\n\n\n\n<div class=\"wp-block-buttons is-content-justification-center is-layout-flex wp-container-core-buttons-is-layout-16018d1d wp-block-buttons-is-layout-flex\">\n<div class=\"wp-block-button\"><a class=\"wp-block-button__link button wp-element-button\" href=\"#generatoren\">Generatoren<\/a><\/div>\n\n\n\n<div class=\"wp-block-button\"><a class=\"wp-block-button__link button wp-element-button\" href=\"#spiele\">Spiele<\/a><\/div>\n\n\n\n<div class=\"wp-block-button\"><a class=\"wp-block-button__link button wp-element-button\" href=\"#tokens\">Arbeitsbl\u00e4tter<\/a><\/div>\n<\/div>\n\n\n\n<h3 class=\"wp-block-heading\" id=\"generatoren\">1. Generatoren<\/h3>\n\n\n\n<h4 class=\"wp-block-heading\">Was sind Generatoren?<\/h4>\n\n\n\n<p>Generatoren sind <strong>anpassbare \u00dcbungen, die eine unbegrenzte Anzahl von Variationen <\/strong>bieten <strong>.<\/strong> Mit den Generatoren haben Sie <strong>unbegrenzte M\u00f6glichkeiten<\/strong> die Aktivit\u00e4ten (digital oder in Papierform) anzupassen und zu personalisieren. Somit wird sichergestellt, dass sich die Patient:innen auf die <strong>Behandlung konzentrieren<\/strong>, anstatt die \u00dcbungen nur auswendig zu lernen.<\/p>\n\n\n\n<h4 class=\"wp-block-heading\">Arbeitsweisen<\/h4>\n\n\n\n<p>Die Generatoren k\u00f6nnen in drei Modi genutzt werden:<\/p>\n\n\n\n<ol class=\"wp-block-list\">\n<li><strong>Korrekturmodus: <\/strong>Die Plattform korrigiert die Patient:innen nach jeder Aktion.<\/li>\n\n\n\n<li><strong>Freier Modus:<\/strong> Die Plattform \u00fcberpr\u00fcft die Patient:innen erst am Ende der gesamten \u00dcbung. Es findet keine Korrektur w\u00e4hrend der Ausf\u00fchrung der \u00dcbung statt.<\/li>\n\n\n\n<li><strong>Personalisierter Modus: <\/strong>Erm\u00f6glicht die Anpassung jedes Generators an die Bed\u00fcrfnisse und Gegebenheiten der Patient:innen. Der personalisierte Modus erm\u00f6glicht Ihnen folgende Anpassungen:\n<ul class=\"wp-block-list\">\n<li><strong>Allgemeine Optionen<\/strong>: Diese k\u00f6nnen Sie bei allen Generatoren anpassen. Sie k\u00f6nnen den Arbeitsmodus w\u00e4hlen, die Zeit anpassen, die Patient:innen bei Inaktivit\u00e4t warnen, die Anweisungen der Aktivit\u00e4t anpassen und einen Timer hinzuf\u00fcgen.<\/li>\n\n\n\n<li><strong>Erweiterte Optionen: <\/strong>Sie sind auf die jeweilige \u00dcbung zugeschnitten.<\/li>\n\n\n\n<li><strong>Anpassung.:<\/strong> Erm\u00f6glicht die Wahl zwischen dem Ziehen oder Klicken auf Elemente, um die \u00dcbung f\u00fcr Patient:innen mit motorischen Problemen oder die Schwierigkeiten mit dem Arbeiten der Maus haben, zu erleichtern. Nicht f\u00fcr alle Aktivit\u00e4ten verf\u00fcgbar.<\/li>\n<\/ul>\n<\/li>\n<\/ol>\n\n\n\n<h4 class=\"wp-block-heading\">Format<\/h4>\n\n\n\n<p>Die Generatoren sind in zwei Formaten verf\u00fcgbar:<\/p>\n\n\n\n<ul class=\"wp-block-list\">\n<li>Digital<\/li>\n<\/ul>\n\n\n\n<ul class=\"wp-block-list\">\n<li>Papier.<\/li>\n<\/ul>\n\n\n\n<h4 class=\"wp-block-heading\">Beispiel f\u00fcr einen Generator: <em>Genaue Zahlungen<\/em><\/h4>\n\n\n\n<p><em>Genaue Zahlungen<\/em> ist eine Aktivit\u00e4t, die n\u00fctzlich f\u00fcr das t\u00e4gliche Leben ist.<\/p>\n\n\n\n<h5 class=\"wp-block-heading\">Woraus besteht sie?<\/h5>\n\n\n\n<p>Die Patient:innen m\u00fcssen anhand einer Zahl <strong>den genauen Geldbetrag mit M\u00fcnzen und Scheinen ausw\u00e4hlen.<\/strong><\/p>\n\n\n\n<h5 class=\"wp-block-heading\">Wof\u00fcr ist die \u00dcbung geeignet?<\/h5>\n\n\n\n<p>Diese Aktivit\u00e4t trainiert das <strong>Arbeitsged\u00e4chtnis<\/strong> sowie die F\u00e4higkeiten f\u00fcr den <strong>Einkauf<\/strong> und <strong>Planung.<\/strong><\/p>\n\n\n\n<h5 class=\"wp-block-heading\">Personalisierung der Aktivit\u00e4t<\/h5>\n\n\n\n<p>Wie bei allen Generatoren k\u00f6nnen auch bei der Aktivit\u00e4t <em>Genaue Zahlungen<\/em> Anpassungen vorgenommen werden:<\/p>\n\n\n\n<ul class=\"wp-block-list\">\n<li><strong>Allgemeine Optionen:<\/strong> Sie k\u00f6nnen den Arbeitsmodus w\u00e4hlen, die Zeit anpassen, die Patient:innen bei Inaktivit\u00e4t warnen, die Aktivit\u00e4tsanweisungen anpassen und einen Timer hinzuf\u00fcgen.<\/li>\n\n\n\n<li><strong>Erweiterte Optionen:<\/strong> In diesem Fall handelt es sich um eine Aktivit\u00e4t im Umgang mit Geld, so dass Sie die Art der W\u00e4hrung, die Menge der Banknoten\/M\u00fcnzen und deren Wert ausw\u00e4hlen k\u00f6nnen.<\/li>\n\n\n\n<li><strong>Anpassung:<\/strong> Sie haben die Wahl zwischen Ziehen und Klicken mit der Maus.<\/li>\n<\/ul>\n\n\n\n<figure class=\"wp-block-embed is-type-video is-provider-youtube wp-block-embed-youtube wp-embed-aspect-16-9 wp-has-aspect-ratio\"><div class=\"wp-block-embed__wrapper\">\n<iframe title=\"Personalizing a digital generator\" width=\"800\" height=\"450\" src=\"https:\/\/www.youtube.com\/embed\/7vOfVvSQU_g?feature=oembed\" frameborder=\"0\" allow=\"accelerometer; autoplay; clipboard-write; encrypted-media; gyroscope; picture-in-picture; web-share\" referrerpolicy=\"strict-origin-when-cross-origin\" allowfullscreen><\/iframe>\n<\/div><\/figure>\n\n\n\n<h3 class=\"wp-block-heading\" id=\"spiele\">2. Spiele<\/h3>\n\n\n\n<h4 class=\"wp-block-heading\">Was sind Spiele?<\/h4>\n\n\n\n<p>Die Spiele<strong> sind in verschiedene Schwierigkeitsstufen eingeteilt<\/strong>, so dass die Patient:innen je nach Ergebnis in den Stufen automatisch auf- oder absteigen. Sie k\u00f6nnen ebenfalls individuell an die Bed\u00fcrfnisse der Patient:innen <strong>angepasst<\/strong> werden.<\/p>\n\n\n\n<h4 class=\"wp-block-heading\">Spielen nach Stufen<\/h4>\n\n\n\n<p>Die Spiele sind in verschiedene Schwierigkeitsstufen unterteilt. Auf diese Weise steigen die Patient:innen je nach Ergebnis in der Stufe auf oder ab. Mit anderen Worten, <strong>die Patient:innen befinden sich immer automatisch auf der Stufe, die ihren aktuellen Leistungen entspricht.<\/strong><\/p>\n\n\n\n<h4 class=\"wp-block-heading\">Personalisierung der \u00dcbungen<\/h4>\n\n\n\n<p>Die Spiele k\u00f6nnen an die Eigenschaften der einzelnen Patient:innen angepasst werden. Sie k\u00f6nnen individuell gestaltet werden:<\/p>\n\n\n\n<ul class=\"wp-block-list\">\n<li><strong>Allgemeine Optionen:<\/strong> Diese sind f\u00fcr alle Spiele gleich. Sie k\u00f6nnen die Anzahl der \u00dcbungen w\u00e4hlen, die Zeit anpassen, die Patient:innen bei Inaktivit\u00e4t warnen, die Anweisungen der Aktivit\u00e4t anpassen und einen Timer hinzuf\u00fcgen.<\/li>\n\n\n\n<li><strong>Erweiterte Optionen:<\/strong> Sie sind auf die jeweilige \u00dcbung zugeschnitten.<\/li>\n\n\n\n<li><strong>Anpassung<\/strong>: Erm\u00f6glicht die Wahl zwischen dem Ziehen oder Klicken auf Elemente, um die \u00dcbung f\u00fcr Patient:innen mit motorischen Problemen oder die Schwierigkeiten mit dem Arbeiten mit der Maus oder Touchscreens haben, zu erleichtern. Nicht f\u00fcr alle Aktivit\u00e4ten verf\u00fcgbar.<\/li>\n<\/ul>\n\n\n\n<div style=\"height:50px\" aria-hidden=\"true\" class=\"wp-block-spacer\"><\/div>\n\n\n\n<div class=\"wp-block-group\"><div class=\"wp-block-group__inner-container is-layout-constrained wp-block-group-is-layout-constrained\">\n<div class=\"wp-block-columns is-layout-flex wp-container-core-columns-is-layout-9d6595d7 wp-block-columns-is-layout-flex\">\n<div class=\"wp-block-column br-0111 p-5 particle-bg anims-fadein-up has-primary-background-color has-background is-layout-flow wp-block-column-is-layout-flow\">\n<h2 class=\"wp-block-heading has-white-color has-text-color\">Erfahren Sie mehr \u00fcber <strong>NeuronUP<\/strong><\/h2>\n\n\n\n<div class=\"wp-block-buttons is-layout-flex wp-block-buttons-is-layout-flex\">\n<div class=\"wp-block-button--1\" style=\"--button-outline-color:var(--color-white);--button-outline-color-hover:rgba(0,0,0,0.8);\"><a class=\"wp-block-button__link button button-outline   has-link-color wp-element-button\" href=\"https:\/\/neuronup.com\/redirect\/?target=typeform\/de-neuronUP?utm_first_source=Web&#038;utm_first_campaign_name=Request_meeting\">Videoanruf anfordem<\/a><\/div>\n\n<\/div>\n<\/div>\n\n\n\n<div class=\"wp-block-column br-0111 p-5 particle-bg anims-fadein-up has-primary-background-color has-background is-layout-flow wp-block-column-is-layout-flow\">\n<h2 class=\"wp-block-heading has-white-color has-text-color\">Kostenlos testen<\/h2>\n\n\n\n<p class=\"has-white-color has-text-color\"><strong>Mehr als 4.500 <\/strong>Fachkr\u00e4fte nutzen unsere Plattform bereits t\u00e4glich.<\/p>\n\n\n\n<div class=\"wp-block-buttons is-layout-flex wp-block-buttons-is-layout-flex\">\n<div class=\"wp-block-button orange-button\" style=\"--button-background:var(--color-custom-1);--button-background-hover:#cc7e00;\"><a class=\"wp-block-button__link button   wp-element-button\" href=\"https:\/\/neuronup.com\/de\/landing-store-user\/\">Kostenlos testen<img decoding=\"async\" class=\"wp-image-18719\" style=\"width: 8px;\" src=\"\/de\/wp-content\/uploads\/2022\/v3\/icon_rightArrow-white.svg\"><\/a><\/div>\n\n<\/div>\n<\/div>\n<\/div>\n<\/div><\/div>\n\n\n\n<div style=\"height:50px\" aria-hidden=\"true\" class=\"wp-block-spacer\"><\/div>\n\n\n\n<h4 class=\"wp-block-heading\">Beispiel f\u00fcr ein Spiel: <em>Der Obstgarten des Nachbarn<\/em><\/h4>\n\n\n\n<h5 class=\"wp-block-heading\">Worum geht es in dem Spiel?<\/h5>\n\n\n\n<p>Der Obstgarten des Nachbarn ist ein NeuronUP-Spiel, bei dem es darum geht, die <strong>r\u00e4umliche Lage eines Reizes zu bestimmen<\/strong>. Die Patient:innen sehen einen Garten mit Gem\u00fcse und m\u00fcssen den daneben liegenden noch leeren Garten an exakt den gleichen Stellen bef\u00fcllen, in dem Sie auf diese Stelle klicken. <\/p>\n\n\n\n<h5 class=\"wp-block-heading\">Wozu dient diese \u00dcbung?<\/h5>\n\n\n\n<p>Bei diesem Spiel geht es um <strong>r\u00e4umliche Beziehungen.<\/strong><\/p>\n\n\n\n<h5 class=\"wp-block-heading\">Spielen nach Stufen<\/h5>\n\n\n\n<p>Dieses Spiel ist in<strong> zw\u00f6lf <\/strong>Schwierigkeitsstufen unterteilt. Die Patient:innen steigen je nach den erreichten Ergebnissen automatisch in den Stufen auf oder ab.<\/p>\n\n\n\n<p>Personalisierung der Aktivit\u00e4t<\/p>\n\n\n\n<p>Au\u00dferdem k\u00f6nnen Sie die \u00dcbung an die F\u00e4higkeiten der einzelnen Patient:innen anpassen:<\/p>\n\n\n\n<ul class=\"wp-block-list\">\n<li><strong>Allgemeine Optionen: <\/strong>Sie k\u00f6nnen die Anzahl der \u00dcbungen w\u00e4hlen, die Zeit anpassen, die Patient:innen bei Inaktivit\u00e4t warnen, die Anweisungen der Aktivit\u00e4t anpassen und einen Timer hinzuf\u00fcgen.<\/li>\n\n\n\n<li><strong>Erweiterte Optionen:<\/strong> In diesem Fall k\u00f6nnen Sie die Anzahl der Felder, die Anzahl der Elemente, die Hilfslinien und die maximalen Fehler anpassen<\/li>\n\n\n\n<li><strong>Anpassung H\u00e4ndigkeit:<\/strong> links oder rechts, je nachdem, ob Sie mit Links- oder Rechtsh\u00e4ndern arbeiten werden.<\/li>\n<\/ul>\n\n\n\n<figure class=\"wp-block-embed is-type-video is-provider-youtube wp-block-embed-youtube wp-embed-aspect-16-9 wp-has-aspect-ratio\"><div class=\"wp-block-embed__wrapper\">\n<iframe title=\"Personalizing a NeuronUP game\" width=\"800\" height=\"450\" src=\"https:\/\/www.youtube.com\/embed\/mVv5ZTM-oXE?feature=oembed\" frameborder=\"0\" allow=\"accelerometer; autoplay; clipboard-write; encrypted-media; gyroscope; picture-in-picture; web-share\" referrerpolicy=\"strict-origin-when-cross-origin\" allowfullscreen><\/iframe>\n<\/div><\/figure>\n\n\n\n<h3 class=\"wp-block-heading\" id=\"tokens\">3. Arbeitsbl\u00e4tter<\/h3>\n\n\n\n<h4 class=\"wp-block-heading\">Was sind Arbeitsbl\u00e4tter?<\/h4>\n\n\n\n<p>Bei den Arbeitsbl\u00e4ttern handelt es sich um Aktivit\u00e4ten, die <strong>nach Schwierigkeitsgraden geordnet<\/strong> sind und sowohl digital als auch in Papierform verwendet werden k\u00f6nnen.<\/p>\n\n\n\n<h4 class=\"wp-block-heading\">Schwierigkeitsgrade<\/h4>\n\n\n\n<p>Die Arbeitsbl\u00e4tter sind in bis zu <strong>f\u00fcnf<\/strong> Schwierigkeitsstufen eingeteilt:<\/p>\n\n\n\n<ul class=\"wp-block-list\">\n<li>Sehr leicht<\/li>\n\n\n\n<li>Leicht<\/li>\n\n\n\n<li>Mittel<\/li>\n\n\n\n<li>Schwer<\/li>\n\n\n\n<li>Sehr schwer<\/li>\n<\/ul>\n\n\n\n<h4 class=\"wp-block-heading\">Arbeitsweisen<\/h4>\n\n\n\n<p>Die Arbeitsbl\u00e4tter k\u00f6nnen in zwei Modi bearbeitet werden:<\/p>\n\n\n\n<ul class=\"wp-block-list\">\n<li><strong>Korrekturmodus:<\/strong> Die Plattform korrigiert die Patent:innen nach jeder Aktion<\/li>\n\n\n\n<li><strong>Freier Modus: <\/strong>Die Plattform \u00fcberpr\u00fcft die Patient:innen erst am Ende der Aktivit\u00e4t. Es findet keine Korrektur w\u00e4hrend der \u00dcbung statt.<\/li>\n<\/ul>\n\n\n\n<h4 class=\"wp-block-heading\">Format<\/h4>\n\n\n\n<p>Die Arbeitsbl\u00e4tter k\u00f6nnen in zwei Formaten bearbeitet werden:<\/p>\n\n\n\n<ul class=\"wp-block-list\">\n<li>Digital<\/li>\n<\/ul>\n\n\n\n<ul class=\"wp-block-list\">\n<li>Papier<\/li>\n<\/ul>\n\n\n\n<h4 class=\"wp-block-heading\">Beispiel:<em> Paarweise Zuordnung von Zahlen<\/em><\/h4>\n\n\n\n<h5 class=\"wp-block-heading\">Woraus besteht die \u00dcbung?<\/h5>\n\n\n\n<p>Bei dieser Aktivit\u00e4t geht es darum, verschiedene <strong>Figuren ihrem entsprechenden Partner zuzuordnen.<\/strong><\/p>\n\n\n\n<h5 class=\"wp-block-heading\">Wozu dient die \u00dcbung?<\/h5>\n\n\n\n<p>Dies ist ein Arbeitsblatt f\u00fcr die Arbeit an der <strong>selektiven Aufmerksamkeit<\/strong>.<\/p>\n\n\n\n<h5 class=\"wp-block-heading\">Verschiedene Schwierigkeitsgrade<\/h5>\n\n\n\n<p>Dieses Arbeitsblatt hat <strong>f\u00fcnf<\/strong> Schwierigkeitsgrade: sehr leicht, leicht, mittel, schwer und sehr schwer.<\/p>\n\n\n\n<h5 class=\"wp-block-heading\"><\/h5>\n","protected":false},"excerpt":{"rendered":"<p>NeuronUP bietet Tausende von \u00dcbungen f\u00fcr kognitives Training und Stimulation. Diese sind in drei Arten von Aktivit\u00e4ten unterteilt: Generatoren, Spiele und Arbeitsbl\u00e4tter. Aber kennen Sie den Unterschied zwischen den verschiedenen Arten der NeuronUP-\u00dcbungen? Wenn Sie den Unterschied zwischen Arbeitsbl\u00e4ttern, Generatoren und Spielen verstehen, k\u00f6nnen Sie die am besten geeignete Aktivit\u00e4t f\u00fcr Ihre jeweiligen Patient:innen ausw\u00e4hlen. &hellip;<\/p>\n","protected":false},"author":3,"featured_media":27578,"parent":21885,"menu_order":0,"comment_status":"closed","ping_status":"closed","template":"","meta":{"_acf_changed":false,"_genesis_hide_title":false,"_genesis_hide_breadcrumbs":false,"_genesis_hide_singular_image":false,"_genesis_hide_footer_widgets":false,"_genesis_custom_body_class":"","_genesis_custom_post_class":"","_genesis_layout":"","footnotes":""},"class_list":{"1":"page","2":"type-page","6":"entry"},"acf":[],"_links":{"self":[{"href":"https:\/\/neuronup.com\/de\/wp-json\/wp\/v2\/pages\/24457","targetHints":{"allow":["GET"]}}],"collection":[{"href":"https:\/\/neuronup.com\/de\/wp-json\/wp\/v2\/pages"}],"about":[{"href":"https:\/\/neuronup.com\/de\/wp-json\/wp\/v2\/types\/page"}],"author":[{"embeddable":true,"href":"https:\/\/neuronup.com\/de\/wp-json\/wp\/v2\/users\/3"}],"replies":[{"embeddable":true,"href":"https:\/\/neuronup.com\/de\/wp-json\/wp\/v2\/comments?post=24457"}],"version-history":[{"count":0,"href":"https:\/\/neuronup.com\/de\/wp-json\/wp\/v2\/pages\/24457\/revisions"}],"up":[{"embeddable":true,"href":"https:\/\/neuronup.com\/de\/wp-json\/wp\/v2\/pages\/21885"}],"wp:featuredmedia":[{"embeddable":true,"href":"https:\/\/neuronup.com\/de\/wp-json\/wp\/v2\/media\/27578"}],"wp:attachment":[{"href":"https:\/\/neuronup.com\/de\/wp-json\/wp\/v2\/media?parent=24457"}],"curies":[{"name":"wp","href":"https:\/\/api.w.org\/{rel}","templated":true}]}}