{"id":1614,"date":"2021-07-05T20:54:04","date_gmt":"2021-07-05T20:54:04","guid":{"rendered":"https:\/\/neuronup.com\/de\/?page_id=1614"},"modified":"2025-02-28T08:32:53","modified_gmt":"2025-02-28T06:32:53","slug":"psychische-erkrankungen","status":"publish","type":"page","link":"https:\/\/neuronup.com\/de\/neurorehabilitation\/psychische-erkrankungen\/","title":{"rendered":"Psychische Erkrankungen"},"content":{"rendered":"\n<p class=\"has-xl-font-size\">Die beiden h\u00e4ufigsten <strong>psychischen Erkrankungen<\/strong>, bei denen kognitive Beeintr\u00e4chtigungen beobachtet werden, sind:<\/p>\n\n\n\n<h2 class=\"wp-block-heading\" id=\"esquizofrenia\">Schizophrenie<\/h2>\n\n\n\n<p>Schizophrenie ist eine komplexe Pers\u00f6nlichkeitsst\u00f6rung, die zu Verzerrungen im Denken, im Verhalten und in der Wahrnehmung der Realit\u00e4t f\u00fchrt.<\/p>\n\n\n\n<h3 class=\"wp-block-heading\">Die Symptome lassen sich in zwei Kategorien einteilen:<\/h3>\n\n\n\n<p><strong>Positiv<\/strong> (\u00dcberschreitung oder Verzerrung normaler Funktionen): Verzerrungen oder \u00dcbertreibungen von Gedankenschl\u00fcssen (Wahnvorstellungen), der Wahrnehmung (Halluzinationen), der Sprache und Kommunikation (desorganisiertes Sprechen) und der Verhaltensorganisation (grob desorganisiertes oder katatones Verhalten).<\/p>\n\n\n\n<p><strong>Negativ<\/strong> (als Ausdruck eines R\u00fcckgangs oder Verlusts normaler Funktionen): Einschr\u00e4nkungen im Bereich und in der Intensit\u00e4t des emotionalen Ausdrucks (affektive Verflachung), Denkst\u00f6rung mit verminderter Sprachproduktion oder Verarmung des Sprachinhalts (Alogie) und Einschr\u00e4nkungen in der Bildung des Willens und der F\u00e4higkeit Entscheidungen zu treffen (Abulie).<\/p>\n\n\n\n<p>Das Profil der kognitiven Beeintr\u00e4chtigung kann sehr vielf\u00e4ltig sein, aber Defizite in den Bereichen Aufmerksamkeit, Sprachgewandtheit, Arbeitsged\u00e4chtnis und exekutive Funktionen stechen hervor. Auch die soziale Kognition ist stark beeintr\u00e4chtigt, wobei vor allem die emotionale Wahrnehmung, die Konfliktl\u00f6sung und die Umsetzung von L\u00f6sungen betroffen sind.<\/p>\n\n\n\n<h2 class=\"wp-block-heading\" id=\"trastorno-bipolar\">Bipolare<strong> <\/strong>St\u00f6rung<\/h2>\n\n\n\n<p>Diese Erkrankung ist durch Stimmungsschwankungen gekennzeichnet, die von Manie bis hin zu Depression reichen k\u00f6nnen. Je nach Anzahl und Intensit\u00e4t der Sch\u00fcbe gibt es verschiedene Formen dieser St\u00f6rung.<\/p>\n\n\n\n<p>Symptome der <strong>manischen<\/strong> Phase sind starke Ablenkbarkeit, geringes Schlafbed\u00fcrfnis, schlechtes Urteilsverm\u00f6gen, unzureichende Beherrschung des Temperaments, r\u00fccksichtsloses Verhalten und mangelnde Selbstkontrolle, \u00fcbertriebenes Engagement bei Aktivit\u00e4ten, \u00fcbertriebene Erregung oder Reizbarkeit.<\/p>\n\n\n\n<p>Symptome der <strong>depressiven<\/strong> Phase sind t\u00e4glich wiederkehrende Traurigkeit oder gedr\u00fcckte Stimmung, Konzentrations-, Ged\u00e4chtnis- oder Entscheidungsschwierigkeiten, Appetitlosigkeit, M\u00fcdigkeit oder Lustlosigkeit, Gef\u00fchle der Wertlosigkeit, Hoffnungslosigkeit oder Schuld, Verlust des Selbstwertgef\u00fchls, Gedanken an Tod und Selbstmord, Schlafstst\u00f6rungen, R\u00fcckzug von Freunden und Familie oder von Aktivit\u00e4ten, die fr\u00fcher Spa\u00df gemacht haben.<\/p>\n\n\n\n<p>Kognitive Defizite treten nicht in allen F\u00e4llen auf, aber in den F\u00e4llen, in denen sie vorhanden sind, zeigen sie sich bereits bei der ersten Krankheitsepisode und verschlimmern sich bei wiederholten Episoden. Die am h\u00e4ufigsten betroffenen Bereiche bei bipolaren Patienten in Remission sind die Aufmerksamkeit und Konzentration, das verbale Lernen, das Ged\u00e4chtnis und die exekutive Funktionen (abstraktes Denken und Probleml\u00f6sung). Insbesondere w\u00e4hrend manischer Episoden werden auch Impulsivit\u00e4t und eine verringerte Hemmschwelle beobachtet.<\/p>\n","protected":false},"excerpt":{"rendered":"<p>Die beiden h\u00e4ufigsten psychischen Erkrankungen, bei denen kognitive Beeintr\u00e4chtigungen beobachtet werden, sind: Schizophrenie Schizophrenie ist eine komplexe Pers\u00f6nlichkeitsst\u00f6rung, die zu Verzerrungen im Denken, im Verhalten und in der Wahrnehmung der Realit\u00e4t f\u00fchrt. Die Symptome lassen sich in zwei Kategorien einteilen: Positiv (\u00dcberschreitung oder Verzerrung normaler Funktionen): Verzerrungen oder \u00dcbertreibungen von Gedankenschl\u00fcssen (Wahnvorstellungen), der Wahrnehmung (Halluzinationen), &hellip;<\/p>\n","protected":false},"author":2,"featured_media":0,"parent":1534,"menu_order":0,"comment_status":"closed","ping_status":"closed","template":"","meta":{"_acf_changed":false,"_genesis_hide_title":false,"_genesis_hide_breadcrumbs":false,"_genesis_hide_singular_image":false,"_genesis_hide_footer_widgets":false,"_genesis_custom_body_class":"nup-style neurorehab","_genesis_custom_post_class":"nup-style neurorehab","_genesis_layout":"","footnotes":""},"class_list":{"1":"page","2":"type-page","5":"entry","6":"nup-style neurorehab"},"acf":[],"_links":{"self":[{"href":"https:\/\/neuronup.com\/de\/wp-json\/wp\/v2\/pages\/1614","targetHints":{"allow":["GET"]}}],"collection":[{"href":"https:\/\/neuronup.com\/de\/wp-json\/wp\/v2\/pages"}],"about":[{"href":"https:\/\/neuronup.com\/de\/wp-json\/wp\/v2\/types\/page"}],"author":[{"embeddable":true,"href":"https:\/\/neuronup.com\/de\/wp-json\/wp\/v2\/users\/2"}],"replies":[{"embeddable":true,"href":"https:\/\/neuronup.com\/de\/wp-json\/wp\/v2\/comments?post=1614"}],"version-history":[{"count":0,"href":"https:\/\/neuronup.com\/de\/wp-json\/wp\/v2\/pages\/1614\/revisions"}],"up":[{"embeddable":true,"href":"https:\/\/neuronup.com\/de\/wp-json\/wp\/v2\/pages\/1534"}],"wp:attachment":[{"href":"https:\/\/neuronup.com\/de\/wp-json\/wp\/v2\/media?parent=1614"}],"curies":[{"name":"wp","href":"https:\/\/api.w.org\/{rel}","templated":true}]}}