{"id":1523,"date":"2021-06-02T18:17:16","date_gmt":"2021-06-02T18:17:16","guid":{"rendered":"https:\/\/neuronup.com\/de\/?page_id=1523"},"modified":"2026-03-13T11:14:23","modified_gmt":"2026-03-13T09:14:23","slug":"aktivitaten-des-taglichen-lebens-adl","status":"publish","type":"page","link":"https:\/\/neuronup.com\/de\/einsatzbereiche\/aktivitaten-des-taglichen-lebens-adl\/","title":{"rendered":"Aktivit\u00e4ten des t\u00e4glichen Lebens (ATL)"},"content":{"rendered":"\n<div class=\"wp-block-group alignfull has-custom-12-background-color has-background has-light-background has-md-padding-top has-md-padding-bottom\"><div class=\"wp-block-group__inner-container is-layout-constrained wp-block-group-is-layout-constrained\"><div class=\"wp-block-image\">\n<figure class=\"aligncenter size-large has-xxl-margin-top\"><img decoding=\"async\" width=\"92\" height=\"92\" src=\"https:\/\/neuronup.com\/de\/wp-content\/uploads\/2023\/12\/icon-avds-squared.svg\" alt=\"Aktivit\u00e4ten des t\u00e4glichen Lebens (ADL)\" class=\"wp-image-27542\"><\/figure>\n<\/div>\n\n\n<h1 class=\"wp-block-heading has-text-align-center\">Aktivit\u00e4ten des t\u00e4glichen Lebens (ATL)<\/h1>\n\n\n\n<p class=\"has-text-align-center has-xxl-margin-bottom\">Die Aktivit\u00e4ten des t\u00e4glichen Lebens umfassen alle Grundbed\u00fcrfnisse des t\u00e4glichen Lebens, die f\u00fcr eine Person einen konkreten Wert und Sinn haben und zielgerichtet sind.<\/p>\n<\/div><\/div>\n\n\n\n\n<h2 class=\"wp-block-heading\">Arten von Aktivit\u00e4ten des t\u00e4glichen Lebens<\/h2>\n\n\n\n<p class=\"has-lg-font-size has-xxxl-margin-bottom\">Die ATL&#8217;s sind von zentraler Bedeutung f\u00fcr die Identit\u00e4t und die F\u00e4higkeiten einer Person und beeinflussen die Art, wie man seine Zeit verbringt und Entscheidungen trifft. Neben den grundlegenden Aktivit\u00e4ten gibt es die \u201eerweiterten ATL\u2019s\u201c, die zus\u00e4tzlich noch andere wichtige Bereiche umfassen.<\/p>\n\n\n\n<div class=\"wp-block-columns mb-5 is-layout-flex wp-container-core-columns-is-layout-9d6595d7 wp-block-columns-is-layout-flex\">\n<div class=\"wp-block-column p-3 is-layout-flow wp-block-column-is-layout-flow\"><div class=\"wp-block-image\">\n<figure class=\"aligncenter size-full\"><img decoding=\"async\" width=\"100\" height=\"100\" src=\"https:\/\/neuronup.com\/de\/wp-content\/uploads\/2023\/12\/Icon-Kernaktivitaten.webp\" alt=\"\" class=\"wp-image-27781\" srcset=\"https:\/\/neuronup.com\/de\/wp-content\/uploads\/2023\/12\/Icon-Kernaktivitaten-80x80.webp 80w, https:\/\/neuronup.com\/de\/wp-content\/uploads\/2023\/12\/Icon-Kernaktivitaten.webp 100w\" sizes=\"(max-width: 100px) 100vw, 100px\" \/><\/figure>\n<\/div>\n\n\n<h3 class=\"wp-block-heading has-text-align-center\">Grundlegende Aktivit\u00e4ten<\/h3>\n\n\n\n<p>Diese Aktivit\u00e4ten sind auf die eigene K\u00f6rperpflege ausgerichtet.<\/p>\n\n\n\n<ul class=\"wp-block-list\">\n<li>Baden\/Duschen<\/li>\n\n\n\n<li>Darm- und Blasenmanagement<\/li>\n\n\n\n<li>Anziehen<\/li>\n\n\n\n<li>Essen<\/li>\n\n\n\n<li>Nahrungszufuhr<\/li>\n\n\n\n<li>funktionale Mobilit\u00e4t<\/li>\n\n\n\n<li>Gebrauch pers\u00f6nlicher Hilfsmittel<\/li>\n\n\n\n<li>pers\u00f6nliche Hygiene und Pflege<\/li>\n\n\n\n<li>sexuelle Aktivit\u00e4ten<\/li>\n\n\n\n<li>Schlaf\/Erholung<\/li>\n\n\n\n<li>Toilettenhygiene<\/li>\n<\/ul>\n<\/div>\n\n\n\n<div class=\"wp-block-column br-0101 p-3 has-alt-background-color has-background is-layout-flow wp-block-column-is-layout-flow\"><div class=\"wp-block-image\">\n<figure class=\"aligncenter size-full\"><img decoding=\"async\" width=\"100\" height=\"100\" src=\"https:\/\/neuronup.com\/de\/wp-content\/uploads\/2023\/12\/Icon-Aktivitaten-Instrumente.webp\" alt=\"\" class=\"wp-image-27782\" srcset=\"https:\/\/neuronup.com\/de\/wp-content\/uploads\/2023\/12\/Icon-Aktivitaten-Instrumente-80x80.webp 80w, https:\/\/neuronup.com\/de\/wp-content\/uploads\/2023\/12\/Icon-Aktivitaten-Instrumente.webp 100w\" sizes=\"(max-width: 100px) 100vw, 100px\" \/><\/figure>\n<\/div>\n\n\n<h3 class=\"wp-block-heading has-text-align-center\">Instrumentelle Aktivit\u00e4ten<\/h3>\n\n\n\n<p>Hierbei handelt es sich um Aktivit\u00e4ten, die f\u00fcr das selbstst\u00e4ndige Leben und die F\u00fchrung eines Haushalts erforderlich sind. Sie sind h\u00e4ufig komplex und in der Regel optional, da sie an andere delegiert werden k\u00f6nnen.<\/p>\n\n\n\n<ul class=\"wp-block-list\">\n<li>Versorgung von Haustieren<\/li>\n\n\n\n<li>Kindererziehung<\/li>\n\n\n\n<li>Nutzung von Kommunikationssystemen<\/li>\n\n\n\n<li>Handhabung finanzieller Angelegenheiten<\/li>\n\n\n\n<li>Gesundheitsmanagement und -erhaltung<\/li>\n\n\n\n<li>Einrichtung und Pflege eines Haushaltes<\/li>\n\n\n\n<li>Essenszubereitung und Hausarbeit<\/li>\n\n\n\n<li>Sicherheitsvorkehrungen und Notfallma\u00dfnahmen<\/li>\n\n\n\n<li>Einkaufen<\/li>\n<\/ul>\n<\/div>\n\n\n\n<div class=\"wp-block-column p-3 is-layout-flow wp-block-column-is-layout-flow\"><div class=\"wp-block-image\">\n<figure class=\"aligncenter size-full\"><img decoding=\"async\" width=\"100\" height=\"101\" src=\"https:\/\/neuronup.com\/de\/wp-content\/uploads\/2023\/12\/Icon-Bildung.webp\" alt=\"\" class=\"wp-image-27783\" srcset=\"https:\/\/neuronup.com\/de\/wp-content\/uploads\/2023\/12\/Icon-Bildung-80x80.webp 80w, https:\/\/neuronup.com\/de\/wp-content\/uploads\/2023\/12\/Icon-Bildung.webp 100w\" sizes=\"(max-width: 100px) 100vw, 100px\" \/><\/figure>\n<\/div>\n\n\n<h3 class=\"wp-block-heading has-text-align-center\">Bildung<\/h3>\n\n\n\n<p>Dies sind die Aktivit\u00e4ten, die notwendig sind, um zu lernen und am Bildungsgeschehen teilzunehmen.<\/p>\n\n\n\n<ul class=\"wp-block-list\">\n<li>Teilnahme am Bildungssystem<\/li>\n\n\n\n<li>Herausfinden von pers\u00f6nlichen Interessen im Bereich Bildung<\/li>\n\n\n\n<li>Eigenst\u00e4ndiges Lernen im privaten Bereich.<\/li>\n<\/ul>\n<\/div>\n<\/div>\n\n\n\n<div style=\"height:60px\" aria-hidden=\"true\" class=\"wp-block-spacer\"><\/div>\n\n\n\n<div class=\"wp-block-columns mb-5 is-layout-flex wp-container-core-columns-is-layout-9d6595d7 wp-block-columns-is-layout-flex\">\n<div class=\"wp-block-column br-0101 p-3 is-layout-flow wp-block-column-is-layout-flow\"><div class=\"wp-block-image\">\n<figure class=\"aligncenter size-full\"><img decoding=\"async\" width=\"100\" height=\"101\" src=\"https:\/\/neuronup.com\/de\/wp-content\/uploads\/2023\/12\/Icon-Arbeit.webp\" alt=\"\" class=\"wp-image-27784\" srcset=\"https:\/\/neuronup.com\/de\/wp-content\/uploads\/2023\/12\/Icon-Arbeit-80x80.webp 80w, https:\/\/neuronup.com\/de\/wp-content\/uploads\/2023\/12\/Icon-Arbeit.webp 100w\" sizes=\"(max-width: 100px) 100vw, 100px\" \/><\/figure>\n<\/div>\n\n\n<h3 class=\"wp-block-heading has-text-align-center\">Arbeit<\/h3>\n\n\n\n<p>Dieser Bereich umfasst T\u00e4tigkeiten, die f\u00fcr die Aufnahme einer bezahlten Besch\u00e4ftigung oder einer Freiwilligent\u00e4tigkeit erforderlich sind.<\/p>\n\n\n\n<ul class=\"wp-block-list\">\n<li>Interesse und Arbeitssuche<\/li>\n\n\n\n<li>einen Arbeitsplatz suchen und finden<\/li>\n\n\n\n<li>Aus\u00fcbung der Arbeit<\/li>\n\n\n\n<li>Vorbereitung auf den Ruhestand<\/li>\n\n\n\n<li>Freiwilligenarbeit ausprobieren<\/li>\n\n\n\n<li>Ehrenamtliche Arbeit<\/li>\n<\/ul>\n<\/div>\n\n\n\n<div class=\"wp-block-column br-0101 p-3 has-alt-background-color has-background is-layout-flow wp-block-column-is-layout-flow\"><div class=\"wp-block-image\">\n<figure class=\"aligncenter size-full\"><img decoding=\"async\" width=\"100\" height=\"101\" src=\"https:\/\/neuronup.com\/de\/wp-content\/uploads\/2023\/12\/icon-spiel.webp\" alt=\"\" class=\"wp-image-27785\" srcset=\"https:\/\/neuronup.com\/de\/wp-content\/uploads\/2023\/12\/icon-spiel-80x80.webp 80w, https:\/\/neuronup.com\/de\/wp-content\/uploads\/2023\/12\/icon-spiel.webp 100w\" sizes=\"(max-width: 100px) 100vw, 100px\" \/><\/figure>\n<\/div>\n\n\n<h3 class=\"wp-block-heading has-text-align-center\">Spiele<\/h3>\n\n\n\n<p>Dies sind spontane oder organisierte Aktivit\u00e4ten, die Vergn\u00fcgen, Unterhaltung, Zeitvertreib oder Ablenkung bieten.<\/p>\n\n\n\n<ul class=\"wp-block-list\">\n<li>Entdecken von Spielen<\/li>\n\n\n\n<li>Gruppenspiele<\/li>\n<\/ul>\n<\/div>\n<\/div>\n\n\n\n<div class=\"wp-block-columns is-layout-flex wp-container-core-columns-is-layout-9d6595d7 wp-block-columns-is-layout-flex\">\n<div class=\"wp-block-column br-0101 p-3 has-alt-background-color has-background is-layout-flow wp-block-column-is-layout-flow\"><div class=\"wp-block-image\">\n<figure class=\"aligncenter size-full\"><img decoding=\"async\" width=\"100\" height=\"101\" src=\"https:\/\/neuronup.com\/de\/wp-content\/uploads\/2023\/12\/Icon-Freizeit.webp\" alt=\"\" class=\"wp-image-27786\" srcset=\"https:\/\/neuronup.com\/de\/wp-content\/uploads\/2023\/12\/Icon-Freizeit-80x80.webp 80w, https:\/\/neuronup.com\/de\/wp-content\/uploads\/2023\/12\/Icon-Freizeit.webp 100w\" sizes=\"(max-width: 100px) 100vw, 100px\" \/><\/figure>\n<\/div>\n\n\n<h3 class=\"wp-block-heading has-text-align-center\">Freizeit<\/h3>\n\n\n\n<p>Dieser Bereich bezieht sich auf T\u00e4tigkeiten, die freiwillig gew\u00e4hlt und w\u00e4hrend eines Zeitraums ausge\u00fcbt werden, der sich nicht mit verpflichtenden T\u00e4tigkeiten wie Arbeit, K\u00f6rperpflege oder Schlaf \u00fcberschneidet.<\/p>\n\n\n\n<ul class=\"wp-block-list\">\n<li>Erkundung der Freizeit<\/li>\n\n\n\n<li>Vorbereitung auf die Freizeit<\/li>\n<\/ul>\n<\/div>\n\n\n\n<div class=\"wp-block-column p-3 is-layout-flow wp-block-column-is-layout-flow\"><div class=\"wp-block-image\">\n<figure class=\"aligncenter size-full\"><img decoding=\"async\" width=\"100\" height=\"100\" src=\"https:\/\/neuronup.com\/de\/wp-content\/uploads\/2023\/12\/icon-soziale-partizipation.webp\" alt=\"\" class=\"wp-image-27787\" srcset=\"https:\/\/neuronup.com\/de\/wp-content\/uploads\/2023\/12\/icon-soziale-partizipation-80x80.webp 80w, https:\/\/neuronup.com\/de\/wp-content\/uploads\/2023\/12\/icon-soziale-partizipation.webp 100w\" sizes=\"(max-width: 100px) 100vw, 100px\" \/><\/figure>\n<\/div>\n\n\n<h3 class=\"wp-block-heading has-text-align-center\">Soziale und gesellschaftliche Teilhabe<\/h3>\n\n\n\n<p>Hierbei handelt es sich um Aktivit\u00e4ten, die die aktive und gleichberechtigte Teilnahme eines Individuums am gesellschaftlichen Leben ausmachen. Es umfasst die F\u00e4higkeit, soziale Beziehungen zu kn\u00fcpfen, sich in Gemeinschaften zu engagieren, an kulturellen und sozialen Aktivit\u00e4ten teilzunehmen und einen Beitrag zur Gesellschaft zu leisten.<\/p>\n\n\n\n<ul class=\"wp-block-list\">\n<li>Gemeinschaft\/Gesellschaft<\/li>\n\n\n\n<li>Familie<\/li>\n\n\n\n<li>Partner\/Freund<\/li>\n<\/ul>\n<\/div>\n<\/div>\n\n\n\n<div style=\"height:100px\" aria-hidden=\"true\" class=\"wp-block-spacer\"><\/div>\n\n\n\n<div class=\"wp-block-columns are-vertically-aligned-top is-layout-flex wp-container-core-columns-is-layout-9d6595d7 wp-block-columns-is-layout-flex\">\n<div class=\"wp-block-column is-vertically-aligned-top is-layout-flow wp-block-column-is-layout-flow\">\n<figure class=\"wp-block-video aligncenter image-interface\"><video height=\"600\" style=\"aspect-ratio: 1200 \/ 600;\" width=\"1200\" autoplay loop muted src=\"https:\/\/neuronup.com\/de\/wp-content\/uploads\/2026\/02\/NeuronUP-Aktivitat-Zieh-dich-an-Frau-Vistete-mujer.webm\" playsinline><\/video><figcaption class=\"wp-element-caption\">NeuronUP-Aktivitat &#8211; Zieh dich an (Frau) <\/figcaption><\/figure>\n<\/div>\n\n\n\n<div class=\"wp-block-column is-vertically-aligned-top is-layout-flow wp-block-column-is-layout-flow\">\n<figure class=\"wp-block-video aligncenter image-interface\"><video height=\"600\" style=\"aspect-ratio: 1200 \/ 600;\" width=\"1200\" autoplay loop muted src=\"https:\/\/neuronup.com\/de\/wp-content\/uploads\/2026\/02\/NeuronUP-Aktivitat-Raeum-die-Kueche-auf-Ordena-la-cocina.webm\" playsinline><\/video><figcaption class=\"wp-element-caption\">NeuronUP-Aktivitat &#8211; R\u00e4um die K\u00fcche auf<\/figcaption><\/figure>\n<\/div>\n\n\n\n<div class=\"wp-block-column is-vertically-aligned-top is-layout-flow wp-block-column-is-layout-flow\">\n<figure class=\"wp-block-video aligncenter image-interface\"><video height=\"600\" style=\"aspect-ratio: 1200 \/ 600;\" width=\"1200\" autoplay loop muted src=\"https:\/\/neuronup.com\/de\/wp-content\/uploads\/2026\/02\/NeuronUP-Aktivitat-Recyceln-Sie-Ihren-Muell-Recicla-tu-basura.webm\" playsinline><\/video><figcaption class=\"wp-element-caption\">NeuronUP-Aktivitat &#8211; Recyceln Sie Ihren M\u00fcll<\/figcaption><\/figure>\n<\/div>\n<\/div>\n\n\n\n<div style=\"height:100px\" aria-hidden=\"true\" class=\"wp-block-spacer\"><\/div>\n\n\n<div class=\"wp-block-image image-interface\">\n<figure class=\"aligncenter size-full is-resized\"><img decoding=\"async\" width=\"1200\" height=\"831\" src=\"https:\/\/neuronup.com\/de\/wp-content\/uploads\/2026\/03\/AKTIVITAeTEN-DES-TAeGLICHEN-LEBENS-BETAeTIGUNGSBEREICHE.webp\" alt=\"AKTIVIT\u00c4TEN DES T\u00c4GLICHEN LEBENS - BET\u00c4TIGUNGSBEREICHE\" class=\"wp-image-46463\" style=\"width:800px\" srcset=\"https:\/\/neuronup.com\/de\/wp-content\/uploads\/2026\/03\/AKTIVITAeTEN-DES-TAeGLICHEN-LEBENS-BETAeTIGUNGSBEREICHE-300x208.webp 300w, https:\/\/neuronup.com\/de\/wp-content\/uploads\/2026\/03\/AKTIVITAeTEN-DES-TAeGLICHEN-LEBENS-BETAeTIGUNGSBEREICHE-768x532.webp 768w, https:\/\/neuronup.com\/de\/wp-content\/uploads\/2026\/03\/AKTIVITAeTEN-DES-TAeGLICHEN-LEBENS-BETAeTIGUNGSBEREICHE-1024x709.webp 1024w, https:\/\/neuronup.com\/de\/wp-content\/uploads\/2026\/03\/AKTIVITAeTEN-DES-TAeGLICHEN-LEBENS-BETAeTIGUNGSBEREICHE.webp 1200w\" sizes=\"(max-width: 1200px) 100vw, 1200px\" \/><\/figure>\n<\/div>\n\n\n<div style=\"height:100px\" aria-hidden=\"true\" class=\"wp-block-spacer\"><\/div>\n\n\n\n<h3 class=\"wp-block-heading\">Das k\u00f6nnte dich interessieren:<\/h3>\n\n\n<div class=\"mai-grid entries entries-grid has-boxed has-image-left-full\" style=\"--entry-title-font-size:var(--font-size-lg);--aspect-ratio:4\/3;--entry-image-link-max-width:25%;--align-text:start;--align-text-vertical:unset;--entry-meta-text-align:start;\"><div class=\"entries-wrap has-columns has-image-stack\" style=\"--columns-xs:1\/1;--columns-sm:1\/1;--columns-md:1\/1;--columns-lg:1\/1;--flex-xs:0 0 var(--flex-basis);--flex-sm:0 0 var(--flex-basis);--flex-md:0 0 var(--flex-basis);--flex-lg:0 0 var(--flex-basis);--column-gap:var(--spacing-lg);--row-gap:var(--spacing-lg);--align-columns:start;\"><article class=\"entry entry-grid is-column has-entry-link has-image has-image-first type-post category-aktivitaten-des-taglichen-lebens-adls tag-aktivitaten-des-taglichen-lebens tag-aktivitaten-zur-kognitiven-stimulation\" style=\"--entry-index:1;\" aria-label=\"Aktivit\u00e4ten des t\u00e4glichen Lebens (ATL): Definition, Klassifikation und \u00dcbungen\" itemscope itemtype=\"https:\/\/schema.org\/CreativeWork\"><a class=\"entry-image-link\" href=\"https:\/\/neuronup.com\/de\/aktivitaten-fur-neurorehabilitation\/aktivitaten-des-taglichen-lebens-adls\/aktivitaten-des-taglichen-lebens-atls-definition-klassifikation-und-ubungen\/\" tabindex=\"-1\" aria-hidden=\"true\"><img decoding=\"async\" width=\"400\" height=\"269\" src=\"https:\/\/neuronup.com\/de\/wp-content\/uploads\/2022\/03\/activida-de-la-vida-diaria-de-NeuronUP-Ordena-la-cocina-1.webp\" class=\"entry-image size-landscape-sm\" alt=\"tagesaktivit\u00e4t von NeuronUP K\u00fcche ordnen\" srcset=\"https:\/\/neuronup.com\/de\/wp-content\/uploads\/2022\/03\/activida-de-la-vida-diaria-de-NeuronUP-Ordena-la-cocina-1-300x202.webp 300w, https:\/\/neuronup.com\/de\/wp-content\/uploads\/2022\/03\/activida-de-la-vida-diaria-de-NeuronUP-Ordena-la-cocina-1-768x516.webp 768w, https:\/\/neuronup.com\/de\/wp-content\/uploads\/2022\/03\/activida-de-la-vida-diaria-de-NeuronUP-Ordena-la-cocina-1-1024x688.webp 1024w, https:\/\/neuronup.com\/de\/wp-content\/uploads\/2022\/03\/activida-de-la-vida-diaria-de-NeuronUP-Ordena-la-cocina-1.webp 1200w\" sizes=\"(max-width:599px) 599px, (min-width:600px) and (max-width: 799px) 199.75px, (min-width:800px) and (max-width: 999px) 249.75px, (min-width:1000px) 300px\" \/><\/a><div class=\"entry-wrap entry-wrap-grid\"><h3 class=\"entry-title\" itemprop=\"headline\"><a class=\"entry-title-link\" href=\"https:\/\/neuronup.com\/de\/aktivitaten-fur-neurorehabilitation\/aktivitaten-des-taglichen-lebens-adls\/aktivitaten-des-taglichen-lebens-atls-definition-klassifikation-und-ubungen\/\" rel=\"bookmark\">Aktivit\u00e4ten des t\u00e4glichen Lebens (ATL): Definition, Klassifikation und \u00dcbungen<\/a><\/h3>\n<div class=\"entry-excerpt\"><p>Wei\u00dft du, was die Aktivit\u00e4ten des t\u00e4glichen Lebens sind? Kennst du den Unterschied zwischen grundlegenden und instrumentellen Aktivit\u00e4ten? Wei\u00dft du, wie man sie trainiert? Was sind Aktivit\u00e4ten des t\u00e4glichen Lebens (ATL)? Die Aktivit\u00e4ten des t\u00e4glichen Lebens (ATL) umfassen alle t\u00e4glichen Verrichtungen, die f\u00fcr eine Person einen konkreten Wert und Sinn haben und zudem einen Zweck &hellip;<\/p>\n<\/div><div class=\"entry-more\"><a class=\"entry-more-link button button-secondary button-small\" href=\"https:\/\/neuronup.com\/de\/aktivitaten-fur-neurorehabilitation\/aktivitaten-des-taglichen-lebens-adls\/aktivitaten-des-taglichen-lebens-atls-definition-klassifikation-und-ubungen\/\">Vollst\u00e4ndigen Artikel lesen<span class=\"screen-reader-text\">Aktivit\u00e4ten des t\u00e4glichen Lebens (ATL): Definition, Klassifikation und \u00dcbungen<\/span><\/a><\/div><\/div><\/article><article class=\"entry entry-grid is-column has-entry-link has-image has-image-first type-post category-aktivitaten-des-taglichen-lebens-adls tag-aktivitaten-des-taglichen-lebens tag-aktivitaten-zur-kognitiven-stimulation tag-aufmerksamkeit tag-exekutive-funktionen tag-gedachtnis tag-orientierung\" style=\"--entry-index:2;\" aria-label=\"Instrumentelle Aktivit\u00e4ten des t\u00e4glichen Lebens: Was sie sind, Typen und Beispiele\" itemscope itemtype=\"https:\/\/schema.org\/CreativeWork\"><a class=\"entry-image-link\" href=\"https:\/\/neuronup.com\/de\/aktivitaten-fur-neurorehabilitation\/aktivitaten-des-taglichen-lebens-adls\/instrumentelle-aktivitaten-des-taglichen-lebens-was-sind-typen-und-beispiele\/\" tabindex=\"-1\" aria-hidden=\"true\"><img decoding=\"async\" width=\"400\" height=\"297\" src=\"https:\/\/neuronup.com\/de\/wp-content\/uploads\/2022\/06\/Actividades-instrumentales-de-la-vida-diaria.-Actividad-de-NeuronUP-Recicla-tu-basura.webp\" class=\"entry-image size-landscape-sm\" alt=\"Instrumentelle Aktivit\u00e4ten des t\u00e4glichen Lebens. NeuronUP Aktivit\u00e4t: Recycle deinen M\u00fcll\" srcset=\"https:\/\/neuronup.com\/de\/wp-content\/uploads\/2022\/06\/Actividades-instrumentales-de-la-vida-diaria.-Actividad-de-NeuronUP-Recicla-tu-basura-300x223.webp 300w, https:\/\/neuronup.com\/de\/wp-content\/uploads\/2022\/06\/Actividades-instrumentales-de-la-vida-diaria.-Actividad-de-NeuronUP-Recicla-tu-basura-768x570.webp 768w, https:\/\/neuronup.com\/de\/wp-content\/uploads\/2022\/06\/Actividades-instrumentales-de-la-vida-diaria.-Actividad-de-NeuronUP-Recicla-tu-basura.webp 879w\" sizes=\"(max-width:599px) 599px, (min-width:600px) and (max-width: 799px) 199.75px, (min-width:800px) and (max-width: 999px) 249.75px, (min-width:1000px) 300px\" \/><\/a><div class=\"entry-wrap entry-wrap-grid\"><h3 class=\"entry-title\" itemprop=\"headline\"><a class=\"entry-title-link\" href=\"https:\/\/neuronup.com\/de\/aktivitaten-fur-neurorehabilitation\/aktivitaten-des-taglichen-lebens-adls\/instrumentelle-aktivitaten-des-taglichen-lebens-was-sind-typen-und-beispiele\/\" rel=\"bookmark\">Instrumentelle Aktivit\u00e4ten des t\u00e4glichen Lebens: Was sie sind, Typen und Beispiele<\/a><\/h3>\n<div class=\"entry-excerpt\"><p>Alltagsaktivit\u00e4ten sind solche T\u00e4tigkeiten, die die Unabh\u00e4ngigkeit einer Person sowie ihre Anpassung an die Umgebung f\u00f6rdern. Tats\u00e4chlich gibt es drei Typen:&nbsp;grundlegende, instrumentelle und erweiterte. Was sind instrumentelle Alltagsaktivit\u00e4ten? Dabei handelt es sich um T\u00e4tigkeiten, die auf die Interaktion mit der Umwelt ausgerichtet sind, h\u00e4ufig komplex und in der Regel optional, da sie an andere delegiert &hellip;<\/p>\n<\/div><div class=\"entry-more\"><a class=\"entry-more-link button button-secondary button-small\" href=\"https:\/\/neuronup.com\/de\/aktivitaten-fur-neurorehabilitation\/aktivitaten-des-taglichen-lebens-adls\/instrumentelle-aktivitaten-des-taglichen-lebens-was-sind-typen-und-beispiele\/\">Vollst\u00e4ndigen Artikel lesen<span class=\"screen-reader-text\">Instrumentelle Aktivit\u00e4ten des t\u00e4glichen Lebens: Was sie sind, Typen und Beispiele<\/span><\/a><\/div><\/div><\/article><\/div><\/div>","protected":false},"excerpt":{"rendered":"<p>Aktivit\u00e4ten des t\u00e4glichen Lebens (ATL) Die Aktivit\u00e4ten des t\u00e4glichen Lebens umfassen alle Grundbed\u00fcrfnisse des t\u00e4glichen Lebens, die f\u00fcr eine Person einen konkreten Wert und Sinn haben und zielgerichtet sind. Arten von Aktivit\u00e4ten des t\u00e4glichen Lebens Die ATL&#8217;s sind von zentraler Bedeutung f\u00fcr die Identit\u00e4t und die F\u00e4higkeiten einer Person und beeinflussen die Art, wie man &hellip;<\/p>\n","protected":false},"author":3,"featured_media":27788,"parent":1352,"menu_order":0,"comment_status":"closed","ping_status":"closed","template":"","meta":{"_acf_changed":false,"_genesis_hide_title":false,"_genesis_hide_breadcrumbs":false,"_genesis_hide_singular_image":false,"_genesis_hide_footer_widgets":false,"_genesis_custom_body_class":"nup-style","_genesis_custom_post_class":"nup-style","_genesis_layout":"wide-content","footnotes":""},"class_list":{"1":"page","2":"type-page","6":"entry","7":"nup-style"},"acf":[],"_links":{"self":[{"href":"https:\/\/neuronup.com\/de\/wp-json\/wp\/v2\/pages\/1523","targetHints":{"allow":["GET"]}}],"collection":[{"href":"https:\/\/neuronup.com\/de\/wp-json\/wp\/v2\/pages"}],"about":[{"href":"https:\/\/neuronup.com\/de\/wp-json\/wp\/v2\/types\/page"}],"author":[{"embeddable":true,"href":"https:\/\/neuronup.com\/de\/wp-json\/wp\/v2\/users\/3"}],"replies":[{"embeddable":true,"href":"https:\/\/neuronup.com\/de\/wp-json\/wp\/v2\/comments?post=1523"}],"version-history":[{"count":0,"href":"https:\/\/neuronup.com\/de\/wp-json\/wp\/v2\/pages\/1523\/revisions"}],"up":[{"embeddable":true,"href":"https:\/\/neuronup.com\/de\/wp-json\/wp\/v2\/pages\/1352"}],"wp:featuredmedia":[{"embeddable":true,"href":"https:\/\/neuronup.com\/de\/wp-json\/wp\/v2\/media\/27788"}],"wp:attachment":[{"href":"https:\/\/neuronup.com\/de\/wp-json\/wp\/v2\/media?parent=1523"}],"curies":[{"name":"wp","href":"https:\/\/api.w.org\/{rel}","templated":true}]}}