{"id":1492,"date":"2021-06-01T16:29:58","date_gmt":"2021-06-01T16:29:58","guid":{"rendered":"https:\/\/neuronup.com\/de\/?page_id=1492"},"modified":"2025-02-28T08:12:48","modified_gmt":"2025-02-28T06:12:48","slug":"visuell-raumliche-fahigkeiten","status":"publish","type":"page","link":"https:\/\/neuronup.com\/de\/einsatzbereiche\/kognitive-funktionen\/visuell-raumliche-fahigkeiten\/","title":{"rendered":"Visuell-r\u00e4umliche F\u00e4higkeiten"},"content":{"rendered":"\n<div class=\"wp-block-columns is-layout-flex wp-container-core-columns-is-layout-9d6595d7 wp-block-columns-is-layout-flex\">\n<div class=\"wp-block-column pr-5 is-layout-flow wp-block-column-is-layout-flow\" style=\"flex-basis:66.66%\">\n<p class=\"is-style-subheading\">IN BEZUG AUF DIE VISUELL-R\u00c4UMLICHEN F\u00c4HIGKEITEN GIBT ES ZWEI WICHTIGE KONZEPTE:<\/p>\n\n\n\n<ul class=\"wp-block-list\">\n<li><strong>r\u00e4umliche Beziehung:<\/strong> Die F\u00e4higkeit, sich zweidimensionale Objekte gedanklich vorzustellen und zu steuern<\/li>\n\n\n\n<li><strong>r\u00e4umliches Vorstellungsverm\u00f6gen:<\/strong> Die F\u00e4higkeit, sich dreidimensionale Objekte gedanklich vorzustellen und zu steuern<\/li>\n<\/ul>\n\n\n\n<h2 class=\"wp-block-heading\">Wozu dienen visuell-r\u00e4umliche F\u00e4higkeiten?<\/h2>\n\n\n\n<p>R\u00e4umlich-visuelle F\u00e4higkeiten sind in unserem t\u00e4glichen Leben sehr n\u00fctzlich. Dank ihnen k\u00f6nnen wir den Abstand zwischen zwei Objekten kontrollieren, was z. B. beim Einparken sehr hilfreich sein kann, um den Abstand zwischen unserem Auto und den Hindernissen in seiner Umgebung zu kontrollieren. Wir nutzen visuell-r\u00e4umliche F\u00e4higkeiten auch, wenn wir uns einen Ort oder eine Richtung vorstellen, \u00fcber die gesprochen wird, oder wenn wir Objekte vor der tats\u00e4chlichen Handlung gedanklich drehen, um zu wissen, wie sie dann aussehen.<\/p>\n\n\n\n<h2 class=\"wp-block-heading\">NeuronUP-\u00dcbungen zur Rehabilitation der visuell-r\u00e4umlichen F\u00e4higkeiten<\/h2>\n\n\n\n<p>Hier sehen Sie zwei Beispiele f\u00fcr \u00dcbungen zu r\u00e4umlichen Beziehungen: Die erste \u00dcbung besteht darin, den genauen Zeitpunkt zu berechnen, zu dem ein Element (die Kugel) einen bestimmten Punkt durchl\u00e4uft. Die zweite \u00dcbung zeigt eine Aktivit\u00e4t zur r\u00e4umlichen Visualisierung, bei der man sich vorstellen soll, wie die W\u00fcrfel angeordnet w\u00e4ren, nachdem einige von ihnen verschoben wurden.<\/p>\n\n\n\n<figure class=\"wp-block-image size-full\"><img decoding=\"async\" width=\"600\" height=\"358\" src=\"https:\/\/neuronup.com\/de\/wp-content\/uploads\/2023\/12\/visuell-raumliches-Spiel.webp\" alt=\"visuell-raumliches-Spiel\" class=\"wp-image-27776\" srcset=\"https:\/\/neuronup.com\/de\/wp-content\/uploads\/2023\/12\/visuell-raumliches-Spiel-300x179.webp 300w, https:\/\/neuronup.com\/de\/wp-content\/uploads\/2023\/12\/visuell-raumliches-Spiel.webp 600w\" sizes=\"(max-width: 600px) 100vw, 600px\" \/><\/figure>\n<\/div>\n\n\n\n<div class=\"wp-block-column is-vertically-aligned-top sticky is-layout-flow wp-block-column-is-layout-flow\" style=\"flex-basis:33.33%\">\n<div class=\"wp-block-buttons is-layout-flex wp-block-buttons-is-layout-flex\">\n<div class=\"wp-block-button\"><a class=\"wp-block-button__link button wp-element-button\" href=\"https:\/\/neuronup.com\/de\/einsatzbereiche\/kognitive-funktionen\/orientierung\/\">Orientierung<\/a><\/div>\n\n\n\n<div class=\"wp-block-button\"><a class=\"wp-block-button__link button wp-element-button\" href=\"https:\/\/neuronup.com\/de\/einsatzbereiche\/kognitive-funktionen\/gnosis\/\">Gnosis<\/a><\/div>\n\n\n\n<div class=\"wp-block-button\"><a class=\"wp-block-button__link button wp-element-button\" href=\"https:\/\/neuronup.com\/de\/einsatzbereiche\/kognitive-funktionen\/aufmerksamkeit\/\">Aufmerksamkeit<\/a><\/div>\n\n\n\n<div class=\"wp-block-button\"><a class=\"wp-block-button__link button wp-element-button\" href=\"https:\/\/neuronup.com\/de\/einsatzbereiche\/kognitive-funktionen\/exekutive-funktionen\/\">Exekutive Funktionen<\/a><\/div>\n\n\n\n<div class=\"wp-block-button\"><a class=\"wp-block-button__link button wp-element-button\" href=\"https:\/\/neuronup.com\/de\/einsatzbereiche\/kognitive-funktionen\/praxie\/\">Praxie<\/a><\/div>\n\n\n\n<div class=\"wp-block-button\"><a class=\"wp-block-button__link button wp-element-button\" href=\"https:\/\/neuronup.com\/de\/einsatzbereiche\/kognitive-funktionen\/sprache\/\">Sprache<\/a><\/div>\n\n\n\n<div class=\"wp-block-button\"><a class=\"wp-block-button__link button wp-element-button\" href=\"https:\/\/neuronup.com\/de\/einsatzbereiche\/kognitive-funktionen\/gedachtnis\/\">Ged\u00e4chtnis<\/a><\/div>\n\n\n\n<div class=\"wp-block-button\"><a class=\"wp-block-button__link button wp-element-button\" href=\"https:\/\/neuronup.com\/de\/einsatzbereiche\/kognitive-funktionen\/soziale-kognition\/\">Soziale Kognition<\/a><\/div>\n\n\n\n<div class=\"wp-block-button\"><a class=\"wp-block-button__link button wp-element-button\" href=\"https:\/\/neuronup.com\/de\/einsatzbereiche\/kognitive-funktionen\/visuell-raumliche-fahigkeiten\/\"><strong>Visuell-r\u00e4umliche F\u00e4higkeiten<\/strong><\/a><\/div>\n<\/div>\n<\/div>\n<\/div>\n","protected":false},"excerpt":{"rendered":"<p>IN BEZUG AUF DIE VISUELL-R\u00c4UMLICHEN F\u00c4HIGKEITEN GIBT ES ZWEI WICHTIGE KONZEPTE: Wozu dienen visuell-r\u00e4umliche F\u00e4higkeiten? R\u00e4umlich-visuelle F\u00e4higkeiten sind in unserem t\u00e4glichen Leben sehr n\u00fctzlich. Dank ihnen k\u00f6nnen wir den Abstand zwischen zwei Objekten kontrollieren, was z. B. beim Einparken sehr hilfreich sein kann, um den Abstand zwischen unserem Auto und den Hindernissen in seiner Umgebung &hellip;<\/p>\n","protected":false},"author":1,"featured_media":27778,"parent":1350,"menu_order":0,"comment_status":"closed","ping_status":"closed","template":"","meta":{"_acf_changed":false,"_genesis_hide_title":false,"_genesis_hide_breadcrumbs":false,"_genesis_hide_singular_image":false,"_genesis_hide_footer_widgets":false,"_genesis_custom_body_class":"nup-style","_genesis_custom_post_class":"nup-style","_genesis_layout":"wide-content","footnotes":""},"class_list":{"1":"page","2":"type-page","6":"entry","7":"nup-style"},"acf":[],"_links":{"self":[{"href":"https:\/\/neuronup.com\/de\/wp-json\/wp\/v2\/pages\/1492","targetHints":{"allow":["GET"]}}],"collection":[{"href":"https:\/\/neuronup.com\/de\/wp-json\/wp\/v2\/pages"}],"about":[{"href":"https:\/\/neuronup.com\/de\/wp-json\/wp\/v2\/types\/page"}],"author":[{"embeddable":true,"href":"https:\/\/neuronup.com\/de\/wp-json\/wp\/v2\/users\/1"}],"replies":[{"embeddable":true,"href":"https:\/\/neuronup.com\/de\/wp-json\/wp\/v2\/comments?post=1492"}],"version-history":[{"count":0,"href":"https:\/\/neuronup.com\/de\/wp-json\/wp\/v2\/pages\/1492\/revisions"}],"up":[{"embeddable":true,"href":"https:\/\/neuronup.com\/de\/wp-json\/wp\/v2\/pages\/1350"}],"wp:featuredmedia":[{"embeddable":true,"href":"https:\/\/neuronup.com\/de\/wp-json\/wp\/v2\/media\/27778"}],"wp:attachment":[{"href":"https:\/\/neuronup.com\/de\/wp-json\/wp\/v2\/media?parent=1492"}],"curies":[{"name":"wp","href":"https:\/\/api.w.org\/{rel}","templated":true}]}}