{"id":1489,"date":"2021-06-01T16:26:28","date_gmt":"2021-06-01T16:26:28","guid":{"rendered":"https:\/\/neuronup.com\/de\/?page_id=1489"},"modified":"2025-02-28T08:12:06","modified_gmt":"2025-02-28T06:12:06","slug":"soziale-kognition","status":"publish","type":"page","link":"https:\/\/neuronup.com\/de\/einsatzbereiche\/kognitive-funktionen\/soziale-kognition\/","title":{"rendered":"Soziale Kognition"},"content":{"rendered":"\n<div class=\"wp-block-columns is-layout-flex wp-container-core-columns-is-layout-9d6595d7 wp-block-columns-is-layout-flex\">\n<div class=\"wp-block-column is-layout-flow wp-block-column-is-layout-flow\" style=\"flex-basis:66.66%\">\n<p>Unter sozialer Kognition verstehen wir also unsere Gedanken \u00fcber die sozialen Beziehungen, die wir im Laufe unseres Lebens unterhalten. Wenn wir soziale Beziehungen aufbauen, speichern wir in unserem Gehirn Informationen \u00fcber unsere Erfahrungen. Die Interpretation dieser Informationen bestimmt unser zuk\u00fcnftiges soziales Verhalten.<\/p>\n\n\n\n<h3 class=\"wp-block-heading\">Wozu dient die soziale Kognition?<\/h3>\n\n\n\n<p>Dank der sozialen Kognition sind wir in der Lage, die Emotionen anderer Menschen zu interpretieren und dar\u00fcber nachzudenken, warum sie gl\u00fccklich oder traurig sein k\u00f6nnten. Au\u00dferdem k\u00f6nnen wir uns in einer bestimmten Situation in ihre Lage versetzen, um zu wissen, was sie denken k\u00f6nnten oder wie sie reagieren werden, wenn wir etwas Bestimmtes tun oder sagen.<\/p>\n\n\n\n<h3 class=\"wp-block-heading\">NeuronUP-\u00dcbungen zur Rehabilitation der sozialen Kognition<\/h3>\n\n\n\n<p>Hier sehen Sie zwei sehr n\u00fctzliche \u00dcbungen, die Sie bei NeuronUP f\u00fcr die Verbesserung der sozialen Kognition finden k\u00f6nnen: Bei der ersten \u00dcbung (Bild links) geht es darum, festzustellen, welche Reaktion in bestimmten Situationen die richtige ist. Die zweite Aufgabe (Bild rechts) besteht darin, die auf den Fotos dargestellten Emotionen zu erkennen.<\/p>\n\n\n\n<figure class=\"wp-block-image size-full image-interface\"><img decoding=\"async\" width=\"600\" height=\"358\" src=\"https:\/\/neuronup.com\/de\/wp-content\/uploads\/2023\/12\/Spiel-zur-sozialen-Kognition.webp\" alt=\"Spiel zur sozialen Kognition\" class=\"wp-image-27757\" srcset=\"https:\/\/neuronup.com\/de\/wp-content\/uploads\/2023\/12\/Spiel-zur-sozialen-Kognition-300x179.webp 300w, https:\/\/neuronup.com\/de\/wp-content\/uploads\/2023\/12\/Spiel-zur-sozialen-Kognition.webp 600w\" sizes=\"(max-width: 600px) 100vw, 600px\" \/><\/figure>\n\n\n\n\n<div class=\"mai-grid entries entries-grid has-boxed has-image-full\" style=\"--entry-title-font-size:var(--font-size-lg);--align-text:start;--entry-meta-text-align:start;\"><div class=\"entries-wrap has-columns\" style=\"--columns-xs:1\/1;--columns-sm:1\/2;--columns-md:1\/2;--columns-lg:1\/2;--flex-xs:0 0 var(--flex-basis);--flex-sm:0 0 var(--flex-basis);--flex-md:0 0 var(--flex-basis);--flex-lg:0 0 var(--flex-basis);--column-gap:var(--spacing-lg);--row-gap:var(--spacing-lg);--align-columns:start;\"><article class=\"entry entry-grid is-column has-entry-link has-image has-image-first type-post category-aktivitaten-zur-sozialen-kognition tag-aktivitaten-zur-kognitiven-stimulation tag-aktivitaten-zur-kognitiven-stimulation-fur-kinder tag-autismus tag-neuronup-nachrichten tag-soziale-kognition\" style=\"--entry-index:1;\" aria-label=\"Aktivit\u00e4ten zur F\u00f6rderung der Theory of Mind bei Kindern\" itemscope itemtype=\"https:\/\/schema.org\/CreativeWork\"><a class=\"entry-image-link\" href=\"https:\/\/neuronup.com\/de\/aktivitaten-fur-neurorehabilitation\/aktivitaten-fur-kognitive-funktionen\/aktivitaten-zur-sozialen-kognition\/aktivitaten-zur-forderung-der-theorie-des-geistes-bei-kindern\/\" tabindex=\"-1\" aria-hidden=\"true\"><img decoding=\"async\" width=\"400\" height=\"232\" src=\"https:\/\/neuronup.com\/de\/wp-content\/uploads\/2023\/10\/Actividades-para-trabajar-la-Teoria-de-la-Mente-con-ninos.webp\" class=\"entry-image size-landscape-sm\" alt=\"Aktivit\u00e4ten zur F\u00f6rderung der Theorie des Geistes bei Kindern\" srcset=\"https:\/\/neuronup.com\/de\/wp-content\/uploads\/2023\/10\/Actividades-para-trabajar-la-Teoria-de-la-Mente-con-ninos-300x174.webp 300w, https:\/\/neuronup.com\/de\/wp-content\/uploads\/2023\/10\/Actividades-para-trabajar-la-Teoria-de-la-Mente-con-ninos-768x446.webp 768w, https:\/\/neuronup.com\/de\/wp-content\/uploads\/2023\/10\/Actividades-para-trabajar-la-Teoria-de-la-Mente-con-ninos-1024x595.webp 1024w, https:\/\/neuronup.com\/de\/wp-content\/uploads\/2023\/10\/Actividades-para-trabajar-la-Teoria-de-la-Mente-con-ninos.webp 1200w\" sizes=\"(max-width:599px) 599px, (min-width:600px) and (max-width: 799px) 399.5px, (min-width:800px) and (max-width: 999px) 499.5px, (min-width:1000px) 600px\" \/><\/a><div class=\"entry-wrap entry-wrap-grid\"><h3 class=\"entry-title\" itemprop=\"headline\"><a class=\"entry-title-link\" href=\"https:\/\/neuronup.com\/de\/aktivitaten-fur-neurorehabilitation\/aktivitaten-fur-kognitive-funktionen\/aktivitaten-zur-sozialen-kognition\/aktivitaten-zur-forderung-der-theorie-des-geistes-bei-kindern\/\" rel=\"bookmark\">Aktivit\u00e4ten zur F\u00f6rderung der Theory of Mind bei Kindern<\/a><\/h3>\n<\/div><\/article><article class=\"entry entry-grid is-column has-entry-link has-image has-image-first type-post category-aktivitaten-zur-sozialen-kognition tag-aktivitaten-zur-kognitiven-stimulation tag-aktivitaten-zur-kognitiven-stimulation-fur-kinder tag-emotionale-intelligenz tag-kinder tag-neuronup-nachrichten tag-soziale-kognition\" style=\"--entry-index:2;\" aria-label=\"Arbeitsblatt zur F\u00f6rderung der emotionalen Intelligenz bei Kindern: Welches Bild passt zu welchem Wort?\" itemscope itemtype=\"https:\/\/schema.org\/CreativeWork\"><a class=\"entry-image-link\" href=\"https:\/\/neuronup.com\/de\/aktivitaten-fur-neurorehabilitation\/aktivitaten-fur-kognitive-funktionen\/aktivitaten-zur-sozialen-kognition\/arbeitsblatt-zur-forderung-der-emotionalen-intelligenz-bei-kindern\/\" tabindex=\"-1\" aria-hidden=\"true\"><img decoding=\"async\" width=\"400\" height=\"269\" src=\"https:\/\/neuronup.com\/de\/wp-content\/uploads\/2022\/05\/que-foto-va-con-cada-palabra-1.webp\" class=\"entry-image size-landscape-sm\" alt=\"Arbeitsblatt zur F\u00f6rderung der emotionalen Intelligenz: Welches Foto passt zu jedem Wort\" srcset=\"https:\/\/neuronup.com\/de\/wp-content\/uploads\/2022\/05\/que-foto-va-con-cada-palabra-1-300x202.webp 300w, https:\/\/neuronup.com\/de\/wp-content\/uploads\/2022\/05\/que-foto-va-con-cada-palabra-1-768x517.webp 768w, https:\/\/neuronup.com\/de\/wp-content\/uploads\/2022\/05\/que-foto-va-con-cada-palabra-1-1024x689.webp 1024w, https:\/\/neuronup.com\/de\/wp-content\/uploads\/2022\/05\/que-foto-va-con-cada-palabra-1.webp 1200w\" sizes=\"(max-width:599px) 599px, (min-width:600px) and (max-width: 799px) 399.5px, (min-width:800px) and (max-width: 999px) 499.5px, (min-width:1000px) 600px\" \/><\/a><div class=\"entry-wrap entry-wrap-grid\"><h3 class=\"entry-title\" itemprop=\"headline\"><a class=\"entry-title-link\" href=\"https:\/\/neuronup.com\/de\/aktivitaten-fur-neurorehabilitation\/aktivitaten-fur-kognitive-funktionen\/aktivitaten-zur-sozialen-kognition\/arbeitsblatt-zur-forderung-der-emotionalen-intelligenz-bei-kindern\/\" rel=\"bookmark\">Arbeitsblatt zur F\u00f6rderung der emotionalen Intelligenz bei Kindern: Welches Bild passt zu welchem Wort?<\/a><\/h3>\n<\/div><\/article><article class=\"entry entry-grid is-column has-entry-link has-image has-image-first type-post category-aktivitaten-zur-sozialen-kognition tag-aktivitaten-zur-kognitiven-stimulation tag-emotionale-intelligenz tag-soziale-kognition\" style=\"--entry-index:3;\" aria-label=\"Aktivit\u00e4ten zur sozialen Kognition f\u00fcr die Arbeit mit Erwachsenen\" itemscope itemtype=\"https:\/\/schema.org\/CreativeWork\"><a class=\"entry-image-link\" href=\"https:\/\/neuronup.com\/de\/aktivitaten-fur-neurorehabilitation\/aktivitaten-fur-kognitive-funktionen\/aktivitaten-zur-sozialen-kognition\/aktivitaeten-der-sozialkognition-zur-arbeit-mit-erwachsenen\/\" tabindex=\"-1\" aria-hidden=\"true\"><img decoding=\"async\" width=\"400\" height=\"246\" src=\"https:\/\/neuronup.com\/de\/wp-content\/uploads\/2022\/09\/Actividades-de-cognicion-social.webp\" class=\"entry-image size-landscape-sm\" alt=\"Soziale Kognition Aktivit\u00e4ten zur Arbeit mit Erwachsenen\" srcset=\"https:\/\/neuronup.com\/de\/wp-content\/uploads\/2022\/09\/Actividades-de-cognicion-social-300x185.webp 300w, https:\/\/neuronup.com\/de\/wp-content\/uploads\/2022\/09\/Actividades-de-cognicion-social-768x473.webp 768w, https:\/\/neuronup.com\/de\/wp-content\/uploads\/2022\/09\/Actividades-de-cognicion-social-1024x631.webp 1024w, https:\/\/neuronup.com\/de\/wp-content\/uploads\/2022\/09\/Actividades-de-cognicion-social.webp 1205w\" sizes=\"(max-width:599px) 599px, (min-width:600px) and (max-width: 799px) 399.5px, (min-width:800px) and (max-width: 999px) 499.5px, (min-width:1000px) 600px\" \/><\/a><div class=\"entry-wrap entry-wrap-grid\"><h3 class=\"entry-title\" itemprop=\"headline\"><a class=\"entry-title-link\" href=\"https:\/\/neuronup.com\/de\/aktivitaten-fur-neurorehabilitation\/aktivitaten-fur-kognitive-funktionen\/aktivitaten-zur-sozialen-kognition\/aktivitaeten-der-sozialkognition-zur-arbeit-mit-erwachsenen\/\" rel=\"bookmark\">Aktivit\u00e4ten zur sozialen Kognition f\u00fcr die Arbeit mit Erwachsenen<\/a><\/h3>\n<\/div><\/article><article class=\"entry entry-grid is-column has-entry-link has-image has-image-first type-post category-aktivitaten-zur-sozialen-kognition tag-aktivitaten-zur-kognitiven-stimulation tag-aktivitaten-zur-kognitiven-stimulation-fur-kinder tag-emotionale-intelligenz tag-kinder tag-neuronup-nachrichten tag-soziale-kognition\" style=\"--entry-index:4;\" aria-label=\"Aktivit\u00e4t, um zu lernen, wie man in jeder Situation Emotionen ausdr\u00fcckt\" itemscope itemtype=\"https:\/\/schema.org\/CreativeWork\"><a class=\"entry-image-link\" href=\"https:\/\/neuronup.com\/de\/aktivitaten-fur-neurorehabilitation\/aktivitaten-fur-kognitive-funktionen\/aktivitaten-zur-sozialen-kognition\/aktivitat-um-zu-lernen-wie-man-gefuhle-in-jeder-situation-ausdruckt\/\" tabindex=\"-1\" aria-hidden=\"true\"><img decoding=\"async\" width=\"400\" height=\"278\" src=\"https:\/\/neuronup.com\/de\/wp-content\/uploads\/2022\/09\/Actividad-para-aprender-como-expresar-emociones-en-cada-situacion.webp\" class=\"entry-image size-landscape-sm\" alt=\"Aktivit\u00e4t zum Lernen, wie man Emotionen in jeder Situation ausdr\u00fcckt.\" srcset=\"https:\/\/neuronup.com\/de\/wp-content\/uploads\/2022\/09\/Actividad-para-aprender-como-expresar-emociones-en-cada-situacion-300x209.webp 300w, https:\/\/neuronup.com\/de\/wp-content\/uploads\/2022\/09\/Actividad-para-aprender-como-expresar-emociones-en-cada-situacion-768x534.webp 768w, https:\/\/neuronup.com\/de\/wp-content\/uploads\/2022\/09\/Actividad-para-aprender-como-expresar-emociones-en-cada-situacion-1024x712.webp 1024w, https:\/\/neuronup.com\/de\/wp-content\/uploads\/2022\/09\/Actividad-para-aprender-como-expresar-emociones-en-cada-situacion.webp 1200w\" sizes=\"(max-width:599px) 599px, (min-width:600px) and (max-width: 799px) 399.5px, (min-width:800px) and (max-width: 999px) 499.5px, (min-width:1000px) 600px\" \/><\/a><div class=\"entry-wrap entry-wrap-grid\"><h3 class=\"entry-title\" itemprop=\"headline\"><a class=\"entry-title-link\" href=\"https:\/\/neuronup.com\/de\/aktivitaten-fur-neurorehabilitation\/aktivitaten-fur-kognitive-funktionen\/aktivitaten-zur-sozialen-kognition\/aktivitat-um-zu-lernen-wie-man-gefuhle-in-jeder-situation-ausdruckt\/\" rel=\"bookmark\">Aktivit\u00e4t, um zu lernen, wie man in jeder Situation Emotionen ausdr\u00fcckt<\/a><\/h3>\n<\/div><\/article><article class=\"entry entry-grid is-column has-entry-link has-image has-image-first type-post category-aktivitaten-zur-sozialen-kognition tag-aktivitaten-zur-kognitiven-stimulation tag-aktivitaten-zur-kognitiven-stimulation-fur-kinder tag-emotionale-intelligenz tag-kinder tag-neuronup-nachrichten tag-soziale-kognition\" style=\"--entry-index:5;\" aria-label=\"Aktivit\u00e4t zum Erkennen von Emotionen: Err\u00e4tst du das Gesicht?\" itemscope itemtype=\"https:\/\/schema.org\/CreativeWork\"><a class=\"entry-image-link\" href=\"https:\/\/neuronup.com\/de\/aktivitaten-fur-neurorehabilitation\/aktivitaten-fur-kognitive-funktionen\/aktivitaten-zur-sozialen-kognition\/aktivitat-zur-identifizierung-von-emotionen\/\" tabindex=\"-1\" aria-hidden=\"true\"><img decoding=\"async\" width=\"400\" height=\"283\" src=\"https:\/\/neuronup.com\/de\/wp-content\/uploads\/2022\/09\/Actividad-para-identificar-emociones-de-NeuronUP-Adivinas-la-cara-1-1-1.webp\" class=\"entry-image size-landscape-sm\" alt=\"Aktivit\u00e4t zum Identifizieren von Emotionen von NeuronUP R\u00e4tsel das Gesicht\" srcset=\"https:\/\/neuronup.com\/de\/wp-content\/uploads\/2022\/09\/Actividad-para-identificar-emociones-de-NeuronUP-Adivinas-la-cara-1-1-1-300x212.webp 300w, https:\/\/neuronup.com\/de\/wp-content\/uploads\/2022\/09\/Actividad-para-identificar-emociones-de-NeuronUP-Adivinas-la-cara-1-1-1-768x543.webp 768w, https:\/\/neuronup.com\/de\/wp-content\/uploads\/2022\/09\/Actividad-para-identificar-emociones-de-NeuronUP-Adivinas-la-cara-1-1-1-1024x724.webp 1024w, https:\/\/neuronup.com\/de\/wp-content\/uploads\/2022\/09\/Actividad-para-identificar-emociones-de-NeuronUP-Adivinas-la-cara-1-1-1.webp 1200w\" sizes=\"(max-width:599px) 599px, (min-width:600px) and (max-width: 799px) 399.5px, (min-width:800px) and (max-width: 999px) 499.5px, (min-width:1000px) 600px\" \/><\/a><div class=\"entry-wrap entry-wrap-grid\"><h3 class=\"entry-title\" itemprop=\"headline\"><a class=\"entry-title-link\" href=\"https:\/\/neuronup.com\/de\/aktivitaten-fur-neurorehabilitation\/aktivitaten-fur-kognitive-funktionen\/aktivitaten-zur-sozialen-kognition\/aktivitat-zur-identifizierung-von-emotionen\/\" rel=\"bookmark\">Aktivit\u00e4t zum Erkennen von Emotionen: Err\u00e4tst du das Gesicht?<\/a><\/h3>\n<\/div><\/article><article class=\"entry entry-grid is-column has-entry-link has-image has-image-first type-post category-aktivitaten-zur-sozialen-kognition tag-aktivitaten-zur-kognitiven-stimulation tag-exekutive-funktionen tag-soziale-kognition\" style=\"--entry-index:6;\" aria-label=\"Sozialkognition oder wie man Menschen versteht: \u00dcbungen zur Sozialkognition\" itemscope itemtype=\"https:\/\/schema.org\/CreativeWork\"><a class=\"entry-image-link\" href=\"https:\/\/neuronup.com\/de\/aktivitaten-fur-neurorehabilitation\/aktivitaten-fur-kognitive-funktionen\/aktivitaten-zur-sozialen-kognition\/die-soziale-kognition-oder-wie-man-menschen-versteht-ubungen-zur-sozialen-kognition\/\" tabindex=\"-1\" aria-hidden=\"true\"><img decoding=\"async\" width=\"396\" height=\"300\" src=\"https:\/\/neuronup.com\/de\/wp-content\/uploads\/2022\/06\/Reaccion-emocional-ante-situaciones.webp\" class=\"entry-image size-landscape-sm\" alt=\"Emotionale Reaktion auf Situationen: \u00dcbung der sozialen Kognition\" srcset=\"https:\/\/neuronup.com\/de\/wp-content\/uploads\/2022\/06\/Reaccion-emocional-ante-situaciones-300x227.webp 300w, https:\/\/neuronup.com\/de\/wp-content\/uploads\/2022\/06\/Reaccion-emocional-ante-situaciones-768x582.webp 768w, https:\/\/neuronup.com\/de\/wp-content\/uploads\/2022\/06\/Reaccion-emocional-ante-situaciones-1024x776.webp 1024w, https:\/\/neuronup.com\/de\/wp-content\/uploads\/2022\/06\/Reaccion-emocional-ante-situaciones.webp 1148w\" sizes=\"(max-width:599px) 599px, (min-width:600px) and (max-width: 799px) 399.5px, (min-width:800px) and (max-width: 999px) 499.5px, (min-width:1000px) 600px\" \/><\/a><div class=\"entry-wrap entry-wrap-grid\"><h3 class=\"entry-title\" itemprop=\"headline\"><a class=\"entry-title-link\" href=\"https:\/\/neuronup.com\/de\/aktivitaten-fur-neurorehabilitation\/aktivitaten-fur-kognitive-funktionen\/aktivitaten-zur-sozialen-kognition\/die-soziale-kognition-oder-wie-man-menschen-versteht-ubungen-zur-sozialen-kognition\/\" rel=\"bookmark\">Sozialkognition oder wie man Menschen versteht: \u00dcbungen zur Sozialkognition<\/a><\/h3>\n<\/div><\/article><article class=\"entry entry-grid is-column has-entry-link has-image has-image-first type-post category-aktivitaten-zur-sozialen-kognition tag-aktivitaten-zur-kognitiven-stimulation tag-aktivitaten-zur-kognitiven-stimulation-fur-kinder tag-soziale-kognition\" style=\"--entry-index:7;\" aria-label=\"\u00dcbungen zur sozialen Kognition f\u00fcr Kinder\" itemscope itemtype=\"https:\/\/schema.org\/CreativeWork\"><a class=\"entry-image-link\" href=\"https:\/\/neuronup.com\/de\/aktivitaten-fur-neurorehabilitation\/aktivitaten-fur-kognitive-funktionen\/aktivitaten-zur-sozialen-kognition\/ubungen-zur-sozialen-kognition-fur-kinder\/\" tabindex=\"-1\" aria-hidden=\"true\"><img decoding=\"async\" width=\"400\" height=\"273\" src=\"https:\/\/neuronup.com\/de\/wp-content\/uploads\/2022\/08\/Que-esperan-encontrar-4-1.webp\" class=\"entry-image size-landscape-sm\" alt=\"\u00dcbungen zur sozialen Kognition f\u00fcr Kinder\" srcset=\"https:\/\/neuronup.com\/de\/wp-content\/uploads\/2022\/08\/Que-esperan-encontrar-4-1-300x205.webp 300w, https:\/\/neuronup.com\/de\/wp-content\/uploads\/2022\/08\/Que-esperan-encontrar-4-1-768x524.webp 768w, https:\/\/neuronup.com\/de\/wp-content\/uploads\/2022\/08\/Que-esperan-encontrar-4-1-1024x699.webp 1024w, https:\/\/neuronup.com\/de\/wp-content\/uploads\/2022\/08\/Que-esperan-encontrar-4-1.webp 1205w\" sizes=\"(max-width:599px) 599px, (min-width:600px) and (max-width: 799px) 399.5px, (min-width:800px) and (max-width: 999px) 499.5px, (min-width:1000px) 600px\" \/><\/a><div class=\"entry-wrap entry-wrap-grid\"><h3 class=\"entry-title\" itemprop=\"headline\"><a class=\"entry-title-link\" href=\"https:\/\/neuronup.com\/de\/aktivitaten-fur-neurorehabilitation\/aktivitaten-fur-kognitive-funktionen\/aktivitaten-zur-sozialen-kognition\/ubungen-zur-sozialen-kognition-fur-kinder\/\" rel=\"bookmark\">\u00dcbungen zur sozialen Kognition f\u00fcr Kinder<\/a><\/h3>\n<\/div><\/article><article class=\"entry entry-grid is-column has-entry-link has-image has-image-first type-post category-aktivitaten-zur-sozialen-kognition tag-aktivitaten-zur-kognitiven-stimulation tag-aktivitaten-zur-kognitiven-stimulation-fur-kinder tag-emotionale-intelligenz tag-kinder tag-neuronup-nachrichten tag-soziale-kognition\" style=\"--entry-index:8;\" aria-label=\"Aktivit\u00e4t zur Arbeit mit Emotionen bei Kindern: Was ist mit den Leuten los?\" itemscope itemtype=\"https:\/\/schema.org\/CreativeWork\"><a class=\"entry-image-link\" href=\"https:\/\/neuronup.com\/de\/aktivitaten-fur-neurorehabilitation\/aktivitaten-fur-kognitive-funktionen\/aktivitaten-zur-sozialen-kognition\/aktivitat-um-emotionen-mit-kindern-zu-bearbeiten\/\" tabindex=\"-1\" aria-hidden=\"true\"><img decoding=\"async\" width=\"400\" height=\"262\" src=\"https:\/\/neuronup.com\/de\/wp-content\/uploads\/2022\/05\/que-le-pasa-a-la-gente-1-1.webp\" class=\"entry-image size-landscape-sm\" alt=\"Aktivit\u00e4t zur Bearbeitung von Emotionen mit Kindern: Was passiert mit den Menschen?\" srcset=\"https:\/\/neuronup.com\/de\/wp-content\/uploads\/2022\/05\/que-le-pasa-a-la-gente-1-1-300x197.webp 300w, https:\/\/neuronup.com\/de\/wp-content\/uploads\/2022\/05\/que-le-pasa-a-la-gente-1-1-768x503.webp 768w, https:\/\/neuronup.com\/de\/wp-content\/uploads\/2022\/05\/que-le-pasa-a-la-gente-1-1-1024x671.webp 1024w, https:\/\/neuronup.com\/de\/wp-content\/uploads\/2022\/05\/que-le-pasa-a-la-gente-1-1.webp 1200w\" sizes=\"(max-width:599px) 599px, (min-width:600px) and (max-width: 799px) 399.5px, (min-width:800px) and (max-width: 999px) 499.5px, (min-width:1000px) 600px\" \/><\/a><div class=\"entry-wrap entry-wrap-grid\"><h3 class=\"entry-title\" itemprop=\"headline\"><a class=\"entry-title-link\" href=\"https:\/\/neuronup.com\/de\/aktivitaten-fur-neurorehabilitation\/aktivitaten-fur-kognitive-funktionen\/aktivitaten-zur-sozialen-kognition\/aktivitat-um-emotionen-mit-kindern-zu-bearbeiten\/\" rel=\"bookmark\">Aktivit\u00e4t zur Arbeit mit Emotionen bei Kindern: Was ist mit den Leuten los?<\/a><\/h3>\n<\/div><\/article><\/div><\/div><\/div>\n\n\n\n<div class=\"wp-block-column is-vertically-aligned-top sticky is-layout-flow wp-block-column-is-layout-flow\" style=\"flex-basis:33.33%\">\n<div class=\"wp-block-buttons is-layout-flex wp-block-buttons-is-layout-flex\">\n<div class=\"wp-block-button\"><a class=\"wp-block-button__link button wp-element-button\" href=\"https:\/\/neuronup.com\/de\/einsatzbereiche\/kognitive-funktionen\/orientierung\/\">Orientierung<\/a><\/div>\n\n\n\n<div class=\"wp-block-button\"><a class=\"wp-block-button__link button wp-element-button\" href=\"https:\/\/neuronup.com\/de\/einsatzbereiche\/kognitive-funktionen\/gnosis\/\">Gnosis<\/a><\/div>\n\n\n\n<div class=\"wp-block-button\"><a class=\"wp-block-button__link button wp-element-button\" href=\"https:\/\/neuronup.com\/de\/einsatzbereiche\/kognitive-funktionen\/aufmerksamkeit\/\">Aufmerksamkeit<\/a><\/div>\n\n\n\n<div class=\"wp-block-button\"><a class=\"wp-block-button__link button wp-element-button\" href=\"https:\/\/neuronup.com\/de\/einsatzbereiche\/kognitive-funktionen\/exekutive-funktionen\/\">Exekutive Funktionen<\/a><\/div>\n\n\n\n<div class=\"wp-block-button\"><a class=\"wp-block-button__link button wp-element-button\" href=\"https:\/\/neuronup.com\/de\/einsatzbereiche\/kognitive-funktionen\/praxie\/\">Praxie<\/a><\/div>\n\n\n\n<div class=\"wp-block-button\"><a class=\"wp-block-button__link button wp-element-button\" href=\"https:\/\/neuronup.com\/de\/einsatzbereiche\/kognitive-funktionen\/sprache\/\">Sprache<\/a><\/div>\n\n\n\n<div class=\"wp-block-button\"><a class=\"wp-block-button__link button wp-element-button\" href=\"https:\/\/neuronup.com\/de\/einsatzbereiche\/kognitive-funktionen\/gedachtnis\/\">Ged\u00e4chtnis<\/a><\/div>\n\n\n\n<div class=\"wp-block-button\"><a class=\"wp-block-button__link button wp-element-button\" href=\"https:\/\/neuronup.com\/de\/einsatzbereiche\/kognitive-funktionen\/soziale-kognition\/\"><strong>Soziale Kognition<\/strong><\/a><\/div>\n\n\n\n<div class=\"wp-block-button\"><a class=\"wp-block-button__link button wp-element-button\" href=\"https:\/\/neuronup.com\/de\/einsatzbereiche\/kognitive-funktionen\/visuell-raumliche-fahigkeiten\/\">Visuell-r\u00e4umliche F\u00e4higkeiten<\/a><\/div>\n<\/div>\n<\/div>\n<\/div>\n","protected":false},"excerpt":{"rendered":"<p>Unter sozialer Kognition verstehen wir also unsere Gedanken \u00fcber die sozialen Beziehungen, die wir im Laufe unseres Lebens unterhalten. Wenn wir soziale Beziehungen aufbauen, speichern wir in unserem Gehirn Informationen \u00fcber unsere Erfahrungen. Die Interpretation dieser Informationen bestimmt unser zuk\u00fcnftiges soziales Verhalten. Wozu dient die soziale Kognition? Dank der sozialen Kognition sind wir in der &hellip;<\/p>\n","protected":false},"author":1,"featured_media":27758,"parent":1350,"menu_order":0,"comment_status":"closed","ping_status":"closed","template":"","meta":{"_acf_changed":false,"_genesis_hide_title":false,"_genesis_hide_breadcrumbs":false,"_genesis_hide_singular_image":false,"_genesis_hide_footer_widgets":false,"_genesis_custom_body_class":"nup-style","_genesis_custom_post_class":"nup-style","_genesis_layout":"wide-content","footnotes":""},"class_list":{"1":"page","2":"type-page","6":"entry","7":"nup-style"},"acf":[],"_links":{"self":[{"href":"https:\/\/neuronup.com\/de\/wp-json\/wp\/v2\/pages\/1489","targetHints":{"allow":["GET"]}}],"collection":[{"href":"https:\/\/neuronup.com\/de\/wp-json\/wp\/v2\/pages"}],"about":[{"href":"https:\/\/neuronup.com\/de\/wp-json\/wp\/v2\/types\/page"}],"author":[{"embeddable":true,"href":"https:\/\/neuronup.com\/de\/wp-json\/wp\/v2\/users\/1"}],"replies":[{"embeddable":true,"href":"https:\/\/neuronup.com\/de\/wp-json\/wp\/v2\/comments?post=1489"}],"version-history":[{"count":0,"href":"https:\/\/neuronup.com\/de\/wp-json\/wp\/v2\/pages\/1489\/revisions"}],"up":[{"embeddable":true,"href":"https:\/\/neuronup.com\/de\/wp-json\/wp\/v2\/pages\/1350"}],"wp:featuredmedia":[{"embeddable":true,"href":"https:\/\/neuronup.com\/de\/wp-json\/wp\/v2\/media\/27758"}],"wp:attachment":[{"href":"https:\/\/neuronup.com\/de\/wp-json\/wp\/v2\/media?parent=1489"}],"curies":[{"name":"wp","href":"https:\/\/api.w.org\/{rel}","templated":true}]}}