{"id":1480,"date":"2021-06-01T15:43:36","date_gmt":"2021-06-01T15:43:36","guid":{"rendered":"https:\/\/neuronup.com\/de\/?page_id=1480"},"modified":"2025-02-28T08:12:29","modified_gmt":"2025-02-28T06:12:29","slug":"sprache","status":"publish","type":"page","link":"https:\/\/neuronup.com\/de\/einsatzbereiche\/kognitive-funktionen\/sprache\/","title":{"rendered":"Sprache"},"content":{"rendered":"\n<div class=\"wp-block-columns is-layout-flex wp-container-core-columns-is-layout-9d6595d7 wp-block-columns-is-layout-flex\">\n<div class=\"wp-block-column pr-5 is-layout-flow wp-block-column-is-layout-flow\" style=\"flex-basis:66.66%\">\n<blockquote class=\"wp-block-quote is-layout-flow wp-block-quote-is-layout-flow\">\n<p>Die Produktion von Sprache besteht aus der Materialisierung von Zeichen (Ton oder Schrift), die Gegenst\u00e4nde, Ideen usw. gem\u00e4\u00df einer f\u00fcr eine Sprachgemeinschaft spezifischen Vereinbarung symbolisieren.<\/p>\n<cite>(Lecours y cols., 1979)<\/cite><\/blockquote>\n\n\n\n<p class=\"is-style-subheading\">INNERHALB DER SPRACHE GIBT ES VERSCHIEDENE PROZESSE, DIE BETROFFEN SEIN K\u00d6NNEN:<\/p>\n\n\n\n<ul class=\"wp-block-list\">\n<li><strong>Ausdrucksf\u00e4higkeit:<\/strong> Die F\u00e4higkeit, Ideen sinnvoll und grammatikalisch korrekt zu formulieren<\/li>\n\n\n\n<li><strong>Sprachverst\u00e4ndnis: <\/strong>Die F\u00e4higkeit, die Bedeutung von W\u00f6rtern oder Ideen zu verstehen<\/li>\n\n\n\n<li><strong>Wortschatz:<\/strong>&nbsp;Die sprachlichen Kenntnisse<\/li>\n\n\n\n<li><strong>Benennen:&nbsp;<\/strong>Die F\u00e4higkeit, Gegenst\u00e4nde, Personen oder Ereignisse zu benennen<\/li>\n\n\n\n<li><strong>Sprachgewandtheit:&nbsp;<\/strong>Die F\u00e4higkeit, sprachliche Inhalte schnell und effizient zu produzieren<\/li>\n\n\n\n<li><strong>Diskriminationsf\u00e4higkeit:<\/strong>&nbsp;Die F\u00e4higkeit, sprachliche Inhalte zu erkennen, zu differenzieren und zu interpretieren<\/li>\n\n\n\n<li><strong>Nachsprechen:<\/strong> Die F\u00e4higkeit, die gleichen Laute wie die geh\u00f6rten zu produzieren<\/li>\n\n\n\n<li><strong>Schreiben:&nbsp;<\/strong>Die F\u00e4higkeit, Gedanken in Symbole, Zeichen und Bilder umzusetzen<\/li>\n\n\n\n<li><strong>Lesen:&nbsp;<\/strong>Die F\u00e4higkeit, Symbole, Zeichen und Bilder zu interpretieren und in Sprache umzuwandeln<\/li>\n<\/ul>\n\n\n\n<p>Aphasie ist ein allgemeiner Begriff f\u00fcr den vollst\u00e4ndigen oder teilweisen Verlust der Sprachfunktion, es gibt jedoch viele Arten, je nachdem, welche besonderen Bereiche beeintr\u00e4chtigt sind. Einige der Sprachst\u00f6rungen, die mit der Ausdrucksf\u00e4higkeit zusammenh\u00e4ngen, sind Mutismus, amnestische Aphasie und Agrammatismus. Ist hingegen das Sprachverst\u00e4ndnis beeintr\u00e4chtigt, spricht man von St\u00f6rungen wie der Worttaubheit oder bei Schreibst\u00f6rungen von der Agrafie. Dies sind nur einige wenige Beispiele einer Vielzahl m\u00f6glicher Sprachst\u00f6rungen, da es sich um eine sehr komplexe Funktion handelt.<\/p>\n\n\n\n<h3 class=\"wp-block-heading\" id=\"para-que-sirve-el-lenguaje\">Wozu dient die Sprache?<\/h3>\n\n\n\n<p>Der Mensch ist von Natur aus ein soziales Wesen, und die Sprache dient dazu, in jeder Form (m\u00fcndlich oder schriftlich) zu kommunizieren.<\/p>\n\n\n\n<p>Da wir uns in einer Informationsgesellschaft befinden, k\u00f6nnen Sprachprobleme zu Schwierigkeiten in vielen Bereichen des t\u00e4glichen Lebens f\u00fchren. K\u00f6nnen Sie sich vorstellen, dass Sie nicht in der Lage sind, Ihre Gedanken auszudr\u00fccken? Sicher ist Ihnen auch schon einmal das genaue Wort f\u00fcr das, was Sie sagen wollten, nicht eingefallen. Das ist aber nur die Spitze des Eisberges. Abgesehen davon, dass wir mitteilen m\u00fcssen, was wir wollen oder brauchen, ist es auch wichtig zu verstehen, was andere uns sagen. Stellen Sie sich vor, Sie befinden sich in einem Land, in dem alle eine fremde Sprache sprechen und Sie nichts verstehen k\u00f6nnen. Oder dass Sie ein Schild nicht lesen k\u00f6nnen, weil Sie die Buchstaben verwechseln, oder dass Sie nicht in der Lage sind, den Einkaufszettel auf ein Blatt Papier zu schreiben.<\/p>\n\n\n\n<p>Wie Sie sehen, ist Sprache in unserem t\u00e4glichen Leben von grundlegender Bedeutung.<\/p>\n\n\n\n<h3 class=\"wp-block-heading\" id=\"ejercicios-de-neuronup-para-rehabilitar-el-lenguaje\">NeuronUP-\u00dcbungen zur Rehabilitation der Sprache<\/h3>\n\n\n\n<p>NeuronUP bietet Ihnen zahlreiche \u00dcbungen zur sprachlichen Rehabilitation an, wie z. B. das Galgenm\u00e4nnchen-Spiel. Hierbei handelt es sich um ein lustiges Spiel zum Trainieren des Wortschatzes, bei dem man die versteckten W\u00f6rter erraten muss, indem man einen Buchstaben nach dem anderen ausw\u00e4hlt, aus denen das Wort besteht.<\/p>\n\n\n\n<p>Um das Benennen zu \u00fcben, gibt es eine ideale Aufgabe Gegenst\u00e4nde mit Hilfe von phonologischen Hinweisen richtig zu benennen.<\/p>\n\n\n\n<p>In Bezug auf die Verbesserung des Sprachverst\u00e4ndnisses geht bei folgender Aufgabe darum, zu sagen, ob eine Reihe von S\u00e4tzen in Bezug auf die auf einem Bild dargestellte Situation richtig oder falsch sind. Bei dieser \u00dcbung gibt es zwei Anpassungsm\u00f6glichkeiten: eine, bei der die S\u00e4tze m\u00fcndlich vorgetragen werden, und eine, bei der sie schriftlich erscheinen, da nicht alle Patient:innen dieselbe Art von Defizit haben.<\/p>\n\n\n\n<figure class=\"wp-block-image size-full image-interface w-100\"><img decoding=\"async\" width=\"600\" height=\"358\" src=\"https:\/\/neuronup.com\/de\/wp-content\/uploads\/2023\/12\/sprachespiele.webp\" alt=\"sprachespiele\" class=\"wp-image-27724\" srcset=\"https:\/\/neuronup.com\/de\/wp-content\/uploads\/2023\/12\/sprachespiele-300x179.webp 300w, https:\/\/neuronup.com\/de\/wp-content\/uploads\/2023\/12\/sprachespiele.webp 600w\" sizes=\"(max-width: 600px) 100vw, 600px\" \/><\/figure>\n\n\n\n<div style=\"height:100px\" aria-hidden=\"true\" class=\"wp-block-spacer\"><\/div>\n\n\n\n<h3 class=\"wp-block-heading has-xl-margin-bottom\" id=\"consulta-nuestros-articulos-sobre-lenguaje\">Finden Sie hier unsere Artikel zum Thema Sprache<\/h3>\n\n\n<div class=\"mai-grid entries entries-grid has-boxed has-image-full\" style=\"--entry-title-font-size:var(--font-size-lg);--align-text:start;--entry-meta-text-align:start;\"><div class=\"entries-wrap has-columns\" style=\"--columns-xs:1\/1;--columns-sm:1\/2;--columns-md:1\/2;--columns-lg:1\/2;--flex-xs:0 0 var(--flex-basis);--flex-sm:0 0 var(--flex-basis);--flex-md:0 0 var(--flex-basis);--flex-lg:0 0 var(--flex-basis);--column-gap:var(--spacing-lg);--row-gap:var(--spacing-lg);--align-columns:start;\"><article class=\"entry entry-grid is-column has-entry-link has-image has-image-first type-post category-sprachliche-aktivitaten tag-aktivitaten-zur-kognitiven-stimulation-fur-kinder tag-sprache\" style=\"--entry-index:1;\" aria-label=\"Neue Lesevorbereitungsaktivit\u00e4t f\u00fcr Vorschulkinder: Gedrehte Buchstaben\" itemscope itemtype=\"https:\/\/schema.org\/CreativeWork\"><a class=\"entry-image-link\" href=\"https:\/\/neuronup.com\/de\/aktivitaten-fur-neurorehabilitation\/aktivitaten-fur-kognitive-funktionen\/sprachliche-aktivitaten\/neue-aktivitat-zur-fruhkindlichen-lesevorbereitung-gedrehte-buchstaben\/\" tabindex=\"-1\" aria-hidden=\"true\"><img decoding=\"async\" width=\"400\" height=\"264\" src=\"https:\/\/neuronup.com\/de\/wp-content\/uploads\/2024\/02\/Nueva-actividad-de-prelectura-infantil-Letras-giradas-1.webp\" class=\"entry-image size-landscape-sm\" alt=\"Neue Vorschul-Leseaktivit\u00e4t Gedrehte Buchstaben\" srcset=\"https:\/\/neuronup.com\/de\/wp-content\/uploads\/2024\/02\/Nueva-actividad-de-prelectura-infantil-Letras-giradas-1-300x198.webp 300w, https:\/\/neuronup.com\/de\/wp-content\/uploads\/2024\/02\/Nueva-actividad-de-prelectura-infantil-Letras-giradas-1-768x507.webp 768w, https:\/\/neuronup.com\/de\/wp-content\/uploads\/2024\/02\/Nueva-actividad-de-prelectura-infantil-Letras-giradas-1-1024x676.webp 1024w, https:\/\/neuronup.com\/de\/wp-content\/uploads\/2024\/02\/Nueva-actividad-de-prelectura-infantil-Letras-giradas-1.webp 1458w\" sizes=\"(max-width:599px) 599px, (min-width:600px) and (max-width: 799px) 399.5px, (min-width:800px) and (max-width: 999px) 499.5px, (min-width:1000px) 600px\" \/><\/a><div class=\"entry-wrap entry-wrap-grid\"><h3 class=\"entry-title\" itemprop=\"headline\"><a class=\"entry-title-link\" href=\"https:\/\/neuronup.com\/de\/aktivitaten-fur-neurorehabilitation\/aktivitaten-fur-kognitive-funktionen\/sprachliche-aktivitaten\/neue-aktivitat-zur-fruhkindlichen-lesevorbereitung-gedrehte-buchstaben\/\" rel=\"bookmark\">Neue Lesevorbereitungsaktivit\u00e4t f\u00fcr Vorschulkinder: Gedrehte Buchstaben<\/a><\/h3>\n<\/div><\/article><article class=\"entry entry-grid is-column has-entry-link has-image has-image-first type-post category-sprachliche-aktivitaten tag-aktivitaten-zur-kognitiven-stimulation tag-aktivitaten-zur-kognitiven-stimulation-fur-kinder tag-kinder tag-neuronup-nachrichten\" style=\"--entry-index:2;\" aria-label=\"Aktivit\u00e4t zur Zuordnung von Phonem zu Graphem: Buchstaben-Detektiv\" itemscope itemtype=\"https:\/\/schema.org\/CreativeWork\"><a class=\"entry-image-link\" href=\"https:\/\/neuronup.com\/de\/aktivitaten-fur-neurorehabilitation\/aktivitaten-fur-kognitive-funktionen\/sprachliche-aktivitaten\/aktivitat-zum-zuordnen-von-phonem-und-graphem\/\" tabindex=\"-1\" aria-hidden=\"true\"><img decoding=\"async\" width=\"400\" height=\"268\" src=\"https:\/\/neuronup.com\/de\/wp-content\/uploads\/2024\/01\/Actividad-para-asociar-fonema-con-grafema.-Detective-de-letras.webp\" class=\"entry-image size-landscape-sm\" alt=\"Aktivit\u00e4t zum Assoziieren von Phonem mit Graphem\" srcset=\"https:\/\/neuronup.com\/de\/wp-content\/uploads\/2024\/01\/Actividad-para-asociar-fonema-con-grafema.-Detective-de-letras-300x201.webp 300w, https:\/\/neuronup.com\/de\/wp-content\/uploads\/2024\/01\/Actividad-para-asociar-fonema-con-grafema.-Detective-de-letras-768x515.webp 768w, https:\/\/neuronup.com\/de\/wp-content\/uploads\/2024\/01\/Actividad-para-asociar-fonema-con-grafema.-Detective-de-letras-1024x687.webp 1024w, https:\/\/neuronup.com\/de\/wp-content\/uploads\/2024\/01\/Actividad-para-asociar-fonema-con-grafema.-Detective-de-letras.webp 1200w\" sizes=\"(max-width:599px) 599px, (min-width:600px) and (max-width: 799px) 399.5px, (min-width:800px) and (max-width: 999px) 499.5px, (min-width:1000px) 600px\" \/><\/a><div class=\"entry-wrap entry-wrap-grid\"><h3 class=\"entry-title\" itemprop=\"headline\"><a class=\"entry-title-link\" href=\"https:\/\/neuronup.com\/de\/aktivitaten-fur-neurorehabilitation\/aktivitaten-fur-kognitive-funktionen\/sprachliche-aktivitaten\/aktivitat-zum-zuordnen-von-phonem-und-graphem\/\" rel=\"bookmark\">Aktivit\u00e4t zur Zuordnung von Phonem zu Graphem: Buchstaben-Detektiv<\/a><\/h3>\n<\/div><\/article><article class=\"entry entry-grid is-column has-entry-link has-image has-image-first type-post category-sprachliche-aktivitaten tag-aktivitaten-zur-kognitiven-stimulation tag-aktivitaten-zur-kognitiven-stimulation-fur-kinder tag-kinder tag-neuronup-nachrichten tag-sprache\" style=\"--entry-index:3;\" aria-label=\"Arbeitsblatt zur \u00dcbung der Diskriminationsf\u00e4higkeit bei Kindern: Welche Zahl h\u00f6rst du?\" itemscope itemtype=\"https:\/\/schema.org\/CreativeWork\"><a class=\"entry-image-link\" href=\"https:\/\/neuronup.com\/de\/aktivitaten-fur-neurorehabilitation\/aktivitaten-fur-kognitive-funktionen\/sprachliche-aktivitaten\/arbeitsblatt-zur-bearbeitung-der-diskriminierung-bei-kindern-welche-zahl-horst-du\/\" tabindex=\"-1\" aria-hidden=\"true\"><img decoding=\"async\" width=\"400\" height=\"270\" src=\"https:\/\/neuronup.com\/de\/wp-content\/uploads\/2023\/05\/Captura-de-pantalla-2023-05-30-a-las-20.45.54.webp\" class=\"entry-image size-landscape-sm\" alt=\"Arbeitsblatt zur Schulung der Diskriminierung bei Kindern: Welche Nummer h\u00f6rst du?\" srcset=\"https:\/\/neuronup.com\/de\/wp-content\/uploads\/2023\/05\/Captura-de-pantalla-2023-05-30-a-las-20.45.54-300x203.webp 300w, https:\/\/neuronup.com\/de\/wp-content\/uploads\/2023\/05\/Captura-de-pantalla-2023-05-30-a-las-20.45.54-768x519.webp 768w, https:\/\/neuronup.com\/de\/wp-content\/uploads\/2023\/05\/Captura-de-pantalla-2023-05-30-a-las-20.45.54-1024x692.webp 1024w, https:\/\/neuronup.com\/de\/wp-content\/uploads\/2023\/05\/Captura-de-pantalla-2023-05-30-a-las-20.45.54.webp 1300w\" sizes=\"(max-width:599px) 599px, (min-width:600px) and (max-width: 799px) 399.5px, (min-width:800px) and (max-width: 999px) 499.5px, (min-width:1000px) 600px\" \/><\/a><div class=\"entry-wrap entry-wrap-grid\"><h3 class=\"entry-title\" itemprop=\"headline\"><a class=\"entry-title-link\" href=\"https:\/\/neuronup.com\/de\/aktivitaten-fur-neurorehabilitation\/aktivitaten-fur-kognitive-funktionen\/sprachliche-aktivitaten\/arbeitsblatt-zur-bearbeitung-der-diskriminierung-bei-kindern-welche-zahl-horst-du\/\" rel=\"bookmark\">Arbeitsblatt zur \u00dcbung der Diskriminationsf\u00e4higkeit bei Kindern: Welche Zahl h\u00f6rst du?<\/a><\/h3>\n<\/div><\/article><article class=\"entry entry-grid is-column has-entry-link has-image has-image-first type-post category-sprachliche-aktivitaten tag-aktivitaten-zur-kognitiven-stimulation tag-aktivitaten-zur-kognitiven-stimulation-fur-kinder tag-kinder tag-neuronup-nachrichten tag-sprache\" style=\"--entry-index:4;\" aria-label=\"Neue \u00dcbung zur auditiven Diskriminierung f\u00fcr Kinder\" itemscope itemtype=\"https:\/\/schema.org\/CreativeWork\"><a class=\"entry-image-link\" href=\"https:\/\/neuronup.com\/de\/aktivitaten-fur-neurorehabilitation\/aktivitaten-fur-kognitive-funktionen\/sprachliche-aktivitaten\/neue-ubung-zur-auditiven-diskriminierung-fur-kinder\/\" tabindex=\"-1\" aria-hidden=\"true\"><img decoding=\"async\" width=\"400\" height=\"257\" src=\"https:\/\/neuronup.com\/de\/wp-content\/uploads\/2022\/02\/Ejercicio-de-discriminacion-auditiva-para-ninos-1-1-1.webp\" class=\"entry-image size-landscape-sm\" alt=\"H\u00f6rdiskriminierungs\u00fcbung-f\u00fcr-Kinder-1 (1)\" srcset=\"https:\/\/neuronup.com\/de\/wp-content\/uploads\/2022\/02\/Ejercicio-de-discriminacion-auditiva-para-ninos-1-1-1-300x193.webp 300w, https:\/\/neuronup.com\/de\/wp-content\/uploads\/2022\/02\/Ejercicio-de-discriminacion-auditiva-para-ninos-1-1-1-768x494.webp 768w, https:\/\/neuronup.com\/de\/wp-content\/uploads\/2022\/02\/Ejercicio-de-discriminacion-auditiva-para-ninos-1-1-1-1024x659.webp 1024w, https:\/\/neuronup.com\/de\/wp-content\/uploads\/2022\/02\/Ejercicio-de-discriminacion-auditiva-para-ninos-1-1-1.webp 1200w\" sizes=\"(max-width:599px) 599px, (min-width:600px) and (max-width: 799px) 399.5px, (min-width:800px) and (max-width: 999px) 499.5px, (min-width:1000px) 600px\" \/><\/a><div class=\"entry-wrap entry-wrap-grid\"><h3 class=\"entry-title\" itemprop=\"headline\"><a class=\"entry-title-link\" href=\"https:\/\/neuronup.com\/de\/aktivitaten-fur-neurorehabilitation\/aktivitaten-fur-kognitive-funktionen\/sprachliche-aktivitaten\/neue-ubung-zur-auditiven-diskriminierung-fur-kinder\/\" rel=\"bookmark\">Neue \u00dcbung zur auditiven Diskriminierung f\u00fcr Kinder<\/a><\/h3>\n<\/div><\/article><\/div><\/div><\/div>\n\n\n\n<div class=\"wp-block-column is-vertically-aligned-top sticky is-layout-flow wp-block-column-is-layout-flow\" style=\"flex-basis:33.33%\">\n<div class=\"wp-block-buttons is-layout-flex wp-block-buttons-is-layout-flex\">\n<div class=\"wp-block-button\"><a class=\"wp-block-button__link button wp-element-button\" href=\"https:\/\/neuronup.com\/de\/einsatzbereiche\/kognitive-funktionen\/orientierung\/\">Orientierung<\/a><\/div>\n\n\n\n<div class=\"wp-block-button\"><a class=\"wp-block-button__link button wp-element-button\" href=\"https:\/\/neuronup.com\/de\/einsatzbereiche\/kognitive-funktionen\/gnosis\/\">Gnosis<\/a><\/div>\n\n\n\n<div class=\"wp-block-button\"><a class=\"wp-block-button__link button wp-element-button\" href=\"https:\/\/neuronup.com\/de\/einsatzbereiche\/kognitive-funktionen\/aufmerksamkeit\/\">Aufmerksamkeit<\/a><\/div>\n\n\n\n<div class=\"wp-block-button\"><a class=\"wp-block-button__link button wp-element-button\" href=\"https:\/\/neuronup.com\/de\/einsatzbereiche\/kognitive-funktionen\/exekutive-funktionen\/\">Exekutive Funktionen<\/a><\/div>\n\n\n\n<div class=\"wp-block-button\"><a class=\"wp-block-button__link button wp-element-button\" href=\"https:\/\/neuronup.com\/de\/einsatzbereiche\/kognitive-funktionen\/praxie\/\">Praxie<\/a><\/div>\n\n\n\n<div class=\"wp-block-button\"><a class=\"wp-block-button__link button wp-element-button\" href=\"https:\/\/neuronup.com\/de\/einsatzbereiche\/kognitive-funktionen\/sprache\/\">Sprache<\/a><\/div>\n\n\n\n<div class=\"wp-block-button\"><a class=\"wp-block-button__link button wp-element-button\" href=\"https:\/\/neuronup.com\/de\/einsatzbereiche\/kognitive-funktionen\/gedachtnis\/\">Ged\u00e4chtnis<\/a><\/div>\n\n\n\n<div class=\"wp-block-button\"><a class=\"wp-block-button__link button wp-element-button\" href=\"https:\/\/neuronup.com\/de\/einsatzbereiche\/kognitive-funktionen\/soziale-kognition\/\">Soziale Kognition<\/a><\/div>\n\n\n\n<div class=\"wp-block-button\"><a class=\"wp-block-button__link button wp-element-button\" href=\"https:\/\/neuronup.com\/de\/einsatzbereiche\/kognitive-funktionen\/visuell-raumliche-fahigkeiten\/\">Visuell-r\u00e4umliche F\u00e4higkeiten<\/a><\/div>\n<\/div>\n<\/div>\n<\/div>\n","protected":false},"excerpt":{"rendered":"<p>Die Produktion von Sprache besteht aus der Materialisierung von Zeichen (Ton oder Schrift), die Gegenst\u00e4nde, Ideen usw. gem\u00e4\u00df einer f\u00fcr eine Sprachgemeinschaft spezifischen Vereinbarung symbolisieren. INNERHALB DER SPRACHE GIBT ES VERSCHIEDENE PROZESSE, DIE BETROFFEN SEIN K\u00d6NNEN: Aphasie ist ein allgemeiner Begriff f\u00fcr den vollst\u00e4ndigen oder teilweisen Verlust der Sprachfunktion, es gibt jedoch viele Arten, je &hellip;<\/p>\n","protected":false},"author":1,"featured_media":27722,"parent":1350,"menu_order":0,"comment_status":"closed","ping_status":"closed","template":"","meta":{"_acf_changed":false,"_genesis_hide_title":false,"_genesis_hide_breadcrumbs":false,"_genesis_hide_singular_image":false,"_genesis_hide_footer_widgets":false,"_genesis_custom_body_class":"nup-style","_genesis_custom_post_class":"nup-style","_genesis_layout":"wide-content","footnotes":""},"class_list":{"1":"page","2":"type-page","6":"entry","7":"nup-style"},"acf":[],"_links":{"self":[{"href":"https:\/\/neuronup.com\/de\/wp-json\/wp\/v2\/pages\/1480","targetHints":{"allow":["GET"]}}],"collection":[{"href":"https:\/\/neuronup.com\/de\/wp-json\/wp\/v2\/pages"}],"about":[{"href":"https:\/\/neuronup.com\/de\/wp-json\/wp\/v2\/types\/page"}],"author":[{"embeddable":true,"href":"https:\/\/neuronup.com\/de\/wp-json\/wp\/v2\/users\/1"}],"replies":[{"embeddable":true,"href":"https:\/\/neuronup.com\/de\/wp-json\/wp\/v2\/comments?post=1480"}],"version-history":[{"count":0,"href":"https:\/\/neuronup.com\/de\/wp-json\/wp\/v2\/pages\/1480\/revisions"}],"up":[{"embeddable":true,"href":"https:\/\/neuronup.com\/de\/wp-json\/wp\/v2\/pages\/1350"}],"wp:featuredmedia":[{"embeddable":true,"href":"https:\/\/neuronup.com\/de\/wp-json\/wp\/v2\/media\/27722"}],"wp:attachment":[{"href":"https:\/\/neuronup.com\/de\/wp-json\/wp\/v2\/media?parent=1480"}],"curies":[{"name":"wp","href":"https:\/\/api.w.org\/{rel}","templated":true}]}}