{"id":1475,"date":"2021-06-01T15:33:22","date_gmt":"2021-06-01T15:33:22","guid":{"rendered":"https:\/\/neuronup.com\/de\/?page_id=1475"},"modified":"2025-02-28T08:11:46","modified_gmt":"2025-02-28T06:11:46","slug":"praxie","status":"publish","type":"page","link":"https:\/\/neuronup.com\/de\/einsatzbereiche\/kognitive-funktionen\/praxie\/","title":{"rendered":"Praxie"},"content":{"rendered":"\n<div class=\"wp-block-columns is-layout-flex wp-container-core-columns-is-layout-9d6595d7 wp-block-columns-is-layout-flex\">\n<div class=\"wp-block-column pr-5 is-layout-flow wp-block-column-is-layout-flow\" style=\"flex-basis:66.66%\">\n<p class=\"is-style-subheading\">ES GIBT FOLGENDE <strong>PRAXIEN<\/strong>:<\/p>\n\n\n\n<ul class=\"wp-block-list\">\n<li><strong><strong>ideomotorische Praxie:<\/strong><\/strong> Die F\u00e4higkeit, eine einfache Bewegung oder Geste absichtlich auszuf\u00fchren.<\/li>\n\n\n\n<li><strong><strong>ideatorische Praxie<\/strong>:<\/strong> Die F\u00e4higkeit, Objekte durch eine Abfolge von Bewegungen zu steuern, was die Kenntnis der Funktion des Objekts, die Kenntnis der Handlung und die Kenntnis des richtigen Bewegungsablaufs, der zu dieser Handlung f\u00fchrt, voraussetzt.<\/li>\n\n\n\n<li><strong><strong>bukkofaziale Praxie:<\/strong>&nbsp;<\/strong>DieF\u00e4higkeit, willentlich Bewegungen oder Gesten mit verschiedenen Teilen des Gesichts auszuf\u00fchren: Lippen, Augen, Zunge, Augenbrauen, Wangen usw.<\/li>\n\n\n\n<li><strong><strong>visuell-konstruktive Praxie:<\/strong>&nbsp;<\/strong>Die F\u00e4higkeit, Bewegungen zu planen und auszuf\u00fchren, die notwendig sind, um eine Reihe von Elementen im Raum zu organisieren, um eine endg\u00fcltige Zeichnung oder eine Figur zu erstellen.<\/li>\n<\/ul>\n\n\n\n<h3 class=\"wp-block-heading\" id=\"para-que-sirven-las-praxias\"><strong>Wozu dienen Praxien?<\/strong><\/h3>\n\n\n\n<p>Wie oben erl\u00e4utert, ist Praxie die F\u00e4higkeit, eine Bewegung auszuf\u00fchren. Wir nutzen sie, wenn wir gehen, uns anziehen oder andere motorische Aktivit\u00e4ten ausf\u00fchren. Die Unf\u00e4higkeit, diese Handlungen auszuf\u00fchren, wird Apraxie genannt. Zur Praxie geh\u00f6rt auch das Wissen um die Funktionen der Gegenst\u00e4nde, die wir benutzen wollen, oder um die Bewegungen, die wir ausf\u00fchren wollen, um einen Gegenstand zu benutzen oder eine Handlung durchzuf\u00fchren.<\/p>\n\n\n\n<p>Praxien sind also ein sehr wichtiger Teil unseres t\u00e4glichen Lebens, denn jede Handlung, die wir ausf\u00fchren wollen, erfordert diese F\u00e4higkeit. So einfache und wichtige T\u00e4tigkeiten wie L\u00e4cheln oder Sprechen sind F\u00e4higkeiten, f\u00fcr die diese F\u00e4higkeiten erforderlich sind und die Menschen mit Apraxie nicht ausf\u00fchren k\u00f6nnen.<\/p>\n\n\n\n<h3 class=\"wp-block-heading\" id=\"ejercicios-de-neuronup-para-rehabilitar-las-praxias\"><strong>NeuronUP-\u00dcbungen zur Rehabilitation von Praxien<\/strong><\/h3>\n\n\n\n<p>Um diese F\u00e4higkeiten zu verbessern, haben wir bei NeuronUP hierf\u00fcr wichtige \u00dcbungen entwickelt. Beispiele hierf\u00fcr sind das Kopieren einer Reihe von Figuren (visuell-konstruktive Praxie) oder die Darstellung des Gebrauchs eines Objekts (ideomotorische Praxie), entweder auf Kommando oder durch Nachahmung und sowohl mit als auch ohne Objekt, um die Schwierigkeit an den jeweiligen Fall anzupassen.<\/p>\n\n\n\n<figure class=\"wp-block-image size-full is-resized image-interface w-100\"><img decoding=\"async\" width=\"600\" height=\"358\" src=\"https:\/\/neuronup.com\/de\/wp-content\/uploads\/2023\/12\/Praxis-Spiel.webp\" alt=\"\" class=\"wp-image-27713\" style=\"width:605px;height:auto\" srcset=\"https:\/\/neuronup.com\/de\/wp-content\/uploads\/2023\/12\/Praxis-Spiel-300x179.webp 300w, https:\/\/neuronup.com\/de\/wp-content\/uploads\/2023\/12\/Praxis-Spiel.webp 600w\" sizes=\"(max-width: 600px) 100vw, 600px\" \/><\/figure>\n\n\n\n<div style=\"height:100px\" aria-hidden=\"true\" class=\"wp-block-spacer\"><\/div>\n\n\n\n<h3 class=\"wp-block-heading\" id=\"consulta-nuestros-articulos-sobre-praxias\">Finden Sie hier unsere Artikel zum Thema Praxien<\/h3>\n\n\n<div class=\"mai-grid entries entries-grid has-boxed has-image-full\" style=\"--entry-title-font-size:var(--font-size-lg);--align-text:start;--entry-meta-text-align:start;\"><div class=\"entries-wrap has-columns\" style=\"--columns-xs:1\/1;--columns-sm:1\/2;--columns-md:1\/2;--columns-lg:1\/2;--flex-xs:0 0 var(--flex-basis);--flex-sm:0 0 var(--flex-basis);--flex-md:0 0 var(--flex-basis);--flex-lg:0 0 var(--flex-basis);--column-gap:var(--spacing-lg);--row-gap:var(--spacing-lg);--align-columns:start;\"><article class=\"entry entry-grid is-column has-entry-link has-image has-image-first type-post category-aktivitaten-fur-neurorehabilitation tag-aktivitaten-zur-kognitiven-stimulation tag-aktivitaten-zur-kognitiven-stimulation-fur-erwachsene tag-aktivitaten-zur-kognitiven-stimulation-fur-kinder\" style=\"--entry-index:1;\" aria-label=\"Herausfordernde Aktivit\u00e4ten f\u00fcr die kognitive Rehabilitation von Kindern und Erwachsenen\" itemscope itemtype=\"https:\/\/schema.org\/CreativeWork\"><a class=\"entry-image-link\" href=\"https:\/\/neuronup.com\/de\/aktivitaten-fur-neurorehabilitation\/herausfordernde-aktivitaten-fur-die-kognitive-rehabilitation-von-kindern-und-erwachsenen\/\" tabindex=\"-1\" aria-hidden=\"true\"><img decoding=\"async\" width=\"400\" height=\"225\" src=\"https:\/\/neuronup.com\/de\/wp-content\/uploads\/2024\/11\/Entrega-a-domicilio-NeuronUP.webp\" class=\"entry-image size-landscape-sm\" alt=\"Lieferung nach Hause NeuronUP\" srcset=\"https:\/\/neuronup.com\/de\/wp-content\/uploads\/2024\/11\/Entrega-a-domicilio-NeuronUP-300x169.webp 300w, https:\/\/neuronup.com\/de\/wp-content\/uploads\/2024\/11\/Entrega-a-domicilio-NeuronUP-768x432.webp 768w, https:\/\/neuronup.com\/de\/wp-content\/uploads\/2024\/11\/Entrega-a-domicilio-NeuronUP-1024x576.webp 1024w, https:\/\/neuronup.com\/de\/wp-content\/uploads\/2024\/11\/Entrega-a-domicilio-NeuronUP.webp 1200w\" sizes=\"(max-width:599px) 599px, (min-width:600px) and (max-width: 799px) 399.5px, (min-width:800px) and (max-width: 999px) 499.5px, (min-width:1000px) 600px\" \/><\/a><div class=\"entry-wrap entry-wrap-grid\"><h3 class=\"entry-title\" itemprop=\"headline\"><a class=\"entry-title-link\" href=\"https:\/\/neuronup.com\/de\/aktivitaten-fur-neurorehabilitation\/herausfordernde-aktivitaten-fur-die-kognitive-rehabilitation-von-kindern-und-erwachsenen\/\" rel=\"bookmark\">Herausfordernde Aktivit\u00e4ten f\u00fcr die kognitive Rehabilitation von Kindern und Erwachsenen<\/a><\/h3>\n<div class=\"entry-excerpt\"><p>In diesem Artikel untersuchen wir die Bedeutung &hellip;<\/p>\n<\/div><\/div><\/article><article class=\"entry entry-grid is-column has-entry-link has-image has-image-first type-post category-aktivitaten-fur-aufmerksamkeit tag-aktivitaten-zur-kognitiven-stimulation tag-aktivitaten-zur-kognitiven-stimulation-fur-erwachsene tag-aufmerksamkeit tag-erwachsene\" style=\"--entry-index:2;\" aria-label=\"Spiel zur selektiven Aufmerksamkeit f\u00fcr Erwachsene: Identifiziere das Teil\" itemscope itemtype=\"https:\/\/schema.org\/CreativeWork\"><a class=\"entry-image-link\" href=\"https:\/\/neuronup.com\/de\/aktivitaten-fur-neurorehabilitation\/aktivitaten-fur-kognitive-funktionen\/aktivitaten-fur-aufmerksamkeit\/spiel-der-selektiven-aufmerksamkeit-fur-erwachsene-identifiziere-das-teil\/\" tabindex=\"-1\" aria-hidden=\"true\"><img decoding=\"async\" width=\"400\" height=\"224\" src=\"https:\/\/neuronup.com\/de\/wp-content\/uploads\/2025\/02\/identifica-la-pieza.webp\" class=\"entry-image size-landscape-sm\" alt=\"Identifiziere das St\u00fcck\" srcset=\"https:\/\/neuronup.com\/de\/wp-content\/uploads\/2025\/02\/identifica-la-pieza-300x168.webp 300w, https:\/\/neuronup.com\/de\/wp-content\/uploads\/2025\/02\/identifica-la-pieza-768x429.webp 768w, https:\/\/neuronup.com\/de\/wp-content\/uploads\/2025\/02\/identifica-la-pieza-1024x573.webp 1024w, https:\/\/neuronup.com\/de\/wp-content\/uploads\/2025\/02\/identifica-la-pieza.webp 1207w\" sizes=\"(max-width:599px) 599px, (min-width:600px) and (max-width: 799px) 399.5px, (min-width:800px) and (max-width: 999px) 499.5px, (min-width:1000px) 600px\" \/><\/a><div class=\"entry-wrap entry-wrap-grid\"><h3 class=\"entry-title\" itemprop=\"headline\"><a class=\"entry-title-link\" href=\"https:\/\/neuronup.com\/de\/aktivitaten-fur-neurorehabilitation\/aktivitaten-fur-kognitive-funktionen\/aktivitaten-fur-aufmerksamkeit\/spiel-der-selektiven-aufmerksamkeit-fur-erwachsene-identifiziere-das-teil\/\" rel=\"bookmark\">Spiel zur selektiven Aufmerksamkeit f\u00fcr Erwachsene: Identifiziere das Teil<\/a><\/h3>\n<div class=\"entry-excerpt\"><p>Heute stellen wir dir unser neues Spiel Identifiziere das &hellip;<\/p>\n<\/div><\/div><\/article><\/div><\/div><\/div>\n\n\n\n<div class=\"wp-block-column is-vertically-aligned-top sticky is-layout-flow wp-block-column-is-layout-flow\" style=\"flex-basis:33.33%\">\n<div class=\"wp-block-buttons is-layout-flex wp-block-buttons-is-layout-flex\">\n<div class=\"wp-block-button\"><a class=\"wp-block-button__link button wp-element-button\" href=\"https:\/\/neuronup.com\/de\/einsatzbereiche\/kognitive-funktionen\/orientierung\/\">Orientierung<\/a><\/div>\n\n\n\n<div class=\"wp-block-button\"><a class=\"wp-block-button__link button wp-element-button\" href=\"https:\/\/neuronup.com\/de\/einsatzbereiche\/kognitive-funktionen\/gnosis\/\">Gnosis<\/a><\/div>\n\n\n\n<div class=\"wp-block-button\"><a class=\"wp-block-button__link button wp-element-button\" href=\"https:\/\/neuronup.com\/de\/einsatzbereiche\/kognitive-funktionen\/aufmerksamkeit\/\">Aufmerksamkeit<\/a><\/div>\n\n\n\n<div class=\"wp-block-button\"><a class=\"wp-block-button__link button wp-element-button\" href=\"https:\/\/neuronup.com\/de\/einsatzbereiche\/kognitive-funktionen\/exekutive-funktionen\/\">Exekutive Funktionen<\/a><\/div>\n\n\n\n<div class=\"wp-block-button\"><a class=\"wp-block-button__link button wp-element-button\" href=\"https:\/\/neuronup.com\/de\/einsatzbereiche\/kognitive-funktionen\/praxie\/\"><strong>Praxie<\/strong><\/a><\/div>\n\n\n\n<div class=\"wp-block-button\"><a class=\"wp-block-button__link button wp-element-button\" href=\"https:\/\/neuronup.com\/de\/einsatzbereiche\/kognitive-funktionen\/sprache\/\">Sprache<\/a><\/div>\n\n\n\n<div class=\"wp-block-button\"><a class=\"wp-block-button__link button wp-element-button\" href=\"https:\/\/neuronup.com\/de\/einsatzbereiche\/kognitive-funktionen\/gedachtnis\/\">Gedachtnis<\/a><\/div>\n\n\n\n<div class=\"wp-block-button\"><a class=\"wp-block-button__link button wp-element-button\" href=\"https:\/\/neuronup.com\/de\/einsatzbereiche\/kognitive-funktionen\/soziale-kognition\/\">Soziale Kognition<\/a><\/div>\n\n\n\n<div class=\"wp-block-button\"><a class=\"wp-block-button__link button wp-element-button\" href=\"https:\/\/neuronup.com\/de\/einsatzbereiche\/kognitive-funktionen\/visuell-raumliche-fahigkeiten\/\">Visuell-r\u00e4umliche F\u00e4higkeiten<\/a><\/div>\n<\/div>\n<\/div>\n<\/div>\n","protected":false},"excerpt":{"rendered":"<p>ES GIBT FOLGENDE PRAXIEN: Wozu dienen Praxien? Wie oben erl\u00e4utert, ist Praxie die F\u00e4higkeit, eine Bewegung auszuf\u00fchren. Wir nutzen sie, wenn wir gehen, uns anziehen oder andere motorische Aktivit\u00e4ten ausf\u00fchren. Die Unf\u00e4higkeit, diese Handlungen auszuf\u00fchren, wird Apraxie genannt. Zur Praxie geh\u00f6rt auch das Wissen um die Funktionen der Gegenst\u00e4nde, die wir benutzen wollen, oder um &hellip;<\/p>\n","protected":false},"author":1,"featured_media":27711,"parent":1350,"menu_order":0,"comment_status":"closed","ping_status":"closed","template":"","meta":{"_acf_changed":false,"_genesis_hide_title":false,"_genesis_hide_breadcrumbs":false,"_genesis_hide_singular_image":false,"_genesis_hide_footer_widgets":false,"_genesis_custom_body_class":"nup-style","_genesis_custom_post_class":"nup-style","_genesis_layout":"wide-content","footnotes":""},"class_list":{"1":"page","2":"type-page","6":"entry","7":"nup-style"},"acf":[],"_links":{"self":[{"href":"https:\/\/neuronup.com\/de\/wp-json\/wp\/v2\/pages\/1475","targetHints":{"allow":["GET"]}}],"collection":[{"href":"https:\/\/neuronup.com\/de\/wp-json\/wp\/v2\/pages"}],"about":[{"href":"https:\/\/neuronup.com\/de\/wp-json\/wp\/v2\/types\/page"}],"author":[{"embeddable":true,"href":"https:\/\/neuronup.com\/de\/wp-json\/wp\/v2\/users\/1"}],"replies":[{"embeddable":true,"href":"https:\/\/neuronup.com\/de\/wp-json\/wp\/v2\/comments?post=1475"}],"version-history":[{"count":0,"href":"https:\/\/neuronup.com\/de\/wp-json\/wp\/v2\/pages\/1475\/revisions"}],"up":[{"embeddable":true,"href":"https:\/\/neuronup.com\/de\/wp-json\/wp\/v2\/pages\/1350"}],"wp:featuredmedia":[{"embeddable":true,"href":"https:\/\/neuronup.com\/de\/wp-json\/wp\/v2\/media\/27711"}],"wp:attachment":[{"href":"https:\/\/neuronup.com\/de\/wp-json\/wp\/v2\/media?parent=1475"}],"curies":[{"name":"wp","href":"https:\/\/api.w.org\/{rel}","templated":true}]}}