{"id":1467,"date":"2021-06-01T15:13:07","date_gmt":"2021-06-01T15:13:07","guid":{"rendered":"https:\/\/neuronup.com\/de\/?page_id=1467"},"modified":"2025-02-28T08:09:54","modified_gmt":"2025-02-28T06:09:54","slug":"aufmerksamkeit","status":"publish","type":"page","link":"https:\/\/neuronup.com\/de\/einsatzbereiche\/kognitive-funktionen\/aufmerksamkeit\/","title":{"rendered":"Aufmerksamkeit"},"content":{"rendered":"\n<div class=\"wp-block-columns is-layout-flex wp-container-core-columns-is-layout-9d6595d7 wp-block-columns-is-layout-flex\">\n<div class=\"wp-block-column pr-5 is-layout-flow wp-block-column-is-layout-flow\" style=\"flex-basis:66.66%\">\n<blockquote class=\"wp-block-quote is-layout-flow wp-block-quote-is-layout-flow\">\n<p>Aufmerksamkeit bezeichnet den Zustand der Beobachtung und Wachsamkeit, der es uns erm\u00f6glicht, uns dessen bewusst zu werden, was in unserer Umgebung geschieht.<\/p>\n<cite><em>(Ballesteros, 2000)<\/em><\/cite><\/blockquote>\n\n\n\n<p class=\"pr-5\">Mit anderen Worten: Aufmerksamkeit ist die F\u00e4higkeit, einen f\u00fcr die korrekte Verarbeitung von Informationen geeigneten Zustand der Wachsamkeit zu erzeugen, zu steuern und aufrechtzuerhalten.<\/p>\n\n\n\n<p>Innerhalb dieser Funktion gibt es 5 verschiedene Prozesse:<\/p>\n\n\n\n<ul class=\"wp-block-list\">\n<li><strong>Anhaltende Aufmerksamkeit:<\/strong>&nbsp;Die F\u00e4higkeit, die Aufmerksamkeit \u00fcber einen l\u00e4ngeren Zeitraum hinweg gleichm\u00e4\u00dfig auf eine Aufgabe oder ein Ereignis zu richten. Diese Art der Aufmerksamkeit wird auch als Vigilanz bezeichnet.<\/li>\n\n\n\n<li><strong>Selektive Aufmerksamkeit:<\/strong>&nbsp;Die F\u00e4higkeit, die Aufmerksamkeit zu lenken und sich auf etwas zu konzentrieren, ohne zuzulassen, dass andere \u00e4u\u00dfere oder innere Reize die Aufgabe unterbrechen.<\/li>\n\n\n\n<li><strong>Wechselnde Aufmerksamkeit:<\/strong>&nbsp;Die F\u00e4higkeit, den Fokus von einer Aufgabe zu einer anderen zu verlagern.<\/li>\n\n\n\n<li><strong>Verarbeitungsgeschwindigkeit:<\/strong>&nbsp;Die Geschwindigkeit, mit der das Gehirn eine Aufgabe ausf\u00fchrt (nat\u00fcrlich variiert sie von Aufgabe zu Aufgabe, je nachdem, welche anderen kognitiven Funktionen an der Aufgabe beteiligt sind). Sie wird anhand der Zeit gemessen, die das Subjekt zwischen dem Erhalt des Reizes und der Reaktion ben\u00f6tigt.<\/li>\n\n\n\n<li><strong>Hemineglect:<\/strong>\u00a0Gro\u00dfe Schwierigkeit oder Unf\u00e4higkeit, die Aufmerksamkeit auf eine Seite (meist die linke) zu richten, sowohl in Bezug auf den eigenen K\u00f6rper als auch auf den Raum.<\/li>\n<\/ul>\n\n\n\n<h2 class=\"wp-block-heading\" id=\"para-que-sirve-la-atencion\">Wozu dient die Aufmerksamkeit?<\/h2>\n\n\n\n<p>Im Laufe unseres Lebens brauchen wir Aufmerksamkeit f\u00fcr alle m\u00f6glichen Dinge. Als Kinder lernen wir, uns auf bestimmte Reize zu konzentrieren und andere, die weniger wichtig sind, zu ignorieren. Manchmal k\u00f6nnen wir uns leicht an ein Gespr\u00e4ch erinnern, das wir gef\u00fchrt haben, aber wir sind nicht in der Lage, uns an andere, eher sekund\u00e4re Aspekte zu erinnern: den Ort, die Kleidung unseres Gespr\u00e4chspartners, ob es kalt oder hei\u00df war usw. Ein anderes Beispiel w\u00e4re, wenn wir uns lange auf etwas konzentrieren m\u00fcssen auch wenn es langweilig ist, wie z. B. bei einem Vortrag im Unterricht oder bei der Arbeit.<\/p>\n\n\n\n<h2 class=\"wp-block-heading\" id=\"ejercicios-de-neuronup-para-rehabilitar-la-atencion\">NeuronUP-\u00dcbungen zur Rehabilitation der Aufmerksamkeit<\/h2>\n\n\n\n<p><strong>Bei NeuronUP schlagen wir \u00dcbungen f\u00fcr verschiedene Arten der Aufmerksamkeit vor.&nbsp;<\/strong>In Bezug auf die anhaltende Aufmerksamkeit besteht die im Beispiel gezeigte \u00dcbung darin, das abgebildete Modell zu kopieren.<\/p>\n\n\n\n<figure class=\"wp-block-image size-full is-resized image-interface w-100 has-xxl-margin-bottom\"><img decoding=\"async\" width=\"600\" height=\"358\" src=\"https:\/\/neuronup.com\/de\/wp-content\/uploads\/2023\/12\/Aufmerksamkeitsspiel.webp\" alt=\"\" class=\"wp-image-27693\" srcset=\"https:\/\/neuronup.com\/de\/wp-content\/uploads\/2023\/12\/Aufmerksamkeitsspiel-300x179.webp 300w, https:\/\/neuronup.com\/de\/wp-content\/uploads\/2023\/12\/Aufmerksamkeitsspiel.webp 600w\" sizes=\"(max-width: 600px) 100vw, 600px\" \/><\/figure>\n\n\n\n<p>Eine der vorgeschlagenen \u00dcbungen, um die <strong>selektive Aufmerksamkeit<\/strong> zu trainieren, ist \u201eDas magische Wort\u201c, eine klassische Buchstabensuppe, bei der die Kinder die in einer Buchstabenmenge versteckten W\u00f6rter finden m\u00fcssen.<\/p>\n\n\n\n<figure class=\"wp-block-image size-full image-interface w-100 has-xxl-margin-bottom\"><img decoding=\"async\" width=\"600\" height=\"358\" src=\"https:\/\/neuronup.com\/de\/wp-content\/uploads\/2023\/12\/Aufmerksamkeitsspiel2.webp\" alt=\"\" class=\"wp-image-27694\" srcset=\"https:\/\/neuronup.com\/de\/wp-content\/uploads\/2023\/12\/Aufmerksamkeitsspiel2-300x179.webp 300w, https:\/\/neuronup.com\/de\/wp-content\/uploads\/2023\/12\/Aufmerksamkeitsspiel2.webp 600w\" sizes=\"(max-width: 600px) 100vw, 600px\" \/><\/figure>\n\n\n\n<p>Die n\u00e4chste Aufgabe, bei der Kinder ihre <strong>wechselnde Aufmerksamkeit<\/strong> trainieren k\u00f6nnen, besteht darin, dem Weg zum Schloss \u00fcber die verschiedenen Felder entsprechend den Anweisungen der Zeichnung zu folgen.<\/p>\n\n\n\n<figure class=\"wp-block-image size-full is-resized image-interface w-100\"><img decoding=\"async\" width=\"600\" height=\"358\" src=\"https:\/\/neuronup.com\/de\/wp-content\/uploads\/2023\/12\/Aufmerksamkeitsspiel3.webp\" alt=\"\" class=\"wp-image-27695\" srcset=\"https:\/\/neuronup.com\/de\/wp-content\/uploads\/2023\/12\/Aufmerksamkeitsspiel3-300x179.webp 300w, https:\/\/neuronup.com\/de\/wp-content\/uploads\/2023\/12\/Aufmerksamkeitsspiel3.webp 600w\" sizes=\"(max-width: 600px) 100vw, 600px\" \/><\/figure>\n\n\n\n<p>Ein Beispiel f\u00fcr eine \u00dcbung zur Verbesserung der Verarbeitungsgeschwindigkeit ist es, so schnell wie m\u00f6glich auf das Bild zu zeigen, das sich von den anderen Bildern einer Serie unterscheidet.<\/p>\n\n\n\n<div style=\"height:100px\" aria-hidden=\"true\" class=\"wp-block-spacer\"><\/div>\n\n\n\n<h3 class=\"wp-block-heading has-xl-margin-bottom\" id=\"consulta-nuestros-articulos-sobre-atencion\">Hier finden Sie weitere Artikel zum Thema Aufmerksamkeit:<\/h3>\n\n\n<div class=\"mai-grid entries entries-grid has-boxed has-image-full\" style=\"--entry-title-font-size:var(--font-size-lg);--align-text:start;--entry-meta-text-align:start;\"><div class=\"entries-wrap has-columns\" style=\"--columns-xs:1\/1;--columns-sm:1\/2;--columns-md:1\/2;--columns-lg:1\/2;--flex-xs:0 0 var(--flex-basis);--flex-sm:0 0 var(--flex-basis);--flex-md:0 0 var(--flex-basis);--flex-lg:0 0 var(--flex-basis);--column-gap:var(--spacing-lg);--row-gap:var(--spacing-lg);--align-columns:start;\"><article class=\"entry entry-grid is-column has-entry-link has-image has-image-first type-post category-aktivitaten-fur-aufmerksamkeit tag-aktivitaten-zur-kognitiven-stimulation tag-aktivitaten-zur-kognitiven-stimulation-fur-erwachsene tag-aufmerksamkeit tag-erwachsene\" style=\"--entry-index:1;\" aria-label=\"Spiel zur selektiven Aufmerksamkeit f\u00fcr Erwachsene: Identifiziere das Teil\" itemscope itemtype=\"https:\/\/schema.org\/CreativeWork\"><a class=\"entry-image-link\" href=\"https:\/\/neuronup.com\/de\/aktivitaten-fur-neurorehabilitation\/aktivitaten-fur-kognitive-funktionen\/aktivitaten-fur-aufmerksamkeit\/spiel-der-selektiven-aufmerksamkeit-fur-erwachsene-identifiziere-das-teil\/\" tabindex=\"-1\" aria-hidden=\"true\"><img decoding=\"async\" width=\"400\" height=\"224\" src=\"https:\/\/neuronup.com\/de\/wp-content\/uploads\/2025\/02\/identifica-la-pieza.webp\" class=\"entry-image size-landscape-sm\" alt=\"Identifiziere das St\u00fcck\" srcset=\"https:\/\/neuronup.com\/de\/wp-content\/uploads\/2025\/02\/identifica-la-pieza-300x168.webp 300w, https:\/\/neuronup.com\/de\/wp-content\/uploads\/2025\/02\/identifica-la-pieza-768x429.webp 768w, https:\/\/neuronup.com\/de\/wp-content\/uploads\/2025\/02\/identifica-la-pieza-1024x573.webp 1024w, https:\/\/neuronup.com\/de\/wp-content\/uploads\/2025\/02\/identifica-la-pieza.webp 1207w\" sizes=\"(max-width:599px) 599px, (min-width:600px) and (max-width: 799px) 399.5px, (min-width:800px) and (max-width: 999px) 499.5px, (min-width:1000px) 600px\" \/><\/a><div class=\"entry-wrap entry-wrap-grid\"><h3 class=\"entry-title\" itemprop=\"headline\"><a class=\"entry-title-link\" href=\"https:\/\/neuronup.com\/de\/aktivitaten-fur-neurorehabilitation\/aktivitaten-fur-kognitive-funktionen\/aktivitaten-fur-aufmerksamkeit\/spiel-der-selektiven-aufmerksamkeit-fur-erwachsene-identifiziere-das-teil\/\" rel=\"bookmark\">Spiel zur selektiven Aufmerksamkeit f\u00fcr Erwachsene: Identifiziere das Teil<\/a><\/h3>\n<div class=\"entry-excerpt\"><p>Heute stellen wir dir unser neues Spiel Identifiziere das &hellip;<\/p>\n<\/div><\/div><\/article><article class=\"entry entry-grid is-column has-entry-link has-image has-image-first type-post category-aktivitaten-fur-aufmerksamkeit tag-aktivitaten-zur-kognitiven-stimulation tag-aktivitaten-zur-kognitiven-stimulation-fur-erwachsene tag-aufmerksamkeit\" style=\"--entry-index:2;\" aria-label=\"Spiel zur Daueraufmerksamkeit f\u00fcr Erwachsene: Ger\u00e4usche z\u00e4hlen\" itemscope itemtype=\"https:\/\/schema.org\/CreativeWork\"><a class=\"entry-image-link\" href=\"https:\/\/neuronup.com\/de\/aktivitaten-fur-neurorehabilitation\/aktivitaten-fur-kognitive-funktionen\/aktivitaten-fur-aufmerksamkeit\/spiel-zur-anhaltenden-aufmerksamkeit-fur-erwachsene-gerauschzahlung\/\" tabindex=\"-1\" aria-hidden=\"true\"><img decoding=\"async\" width=\"400\" height=\"225\" src=\"https:\/\/neuronup.com\/de\/wp-content\/uploads\/2025\/02\/conteo-de-sonidos.webp\" class=\"entry-image size-landscape-sm\" alt=\"Ger\u00e4tez\u00e4hlung\" srcset=\"https:\/\/neuronup.com\/de\/wp-content\/uploads\/2025\/02\/conteo-de-sonidos-300x169.webp 300w, https:\/\/neuronup.com\/de\/wp-content\/uploads\/2025\/02\/conteo-de-sonidos-768x432.webp 768w, https:\/\/neuronup.com\/de\/wp-content\/uploads\/2025\/02\/conteo-de-sonidos-1024x576.webp 1024w, https:\/\/neuronup.com\/de\/wp-content\/uploads\/2025\/02\/conteo-de-sonidos.webp 1201w\" sizes=\"(max-width:599px) 599px, (min-width:600px) and (max-width: 799px) 399.5px, (min-width:800px) and (max-width: 999px) 499.5px, (min-width:1000px) 600px\" \/><\/a><div class=\"entry-wrap entry-wrap-grid\"><h3 class=\"entry-title\" itemprop=\"headline\"><a class=\"entry-title-link\" href=\"https:\/\/neuronup.com\/de\/aktivitaten-fur-neurorehabilitation\/aktivitaten-fur-kognitive-funktionen\/aktivitaten-fur-aufmerksamkeit\/spiel-zur-anhaltenden-aufmerksamkeit-fur-erwachsene-gerauschzahlung\/\" rel=\"bookmark\">Spiel zur Daueraufmerksamkeit f\u00fcr Erwachsene: Ger\u00e4usche z\u00e4hlen<\/a><\/h3>\n<div class=\"entry-excerpt\"><p>Heute stellen wir dir unser neues Spiel \u201eKlangz\u00e4hlung\u201c vor, &hellip;<\/p>\n<\/div><\/div><\/article><article class=\"entry entry-grid is-column has-entry-link has-image has-image-first type-post category-aktivitaten-fur-aufmerksamkeit tag-aktivitaten-zur-kognitiven-stimulation-fur-kinder tag-aufmerksamkeit tag-neuronup-nachrichten\" style=\"--entry-index:3;\" aria-label=\"Arbeitsblatt zum Trainieren der Unterscheidungsf\u00e4higkeit bei Kindern: Welches gibt es?\" itemscope itemtype=\"https:\/\/schema.org\/CreativeWork\"><a class=\"entry-image-link\" href=\"https:\/\/neuronup.com\/de\/aktivitaten-fur-neurorehabilitation\/aktivitaten-fur-kognitive-funktionen\/aktivitaten-fur-aufmerksamkeit\/arbeitsblatt-zur-verbesserung-der-diskriminierung-bei-kindern-welches-gibt-es\/\" tabindex=\"-1\" aria-hidden=\"true\"><img decoding=\"async\" width=\"400\" height=\"225\" src=\"https:\/\/neuronup.com\/de\/wp-content\/uploads\/2024\/05\/Ficha-discriminacion-en-ninos-Actividad-NeuronUP-Cual-existe.webp\" class=\"entry-image size-landscape-sm\" alt=\"Blatt zur F\u00f6rderung der Diskriminierung bei Kindern. NeuronUP-Aktivit\u00e4t: Welche gibt es?\" srcset=\"https:\/\/neuronup.com\/de\/wp-content\/uploads\/2024\/05\/Ficha-discriminacion-en-ninos-Actividad-NeuronUP-Cual-existe-300x169.webp 300w, https:\/\/neuronup.com\/de\/wp-content\/uploads\/2024\/05\/Ficha-discriminacion-en-ninos-Actividad-NeuronUP-Cual-existe-768x432.webp 768w, https:\/\/neuronup.com\/de\/wp-content\/uploads\/2024\/05\/Ficha-discriminacion-en-ninos-Actividad-NeuronUP-Cual-existe-1024x575.webp 1024w, https:\/\/neuronup.com\/de\/wp-content\/uploads\/2024\/05\/Ficha-discriminacion-en-ninos-Actividad-NeuronUP-Cual-existe.webp 1203w\" sizes=\"(max-width:599px) 599px, (min-width:600px) and (max-width: 799px) 399.5px, (min-width:800px) and (max-width: 999px) 499.5px, (min-width:1000px) 600px\" \/><\/a><div class=\"entry-wrap entry-wrap-grid\"><h3 class=\"entry-title\" itemprop=\"headline\"><a class=\"entry-title-link\" href=\"https:\/\/neuronup.com\/de\/aktivitaten-fur-neurorehabilitation\/aktivitaten-fur-kognitive-funktionen\/aktivitaten-fur-aufmerksamkeit\/arbeitsblatt-zur-verbesserung-der-diskriminierung-bei-kindern-welches-gibt-es\/\" rel=\"bookmark\">Arbeitsblatt zum Trainieren der Unterscheidungsf\u00e4higkeit bei Kindern: Welches gibt es?<\/a><\/h3>\n<div class=\"entry-excerpt\"><p>Heute stellen wir euch ein neues Arbeitsblatt zum Trainieren &hellip;<\/p>\n<\/div><\/div><\/article><article class=\"entry entry-grid is-column has-entry-link has-image has-image-first type-post category-adhs-aufmerksamkeitsdefizit-hyperaktivitatsstorung tag-adhs tag-neuroentwicklungsstorungen\" style=\"--entry-index:4;\" aria-label=\"Kurze historische \u00dcbersicht \u00fcber ADHS und ihre Auswirkungen auf die exekutiven Funktionen\" itemscope itemtype=\"https:\/\/schema.org\/CreativeWork\"><a class=\"entry-image-link\" href=\"https:\/\/neuronup.com\/de\/kognitive-stimulation-und-rehabilitation\/neurologische-entwicklungsstorungen\/adhs-aufmerksamkeitsdefizit-hyperaktivitatsstorung\/kurzer-historischer-uberblick-uber-adhs-und-deren-beeintrachtigung-der-exekutiven-funktionen\/\" tabindex=\"-1\" aria-hidden=\"true\"><img decoding=\"async\" width=\"400\" height=\"267\" src=\"https:\/\/neuronup.com\/de\/wp-content\/uploads\/2024\/02\/Nina-con-TDAH.webp\" class=\"entry-image size-landscape-sm\" alt=\"Kurze historische \u00dcbersicht \u00fcber ADHS und seine Auswirkungen auf die Exekutivfunktion\" srcset=\"https:\/\/neuronup.com\/de\/wp-content\/uploads\/2024\/02\/Nina-con-TDAH-300x200.webp 300w, https:\/\/neuronup.com\/de\/wp-content\/uploads\/2024\/02\/Nina-con-TDAH-768x512.webp 768w, https:\/\/neuronup.com\/de\/wp-content\/uploads\/2024\/02\/Nina-con-TDAH-1024x683.webp 1024w, https:\/\/neuronup.com\/de\/wp-content\/uploads\/2024\/02\/Nina-con-TDAH.webp 1201w\" sizes=\"(max-width:599px) 599px, (min-width:600px) and (max-width: 799px) 399.5px, (min-width:800px) and (max-width: 999px) 499.5px, (min-width:1000px) 600px\" \/><\/a><div class=\"entry-wrap entry-wrap-grid\"><h3 class=\"entry-title\" itemprop=\"headline\"><a class=\"entry-title-link\" href=\"https:\/\/neuronup.com\/de\/kognitive-stimulation-und-rehabilitation\/neurologische-entwicklungsstorungen\/adhs-aufmerksamkeitsdefizit-hyperaktivitatsstorung\/kurzer-historischer-uberblick-uber-adhs-und-deren-beeintrachtigung-der-exekutiven-funktionen\/\" rel=\"bookmark\">Kurze historische \u00dcbersicht \u00fcber ADHS und ihre Auswirkungen auf die exekutiven Funktionen<\/a><\/h3>\n<div class=\"entry-excerpt\"><p>Die Psychologin, Dozentin, Forscherin und Magistra f\u00fcr &hellip;<\/p>\n<\/div><\/div><\/article><\/div><\/div>\n\n<\/div>\n\n\n\n<div class=\"wp-block-column is-vertically-aligned-top sticky is-layout-flow wp-block-column-is-layout-flow\" style=\"flex-basis:33.33%\">\n<div class=\"wp-block-buttons is-layout-flex wp-block-buttons-is-layout-flex\">\n<div class=\"wp-block-button\"><a class=\"wp-block-button__link button wp-element-button\" href=\"https:\/\/neuronup.com\/de\/einsatzbereiche\/kognitive-funktionen\/orientierung\/\">Orientierung<\/a><\/div>\n\n\n\n<div class=\"wp-block-button\"><a class=\"wp-block-button__link button wp-element-button\" href=\"https:\/\/neuronup.com\/de\/einsatzbereiche\/kognitive-funktionen\/gnosis\/\">Gnosis<\/a><\/div>\n\n\n\n<div class=\"wp-block-button\"><a class=\"wp-block-button__link button wp-element-button\" href=\"https:\/\/neuronup.com\/de\/einsatzbereiche\/kognitive-funktionen\/aufmerksamkeit\/\"><strong>Aufmerksamkeit<\/strong><\/a><\/div>\n\n\n\n<div class=\"wp-block-button\"><a class=\"wp-block-button__link button wp-element-button\" href=\"https:\/\/neuronup.com\/de\/einsatzbereiche\/kognitive-funktionen\/exekutive-funktionen\/\">Exekutive Funktionen<\/a><\/div>\n\n\n\n<div class=\"wp-block-button\"><a class=\"wp-block-button__link button wp-element-button\" href=\"https:\/\/neuronup.com\/de\/einsatzbereiche\/kognitive-funktionen\/praxie\/\">Praxie<\/a><\/div>\n\n\n\n<div class=\"wp-block-button\"><a class=\"wp-block-button__link button wp-element-button\" href=\"https:\/\/neuronup.com\/de\/einsatzbereiche\/kognitive-funktionen\/sprache\/\">Sprache<\/a><\/div>\n\n\n\n<div class=\"wp-block-button\"><a class=\"wp-block-button__link button wp-element-button\" href=\"https:\/\/neuronup.com\/de\/einsatzbereiche\/kognitive-funktionen\/gedachtnis\/\">Ged\u00e4chtnis<\/a><\/div>\n\n\n\n<div class=\"wp-block-button\"><a class=\"wp-block-button__link button wp-element-button\" href=\"https:\/\/neuronup.com\/de\/einsatzbereiche\/kognitive-funktionen\/soziale-kognition\/\">Soziale Kognition<\/a><\/div>\n\n\n\n<div class=\"wp-block-button\"><a class=\"wp-block-button__link button wp-element-button\" href=\"https:\/\/neuronup.com\/de\/einsatzbereiche\/kognitive-funktionen\/visuell-raumliche-fahigkeiten\/\">Visuell-r\u00e4umliche F\u00e4higkeiten<\/a><\/div>\n<\/div>\n<\/div>\n<\/div>\n\n\n<p><!-- \/wp:post-content --><\/p>","protected":false},"excerpt":{"rendered":"<p>Aufmerksamkeit bezeichnet den Zustand der Beobachtung und Wachsamkeit, der es uns erm\u00f6glicht, uns dessen bewusst zu werden, was in unserer Umgebung geschieht. Mit anderen Worten: Aufmerksamkeit ist die F\u00e4higkeit, einen f\u00fcr die korrekte Verarbeitung von Informationen geeigneten Zustand der Wachsamkeit zu erzeugen, zu steuern und aufrechtzuerhalten. Innerhalb dieser Funktion gibt es 5 verschiedene Prozesse: Wozu &hellip;<\/p>\n","protected":false},"author":3,"featured_media":27697,"parent":1350,"menu_order":0,"comment_status":"closed","ping_status":"closed","template":"","meta":{"_acf_changed":false,"_genesis_hide_title":false,"_genesis_hide_breadcrumbs":false,"_genesis_hide_singular_image":false,"_genesis_hide_footer_widgets":false,"_genesis_custom_body_class":"nup-style","_genesis_custom_post_class":"nup-style","_genesis_layout":"wide-content","footnotes":""},"class_list":{"1":"page","2":"type-page","6":"entry","7":"nup-style"},"acf":[],"_links":{"self":[{"href":"https:\/\/neuronup.com\/de\/wp-json\/wp\/v2\/pages\/1467","targetHints":{"allow":["GET"]}}],"collection":[{"href":"https:\/\/neuronup.com\/de\/wp-json\/wp\/v2\/pages"}],"about":[{"href":"https:\/\/neuronup.com\/de\/wp-json\/wp\/v2\/types\/page"}],"author":[{"embeddable":true,"href":"https:\/\/neuronup.com\/de\/wp-json\/wp\/v2\/users\/3"}],"replies":[{"embeddable":true,"href":"https:\/\/neuronup.com\/de\/wp-json\/wp\/v2\/comments?post=1467"}],"version-history":[{"count":0,"href":"https:\/\/neuronup.com\/de\/wp-json\/wp\/v2\/pages\/1467\/revisions"}],"up":[{"embeddable":true,"href":"https:\/\/neuronup.com\/de\/wp-json\/wp\/v2\/pages\/1350"}],"wp:featuredmedia":[{"embeddable":true,"href":"https:\/\/neuronup.com\/de\/wp-json\/wp\/v2\/media\/27697"}],"wp:attachment":[{"href":"https:\/\/neuronup.com\/de\/wp-json\/wp\/v2\/media?parent=1467"}],"curies":[{"name":"wp","href":"https:\/\/api.w.org\/{rel}","templated":true}]}}