{"id":1444,"date":"2021-06-01T11:46:10","date_gmt":"2021-06-01T11:46:10","guid":{"rendered":"https:\/\/neuronup.com\/de\/?page_id=1444"},"modified":"2025-02-28T08:11:01","modified_gmt":"2025-02-28T06:11:01","slug":"gnosis","status":"publish","type":"page","link":"https:\/\/neuronup.com\/de\/einsatzbereiche\/kognitive-funktionen\/gnosis\/","title":{"rendered":"Gnosis"},"content":{"rendered":"\n<div class=\"wp-block-columns is-layout-flex wp-container-core-columns-is-layout-9d6595d7 wp-block-columns-is-layout-flex\">\n<div class=\"wp-block-column pr-5 is-layout-flow wp-block-column-is-layout-flow\" style=\"flex-basis:66.66%\">\n<p class=\"is-style-subheading\">EINFACHE GNOSIEN (BEI DENEN NUR EIN SINNESKANAL BETEILIGT IST):<\/p>\n\n\n\n<ul class=\"wp-block-list\">\n<li><strong>visuelle Gnosis:&nbsp;<\/strong>Die F\u00e4higkeit, verschiedene Reize (z. B. Gegenst\u00e4nde, Gesichter, Farben oder Formen) visuell zu erkennen und ihnen eine Bedeutung zuzuordnen<\/li>\n\n\n\n<li><strong>auditive Gnosis:\u00a0<\/strong>Die F\u00e4higkeit, verschiedene Reize (Ger\u00e4usche) auditiv zu erkennen<\/li>\n\n\n\n<li><strong>taktile Gnosis:\u00a0<\/strong>Die F\u00e4higkeit, verschiedene Reize wie Textur, Gegenst\u00e4nde oder Temperatur durch Ber\u00fchrung zu erkennen<\/li>\n\n\n\n<li><strong>olfaktorische Gnosis:\u00a0<\/strong>Die F\u00e4higkeit, Reize \u00fcber den Geruchssinn zu erkennen, z. B. verschiedene Ger\u00fcche<\/li>\n\n\n\n<li><strong>gustatorische Gnosis:\u00a0<\/strong>Die F\u00e4higkeit, verschiedene Geschmacksrichtungen \u00fcber den Geschmackssinn zu erkennen<\/li>\n<\/ul>\n\n\n\n<p>Komplexe Gnosien (bei denen mehrere Sinneskan\u00e4le beteiligt sind):<\/p>\n\n\n\n<ul class=\"wp-block-list\">\n<li><strong>K\u00f6rperschema:<\/strong> Die F\u00e4higkeit, den K\u00f6rper als Ganzes und seine verschiedenen Teile zu erkennen und gedanklich darstellen zu k\u00f6nnen; F\u00e4higkeit zur Durchf\u00fchrung von Bewegungen mit den einzelnen K\u00f6rperteilen und die r\u00e4umliche Orientierung des K\u00f6rpers zu behalten<\/li>\n<\/ul>\n\n\n\n<h2 class=\"wp-block-heading\" id=\"para-que-sirven-las-gnosias\">Wozu dienen Gnosien?<\/h2>\n\n\n\n<p>Gnosien sind f\u00fcr den Ablauf unseres t\u00e4glichen Lebens von entscheidender Bedeutung. Dank ihnen k\u00f6nnen wir z. B. unsere n\u00e4chsten Familienangeh\u00f6rigen erkennen (es gibt eine Krankheit namens Prosopagnosie bzw. Gesichtsblindheit, bei der der Patient nicht in der Lage ist, Gesichter zu erkennen) oder unser Lieblingslied identifizieren (es gibt Menschen, die aufgrund einer als Amusie bezeichneten St\u00f6rung keine Musik erkennen k\u00f6nnen).<\/p>\n\n\n\n<p>K\u00f6nnen Sie sich vorstellen, wie unser Leben aussehen w\u00fcrde, wenn wir bestimmte K\u00f6rperteile nicht als unsere eigenen identifizieren k\u00f6nnten? Oder wie es w\u00e4re, einen so gew\u00f6hnlichen Gegenstand wie einen L\u00f6ffel mit geschlossenen Augen zu ber\u00fchren und ihn nicht zu erkennen?<\/p>\n\n\n\n<h2 class=\"wp-block-heading\" id=\"ejercicios-de-neuronup-para-rehabilitar-las-gnosias\">NeuronUP-\u00dcbungen zur Rehabilitation von Gnosien<\/h2>\n\n\n\n<p class=\"has-lg-font-size\">NeuronUP kann Ihnen helfen, diese Probleme mit verschiedenen \u00dcbungen zu behandeln.<\/p>\n\n\n\n<p>Im Zusammenhang mit <strong>visuellen Gnosien<\/strong> gibt es \u00dcbungen wie das Erkennen von teilweise verdeckten Objekten (wir k\u00f6nnen ein Objekt nicht immer in seiner Gesamtheit sehen, und dennoch sind wir in der Lage, es zu erkennen, wenn wir einige seiner wichtigen Teile sehen) und die Auswahl von Objekten, die bestimmte Merkmale erf\u00fcllen.<\/p>\n\n\n\n<div style=\"height:100px\" aria-hidden=\"true\" class=\"wp-block-spacer\"><\/div>\n\n\n\n<h3 class=\"wp-block-heading\" id=\"consulta-nuestros-articulos-sobre-gnosias\">Finden Sie hier unsere Artikel zum Thema Gnosis<\/h3>\n\n\n<div class=\"mai-grid entries entries-grid has-boxed has-image-full\" style=\"--entry-title-font-size:var(--font-size-lg);--align-text:start;--entry-meta-text-align:start;\"><div class=\"entries-wrap has-columns\" style=\"--columns-xs:1\/1;--columns-sm:1\/2;--columns-md:1\/2;--columns-lg:1\/2;--flex-xs:0 0 var(--flex-basis);--flex-sm:0 0 var(--flex-basis);--flex-md:0 0 var(--flex-basis);--flex-lg:0 0 var(--flex-basis);--column-gap:var(--spacing-lg);--row-gap:var(--spacing-lg);--align-columns:start;\"><article class=\"entry entry-grid is-column has-entry-link has-image has-image-first type-post category-aktivitaten-fur-gnosis tag-aktivitaten-zur-kognitiven-stimulation tag-aktivitaten-zur-kognitiven-stimulation-fur-kinder tag-gnosien tag-kinder tag-neuronup-nachrichten\" style=\"--entry-index:1;\" aria-label=\"Arbeitsblatt zur F\u00f6rderung der visuellen Gnosien bei Kindern: Teilweise verdeckte Objekte\" itemscope itemtype=\"https:\/\/schema.org\/CreativeWork\"><a class=\"entry-image-link\" href=\"https:\/\/neuronup.com\/de\/aktivitaten-fur-neurorehabilitation\/aktivitaten-fur-kognitive-funktionen\/aktivitaten-fur-gnosis\/arbeitsblatt-zum-uben-visueller-gnosien-bei-kindern-mit-teilweise-verdeckten-objekten\/\" tabindex=\"-1\" aria-hidden=\"true\"><img decoding=\"async\" width=\"400\" height=\"271\" src=\"https:\/\/neuronup.com\/de\/wp-content\/uploads\/2023\/06\/Captura-de-pantalla-2023-06-19-a-las-14.27.11.webp\" class=\"entry-image size-landscape-sm\" alt=\"Arbeitsblatt zur Bearbeitung von visuellen Gnosien bei Kindern: Halbus verdeckte Objekte.\" srcset=\"https:\/\/neuronup.com\/de\/wp-content\/uploads\/2023\/06\/Captura-de-pantalla-2023-06-19-a-las-14.27.11-300x203.webp 300w, https:\/\/neuronup.com\/de\/wp-content\/uploads\/2023\/06\/Captura-de-pantalla-2023-06-19-a-las-14.27.11-768x520.webp 768w, https:\/\/neuronup.com\/de\/wp-content\/uploads\/2023\/06\/Captura-de-pantalla-2023-06-19-a-las-14.27.11-1024x693.webp 1024w, https:\/\/neuronup.com\/de\/wp-content\/uploads\/2023\/06\/Captura-de-pantalla-2023-06-19-a-las-14.27.11.webp 1254w\" sizes=\"(max-width:599px) 599px, (min-width:600px) and (max-width: 799px) 399.5px, (min-width:800px) and (max-width: 999px) 499.5px, (min-width:1000px) 600px\" \/><\/a><div class=\"entry-wrap entry-wrap-grid\"><h3 class=\"entry-title\" itemprop=\"headline\"><a class=\"entry-title-link\" href=\"https:\/\/neuronup.com\/de\/aktivitaten-fur-neurorehabilitation\/aktivitaten-fur-kognitive-funktionen\/aktivitaten-fur-gnosis\/arbeitsblatt-zum-uben-visueller-gnosien-bei-kindern-mit-teilweise-verdeckten-objekten\/\" rel=\"bookmark\">Arbeitsblatt zur F\u00f6rderung der visuellen Gnosien bei Kindern: Teilweise verdeckte Objekte<\/a><\/h3>\n<div class=\"entry-excerpt\"><p>Heute pr\u00e4sentieren wir euch ein neues Arbeitsblatt zur &hellip;<\/p>\n<\/div><\/div><\/article><article class=\"entry entry-grid is-column has-entry-link has-image has-image-first type-post category-aktivitaten-fur-gnosis tag-aktivitaten-zur-kognitiven-stimulation tag-aktivitaten-zur-kognitiven-stimulation-fur-kinder tag-gnosien tag-kinder tag-neuronup-nachrichten\" style=\"--entry-index:2;\" aria-label=\"Arbeitsblatt zur F\u00f6rderung visueller Gnosien bei Kindern: Bild vervollst\u00e4ndigen\" itemscope itemtype=\"https:\/\/schema.org\/CreativeWork\"><a class=\"entry-image-link\" href=\"https:\/\/neuronup.com\/de\/aktivitaten-fur-neurorehabilitation\/aktivitaten-fur-kognitive-funktionen\/aktivitaten-fur-gnosis\/arbeitsblatt-zum-bearbeiten-der-visuellen-gnosien-bei-kindern-erganze-das-bild\/\" tabindex=\"-1\" aria-hidden=\"true\"><img decoding=\"async\" width=\"400\" height=\"271\" src=\"https:\/\/neuronup.com\/de\/wp-content\/uploads\/2023\/04\/Captura-de-pantalla-2023-04-12-a-las-11.59.50.webp\" class=\"entry-image size-landscape-sm\" alt=\"Arbeitsblatt zur visuellen Gnosie bei Kindern: Vervollst\u00e4ndige das Bild.\" srcset=\"https:\/\/neuronup.com\/de\/wp-content\/uploads\/2023\/04\/Captura-de-pantalla-2023-04-12-a-las-11.59.50-300x203.webp 300w, https:\/\/neuronup.com\/de\/wp-content\/uploads\/2023\/04\/Captura-de-pantalla-2023-04-12-a-las-11.59.50-768x520.webp 768w, https:\/\/neuronup.com\/de\/wp-content\/uploads\/2023\/04\/Captura-de-pantalla-2023-04-12-a-las-11.59.50-1024x693.webp 1024w, https:\/\/neuronup.com\/de\/wp-content\/uploads\/2023\/04\/Captura-de-pantalla-2023-04-12-a-las-11.59.50.webp 1250w\" sizes=\"(max-width:599px) 599px, (min-width:600px) and (max-width: 799px) 399.5px, (min-width:800px) and (max-width: 999px) 499.5px, (min-width:1000px) 600px\" \/><\/a><div class=\"entry-wrap entry-wrap-grid\"><h3 class=\"entry-title\" itemprop=\"headline\"><a class=\"entry-title-link\" href=\"https:\/\/neuronup.com\/de\/aktivitaten-fur-neurorehabilitation\/aktivitaten-fur-kognitive-funktionen\/aktivitaten-fur-gnosis\/arbeitsblatt-zum-bearbeiten-der-visuellen-gnosien-bei-kindern-erganze-das-bild\/\" rel=\"bookmark\">Arbeitsblatt zur F\u00f6rderung visueller Gnosien bei Kindern: Bild vervollst\u00e4ndigen<\/a><\/h3>\n<div class=\"entry-excerpt\"><p>Heute pr\u00e4sentieren wir euch ein neues&nbsp;Arbeitsblatt zur &hellip;<\/p>\n<\/div><\/div><\/article><article class=\"entry entry-grid is-column has-entry-link has-image has-image-first type-post category-aktivitaten-fur-gnosis tag-aktivitaten-zur-kognitiven-stimulation tag-gnosien\" style=\"--entry-index:3;\" aria-label=\"5 Arbeitsbl\u00e4tter zur kognitiven Stimulation f\u00fcr Gnosien\" itemscope itemtype=\"https:\/\/schema.org\/CreativeWork\"><a class=\"entry-image-link\" href=\"https:\/\/neuronup.com\/de\/aktivitaten-fur-neurorehabilitation\/aktivitaten-fur-kognitive-funktionen\/aktivitaten-fur-gnosis\/5-arbeitsblatter-zur-kognitiven-stimulation-der-gnosien\/\" tabindex=\"-1\" aria-hidden=\"true\"><img decoding=\"async\" width=\"400\" height=\"270\" src=\"https:\/\/neuronup.com\/de\/wp-content\/uploads\/2022\/04\/Fichas-de-estimulacion-cognitiva-para-trabajar-las-gnosias-pizza-1-1-1.webp\" class=\"entry-image size-landscape-sm\" alt=\"Kognitive-Stimulationskarte f\u00fcr Gnosien - Aktivit\u00e4t unvollst\u00e4ndige Bilder\" srcset=\"https:\/\/neuronup.com\/de\/wp-content\/uploads\/2022\/04\/Fichas-de-estimulacion-cognitiva-para-trabajar-las-gnosias-pizza-1-1-1-300x203.webp 300w, https:\/\/neuronup.com\/de\/wp-content\/uploads\/2022\/04\/Fichas-de-estimulacion-cognitiva-para-trabajar-las-gnosias-pizza-1-1-1-768x519.webp 768w, https:\/\/neuronup.com\/de\/wp-content\/uploads\/2022\/04\/Fichas-de-estimulacion-cognitiva-para-trabajar-las-gnosias-pizza-1-1-1-1024x692.webp 1024w, https:\/\/neuronup.com\/de\/wp-content\/uploads\/2022\/04\/Fichas-de-estimulacion-cognitiva-para-trabajar-las-gnosias-pizza-1-1-1.webp 1200w\" sizes=\"(max-width:599px) 599px, (min-width:600px) and (max-width: 799px) 399.5px, (min-width:800px) and (max-width: 999px) 499.5px, (min-width:1000px) 600px\" \/><\/a><div class=\"entry-wrap entry-wrap-grid\"><h3 class=\"entry-title\" itemprop=\"headline\"><a class=\"entry-title-link\" href=\"https:\/\/neuronup.com\/de\/aktivitaten-fur-neurorehabilitation\/aktivitaten-fur-kognitive-funktionen\/aktivitaten-fur-gnosis\/5-arbeitsblatter-zur-kognitiven-stimulation-der-gnosien\/\" rel=\"bookmark\">5 Arbeitsbl\u00e4tter zur kognitiven Stimulation f\u00fcr Gnosien<\/a><\/h3>\n<div class=\"entry-excerpt\"><p>In diesem Artikel stellen wir 5 kognitive Stimulationskarten &hellip;<\/p>\n<\/div><\/div><\/article><article class=\"entry entry-grid is-column has-entry-link has-image has-image-first type-post category-aktivitaten-fur-gnosis tag-aktivitaten-zur-kognitiven-stimulation tag-gnosien tag-neuronup-nachrichten\" style=\"--entry-index:4;\" aria-label=\"Aktivit\u00e4t visueller Gnosien f\u00fcr Erwachsene\" itemscope itemtype=\"https:\/\/schema.org\/CreativeWork\"><a class=\"entry-image-link\" href=\"https:\/\/neuronup.com\/de\/aktivitaten-fur-neurorehabilitation\/aktivitaten-fur-kognitive-funktionen\/aktivitaten-fur-gnosis\/aktivitat-visueller-gnosien-fur-erwachsene\/\" tabindex=\"-1\" aria-hidden=\"true\"><img decoding=\"async\" width=\"400\" height=\"272\" src=\"https:\/\/neuronup.com\/de\/wp-content\/uploads\/2022\/01\/ES-clasifica-el-dinero-NeuronUP-2-1.webp\" class=\"entry-image size-landscape-sm\" alt=\"Aktivit\u00e4t der visuellen Gnosien f\u00fcr Erwachsene\" srcset=\"https:\/\/neuronup.com\/de\/wp-content\/uploads\/2022\/01\/ES-clasifica-el-dinero-NeuronUP-2-1-300x204.webp 300w, https:\/\/neuronup.com\/de\/wp-content\/uploads\/2022\/01\/ES-clasifica-el-dinero-NeuronUP-2-1-768x522.webp 768w, https:\/\/neuronup.com\/de\/wp-content\/uploads\/2022\/01\/ES-clasifica-el-dinero-NeuronUP-2-1-1024x696.webp 1024w, https:\/\/neuronup.com\/de\/wp-content\/uploads\/2022\/01\/ES-clasifica-el-dinero-NeuronUP-2-1.webp 1200w\" sizes=\"(max-width:599px) 599px, (min-width:600px) and (max-width: 799px) 399.5px, (min-width:800px) and (max-width: 999px) 499.5px, (min-width:1000px) 600px\" \/><\/a><div class=\"entry-wrap entry-wrap-grid\"><h3 class=\"entry-title\" itemprop=\"headline\"><a class=\"entry-title-link\" href=\"https:\/\/neuronup.com\/de\/aktivitaten-fur-neurorehabilitation\/aktivitaten-fur-kognitive-funktionen\/aktivitaten-fur-gnosis\/aktivitat-visueller-gnosien-fur-erwachsene\/\" rel=\"bookmark\">Aktivit\u00e4t visueller Gnosien f\u00fcr Erwachsene<\/a><\/h3>\n<div class=\"entry-excerpt\"><p>Wir pr\u00e4sentieren eine neue Aktivit\u00e4t zur visuellen Gnosis &hellip;<\/p>\n<\/div><\/div><\/article><article class=\"entry entry-grid is-column has-entry-link has-image has-image-first type-post category-aktivitaten-fur-gnosis tag-adhs tag-aktivitaten-zur-kognitiven-stimulation tag-aufmerksamkeit tag-kinder tag-neuroentwicklungsstorungen tag-neuronup-nachrichten\" style=\"--entry-index:5;\" aria-label=\"Aktivit\u00e4t, um Kindern den Umgang mit Geld beizubringen\" itemscope itemtype=\"https:\/\/schema.org\/CreativeWork\"><a class=\"entry-image-link\" href=\"https:\/\/neuronup.com\/de\/aktivitaten-fur-neurorehabilitation\/aktivitaten-fur-kognitive-funktionen\/aktivitaten-fur-gnosis\/aktivitat-um-den-kindern-den-umgang-mit-geld-beizubringen\/\" tabindex=\"-1\" aria-hidden=\"true\"><img decoding=\"async\" width=\"400\" height=\"300\" src=\"https:\/\/neuronup.com\/de\/wp-content\/uploads\/2021\/10\/Actividad-para-ensenar-a-los-ninos-el-manejo-del-dinero-1-1-1.webp\" class=\"entry-image size-landscape-sm\" alt=\"{}\" srcset=\"https:\/\/neuronup.com\/de\/wp-content\/uploads\/2021\/10\/Actividad-para-ensenar-a-los-ninos-el-manejo-del-dinero-1-1-1-300x225.webp 300w, https:\/\/neuronup.com\/de\/wp-content\/uploads\/2021\/10\/Actividad-para-ensenar-a-los-ninos-el-manejo-del-dinero-1-1-1-768x575.webp 768w, https:\/\/neuronup.com\/de\/wp-content\/uploads\/2021\/10\/Actividad-para-ensenar-a-los-ninos-el-manejo-del-dinero-1-1-1-1024x767.webp 1024w, https:\/\/neuronup.com\/de\/wp-content\/uploads\/2021\/10\/Actividad-para-ensenar-a-los-ninos-el-manejo-del-dinero-1-1-1.webp 1204w\" sizes=\"(max-width:599px) 599px, (min-width:600px) and (max-width: 799px) 399.5px, (min-width:800px) and (max-width: 999px) 499.5px, (min-width:1000px) 600px\" \/><\/a><div class=\"entry-wrap entry-wrap-grid\"><h3 class=\"entry-title\" itemprop=\"headline\"><a class=\"entry-title-link\" href=\"https:\/\/neuronup.com\/de\/aktivitaten-fur-neurorehabilitation\/aktivitaten-fur-kognitive-funktionen\/aktivitaten-fur-gnosis\/aktivitat-um-den-kindern-den-umgang-mit-geld-beizubringen\/\" rel=\"bookmark\">Aktivit\u00e4t, um Kindern den Umgang mit Geld beizubringen<\/a><\/h3>\n<div class=\"entry-excerpt\"><p>Diese Woche stellen wir, dank des Vorschlags des Zentrums El &hellip;<\/p>\n<\/div><\/div><\/article><\/div><\/div><\/div>\n\n\n\n<div class=\"wp-block-column is-vertically-aligned-top sticky is-layout-flow wp-block-column-is-layout-flow\" style=\"flex-basis:33.33%\">\n<div class=\"wp-block-buttons is-layout-flex wp-block-buttons-is-layout-flex\">\n<div class=\"wp-block-button\"><a class=\"wp-block-button__link button wp-element-button\" href=\"https:\/\/neuronup.com\/de\/einsatzbereiche\/kognitive-funktionen\/orientierung\/\">Orientierung<\/a><\/div>\n\n\n\n<div class=\"wp-block-button\"><a class=\"wp-block-button__link button wp-element-button\" href=\"https:\/\/neuronup.com\/de\/einsatzbereiche\/kognitive-funktionen\/gnosis\/\"><strong>Gnosis<\/strong><\/a><\/div>\n\n\n\n<div class=\"wp-block-button\"><a class=\"wp-block-button__link button wp-element-button\" href=\"https:\/\/neuronup.com\/de\/einsatzbereiche\/kognitive-funktionen\/aufmerksamkeit\/\">Aufmerksamkeit<\/a><\/div>\n\n\n\n<div class=\"wp-block-button\"><a class=\"wp-block-button__link button wp-element-button\" href=\"https:\/\/neuronup.com\/de\/einsatzbereiche\/kognitive-funktionen\/exekutive-funktionen\/\">Exekutive Funktionen<\/a><\/div>\n\n\n\n<div class=\"wp-block-button\"><a class=\"wp-block-button__link button wp-element-button\" href=\"https:\/\/neuronup.com\/de\/einsatzbereiche\/kognitive-funktionen\/praxie\/\">Praxie<\/a><\/div>\n\n\n\n<div class=\"wp-block-button\"><a class=\"wp-block-button__link button wp-element-button\" href=\"https:\/\/neuronup.com\/de\/einsatzbereiche\/kognitive-funktionen\/sprache\/\">Sprache<\/a><\/div>\n\n\n\n<div class=\"wp-block-button\"><a class=\"wp-block-button__link button wp-element-button\" href=\"https:\/\/neuronup.com\/de\/einsatzbereiche\/kognitive-funktionen\/gedachtnis\/\">Gedachtnis<\/a><\/div>\n\n\n\n<div class=\"wp-block-button\"><a class=\"wp-block-button__link button wp-element-button\" href=\"https:\/\/neuronup.com\/de\/einsatzbereiche\/kognitive-funktionen\/soziale-kognition\/\">Soziale Kognition<\/a><\/div>\n\n\n\n<div class=\"wp-block-button\"><a class=\"wp-block-button__link button wp-element-button\" href=\"https:\/\/neuronup.com\/de\/einsatzbereiche\/kognitive-funktionen\/visuell-raumliche-fahigkeiten\/\">Visuell-r\u00e4umliche F\u00e4higkeiten<\/a><\/div>\n<\/div>\n<\/div>\n<\/div>\n\n\n<p><!-- \/wp:post-content --><\/p>","protected":false},"excerpt":{"rendered":"<p>EINFACHE GNOSIEN (BEI DENEN NUR EIN SINNESKANAL BETEILIGT IST): Komplexe Gnosien (bei denen mehrere Sinneskan\u00e4le beteiligt sind): Wozu dienen Gnosien? Gnosien sind f\u00fcr den Ablauf unseres t\u00e4glichen Lebens von entscheidender Bedeutung. Dank ihnen k\u00f6nnen wir z. B. unsere n\u00e4chsten Familienangeh\u00f6rigen erkennen (es gibt eine Krankheit namens Prosopagnosie bzw. Gesichtsblindheit, bei der der Patient nicht in &hellip;<\/p>\n","protected":false},"author":1,"featured_media":27685,"parent":1350,"menu_order":0,"comment_status":"closed","ping_status":"closed","template":"","meta":{"_acf_changed":false,"_genesis_hide_title":false,"_genesis_hide_breadcrumbs":false,"_genesis_hide_singular_image":false,"_genesis_hide_footer_widgets":false,"_genesis_custom_body_class":"nup-style","_genesis_custom_post_class":"nup-style","_genesis_layout":"wide-content","footnotes":""},"class_list":{"1":"page","2":"type-page","6":"entry","7":"nup-style"},"acf":[],"_links":{"self":[{"href":"https:\/\/neuronup.com\/de\/wp-json\/wp\/v2\/pages\/1444","targetHints":{"allow":["GET"]}}],"collection":[{"href":"https:\/\/neuronup.com\/de\/wp-json\/wp\/v2\/pages"}],"about":[{"href":"https:\/\/neuronup.com\/de\/wp-json\/wp\/v2\/types\/page"}],"author":[{"embeddable":true,"href":"https:\/\/neuronup.com\/de\/wp-json\/wp\/v2\/users\/1"}],"replies":[{"embeddable":true,"href":"https:\/\/neuronup.com\/de\/wp-json\/wp\/v2\/comments?post=1444"}],"version-history":[{"count":0,"href":"https:\/\/neuronup.com\/de\/wp-json\/wp\/v2\/pages\/1444\/revisions"}],"up":[{"embeddable":true,"href":"https:\/\/neuronup.com\/de\/wp-json\/wp\/v2\/pages\/1350"}],"wp:featuredmedia":[{"embeddable":true,"href":"https:\/\/neuronup.com\/de\/wp-json\/wp\/v2\/media\/27685"}],"wp:attachment":[{"href":"https:\/\/neuronup.com\/de\/wp-json\/wp\/v2\/media?parent=1444"}],"curies":[{"name":"wp","href":"https:\/\/api.w.org\/{rel}","templated":true}]}}