{"id":1432,"date":"2021-06-01T11:16:00","date_gmt":"2021-06-01T11:16:00","guid":{"rendered":"https:\/\/neuronup.com\/de\/?page_id=1432"},"modified":"2025-02-28T08:11:22","modified_gmt":"2025-02-28T06:11:22","slug":"orientierung","status":"publish","type":"page","link":"https:\/\/neuronup.com\/de\/einsatzbereiche\/kognitive-funktionen\/orientierung\/","title":{"rendered":"Orientierung"},"content":{"rendered":"\n<div class=\"wp-block-columns is-layout-flex wp-container-core-columns-is-layout-9d6595d7 wp-block-columns-is-layout-flex\">\n<div class=\"wp-block-column pr-5 is-layout-flow wp-block-column-is-layout-flow\" style=\"flex-basis:66.66%\">\n<p class=\"is-style-subheading\">man unterscheidet DREI ARTEN DER ORIENTIERUNG:<\/p>\n\n\n\n<ul class=\"wp-block-list\">\n<li><strong>Personelle Orientierung:<\/strong> Die F\u00e4higkeit, Informationen \u00fcber die pers\u00f6nliche Geschichte und Identit\u00e4t wie Alter, Familienstand oder Bildung zu integrieren<\/li>\n\n\n\n<li><strong>Zeitliche Orientierung<\/strong>: Die F\u00e4higkeit, Informationen \u00fcber verschiedene Ereignisse oder Situationen zu verarbeiten und sie zeitlich hinsichtlich Tag, Uhrzeit, Monat, Jahr, Zeitpunkte f\u00fcr bestimmte Verhaltensweisen, Feiertage, Jahreszeiten usw. einzuordnen<\/li>\n\n\n\n<li><strong>R\u00e4umliche Orientierung:<\/strong>&nbsp;Die F\u00e4higkeit, Informationen dar\u00fcber zu verarbeiten, woher man kommt, wo man sich zu einem bestimmten Zeitpunkt befindet, wohin man geht usw.<\/li>\n<\/ul>\n\n\n\n<h3 class=\"wp-block-heading\" id=\"para-que-sirve-la-orientacion\">Wozu dient die Orientierung?<\/h3>\n\n\n\n<p>Einer der wichtigsten Aspekte unseres Lebens ist es, sich selbst und andere in einer Situation oder einem Moment einordnen zu k\u00f6nnen. Dazu muss man eine gute Orientierung zu sich selbst und seine Umgebung sowie zu wichtigen Begriffen wie Raum und Zeit, in denen man sich befindet, haben.<\/p>\n\n\n\n<p>Es ist wichtig jeden Tag zu wissen, welcher Tag oder welche Uhrzeit es ist und welche T\u00e4tigkeiten man zu dieser Zeit aus\u00fcben sollte (morgens fr\u00fchst\u00fccken, abends ins Bett gehen, sich am Wochenende seinen Hobbys widmen usw.).<\/p>\n\n\n\n\n\n<h3 class=\"wp-block-heading\" id=\"ejercicios-de-neuronup-para-rehabilitar-la-orientacion\">NeuronUP-\u00dcbungen zur Rehabilitation der Orientierung<\/h3>\n\n\n\n<p>Um die <strong>personelle Orientierung<\/strong> zu verbessern, haben wir \u00dcbungen entwickelt, bei denen der Patient diverse Fragen zu seinem pers\u00f6nlichen Leben beantworten muss. Die \u00dcbung kann je nach den Bed\u00fcrfnissen des Patienten in Bezug auf Schwierigkeit und Hilfsmittel angepasst werden.<\/p>\n\n\n\n<p>In Bezug auf die <strong>zeitliche Orientierung<\/strong> gibt es \u00dcbungen, bei denen die Patient:innen sagen m\u00fcssen, wie sp\u00e4t es ist, welcher Monat es ist oder welche Jahreszeit es ist.<\/p>\n\n\n\n<figure class=\"wp-block-image size-full\"><img decoding=\"async\" width=\"768\" height=\"574\" src=\"https:\/\/neuronup.com\/de\/wp-content\/uploads\/2024\/03\/Uebung-zeitliche-Orientierung.webp\" alt=\"\u00dcbung-zeitliche-Orientierung\" class=\"wp-image-29677\" srcset=\"https:\/\/neuronup.com\/de\/wp-content\/uploads\/2024\/03\/Uebung-zeitliche-Orientierung-300x224.webp 300w, https:\/\/neuronup.com\/de\/wp-content\/uploads\/2024\/03\/Uebung-zeitliche-Orientierung-400x300.webp 400w, https:\/\/neuronup.com\/de\/wp-content\/uploads\/2024\/03\/Uebung-zeitliche-Orientierung.webp 768w\" sizes=\"(max-width: 768px) 100vw, 768px\" \/><figcaption class=\"wp-element-caption\">NeuronUP \u00dcbung zur zeitlichen Orientierung<\/figcaption><\/figure>\n\n\n\n<div style=\"height:25px\" aria-hidden=\"true\" class=\"wp-block-spacer\"><\/div>\n\n\n\n<p>Und schlie\u00dflich konzentriert sich eine der von NeuronUP vorgeschlagenen \u00dcbungen zur <strong>r\u00e4umlichen Orientierung<\/strong> darauf, verschiedene Objekte mit den Orten in Verbindung zu bringen, an denen sie erworben werden und welche Berufsgruppen f\u00fcr sie zust\u00e4ndig sind.<\/p>\n\n\n\n<figure class=\"wp-block-image size-full\"><img decoding=\"async\" width=\"767\" height=\"574\" src=\"https:\/\/neuronup.com\/de\/wp-content\/uploads\/2024\/07\/Neuron-UP-Uebung-Wo-ist-es.webp\" alt=\"Neuron-UP-\u00dcbung-Wo-ist-es\" class=\"wp-image-30931\" srcset=\"https:\/\/neuronup.com\/de\/wp-content\/uploads\/2024\/07\/Neuron-UP-Uebung-Wo-ist-es-300x225.webp 300w, https:\/\/neuronup.com\/de\/wp-content\/uploads\/2024\/07\/Neuron-UP-Uebung-Wo-ist-es-400x300.webp 400w, https:\/\/neuronup.com\/de\/wp-content\/uploads\/2024\/07\/Neuron-UP-Uebung-Wo-ist-es.webp 767w\" sizes=\"(max-width: 767px) 100vw, 767px\" \/><\/figure>\n\n\n\n<div style=\"height:100px\" aria-hidden=\"true\" class=\"wp-block-spacer\"><\/div>\n\n\n\n<h3 class=\"wp-block-heading has-xxl-margin-bottom\" id=\"consulta-nuestros-articulos-sobre-orientacion\">Lesen Sie unsere Artikel zum Thema Orientierung:<\/h3>\n\n\n\n\n<div class=\"mai-grid entries entries-grid has-boxed has-image-full\" style=\"--entry-title-font-size:var(--font-size-lg);--align-text:start;--entry-meta-text-align:start;\"><div class=\"entries-wrap has-columns\" style=\"--columns-xs:1\/1;--columns-sm:1\/2;--columns-md:1\/2;--columns-lg:1\/2;--flex-xs:0 0 var(--flex-basis);--flex-sm:0 0 var(--flex-basis);--flex-md:0 0 var(--flex-basis);--flex-lg:0 0 var(--flex-basis);--column-gap:var(--spacing-lg);--row-gap:var(--spacing-lg);--align-columns:start;\"><article class=\"entry entry-grid is-column has-entry-link has-image has-image-first type-post category-kognitive-beeintrachtigung tag-altere-erwachsene tag-erfahrungsberichte tag-normales-altern\" style=\"--entry-index:1;\" aria-label=\"Pr\u00e4vention kognitiven Abbaus bei gesunden Personen\" itemscope itemtype=\"https:\/\/schema.org\/CreativeWork\"><a class=\"entry-image-link\" href=\"https:\/\/neuronup.com\/de\/kognitive-stimulation-und-rehabilitation\/kognitive-beeintrachtigung\/die-vorbeugung-des-kognitiven-abbaus-bei-gesunden-menschen\/\" tabindex=\"-1\" aria-hidden=\"true\"><img decoding=\"async\" width=\"400\" height=\"300\" src=\"https:\/\/neuronup.com\/de\/wp-content\/uploads\/2022\/02\/La-prevencion-del-declive-cognitivo-en-poblacion-sana.webp\" class=\"entry-image size-landscape-sm\" alt=\"Die Pr\u00e4vention des kognitiven Schwunds bei einer gesunden Bev\u00f6lkerung\" srcset=\"https:\/\/neuronup.com\/de\/wp-content\/uploads\/2022\/02\/La-prevencion-del-declive-cognitivo-en-poblacion-sana-300x225.webp 300w, https:\/\/neuronup.com\/de\/wp-content\/uploads\/2022\/02\/La-prevencion-del-declive-cognitivo-en-poblacion-sana-768x576.webp 768w, https:\/\/neuronup.com\/de\/wp-content\/uploads\/2022\/02\/La-prevencion-del-declive-cognitivo-en-poblacion-sana-1024x768.webp 1024w, https:\/\/neuronup.com\/de\/wp-content\/uploads\/2022\/02\/La-prevencion-del-declive-cognitivo-en-poblacion-sana.webp 1205w\" sizes=\"(max-width:599px) 599px, (min-width:600px) and (max-width: 799px) 399.5px, (min-width:800px) and (max-width: 999px) 499.5px, (min-width:1000px) 600px\" \/><\/a><div class=\"entry-wrap entry-wrap-grid\"><h3 class=\"entry-title\" itemprop=\"headline\"><a class=\"entry-title-link\" href=\"https:\/\/neuronup.com\/de\/kognitive-stimulation-und-rehabilitation\/kognitive-beeintrachtigung\/die-vorbeugung-des-kognitiven-abbaus-bei-gesunden-menschen\/\" rel=\"bookmark\">Pr\u00e4vention kognitiven Abbaus bei gesunden Personen<\/a><\/h3>\n<div class=\"entry-excerpt\"><p>Anna und Silvia, Neuropsychologinnen bei AVAN, erkl\u00e4ren uns, &hellip;<\/p>\n<\/div><\/div><\/article><article class=\"entry entry-grid is-column has-entry-link has-image has-image-first type-post category-aktivitaten-zur-orientierung tag-aktivitaten-zur-kognitiven-stimulation tag-orientierung\" style=\"--entry-index:2;\" aria-label=\"Orientierung: Definition, Arten und Orientierungsaktivit\u00e4ten\" itemscope itemtype=\"https:\/\/schema.org\/CreativeWork\"><a class=\"entry-image-link\" href=\"https:\/\/neuronup.com\/de\/aktivitaten-fur-neurorehabilitation\/aktivitaten-fur-kognitive-funktionen\/aktivitaten-zur-orientierung\/orientierung-definition-arten-und-aktivitaten-der-orientierung\/\" tabindex=\"-1\" aria-hidden=\"true\"><img decoding=\"async\" width=\"400\" height=\"269\" src=\"https:\/\/neuronup.com\/de\/wp-content\/uploads\/2022\/01\/Actividades-de-orientacionObjetos-en-el-hogar.webp\" class=\"entry-image size-landscape-sm\" alt=\"Orientierungsaktivit\u00e4t Gegenst\u00e4nde im Zuhause\" srcset=\"https:\/\/neuronup.com\/de\/wp-content\/uploads\/2022\/01\/Actividades-de-orientacionObjetos-en-el-hogar-300x202.webp 300w, https:\/\/neuronup.com\/de\/wp-content\/uploads\/2022\/01\/Actividades-de-orientacionObjetos-en-el-hogar-768x517.webp 768w, https:\/\/neuronup.com\/de\/wp-content\/uploads\/2022\/01\/Actividades-de-orientacionObjetos-en-el-hogar-1024x689.webp 1024w, https:\/\/neuronup.com\/de\/wp-content\/uploads\/2022\/01\/Actividades-de-orientacionObjetos-en-el-hogar.webp 1200w\" sizes=\"(max-width:599px) 599px, (min-width:600px) and (max-width: 799px) 399.5px, (min-width:800px) and (max-width: 999px) 499.5px, (min-width:1000px) 600px\" \/><\/a><div class=\"entry-wrap entry-wrap-grid\"><h3 class=\"entry-title\" itemprop=\"headline\"><a class=\"entry-title-link\" href=\"https:\/\/neuronup.com\/de\/aktivitaten-fur-neurorehabilitation\/aktivitaten-fur-kognitive-funktionen\/aktivitaten-zur-orientierung\/orientierung-definition-arten-und-aktivitaten-der-orientierung\/\" rel=\"bookmark\">Orientierung: Definition, Arten und Orientierungsaktivit\u00e4ten<\/a><\/h3>\n<div class=\"entry-excerpt\"><p>F\u00fcr die meisten von uns mag es einfach sein, Fragen wie: Wer &hellip;<\/p>\n<\/div><\/div><\/article><\/div><\/div><\/div>\n\n\n\n<div class=\"wp-block-column is-vertically-aligned-top sticky is-layout-flow wp-block-column-is-layout-flow\" style=\"flex-basis:33.33%\">\n<div class=\"wp-block-buttons is-layout-flex wp-block-buttons-is-layout-flex\">\n<div class=\"wp-block-button\"><a class=\"wp-block-button__link button wp-element-button\" href=\"https:\/\/neuronup.com\/de\/einsatzbereiche\/kognitive-funktionen\/orientierung\/\"><strong>Orientierung<\/strong><\/a><\/div>\n\n\n\n<div class=\"wp-block-button\"><a class=\"wp-block-button__link button wp-element-button\" href=\"https:\/\/neuronup.com\/de\/einsatzbereiche\/kognitive-funktionen\/gnosis\/\">Gnosis<\/a><\/div>\n\n\n\n<div class=\"wp-block-button\"><a class=\"wp-block-button__link button wp-element-button\" href=\"https:\/\/neuronup.com\/de\/einsatzbereiche\/kognitive-funktionen\/aufmerksamkeit\/\">Aufmerksamkeit<\/a><\/div>\n\n\n\n<div class=\"wp-block-button\"><a class=\"wp-block-button__link button wp-element-button\" href=\"https:\/\/neuronup.com\/de\/einsatzbereiche\/kognitive-funktionen\/exekutive-funktionen\/\">Exekutive Funktionen<\/a><\/div>\n\n\n\n<div class=\"wp-block-button\"><a class=\"wp-block-button__link button wp-element-button\" href=\"https:\/\/neuronup.com\/de\/einsatzbereiche\/kognitive-funktionen\/praxie\/\">Praxie<\/a><\/div>\n\n\n\n<div class=\"wp-block-button\"><a class=\"wp-block-button__link button wp-element-button\" href=\"https:\/\/neuronup.com\/de\/einsatzbereiche\/kognitive-funktionen\/sprache\/\">Sprache<\/a><\/div>\n\n\n\n<div class=\"wp-block-button\"><a class=\"wp-block-button__link button wp-element-button\" href=\"https:\/\/neuronup.com\/de\/einsatzbereiche\/kognitive-funktionen\/gedachtnis\/\">Ged\u00e4chtnis<\/a><\/div>\n\n\n\n<div class=\"wp-block-button\"><a class=\"wp-block-button__link button wp-element-button\" href=\"https:\/\/neuronup.com\/de\/einsatzbereiche\/kognitive-funktionen\/soziale-kognition\/\">Soziale Kognition<\/a><\/div>\n\n\n\n<div class=\"wp-block-button\"><a class=\"wp-block-button__link button wp-element-button\" href=\"https:\/\/neuronup.com\/de\/einsatzbereiche\/kognitive-funktionen\/visuell-raumliche-fahigkeiten\/\">Visuell-r\u00e4umliche F\u00e4higkeiten<\/a><\/div>\n<\/div>\n<\/div>\n<\/div>\n\n\n","protected":false},"excerpt":{"rendered":"<p>man unterscheidet DREI ARTEN DER ORIENTIERUNG: Wozu dient die Orientierung? Einer der wichtigsten Aspekte unseres Lebens ist es, sich selbst und andere in einer Situation oder einem Moment einordnen zu k\u00f6nnen. Dazu muss man eine gute Orientierung zu sich selbst und seine Umgebung sowie zu wichtigen Begriffen wie Raum und Zeit, in denen man sich &hellip;<\/p>\n","protected":false},"author":1,"featured_media":27679,"parent":1350,"menu_order":0,"comment_status":"closed","ping_status":"closed","template":"","meta":{"_acf_changed":false,"_genesis_hide_title":false,"_genesis_hide_breadcrumbs":false,"_genesis_hide_singular_image":false,"_genesis_hide_footer_widgets":false,"_genesis_custom_body_class":"nup-style","_genesis_custom_post_class":"nup-style","_genesis_layout":"wide-content","footnotes":""},"class_list":{"1":"page","2":"type-page","6":"entry","7":"nup-style"},"acf":[],"_links":{"self":[{"href":"https:\/\/neuronup.com\/de\/wp-json\/wp\/v2\/pages\/1432","targetHints":{"allow":["GET"]}}],"collection":[{"href":"https:\/\/neuronup.com\/de\/wp-json\/wp\/v2\/pages"}],"about":[{"href":"https:\/\/neuronup.com\/de\/wp-json\/wp\/v2\/types\/page"}],"author":[{"embeddable":true,"href":"https:\/\/neuronup.com\/de\/wp-json\/wp\/v2\/users\/1"}],"replies":[{"embeddable":true,"href":"https:\/\/neuronup.com\/de\/wp-json\/wp\/v2\/comments?post=1432"}],"version-history":[{"count":0,"href":"https:\/\/neuronup.com\/de\/wp-json\/wp\/v2\/pages\/1432\/revisions"}],"up":[{"embeddable":true,"href":"https:\/\/neuronup.com\/de\/wp-json\/wp\/v2\/pages\/1350"}],"wp:featuredmedia":[{"embeddable":true,"href":"https:\/\/neuronup.com\/de\/wp-json\/wp\/v2\/media\/27679"}],"wp:attachment":[{"href":"https:\/\/neuronup.com\/de\/wp-json\/wp\/v2\/media?parent=1432"}],"curies":[{"name":"wp","href":"https:\/\/api.w.org\/{rel}","templated":true}]}}