{"id":12179,"date":"2022-03-24T15:40:47","date_gmt":"2022-03-24T13:40:47","guid":{"rendered":"https:\/\/neuronup.com\/de\/?page_id=12179"},"modified":"2025-08-11T11:59:03","modified_gmt":"2025-08-11T09:59:03","slug":"kontakt","status":"publish","type":"page","link":"https:\/\/neuronup.com\/de\/kontakt\/","title":{"rendered":"Kontakt zu NeuronUP, Plattform f\u00fcr Neurorehabilitation f\u00fcr Fachkr\u00e4fte"},"content":{"rendered":"<div class=\"wp-block-image\">\n<figure class=\"aligncenter size-full\"><img decoding=\"async\" width=\"101\" height=\"101\" src=\"https:\/\/neuronup.com\/de\/wp-content\/uploads\/2023\/12\/neuronup-Kontakt.webp\" alt=\"\" class=\"wp-image-27642\" srcset=\"https:\/\/neuronup.com\/de\/wp-content\/uploads\/2023\/12\/neuronup-Kontakt-80x80.webp 80w, https:\/\/neuronup.com\/de\/wp-content\/uploads\/2023\/12\/neuronup-Kontakt.webp 101w\" sizes=\"(max-width: 101px) 100vw, 101px\" \/><\/figure>\n<\/div>\n\n\n<h1 class=\"wp-block-heading has-text-align-center\">Kontakt<\/h1>\n\n\n\n<p class=\"has-text-align-center has-xxl-margin-bottom\">Wenn Sie Fragen haben, rufen Sie uns bitte an oder schreiben Sie uns.<\/p>\n\n\n\n<p class=\"has-text-align-center has-xxl-margin-bottom\">Das NeuronUP-Team steht Ihnen gerne zur Verf\u00fcgung.<\/p>\n\n\n\n<div class=\"wp-block-columns alignwide is-layout-flex wp-container-core-columns-is-layout-9d6595d7 wp-block-columns-is-layout-flex\">\n<div class=\"wp-block-column testimonial-block p-3 br-0101 is-layout-flow wp-block-column-is-layout-flow\">\n<h2 class=\"wp-block-heading has-text-align-center has-xl-font-size has-xl-margin-top\">Vertrieb<\/h2>\n\n\n\n<p class=\"has-text-align-center\">Kl\u00e4ren Sie Ihre Fragen zu unserer Plattform oder vereinbaren Sie einen Videoanruf, um mehr \u00fcber NeuronUp und wie unsere Plattform benutzt wird, zu erfahren.<\/p>\n\n\n\n<div class=\"wp-block-buttons is-content-justification-center is-layout-flex wp-container-core-buttons-is-layout-16018d1d wp-block-buttons-is-layout-flex\">\n<div class=\"wp-block-button\"><a class=\"wp-block-button__link button button-link wp-element-button\" href=\"mailto:neuronup.de@neuronup.com\">neuronup.de@neuronup.com<\/a><\/div>\n<\/div>\n<\/div>\n\n\n\n<div class=\"wp-block-column testimonial-block p-3 br-0101 is-layout-flow wp-block-column-is-layout-flow\">\n<h2 class=\"wp-block-heading has-text-align-center has-xl-font-size has-xl-margin-top\">Hilfe und Support<\/h2>\n\n\n\n<p class=\"has-text-align-center\">Haben Sie technische Probleme oder Fragen zur Anwendung von NeuronUP? Wir helfen Ihnen gerne.<\/p>\n\n\n\n<div class=\"wp-block-buttons is-vertical is-content-justification-center is-layout-flex wp-container-core-buttons-is-layout-4b2eccd6 wp-block-buttons-is-layout-flex\">\n<div class=\"wp-block-button\"><a class=\"wp-block-button__link button button-link wp-element-button\" href=\"mailto:neuronup.de@neuronup.com\">neuronup.de@neuronup.com<\/a><\/div>\n<\/div>\n<\/div>\n\n\n\n<div class=\"wp-block-column testimonial-block p-3 br-0101 is-layout-flow wp-block-column-is-layout-flow\">\n<h2 class=\"wp-block-heading has-text-align-center has-xl-font-size has-xl-margin-top\">Abrechnung<\/h2>\n\n\n\n<p class=\"has-text-align-center\">Wenn \u00c4nderungen bei Ihrer Rechnung notwendig sind oder ein Fehler bei der Abrechnung aufgetreten ist, kontaktieren Sie uns einfach. Wir helfen Ihnen gerne weiter.<\/p>\n\n\n\n<div class=\"wp-block-buttons is-content-justification-center is-layout-flex wp-container-core-buttons-is-layout-16018d1d wp-block-buttons-is-layout-flex\">\n<div class=\"wp-block-button\"><a class=\"wp-block-button__link button button-link wp-element-button\" href=\"mailto:neuronup.de@neuronup.com\">neuronup.de@neuronup.com<\/a><\/div>\n<\/div>\n<\/div>\n\n\n\n<div class=\"wp-block-column testimonial-block p-3 br-0101 is-layout-flow wp-block-column-is-layout-flow\">\n<h2 class=\"wp-block-heading has-text-align-center has-xl-font-size has-xl-margin-top\">Anregungen<\/h2>\n\n\n\n<p class=\"has-text-align-center\">Gemeinsam lassen wir NeuronUP wachsen. Wenn Sie eine \u00dcbung manuell f\u00fcr Ihre Patient:innen erstellt haben und m\u00f6chten, dass wir sie digitalisieren, schreiben Sie uns und wir werden die Aufnahme in unsere Plattform pr\u00fcfen.<\/p>\n\n\n\n<div class=\"wp-block-buttons is-content-justification-center is-layout-flex wp-container-core-buttons-is-layout-16018d1d wp-block-buttons-is-layout-flex\">\n<div class=\"wp-block-button\"><a class=\"wp-block-button__link button button-link wp-element-button\" href=\"mailto:sugerencias@neuronup.com\">sugerencias@neuronup.com<\/a><\/div>\n<\/div>\n<\/div>\n<\/div>\n\n\n\n<div style=\"height:60px\" aria-hidden=\"true\" class=\"wp-block-spacer\"><\/div>\n\n\n\n<p class=\"has-text-align-center anims-fadein-up\"><img decoding=\"async\" style=\"width:32px;\" src=\"https:\/\/neuronup.com\/de\/wp-content\/uploads\/2023\/12\/UNTERSTUTZUNG-VON-ZEITSYMBOLEN.svg\"> <strong style=\"color:#00abc7;\">&nbsp;Erreichbarkeit:<\/strong> <strong><strong><strong>Montag bis Donnerstag von 9 bis 17 Uhr und Freitag von 9 bis 15 Uhr<\/strong><\/strong><\/strong>. &nbsp;Unsere Expert:innen stehen Ihnen gern zur Verf\u00fcgung und beantworten Ihre Fragen.<\/p>\n\n\n\n<div style=\"height:60px\" aria-hidden=\"true\" class=\"wp-block-spacer\"><\/div>\n\n\n\n<div class=\"wp-block-columns anims-fadein-up is-layout-flex wp-container-core-columns-is-layout-9d6595d7 wp-block-columns-is-layout-flex\">\n<div class=\"wp-block-column br-0111 p-5 particle-bg has-primary-background-color has-background is-layout-flow wp-block-column-is-layout-flow\">\n<h2 class=\"wp-block-heading has-white-color has-text-color\">Informationen<\/h2>\n\n\n\n<p class=\"has-white-color has-text-color\"><strong>M\u00f6chten Sie mehr \u00fcber NeuronUP erfahren?<\/strong><\/p>\n\n\n\n<p class=\"has-white-color has-text-color\">F\u00fcllen Sie unser Formular aus und unser Team<br>wird sich mit Ihnen in Verbindung setzen.<\/p>\n\n\n\n<div class=\"wp-block-buttons is-layout-flex wp-block-buttons-is-layout-flex\">\n<div class=\"wp-block-button--1\" style=\"--button-outline-color:var(--color-white);--button-outline-color-hover:rgba(0,0,0,0.8);\"><a class=\"wp-block-button__link button button-outline   wp-element-button\" href=\"https:\/\/neuronup.com\/de\/informationen-anfordern\/\">Informationen anfordern<\/a><\/div>\n\n<\/div>\n<\/div>\n<\/div>\n\n\n\n<h2 class=\"wp-block-heading has-text-align-center anims-fadein-up has-xxxxl-margin-top has-xl-margin-bottom\">Wir bedienen Sie von<\/h2>\n\n\n\n<div id=\"map\" class=\"anims-fadein-up br-0101 alignwide\"><\/div>\n\n\n\n<div style=\"height:100px\" aria-hidden=\"true\" class=\"wp-block-spacer\"><\/div>\n","protected":false},"excerpt":{"rendered":"<p>Kontakt Wenn Sie Fragen haben, rufen Sie uns bitte an oder schreiben Sie uns. Das NeuronUP-Team steht Ihnen gerne zur Verf\u00fcgung. Vertrieb Kl\u00e4ren Sie Ihre Fragen zu unserer Plattform oder vereinbaren Sie einen Videoanruf, um mehr \u00fcber NeuronUp und wie unsere Plattform benutzt wird, zu erfahren. Hilfe und Support Haben Sie technische Probleme oder Fragen &hellip;<\/p>\n","protected":false},"author":3,"featured_media":0,"parent":0,"menu_order":0,"comment_status":"closed","ping_status":"closed","template":"","meta":{"_acf_changed":false,"_genesis_hide_title":false,"_genesis_hide_breadcrumbs":false,"_genesis_hide_singular_image":false,"_genesis_hide_footer_widgets":false,"_genesis_custom_body_class":"nup-style","_genesis_custom_post_class":"","_genesis_layout":"wide-content","footnotes":""},"class_list":{"1":"page","2":"type-page","5":"entry"},"acf":[],"_links":{"self":[{"href":"https:\/\/neuronup.com\/de\/wp-json\/wp\/v2\/pages\/12179","targetHints":{"allow":["GET"]}}],"collection":[{"href":"https:\/\/neuronup.com\/de\/wp-json\/wp\/v2\/pages"}],"about":[{"href":"https:\/\/neuronup.com\/de\/wp-json\/wp\/v2\/types\/page"}],"author":[{"embeddable":true,"href":"https:\/\/neuronup.com\/de\/wp-json\/wp\/v2\/users\/3"}],"replies":[{"embeddable":true,"href":"https:\/\/neuronup.com\/de\/wp-json\/wp\/v2\/comments?post=12179"}],"version-history":[{"count":0,"href":"https:\/\/neuronup.com\/de\/wp-json\/wp\/v2\/pages\/12179\/revisions"}],"wp:attachment":[{"href":"https:\/\/neuronup.com\/de\/wp-json\/wp\/v2\/media?parent=12179"}],"curies":[{"name":"wp","href":"https:\/\/api.w.org\/{rel}","templated":true}]}}