{"id":40199,"date":"2025-06-23T16:58:44","date_gmt":"2025-06-23T14:58:44","guid":{"rendered":"https:\/\/neuronup.com\/br\/?page_id=40199"},"modified":"2025-08-13T15:03:04","modified_gmt":"2025-08-13T13:03:04","slug":"solicitar-acesso","status":"publish","type":"page","link":"https:\/\/neuronup.com\/br\/neuronup-assessment\/solicitar-acesso\/","title":{"rendered":"Lan\u00e7amento testes de avalia\u00e7\u00e3o"},"content":{"rendered":"\n<div class=\"wp-block-cover alignfull has-md-padding-top has-md-padding-bottom has-sm-padding-left has-sm-padding-right\"><span aria-hidden=\"true\" class=\"wp-block-cover__background has-primary-background-color has-background-dim-100 has-background-dim\"><\/span><div class=\"wp-block-cover__inner-container is-layout-constrained wp-block-cover-is-layout-constrained\">\n<h2 class=\"wp-block-heading has-text-align-center has-xxxl-font-size\">NeuronUP Assessment, sua nova ferramenta de avalia\u00e7\u00e3o<\/h2>\n<\/div><\/div>\n\n\n\n<p class=\"has-text-align-center is-style-heading has-xxl-margin-top\"><strong>Voc\u00ea gostaria de ter uma ferramenta 360 para suas interven\u00e7\u00f5es?<\/strong><\/p>\n\n\n\n<p class=\"has-text-align-center is-style-default has-lg-font-size has-xxl-margin-bottom\">Na NeuronUP, lan\u00e7amos um <strong>novo produto para te ajudar na avalia\u00e7\u00e3o<\/strong> dos seus usu\u00e1rios. Um complemento perfeito para o NeuronUP Reabilita\u00e7\u00e3o, que agora permitir\u00e1 que voc\u00ea tenha, <strong>interven\u00e7\u00e3o e avalia\u00e7\u00e3o em uma mesma ferramenta.<\/strong><\/p>\n\n\n\n<p class=\"has-text-align-center is-style-default has-lg-font-size has-xxl-margin-bottom\">Experimente o NeuronUP Assessment e prepare-se para o futuro da avalia\u00e7\u00e3o neuropsicol\u00f3gica. Corra, ser\u00e1 <strong>gratuito por tempo limitado.<\/strong><\/p>\n\n\n\n<p class=\"has-text-align-center is-style-heading has-xxl-margin-top\"><strong>Junte-se \u00e0 lista para ver todo o seu potencial em primeira m\u00e3o!<\/strong><\/p>\n\n\n<div class=\"wp-block-image\">\n<figure class=\"aligncenter size-large is-resized\"><img decoding=\"async\" src=\"https:\/\/neuronup.com\/wp-content\/uploads\/2024\/10\/icon-flecha.svg\" alt=\"\" class=\"wp-image-33496\" style=\"width:60px\"\/><\/figure>\n<\/div>\n\n\n<div style=\"height:60px\" aria-hidden=\"true\" class=\"wp-block-spacer\"><\/div>\n\n\n\n<div class=\"wp-block-group br-0101 p-4 has-alt-background-color has-background has-light-background\"><div class=\"wp-block-group__inner-container is-layout-constrained wp-block-group-is-layout-constrained\">\n<h2 class=\"wp-block-heading has-text-align-center has-xl-margin-top\"><strong style=\"color:#00abc7;\">Inscreva-se<\/strong> na lista<\/h2>\n\n\n\n<p class=\"has-text-align-center\">Ao se inscrever, voc\u00ea garante <strong>acesso antecipado<\/strong> ao novo produto de avalia\u00e7\u00e3o.<\/p>\n\n\n\n<div class=\"hs-form-frame\" data-region=\"eu1\" data-form-id=\"16c007d1-ffca-4b17-92b9-3b42c4b9c3a0\" data-portal-id=\"143501970\"><\/div>\n\n\n\n<div style=\"height:30px\" aria-hidden=\"true\" class=\"wp-block-spacer\"><\/div>\n<\/div><\/div>\n\n\n\n\n<div style=\"height:100px\" aria-hidden=\"true\" class=\"wp-block-spacer\"><\/div>\n","protected":false},"excerpt":{"rendered":"<p>Voc\u00ea gostaria de ter uma ferramenta 360 para suas interven\u00e7\u00f5es? Na NeuronUP, lan\u00e7amos um novo produto para te ajudar na avalia\u00e7\u00e3o dos seus usu\u00e1rios. Um complemento perfeito para o NeuronUP Reabilita\u00e7\u00e3o, que agora permitir\u00e1 que voc\u00ea tenha, interven\u00e7\u00e3o e avalia\u00e7\u00e3o em uma mesma ferramenta. Experimente o NeuronUP Assessment e prepare-se para o futuro da avalia\u00e7\u00e3o &hellip;<\/p>\n","protected":false},"author":7,"featured_media":41135,"parent":41201,"menu_order":0,"comment_status":"closed","ping_status":"closed","template":"","meta":{"_acf_changed":false,"_genesis_hide_title":false,"_genesis_hide_breadcrumbs":false,"_genesis_hide_singular_image":false,"_genesis_hide_footer_widgets":false,"_genesis_custom_body_class":"","_genesis_custom_post_class":"","_genesis_layout":"","footnotes":""},"class_list":{"1":"page","2":"type-page","6":"entry"},"acf":[],"_links":{"self":[{"href":"https:\/\/neuronup.com\/br\/wp-json\/wp\/v2\/pages\/40199","targetHints":{"allow":["GET"]}}],"collection":[{"href":"https:\/\/neuronup.com\/br\/wp-json\/wp\/v2\/pages"}],"about":[{"href":"https:\/\/neuronup.com\/br\/wp-json\/wp\/v2\/types\/page"}],"author":[{"embeddable":true,"href":"https:\/\/neuronup.com\/br\/wp-json\/wp\/v2\/users\/7"}],"replies":[{"embeddable":true,"href":"https:\/\/neuronup.com\/br\/wp-json\/wp\/v2\/comments?post=40199"}],"version-history":[{"count":0,"href":"https:\/\/neuronup.com\/br\/wp-json\/wp\/v2\/pages\/40199\/revisions"}],"up":[{"embeddable":true,"href":"https:\/\/neuronup.com\/br\/wp-json\/wp\/v2\/pages\/41201"}],"wp:featuredmedia":[{"embeddable":true,"href":"https:\/\/neuronup.com\/br\/wp-json\/wp\/v2\/media\/41135"}],"wp:attachment":[{"href":"https:\/\/neuronup.com\/br\/wp-json\/wp\/v2\/media?parent=40199"}],"curies":[{"name":"wp","href":"https:\/\/api.w.org\/{rel}","templated":true}]}}