{"id":35526,"date":"2024-12-19T12:34:34","date_gmt":"2024-12-19T10:34:34","guid":{"rendered":"https:\/\/neuronup.com\/br\/?page_id=35526"},"modified":"2026-01-26T18:26:09","modified_gmt":"2026-01-26T16:26:09","slug":"ferramentas-para-pesquisadores","status":"publish","type":"page","link":"https:\/\/neuronup.com\/br\/neuronup-labs\/ferramentas-para-pesquisadores\/","title":{"rendered":"Ferramentas da NeuronUP Labs para pesquisadores"},"content":{"rendered":"\n<div class=\"wp-block-columns alignfull are-vertically-aligned-center is-not-stacked-on-mobile labs-menu is-layout-flex wp-container-core-columns-is-layout-9d6595d7 wp-block-columns-is-layout-flex\">\n<div class=\"wp-block-column is-vertically-aligned-center logo-container is-layout-flow wp-block-column-is-layout-flow\" style=\"flex-basis:175px\">\n<figure class=\"wp-block-image size-large is-resized\"><a href=\"https:\/\/neuronup.com\/br\/neuronup-labs\/\"><img decoding=\"async\" src=\"https:\/\/neuronup.com\/br\/wp-content\/uploads\/2024\/12\/NeuronUP-LABS-investigacion.svg\" alt=\"\" class=\"wp-image-30828\" style=\"width:180px\"\/><\/a><\/figure>\n<\/div>\n\n\n\n<div class=\"wp-block-column is-vertically-aligned-center menu is-layout-flow wp-block-column-is-layout-flow\"><div id=\"mega-menu-wrap-max_mega_menu_1\" class=\"mega-menu-wrap\"><div class=\"mega-menu-toggle\"><div class=\"mega-toggle-blocks-left\"><\/div><div class=\"mega-toggle-blocks-center\"><\/div><div class=\"mega-toggle-blocks-right\"><div class='mega-toggle-block mega-html-block mega-toggle-block-1' id='mega-toggle-block-1'><a class=\"mobile-login\" href=\"https:\/\/neuronup.com\/br\/\" tabindex=\"0\">Voltar \u00e0 p\u00e1gina inicial<\/a><\/div><div class='mega-toggle-block mega-html-block mega-toggle-block-2' id='mega-toggle-block-2'><div class=\"mobile-freetry\" style=\" --button-background: var(--color-custom-1); --button-background-hover: #cc7e00; \" >\r\n  <a class=\"button button-primary\" href=\"https:\/\/neuronup.com\/br\/neuronup-labs\/colabora-id\/\" >Collabora <\/a>\r\n<\/div><\/div><div class='mega-toggle-block mega-menu-toggle-animated-block mega-toggle-block-3' id='mega-toggle-block-3'><button aria-label=\"Toggle Menu\" class=\"mega-toggle-animated mega-toggle-animated-slider\" type=\"button\" aria-haspopup=\"true\" aria-expanded=\"false\" aria-controls=\"mega-menu-max_mega_menu_1\">\n                  <span class=\"mega-toggle-animated-box\">\n                    <span class=\"mega-toggle-animated-inner\"><\/span>\n                  <\/span>\n                <\/button><\/div><\/div><\/div><ul id=\"mega-menu-max_mega_menu_1\" class=\"mega-menu max-mega-menu mega-menu-horizontal mega-no-js\" data-event=\"click\" data-effect=\"slide\" data-effect-speed=\"200\" data-effect-mobile=\"slide\" data-effect-speed-mobile=\"200\" data-mobile-force-width=\"body\" data-second-click=\"go\" data-document-click=\"collapse\" data-vertical-behaviour=\"standard\" data-breakpoint=\"1182\" data-unbind=\"true\" data-mobile-state=\"collapse_all\" data-mobile-direction=\"vertical\" data-hover-intent-timeout=\"300\" data-hover-intent-interval=\"100\" data-overlay-desktop=\"false\" data-overlay-mobile=\"false\"><li class=\"mega-menu-item mega-menu-item-type-post_type mega-menu-item-object-page mega-align-bottom-left mega-menu-flyout mega-menu-item-first mega-menu-item-35678\" id=\"mega-menu-item-35678\"><a class=\"mega-menu-link\" href=\"https:\/\/neuronup.com\/br\/neuronup-labs\/ferramentas-para-pesquisadores\/\">Ferramentas<\/a><\/li><li class=\"mega-menu-item mega-menu-item-type-post_type mega-menu-item-object-page mega-align-bottom-left mega-menu-flyout mega-menu-item-35677\" id=\"mega-menu-item-35677\"><a class=\"mega-menu-link\" href=\"https:\/\/neuronup.com\/br\/neuronup-labs\/linhas-de-pesquisa-da-neuronup-labs\/\">Artigos<\/a><\/li><li class=\"mega-menu-item mega-menu-item-type-post_type mega-menu-item-object-page mega-align-bottom-left mega-menu-flyout mega-menu-item-35679\" id=\"mega-menu-item-35679\"><a class=\"mega-menu-link\" href=\"https:\/\/neuronup.com\/br\/neuronup-labs\/papers-id-neuronup\/\">Linhas de pesquisa<\/a><\/li><li class=\"mega-menu-item mega-menu-item-type-post_type mega-menu-item-object-page mega-menu-item-home mega-align-bottom-left mega-menu-flyout mega-has-icon mega-icon-left mega-menu-item-35681\" id=\"mega-menu-item-35681\"><a class=\"mega-custom-icon mega-menu-link\" href=\"https:\/\/neuronup.com\/br\/\">Voltar ao neuronup.com<\/a><\/li><li class=\"mega-wp-block-button__link mega-button mega-button-secondary mega-megamenu-freetry mega-orange-button mega-menu-item mega-menu-item-type-post_type mega-menu-item-object-page mega-align-bottom-left mega-menu-flyout mega-menu-item-last mega-menu-item-35680 wp-block-button__link button button-secondary megamenu-freetry orange-button\" id=\"mega-menu-item-35680\"><a class=\"mega-menu-link\" href=\"https:\/\/neuronup.com\/br\/neuronup-labs\/colabora-id\/\">Colaborar<\/a><\/li><\/ul><\/div><\/div>\n<\/div>\n\n\n\n<div style=\"height:50px\" aria-hidden=\"true\" class=\"wp-block-spacer\"><\/div>\n\n\n\n<figure class=\"wp-block-image size-full neuron-header\"><img decoding=\"async\" width=\"859\" height=\"727\" src=\"https:\/\/neuronup.com\/br\/wp-content\/uploads\/2024\/12\/neurona-puntos-header.svg\" alt=\"neurona puntos header\" class=\"wp-image-35512\"\/><\/figure>\n\n\n\n<header class=\"wp-block-group has-xl-margin-top\"><div class=\"wp-block-group__inner-container is-layout-constrained wp-block-group-is-layout-constrained\">\n<p class=\"has-text-align-center\">NeuronUP Labs<\/p>\n\n\n\n<h1 class=\"wp-block-heading has-text-align-center\"><strong>Ferramentas <\/strong>da NeuronUP Labs <strong>para pesquisadores<\/strong><\/h1>\n\n\n\n<h2 class=\"wp-block-heading has-text-align-center has-md-font-size has-xl-margin-bottom\">NeuronUP Labs est\u00e1 ciente das limita\u00e7\u00f5es existentes na Neuropsicologia atual e tenta incorporar diferentes tecnologias para desenvolver metodologias de ponta em avalia\u00e7\u00e3o, educa\u00e7\u00e3o, preven\u00e7\u00e3o, interven\u00e7\u00e3o, neurologia e sa\u00fade mental.<\/h2>\n\n\n\n<div class=\"wp-block-buttons is-content-justification-center is-layout-flex wp-container-core-buttons-is-layout-16018d1d wp-block-buttons-is-layout-flex\">\n<div class=\"wp-block-button\" style=\"--button-background:var(--color-custom-1);--button-background-hover:#cc7e00;\"><a class=\"wp-block-button__link button   wp-element-button\" href=\"https:\/\/neuronup.com\/br\/neuronup-labs\/colabora-id\/\">Trabalhar com nossas ferramentas<\/a><\/div>\n\n<\/div>\n\n\n\n<div style=\"height:30px\" aria-hidden=\"true\" class=\"wp-block-spacer\"><\/div>\n<\/div><\/header>\n\n\n\n<div class=\"wp-block-buttons alignwide has-custom-font-size has-xs-font-size is-content-justification-center is-layout-flex wp-container-core-buttons-is-layout-64b26803 wp-block-buttons-is-layout-flex\">\n<div class=\"wp-block-button has-custom-font-size casos-tag has-sm-font-size--1\"><a class=\"wp-block-button__link button button-outline wp-element-button\" href=\"#score-raw\">Pontua\u00e7\u00e3o bruta<\/a><\/div>\n\n\n\n<div class=\"wp-block-button has-custom-font-size casos-tag has-sm-font-size--2\"><a class=\"wp-block-button__link button button-outline wp-element-button\" href=\"#NeuronUP-Normativo\">NeuronUP Normativo<\/a><\/div>\n\n\n\n<div class=\"wp-block-button has-custom-font-size casos-tag has-sm-font-size--3\"><a class=\"wp-block-button__link button button-outline wp-element-button\" href=\"#NeuronUP-Evolutivo\">NeuronUP Evolutivo<\/a><\/div>\n\n\n\n<div class=\"wp-block-button has-custom-font-size casos-tag has-sm-font-size--4\"><a class=\"wp-block-button__link button button-outline wp-element-button\" href=\"#NeuronUP-Cohorte\">NeuronUP Cohorte<\/a><\/div>\n\n\n\n<div class=\"wp-block-button has-custom-font-size casos-tag has-sm-font-size--5\"><a class=\"wp-block-button__link button button-outline wp-element-button\" href=\"#Edad-Cerebral\">Idade cerebral<\/a><\/div>\n<\/div>\n\n\n\n<div style=\"height:50px\" aria-hidden=\"true\" class=\"wp-block-spacer\"><\/div>\n\n\n\n<div class=\"wp-block-columns alignfull are-vertically-aligned-center column-reverse is-layout-flex wp-container-core-columns-is-layout-9d6595d7 wp-block-columns-is-layout-flex\" id=\"score-raw\">\n<div class=\"wp-block-column is-vertically-aligned-center br-0010 flex-align-center has-alt-background-color has-background is-layout-flow wp-block-column-is-layout-flow\"><div class=\"wp-block-image\">\n<figure class=\"aligncenter size-full has-xxl-margin-top has-xxl-margin-bottom\"><img decoding=\"async\" width=\"546\" height=\"418\" src=\"https:\/\/neuronup.com\/br\/wp-content\/uploads\/2024\/12\/NeuronUP-Score.webp\" alt=\"Painel de software com lista de usu\u00e1rios \u00e0 esquerda, gr\u00e1fico central de pontua\u00e7\u00e3o cognitiva e detalhes temporais.\" class=\"wp-image-34428\" srcset=\"https:\/\/neuronup.com\/br\/wp-content\/uploads\/2024\/12\/NeuronUP-Score-300x230.webp 300w, https:\/\/neuronup.com\/br\/wp-content\/uploads\/2024\/12\/NeuronUP-Score.webp 546w\" sizes=\"(max-width: 546px) 100vw, 546px\" \/><\/figure>\n<\/div><\/div>\n\n\n\n<div class=\"wp-block-column is-vertically-aligned-center anims-fadein-left is-layout-flow wp-block-column-is-layout-flow\" id=\"score-raw\">\n<div class=\"wp-block-group p-inline-5 mw-700 m-inline-auto has-xxl-margin-top has-xxl-margin-bottom\"><div class=\"wp-block-group__inner-container is-layout-constrained wp-block-group-is-layout-constrained\">\n<p>Ferramentas acess\u00edveis para clientes da NeuronUP<\/p>\n\n\n\n<h2 class=\"wp-block-heading\"><strong>Score <\/strong>Raw<\/h2>\n\n\n\n<h3 class=\"wp-block-heading\">Uma m\u00e9trica normalizada entre 0 e 100 para medir o desempenho cognitivo<\/h3>\n\n\n\n<p>NeuronUP&nbsp;Score&nbsp;\u00e9 a&nbsp;m\u00e9trica&nbsp;utilizada&nbsp;para medir o&nbsp;desempenho cognitivo de cada usu\u00e1rio e sess\u00e3o, a n\u00edvel de atividade, a n\u00edvel de dom\u00ednio cognitivo ou a n\u00edvel global.<\/p>\n\n\n\n<p><strong>Esta ferramenta j\u00e1 est\u00e1 \u00e0 disposi\u00e7\u00e3o de todos<\/strong> os clientes da NeuronUP para medir o desempenho de seus usu\u00e1rios de uma forma visual e comparada atrav\u00e9s dos diferentes dom\u00ednios cognitivos.<\/p>\n\n\n\n<p>Em sess\u00f5es de interven\u00e7\u00e3o salvas e repetidas para o mesmo usu\u00e1rio, NeuronUP Score permite visualizar uma monitoriza\u00e7\u00e3o do progresso do desempenho cognitivo.<\/p>\n\n\n\n<div class=\"wp-block-buttons is-layout-flex wp-block-buttons-is-layout-flex\">\n<div class=\"wp-block-button\"><a class=\"wp-block-button__link button button-link wp-element-button\" href=\"https:\/\/neuronup.com\/br\/produto\/neuronup-score\/\">Ver NeuronUP Score<\/a><\/div>\n<\/div>\n<\/div><\/div>\n<\/div>\n<\/div>\n\n\n\n<div class=\"wp-block-group alignfull\"><div class=\"wp-block-group__inner-container is-layout-constrained wp-block-group-is-layout-constrained\">\n<div class=\"wp-block-columns alignfull is-layout-flex wp-container-core-columns-is-layout-9d6595d7 wp-block-columns-is-layout-flex\">\n<div class=\"wp-block-column is-vertically-aligned-center anims-fadein-right is-layout-flow wp-block-column-is-layout-flow\" id=\"NeuronUP-Normativo\">\n<div class=\"wp-block-group p-inline-5 mw-700 m-inline-auto has-xl-margin-top has-xxl-margin-bottom\"><div class=\"wp-block-group__inner-container is-layout-constrained wp-block-group-is-layout-constrained\">\n<p>Compare o desempenho de seus usu\u00e1rios com usu\u00e1rios equivalentes<\/p>\n\n\n\n<h2 class=\"wp-block-heading\">NeuronUP <strong>Normativo<\/strong><\/h2>\n\n\n\n<h3 class=\"wp-block-heading\">Determina com coortes a \u201cnormalidade\u201d de cada pontua\u00e7\u00e3o<\/h3>\n\n\n\n<p>Esta ferramenta nos permite determinar de forma precisa quanto se assemelha ou n\u00e3o o desempenho do nosso usu\u00e1rio ao de usu\u00e1rios equivalentes. Dessa forma, detectamos situa\u00e7\u00f5es de normalidade e de n\u00e3o-normalidade (outliers). Tamb\u00e9m \u00e9 poss\u00edvel determinar as pontua\u00e7\u00f5es Z e padronizadas.<\/p>\n\n\n\n<p>Todo isso atrav\u00e9s de coortes de dezenas de milhares, mediante o c\u00e1lculo de percentis (corrigidos por idade, sexo e anos de educa\u00e7\u00e3o), determinamos a \u201dnormalidade\u201d de cada pontua\u00e7\u00e3o.<\/p>\n\n\n\n<p><strong><em>Dispon\u00edvel exclusivamente para pesquisadores.<\/em><\/strong><\/p>\n<\/div><\/div>\n<\/div>\n\n\n\n<div class=\"wp-block-column is-vertically-aligned-stretch br-0001 flex-align-center has-alt-background-color has-background is-layout-flow wp-block-column-is-layout-flow\"><div class=\"wp-block-image\">\n<figure class=\"aligncenter size-full is-resized has-xxl-margin-top has-xxl-margin-bottom\"><img decoding=\"async\" width=\"1024\" height=\"577\" src=\"https:\/\/neuronup.com\/br\/wp-content\/uploads\/2024\/12\/neuronup-normativo-cohortes-puntuacion.webp\" alt=\"Gr\u00e1fico de distribui\u00e7\u00e3o em forma de sino \u00e0 esquerda e tabela com o score 29.37 \u00e0 direita, na interface normativa do NeuronUP.\" class=\"wp-image-35530\" style=\"width:650px\" srcset=\"https:\/\/neuronup.com\/br\/wp-content\/uploads\/2024\/12\/neuronup-normativo-cohortes-puntuacion-300x169.webp 300w, https:\/\/neuronup.com\/br\/wp-content\/uploads\/2024\/12\/neuronup-normativo-cohortes-puntuacion-768x433.webp 768w, https:\/\/neuronup.com\/br\/wp-content\/uploads\/2024\/12\/neuronup-normativo-cohortes-puntuacion.webp 1024w\" sizes=\"(max-width: 1024px) 100vw, 1024px\" \/><\/figure>\n<\/div><\/div>\n<\/div>\n<\/div><\/div>\n\n\n\n<div class=\"wp-block-columns alignfull column-reverse is-layout-flex wp-container-core-columns-is-layout-9d6595d7 wp-block-columns-is-layout-flex\">\n<div class=\"wp-block-column is-vertically-aligned-stretch br-0010 flex-align-center has-alt-background-color has-background is-layout-flow wp-block-column-is-layout-flow\"><div class=\"wp-block-image\">\n<figure class=\"aligncenter size-full is-resized has-xxl-margin-top has-xxl-margin-bottom\"><img decoding=\"async\" width=\"1024\" height=\"480\" src=\"https:\/\/neuronup.com\/br\/wp-content\/uploads\/2024\/12\/NeuronUP-evolutivo-trayectoria-cognitiva-usuario.webp\" alt=\"Gr\u00e1fico de linha com evolu\u00e7\u00e3o di\u00e1ria de scores e pontos triangulares; ao lado, histograma da distribui\u00e7\u00e3o dos scores com m\u00e9dia semanal na legenda.\" class=\"wp-image-35531\" style=\"width:650px\" srcset=\"https:\/\/neuronup.com\/br\/wp-content\/uploads\/2024\/12\/NeuronUP-evolutivo-trayectoria-cognitiva-usuario-300x141.webp 300w, https:\/\/neuronup.com\/br\/wp-content\/uploads\/2024\/12\/NeuronUP-evolutivo-trayectoria-cognitiva-usuario-768x360.webp 768w, https:\/\/neuronup.com\/br\/wp-content\/uploads\/2024\/12\/NeuronUP-evolutivo-trayectoria-cognitiva-usuario.webp 1024w\" sizes=\"(max-width: 1024px) 100vw, 1024px\" \/><\/figure>\n<\/div><\/div>\n\n\n\n<div class=\"wp-block-column is-vertically-aligned-center anims-fadein-left is-layout-flow wp-block-column-is-layout-flow\" id=\"NeuronUP-Evolutivo\">\n<div class=\"wp-block-group p-inline-5 mw-700 m-inline-auto has-xxl-margin-top has-xxl-margin-bottom\"><div class=\"wp-block-group__inner-container is-layout-constrained wp-block-group-is-layout-constrained\">\n<p>Analisa e registra a trajet\u00f3ria de cada usu\u00e1rio ao longo do tempo<\/p>\n\n\n\n<h2 class=\"wp-block-heading\">NeuronUP <strong>Evolutivo<\/strong><\/h2>\n\n\n\n<h3 class=\"wp-block-heading\">A monitoriza\u00e7\u00e3o que permite a NeuronUP Labs \u00e9 muito superior a estudos longitudinais \u201ct\u00edpicos\u201d<\/h3>\n\n\n\n<p>NeuronUP Labs permite monitorizar a evolu\u00e7\u00e3o do desempenho cognitivo de cada usu\u00e1rio a n\u00edvel de teste individual, a n\u00edvel de dom\u00ednio cognitivo ou a n\u00edvel de sess\u00e3o global. Com sess\u00f5es armazenadas h\u00e1 mais de 10 anos, respeitando a Declara\u00e7\u00e3o de Helsinki e diferentes leis de prote\u00e7\u00e3o de dados para a pesquisa cl\u00ednica.<\/p>\n\n\n\n<p>Al\u00e9m disso, a monitoriza\u00e7\u00e3o que permite a NeuronUP Labs \u00e9 muito superior a estudos longitudinais \u201ct\u00edpicos\u201d. Um exemplo \u00e9 o usu\u00e1rio 46533, que \u00e9 mostrado no gr\u00e1fico. Este usu\u00e1rio foi monitorizado em m\u00e9dia 5,57 vezes por semana e durante 1180 dias diferentes.<\/p>\n\n\n\n<p>Por outro lado, NeuronUP Evolutivo faz uso de trajet\u00f3rias muito bem representadas para realizar diferentes estudos.<\/p>\n\n\n\n<p><strong><em>Dispon\u00edvel exclusivamente para pesquisadores.<\/em><\/strong><\/p>\n<\/div><\/div>\n<\/div>\n<\/div>\n\n\n\n<div class=\"wp-block-group alignfull\"><div class=\"wp-block-group__inner-container is-layout-constrained wp-block-group-is-layout-constrained\">\n<div class=\"wp-block-columns alignfull is-layout-flex wp-container-core-columns-is-layout-9d6595d7 wp-block-columns-is-layout-flex\">\n<div class=\"wp-block-column is-vertically-aligned-center anims-fadein-right is-layout-flow wp-block-column-is-layout-flow\" id=\"NeuronUP-Cohorte\">\n<div class=\"wp-block-group p-inline-5 mw-700 m-inline-auto has-xl-margin-top has-xxl-margin-bottom\"><div class=\"wp-block-group__inner-container is-layout-constrained wp-block-group-is-layout-constrained\">\n<p>Identifica padr\u00f5es em conjuntos de usu\u00e1rios<\/p>\n\n\n\n<h2 class=\"wp-block-heading\">NeuronUP <strong>Cohorte<\/strong><\/h2>\n\n\n\n<h3 class=\"wp-block-heading\">Permite identificar coortes cl\u00ednicas bem selecionadas com crit\u00e9rios precisos de inclus\u00e3o e exclus\u00e3o<\/h3>\n\n\n\n<p>Por exemplo, previamente identificada uma coorte de 1072 participantes, permite quantificar o efeito da interven\u00e7\u00e3o na coorte e ao longo do tempo. Nesta figura, a cada 15 dias monitorizamos o desempenho cognitivo da coorte (histograma) e quantificamos a efetividade da interven\u00e7\u00e3o mediante estat\u00edsticos n\u00e3o param\u00e9tricos.<\/p>\n\n\n\n<p><strong><em>Dispon\u00edvel exclusivamente para pesquisadores.<\/em><\/strong><\/p>\n<\/div><\/div>\n<\/div>\n\n\n\n<div class=\"wp-block-column is-vertically-aligned-stretch br-0001 flex-align-center has-alt-background-color has-background is-layout-flow wp-block-column-is-layout-flow\"><div class=\"wp-block-image\">\n<figure class=\"aligncenter size-full is-resized has-xxl-margin-top has-xxl-margin-bottom\"><img decoding=\"async\" width=\"1024\" height=\"578\" src=\"https:\/\/neuronup.com\/br\/wp-content\/uploads\/2024\/12\/NeuronUP-cohorte-clinica-rendimiento-cognitivo-1.webp\" alt=\"Visuais de an\u00e1lise de dados com tr\u00eas gr\u00e1ficos em tons de azul: pir\u00e2mide de distribui\u00e7\u00e3o, linha de evolu\u00e7\u00e3o e barras.\" class=\"wp-image-35532\" style=\"width:650px\" srcset=\"https:\/\/neuronup.com\/br\/wp-content\/uploads\/2024\/12\/NeuronUP-cohorte-clinica-rendimiento-cognitivo-1-300x169.webp 300w, https:\/\/neuronup.com\/br\/wp-content\/uploads\/2024\/12\/NeuronUP-cohorte-clinica-rendimiento-cognitivo-1-768x434.webp 768w, https:\/\/neuronup.com\/br\/wp-content\/uploads\/2024\/12\/NeuronUP-cohorte-clinica-rendimiento-cognitivo-1.webp 1024w\" sizes=\"(max-width: 1024px) 100vw, 1024px\" \/><\/figure>\n<\/div><\/div>\n<\/div>\n<\/div><\/div>\n\n\n\n<div class=\"wp-block-columns alignfull column-reverse is-layout-flex wp-container-core-columns-is-layout-9d6595d7 wp-block-columns-is-layout-flex\">\n<div class=\"wp-block-column is-vertically-aligned-stretch br-0010 flex-align-center has-alt-background-color has-background is-layout-flow wp-block-column-is-layout-flow\"><div class=\"wp-block-image\">\n<figure class=\"aligncenter size-full is-resized has-xxl-margin-top has-xxl-margin-bottom\"><img decoding=\"async\" width=\"1024\" height=\"670\" src=\"https:\/\/neuronup.com\/br\/wp-content\/uploads\/2024\/12\/NeuronUP-edad-cerebral.webp\" alt=\"Gr\u00e1fico de dispers\u00e3o com idade cronol\u00f3gica no eixo X e idade cerebral no eixo Y; dois pontos, vermelho e azul, com setas indicando a diferen\u00e7a entre as idades; gr\u00e1ficos Train e Test ao lado.\" class=\"wp-image-35529\" style=\"width:650px\" srcset=\"https:\/\/neuronup.com\/br\/wp-content\/uploads\/2024\/12\/NeuronUP-edad-cerebral-300x196.webp 300w, https:\/\/neuronup.com\/br\/wp-content\/uploads\/2024\/12\/NeuronUP-edad-cerebral-768x503.webp 768w, https:\/\/neuronup.com\/br\/wp-content\/uploads\/2024\/12\/NeuronUP-edad-cerebral.webp 1024w\" sizes=\"(max-width: 1024px) 100vw, 1024px\" \/><\/figure>\n<\/div><\/div>\n\n\n\n<div class=\"wp-block-column is-vertically-aligned-center anims-fadein-left is-layout-flow wp-block-column-is-layout-flow\" id=\"Edad-Cerebral\">\n<div class=\"wp-block-group p-inline-5 mw-700 m-inline-auto has-xxl-margin-top has-xxl-margin-bottom\"><div class=\"wp-block-group__inner-container is-layout-constrained wp-block-group-is-layout-constrained\">\n<p>Apoie-se na IA para prever a idade do c\u00e9rebro de seus usu\u00e1rios<\/p>\n\n\n\n<h2 class=\"wp-block-heading\">NeuronUP <strong>Idade cerebral<\/strong><\/h2>\n\n\n\n<h3 class=\"wp-block-heading\">Detectamos sujeitos com maior fragilidade cerebral gra\u00e7as \u00e0 intelig\u00eancia artificial<\/h3>\n\n\n\n<p>Treinamos v\u00e1rios modelos de IA a partir de uma multid\u00e3o de pontua\u00e7\u00f5es em popula\u00e7\u00e3o saud\u00e1vel, o que nos permite <strong>prever a idade do sujeito a partir da pontua\u00e7\u00e3o<\/strong> a n\u00edvel de teste, a n\u00edvel de dom\u00ednio cognitivo ou a n\u00edvel de sess\u00e3o global.<\/p>\n\n\n\n<p>Em novos usu\u00e1rios da NeuronUP, determinamos sua idade cerebral e utilizamos seu desvio em rela\u00e7\u00e3o \u00e0 idade cronol\u00f3gica como medida de excesso de matura\u00e7\u00e3o cerebral. Tentamos assim <strong>detectar sujeitos com maior fragilidade<\/strong> diante do envelhecimento.<\/p>\n\n\n\n<p>Al\u00e9m disso, apoiando-nos na IA, tentamos definir estrat\u00e9gias de interven\u00e7\u00e3o que possam rejuvenescer a idade cerebral.<\/p>\n\n\n\n<p><strong><em>Dispon\u00edvel exclusivamente para pesquisadores.<\/em><\/strong><\/p>\n<\/div><\/div>\n<\/div>\n<\/div>\n\n\n\n<div class=\"wp-block-group alignfull br-0100 has-custom-13-background-color has-background has-light-background has-md-padding-top has-md-padding-bottom has-md-padding-left has-md-padding-right\"><div class=\"wp-block-group__inner-container is-layout-constrained wp-block-group-is-layout-constrained\">\n<p class=\"has-text-align-center\">Colabore conosco<\/p>\n\n\n\n<h2 class=\"wp-block-heading has-text-align-center has-xxl-margin-bottom\">Acesse as ferramentas de pesquisa da NeuronUP Labs<\/h2>\n\n\n\n<p class=\"has-text-align-center\">Gostaria de <strong>acessar as ferramentas de pesquisa<\/strong> da NeuronUP Labs? Envie-nos sua proposta de pesquisa, nossa comiss\u00e3o avaliar\u00e1 seu projeto e, uma vez validado, forneceremos as ferramentas mais inovadoras para desenvolver sua pesquisa.<\/p>\n\n\n\n<div class=\"wp-block-buttons is-content-justification-center is-layout-flex wp-container-core-buttons-is-layout-16018d1d wp-block-buttons-is-layout-flex\">\n<div class=\"wp-block-button\"><a class=\"wp-block-button__link button button-link wp-element-button\" href=\"https:\/\/neuronup.com\/br\/neuronup-labs\/colabora-id\/\">Trabalhar com nossas ferramentas<\/a><\/div>\n<\/div>\n\n\n\n<div style=\"height:40px\" aria-hidden=\"true\" class=\"wp-block-spacer\"><\/div>\n<\/div><\/div>\n\n","protected":false},"excerpt":{"rendered":"<p>NeuronUP Labs Ferramentas da NeuronUP Labs para pesquisadores NeuronUP Labs est\u00e1 ciente das limita\u00e7\u00f5es existentes na Neuropsicologia atual e tenta incorporar diferentes tecnologias para desenvolver metodologias de ponta em avalia\u00e7\u00e3o, educa\u00e7\u00e3o, preven\u00e7\u00e3o, interven\u00e7\u00e3o, neurologia e sa\u00fade mental. Ferramentas acess\u00edveis para clientes da NeuronUP Score Raw Uma m\u00e9trica normalizada entre 0 e 100 para medir o &hellip;<\/p>\n","protected":false},"author":1,"featured_media":35083,"parent":35074,"menu_order":0,"comment_status":"closed","ping_status":"closed","template":"","meta":{"_acf_changed":false,"_genesis_hide_title":false,"_genesis_hide_breadcrumbs":false,"_genesis_hide_singular_image":false,"_genesis_hide_footer_widgets":false,"_genesis_custom_body_class":"","_genesis_custom_post_class":"","_genesis_layout":"","footnotes":""},"class_list":{"1":"page","2":"type-page","6":"entry"},"acf":[],"_links":{"self":[{"href":"https:\/\/neuronup.com\/br\/wp-json\/wp\/v2\/pages\/35526","targetHints":{"allow":["GET"]}}],"collection":[{"href":"https:\/\/neuronup.com\/br\/wp-json\/wp\/v2\/pages"}],"about":[{"href":"https:\/\/neuronup.com\/br\/wp-json\/wp\/v2\/types\/page"}],"author":[{"embeddable":true,"href":"https:\/\/neuronup.com\/br\/wp-json\/wp\/v2\/users\/1"}],"replies":[{"embeddable":true,"href":"https:\/\/neuronup.com\/br\/wp-json\/wp\/v2\/comments?post=35526"}],"version-history":[{"count":0,"href":"https:\/\/neuronup.com\/br\/wp-json\/wp\/v2\/pages\/35526\/revisions"}],"up":[{"embeddable":true,"href":"https:\/\/neuronup.com\/br\/wp-json\/wp\/v2\/pages\/35074"}],"wp:featuredmedia":[{"embeddable":true,"href":"https:\/\/neuronup.com\/br\/wp-json\/wp\/v2\/media\/35083"}],"wp:attachment":[{"href":"https:\/\/neuronup.com\/br\/wp-json\/wp\/v2\/media?parent=35526"}],"curies":[{"name":"wp","href":"https:\/\/api.w.org\/{rel}","templated":true}]}}