{"id":35506,"date":"2024-12-19T11:31:36","date_gmt":"2024-12-19T09:31:36","guid":{"rendered":"https:\/\/neuronup.com\/br\/?page_id=35506"},"modified":"2025-11-07T15:01:45","modified_gmt":"2025-11-07T13:01:45","slug":"colabora-id","status":"publish","type":"page","link":"https:\/\/neuronup.com\/br\/neuronup-labs\/colabora-id\/","title":{"rendered":"Formul\u00e1rio \u2013 Pesquise com o NeuronUP Labs"},"content":{"rendered":"\n<div class=\"wp-block-columns alignfull are-vertically-aligned-center is-not-stacked-on-mobile labs-menu is-layout-flex wp-container-core-columns-is-layout-9d6595d7 wp-block-columns-is-layout-flex\">\n<div class=\"wp-block-column is-vertically-aligned-center logo-container is-layout-flow wp-block-column-is-layout-flow\" style=\"flex-basis:175px\">\n<figure class=\"wp-block-image size-large is-resized\"><a href=\"https:\/\/neuronup.com\/br\/neuronup-labs\/\"><img decoding=\"async\" src=\"https:\/\/neuronup.com\/br\/wp-content\/uploads\/2024\/12\/NeuronUP-LABS-investigacion.svg\" alt=\"\" class=\"wp-image-30828\" style=\"width:180px\"\/><\/a><\/figure>\n<\/div>\n\n\n\n<div class=\"wp-block-column is-vertically-aligned-center menu is-layout-flow wp-block-column-is-layout-flow\"><div id=\"mega-menu-wrap-max_mega_menu_1\" class=\"mega-menu-wrap\"><div class=\"mega-menu-toggle\"><div class=\"mega-toggle-blocks-left\"><\/div><div class=\"mega-toggle-blocks-center\"><\/div><div class=\"mega-toggle-blocks-right\"><div class='mega-toggle-block mega-html-block mega-toggle-block-1' id='mega-toggle-block-1'><a class=\"mobile-login\" href=\"https:\/\/neuronup.com\/br\/\" tabindex=\"0\">Voltar \u00e0 p\u00e1gina inicial<\/a><\/div><div class='mega-toggle-block mega-html-block mega-toggle-block-2' id='mega-toggle-block-2'><div class=\"mobile-freetry\" style=\" --button-background: var(--color-custom-1); --button-background-hover: #cc7e00; \" >\r\n  <a class=\"button button-primary\" href=\"https:\/\/neuronup.com\/br\/neuronup-labs\/colabora-id\/\" >Collabora <\/a>\r\n<\/div><\/div><div class='mega-toggle-block mega-menu-toggle-animated-block mega-toggle-block-3' id='mega-toggle-block-3'><button aria-label=\"Toggle Menu\" class=\"mega-toggle-animated mega-toggle-animated-slider\" type=\"button\" aria-haspopup=\"true\" aria-expanded=\"false\" aria-controls=\"mega-menu-max_mega_menu_1\">\n                  <span class=\"mega-toggle-animated-box\">\n                    <span class=\"mega-toggle-animated-inner\"><\/span>\n                  <\/span>\n                <\/button><\/div><\/div><\/div><ul id=\"mega-menu-max_mega_menu_1\" class=\"mega-menu max-mega-menu mega-menu-horizontal mega-no-js\" data-event=\"click\" data-effect=\"slide\" data-effect-speed=\"200\" data-effect-mobile=\"slide\" data-effect-speed-mobile=\"200\" data-mobile-force-width=\"body\" data-second-click=\"go\" data-document-click=\"collapse\" data-vertical-behaviour=\"standard\" data-breakpoint=\"1182\" data-unbind=\"true\" data-mobile-state=\"collapse_all\" data-mobile-direction=\"vertical\" data-hover-intent-timeout=\"300\" data-hover-intent-interval=\"100\" data-overlay-desktop=\"false\" data-overlay-mobile=\"false\"><li class=\"mega-menu-item mega-menu-item-type-post_type mega-menu-item-object-page mega-align-bottom-left mega-menu-flyout mega-menu-item-first mega-menu-item-35678\" id=\"mega-menu-item-35678\"><a class=\"mega-menu-link\" href=\"https:\/\/neuronup.com\/br\/neuronup-labs\/ferramentas-para-pesquisadores\/\">Ferramentas<\/a><\/li><li class=\"mega-menu-item mega-menu-item-type-post_type mega-menu-item-object-page mega-align-bottom-left mega-menu-flyout mega-menu-item-35677\" id=\"mega-menu-item-35677\"><a class=\"mega-menu-link\" href=\"https:\/\/neuronup.com\/br\/neuronup-labs\/linhas-de-pesquisa-da-neuronup-labs\/\">Artigos<\/a><\/li><li class=\"mega-menu-item mega-menu-item-type-post_type mega-menu-item-object-page mega-align-bottom-left mega-menu-flyout mega-menu-item-35679\" id=\"mega-menu-item-35679\"><a class=\"mega-menu-link\" href=\"https:\/\/neuronup.com\/br\/neuronup-labs\/papers-id-neuronup\/\">Linhas de pesquisa<\/a><\/li><li class=\"mega-menu-item mega-menu-item-type-post_type mega-menu-item-object-page mega-menu-item-home mega-align-bottom-left mega-menu-flyout mega-has-icon mega-icon-left mega-menu-item-35681\" id=\"mega-menu-item-35681\"><a class=\"mega-custom-icon mega-menu-link\" href=\"https:\/\/neuronup.com\/br\/\">Voltar ao neuronup.com<\/a><\/li><li class=\"mega-wp-block-button__link mega-button mega-button-secondary mega-megamenu-freetry mega-orange-button mega-menu-item mega-menu-item-type-post_type mega-menu-item-object-page mega-align-bottom-left mega-menu-flyout mega-menu-item-last mega-menu-item-35680 wp-block-button__link button button-secondary megamenu-freetry orange-button\" id=\"mega-menu-item-35680\"><a class=\"mega-menu-link\" href=\"https:\/\/neuronup.com\/br\/neuronup-labs\/colabora-id\/\">Colaborar<\/a><\/li><\/ul><\/div><\/div>\n<\/div>\n\n\n\n<div style=\"height:50px\" aria-hidden=\"true\" class=\"wp-block-spacer\"><\/div>\n\n\n\n<h1 class=\"wp-block-heading has-text-align-center has-xxl-margin-bottom\">Pesquise com o NeuronUP Labs<\/h1>\n\n\n\n<div class=\"wp-block-columns br-0101 has-alt-background-color has-background is-layout-flex wp-container-core-columns-is-layout-9d6595d7 wp-block-columns-is-layout-flex\">\n<div class=\"wp-block-column is-layout-flow wp-block-column-is-layout-flow\">\n<h2 class=\"wp-block-heading has-text-align-center has-xl-margin-bottom\">Colabore com o NeuronUP para sua pesquisa<\/h2>\n\n\n\n<div class=\"hs-form-frame\" data-region=\"eu1\" data-form-id=\"c193c0ad-b774-4912-9486-8aaf0e795b1d\" data-portal-id=\"143501970\"><\/div>\n\n\n\n<p class=\"has-sm-font-size has-xxl-margin-top\">*<em>Se algum dos campos estiver vazio ou incompleto, a NeuronUP n\u00e3o considerar\u00e1 este pedido de colabora\u00e7\u00e3o como v\u00e1lido. Em qualquer outro caso, a NeuronUP entrar\u00e1 em contato com voc\u00ea nos pr\u00f3ximos dias com mais informa\u00e7\u00f5es sobre como proceder.<\/em><br>**O campo correspondente \u00e0s publica\u00e7\u00f5es relacionadas anteriores deve ser preenchido com no m\u00ednimo tr\u00eas publica\u00e7\u00f5es. Caso n\u00e3o as possua, sugerimos gentilmente que entre em contato com outro profissional que as tenha e que esteja interessado na sua proposta, talvez algu\u00e9m da sua universidade, com quem possa apresentar uma proposta conjunta. Isso, sem d\u00favida, aumentar\u00e1 as chances de sucesso e de aceita\u00e7\u00e3o dentro da comunidade cient\u00edfica.<\/p>\n<\/div>\n<\/div>\n\n\n\n<div style=\"height:50px\" aria-hidden=\"true\" class=\"wp-block-spacer\"><\/div>\n\n\n\n<div class=\"wp-block-group alignfull br-0100 has-custom-13-background-color has-background has-light-background has-md-padding-top has-md-padding-bottom has-md-padding-left has-md-padding-right\"><div class=\"wp-block-group__inner-container is-layout-constrained wp-block-group-is-layout-constrained\">\n<p class=\"has-text-align-center\">Colabore conosco<\/p>\n\n\n\n<h2 class=\"wp-block-heading has-text-align-center has-xxl-margin-bottom\">Acesse as ferramentas de pesquisa do NeuronUP Labs<\/h2>\n\n\n\n<p class=\"has-text-align-center\">Gostaria de <strong>acessar as ferramentas de pesquisa<\/strong> do NeuronUP Labs? Envie-nos sua proposta de pesquisa, nosso comit\u00ea avaliar\u00e1 seu projeto e, uma vez validado, forneceremos as ferramentas mais inovadoras para desenvolver sua pesquisa.<\/p>\n\n\n\n<div style=\"height:40px\" aria-hidden=\"true\" class=\"wp-block-spacer\"><\/div>\n<\/div><\/div>\n\n","protected":false},"excerpt":{"rendered":"<p>Pesquise com o NeuronUP Labs Colabore com o NeuronUP para sua pesquisa *Se algum dos campos estiver vazio ou incompleto, a NeuronUP n\u00e3o considerar\u00e1 este pedido de colabora\u00e7\u00e3o como v\u00e1lido. Em qualquer outro caso, a NeuronUP entrar\u00e1 em contato com voc\u00ea nos pr\u00f3ximos dias com mais informa\u00e7\u00f5es sobre como proceder.**O campo correspondente \u00e0s publica\u00e7\u00f5es relacionadas &hellip;<\/p>\n","protected":false},"author":1,"featured_media":35083,"parent":35074,"menu_order":0,"comment_status":"closed","ping_status":"closed","template":"","meta":{"_acf_changed":false,"_genesis_hide_title":false,"_genesis_hide_breadcrumbs":false,"_genesis_hide_singular_image":false,"_genesis_hide_footer_widgets":false,"_genesis_custom_body_class":"","_genesis_custom_post_class":"","_genesis_layout":"","footnotes":""},"class_list":{"1":"page","2":"type-page","6":"entry"},"acf":[],"_links":{"self":[{"href":"https:\/\/neuronup.com\/br\/wp-json\/wp\/v2\/pages\/35506","targetHints":{"allow":["GET"]}}],"collection":[{"href":"https:\/\/neuronup.com\/br\/wp-json\/wp\/v2\/pages"}],"about":[{"href":"https:\/\/neuronup.com\/br\/wp-json\/wp\/v2\/types\/page"}],"author":[{"embeddable":true,"href":"https:\/\/neuronup.com\/br\/wp-json\/wp\/v2\/users\/1"}],"replies":[{"embeddable":true,"href":"https:\/\/neuronup.com\/br\/wp-json\/wp\/v2\/comments?post=35506"}],"version-history":[{"count":0,"href":"https:\/\/neuronup.com\/br\/wp-json\/wp\/v2\/pages\/35506\/revisions"}],"up":[{"embeddable":true,"href":"https:\/\/neuronup.com\/br\/wp-json\/wp\/v2\/pages\/35074"}],"wp:featuredmedia":[{"embeddable":true,"href":"https:\/\/neuronup.com\/br\/wp-json\/wp\/v2\/media\/35083"}],"wp:attachment":[{"href":"https:\/\/neuronup.com\/br\/wp-json\/wp\/v2\/media?parent=35506"}],"curies":[{"name":"wp","href":"https:\/\/api.w.org\/{rel}","templated":true}]}}