{"id":35384,"date":"2025-02-12T11:19:21","date_gmt":"2025-02-12T09:19:21","guid":{"rendered":"https:\/\/neuronup.com\/br\/?page_id=35384"},"modified":"2026-02-03T09:43:18","modified_gmt":"2026-02-03T07:43:18","slug":"as-melhores-ofertas-de-emprego-para-profissionais-da-neurorreabilitacao","status":"publish","type":"page","link":"https:\/\/neuronup.com\/br\/as-melhores-ofertas-de-emprego-para-profissionais-da-neurorreabilitacao\/","title":{"rendered":"Ofertas de emprego"},"content":{"rendered":"\n<div class=\"wp-block-group alignfull has-white-color has-primary-background-color has-text-color has-background has-link-color wp-elements-d144480a2cf0101a0d80f7d68b3619e0 has-dark-background has-sm-padding-top has-sm-padding-bottom has-sm-padding-left has-sm-padding-right\"><div class=\"wp-block-group__inner-container is-layout-constrained wp-block-group-is-layout-constrained\">\n<h1 class=\"wp-block-heading has-text-align-center\">Ofertas de emprego<\/h1>\n\n\n\n<h2 class=\"wp-block-heading has-text-align-center\">neuropsic\u00f3logos, psic\u00f3logos, terapeutas ocupacionais, fonoaudi\u00f3logos e fisioterapeutas<\/h2>\n\n\n\n<p class=\"has-text-align-center\">Se voc\u00ea est\u00e1 procurando trabalho ou pensando em publicar uma oferta de emprego na \u00e1rea de neurorreabilita\u00e7\u00e3o, este \u00e9 o seu lugar!<\/p>\n<\/div><\/div>\n\n\n\n\n<div style=\"height:100px\" aria-hidden=\"true\" class=\"wp-block-spacer\"><\/div>\n\n\n\n<div class=\"wp-block-columns is-layout-flex wp-container-core-columns-is-layout-9d6595d7 wp-block-columns-is-layout-flex\">\n<div class=\"wp-block-column is-layout-flow wp-block-column-is-layout-flow\" style=\"flex-basis:66.66%\">\n<h2 class=\"wp-block-heading has-text-align-left is-style-subheading has-body-color has-text-color has-md-font-size has-xxl-margin-top has-xxl-margin-bottom\" id=\"ofertaempleo\"><strong>As Melhores Ofertas de Emprego para PROFISSIONAIS DE NEURORREABILITA\u00c7\u00c3O<\/strong><\/h2>\n\n\n\n<div id=\"filterBtn\">\n  <button class=\"wp-block-button active all\" data-filter=\"all\">Mostrar todas as ofertas<\/button>\n  <button class=\"wp-block-button\" data-filter=\"Neuropsicologos\">Neuropsic\u00f3logos<\/button>\n  <button class=\"wp-block-button\" data-filter=\"Psicologos\">Psic\u00f3logos<\/button>\n  <button class=\"wp-block-button\" data-filter=\"Terapeuta_ocupacional\">Terapeuta ocupacional<\/button>\n  <button class=\"wp-block-button\" data-filter=\"Fisioterapeutas\">Fisioterapeutas<\/button>\n<\/div>\n\n\n\n<div style=\"height:50px\" aria-hidden=\"true\" class=\"wp-block-spacer\"><\/div>\n\n\n\n<div id=\"ofertas\" class=\"wp-block-group\"><div class=\"wp-block-group__inner-container is-layout-constrained wp-block-group-is-layout-constrained\">\n\n<div class=\"wp-block-group filterDiv Otros has-border br-10 has-alt-background-color has-background has-light-background has-sm-padding-top has-sm-padding-bottom has-sm-padding-left has-sm-padding-right has-lg-margin-top has-lg-margin-bottom\"><div class=\"wp-block-group__inner-container is-layout-constrained wp-block-group-is-layout-constrained\">\n<h3 class=\"wp-block-heading\">Sin t\u00edtulo<\/h3>\n\n\n\n<div class=\"wp-block-columns are-vertically-aligned-center is-layout-flex wp-container-core-columns-is-layout-9d6595d7 wp-block-columns-is-layout-flex\">\n<div class=\"wp-block-column is-vertically-aligned-center is-layout-flow wp-block-column-is-layout-flow\" style=\"flex-basis:40%\">\n<div class=\"wp-block-columns is-layout-flex wp-container-core-columns-is-layout-9d6595d7 wp-block-columns-is-layout-flex\">\n\n\n<div class=\"wp-block-column is-vertically-aligned-center is-layout-flow wp-block-column-is-layout-flow\" style=\"flex-basis:100%\">\n<p><a href=\"#\" target=\"_blank\" rel=\"noopener\">Empresa no especificada<\/a><\/p>\n<\/div>\n<\/div>\n<\/div>\n\n\n\n<div class=\"wp-block-column is-vertically-aligned-center is-layout-flow wp-block-column-is-layout-flow\" style=\"flex-basis:30%\">\n<p class=\"has-text-align-right has-no-margin-bottom\">N\u00e3o especificada<\/p>\n\n\n\n<p class=\"has-text-align-right has-no-margin-top\">N\u00e3o especificado<\/p>\n<\/div>\n\n\n\n<div class=\"wp-block-column is-vertically-aligned-center is-layout-flow wp-block-column-is-layout-flow\" style=\"flex-basis:30%\">\n<div class=\"wp-block-buttons is-content-justification-center is-layout-flex wp-container-core-buttons-is-layout-16018d1d wp-block-buttons-is-layout-flex\">\n<div class=\"wp-block-button\"><a class=\"wp-block-button__link button wp-element-button\" href=\"#\" target=\"_blank\" rel=\"noopener\">Ver vaga<\/a><\/div>\n<\/div>\n<\/div>\n<\/div>\n\n\n\n<div style=\"height:20px\" aria-hidden=\"true\" class=\"wp-block-spacer\"><\/div>\n\n\n\n<div class=\"wp-block-pb-accordion-item c-accordion__item js-accordion-item no-js\" data-initially-open=\"false\" data-click-to-close=\"true\" data-auto-close=\"true\" data-scroll=\"false\" data-scroll-offset=\"0\"><h2 id=\"at-55001\" class=\"c-accordion__title js-accordion-controller\" role=\"button\">Descri\u00e7\u00e3o<\/h2><div id=\"ac-55001\" class=\"c-accordion__content\">\n<p>Sin descripci\u00f3n disponible<\/p>\n<\/div><\/div>\n<\/div><\/div>\n\n\n\n<div class=\"wp-block-group filterDiv Otros has-border br-10 has-alt-background-color has-background has-light-background has-sm-padding-top has-sm-padding-bottom has-sm-padding-left has-sm-padding-right has-lg-margin-top has-lg-margin-bottom\"><div class=\"wp-block-group__inner-container is-layout-constrained wp-block-group-is-layout-constrained\">\n<h3 class=\"wp-block-heading\">Sin t\u00edtulo<\/h3>\n\n\n\n<div class=\"wp-block-columns are-vertically-aligned-center is-layout-flex wp-container-core-columns-is-layout-9d6595d7 wp-block-columns-is-layout-flex\">\n<div class=\"wp-block-column is-vertically-aligned-center is-layout-flow wp-block-column-is-layout-flow\" style=\"flex-basis:40%\">\n<div class=\"wp-block-columns is-layout-flex wp-container-core-columns-is-layout-9d6595d7 wp-block-columns-is-layout-flex\">\n\n\n<div class=\"wp-block-column is-vertically-aligned-center is-layout-flow wp-block-column-is-layout-flow\" style=\"flex-basis:100%\">\n<p><a href=\"#\" target=\"_blank\" rel=\"noopener\">Empresa no especificada<\/a><\/p>\n<\/div>\n<\/div>\n<\/div>\n\n\n\n<div class=\"wp-block-column is-vertically-aligned-center is-layout-flow wp-block-column-is-layout-flow\" style=\"flex-basis:30%\">\n<p class=\"has-text-align-right has-no-margin-bottom\">N\u00e3o especificada<\/p>\n\n\n\n<p class=\"has-text-align-right has-no-margin-top\">N\u00e3o especificado<\/p>\n<\/div>\n\n\n\n<div class=\"wp-block-column is-vertically-aligned-center is-layout-flow wp-block-column-is-layout-flow\" style=\"flex-basis:30%\">\n<div class=\"wp-block-buttons is-content-justification-center is-layout-flex wp-container-core-buttons-is-layout-16018d1d wp-block-buttons-is-layout-flex\">\n<div class=\"wp-block-button\"><a class=\"wp-block-button__link button wp-element-button\" href=\"#\" target=\"_blank\" rel=\"noopener\">Ver vaga<\/a><\/div>\n<\/div>\n<\/div>\n<\/div>\n\n\n\n<div style=\"height:20px\" aria-hidden=\"true\" class=\"wp-block-spacer\"><\/div>\n\n\n\n<div class=\"wp-block-pb-accordion-item c-accordion__item js-accordion-item no-js\" data-initially-open=\"false\" data-click-to-close=\"true\" data-auto-close=\"true\" data-scroll=\"false\" data-scroll-offset=\"0\"><h2 id=\"at-55002\" class=\"c-accordion__title js-accordion-controller\" role=\"button\">Descri\u00e7\u00e3o<\/h2><div id=\"ac-55002\" class=\"c-accordion__content\">\n<p>Sin descripci\u00f3n disponible<\/p>\n<\/div><\/div>\n<\/div><\/div>\n\n\n\n<div class=\"wp-block-group filterDiv Otros has-border br-10 has-alt-background-color has-background has-light-background has-sm-padding-top has-sm-padding-bottom has-sm-padding-left has-sm-padding-right has-lg-margin-top has-lg-margin-bottom\"><div class=\"wp-block-group__inner-container is-layout-constrained wp-block-group-is-layout-constrained\">\n<h3 class=\"wp-block-heading\">Sin t\u00edtulo<\/h3>\n\n\n\n<div class=\"wp-block-columns are-vertically-aligned-center is-layout-flex wp-container-core-columns-is-layout-9d6595d7 wp-block-columns-is-layout-flex\">\n<div class=\"wp-block-column is-vertically-aligned-center is-layout-flow wp-block-column-is-layout-flow\" style=\"flex-basis:40%\">\n<div class=\"wp-block-columns is-layout-flex wp-container-core-columns-is-layout-9d6595d7 wp-block-columns-is-layout-flex\">\n\n\n<div class=\"wp-block-column is-vertically-aligned-center is-layout-flow wp-block-column-is-layout-flow\" style=\"flex-basis:100%\">\n<p><a href=\"#\" target=\"_blank\" rel=\"noopener\">Empresa no especificada<\/a><\/p>\n<\/div>\n<\/div>\n<\/div>\n\n\n\n<div class=\"wp-block-column is-vertically-aligned-center is-layout-flow wp-block-column-is-layout-flow\" style=\"flex-basis:30%\">\n<p class=\"has-text-align-right has-no-margin-bottom\">N\u00e3o especificada<\/p>\n\n\n\n<p class=\"has-text-align-right has-no-margin-top\">N\u00e3o especificado<\/p>\n<\/div>\n\n\n\n<div class=\"wp-block-column is-vertically-aligned-center is-layout-flow wp-block-column-is-layout-flow\" style=\"flex-basis:30%\">\n<div class=\"wp-block-buttons is-content-justification-center is-layout-flex wp-container-core-buttons-is-layout-16018d1d wp-block-buttons-is-layout-flex\">\n<div class=\"wp-block-button\"><a class=\"wp-block-button__link button wp-element-button\" href=\"#\" target=\"_blank\" rel=\"noopener\">Ver vaga<\/a><\/div>\n<\/div>\n<\/div>\n<\/div>\n\n\n\n<div style=\"height:20px\" aria-hidden=\"true\" class=\"wp-block-spacer\"><\/div>\n\n\n\n<div class=\"wp-block-pb-accordion-item c-accordion__item js-accordion-item no-js\" data-initially-open=\"false\" data-click-to-close=\"true\" data-auto-close=\"true\" data-scroll=\"false\" data-scroll-offset=\"0\"><h2 id=\"at-55003\" class=\"c-accordion__title js-accordion-controller\" role=\"button\">Descri\u00e7\u00e3o<\/h2><div id=\"ac-55003\" class=\"c-accordion__content\">\n<p>Sin descripci\u00f3n disponible<\/p>\n<\/div><\/div>\n<\/div><\/div>\n\n\n\n<div class=\"wp-block-group filterDiv Otros has-border br-10 has-alt-background-color has-background has-light-background has-sm-padding-top has-sm-padding-bottom has-sm-padding-left has-sm-padding-right has-lg-margin-top has-lg-margin-bottom\"><div class=\"wp-block-group__inner-container is-layout-constrained wp-block-group-is-layout-constrained\">\n<h3 class=\"wp-block-heading\">Sin t\u00edtulo<\/h3>\n\n\n\n<div class=\"wp-block-columns are-vertically-aligned-center is-layout-flex wp-container-core-columns-is-layout-9d6595d7 wp-block-columns-is-layout-flex\">\n<div class=\"wp-block-column is-vertically-aligned-center is-layout-flow wp-block-column-is-layout-flow\" style=\"flex-basis:40%\">\n<div class=\"wp-block-columns is-layout-flex wp-container-core-columns-is-layout-9d6595d7 wp-block-columns-is-layout-flex\">\n\n\n<div class=\"wp-block-column is-vertically-aligned-center is-layout-flow wp-block-column-is-layout-flow\" style=\"flex-basis:100%\">\n<p><a href=\"#\" target=\"_blank\" rel=\"noopener\">Empresa no especificada<\/a><\/p>\n<\/div>\n<\/div>\n<\/div>\n\n\n\n<div class=\"wp-block-column is-vertically-aligned-center is-layout-flow wp-block-column-is-layout-flow\" style=\"flex-basis:30%\">\n<p class=\"has-text-align-right has-no-margin-bottom\">N\u00e3o especificada<\/p>\n\n\n\n<p class=\"has-text-align-right has-no-margin-top\">N\u00e3o especificado<\/p>\n<\/div>\n\n\n\n<div class=\"wp-block-column is-vertically-aligned-center is-layout-flow wp-block-column-is-layout-flow\" style=\"flex-basis:30%\">\n<div class=\"wp-block-buttons is-content-justification-center is-layout-flex wp-container-core-buttons-is-layout-16018d1d wp-block-buttons-is-layout-flex\">\n<div class=\"wp-block-button\"><a class=\"wp-block-button__link button wp-element-button\" href=\"#\" target=\"_blank\" rel=\"noopener\">Ver vaga<\/a><\/div>\n<\/div>\n<\/div>\n<\/div>\n\n\n\n<div style=\"height:20px\" aria-hidden=\"true\" class=\"wp-block-spacer\"><\/div>\n\n\n\n<div class=\"wp-block-pb-accordion-item c-accordion__item js-accordion-item no-js\" data-initially-open=\"false\" data-click-to-close=\"true\" data-auto-close=\"true\" data-scroll=\"false\" data-scroll-offset=\"0\"><h2 id=\"at-55004\" class=\"c-accordion__title js-accordion-controller\" role=\"button\">Descri\u00e7\u00e3o<\/h2><div id=\"ac-55004\" class=\"c-accordion__content\">\n<p>Sin descripci\u00f3n disponible<\/p>\n<\/div><\/div>\n<\/div><\/div>\n\n<\/div><\/div>\n<\/div>\n\n\n\n<div class=\"wp-block-column is-layout-flow wp-block-column-is-layout-flow\" style=\"flex-basis:33.33%\">\n<div class=\"wp-block-group testimonial-block\"><div class=\"wp-block-group__inner-container is-layout-flow wp-block-group-is-layout-flow\">\n<figure class=\"wp-block-image size-full is-resized has-xl-margin-bottom\"><img decoding=\"async\" src=\"https:\/\/neuronup.com\/wp-content\/uploads\/2021\/10\/empleo-en-psicologia-neuropsicologia-logopedia-terapeuta-ocupacional.webp\" alt=\"\" class=\"wp-image-5086\" style=\"width:125px;height:128px\"\/><\/figure>\n\n\n\n<h2 class=\"wp-block-heading has-md-font-size\" id=\"publicarofertaempleo\">Procurando profissionais? N\u00f3s ajudamos voc\u00ea!<\/h2>\n\n\n\n<h3 class=\"wp-block-heading has-lg-font-size\" id=\"publicamos-gratis-tu-oferta-de-empleo-para-profesionales-de-la-neurorrehabilitacion\">Publicamos gratuitamente sua oferta de emprego para profissionais de neurorreabilita\u00e7\u00e3o.<\/h3>\n\n\n\n<p class=\"has-sm-font-size\">Se voc\u00ea precisa contratar profissionais com perfis relacionados \u00e0 neuropsicologia, psicologia, terapia ocupacional, fonoaudiologia ou fisioterapia, envie-nos sua oferta preenchendo este formul\u00e1rio e n\u00f3s a publicaremos gratuitamente:<\/p>\n\n\n\n<div class=\"wp-block-buttons is-layout-flex wp-block-buttons-is-layout-flex\">\n<div class=\"wp-block-button\"><a class=\"wp-block-button__link button wp-element-button\" href=\"https:\/\/neuronup.com\/redirect\/?target=typeform\/empleoneuronup?&amp;utm_first_source=Web&amp;utm_first_campaign_name=Job_Offer\">Publicar oferta de emprego<\/a><\/div>\n<\/div>\n<\/div><\/div>\n<\/div>\n<\/div>\n\n\n\n<hr class=\"wp-block-separator has-css-opacity is-style-wide has-xxxl-margin-top has-xxxl-margin-bottom\"\/>\n\n\n\n<div class=\"wp-block-group\"><div class=\"wp-block-group__inner-container is-layout-flow wp-block-group-is-layout-flow\">\n<h2 class=\"wp-block-heading has-text-align-center has-xxl-margin-bottom\" id=\"crecemos-contigo\">Crescemos com voc\u00ea<\/h2>\n\n\n\n<p class=\"has-text-align-center has-xxl-margin-bottom\">Conhe\u00e7a todos os recursos de estimula\u00e7\u00e3o cognitiva e treinamentos que a NeuronUP oferece.<\/p>\n\n\n\n<div class=\"wp-block-columns is-layout-flex wp-container-core-columns-is-layout-9d6595d7 wp-block-columns-is-layout-flex\">\n<div class=\"wp-block-column testimonial-block is-layout-flow wp-block-column-is-layout-flow\"><div class=\"wp-block-image\">\n<figure class=\"aligncenter size-large is-resized\"><img decoding=\"async\" src=\"https:\/\/neuronup.com\/wp-content\/uploads\/2021\/09\/NeuronUP2GO.svg\" alt=\"NeuronUP2GO sesiones de rehabilitaci\u00f3n para casa\" class=\"wp-image-2965\" style=\"width:113px;height:113px\"\/><\/figure>\n<\/div>\n\n\n<h2 class=\"wp-block-heading has-text-align-center\" id=\"te-ayudamos-a-hacer-crecer-tu-negocio\">Ajudamos voc\u00ea a expandir seu neg\u00f3cio<\/h2>\n\n\n\n<p>A miss\u00e3o da NeuronUP \u00e9 ajud\u00e1-lo a <strong>melhorar o dia a dia dos profissionais<\/strong> do seu centro<strong> e<\/strong> contribuir para obter o <strong>m\u00e1ximo benef\u00edcio para seus usu\u00e1rios<\/strong> atrav\u00e9s da inova\u00e7\u00e3o, pesquisa, conhecimento e milh\u00f5es de dados gerados diariamente.<\/p>\n\n\n\n<div class=\"wp-block-buttons is-horizontal is-content-justification-center is-layout-flex wp-container-core-buttons-is-layout-499968f5 wp-block-buttons-is-layout-flex\">\n<div class=\"wp-block-button\"><a class=\"wp-block-button__link button button-link wp-element-button\" href=\"https:\/\/neuronup.com\/que-es-neuronup-herramienta-de-estimulacion-cognitiva-para-profesionales\/\">Saiba mais sobre NeuronUP<\/a><\/div>\n<\/div>\n<\/div>\n\n\n\n<div class=\"wp-block-column testimonial-block is-layout-flow wp-block-column-is-layout-flow\"><div class=\"wp-block-image\">\n<figure class=\"aligncenter size-large is-resized\"><img decoding=\"async\" src=\"https:\/\/neuronup.com\/wp-content\/uploads\/2021\/09\/discapacidad-intelectual.svg\" alt=\"discapacidad intelectual\" class=\"wp-image-4020\" style=\"width:113px;height:113px\"\/><\/figure>\n<\/div>\n\n\n<h2 class=\"wp-block-heading has-text-align-center\" id=\"crece-como-profesional\">Cres\u00e7a como profissional<\/h2>\n\n\n\n<p>A NeuronUP coloca \u00e0 sua disposi\u00e7\u00e3o a NeuronUP Academy, a <strong>academia de treinamento<\/strong> multidisciplinar em neurorreabilita\u00e7\u00e3o onde voc\u00ea encontrar\u00e1 palestras online dos principais refer\u00eancias do setor:&nbsp;<strong>neurologistas, neuropsic\u00f3logos, terapeutas ocupacionais, fisioterapeutas e fonoaudi\u00f3logos<\/strong>.<\/p>\n\n\n\n<div class=\"wp-block-buttons is-horizontal is-content-justification-center is-layout-flex wp-container-core-buttons-is-layout-499968f5 wp-block-buttons-is-layout-flex\">\n<div class=\"wp-block-button\"><a class=\"wp-block-button__link button button-link wp-element-button\" href=\"https:\/\/neuronup.com\/neuronup-academy\/\">Acesse a NeuronUP Academy<\/a><\/div>\n<\/div>\n<\/div>\n<\/div>\n<\/div><\/div>\n","protected":false},"excerpt":{"rendered":"<p>Ofertas de emprego neuropsic\u00f3logos, psic\u00f3logos, terapeutas ocupacionais, fonoaudi\u00f3logos e fisioterapeutas Se voc\u00ea est\u00e1 procurando trabalho ou pensando em publicar uma oferta de emprego na \u00e1rea de neurorreabilita\u00e7\u00e3o, este \u00e9 o seu lugar! As Melhores Ofertas de Emprego para PROFISSIONAIS DE NEURORREABILITA\u00c7\u00c3O Mostrar todas as ofertas Neuropsic\u00f3logos Psic\u00f3logos Terapeuta ocupacional Fisioterapeutas Sin t\u00edtulo Empresa no especificada &hellip;<\/p>\n","protected":false},"author":1,"featured_media":0,"parent":0,"menu_order":0,"comment_status":"closed","ping_status":"closed","template":"","meta":{"_acf_changed":false,"_genesis_hide_title":false,"_genesis_hide_breadcrumbs":false,"_genesis_hide_singular_image":false,"_genesis_hide_footer_widgets":false,"_genesis_custom_body_class":"nup-style","_genesis_custom_post_class":"nup-style","_genesis_layout":"wide-content","footnotes":""},"class_list":{"1":"page","2":"type-page","5":"entry","6":"nup-style"},"acf":[],"_links":{"self":[{"href":"https:\/\/neuronup.com\/br\/wp-json\/wp\/v2\/pages\/35384","targetHints":{"allow":["GET"]}}],"collection":[{"href":"https:\/\/neuronup.com\/br\/wp-json\/wp\/v2\/pages"}],"about":[{"href":"https:\/\/neuronup.com\/br\/wp-json\/wp\/v2\/types\/page"}],"author":[{"embeddable":true,"href":"https:\/\/neuronup.com\/br\/wp-json\/wp\/v2\/users\/1"}],"replies":[{"embeddable":true,"href":"https:\/\/neuronup.com\/br\/wp-json\/wp\/v2\/comments?post=35384"}],"version-history":[{"count":0,"href":"https:\/\/neuronup.com\/br\/wp-json\/wp\/v2\/pages\/35384\/revisions"}],"wp:attachment":[{"href":"https:\/\/neuronup.com\/br\/wp-json\/wp\/v2\/media?parent=35384"}],"curies":[{"name":"wp","href":"https:\/\/api.w.org\/{rel}","templated":true}]}}